{"id":346861,"date":"2023-05-26T11:43:35","date_gmt":"2023-05-26T10:43:35","guid":{"rendered":"https:\/\/www.purejewels.com\/?post_type=product&#038;p=346861"},"modified":"2026-01-06T10:12:53","modified_gmt":"2026-01-06T10:12:53","slug":"altin-spiga-zincir-bileklik-45263","status":"publish","type":"product","link":"https:\/\/www.purejewels.com\/tr\/product\/gold-spiga-chain-bracelet-45263\/","title":{"rendered":"22 Ayar Alt\u0131n Zincir Bileklik | 7,5 \u0130n\u00e7"},"content":{"rendered":"<p>Bu \u00e7arp\u0131c\u0131 Alt\u0131n Halat Zincir Bileklik, her k\u0131yafete \u015f\u0131kl\u0131k katan zamans\u0131z bir par\u00e7ad\u0131r. 22 ayar saf alt\u0131ndan \u00fcretilen bu bilezik sadece g\u00fczel de\u011fil ayn\u0131 zamanda dayan\u0131kl\u0131d\u0131r ve m\u00fccevher koleksiyonunuza uzun \u00f6m\u00fcrl\u00fc bir katk\u0131 sa\u011flar. Karma\u015f\u0131k ip tasar\u0131m\u0131 bilezi\u011fe benzersiz ve \u015f\u0131k bir hava katarak onu her durumda tak\u0131labilecek \u00e7ok y\u00f6nl\u00fc bir par\u00e7a haline getirir.<\/p>\n<p>7,5 in\u00e7 uzunlu\u011funda ve 4,0 gram a\u011f\u0131rl\u0131\u011f\u0131ndaki bu bilezik g\u00fcnl\u00fck kullan\u0131m i\u00e7in m\u00fckemmel boyuttad\u0131r. Bileklik Londra Assay Ofisi taraf\u0131ndan damgalanarak orijinalli\u011fi ve kalitesi garanti alt\u0131na al\u0131nm\u0131\u015ft\u0131r. Sunum kutusu i\u00e7inde hediye edilmeye veya g\u00fcvenli bir \u015fekilde saklanmaya haz\u0131rd\u0131r.<\/p>\n<p>\u0130ster kendinizi \u015f\u0131mart\u0131yor ister sevdikleriniz i\u00e7in m\u00fckemmel bir hediye ar\u0131yor olun, bu Alt\u0131n Halat Zincir Bilezi\u011fin sizi etkileyece\u011finden emin olabilirsiniz.<\/p>","protected":false},"excerpt":{"rendered":"<table class=\"sh_desc\" style=\"width: 100%; height: 252px;\">\n<tbody>\n<tr style=\"height: 28px;\">\n<td style=\"height: 28px;\">Uzunluk<\/td>\n<td style=\"height: 28px;\">7,5 \u0130n\u00e7<\/td>\n<\/tr>\n<tr style=\"height: 28px;\">\n<td style=\"height: 28px;\">SKU<\/td>\n<td style=\"height: 28px;\">48755<\/td>\n<\/tr>\n<tr style=\"height: 28px;\">\n<td style=\"height: 28px;\">A\u011f\u0131rl\u0131k<\/td>\n<td style=\"height: 28px;\">4.0 Gms<\/td>\n<\/tr>\n<tr style=\"height: 28px;\">\n<td style=\"height: 28px;\">Metal<\/td>\n<td style=\"height: 28px;\">22 Ayar Alt\u0131n<\/td>\n<\/tr>\n<tr style=\"height: 28px;\">\n<td style=\"height: 28px;\">Hallmark<\/td>\n<td style=\"height: 28px;\">Londra Tahlil Ofisi Taraf\u0131ndan Damgalanm\u0131\u015f 22 Ayar Alt\u0131n<\/td>\n<\/tr>\n<tr style=\"height: 28px;\">\n<td style=\"height: 28px;\">\u00dccretler<\/td>\n<td style=\"height: 28px;\">Teslimat ve KDV Dahil<\/td>\n<\/tr>\n<tr style=\"height: 28px;\">\n<td style=\"height: 28px;\">Paketleme<\/td>\n<td style=\"height: 28px;\">Sunum Kutusu ile Birlikte Gelir<\/td>\n<\/tr>\n<tr style=\"height: 56px;\">\n<td style=\"height: 56px;\">Daha Fazla Bilgi<\/td>\n<td style=\"height: 56px;\">\n<ul>\n<li>M\u00fcsaitlik durumu ve daha fazla resim i\u00e7in bizimle canl\u0131 sohbet edin<\/li>\n<\/ul>\n<\/td>\n<\/tr>\n<\/tbody>\n<\/table>","protected":false},"featured_media":403859,"comment_status":"closed","ping_status":"closed","template":"","meta":{"_eb_attr":"","_crsspst_to_jayantr4sg-hostcom":false},"product_brand":[],"product_cat":[1791,1559,6057,236,1792,1324,1229,5344,1575,1569,1573,1574],"product_tag":[],"class_list":{"0":"post-346861","1":"product","2":"type-product","3":"status-publish","4":"has-post-thumbnail","6":"product_cat-anniversary-gifts","7":"product_cat-birthday-gifts","8":"product_cat-chain-bracelet","9":"product_cat-collections","10":"product_cat-festival-gifts","11":"product_cat-gold-bracelet","12":"product_cat-22ct-gold-jewellery","13":"product_cat-jewellery-under-750","14":"product_cat-teenage-jewellery","15":"product_cat-valentine-day-gifts","16":"product_cat-wedding-gifts","17":"product_cat-womens-jewellery","19":"first","20":"outofstock","21":"taxable","22":"shipping-taxable","23":"product-type-simple","24":"add-to-wishlist-before_image"},"yoast_head":"<!-- This site is optimized with the Yoast SEO plugin v27.6 - https:\/\/yoast.com\/product\/yoast-seo-wordpress\/ -->\n<title>Gold Rope Chain Bracelet | 7 Inches | PureJewels<\/title>\n<meta name=\"description\" content=\"Indulge in the timeless elegance of our Gold Rope Chain Bracelet. Shop now and embrace the allure of this exquisite bracelet that effortlessly complements any outfit\" \/>\n<meta name=\"robots\" content=\"index, follow, max-snippet:-1, max-image-preview:large, max-video-preview:-1\" \/>\n<link rel=\"canonical\" href=\"https:\/\/www.purejewels.com\/tr\/urun\/altin-spiga-zincir-bileklik-45263\/\" \/>\n<meta property=\"og:locale\" content=\"tr_TR\" \/>\n<meta property=\"og:type\" content=\"article\" \/>\n<meta property=\"og:title\" content=\"Gold Rope Chain Bracelet | 7 Inches | PureJewels\" \/>\n<meta property=\"og:description\" content=\"Indulge in the timeless elegance of our Gold Rope Chain Bracelet. Shop now and embrace the allure of this exquisite bracelet that effortlessly complements any outfit\" \/>\n<meta property=\"og:url\" content=\"https:\/\/www.purejewels.com\/tr\/urun\/altin-spiga-zincir-bileklik-45263\/\" \/>\n<meta property=\"og:site_name\" content=\"PureJewels UK\" \/>\n<meta property=\"article:modified_time\" content=\"2026-01-06T10:12:53+00:00\" \/>\n<meta property=\"og:image\" content=\"https:\/\/static.purejewels.com\/wp-content\/uploads\/2023\/05\/SKU-48755.jpg\" \/>\n\t<meta property=\"og:image:width\" content=\"1000\" \/>\n\t<meta property=\"og:image:height\" content=\"1000\" \/>\n\t<meta property=\"og:image:type\" content=\"image\/jpeg\" \/>\n<meta name=\"twitter:card\" content=\"summary_large_image\" \/>\n<meta name=\"twitter:label1\" content=\"Tahmini okuma s\u00fcresi\" \/>\n\t<meta name=\"twitter:data1\" content=\"1 dakika\" \/>\n<script type=\"application\/ld+json\" class=\"yoast-schema-graph\">{\"@context\":\"https:\\\/\\\/schema.org\",\"@graph\":[{\"@type\":[\"WebPage\",\"ItemPage\"],\"@id\":\"https:\\\/\\\/www.purejewels.com\\\/product\\\/gold-spiga-chain-bracelet-45263\\\/\",\"url\":\"https:\\\/\\\/www.purejewels.com\\\/product\\\/gold-spiga-chain-bracelet-45263\\\/\",\"name\":\"Gold Rope Chain Bracelet | 7 Inches | PureJewels\",\"isPartOf\":{\"@id\":\"https:\\\/\\\/www.purejewels.com\\\/#website\"},\"primaryImageOfPage\":{\"@id\":\"https:\\\/\\\/www.purejewels.com\\\/product\\\/gold-spiga-chain-bracelet-45263\\\/#primaryimage\"},\"image\":{\"@id\":\"https:\\\/\\\/www.purejewels.com\\\/product\\\/gold-spiga-chain-bracelet-45263\\\/#primaryimage\"},\"thumbnailUrl\":\"https:\\\/\\\/static.purejewels.com\\\/wp-content\\\/uploads\\\/2023\\\/05\\\/SKU-48755.jpg\",\"datePublished\":\"2023-05-26T10:43:35+00:00\",\"dateModified\":\"2026-01-06T10:12:53+00:00\",\"description\":\"Indulge in the timeless elegance of our Gold Rope Chain Bracelet. Shop now and embrace the allure of this exquisite bracelet that effortlessly complements any outfit\",\"breadcrumb\":{\"@id\":\"https:\\\/\\\/www.purejewels.com\\\/product\\\/gold-spiga-chain-bracelet-45263\\\/#breadcrumb\"},\"inLanguage\":\"tr\",\"potentialAction\":[{\"@type\":\"ReadAction\",\"target\":[\"https:\\\/\\\/www.purejewels.com\\\/product\\\/gold-spiga-chain-bracelet-45263\\\/\"]}]},{\"@type\":\"ImageObject\",\"inLanguage\":\"tr\",\"@id\":\"https:\\\/\\\/www.purejewels.com\\\/product\\\/gold-spiga-chain-bracelet-45263\\\/#primaryimage\",\"url\":\"https:\\\/\\\/static.purejewels.com\\\/wp-content\\\/uploads\\\/2023\\\/05\\\/SKU-48755.jpg\",\"contentUrl\":\"https:\\\/\\\/static.purejewels.com\\\/wp-content\\\/uploads\\\/2023\\\/05\\\/SKU-48755.jpg\",\"width\":1000,\"height\":1000,\"caption\":\"48755\"},{\"@type\":\"BreadcrumbList\",\"@id\":\"https:\\\/\\\/www.purejewels.com\\\/product\\\/gold-spiga-chain-bracelet-45263\\\/#breadcrumb\",\"itemListElement\":[{\"@type\":\"ListItem\",\"position\":1,\"name\":\"Home\",\"item\":\"https:\\\/\\\/www.purejewels.com\\\/\"},{\"@type\":\"ListItem\",\"position\":2,\"name\":\"Shop\",\"item\":\"https:\\\/\\\/www.purejewels.com\\\/shop\\\/\"},{\"@type\":\"ListItem\",\"position\":3,\"name\":\"22ct Gold Chain Bracelet | 7.5 Inches\"}]},{\"@type\":\"WebSite\",\"@id\":\"https:\\\/\\\/www.purejewels.com\\\/#website\",\"url\":\"https:\\\/\\\/www.purejewels.com\\\/\",\"name\":\"PureJewels UK\",\"description\":\"Share the Love\",\"publisher\":{\"@id\":\"https:\\\/\\\/www.purejewels.com\\\/#organization\"},\"potentialAction\":[{\"@type\":\"SearchAction\",\"target\":{\"@type\":\"EntryPoint\",\"urlTemplate\":\"https:\\\/\\\/www.purejewels.com\\\/?s={search_term_string}\"},\"query-input\":{\"@type\":\"PropertyValueSpecification\",\"valueRequired\":true,\"valueName\":\"search_term_string\"}}],\"inLanguage\":\"tr\"},{\"@type\":\"Organization\",\"@id\":\"https:\\\/\\\/www.purejewels.com\\\/#organization\",\"name\":\"PureJewels UK\",\"url\":\"https:\\\/\\\/www.purejewels.com\\\/\",\"logo\":{\"@type\":\"ImageObject\",\"inLanguage\":\"tr\",\"@id\":\"https:\\\/\\\/www.purejewels.com\\\/#\\\/schema\\\/logo\\\/image\\\/\",\"url\":\"https:\\\/\\\/static.purejewels.com\\\/wp-content\\\/uploads\\\/2020\\\/11\\\/Logo-PJ-New-1.png\",\"contentUrl\":\"https:\\\/\\\/static.purejewels.com\\\/wp-content\\\/uploads\\\/2020\\\/11\\\/Logo-PJ-New-1.png\",\"width\":150,\"height\":80,\"caption\":\"PureJewels UK\"},\"image\":{\"@id\":\"https:\\\/\\\/www.purejewels.com\\\/#\\\/schema\\\/logo\\\/image\\\/\"}}]}<\/script>\n<!-- \/ Yoast SEO plugin. -->","yoast_head_json":{"title":"Alt\u0131n Halat Zincir Bileklik | 7 \u0130n\u00e7 | PureJewels","description":"Alt\u0131n Halat Zincir Bilekli\u011fimizin zamans\u0131z zarafetiyle kendinizi \u015f\u0131mart\u0131n. \u015eimdi al\u0131\u015fveri\u015f yap\u0131n ve her k\u0131yafeti zahmetsizce tamamlayan bu zarif bilezi\u011fin cazibesini kucaklay\u0131n","robots":{"index":"index","follow":"follow","max-snippet":"max-snippet:-1","max-image-preview":"max-image-preview:large","max-video-preview":"max-video-preview:-1"},"canonical":"https:\/\/www.purejewels.com\/tr\/urun\/altin-spiga-zincir-bileklik-45263\/","og_locale":"tr_TR","og_type":"article","og_title":"Gold Rope Chain Bracelet | 7 Inches | PureJewels","og_description":"Indulge in the timeless elegance of our Gold Rope Chain Bracelet. Shop now and embrace the allure of this exquisite bracelet that effortlessly complements any outfit","og_url":"https:\/\/www.purejewels.com\/tr\/urun\/altin-spiga-zincir-bileklik-45263\/","og_site_name":"PureJewels UK","article_modified_time":"2026-01-06T10:12:53+00:00","og_image":[{"width":1000,"height":1000,"url":"https:\/\/static.purejewels.com\/wp-content\/uploads\/2023\/05\/SKU-48755.jpg","type":"image\/jpeg"}],"twitter_card":"summary_large_image","twitter_misc":{"Tahmini okuma s\u00fcresi":"1 dakika"},"schema":{"@context":"https:\/\/schema.org","@graph":[{"@type":["WebPage","ItemPage"],"@id":"https:\/\/www.purejewels.com\/product\/gold-spiga-chain-bracelet-45263\/","url":"https:\/\/www.purejewels.com\/product\/gold-spiga-chain-bracelet-45263\/","name":"Alt\u0131n Halat Zincir Bileklik | 7 \u0130n\u00e7 | PureJewels","isPartOf":{"@id":"https:\/\/www.purejewels.com\/#website"},"primaryImageOfPage":{"@id":"https:\/\/www.purejewels.com\/product\/gold-spiga-chain-bracelet-45263\/#primaryimage"},"image":{"@id":"https:\/\/www.purejewels.com\/product\/gold-spiga-chain-bracelet-45263\/#primaryimage"},"thumbnailUrl":"https:\/\/static.purejewels.com\/wp-content\/uploads\/2023\/05\/SKU-48755.jpg","datePublished":"2023-05-26T10:43:35+00:00","dateModified":"2026-01-06T10:12:53+00:00","description":"Alt\u0131n Halat Zincir Bilekli\u011fimizin zamans\u0131z zarafetiyle kendinizi \u015f\u0131mart\u0131n. \u015eimdi al\u0131\u015fveri\u015f yap\u0131n ve her k\u0131yafeti zahmetsizce tamamlayan bu zarif bilezi\u011fin cazibesini kucaklay\u0131n","breadcrumb":{"@id":"https:\/\/www.purejewels.com\/product\/gold-spiga-chain-bracelet-45263\/#breadcrumb"},"inLanguage":"tr","potentialAction":[{"@type":"ReadAction","target":["https:\/\/www.purejewels.com\/product\/gold-spiga-chain-bracelet-45263\/"]}]},{"@type":"ImageObject","inLanguage":"tr","@id":"https:\/\/www.purejewels.com\/product\/gold-spiga-chain-bracelet-45263\/#primaryimage","url":"https:\/\/static.purejewels.com\/wp-content\/uploads\/2023\/05\/SKU-48755.jpg","contentUrl":"https:\/\/static.purejewels.com\/wp-content\/uploads\/2023\/05\/SKU-48755.jpg","width":1000,"height":1000,"caption":"48755"},{"@type":"BreadcrumbList","@id":"https:\/\/www.purejewels.com\/product\/gold-spiga-chain-bracelet-45263\/#breadcrumb","itemListElement":[{"@type":"ListItem","position":1,"name":"Home","item":"https:\/\/www.purejewels.com\/"},{"@type":"ListItem","position":2,"name":"Shop","item":"https:\/\/www.purejewels.com\/shop\/"},{"@type":"ListItem","position":3,"name":"22ct Gold Chain Bracelet | 7.5 Inches"}]},{"@type":"WebSite","@id":"https:\/\/www.purejewels.com\/#website","url":"https:\/\/www.purejewels.com\/","name":"PureJewels \u0130ngiltere","description":"Sevgiyi Payla\u015f\u0131n","publisher":{"@id":"https:\/\/www.purejewels.com\/#organization"},"potentialAction":[{"@type":"SearchAction","target":{"@type":"EntryPoint","urlTemplate":"https:\/\/www.purejewels.com\/?s={search_term_string}"},"query-input":{"@type":"PropertyValueSpecification","valueRequired":true,"valueName":"search_term_string"}}],"inLanguage":"tr"},{"@type":"Organization","@id":"https:\/\/www.purejewels.com\/#organization","name":"PureJewels \u0130ngiltere","url":"https:\/\/www.purejewels.com\/","logo":{"@type":"ImageObject","inLanguage":"tr","@id":"https:\/\/www.purejewels.com\/#\/schema\/logo\/image\/","url":"https:\/\/static.purejewels.com\/wp-content\/uploads\/2020\/11\/Logo-PJ-New-1.png","contentUrl":"https:\/\/static.purejewels.com\/wp-content\/uploads\/2020\/11\/Logo-PJ-New-1.png","width":150,"height":80,"caption":"PureJewels UK"},"image":{"@id":"https:\/\/www.purejewels.com\/#\/schema\/logo\/image\/"}}]}},"_links":{"self":[{"href":"https:\/\/www.purejewels.com\/tr\/wp-json\/wp\/v2\/product\/346861","targetHints":{"allow":["GET"]}}],"collection":[{"href":"https:\/\/www.purejewels.com\/tr\/wp-json\/wp\/v2\/product"}],"about":[{"href":"https:\/\/www.purejewels.com\/tr\/wp-json\/wp\/v2\/types\/product"}],"replies":[{"embeddable":true,"href":"https:\/\/www.purejewels.com\/tr\/wp-json\/wp\/v2\/comments?post=346861"}],"version-history":[{"count":4,"href":"https:\/\/www.purejewels.com\/tr\/wp-json\/wp\/v2\/product\/346861\/revisions"}],"predecessor-version":[{"id":420483,"href":"https:\/\/www.purejewels.com\/tr\/wp-json\/wp\/v2\/product\/346861\/revisions\/420483"}],"wp:featuredmedia":[{"embeddable":true,"href":"https:\/\/www.purejewels.com\/tr\/wp-json\/wp\/v2\/media\/403859"}],"wp:attachment":[{"href":"https:\/\/www.purejewels.com\/tr\/wp-json\/wp\/v2\/media?parent=346861"}],"wp:term":[{"taxonomy":"product_brand","embeddable":true,"href":"https:\/\/www.purejewels.com\/tr\/wp-json\/wp\/v2\/product_brand?post=346861"},{"taxonomy":"product_cat","embeddable":true,"href":"https:\/\/www.purejewels.com\/tr\/wp-json\/wp\/v2\/product_cat?post=346861"},{"taxonomy":"product_tag","embeddable":true,"href":"https:\/\/www.purejewels.com\/tr\/wp-json\/wp\/v2\/product_tag?post=346861"}],"curies":[{"name":"wp","href":"https:\/\/api.w.org\/{rel}","templated":true}]}}