{"id":346964,"date":"2024-11-10T05:51:17","date_gmt":"2024-11-10T05:51:17","guid":{"rendered":"https:\/\/www.purejewels.com\/?post_type=product&#038;p=346964"},"modified":"2026-01-06T09:47:34","modified_gmt":"2026-01-06T09:47:34","slug":"22-ayar-sari-altin-bileklik-45448","status":"publish","type":"product","link":"https:\/\/www.purejewels.com\/tr\/product\/22ct-yellow-gold-bracelet-45448\/","title":{"rendered":"22 Ayar Sar\u0131 Alt\u0131n Bileklik | 8,5 \u0130n\u00e7"},"content":{"rendered":"<p>K\u0131yafetinize \u015f\u0131kl\u0131k ve sofistike bir dokunu\u015f eklemek s\u00f6z konusu oldu\u011funda, hi\u00e7bir \u015fey sar\u0131 alt\u0131n bir bilezi\u011fin zamans\u0131z g\u00fczelli\u011fini ge\u00e7emez. 22 Ayar Sar\u0131 Alt\u0131n Bilekli\u011fimiz, tarz\u0131n\u0131z\u0131 y\u00fckseltmek ve bir a\u00e7\u0131klama yapmak i\u00e7in m\u00fckemmel bir aksesuard\u0131r. Hassasiyet ve detaylara g\u00f6sterilen \u00f6zenle haz\u0131rlanan bu bilezik, ger\u00e7ek bir m\u00fccevher \u015faheseridir.<\/p>\n<p>22 ayar alt\u0131ndan \u00fcretilen ve Londra Assay Ofisi taraf\u0131ndan damgalanan bu bilezik, kalite ve i\u015f\u00e7ili\u011fin sembol\u00fcd\u00fcr. Rodyum kaplama, bilezi\u011fe ihti\u015faml\u0131 bir dokunu\u015f katarak onu her durum i\u00e7in m\u00fckemmel bir aksesuar haline getirir. A\u011f\u0131rl\u0131\u011f\u0131 9,9 gram ve uzunlu\u011fu 8,5 in\u00e7 olan bu bilezik, bile\u011finize rahat\u00e7a oturacak ve g\u00f6r\u00fcn\u00fcm\u00fcn\u00fcze l\u00fcks bir dokunu\u015f katacak \u015fekilde tasarlanm\u0131\u015ft\u0131r.<\/p>\n<p>G\u00fczel bir sunum kutusunda paketlenmi\u015f olan bu bilezik, sevdikleriniz i\u00e7in de m\u00fckemmel bir hediyedir. \u0130ster bir y\u0131ld\u00f6n\u00fcm\u00fcn\u00fc, ister do\u011fum g\u00fcn\u00fcn\u00fc ya da d\u00fc\u011f\u00fcn\u00fc kutluyor olun, bu sar\u0131 alt\u0131n bilezi\u011fin kal\u0131c\u0131 bir etki b\u0131rakaca\u011f\u0131ndan emin olabilirsiniz. Siz de bug\u00fcn sipari\u015f verin ve saf alt\u0131n tak\u0131lar\u0131n g\u00fczelli\u011fini deneyimleyin.<\/p>","protected":false},"excerpt":{"rendered":"<table class=\"sh_desc\" style=\"width: 100%; height: 252px;\">\n<tbody>\n<tr style=\"height: 28px;\">\n<td style=\"height: 28px;\">Bilezik T\u00fcr\u00fc<\/td>\n<td style=\"height: 28px;\">Rodyum kaplamal\u0131 Bayan Bileklik<\/td>\n<\/tr>\n<tr style=\"height: 28px;\">\n<td style=\"height: 28px;\">SKU<\/td>\n<td style=\"height: 28px;\">44193<\/td>\n<\/tr>\n<tr style=\"height: 28px;\">\n<td style=\"height: 28px;\">A\u011f\u0131rl\u0131k<\/td>\n<td style=\"height: 28px;\">9.9 Gms<\/td>\n<\/tr>\n<tr style=\"height: 28px;\">\n<td style=\"height: 28px;\">Metal<\/td>\n<td style=\"height: 28px;\">22 Ayar Alt\u0131n<\/td>\n<\/tr>\n<tr style=\"height: 28px;\">\n<td style=\"height: 28px;\">Hallmark<\/td>\n<td style=\"height: 28px;\">Londra Tahlil Ofisi Taraf\u0131ndan Damgalanm\u0131\u015f 22 Ayar Alt\u0131n<\/td>\n<\/tr>\n<tr style=\"height: 28px;\">\n<td style=\"height: 28px;\">\u00dccretler<\/td>\n<td style=\"height: 28px;\">Teslimat ve KDV Dahil<\/td>\n<\/tr>\n<tr style=\"height: 28px;\">\n<td style=\"height: 28px;\">Paketleme<\/td>\n<td style=\"height: 28px;\">Sunum Kutusu ile Birlikte Gelir<\/td>\n<\/tr>\n<tr style=\"height: 56px;\">\n<td style=\"height: 56px;\">Daha Fazla Bilgi<\/td>\n<td style=\"height: 56px;\">\n<ul>\n<li>M\u00fcsaitlik durumu ve daha fazla resim i\u00e7in bizimle canl\u0131 sohbet edin<\/li>\n<li>Daha fazla alt\u0131n bilezik ke\u015ffedin<\/li>\n<\/ul>\n<\/td>\n<\/tr>\n<\/tbody>\n<\/table>","protected":false},"featured_media":349786,"comment_status":"closed","ping_status":"closed","template":"","meta":{"_eb_attr":"","_crsspst_to_jayantr4sg-hostcom":true},"product_brand":[],"product_cat":[1791,1559,236,1324,1627,1573,1574,5349],"product_tag":[],"class_list":{"0":"post-346964","1":"product","2":"type-product","3":"status-publish","4":"has-post-thumbnail","6":"product_cat-anniversary-gifts","7":"product_cat-birthday-gifts","8":"product_cat-collections","9":"product_cat-gold-bracelet","10":"product_cat-ladies-bracelet","11":"product_cat-wedding-gifts","12":"product_cat-womens-jewellery","13":"product_cat-yellow-gold-jewellery","15":"first","16":"outofstock","17":"sale","18":"taxable","19":"shipping-taxable","20":"product-type-simple","21":"add-to-wishlist-before_image"},"yoast_head":"<!-- This site is optimized with the Yoast SEO plugin v27.5 - https:\/\/yoast.com\/product\/yoast-seo-wordpress\/ -->\n<title>Yellow Gold Bracelets | 22ct Gold Jewellery \u2013 Purejewels UK<\/title>\n<meta name=\"description\" content=\"Explore elegant yellow gold bracelets in London, UK at Purejewels UK. Crafted in 22ct gold, perfect for any occasion. Shop fine gold jewellery today.\" \/>\n<meta name=\"robots\" content=\"index, follow, max-snippet:-1, max-image-preview:large, max-video-preview:-1\" \/>\n<link rel=\"canonical\" href=\"https:\/\/www.purejewels.com\/tr\/urun\/22-ayar-sari-altin-bileklik-45448\/\" \/>\n<meta property=\"og:locale\" content=\"tr_TR\" \/>\n<meta property=\"og:type\" content=\"article\" \/>\n<meta property=\"og:title\" content=\"Yellow Gold Bracelets | 22ct Gold Jewellery \u2013 Purejewels UK\" \/>\n<meta property=\"og:description\" content=\"Explore elegant yellow gold bracelets in London, UK at Purejewels UK. Crafted in 22ct gold, perfect for any occasion. Shop fine gold jewellery today.\" \/>\n<meta property=\"og:url\" content=\"https:\/\/www.purejewels.com\/tr\/urun\/22-ayar-sari-altin-bileklik-45448\/\" \/>\n<meta property=\"og:site_name\" content=\"PureJewels UK\" \/>\n<meta property=\"article:modified_time\" content=\"2026-01-06T09:47:34+00:00\" \/>\n<meta property=\"og:image\" content=\"https:\/\/www.purejewels.com\/wp-content\/uploads\/2023\/05\/44193.jpg\" \/>\n\t<meta property=\"og:image:width\" content=\"1000\" \/>\n\t<meta property=\"og:image:height\" content=\"1000\" \/>\n\t<meta property=\"og:image:type\" content=\"image\/jpeg\" \/>\n<meta name=\"twitter:card\" content=\"summary_large_image\" \/>\n<meta name=\"twitter:label1\" content=\"Tahmini okuma s\u00fcresi\" \/>\n\t<meta name=\"twitter:data1\" content=\"1 dakika\" \/>\n<script type=\"application\/ld+json\" class=\"yoast-schema-graph\">{\"@context\":\"https:\\\/\\\/schema.org\",\"@graph\":[{\"@type\":[\"WebPage\",\"ItemPage\"],\"@id\":\"https:\\\/\\\/www.purejewels.com\\\/product\\\/22ct-yellow-gold-bracelet-45448\\\/\",\"url\":\"https:\\\/\\\/www.purejewels.com\\\/product\\\/22ct-yellow-gold-bracelet-45448\\\/\",\"name\":\"Yellow Gold Bracelets | 22ct Gold Jewellery \u2013 Purejewels UK\",\"isPartOf\":{\"@id\":\"https:\\\/\\\/www.purejewels.com\\\/#website\"},\"primaryImageOfPage\":{\"@id\":\"https:\\\/\\\/www.purejewels.com\\\/product\\\/22ct-yellow-gold-bracelet-45448\\\/#primaryimage\"},\"image\":{\"@id\":\"https:\\\/\\\/www.purejewels.com\\\/product\\\/22ct-yellow-gold-bracelet-45448\\\/#primaryimage\"},\"thumbnailUrl\":\"https:\\\/\\\/static.purejewels.com\\\/wp-content\\\/uploads\\\/2023\\\/05\\\/44193.jpg\",\"datePublished\":\"2024-11-10T05:51:17+00:00\",\"dateModified\":\"2026-01-06T09:47:34+00:00\",\"description\":\"Explore elegant yellow gold bracelets in London, UK at Purejewels UK. Crafted in 22ct gold, perfect for any occasion. Shop fine gold jewellery today.\",\"breadcrumb\":{\"@id\":\"https:\\\/\\\/www.purejewels.com\\\/product\\\/22ct-yellow-gold-bracelet-45448\\\/#breadcrumb\"},\"inLanguage\":\"tr\",\"potentialAction\":[{\"@type\":\"ReadAction\",\"target\":[\"https:\\\/\\\/www.purejewels.com\\\/product\\\/22ct-yellow-gold-bracelet-45448\\\/\"]}]},{\"@type\":\"ImageObject\",\"inLanguage\":\"tr\",\"@id\":\"https:\\\/\\\/www.purejewels.com\\\/product\\\/22ct-yellow-gold-bracelet-45448\\\/#primaryimage\",\"url\":\"https:\\\/\\\/static.purejewels.com\\\/wp-content\\\/uploads\\\/2023\\\/05\\\/44193.jpg\",\"contentUrl\":\"https:\\\/\\\/static.purejewels.com\\\/wp-content\\\/uploads\\\/2023\\\/05\\\/44193.jpg\",\"width\":1000,\"height\":1000,\"caption\":\"22ct Yellow Gold Bracelet\"},{\"@type\":\"BreadcrumbList\",\"@id\":\"https:\\\/\\\/www.purejewels.com\\\/product\\\/22ct-yellow-gold-bracelet-45448\\\/#breadcrumb\",\"itemListElement\":[{\"@type\":\"ListItem\",\"position\":1,\"name\":\"Home\",\"item\":\"https:\\\/\\\/www.purejewels.com\\\/\"},{\"@type\":\"ListItem\",\"position\":2,\"name\":\"Shop\",\"item\":\"https:\\\/\\\/www.purejewels.com\\\/shop\\\/\"},{\"@type\":\"ListItem\",\"position\":3,\"name\":\"22ct Yellow Gold Bracelet | 8.5 Inches\"}]},{\"@type\":\"WebSite\",\"@id\":\"https:\\\/\\\/www.purejewels.com\\\/#website\",\"url\":\"https:\\\/\\\/www.purejewels.com\\\/\",\"name\":\"PureJewels UK\",\"description\":\"Share the Love\",\"publisher\":{\"@id\":\"https:\\\/\\\/www.purejewels.com\\\/#organization\"},\"potentialAction\":[{\"@type\":\"SearchAction\",\"target\":{\"@type\":\"EntryPoint\",\"urlTemplate\":\"https:\\\/\\\/www.purejewels.com\\\/?s={search_term_string}\"},\"query-input\":{\"@type\":\"PropertyValueSpecification\",\"valueRequired\":true,\"valueName\":\"search_term_string\"}}],\"inLanguage\":\"tr\"},{\"@type\":\"Organization\",\"@id\":\"https:\\\/\\\/www.purejewels.com\\\/#organization\",\"name\":\"PureJewels UK\",\"url\":\"https:\\\/\\\/www.purejewels.com\\\/\",\"logo\":{\"@type\":\"ImageObject\",\"inLanguage\":\"tr\",\"@id\":\"https:\\\/\\\/www.purejewels.com\\\/#\\\/schema\\\/logo\\\/image\\\/\",\"url\":\"https:\\\/\\\/static.purejewels.com\\\/wp-content\\\/uploads\\\/2020\\\/11\\\/Logo-PJ-New-1.png\",\"contentUrl\":\"https:\\\/\\\/static.purejewels.com\\\/wp-content\\\/uploads\\\/2020\\\/11\\\/Logo-PJ-New-1.png\",\"width\":150,\"height\":80,\"caption\":\"PureJewels UK\"},\"image\":{\"@id\":\"https:\\\/\\\/www.purejewels.com\\\/#\\\/schema\\\/logo\\\/image\\\/\"}}]}<\/script>\n<!-- \/ Yoast SEO plugin. -->","yoast_head_json":{"title":"Sar\u0131 Alt\u0131n Bilezikler | 22 Ayar Alt\u0131n Tak\u0131lar - Purejewels UK","description":"Purejewels UK'de Londra, Birle\u015fik Krall\u0131k'taki zarif sar\u0131 alt\u0131n bilezikleri ke\u015ffedin. 22 ayar alt\u0131ndan \u00fcretilmi\u015ftir, her durum i\u00e7in m\u00fckemmeldir. Bug\u00fcn kaliteli alt\u0131n tak\u0131lar sat\u0131n al\u0131n.","robots":{"index":"index","follow":"follow","max-snippet":"max-snippet:-1","max-image-preview":"max-image-preview:large","max-video-preview":"max-video-preview:-1"},"canonical":"https:\/\/www.purejewels.com\/tr\/urun\/22-ayar-sari-altin-bileklik-45448\/","og_locale":"tr_TR","og_type":"article","og_title":"Yellow Gold Bracelets | 22ct Gold Jewellery \u2013 Purejewels UK","og_description":"Explore elegant yellow gold bracelets in London, UK at Purejewels UK. Crafted in 22ct gold, perfect for any occasion. Shop fine gold jewellery today.","og_url":"https:\/\/www.purejewels.com\/tr\/urun\/22-ayar-sari-altin-bileklik-45448\/","og_site_name":"PureJewels UK","article_modified_time":"2026-01-06T09:47:34+00:00","og_image":[{"width":1000,"height":1000,"url":"https:\/\/www.purejewels.com\/wp-content\/uploads\/2023\/05\/44193.jpg","type":"image\/jpeg"}],"twitter_card":"summary_large_image","twitter_misc":{"Tahmini okuma s\u00fcresi":"1 dakika"},"schema":{"@context":"https:\/\/schema.org","@graph":[{"@type":["WebPage","ItemPage"],"@id":"https:\/\/www.purejewels.com\/product\/22ct-yellow-gold-bracelet-45448\/","url":"https:\/\/www.purejewels.com\/product\/22ct-yellow-gold-bracelet-45448\/","name":"Sar\u0131 Alt\u0131n Bilezikler | 22 Ayar Alt\u0131n Tak\u0131lar - Purejewels UK","isPartOf":{"@id":"https:\/\/www.purejewels.com\/#website"},"primaryImageOfPage":{"@id":"https:\/\/www.purejewels.com\/product\/22ct-yellow-gold-bracelet-45448\/#primaryimage"},"image":{"@id":"https:\/\/www.purejewels.com\/product\/22ct-yellow-gold-bracelet-45448\/#primaryimage"},"thumbnailUrl":"https:\/\/static.purejewels.com\/wp-content\/uploads\/2023\/05\/44193.jpg","datePublished":"2024-11-10T05:51:17+00:00","dateModified":"2026-01-06T09:47:34+00:00","description":"Purejewels UK'de Londra, Birle\u015fik Krall\u0131k'taki zarif sar\u0131 alt\u0131n bilezikleri ke\u015ffedin. 22 ayar alt\u0131ndan \u00fcretilmi\u015ftir, her durum i\u00e7in m\u00fckemmeldir. Bug\u00fcn kaliteli alt\u0131n tak\u0131lar sat\u0131n al\u0131n.","breadcrumb":{"@id":"https:\/\/www.purejewels.com\/product\/22ct-yellow-gold-bracelet-45448\/#breadcrumb"},"inLanguage":"tr","potentialAction":[{"@type":"ReadAction","target":["https:\/\/www.purejewels.com\/product\/22ct-yellow-gold-bracelet-45448\/"]}]},{"@type":"ImageObject","inLanguage":"tr","@id":"https:\/\/www.purejewels.com\/product\/22ct-yellow-gold-bracelet-45448\/#primaryimage","url":"https:\/\/static.purejewels.com\/wp-content\/uploads\/2023\/05\/44193.jpg","contentUrl":"https:\/\/static.purejewels.com\/wp-content\/uploads\/2023\/05\/44193.jpg","width":1000,"height":1000,"caption":"22ct Yellow Gold Bracelet"},{"@type":"BreadcrumbList","@id":"https:\/\/www.purejewels.com\/product\/22ct-yellow-gold-bracelet-45448\/#breadcrumb","itemListElement":[{"@type":"ListItem","position":1,"name":"Home","item":"https:\/\/www.purejewels.com\/"},{"@type":"ListItem","position":2,"name":"Shop","item":"https:\/\/www.purejewels.com\/shop\/"},{"@type":"ListItem","position":3,"name":"22ct Yellow Gold Bracelet | 8.5 Inches"}]},{"@type":"WebSite","@id":"https:\/\/www.purejewels.com\/#website","url":"https:\/\/www.purejewels.com\/","name":"PureJewels \u0130ngiltere","description":"Sevgiyi Payla\u015f\u0131n","publisher":{"@id":"https:\/\/www.purejewels.com\/#organization"},"potentialAction":[{"@type":"SearchAction","target":{"@type":"EntryPoint","urlTemplate":"https:\/\/www.purejewels.com\/?s={search_term_string}"},"query-input":{"@type":"PropertyValueSpecification","valueRequired":true,"valueName":"search_term_string"}}],"inLanguage":"tr"},{"@type":"Organization","@id":"https:\/\/www.purejewels.com\/#organization","name":"PureJewels \u0130ngiltere","url":"https:\/\/www.purejewels.com\/","logo":{"@type":"ImageObject","inLanguage":"tr","@id":"https:\/\/www.purejewels.com\/#\/schema\/logo\/image\/","url":"https:\/\/static.purejewels.com\/wp-content\/uploads\/2020\/11\/Logo-PJ-New-1.png","contentUrl":"https:\/\/static.purejewels.com\/wp-content\/uploads\/2020\/11\/Logo-PJ-New-1.png","width":150,"height":80,"caption":"PureJewels UK"},"image":{"@id":"https:\/\/www.purejewels.com\/#\/schema\/logo\/image\/"}}]}},"_links":{"self":[{"href":"https:\/\/www.purejewels.com\/tr\/wp-json\/wp\/v2\/product\/346964","targetHints":{"allow":["GET"]}}],"collection":[{"href":"https:\/\/www.purejewels.com\/tr\/wp-json\/wp\/v2\/product"}],"about":[{"href":"https:\/\/www.purejewels.com\/tr\/wp-json\/wp\/v2\/types\/product"}],"replies":[{"embeddable":true,"href":"https:\/\/www.purejewels.com\/tr\/wp-json\/wp\/v2\/comments?post=346964"}],"version-history":[{"count":3,"href":"https:\/\/www.purejewels.com\/tr\/wp-json\/wp\/v2\/product\/346964\/revisions"}],"predecessor-version":[{"id":420332,"href":"https:\/\/www.purejewels.com\/tr\/wp-json\/wp\/v2\/product\/346964\/revisions\/420332"}],"wp:featuredmedia":[{"embeddable":true,"href":"https:\/\/www.purejewels.com\/tr\/wp-json\/wp\/v2\/media\/349786"}],"wp:attachment":[{"href":"https:\/\/www.purejewels.com\/tr\/wp-json\/wp\/v2\/media?parent=346964"}],"wp:term":[{"taxonomy":"product_brand","embeddable":true,"href":"https:\/\/www.purejewels.com\/tr\/wp-json\/wp\/v2\/product_brand?post=346964"},{"taxonomy":"product_cat","embeddable":true,"href":"https:\/\/www.purejewels.com\/tr\/wp-json\/wp\/v2\/product_cat?post=346964"},{"taxonomy":"product_tag","embeddable":true,"href":"https:\/\/www.purejewels.com\/tr\/wp-json\/wp\/v2\/product_tag?post=346964"}],"curies":[{"name":"wp","href":"https:\/\/api.w.org\/{rel}","templated":true}]}}