{"id":347100,"date":"2023-05-31T12:31:19","date_gmt":"2023-05-31T11:31:19","guid":{"rendered":"https:\/\/www.purejewels.com\/?post_type=product&#038;p=347100"},"modified":"2025-09-23T13:43:39","modified_gmt":"2025-09-23T12:43:39","slug":"kadinlar-icin-platin-pirlanta-yuzuk-34586","status":"publish","type":"product","link":"https:\/\/www.purejewels.com\/tr\/product\/platinum-diamond-ring-for-women-34586\/","title":{"rendered":"Kad\u0131nlar i\u00e7in Platin P\u0131rlanta Y\u00fcz\u00fck"},"content":{"rendered":"<ul>\n<li>SKU. 34586<\/li>\n<li>RangeID- PTRG027<\/li>\n<\/ul>\n<p>\u00c7arp\u0131c\u0131 \u00fcr\u00fcnlerimizle tarz\u0131n\u0131z\u0131 y\u00fckseltin <a href=\"https:\/\/www.purejewels.com\/tr\/product\/platinum-ring-with-diamond-43143\/\">Platin P\u0131rlanta Y\u00fcz\u00fck<\/a> Kad\u0131nlar i\u00e7in. Zarif detaylarla haz\u0131rlanm\u0131\u015f bu zamans\u0131z par\u00e7a, parlak platin i\u00e7ine yerle\u015ftirilmi\u015f p\u0131rlantalar\u0131n parlakl\u0131\u011f\u0131n\u0131 sergiliyor. Her duruma zahmetsizce uyum sa\u011flayan bu b\u00fcy\u00fcleyici y\u00fcz\u00fckle zarafet ve sofistike bir ifade yarat\u0131n. \u015eimdi al\u0131\u015fveri\u015f yap\u0131n ve bu ola\u011fan\u00fcst\u00fc Platin P\u0131rlanta Kad\u0131n Y\u00fcz\u00fc\u011f\u00fcn\u00fcn l\u00fcks\u00fcyle kendinizi \u015f\u0131mart\u0131n.<\/p>\n<p>\u0130deal M\u00fccevher Y\u0131lba\u015f\u0131 hediyesini bulun: \u0131\u015f\u0131l \u0131\u015f\u0131l parlayan zarif m\u00fccevherler. Koleksiyonumuzu bug\u00fcn inceleyin.<\/p>","protected":false},"excerpt":{"rendered":"<table>\n<tbody>\n<tr>\n<td>Y\u00fcz\u00fck Tipi<\/td>\n<td>Platin P\u0131rlanta Y\u00fcz\u00fck<\/td>\n<\/tr>\n<tr>\n<td>SKU<\/td>\n<td>34586<\/td>\n<\/tr>\n<tr>\n<td>Metal<\/td>\n<td>Platin<\/td>\n<\/tr>\n<tr>\n<td>Boyut<\/td>\n<td>K1\/2<\/td>\n<\/tr>\n<tr>\n<td>Elmas A\u011f\u0131rl\u0131\u011f\u0131.<\/td>\n<td>0.16ct<\/td>\n<\/tr>\n<tr>\n<td>\u00dccretler<\/td>\n<td>Teslimat ve KDV Dahil<\/td>\n<\/tr>\n<tr>\n<td>Paketleme<\/td>\n<td>Sunum Kutusu ile Birlikte Gelir<\/td>\n<\/tr>\n<tr>\n<td>Daha Fazla Bilgi<\/td>\n<td>M\u00fcsaitlik durumu ve daha fazla resim i\u00e7in bizimle canl\u0131 sohbet edin y\u0131lba\u015f\u0131 hediyeleri tak\u0131lar<\/td>\n<\/tr>\n<\/tbody>\n<\/table>","protected":false},"featured_media":347386,"comment_status":"closed","ping_status":"closed","template":"","meta":{"_eb_attr":"","_crsspst_to_jayantr4sg-hostcom":true},"product_brand":[],"product_cat":[1791,5457,5460,231,6083,5350,6084,226,1574],"product_tag":[64],"class_list":{"0":"post-347100","1":"product","2":"type-product","3":"status-publish","4":"has-post-thumbnail","6":"product_cat-anniversary-gifts","7":"product_cat-diamond-jewellery","8":"product_cat-diamond-ring","9":"product_cat-engagement-rings","10":"product_cat-platinum-jewellery-2","11":"product_cat-platinum-jewellery","12":"product_cat-platinum-ring","13":"product_cat-wedding-rings-bands","14":"product_cat-womens-jewellery","15":"product_tag-rings","17":"first","18":"instock","19":"taxable","20":"shipping-taxable","21":"purchasable","22":"product-type-simple","23":"add-to-wishlist-before_image"},"yoast_head":"<!-- This site is optimized with the Yoast SEO plugin v27.5 - https:\/\/yoast.com\/product\/yoast-seo-wordpress\/ -->\n<title>Exquisite Beauty: Platinum Diamond Ring for Women in London<\/title>\n<meta name=\"description\" content=\"Discover our Platinum Diamond Ring for Women. Crafted with precision, this timeless piece showcases the brilliance of diamonds set in shimmering platinum.\" \/>\n<meta name=\"robots\" content=\"index, follow, max-snippet:-1, max-image-preview:large, max-video-preview:-1\" \/>\n<link rel=\"canonical\" href=\"https:\/\/www.purejewels.com\/tr\/urun\/kadinlar-icin-platin-pirlanta-yuzuk-34586\/\" \/>\n<meta property=\"og:locale\" content=\"tr_TR\" \/>\n<meta property=\"og:type\" content=\"article\" \/>\n<meta property=\"og:title\" content=\"Exquisite Beauty: Platinum Diamond Ring for Women in London\" \/>\n<meta property=\"og:description\" content=\"Discover our Platinum Diamond Ring for Women. Crafted with precision, this timeless piece showcases the brilliance of diamonds set in shimmering platinum.\" \/>\n<meta property=\"og:url\" content=\"https:\/\/www.purejewels.com\/tr\/urun\/kadinlar-icin-platin-pirlanta-yuzuk-34586\/\" \/>\n<meta property=\"og:site_name\" content=\"PureJewels UK\" \/>\n<meta property=\"article:modified_time\" content=\"2025-09-23T12:43:39+00:00\" \/>\n<meta property=\"og:image\" content=\"https:\/\/www.purejewels.com\/wp-content\/uploads\/2023\/05\/SKU-34586_1.jpg\" \/>\n\t<meta property=\"og:image:width\" content=\"1\" \/>\n\t<meta property=\"og:image:height\" content=\"1\" \/>\n\t<meta property=\"og:image:type\" content=\"image\/jpeg\" \/>\n<meta name=\"twitter:card\" content=\"summary_large_image\" \/>\n<script type=\"application\/ld+json\" class=\"yoast-schema-graph\">{\"@context\":\"https:\\\/\\\/schema.org\",\"@graph\":[{\"@type\":[\"WebPage\",\"ItemPage\"],\"@id\":\"https:\\\/\\\/www.purejewels.com\\\/product\\\/platinum-diamond-ring-for-women-34586\\\/\",\"url\":\"https:\\\/\\\/www.purejewels.com\\\/product\\\/platinum-diamond-ring-for-women-34586\\\/\",\"name\":\"Exquisite Beauty: Platinum Diamond Ring for Women in London\",\"isPartOf\":{\"@id\":\"https:\\\/\\\/www.purejewels.com\\\/#website\"},\"primaryImageOfPage\":{\"@id\":\"https:\\\/\\\/www.purejewels.com\\\/product\\\/platinum-diamond-ring-for-women-34586\\\/#primaryimage\"},\"image\":{\"@id\":\"https:\\\/\\\/www.purejewels.com\\\/product\\\/platinum-diamond-ring-for-women-34586\\\/#primaryimage\"},\"thumbnailUrl\":\"https:\\\/\\\/static.purejewels.com\\\/wp-content\\\/uploads\\\/2023\\\/05\\\/SKU-34586_1.jpg\",\"datePublished\":\"2023-05-31T11:31:19+00:00\",\"dateModified\":\"2025-09-23T12:43:39+00:00\",\"description\":\"Discover our Platinum Diamond Ring for Women. Crafted with precision, this timeless piece showcases the brilliance of diamonds set in shimmering platinum.\",\"breadcrumb\":{\"@id\":\"https:\\\/\\\/www.purejewels.com\\\/product\\\/platinum-diamond-ring-for-women-34586\\\/#breadcrumb\"},\"inLanguage\":\"tr\",\"potentialAction\":[{\"@type\":\"ReadAction\",\"target\":[\"https:\\\/\\\/www.purejewels.com\\\/product\\\/platinum-diamond-ring-for-women-34586\\\/\"]}]},{\"@type\":\"ImageObject\",\"inLanguage\":\"tr\",\"@id\":\"https:\\\/\\\/www.purejewels.com\\\/product\\\/platinum-diamond-ring-for-women-34586\\\/#primaryimage\",\"url\":\"https:\\\/\\\/static.purejewels.com\\\/wp-content\\\/uploads\\\/2023\\\/05\\\/SKU-34586_1.jpg\",\"contentUrl\":\"https:\\\/\\\/static.purejewels.com\\\/wp-content\\\/uploads\\\/2023\\\/05\\\/SKU-34586_1.jpg\",\"caption\":\"Platinum Diamond Ring for Women\"},{\"@type\":\"BreadcrumbList\",\"@id\":\"https:\\\/\\\/www.purejewels.com\\\/product\\\/platinum-diamond-ring-for-women-34586\\\/#breadcrumb\",\"itemListElement\":[{\"@type\":\"ListItem\",\"position\":1,\"name\":\"Home\",\"item\":\"https:\\\/\\\/www.purejewels.com\\\/\"},{\"@type\":\"ListItem\",\"position\":2,\"name\":\"Shop\",\"item\":\"https:\\\/\\\/www.purejewels.com\\\/shop\\\/\"},{\"@type\":\"ListItem\",\"position\":3,\"name\":\"Platinum Diamond Ring for Women\"}]},{\"@type\":\"WebSite\",\"@id\":\"https:\\\/\\\/www.purejewels.com\\\/#website\",\"url\":\"https:\\\/\\\/www.purejewels.com\\\/\",\"name\":\"PureJewels UK\",\"description\":\"Share the Love\",\"publisher\":{\"@id\":\"https:\\\/\\\/www.purejewels.com\\\/#organization\"},\"potentialAction\":[{\"@type\":\"SearchAction\",\"target\":{\"@type\":\"EntryPoint\",\"urlTemplate\":\"https:\\\/\\\/www.purejewels.com\\\/?s={search_term_string}\"},\"query-input\":{\"@type\":\"PropertyValueSpecification\",\"valueRequired\":true,\"valueName\":\"search_term_string\"}}],\"inLanguage\":\"tr\"},{\"@type\":\"Organization\",\"@id\":\"https:\\\/\\\/www.purejewels.com\\\/#organization\",\"name\":\"PureJewels UK\",\"url\":\"https:\\\/\\\/www.purejewels.com\\\/\",\"logo\":{\"@type\":\"ImageObject\",\"inLanguage\":\"tr\",\"@id\":\"https:\\\/\\\/www.purejewels.com\\\/#\\\/schema\\\/logo\\\/image\\\/\",\"url\":\"https:\\\/\\\/static.purejewels.com\\\/wp-content\\\/uploads\\\/2020\\\/11\\\/Logo-PJ-New-1.png\",\"contentUrl\":\"https:\\\/\\\/static.purejewels.com\\\/wp-content\\\/uploads\\\/2020\\\/11\\\/Logo-PJ-New-1.png\",\"width\":150,\"height\":80,\"caption\":\"PureJewels UK\"},\"image\":{\"@id\":\"https:\\\/\\\/www.purejewels.com\\\/#\\\/schema\\\/logo\\\/image\\\/\"}}]}<\/script>\n<!-- \/ Yoast SEO plugin. -->","yoast_head_json":{"title":"Enfes G\u00fczellik: Londra'da Kad\u0131nlar i\u00e7in Platin P\u0131rlanta Y\u00fcz\u00fck","description":"Kad\u0131nlar i\u00e7in Platin P\u0131rlanta Y\u00fcz\u00fc\u011f\u00fcm\u00fcz\u00fc ke\u015ffedin. Hassasiyetle haz\u0131rlanm\u0131\u015f bu zamans\u0131z par\u00e7a, \u0131\u015f\u0131lt\u0131l\u0131 platin i\u00e7ine yerle\u015ftirilmi\u015f p\u0131rlantalar\u0131n parlakl\u0131\u011f\u0131n\u0131 sergiliyor.","robots":{"index":"index","follow":"follow","max-snippet":"max-snippet:-1","max-image-preview":"max-image-preview:large","max-video-preview":"max-video-preview:-1"},"canonical":"https:\/\/www.purejewels.com\/tr\/urun\/kadinlar-icin-platin-pirlanta-yuzuk-34586\/","og_locale":"tr_TR","og_type":"article","og_title":"Exquisite Beauty: Platinum Diamond Ring for Women in London","og_description":"Discover our Platinum Diamond Ring for Women. Crafted with precision, this timeless piece showcases the brilliance of diamonds set in shimmering platinum.","og_url":"https:\/\/www.purejewels.com\/tr\/urun\/kadinlar-icin-platin-pirlanta-yuzuk-34586\/","og_site_name":"PureJewels UK","article_modified_time":"2025-09-23T12:43:39+00:00","og_image":[{"url":"https:\/\/www.purejewels.com\/wp-content\/uploads\/2023\/05\/SKU-34586_1.jpg","width":1,"height":1,"type":"image\/jpeg"}],"twitter_card":"summary_large_image","schema":{"@context":"https:\/\/schema.org","@graph":[{"@type":["WebPage","ItemPage"],"@id":"https:\/\/www.purejewels.com\/product\/platinum-diamond-ring-for-women-34586\/","url":"https:\/\/www.purejewels.com\/product\/platinum-diamond-ring-for-women-34586\/","name":"Enfes G\u00fczellik: Londra'da Kad\u0131nlar i\u00e7in Platin P\u0131rlanta Y\u00fcz\u00fck","isPartOf":{"@id":"https:\/\/www.purejewels.com\/#website"},"primaryImageOfPage":{"@id":"https:\/\/www.purejewels.com\/product\/platinum-diamond-ring-for-women-34586\/#primaryimage"},"image":{"@id":"https:\/\/www.purejewels.com\/product\/platinum-diamond-ring-for-women-34586\/#primaryimage"},"thumbnailUrl":"https:\/\/static.purejewels.com\/wp-content\/uploads\/2023\/05\/SKU-34586_1.jpg","datePublished":"2023-05-31T11:31:19+00:00","dateModified":"2025-09-23T12:43:39+00:00","description":"Kad\u0131nlar i\u00e7in Platin P\u0131rlanta Y\u00fcz\u00fc\u011f\u00fcm\u00fcz\u00fc ke\u015ffedin. Hassasiyetle haz\u0131rlanm\u0131\u015f bu zamans\u0131z par\u00e7a, \u0131\u015f\u0131lt\u0131l\u0131 platin i\u00e7ine yerle\u015ftirilmi\u015f p\u0131rlantalar\u0131n parlakl\u0131\u011f\u0131n\u0131 sergiliyor.","breadcrumb":{"@id":"https:\/\/www.purejewels.com\/product\/platinum-diamond-ring-for-women-34586\/#breadcrumb"},"inLanguage":"tr","potentialAction":[{"@type":"ReadAction","target":["https:\/\/www.purejewels.com\/product\/platinum-diamond-ring-for-women-34586\/"]}]},{"@type":"ImageObject","inLanguage":"tr","@id":"https:\/\/www.purejewels.com\/product\/platinum-diamond-ring-for-women-34586\/#primaryimage","url":"https:\/\/static.purejewels.com\/wp-content\/uploads\/2023\/05\/SKU-34586_1.jpg","contentUrl":"https:\/\/static.purejewels.com\/wp-content\/uploads\/2023\/05\/SKU-34586_1.jpg","caption":"Platinum Diamond Ring for Women"},{"@type":"BreadcrumbList","@id":"https:\/\/www.purejewels.com\/product\/platinum-diamond-ring-for-women-34586\/#breadcrumb","itemListElement":[{"@type":"ListItem","position":1,"name":"Home","item":"https:\/\/www.purejewels.com\/"},{"@type":"ListItem","position":2,"name":"Shop","item":"https:\/\/www.purejewels.com\/shop\/"},{"@type":"ListItem","position":3,"name":"Platinum Diamond Ring for Women"}]},{"@type":"WebSite","@id":"https:\/\/www.purejewels.com\/#website","url":"https:\/\/www.purejewels.com\/","name":"PureJewels \u0130ngiltere","description":"Sevgiyi Payla\u015f\u0131n","publisher":{"@id":"https:\/\/www.purejewels.com\/#organization"},"potentialAction":[{"@type":"SearchAction","target":{"@type":"EntryPoint","urlTemplate":"https:\/\/www.purejewels.com\/?s={search_term_string}"},"query-input":{"@type":"PropertyValueSpecification","valueRequired":true,"valueName":"search_term_string"}}],"inLanguage":"tr"},{"@type":"Organization","@id":"https:\/\/www.purejewels.com\/#organization","name":"PureJewels \u0130ngiltere","url":"https:\/\/www.purejewels.com\/","logo":{"@type":"ImageObject","inLanguage":"tr","@id":"https:\/\/www.purejewels.com\/#\/schema\/logo\/image\/","url":"https:\/\/static.purejewels.com\/wp-content\/uploads\/2020\/11\/Logo-PJ-New-1.png","contentUrl":"https:\/\/static.purejewels.com\/wp-content\/uploads\/2020\/11\/Logo-PJ-New-1.png","width":150,"height":80,"caption":"PureJewels UK"},"image":{"@id":"https:\/\/www.purejewels.com\/#\/schema\/logo\/image\/"}}]}},"_links":{"self":[{"href":"https:\/\/www.purejewels.com\/tr\/wp-json\/wp\/v2\/product\/347100","targetHints":{"allow":["GET"]}}],"collection":[{"href":"https:\/\/www.purejewels.com\/tr\/wp-json\/wp\/v2\/product"}],"about":[{"href":"https:\/\/www.purejewels.com\/tr\/wp-json\/wp\/v2\/types\/product"}],"replies":[{"embeddable":true,"href":"https:\/\/www.purejewels.com\/tr\/wp-json\/wp\/v2\/comments?post=347100"}],"version-history":[{"count":3,"href":"https:\/\/www.purejewels.com\/tr\/wp-json\/wp\/v2\/product\/347100\/revisions"}],"predecessor-version":[{"id":378561,"href":"https:\/\/www.purejewels.com\/tr\/wp-json\/wp\/v2\/product\/347100\/revisions\/378561"}],"wp:featuredmedia":[{"embeddable":true,"href":"https:\/\/www.purejewels.com\/tr\/wp-json\/wp\/v2\/media\/347386"}],"wp:attachment":[{"href":"https:\/\/www.purejewels.com\/tr\/wp-json\/wp\/v2\/media?parent=347100"}],"wp:term":[{"taxonomy":"product_brand","embeddable":true,"href":"https:\/\/www.purejewels.com\/tr\/wp-json\/wp\/v2\/product_brand?post=347100"},{"taxonomy":"product_cat","embeddable":true,"href":"https:\/\/www.purejewels.com\/tr\/wp-json\/wp\/v2\/product_cat?post=347100"},{"taxonomy":"product_tag","embeddable":true,"href":"https:\/\/www.purejewels.com\/tr\/wp-json\/wp\/v2\/product_tag?post=347100"}],"curies":[{"name":"wp","href":"https:\/\/api.w.org\/{rel}","templated":true}]}}