{"id":347256,"date":"2023-08-16T12:54:34","date_gmt":"2023-08-16T11:54:34","guid":{"rendered":"https:\/\/www.purejewels.com\/?post_type=product&#038;p=347256"},"modified":"2026-02-16T07:03:36","modified_gmt":"2026-02-16T07:03:36","slug":"bayanlar-icin-22-ayar-altin-yuzuk-jali-telkari-koleksiyonu-50776","status":"publish","type":"product","link":"https:\/\/www.purejewels.com\/tr\/product\/22ct-gold-ring-for-ladies-jali-filigree-collection-50776\/","title":{"rendered":"Bayanlar i\u00e7in 22 Ayar Alt\u0131n Y\u00fcz\u00fck | Jali Telkari Koleksiyonu"},"content":{"rendered":"<p>Enfes \u00fcr\u00fcnlerimizle tan\u0131\u015f\u0131n <a href=\"https:\/\/www.purejewels.com\/tr\/product-category\/22ct-gold-jewellery\/gold-necklaces\/\">22ct<\/a> <a href=\"https:\/\/www.purejewels.com\/tr\/product-category\/22ct-gold-jewellery\/gold-necklaces\/filligree-necklaces\/\">Alt\u0131n Telkari<\/a> B\u00fcy\u00fcleyici Jali Koleksiyonumuzdan Bayanlar i\u00e7in Y\u00fcz\u00fck. Bu \u00e7arp\u0131c\u0131 par\u00e7a, zamans\u0131z zarafeti karma\u015f\u0131k i\u015f\u00e7ilikle birle\u015ftirerek ger\u00e7ek bir l\u00fcks ifadesi haline getiriyor.<\/p>\n<p>Son derece hassas bir i\u015f\u00e7ilikle haz\u0131rlanan y\u00fcz\u00fck, 22 ayar alt\u0131ndan titizlikle i\u015flenmi\u015f hassas telkari i\u015f\u00e7ili\u011fini sergiliyor. Karma\u015f\u0131k desenler ve detayl\u0131 tasar\u0131m, her tak\u0131ma sofistike bir dokunu\u015f katan ruhani dantel benzeri bir etki yarat\u0131r.<\/p>\n<p>Sadece kad\u0131nlar i\u00e7in tasarlanan bu y\u00fcz\u00fck, kad\u0131ns\u0131l\u0131\u011f\u0131 ve zarafeti yans\u0131t\u0131r. \u015e\u0131k ve ince band\u0131 parma\u011f\u0131 nazik\u00e7e sararak g\u00fcnl\u00fck kullan\u0131m i\u00e7in rahat bir uyum sa\u011flar. 22 ayar alt\u0131n bile\u015fimi sadece b\u00fcy\u00fcleyici bir parlakl\u0131k sunmakla kalmaz, ayn\u0131 zamanda ola\u011fan\u00fcst\u00fc dayan\u0131kl\u0131l\u0131\u011f\u0131 ve kararmaya kar\u015f\u0131 direnci de garanti eder.<\/p>\n<p>Jali Koleksiyonu, geleneksel sanat ve \u00e7a\u011fda\u015f esteti\u011fi bir araya getirmesiyle \u00fcnl\u00fcd\u00fcr ve bu y\u00fcz\u00fck de bir istisna de\u011fildir. Karma\u015f\u0131k telkari desenleri modern duyarl\u0131l\u0131klarla kusursuz bir \u015fekilde harmanlayarak hem resmi hem de g\u00fcndelik k\u0131yafetleri zahmetsizce tamamlayan \u00e7ok y\u00f6nl\u00fc bir par\u00e7a haline getiriyor.<\/p>\n<p>\u0130ster \u00f6zel bir g\u00fcn ister modaya uygun bir ifade olsun, 22 ayar alt\u0131n\u0131m\u0131z <a href=\"https:\/\/www.purejewels.com\/tr\/product\/22ct-gold-jali-filigree-ring-jali-collection-31926\/\">Telkari Y\u00fcz\u00fck<\/a> Jali Koleksiyonu'ndan zarafet timsalidir. Zamans\u0131z g\u00fczelli\u011fi ve karma\u015f\u0131k i\u015f\u00e7ili\u011fi ile kal\u0131c\u0131 bir izlenim b\u0131rak\u0131n.<\/p>\n<p>Rafine l\u00fcks\u00fcn \u00f6z\u00fcn\u00fc yakalayan bu ola\u011fan\u00fcst\u00fc par\u00e7a ile kendinizi \u015f\u0131mart\u0131n veya sevdi\u011finiz birine s\u00fcrpriz yap\u0131n. Kad\u0131nlar i\u00e7in 22 Ayar Alt\u0131n Telkari Y\u00fcz\u00fck ile stilinizi y\u00fckseltin ve Jali Koleksiyonu'nun cazibesini kucaklay\u0131n.<\/p>","protected":false},"excerpt":{"rendered":"<p>Jali Filigree Koleksiyonundan bu 22 Ayar Alt\u0131n Bayan Y\u00fcz\u00fc\u011f\u00fc ile zarafeti kutlay\u0131n. Karma\u015f\u0131k telkari i\u015f\u00e7ili\u011fine sahip bu y\u00fcz\u00fck, geleneksel Hint sanat\u0131n\u0131 zamans\u0131z bir stille harmanl\u0131yor.<\/p>\n<p><strong>Malzeme:<\/strong>\u00a022 Ayar Alt\u0131n<strong><br \/>\nHallmark:\u00a0<\/strong>\u0130ngiliz Damgas\u0131<strong><br \/>\n<\/strong><strong>Br\u00fct A\u011f\u0131rl\u0131k: <\/strong>7.95 Gms<strong><br \/>\nSKU: <\/strong>50776<\/p>\n<p><strong>Fiyat ve Teslimat<\/strong>:KDV ve teslimat \u00fccretleri dahil<\/p>\n<p><a href=\"https:\/\/www.purejewels.com\/tr\/i%cc%87ade-poli%cc%87ti%cc%87kasi\/\">\u0130ade Politikas\u0131<\/a><\/p>","protected":false},"featured_media":400740,"comment_status":"closed","ping_status":"closed","template":"","meta":{"_eb_attr":"","_crsspst_to_jayantr4sg-hostcom":true},"product_brand":[],"product_cat":[1791,1559,6041,1793,5701,1229,1235,5610,1783,1786,1573,1574,5349],"product_tag":[64],"class_list":{"0":"post-347256","1":"product","2":"type-product","3":"status-publish","4":"has-post-thumbnail","6":"product_cat-anniversary-gifts","7":"product_cat-birthday-gifts","8":"product_cat-cocktail-ring","9":"product_cat-diwali-gifts","10":"product_cat-eid-jewellery","11":"product_cat-22ct-gold-jewellery","12":"product_cat-gold-rings","13":"product_cat-jali-filigree-ring","14":"product_cat-ladies-rings","15":"product_cat-occasional-wear-rings","16":"product_cat-wedding-gifts","17":"product_cat-womens-jewellery","18":"product_cat-yellow-gold-jewellery","19":"product_tag-rings","21":"first","22":"instock","23":"taxable","24":"shipping-taxable","25":"purchasable","26":"product-type-simple","27":"add-to-wishlist-before_image"},"yoast_head":"<!-- This site is optimized with the Yoast SEO plugin v27.5 - https:\/\/yoast.com\/product\/yoast-seo-wordpress\/ -->\n<title>22ct Gold Ring for Women | Filigree Collection | purejewels.com<\/title>\n<meta name=\"description\" content=\"This 22ct ring women&#039;s ring features a delicate filigree pattern that is both intricate and elegant. Order online for free UK delivery\" \/>\n<meta name=\"robots\" content=\"index, follow, max-snippet:-1, max-image-preview:large, max-video-preview:-1\" \/>\n<link rel=\"canonical\" href=\"https:\/\/www.purejewels.com\/tr\/urun\/bayanlar-icin-22-ayar-altin-yuzuk-jali-telkari-koleksiyonu-50776\/\" \/>\n<meta property=\"og:locale\" content=\"tr_TR\" \/>\n<meta property=\"og:type\" content=\"article\" \/>\n<meta property=\"og:title\" content=\"22ct Gold Ring for Women | Filigree Collection | purejewels.com\" \/>\n<meta property=\"og:description\" content=\"This 22ct ring women&#039;s ring features a delicate filigree pattern that is both intricate and elegant. Order online for free UK delivery\" \/>\n<meta property=\"og:url\" content=\"https:\/\/www.purejewels.com\/tr\/urun\/bayanlar-icin-22-ayar-altin-yuzuk-jali-telkari-koleksiyonu-50776\/\" \/>\n<meta property=\"og:site_name\" content=\"PureJewels UK\" \/>\n<meta property=\"article:modified_time\" content=\"2026-02-16T07:03:36+00:00\" \/>\n<meta property=\"og:image\" content=\"https:\/\/static.purejewels.com\/wp-content\/uploads\/2023\/08\/SKU-50776.png\" \/>\n\t<meta property=\"og:image:width\" content=\"1000\" \/>\n\t<meta property=\"og:image:height\" content=\"1000\" \/>\n\t<meta property=\"og:image:type\" content=\"image\/png\" \/>\n<meta name=\"twitter:card\" content=\"summary_large_image\" \/>\n<meta name=\"twitter:label1\" content=\"Tahmini okuma s\u00fcresi\" \/>\n\t<meta name=\"twitter:data1\" content=\"2 dakika\" \/>\n<script type=\"application\/ld+json\" class=\"yoast-schema-graph\">{\"@context\":\"https:\\\/\\\/schema.org\",\"@graph\":[{\"@type\":[\"WebPage\",\"ItemPage\"],\"@id\":\"https:\\\/\\\/www.purejewels.com\\\/product\\\/22ct-gold-ring-for-ladies-jali-filigree-collection-50776\\\/\",\"url\":\"https:\\\/\\\/www.purejewels.com\\\/product\\\/22ct-gold-ring-for-ladies-jali-filigree-collection-50776\\\/\",\"name\":\"22ct Gold Ring for Women | Filigree Collection | purejewels.com\",\"isPartOf\":{\"@id\":\"https:\\\/\\\/www.purejewels.com\\\/#website\"},\"primaryImageOfPage\":{\"@id\":\"https:\\\/\\\/www.purejewels.com\\\/product\\\/22ct-gold-ring-for-ladies-jali-filigree-collection-50776\\\/#primaryimage\"},\"image\":{\"@id\":\"https:\\\/\\\/www.purejewels.com\\\/product\\\/22ct-gold-ring-for-ladies-jali-filigree-collection-50776\\\/#primaryimage\"},\"thumbnailUrl\":\"https:\\\/\\\/static.purejewels.com\\\/wp-content\\\/uploads\\\/2023\\\/08\\\/SKU-50776.png\",\"datePublished\":\"2023-08-16T11:54:34+00:00\",\"dateModified\":\"2026-02-16T07:03:36+00:00\",\"description\":\"This 22ct ring women's ring features a delicate filigree pattern that is both intricate and elegant. Order online for free UK delivery\",\"breadcrumb\":{\"@id\":\"https:\\\/\\\/www.purejewels.com\\\/product\\\/22ct-gold-ring-for-ladies-jali-filigree-collection-50776\\\/#breadcrumb\"},\"inLanguage\":\"tr\",\"potentialAction\":[{\"@type\":\"ReadAction\",\"target\":[\"https:\\\/\\\/www.purejewels.com\\\/product\\\/22ct-gold-ring-for-ladies-jali-filigree-collection-50776\\\/\"]}]},{\"@type\":\"ImageObject\",\"inLanguage\":\"tr\",\"@id\":\"https:\\\/\\\/www.purejewels.com\\\/product\\\/22ct-gold-ring-for-ladies-jali-filigree-collection-50776\\\/#primaryimage\",\"url\":\"https:\\\/\\\/static.purejewels.com\\\/wp-content\\\/uploads\\\/2023\\\/08\\\/SKU-50776.png\",\"contentUrl\":\"https:\\\/\\\/static.purejewels.com\\\/wp-content\\\/uploads\\\/2023\\\/08\\\/SKU-50776.png\",\"width\":1000,\"height\":1000,\"caption\":\"22ct Gold Ring for Ladies\"},{\"@type\":\"BreadcrumbList\",\"@id\":\"https:\\\/\\\/www.purejewels.com\\\/product\\\/22ct-gold-ring-for-ladies-jali-filigree-collection-50776\\\/#breadcrumb\",\"itemListElement\":[{\"@type\":\"ListItem\",\"position\":1,\"name\":\"Home\",\"item\":\"https:\\\/\\\/www.purejewels.com\\\/\"},{\"@type\":\"ListItem\",\"position\":2,\"name\":\"Shop\",\"item\":\"https:\\\/\\\/www.purejewels.com\\\/shop\\\/\"},{\"@type\":\"ListItem\",\"position\":3,\"name\":\"22ct Gold Ring for Ladies | Jali Filigree Collection\"}]},{\"@type\":\"WebSite\",\"@id\":\"https:\\\/\\\/www.purejewels.com\\\/#website\",\"url\":\"https:\\\/\\\/www.purejewels.com\\\/\",\"name\":\"PureJewels UK\",\"description\":\"Share the Love\",\"publisher\":{\"@id\":\"https:\\\/\\\/www.purejewels.com\\\/#organization\"},\"potentialAction\":[{\"@type\":\"SearchAction\",\"target\":{\"@type\":\"EntryPoint\",\"urlTemplate\":\"https:\\\/\\\/www.purejewels.com\\\/?s={search_term_string}\"},\"query-input\":{\"@type\":\"PropertyValueSpecification\",\"valueRequired\":true,\"valueName\":\"search_term_string\"}}],\"inLanguage\":\"tr\"},{\"@type\":\"Organization\",\"@id\":\"https:\\\/\\\/www.purejewels.com\\\/#organization\",\"name\":\"PureJewels UK\",\"url\":\"https:\\\/\\\/www.purejewels.com\\\/\",\"logo\":{\"@type\":\"ImageObject\",\"inLanguage\":\"tr\",\"@id\":\"https:\\\/\\\/www.purejewels.com\\\/#\\\/schema\\\/logo\\\/image\\\/\",\"url\":\"https:\\\/\\\/static.purejewels.com\\\/wp-content\\\/uploads\\\/2020\\\/11\\\/Logo-PJ-New-1.png\",\"contentUrl\":\"https:\\\/\\\/static.purejewels.com\\\/wp-content\\\/uploads\\\/2020\\\/11\\\/Logo-PJ-New-1.png\",\"width\":150,\"height\":80,\"caption\":\"PureJewels UK\"},\"image\":{\"@id\":\"https:\\\/\\\/www.purejewels.com\\\/#\\\/schema\\\/logo\\\/image\\\/\"}}]}<\/script>\n<!-- \/ Yoast SEO plugin. -->","yoast_head_json":{"title":"Kad\u0131nlar i\u00e7in 22 Ayar Alt\u0131n Y\u00fcz\u00fck | Filigree Koleksiyonu | purejewels.com","description":"Bu 22 ayar kad\u0131n y\u00fcz\u00fc\u011f\u00fc, hem karma\u015f\u0131k hem de zarif bir telkari desene sahiptir. \u00dccretsiz \u0130ngiltere teslimat\u0131 i\u00e7in online sipari\u015f verin","robots":{"index":"index","follow":"follow","max-snippet":"max-snippet:-1","max-image-preview":"max-image-preview:large","max-video-preview":"max-video-preview:-1"},"canonical":"https:\/\/www.purejewels.com\/tr\/urun\/bayanlar-icin-22-ayar-altin-yuzuk-jali-telkari-koleksiyonu-50776\/","og_locale":"tr_TR","og_type":"article","og_title":"22ct Gold Ring for Women | Filigree Collection | purejewels.com","og_description":"This 22ct ring women's ring features a delicate filigree pattern that is both intricate and elegant. Order online for free UK delivery","og_url":"https:\/\/www.purejewels.com\/tr\/urun\/bayanlar-icin-22-ayar-altin-yuzuk-jali-telkari-koleksiyonu-50776\/","og_site_name":"PureJewels UK","article_modified_time":"2026-02-16T07:03:36+00:00","og_image":[{"width":1000,"height":1000,"url":"https:\/\/static.purejewels.com\/wp-content\/uploads\/2023\/08\/SKU-50776.png","type":"image\/png"}],"twitter_card":"summary_large_image","twitter_misc":{"Tahmini okuma s\u00fcresi":"2 dakika"},"schema":{"@context":"https:\/\/schema.org","@graph":[{"@type":["WebPage","ItemPage"],"@id":"https:\/\/www.purejewels.com\/product\/22ct-gold-ring-for-ladies-jali-filigree-collection-50776\/","url":"https:\/\/www.purejewels.com\/product\/22ct-gold-ring-for-ladies-jali-filigree-collection-50776\/","name":"Kad\u0131nlar i\u00e7in 22 Ayar Alt\u0131n Y\u00fcz\u00fck | Filigree Koleksiyonu | purejewels.com","isPartOf":{"@id":"https:\/\/www.purejewels.com\/#website"},"primaryImageOfPage":{"@id":"https:\/\/www.purejewels.com\/product\/22ct-gold-ring-for-ladies-jali-filigree-collection-50776\/#primaryimage"},"image":{"@id":"https:\/\/www.purejewels.com\/product\/22ct-gold-ring-for-ladies-jali-filigree-collection-50776\/#primaryimage"},"thumbnailUrl":"https:\/\/static.purejewels.com\/wp-content\/uploads\/2023\/08\/SKU-50776.png","datePublished":"2023-08-16T11:54:34+00:00","dateModified":"2026-02-16T07:03:36+00:00","description":"Bu 22 ayar kad\u0131n y\u00fcz\u00fc\u011f\u00fc, hem karma\u015f\u0131k hem de zarif bir telkari desene sahiptir. \u00dccretsiz \u0130ngiltere teslimat\u0131 i\u00e7in online sipari\u015f verin","breadcrumb":{"@id":"https:\/\/www.purejewels.com\/product\/22ct-gold-ring-for-ladies-jali-filigree-collection-50776\/#breadcrumb"},"inLanguage":"tr","potentialAction":[{"@type":"ReadAction","target":["https:\/\/www.purejewels.com\/product\/22ct-gold-ring-for-ladies-jali-filigree-collection-50776\/"]}]},{"@type":"ImageObject","inLanguage":"tr","@id":"https:\/\/www.purejewels.com\/product\/22ct-gold-ring-for-ladies-jali-filigree-collection-50776\/#primaryimage","url":"https:\/\/static.purejewels.com\/wp-content\/uploads\/2023\/08\/SKU-50776.png","contentUrl":"https:\/\/static.purejewels.com\/wp-content\/uploads\/2023\/08\/SKU-50776.png","width":1000,"height":1000,"caption":"22ct Gold Ring for Ladies"},{"@type":"BreadcrumbList","@id":"https:\/\/www.purejewels.com\/product\/22ct-gold-ring-for-ladies-jali-filigree-collection-50776\/#breadcrumb","itemListElement":[{"@type":"ListItem","position":1,"name":"Home","item":"https:\/\/www.purejewels.com\/"},{"@type":"ListItem","position":2,"name":"Shop","item":"https:\/\/www.purejewels.com\/shop\/"},{"@type":"ListItem","position":3,"name":"22ct Gold Ring for Ladies | Jali Filigree Collection"}]},{"@type":"WebSite","@id":"https:\/\/www.purejewels.com\/#website","url":"https:\/\/www.purejewels.com\/","name":"PureJewels \u0130ngiltere","description":"Sevgiyi Payla\u015f\u0131n","publisher":{"@id":"https:\/\/www.purejewels.com\/#organization"},"potentialAction":[{"@type":"SearchAction","target":{"@type":"EntryPoint","urlTemplate":"https:\/\/www.purejewels.com\/?s={search_term_string}"},"query-input":{"@type":"PropertyValueSpecification","valueRequired":true,"valueName":"search_term_string"}}],"inLanguage":"tr"},{"@type":"Organization","@id":"https:\/\/www.purejewels.com\/#organization","name":"PureJewels \u0130ngiltere","url":"https:\/\/www.purejewels.com\/","logo":{"@type":"ImageObject","inLanguage":"tr","@id":"https:\/\/www.purejewels.com\/#\/schema\/logo\/image\/","url":"https:\/\/static.purejewels.com\/wp-content\/uploads\/2020\/11\/Logo-PJ-New-1.png","contentUrl":"https:\/\/static.purejewels.com\/wp-content\/uploads\/2020\/11\/Logo-PJ-New-1.png","width":150,"height":80,"caption":"PureJewels UK"},"image":{"@id":"https:\/\/www.purejewels.com\/#\/schema\/logo\/image\/"}}]}},"_links":{"self":[{"href":"https:\/\/www.purejewels.com\/tr\/wp-json\/wp\/v2\/product\/347256","targetHints":{"allow":["GET"]}}],"collection":[{"href":"https:\/\/www.purejewels.com\/tr\/wp-json\/wp\/v2\/product"}],"about":[{"href":"https:\/\/www.purejewels.com\/tr\/wp-json\/wp\/v2\/types\/product"}],"replies":[{"embeddable":true,"href":"https:\/\/www.purejewels.com\/tr\/wp-json\/wp\/v2\/comments?post=347256"}],"version-history":[{"count":3,"href":"https:\/\/www.purejewels.com\/tr\/wp-json\/wp\/v2\/product\/347256\/revisions"}],"predecessor-version":[{"id":400742,"href":"https:\/\/www.purejewels.com\/tr\/wp-json\/wp\/v2\/product\/347256\/revisions\/400742"}],"wp:featuredmedia":[{"embeddable":true,"href":"https:\/\/www.purejewels.com\/tr\/wp-json\/wp\/v2\/media\/400740"}],"wp:attachment":[{"href":"https:\/\/www.purejewels.com\/tr\/wp-json\/wp\/v2\/media?parent=347256"}],"wp:term":[{"taxonomy":"product_brand","embeddable":true,"href":"https:\/\/www.purejewels.com\/tr\/wp-json\/wp\/v2\/product_brand?post=347256"},{"taxonomy":"product_cat","embeddable":true,"href":"https:\/\/www.purejewels.com\/tr\/wp-json\/wp\/v2\/product_cat?post=347256"},{"taxonomy":"product_tag","embeddable":true,"href":"https:\/\/www.purejewels.com\/tr\/wp-json\/wp\/v2\/product_tag?post=347256"}],"curies":[{"name":"wp","href":"https:\/\/api.w.org\/{rel}","templated":true}]}}