{"id":347338,"date":"2023-06-08T07:41:44","date_gmt":"2023-06-08T06:41:44","guid":{"rendered":"https:\/\/www.purejewels.com\/?post_type=product&#038;p=347338"},"modified":"2026-05-08T06:03:32","modified_gmt":"2026-05-08T05:03:32","slug":"22-ayar-altin-chand-bali-50818","status":"publish","type":"product","link":"https:\/\/www.purejewels.com\/tr\/product\/22ct-gold-chand-bali-50818\/","title":{"rendered":"22 Ayar Alt\u0131n Chand Bali Jhumka"},"content":{"rendered":"<p data-start=\"139\" data-end=\"676\">Saf 22 ayar alt\u0131ndan zarif bir \u015fekilde el i\u015f\u00e7ili\u011fiyle \u00fcretilen 22 Ayar Alt\u0131n Chand Bali Jhumka ile zenginli\u011fi ve gelene\u011fi kutlay\u0131n. Bu b\u00fcy\u00fcleyici tasar\u0131m, chand bali'nin hilal zarafetini jhumka damlalar\u0131n\u0131n zamans\u0131z cazibesiyle harmanl\u0131yor, karma\u015f\u0131k telkari ve narin detaylarla s\u00fcsleniyor. D\u00fc\u011f\u00fcnler, bayramlar veya aile yadig\u00e2r\u0131 koleksiyonlar i\u00e7in m\u00fckemmel olan bu tasar\u0131m, gelin alt\u0131n\u0131 arayanlar i\u00e7in ideal bir par\u00e7ad\u0131r. <a href=\"https:\/\/www.purejewels.com\/tr\/product-category\/22ct-gold-jewellery\/gold-earrings\/\">K\u00fcpeler<\/a>geleneksel Hint jhumkalar\u0131 veya k\u00fclt\u00fcrel zenginli\u011fe sahip 22 ayar alt\u0131n chand bali jhumka tak\u0131lar\u0131.<\/p>","protected":false},"excerpt":{"rendered":"<div class=\"btn-atc atc-slide\">S\u00fcsl\u00fc telkari ve zarif siluetiyle 22 Ayar Alt\u0131n Chand Bali Jhumka.<br data-start=\"790\" data-end=\"793\" \/>Miras tarz\u0131 ve el yap\u0131m\u0131 l\u00fcks\u00fcn muhte\u015fem bir birle\u015fimi.<\/div>\n<div>\n<p><strong>Malzeme:<\/strong>\u00a022 Ayar Alt\u0131n<strong><br \/>\nHallmark:\u00a0<\/strong>\u0130ngiliz Damgas\u0131<strong><br \/>\n<\/strong><strong>Br\u00fct A\u011f\u0131rl\u0131k: <\/strong>23,9 Gms<strong><br \/>\nSKU:\u00a0<\/strong>50818<\/p>\n<p><strong>Fiyat ve Teslimat<\/strong>:KDV ve teslimat \u00fccretleri dahil<br \/>\n<strong>Not<\/strong>: Zincir dahil de\u011fildir<\/p>\n<p><a href=\"https:\/\/www.purejewels.com\/tr\/i%cc%87ade-poli%cc%87ti%cc%87kasi\/\">\u0130ade Politikas\u0131<\/a><\/p>\n<\/div>\n<div class=\"product_meta\"><\/div>","protected":false},"featured_media":402237,"comment_status":"closed","ping_status":"closed","template":"","meta":{"_eb_attr":"","_crsspst_to_jayantr4sg-hostcom":true},"product_brand":[],"product_cat":[1791,5315,5657,236,1254,1229,252,5611,1578,1573,1574,5349],"product_tag":[66],"class_list":{"0":"post-347338","1":"product","2":"type-product","3":"status-publish","4":"has-post-thumbnail","6":"product_cat-anniversary-gifts","7":"product_cat-bridal-and-wedding-earrings","8":"product_cat-chand-bali","9":"product_cat-collections","10":"product_cat-gold-earrings","11":"product_cat-22ct-gold-jewellery","12":"product_cat-jali-collections","13":"product_cat-jali-earrings","14":"product_cat-jhumkha-earrings","15":"product_cat-wedding-gifts","16":"product_cat-womens-jewellery","17":"product_cat-yellow-gold-jewellery","18":"product_tag-earrings","20":"first","21":"outofstock","22":"taxable","23":"shipping-taxable","24":"product-type-simple","25":"add-to-wishlist-before_image"},"yoast_head":"<!-- This site is optimized with the Yoast SEO plugin v27.5 - https:\/\/yoast.com\/product\/yoast-seo-wordpress\/ -->\n<title>22ct Gold Chand Bali Jhumka | PureJewels Uk<\/title>\n<meta name=\"description\" content=\"Explore exquisite beauty with our 22ct Gold Jhumka Earring. Elevate your style and make a statement with these timeless and radiant filigree earrings.\" \/>\n<meta name=\"robots\" content=\"index, follow, max-snippet:-1, max-image-preview:large, max-video-preview:-1\" \/>\n<link rel=\"canonical\" href=\"https:\/\/www.purejewels.com\/tr\/urun\/22-ayar-altin-chand-bali-50818\/\" \/>\n<meta property=\"og:locale\" content=\"tr_TR\" \/>\n<meta property=\"og:type\" content=\"article\" \/>\n<meta property=\"og:title\" content=\"22ct Gold Chand Bali Jhumka | PureJewels Uk\" \/>\n<meta property=\"og:description\" content=\"Explore exquisite beauty with our 22ct Gold Jhumka Earring. Elevate your style and make a statement with these timeless and radiant filigree earrings.\" \/>\n<meta property=\"og:url\" content=\"https:\/\/www.purejewels.com\/tr\/urun\/22-ayar-altin-chand-bali-50818\/\" \/>\n<meta property=\"og:site_name\" content=\"PureJewels UK\" \/>\n<meta property=\"article:modified_time\" content=\"2026-05-08T05:03:32+00:00\" \/>\n<meta property=\"og:image\" content=\"https:\/\/static.purejewels.com\/wp-content\/uploads\/2023\/06\/SKU-50818.png\" \/>\n\t<meta property=\"og:image:width\" content=\"1000\" \/>\n\t<meta property=\"og:image:height\" content=\"1000\" \/>\n\t<meta property=\"og:image:type\" content=\"image\/png\" \/>\n<meta name=\"twitter:card\" content=\"summary_large_image\" \/>\n<meta name=\"twitter:label1\" content=\"Tahmini okuma s\u00fcresi\" \/>\n\t<meta name=\"twitter:data1\" content=\"1 dakika\" \/>\n<script type=\"application\/ld+json\" class=\"yoast-schema-graph\">{\"@context\":\"https:\\\/\\\/schema.org\",\"@graph\":[{\"@type\":[\"WebPage\",\"ItemPage\"],\"@id\":\"https:\\\/\\\/www.purejewels.com\\\/product\\\/22ct-gold-chand-bali-50818\\\/\",\"url\":\"https:\\\/\\\/www.purejewels.com\\\/product\\\/22ct-gold-chand-bali-50818\\\/\",\"name\":\"22ct Gold Chand Bali Jhumka | PureJewels Uk\",\"isPartOf\":{\"@id\":\"https:\\\/\\\/www.purejewels.com\\\/#website\"},\"primaryImageOfPage\":{\"@id\":\"https:\\\/\\\/www.purejewels.com\\\/product\\\/22ct-gold-chand-bali-50818\\\/#primaryimage\"},\"image\":{\"@id\":\"https:\\\/\\\/www.purejewels.com\\\/product\\\/22ct-gold-chand-bali-50818\\\/#primaryimage\"},\"thumbnailUrl\":\"https:\\\/\\\/static.purejewels.com\\\/wp-content\\\/uploads\\\/2023\\\/06\\\/SKU-50818.png\",\"datePublished\":\"2023-06-08T06:41:44+00:00\",\"dateModified\":\"2026-05-08T05:03:32+00:00\",\"description\":\"Explore exquisite beauty with our 22ct Gold Jhumka Earring. Elevate your style and make a statement with these timeless and radiant filigree earrings.\",\"breadcrumb\":{\"@id\":\"https:\\\/\\\/www.purejewels.com\\\/product\\\/22ct-gold-chand-bali-50818\\\/#breadcrumb\"},\"inLanguage\":\"tr\",\"potentialAction\":[{\"@type\":\"ReadAction\",\"target\":[\"https:\\\/\\\/www.purejewels.com\\\/product\\\/22ct-gold-chand-bali-50818\\\/\"]}]},{\"@type\":\"ImageObject\",\"inLanguage\":\"tr\",\"@id\":\"https:\\\/\\\/www.purejewels.com\\\/product\\\/22ct-gold-chand-bali-50818\\\/#primaryimage\",\"url\":\"https:\\\/\\\/static.purejewels.com\\\/wp-content\\\/uploads\\\/2023\\\/06\\\/SKU-50818.png\",\"contentUrl\":\"https:\\\/\\\/static.purejewels.com\\\/wp-content\\\/uploads\\\/2023\\\/06\\\/SKU-50818.png\",\"width\":1000,\"height\":1000,\"caption\":\"22ct Gold Chand Bali Jhumka\"},{\"@type\":\"BreadcrumbList\",\"@id\":\"https:\\\/\\\/www.purejewels.com\\\/product\\\/22ct-gold-chand-bali-50818\\\/#breadcrumb\",\"itemListElement\":[{\"@type\":\"ListItem\",\"position\":1,\"name\":\"Home\",\"item\":\"https:\\\/\\\/www.purejewels.com\\\/\"},{\"@type\":\"ListItem\",\"position\":2,\"name\":\"Shop\",\"item\":\"https:\\\/\\\/www.purejewels.com\\\/shop\\\/\"},{\"@type\":\"ListItem\",\"position\":3,\"name\":\"22ct Gold Chand Bali Jhumka\"}]},{\"@type\":\"WebSite\",\"@id\":\"https:\\\/\\\/www.purejewels.com\\\/#website\",\"url\":\"https:\\\/\\\/www.purejewels.com\\\/\",\"name\":\"PureJewels UK\",\"description\":\"Share the Love\",\"publisher\":{\"@id\":\"https:\\\/\\\/www.purejewels.com\\\/#organization\"},\"potentialAction\":[{\"@type\":\"SearchAction\",\"target\":{\"@type\":\"EntryPoint\",\"urlTemplate\":\"https:\\\/\\\/www.purejewels.com\\\/?s={search_term_string}\"},\"query-input\":{\"@type\":\"PropertyValueSpecification\",\"valueRequired\":true,\"valueName\":\"search_term_string\"}}],\"inLanguage\":\"tr\"},{\"@type\":\"Organization\",\"@id\":\"https:\\\/\\\/www.purejewels.com\\\/#organization\",\"name\":\"PureJewels UK\",\"url\":\"https:\\\/\\\/www.purejewels.com\\\/\",\"logo\":{\"@type\":\"ImageObject\",\"inLanguage\":\"tr\",\"@id\":\"https:\\\/\\\/www.purejewels.com\\\/#\\\/schema\\\/logo\\\/image\\\/\",\"url\":\"https:\\\/\\\/static.purejewels.com\\\/wp-content\\\/uploads\\\/2020\\\/11\\\/Logo-PJ-New-1.png\",\"contentUrl\":\"https:\\\/\\\/static.purejewels.com\\\/wp-content\\\/uploads\\\/2020\\\/11\\\/Logo-PJ-New-1.png\",\"width\":150,\"height\":80,\"caption\":\"PureJewels UK\"},\"image\":{\"@id\":\"https:\\\/\\\/www.purejewels.com\\\/#\\\/schema\\\/logo\\\/image\\\/\"}}]}<\/script>\n<!-- \/ Yoast SEO plugin. -->","yoast_head_json":{"title":"22 Ayar Alt\u0131n Chand Bali Jhumka | PureJewels Uk","description":"22ct Alt\u0131n Jhumka K\u00fcpemiz ile enfes g\u00fczelli\u011fi ke\u015ffedin. Bu zamans\u0131z ve \u0131\u015f\u0131lt\u0131l\u0131 telkari k\u00fcpelerle stilinizi y\u00fckseltin ve bir a\u00e7\u0131klama yap\u0131n.","robots":{"index":"index","follow":"follow","max-snippet":"max-snippet:-1","max-image-preview":"max-image-preview:large","max-video-preview":"max-video-preview:-1"},"canonical":"https:\/\/www.purejewels.com\/tr\/urun\/22-ayar-altin-chand-bali-50818\/","og_locale":"tr_TR","og_type":"article","og_title":"22ct Gold Chand Bali Jhumka | PureJewels Uk","og_description":"Explore exquisite beauty with our 22ct Gold Jhumka Earring. Elevate your style and make a statement with these timeless and radiant filigree earrings.","og_url":"https:\/\/www.purejewels.com\/tr\/urun\/22-ayar-altin-chand-bali-50818\/","og_site_name":"PureJewels UK","article_modified_time":"2026-05-08T05:03:32+00:00","og_image":[{"width":1000,"height":1000,"url":"https:\/\/static.purejewels.com\/wp-content\/uploads\/2023\/06\/SKU-50818.png","type":"image\/png"}],"twitter_card":"summary_large_image","twitter_misc":{"Tahmini okuma s\u00fcresi":"1 dakika"},"schema":{"@context":"https:\/\/schema.org","@graph":[{"@type":["WebPage","ItemPage"],"@id":"https:\/\/www.purejewels.com\/product\/22ct-gold-chand-bali-50818\/","url":"https:\/\/www.purejewels.com\/product\/22ct-gold-chand-bali-50818\/","name":"22 Ayar Alt\u0131n Chand Bali Jhumka | PureJewels Uk","isPartOf":{"@id":"https:\/\/www.purejewels.com\/#website"},"primaryImageOfPage":{"@id":"https:\/\/www.purejewels.com\/product\/22ct-gold-chand-bali-50818\/#primaryimage"},"image":{"@id":"https:\/\/www.purejewels.com\/product\/22ct-gold-chand-bali-50818\/#primaryimage"},"thumbnailUrl":"https:\/\/static.purejewels.com\/wp-content\/uploads\/2023\/06\/SKU-50818.png","datePublished":"2023-06-08T06:41:44+00:00","dateModified":"2026-05-08T05:03:32+00:00","description":"22ct Alt\u0131n Jhumka K\u00fcpemiz ile enfes g\u00fczelli\u011fi ke\u015ffedin. Bu zamans\u0131z ve \u0131\u015f\u0131lt\u0131l\u0131 telkari k\u00fcpelerle stilinizi y\u00fckseltin ve bir a\u00e7\u0131klama yap\u0131n.","breadcrumb":{"@id":"https:\/\/www.purejewels.com\/product\/22ct-gold-chand-bali-50818\/#breadcrumb"},"inLanguage":"tr","potentialAction":[{"@type":"ReadAction","target":["https:\/\/www.purejewels.com\/product\/22ct-gold-chand-bali-50818\/"]}]},{"@type":"ImageObject","inLanguage":"tr","@id":"https:\/\/www.purejewels.com\/product\/22ct-gold-chand-bali-50818\/#primaryimage","url":"https:\/\/static.purejewels.com\/wp-content\/uploads\/2023\/06\/SKU-50818.png","contentUrl":"https:\/\/static.purejewels.com\/wp-content\/uploads\/2023\/06\/SKU-50818.png","width":1000,"height":1000,"caption":"22ct Gold Chand Bali Jhumka"},{"@type":"BreadcrumbList","@id":"https:\/\/www.purejewels.com\/product\/22ct-gold-chand-bali-50818\/#breadcrumb","itemListElement":[{"@type":"ListItem","position":1,"name":"Home","item":"https:\/\/www.purejewels.com\/"},{"@type":"ListItem","position":2,"name":"Shop","item":"https:\/\/www.purejewels.com\/shop\/"},{"@type":"ListItem","position":3,"name":"22ct Gold Chand Bali Jhumka"}]},{"@type":"WebSite","@id":"https:\/\/www.purejewels.com\/#website","url":"https:\/\/www.purejewels.com\/","name":"PureJewels \u0130ngiltere","description":"Sevgiyi Payla\u015f\u0131n","publisher":{"@id":"https:\/\/www.purejewels.com\/#organization"},"potentialAction":[{"@type":"SearchAction","target":{"@type":"EntryPoint","urlTemplate":"https:\/\/www.purejewels.com\/?s={search_term_string}"},"query-input":{"@type":"PropertyValueSpecification","valueRequired":true,"valueName":"search_term_string"}}],"inLanguage":"tr"},{"@type":"Organization","@id":"https:\/\/www.purejewels.com\/#organization","name":"PureJewels \u0130ngiltere","url":"https:\/\/www.purejewels.com\/","logo":{"@type":"ImageObject","inLanguage":"tr","@id":"https:\/\/www.purejewels.com\/#\/schema\/logo\/image\/","url":"https:\/\/static.purejewels.com\/wp-content\/uploads\/2020\/11\/Logo-PJ-New-1.png","contentUrl":"https:\/\/static.purejewels.com\/wp-content\/uploads\/2020\/11\/Logo-PJ-New-1.png","width":150,"height":80,"caption":"PureJewels UK"},"image":{"@id":"https:\/\/www.purejewels.com\/#\/schema\/logo\/image\/"}}]}},"_links":{"self":[{"href":"https:\/\/www.purejewels.com\/tr\/wp-json\/wp\/v2\/product\/347338","targetHints":{"allow":["GET"]}}],"collection":[{"href":"https:\/\/www.purejewels.com\/tr\/wp-json\/wp\/v2\/product"}],"about":[{"href":"https:\/\/www.purejewels.com\/tr\/wp-json\/wp\/v2\/types\/product"}],"replies":[{"embeddable":true,"href":"https:\/\/www.purejewels.com\/tr\/wp-json\/wp\/v2\/comments?post=347338"}],"version-history":[{"count":3,"href":"https:\/\/www.purejewels.com\/tr\/wp-json\/wp\/v2\/product\/347338\/revisions"}],"predecessor-version":[{"id":402238,"href":"https:\/\/www.purejewels.com\/tr\/wp-json\/wp\/v2\/product\/347338\/revisions\/402238"}],"wp:featuredmedia":[{"embeddable":true,"href":"https:\/\/www.purejewels.com\/tr\/wp-json\/wp\/v2\/media\/402237"}],"wp:attachment":[{"href":"https:\/\/www.purejewels.com\/tr\/wp-json\/wp\/v2\/media?parent=347338"}],"wp:term":[{"taxonomy":"product_brand","embeddable":true,"href":"https:\/\/www.purejewels.com\/tr\/wp-json\/wp\/v2\/product_brand?post=347338"},{"taxonomy":"product_cat","embeddable":true,"href":"https:\/\/www.purejewels.com\/tr\/wp-json\/wp\/v2\/product_cat?post=347338"},{"taxonomy":"product_tag","embeddable":true,"href":"https:\/\/www.purejewels.com\/tr\/wp-json\/wp\/v2\/product_tag?post=347338"}],"curies":[{"name":"wp","href":"https:\/\/api.w.org\/{rel}","templated":true}]}}