{"id":347340,"date":"2024-12-09T07:57:36","date_gmt":"2024-12-09T07:57:36","guid":{"rendered":"https:\/\/www.purejewels.com\/?post_type=product&#038;p=347340"},"modified":"2026-01-06T05:33:50","modified_gmt":"2026-01-06T05:33:50","slug":"22-ayar-altin-telkari-saplama","status":"publish","type":"product","link":"https:\/\/www.purejewels.com\/tr\/product\/22ct-gold-filigree-stud\/","title":{"rendered":"22 Ayar Sar\u0131 Alt\u0131n Telkari Saplama"},"content":{"rendered":"<ul>\n<li>SKU 43846<\/li>\n<\/ul>\n<p>Jali, ince tel kullanarak karma\u015f\u0131k desenler olu\u015fturmaya y\u00f6nelik geleneksel bir Hint tekni\u011fidir. Jali kelimesi Hint\u00e7e'de \"kafes\" anlam\u0131na gelir ve bu teknik kullan\u0131larak olu\u015fturulan ajur tasar\u0131m\u0131n\u0131 ifade eder. Jali, Hindistan'da bug\u00fcn hala uygulanmakta olan as\u0131rl\u0131k bir zanaatt\u0131r. Olduk\u00e7a yetenekli bir zanaatt\u0131r ve ustala\u015fmas\u0131 uzun y\u0131llar al\u0131r.<\/p>\n<p>Bu <a href=\"https:\/\/www.purejewels.com\/tr\/product-category\/22ct-gold-jewellery\/gold-earrings\/\">K\u00fcpeler<\/a> bu koleksiyonda geleneksel jali i\u015f\u00e7ili\u011fi kullan\u0131larak yap\u0131lm\u0131\u015ft\u0131r. \u0130nce tel, karma\u015f\u0131k desenler olu\u015fturmak i\u00e7in elle b\u00fck\u00fcl\u00fcr ve b\u00fck\u00fcl\u00fcr. K\u00fcpeler daha sonra tasar\u0131m\u0131n g\u00fczelli\u011fini ortaya \u00e7\u0131karmak i\u00e7in y\u00fcksek cila ile tamamlan\u0131r.<\/p>\n<p>Bu k\u00fcpeler, de\u011ferli bir hat\u0131ra olaca\u011f\u0131 kesin olan g\u00fczel ve e\u015fsiz bir m\u00fccevher par\u00e7as\u0131d\u0131r. G\u00fcnl\u00fck g\u00f6r\u00fcn\u00fcm\u00fcn\u00fcze Hint k\u00fclt\u00fcr\u00fcnden bir dokunu\u015f katmak i\u00e7in m\u00fckemmel bir yoldur.<\/p>","protected":false},"excerpt":{"rendered":"<div class=\"woocommerce-product-details__short-description\">\n<table class=\"sh_desc\">\n<tbody>\n<tr>\n<td>K\u00fcpe T\u00fcr\u00fc<\/td>\n<td>Saplama K\u00fcpe<\/td>\n<\/tr>\n<tr>\n<td>SKU<\/td>\n<td>43846<\/td>\n<\/tr>\n<tr>\n<td>A\u011f\u0131rl\u0131k<\/td>\n<td>3.9 Gms<\/td>\n<\/tr>\n<tr>\n<td>Metal<\/td>\n<td>22 Ayar Alt\u0131n<\/td>\n<\/tr>\n<tr>\n<td>\u00dccretler<\/td>\n<td>Teslimat ve KDV Dahil<\/td>\n<\/tr>\n<tr>\n<td>Paketleme<\/td>\n<td>Sunum Kutusu ile Birlikte Gelir<\/td>\n<\/tr>\n<tr>\n<td>Daha Fazla Bilgi<\/td>\n<td>M\u00fcsaitlik durumu ve daha fazla resim i\u00e7in bizimle canl\u0131 sohbet edin<\/td>\n<\/tr>\n<\/tbody>\n<\/table>\n<\/div>\n<div class=\"btn-atc atc-slide\"><\/div>\n<div class=\"product_meta\"><\/div>","protected":false},"featured_media":359023,"comment_status":"closed","ping_status":"closed","template":"","meta":{"_eb_attr":"","_crsspst_to_jayantr4sg-hostcom":true},"product_brand":[],"product_cat":[1791,1793,1792,1790,1254,252,5611,5344,1570,5338,1577,1573,1574,5349],"product_tag":[1430],"class_list":{"0":"post-347340","1":"product","2":"type-product","3":"status-publish","4":"has-post-thumbnail","6":"product_cat-anniversary-gifts","7":"product_cat-diwali-gifts","8":"product_cat-festival-gifts","9":"product_cat-for-whom-when","10":"product_cat-gold-earrings","11":"product_cat-jali-collections","12":"product_cat-jali-earrings","13":"product_cat-jewellery-under-750","14":"product_cat-mothers-day-gifts","15":"product_cat-shop-by-price","16":"product_cat-stud-earrings","17":"product_cat-wedding-gifts","18":"product_cat-womens-jewellery","19":"product_cat-yellow-gold-jewellery","20":"product_tag-diwali-gift","22":"first","23":"outofstock","24":"taxable","25":"shipping-taxable","26":"product-type-simple","27":"add-to-wishlist-before_image"},"yoast_head":"<!-- This site is optimized with the Yoast SEO plugin v27.6 - https:\/\/yoast.com\/product\/yoast-seo-wordpress\/ -->\n<title>22ct Filigree Gold Stud Available Online | PureJewels UK<\/title>\n<meta name=\"description\" content=\"These earrings are a beautiful piece of jewelry that is sure to be a cherished keepsake. They can add a touch of Indian culture to your everyday look.\" \/>\n<meta name=\"robots\" content=\"index, follow, max-snippet:-1, max-image-preview:large, max-video-preview:-1\" \/>\n<link rel=\"canonical\" href=\"https:\/\/www.purejewels.com\/tr\/urun\/22-ayar-altin-telkari-saplama\/\" \/>\n<meta property=\"og:locale\" content=\"tr_TR\" \/>\n<meta property=\"og:type\" content=\"article\" \/>\n<meta property=\"og:title\" content=\"22ct Filigree Gold Stud Available Online | PureJewels UK\" \/>\n<meta property=\"og:description\" content=\"These earrings are a beautiful piece of jewelry that is sure to be a cherished keepsake. They can add a touch of Indian culture to your everyday look.\" \/>\n<meta property=\"og:url\" content=\"https:\/\/www.purejewels.com\/tr\/urun\/22-ayar-altin-telkari-saplama\/\" \/>\n<meta property=\"og:site_name\" content=\"PureJewels UK\" \/>\n<meta property=\"article:modified_time\" content=\"2026-01-06T05:33:50+00:00\" \/>\n<meta property=\"og:image\" content=\"https:\/\/www.purejewels.com\/wp-content\/uploads\/2023\/08\/43846.png\" \/>\n\t<meta property=\"og:image:width\" content=\"1000\" \/>\n\t<meta property=\"og:image:height\" content=\"1000\" \/>\n\t<meta property=\"og:image:type\" content=\"image\/png\" \/>\n<meta name=\"twitter:card\" content=\"summary_large_image\" \/>\n<meta name=\"twitter:label1\" content=\"Tahmini okuma s\u00fcresi\" \/>\n\t<meta name=\"twitter:data1\" content=\"1 dakika\" \/>\n<script type=\"application\/ld+json\" class=\"yoast-schema-graph\">{\"@context\":\"https:\\\/\\\/schema.org\",\"@graph\":[{\"@type\":[\"WebPage\",\"ItemPage\"],\"@id\":\"https:\\\/\\\/www.purejewels.com\\\/product\\\/22ct-gold-filigree-stud\\\/\",\"url\":\"https:\\\/\\\/www.purejewels.com\\\/product\\\/22ct-gold-filigree-stud\\\/\",\"name\":\"22ct Filigree Gold Stud Available Online | PureJewels UK\",\"isPartOf\":{\"@id\":\"https:\\\/\\\/www.purejewels.com\\\/#website\"},\"primaryImageOfPage\":{\"@id\":\"https:\\\/\\\/www.purejewels.com\\\/product\\\/22ct-gold-filigree-stud\\\/#primaryimage\"},\"image\":{\"@id\":\"https:\\\/\\\/www.purejewels.com\\\/product\\\/22ct-gold-filigree-stud\\\/#primaryimage\"},\"thumbnailUrl\":\"https:\\\/\\\/static.purejewels.com\\\/wp-content\\\/uploads\\\/2023\\\/08\\\/43846.png\",\"datePublished\":\"2024-12-09T07:57:36+00:00\",\"dateModified\":\"2026-01-06T05:33:50+00:00\",\"description\":\"These earrings are a beautiful piece of jewelry that is sure to be a cherished keepsake. They can add a touch of Indian culture to your everyday look.\",\"breadcrumb\":{\"@id\":\"https:\\\/\\\/www.purejewels.com\\\/product\\\/22ct-gold-filigree-stud\\\/#breadcrumb\"},\"inLanguage\":\"tr\",\"potentialAction\":[{\"@type\":\"ReadAction\",\"target\":[\"https:\\\/\\\/www.purejewels.com\\\/product\\\/22ct-gold-filigree-stud\\\/\"]}]},{\"@type\":\"ImageObject\",\"inLanguage\":\"tr\",\"@id\":\"https:\\\/\\\/www.purejewels.com\\\/product\\\/22ct-gold-filigree-stud\\\/#primaryimage\",\"url\":\"https:\\\/\\\/static.purejewels.com\\\/wp-content\\\/uploads\\\/2023\\\/08\\\/43846.png\",\"contentUrl\":\"https:\\\/\\\/static.purejewels.com\\\/wp-content\\\/uploads\\\/2023\\\/08\\\/43846.png\",\"width\":1000,\"height\":1000,\"caption\":\"22ct GoldStud\"},{\"@type\":\"BreadcrumbList\",\"@id\":\"https:\\\/\\\/www.purejewels.com\\\/product\\\/22ct-gold-filigree-stud\\\/#breadcrumb\",\"itemListElement\":[{\"@type\":\"ListItem\",\"position\":1,\"name\":\"Home\",\"item\":\"https:\\\/\\\/www.purejewels.com\\\/\"},{\"@type\":\"ListItem\",\"position\":2,\"name\":\"Shop\",\"item\":\"https:\\\/\\\/www.purejewels.com\\\/shop\\\/\"},{\"@type\":\"ListItem\",\"position\":3,\"name\":\"22ct Yellow Gold Filigree Stud\"}]},{\"@type\":\"WebSite\",\"@id\":\"https:\\\/\\\/www.purejewels.com\\\/#website\",\"url\":\"https:\\\/\\\/www.purejewels.com\\\/\",\"name\":\"PureJewels UK\",\"description\":\"Share the Love\",\"publisher\":{\"@id\":\"https:\\\/\\\/www.purejewels.com\\\/#organization\"},\"potentialAction\":[{\"@type\":\"SearchAction\",\"target\":{\"@type\":\"EntryPoint\",\"urlTemplate\":\"https:\\\/\\\/www.purejewels.com\\\/?s={search_term_string}\"},\"query-input\":{\"@type\":\"PropertyValueSpecification\",\"valueRequired\":true,\"valueName\":\"search_term_string\"}}],\"inLanguage\":\"tr\"},{\"@type\":\"Organization\",\"@id\":\"https:\\\/\\\/www.purejewels.com\\\/#organization\",\"name\":\"PureJewels UK\",\"url\":\"https:\\\/\\\/www.purejewels.com\\\/\",\"logo\":{\"@type\":\"ImageObject\",\"inLanguage\":\"tr\",\"@id\":\"https:\\\/\\\/www.purejewels.com\\\/#\\\/schema\\\/logo\\\/image\\\/\",\"url\":\"https:\\\/\\\/static.purejewels.com\\\/wp-content\\\/uploads\\\/2020\\\/11\\\/Logo-PJ-New-1.png\",\"contentUrl\":\"https:\\\/\\\/static.purejewels.com\\\/wp-content\\\/uploads\\\/2020\\\/11\\\/Logo-PJ-New-1.png\",\"width\":150,\"height\":80,\"caption\":\"PureJewels UK\"},\"image\":{\"@id\":\"https:\\\/\\\/www.purejewels.com\\\/#\\\/schema\\\/logo\\\/image\\\/\"}}]}<\/script>\n<!-- \/ Yoast SEO plugin. -->","yoast_head_json":{"title":"22 Ayar Telkari Alt\u0131n Saplama Online Sat\u0131\u015fta | PureJewels UK","description":"Bu k\u00fcpeler, de\u011ferli bir hat\u0131ra olaca\u011f\u0131 kesin olan g\u00fczel bir m\u00fccevher par\u00e7as\u0131d\u0131r. G\u00fcnl\u00fck g\u00f6r\u00fcn\u00fcm\u00fcn\u00fcze Hint k\u00fclt\u00fcr\u00fcnden bir dokunu\u015f katabilirler.","robots":{"index":"index","follow":"follow","max-snippet":"max-snippet:-1","max-image-preview":"max-image-preview:large","max-video-preview":"max-video-preview:-1"},"canonical":"https:\/\/www.purejewels.com\/tr\/urun\/22-ayar-altin-telkari-saplama\/","og_locale":"tr_TR","og_type":"article","og_title":"22ct Filigree Gold Stud Available Online | PureJewels UK","og_description":"These earrings are a beautiful piece of jewelry that is sure to be a cherished keepsake. They can add a touch of Indian culture to your everyday look.","og_url":"https:\/\/www.purejewels.com\/tr\/urun\/22-ayar-altin-telkari-saplama\/","og_site_name":"PureJewels UK","article_modified_time":"2026-01-06T05:33:50+00:00","og_image":[{"width":1000,"height":1000,"url":"https:\/\/www.purejewels.com\/wp-content\/uploads\/2023\/08\/43846.png","type":"image\/png"}],"twitter_card":"summary_large_image","twitter_misc":{"Tahmini okuma s\u00fcresi":"1 dakika"},"schema":{"@context":"https:\/\/schema.org","@graph":[{"@type":["WebPage","ItemPage"],"@id":"https:\/\/www.purejewels.com\/product\/22ct-gold-filigree-stud\/","url":"https:\/\/www.purejewels.com\/product\/22ct-gold-filigree-stud\/","name":"22 Ayar Telkari Alt\u0131n Saplama Online Sat\u0131\u015fta | PureJewels UK","isPartOf":{"@id":"https:\/\/www.purejewels.com\/#website"},"primaryImageOfPage":{"@id":"https:\/\/www.purejewels.com\/product\/22ct-gold-filigree-stud\/#primaryimage"},"image":{"@id":"https:\/\/www.purejewels.com\/product\/22ct-gold-filigree-stud\/#primaryimage"},"thumbnailUrl":"https:\/\/static.purejewels.com\/wp-content\/uploads\/2023\/08\/43846.png","datePublished":"2024-12-09T07:57:36+00:00","dateModified":"2026-01-06T05:33:50+00:00","description":"Bu k\u00fcpeler, de\u011ferli bir hat\u0131ra olaca\u011f\u0131 kesin olan g\u00fczel bir m\u00fccevher par\u00e7as\u0131d\u0131r. G\u00fcnl\u00fck g\u00f6r\u00fcn\u00fcm\u00fcn\u00fcze Hint k\u00fclt\u00fcr\u00fcnden bir dokunu\u015f katabilirler.","breadcrumb":{"@id":"https:\/\/www.purejewels.com\/product\/22ct-gold-filigree-stud\/#breadcrumb"},"inLanguage":"tr","potentialAction":[{"@type":"ReadAction","target":["https:\/\/www.purejewels.com\/product\/22ct-gold-filigree-stud\/"]}]},{"@type":"ImageObject","inLanguage":"tr","@id":"https:\/\/www.purejewels.com\/product\/22ct-gold-filigree-stud\/#primaryimage","url":"https:\/\/static.purejewels.com\/wp-content\/uploads\/2023\/08\/43846.png","contentUrl":"https:\/\/static.purejewels.com\/wp-content\/uploads\/2023\/08\/43846.png","width":1000,"height":1000,"caption":"22ct GoldStud"},{"@type":"BreadcrumbList","@id":"https:\/\/www.purejewels.com\/product\/22ct-gold-filigree-stud\/#breadcrumb","itemListElement":[{"@type":"ListItem","position":1,"name":"Home","item":"https:\/\/www.purejewels.com\/"},{"@type":"ListItem","position":2,"name":"Shop","item":"https:\/\/www.purejewels.com\/shop\/"},{"@type":"ListItem","position":3,"name":"22ct Yellow Gold Filigree Stud"}]},{"@type":"WebSite","@id":"https:\/\/www.purejewels.com\/#website","url":"https:\/\/www.purejewels.com\/","name":"PureJewels \u0130ngiltere","description":"Sevgiyi Payla\u015f\u0131n","publisher":{"@id":"https:\/\/www.purejewels.com\/#organization"},"potentialAction":[{"@type":"SearchAction","target":{"@type":"EntryPoint","urlTemplate":"https:\/\/www.purejewels.com\/?s={search_term_string}"},"query-input":{"@type":"PropertyValueSpecification","valueRequired":true,"valueName":"search_term_string"}}],"inLanguage":"tr"},{"@type":"Organization","@id":"https:\/\/www.purejewels.com\/#organization","name":"PureJewels \u0130ngiltere","url":"https:\/\/www.purejewels.com\/","logo":{"@type":"ImageObject","inLanguage":"tr","@id":"https:\/\/www.purejewels.com\/#\/schema\/logo\/image\/","url":"https:\/\/static.purejewels.com\/wp-content\/uploads\/2020\/11\/Logo-PJ-New-1.png","contentUrl":"https:\/\/static.purejewels.com\/wp-content\/uploads\/2020\/11\/Logo-PJ-New-1.png","width":150,"height":80,"caption":"PureJewels UK"},"image":{"@id":"https:\/\/www.purejewels.com\/#\/schema\/logo\/image\/"}}]}},"_links":{"self":[{"href":"https:\/\/www.purejewels.com\/tr\/wp-json\/wp\/v2\/product\/347340","targetHints":{"allow":["GET"]}}],"collection":[{"href":"https:\/\/www.purejewels.com\/tr\/wp-json\/wp\/v2\/product"}],"about":[{"href":"https:\/\/www.purejewels.com\/tr\/wp-json\/wp\/v2\/types\/product"}],"replies":[{"embeddable":true,"href":"https:\/\/www.purejewels.com\/tr\/wp-json\/wp\/v2\/comments?post=347340"}],"version-history":[{"count":1,"href":"https:\/\/www.purejewels.com\/tr\/wp-json\/wp\/v2\/product\/347340\/revisions"}],"predecessor-version":[{"id":380564,"href":"https:\/\/www.purejewels.com\/tr\/wp-json\/wp\/v2\/product\/347340\/revisions\/380564"}],"wp:featuredmedia":[{"embeddable":true,"href":"https:\/\/www.purejewels.com\/tr\/wp-json\/wp\/v2\/media\/359023"}],"wp:attachment":[{"href":"https:\/\/www.purejewels.com\/tr\/wp-json\/wp\/v2\/media?parent=347340"}],"wp:term":[{"taxonomy":"product_brand","embeddable":true,"href":"https:\/\/www.purejewels.com\/tr\/wp-json\/wp\/v2\/product_brand?post=347340"},{"taxonomy":"product_cat","embeddable":true,"href":"https:\/\/www.purejewels.com\/tr\/wp-json\/wp\/v2\/product_cat?post=347340"},{"taxonomy":"product_tag","embeddable":true,"href":"https:\/\/www.purejewels.com\/tr\/wp-json\/wp\/v2\/product_tag?post=347340"}],"curies":[{"name":"wp","href":"https:\/\/api.w.org\/{rel}","templated":true}]}}