{"id":347437,"date":"2023-06-13T07:17:43","date_gmt":"2023-06-13T06:17:43","guid":{"rendered":"https:\/\/www.purejewels.com\/?post_type=product&#038;p=347437"},"modified":"2025-11-04T04:39:07","modified_gmt":"2025-11-04T04:39:07","slug":"18-ayar-beyaz-altin-baklali-zincir-50369","status":"publish","type":"product","link":"https:\/\/www.purejewels.com\/tr\/product\/18ct-white-gold-link-chain-50369\/","title":{"rendered":"18 Ayar Beyaz Alt\u0131n | Baklal\u0131 Zincir | 18 \u0130n\u00e7 | 1,3mm Kal\u0131nl\u0131k"},"content":{"rendered":"<p>Bu zamans\u0131z tak\u0131 ile m\u00fccevher koleksiyonunuza sofistike bir dokunu\u015f kat\u0131n <a href=\"https:\/\/www.purejewels.com\/tr\/product\/diamond-bracelet-in-18ct-white-gold\/\">18 Ayar Beyaz Alt\u0131n<\/a> <a href=\"https:\/\/www.purejewels.com\/tr\/product\/18ct-white-gold-link-chain-46414\/\">Ba\u011flant\u0131 Zinciri<\/a>. M\u00fckemmellik i\u00e7in \u00fcretilmi\u015f bu zarif zincir, hem g\u00fcnl\u00fck kullan\u0131m hem de \u00f6zel g\u00fcnler i\u00e7in tasarlanm\u0131\u015ft\u0131r.<\/p>\n<ul>\n<li><strong>Malzeme<\/strong>: Premium <a href=\"https:\/\/www.purejewels.com\/tr\/product\/18ct-white-gold-khanda-sikh-religious-pendant-6226\/\">18ct<\/a> beyaz alt\u0131n, parlak ve dayan\u0131kl\u0131 bir y\u00fczey sunar.<\/li>\n<li><strong>Tasar\u0131m<\/strong>: Klasik ba\u011flant\u0131 stili, \u00e7ok y\u00f6nl\u00fc ve kolyelerle e\u015fle\u015ftirmek veya tek ba\u015f\u0131na takmak i\u00e7in m\u00fckemmel.<\/li>\n<li><strong>Uzunluk<\/strong>: 18 in\u00e7, yaka \u00e7evresine tam oturmas\u0131 i\u00e7in idealdir.<\/li>\n<li><strong>Kal\u0131nl\u0131k<\/strong>: 1,3 mm, incelik ve g\u00fc\u00e7 aras\u0131nda m\u00fckemmel bir denge kurar.<\/li>\n<\/ul>\n<p>Bu zincirin \u015f\u0131k tasar\u0131m\u0131 ve kusursuz i\u015f\u00e7ili\u011fi, onu abart\u0131s\u0131z l\u00fcks\u00fc takdir eden herkes i\u00e7in sahip olunmas\u0131 gereken bir aksesuar haline getiriyor.<\/p>","protected":false},"excerpt":{"rendered":"<table class=\"sh_desc\" style=\"width: 100%; height: 280px;\">\n<tbody>\n<tr style=\"height: 28px;\">\n<td style=\"height: 28px;\">Zincir Tipi<\/td>\n<td style=\"height: 28px;\">Ba\u011flant\u0131 Zinciri<\/td>\n<\/tr>\n<tr style=\"height: 28px;\">\n<td style=\"height: 28px;\">SKU<\/td>\n<td style=\"height: 28px;\">50369<\/td>\n<\/tr>\n<tr style=\"height: 28px;\">\n<td style=\"height: 28px;\">A\u011f\u0131rl\u0131k<\/td>\n<td style=\"height: 28px;\">2.4 Gms<\/td>\n<\/tr>\n<tr style=\"height: 28px;\">\n<td style=\"height: 28px;\">Kal\u0131nl\u0131k<\/td>\n<td style=\"height: 28px;\">1.3mm<\/td>\n<\/tr>\n<tr style=\"height: 28px;\">\n<td style=\"height: 28px;\">Metal<\/td>\n<td style=\"height: 28px;\">18 Ayar Beyaz Alt\u0131n<\/td>\n<\/tr>\n<tr style=\"height: 28px;\">\n<td style=\"height: 28px;\">Uzunluk<\/td>\n<td style=\"height: 28px;\">18 in\u00e7<\/td>\n<\/tr>\n<tr style=\"height: 28px;\">\n<td style=\"height: 28px;\">Hallmark<\/td>\n<td style=\"height: 28px;\">Londra Tahlil Ofisi Taraf\u0131ndan Damgalanm\u0131\u015f 18 Ayar Beyaz Alt\u0131n<\/td>\n<\/tr>\n<tr style=\"height: 28px;\">\n<td style=\"height: 28px;\">\u00dccretler<\/td>\n<td style=\"height: 28px;\">Teslimat ve KDV Dahil<\/td>\n<\/tr>\n<tr style=\"height: 28px;\">\n<td style=\"height: 28px;\">Paketleme<\/td>\n<td style=\"height: 28px;\">Sunum Kutusu ile Birlikte Gelir<\/td>\n<\/tr>\n<tr style=\"height: 28px;\">\n<td style=\"height: 28px;\">Daha Fazla Bilgi<\/td>\n<td style=\"height: 28px;\">M\u00fcsaitlik durumu ve daha fazla resim i\u00e7in bizimle canl\u0131 sohbet edin<\/td>\n<\/tr>\n<\/tbody>\n<\/table>","protected":false},"featured_media":348487,"comment_status":"closed","ping_status":"closed","template":"","meta":{"_eb_attr":"","_crsspst_to_jayantr4sg-hostcom":true},"product_brand":[],"product_cat":[5021,5316,5679,1794,1475,5343,1772,5943,5597,5338,1569,5348],"product_tag":[65],"class_list":{"0":"post-347437","1":"product","2":"type-product","3":"status-publish","4":"has-post-thumbnail","6":"product_cat-18-inch-kids-chain","7":"product_cat-18ct-white-gold-chain","8":"product_cat-18ct-gold-jewellery","9":"product_cat-christmas-gifts","10":"product_cat-gold-chains","11":"product_cat-jewellery-under-550","12":"product_cat-kids-chains","13":"product_cat-kids-jewellery","14":"product_cat-link-chain","15":"product_cat-shop-by-price","16":"product_cat-valentine-day-gifts","17":"product_cat-white-gold-jewellery","18":"product_tag-chains","20":"first","21":"instock","22":"taxable","23":"shipping-taxable","24":"purchasable","25":"product-type-simple","26":"add-to-wishlist-before_image"},"yoast_head":"<!-- This site is optimized with the Yoast SEO plugin v27.5 - https:\/\/yoast.com\/product\/yoast-seo-wordpress\/ -->\n<title>18ct White Gold Link Chain in 18 inches | PureJewels UK<\/title>\n<meta name=\"description\" content=\"white gold link chains in UK | 18 inch Link Chain in UK | Daily wear unisex chains in18 Carat white gold. Shop online this chain today! Free delivery across UK.\" \/>\n<meta name=\"robots\" content=\"index, follow, max-snippet:-1, max-image-preview:large, max-video-preview:-1\" \/>\n<link rel=\"canonical\" href=\"https:\/\/www.purejewels.com\/tr\/urun\/18-ayar-beyaz-altin-baklali-zincir-50369\/\" \/>\n<meta property=\"og:locale\" content=\"tr_TR\" \/>\n<meta property=\"og:type\" content=\"article\" \/>\n<meta property=\"og:title\" content=\"18ct White Gold Link Chain in 18 inches | PureJewels UK\" \/>\n<meta property=\"og:description\" content=\"white gold link chains in UK | 18 inch Link Chain in UK | Daily wear unisex chains in18 Carat white gold. Shop online this chain today! Free delivery across UK.\" \/>\n<meta property=\"og:url\" content=\"https:\/\/www.purejewels.com\/tr\/urun\/18-ayar-beyaz-altin-baklali-zincir-50369\/\" \/>\n<meta property=\"og:site_name\" content=\"PureJewels UK\" \/>\n<meta property=\"article:modified_time\" content=\"2025-11-04T04:39:07+00:00\" \/>\n<meta property=\"og:image\" content=\"https:\/\/www.purejewels.com\/wp-content\/uploads\/2023\/06\/SKU-33892_1-scaled.jpg\" \/>\n\t<meta property=\"og:image:width\" content=\"1707\" \/>\n\t<meta property=\"og:image:height\" content=\"2560\" \/>\n\t<meta property=\"og:image:type\" content=\"image\/jpeg\" \/>\n<meta name=\"twitter:card\" content=\"summary_large_image\" \/>\n<meta name=\"twitter:label1\" content=\"Tahmini okuma s\u00fcresi\" \/>\n\t<meta name=\"twitter:data1\" content=\"1 dakika\" \/>\n<script type=\"application\/ld+json\" class=\"yoast-schema-graph\">{\"@context\":\"https:\\\/\\\/schema.org\",\"@graph\":[{\"@type\":[\"WebPage\",\"ItemPage\"],\"@id\":\"https:\\\/\\\/www.purejewels.com\\\/product\\\/18ct-white-gold-link-chain-50369\\\/\",\"url\":\"https:\\\/\\\/www.purejewels.com\\\/product\\\/18ct-white-gold-link-chain-50369\\\/\",\"name\":\"18ct White Gold Link Chain in 18 inches | PureJewels UK\",\"isPartOf\":{\"@id\":\"https:\\\/\\\/www.purejewels.com\\\/#website\"},\"primaryImageOfPage\":{\"@id\":\"https:\\\/\\\/www.purejewels.com\\\/product\\\/18ct-white-gold-link-chain-50369\\\/#primaryimage\"},\"image\":{\"@id\":\"https:\\\/\\\/www.purejewels.com\\\/product\\\/18ct-white-gold-link-chain-50369\\\/#primaryimage\"},\"thumbnailUrl\":\"https:\\\/\\\/static.purejewels.com\\\/wp-content\\\/uploads\\\/2023\\\/06\\\/SKU-33892_1-scaled.jpg\",\"datePublished\":\"2023-06-13T06:17:43+00:00\",\"dateModified\":\"2025-11-04T04:39:07+00:00\",\"description\":\"white gold link chains in UK | 18 inch Link Chain in UK | Daily wear unisex chains in18 Carat white gold. Shop online this chain today! Free delivery across UK.\",\"breadcrumb\":{\"@id\":\"https:\\\/\\\/www.purejewels.com\\\/product\\\/18ct-white-gold-link-chain-50369\\\/#breadcrumb\"},\"inLanguage\":\"tr\",\"potentialAction\":[{\"@type\":\"ReadAction\",\"target\":[\"https:\\\/\\\/www.purejewels.com\\\/product\\\/18ct-white-gold-link-chain-50369\\\/\"]}]},{\"@type\":\"ImageObject\",\"inLanguage\":\"tr\",\"@id\":\"https:\\\/\\\/www.purejewels.com\\\/product\\\/18ct-white-gold-link-chain-50369\\\/#primaryimage\",\"url\":\"https:\\\/\\\/static.purejewels.com\\\/wp-content\\\/uploads\\\/2023\\\/06\\\/SKU-33892_1-scaled.jpg\",\"contentUrl\":\"https:\\\/\\\/static.purejewels.com\\\/wp-content\\\/uploads\\\/2023\\\/06\\\/SKU-33892_1-scaled.jpg\",\"width\":1707,\"height\":2560,\"caption\":\"18ct White Gold Chain\"},{\"@type\":\"BreadcrumbList\",\"@id\":\"https:\\\/\\\/www.purejewels.com\\\/product\\\/18ct-white-gold-link-chain-50369\\\/#breadcrumb\",\"itemListElement\":[{\"@type\":\"ListItem\",\"position\":1,\"name\":\"Home\",\"item\":\"https:\\\/\\\/www.purejewels.com\\\/\"},{\"@type\":\"ListItem\",\"position\":2,\"name\":\"Shop\",\"item\":\"https:\\\/\\\/www.purejewels.com\\\/shop\\\/\"},{\"@type\":\"ListItem\",\"position\":3,\"name\":\"18ct White Gold | Link Chain | 18 Inches | 1.3mm Thick\"}]},{\"@type\":\"WebSite\",\"@id\":\"https:\\\/\\\/www.purejewels.com\\\/#website\",\"url\":\"https:\\\/\\\/www.purejewels.com\\\/\",\"name\":\"PureJewels UK\",\"description\":\"Share the Love\",\"publisher\":{\"@id\":\"https:\\\/\\\/www.purejewels.com\\\/#organization\"},\"potentialAction\":[{\"@type\":\"SearchAction\",\"target\":{\"@type\":\"EntryPoint\",\"urlTemplate\":\"https:\\\/\\\/www.purejewels.com\\\/?s={search_term_string}\"},\"query-input\":{\"@type\":\"PropertyValueSpecification\",\"valueRequired\":true,\"valueName\":\"search_term_string\"}}],\"inLanguage\":\"tr\"},{\"@type\":\"Organization\",\"@id\":\"https:\\\/\\\/www.purejewels.com\\\/#organization\",\"name\":\"PureJewels UK\",\"url\":\"https:\\\/\\\/www.purejewels.com\\\/\",\"logo\":{\"@type\":\"ImageObject\",\"inLanguage\":\"tr\",\"@id\":\"https:\\\/\\\/www.purejewels.com\\\/#\\\/schema\\\/logo\\\/image\\\/\",\"url\":\"https:\\\/\\\/static.purejewels.com\\\/wp-content\\\/uploads\\\/2020\\\/11\\\/Logo-PJ-New-1.png\",\"contentUrl\":\"https:\\\/\\\/static.purejewels.com\\\/wp-content\\\/uploads\\\/2020\\\/11\\\/Logo-PJ-New-1.png\",\"width\":150,\"height\":80,\"caption\":\"PureJewels UK\"},\"image\":{\"@id\":\"https:\\\/\\\/www.purejewels.com\\\/#\\\/schema\\\/logo\\\/image\\\/\"}}]}<\/script>\n<!-- \/ Yoast SEO plugin. -->","yoast_head_json":{"title":"18 in\u00e7 18 Ayar Beyaz Alt\u0131n Ba\u011flant\u0131 Zinciri | PureJewels UK","description":"\u0130ngiltere'de beyaz alt\u0131n baklal\u0131 zincirler | \u0130ngiltere'de 18 in\u00e7 Baklal\u0131 Zincir | 18 Karat beyaz alt\u0131n g\u00fcnl\u00fck kullan\u0131m unisex zincirler. Bu zinciri bug\u00fcn online sat\u0131n al\u0131n! \u0130ngiltere genelinde \u00fccretsiz teslimat.","robots":{"index":"index","follow":"follow","max-snippet":"max-snippet:-1","max-image-preview":"max-image-preview:large","max-video-preview":"max-video-preview:-1"},"canonical":"https:\/\/www.purejewels.com\/tr\/urun\/18-ayar-beyaz-altin-baklali-zincir-50369\/","og_locale":"tr_TR","og_type":"article","og_title":"18ct White Gold Link Chain in 18 inches | PureJewels UK","og_description":"white gold link chains in UK | 18 inch Link Chain in UK | Daily wear unisex chains in18 Carat white gold. Shop online this chain today! Free delivery across UK.","og_url":"https:\/\/www.purejewels.com\/tr\/urun\/18-ayar-beyaz-altin-baklali-zincir-50369\/","og_site_name":"PureJewels UK","article_modified_time":"2025-11-04T04:39:07+00:00","og_image":[{"width":1707,"height":2560,"url":"https:\/\/www.purejewels.com\/wp-content\/uploads\/2023\/06\/SKU-33892_1-scaled.jpg","type":"image\/jpeg"}],"twitter_card":"summary_large_image","twitter_misc":{"Tahmini okuma s\u00fcresi":"1 dakika"},"schema":{"@context":"https:\/\/schema.org","@graph":[{"@type":["WebPage","ItemPage"],"@id":"https:\/\/www.purejewels.com\/product\/18ct-white-gold-link-chain-50369\/","url":"https:\/\/www.purejewels.com\/product\/18ct-white-gold-link-chain-50369\/","name":"18 in\u00e7 18 Ayar Beyaz Alt\u0131n Ba\u011flant\u0131 Zinciri | PureJewels UK","isPartOf":{"@id":"https:\/\/www.purejewels.com\/#website"},"primaryImageOfPage":{"@id":"https:\/\/www.purejewels.com\/product\/18ct-white-gold-link-chain-50369\/#primaryimage"},"image":{"@id":"https:\/\/www.purejewels.com\/product\/18ct-white-gold-link-chain-50369\/#primaryimage"},"thumbnailUrl":"https:\/\/static.purejewels.com\/wp-content\/uploads\/2023\/06\/SKU-33892_1-scaled.jpg","datePublished":"2023-06-13T06:17:43+00:00","dateModified":"2025-11-04T04:39:07+00:00","description":"\u0130ngiltere'de beyaz alt\u0131n baklal\u0131 zincirler | \u0130ngiltere'de 18 in\u00e7 Baklal\u0131 Zincir | 18 Karat beyaz alt\u0131n g\u00fcnl\u00fck kullan\u0131m unisex zincirler. Bu zinciri bug\u00fcn online sat\u0131n al\u0131n! \u0130ngiltere genelinde \u00fccretsiz teslimat.","breadcrumb":{"@id":"https:\/\/www.purejewels.com\/product\/18ct-white-gold-link-chain-50369\/#breadcrumb"},"inLanguage":"tr","potentialAction":[{"@type":"ReadAction","target":["https:\/\/www.purejewels.com\/product\/18ct-white-gold-link-chain-50369\/"]}]},{"@type":"ImageObject","inLanguage":"tr","@id":"https:\/\/www.purejewels.com\/product\/18ct-white-gold-link-chain-50369\/#primaryimage","url":"https:\/\/static.purejewels.com\/wp-content\/uploads\/2023\/06\/SKU-33892_1-scaled.jpg","contentUrl":"https:\/\/static.purejewels.com\/wp-content\/uploads\/2023\/06\/SKU-33892_1-scaled.jpg","width":1707,"height":2560,"caption":"18ct White Gold Chain"},{"@type":"BreadcrumbList","@id":"https:\/\/www.purejewels.com\/product\/18ct-white-gold-link-chain-50369\/#breadcrumb","itemListElement":[{"@type":"ListItem","position":1,"name":"Home","item":"https:\/\/www.purejewels.com\/"},{"@type":"ListItem","position":2,"name":"Shop","item":"https:\/\/www.purejewels.com\/shop\/"},{"@type":"ListItem","position":3,"name":"18ct White Gold | Link Chain | 18 Inches | 1.3mm Thick"}]},{"@type":"WebSite","@id":"https:\/\/www.purejewels.com\/#website","url":"https:\/\/www.purejewels.com\/","name":"PureJewels \u0130ngiltere","description":"Sevgiyi Payla\u015f\u0131n","publisher":{"@id":"https:\/\/www.purejewels.com\/#organization"},"potentialAction":[{"@type":"SearchAction","target":{"@type":"EntryPoint","urlTemplate":"https:\/\/www.purejewels.com\/?s={search_term_string}"},"query-input":{"@type":"PropertyValueSpecification","valueRequired":true,"valueName":"search_term_string"}}],"inLanguage":"tr"},{"@type":"Organization","@id":"https:\/\/www.purejewels.com\/#organization","name":"PureJewels \u0130ngiltere","url":"https:\/\/www.purejewels.com\/","logo":{"@type":"ImageObject","inLanguage":"tr","@id":"https:\/\/www.purejewels.com\/#\/schema\/logo\/image\/","url":"https:\/\/static.purejewels.com\/wp-content\/uploads\/2020\/11\/Logo-PJ-New-1.png","contentUrl":"https:\/\/static.purejewels.com\/wp-content\/uploads\/2020\/11\/Logo-PJ-New-1.png","width":150,"height":80,"caption":"PureJewels UK"},"image":{"@id":"https:\/\/www.purejewels.com\/#\/schema\/logo\/image\/"}}]}},"_links":{"self":[{"href":"https:\/\/www.purejewels.com\/tr\/wp-json\/wp\/v2\/product\/347437","targetHints":{"allow":["GET"]}}],"collection":[{"href":"https:\/\/www.purejewels.com\/tr\/wp-json\/wp\/v2\/product"}],"about":[{"href":"https:\/\/www.purejewels.com\/tr\/wp-json\/wp\/v2\/types\/product"}],"replies":[{"embeddable":true,"href":"https:\/\/www.purejewels.com\/tr\/wp-json\/wp\/v2\/comments?post=347437"}],"version-history":[{"count":3,"href":"https:\/\/www.purejewels.com\/tr\/wp-json\/wp\/v2\/product\/347437\/revisions"}],"predecessor-version":[{"id":420029,"href":"https:\/\/www.purejewels.com\/tr\/wp-json\/wp\/v2\/product\/347437\/revisions\/420029"}],"wp:featuredmedia":[{"embeddable":true,"href":"https:\/\/www.purejewels.com\/tr\/wp-json\/wp\/v2\/media\/348487"}],"wp:attachment":[{"href":"https:\/\/www.purejewels.com\/tr\/wp-json\/wp\/v2\/media?parent=347437"}],"wp:term":[{"taxonomy":"product_brand","embeddable":true,"href":"https:\/\/www.purejewels.com\/tr\/wp-json\/wp\/v2\/product_brand?post=347437"},{"taxonomy":"product_cat","embeddable":true,"href":"https:\/\/www.purejewels.com\/tr\/wp-json\/wp\/v2\/product_cat?post=347437"},{"taxonomy":"product_tag","embeddable":true,"href":"https:\/\/www.purejewels.com\/tr\/wp-json\/wp\/v2\/product_tag?post=347437"}],"curies":[{"name":"wp","href":"https:\/\/api.w.org\/{rel}","templated":true}]}}