{"id":347457,"date":"2023-06-13T12:42:14","date_gmt":"2023-06-13T11:42:14","guid":{"rendered":"https:\/\/www.purejewels.com\/?post_type=product&#038;p=347457"},"modified":"2026-02-09T06:03:30","modified_gmt":"2026-02-09T06:03:30","slug":"kadinlar-icin-22-ayar-altin-antika-bilezik-44428","status":"publish","type":"product","link":"https:\/\/www.purejewels.com\/tr\/product\/antique-bracelet-for-women-in-22ct-gold-44428\/","title":{"rendered":"Kad\u0131nlar \u0130\u00e7in 22 Ayar Alt\u0131n Antik Bileklik"},"content":{"rendered":"<p data-start=\"0\" data-end=\"376\"><strong data-start=\"0\" data-end=\"10\">Tasar\u0131m<\/strong><br data-start=\"10\" data-end=\"13\" \/>Rosettes koleksiyonundan bu 22 ayar alt\u0131n bilezik, \u00e7i\u00e7ek a\u00e7m\u0131\u015f bir \u00e7i\u00e7e\u011fi yans\u0131tan zengin katmanl\u0131 bir rozeti merkeze al\u0131yor. Karma\u015f\u0131k desen i\u015f\u00e7ili\u011fine sahip iki yontulmu\u015f kubbe motifiyle \u00e7er\u00e7evelenen bu bilezik, antika yadigar\u0131 m\u00fccevherlerin sessiz ihti\u015fam\u0131na sahiptir. \u00c7ift ba\u011flant\u0131l\u0131 zincir, cesur merkezi \u00e7i\u00e7e\u011fi yumu\u015fatarak bilekte dengeli, kad\u0131ns\u0131 bir siluet yarat\u0131r.<\/p>\n<p data-start=\"378\" data-end=\"797\"><strong data-start=\"378\" data-end=\"395\">Zanaatkarl\u0131k<\/strong><br data-start=\"395\" data-end=\"398\" \/>Antika esintili bir \u0131\u015f\u0131lt\u0131ya sahip 22 ayar s\u0131cak alt\u0131nla elde tamamlanan bilezik, her bir yapra\u011f\u0131 ve boncu\u011fu vurgulayan ayr\u0131nt\u0131l\u0131 gran\u00fclasyon ve kabartma i\u015flerini sergiliyor. Merkezi rozet yaprak yaprak in\u015fa edilerek \u0131\u015f\u0131\u011f\u0131 g\u00fczel bir \u015fekilde yakalayan derinlik ve boyut kazand\u0131r\u0131lm\u0131\u015ft\u0131r. Sa\u011flam bir toka ve rahatl\u0131k i\u00e7in ayarlanabilir ba\u011flant\u0131larla sabitlenen her bir par\u00e7a, alt\u0131n\u0131n safl\u0131\u011f\u0131n\u0131 belgelemek i\u00e7in \u0130ngiltere'de damgalanm\u0131\u015ft\u0131r.<\/p>\n<p data-start=\"799\" data-end=\"1211\" data-is-last-node=\"\" data-is-only-node=\"\"><strong data-start=\"799\" data-end=\"820\">Stil Fikirleri<\/strong><br data-start=\"820\" data-end=\"823\" \/>Bu bilezi\u011fi ipek sariler, lehengalar veya gece elbiseleriyle birlikte kullan\u0131n ve rozetin bilekte tek ba\u015f\u0131na durmas\u0131na izin verin. Daha dolgun bir g\u00f6r\u00fcn\u00fcm i\u00e7in, ince alt\u0131n bileziklerle veya koleksiyondan e\u015fle\u015fen bir rozet y\u00fcz\u00fckle e\u015fle\u015ftirin. Do\u011fum g\u00fcnleri, y\u0131ld\u00f6n\u00fcmleri ya da gelin g\u00fcnleri i\u00e7in anlaml\u0131 bir hediye, \u00f6zellikle de anlatacak bir hikayesi varm\u0131\u015f gibi hissettiren m\u00fccevherlere de\u011fer veren biri i\u00e7in.<\/p>","protected":false},"excerpt":{"rendered":"<table class=\"sh_desc\">\n<tbody>\n<tr>\n<td>Bilezik T\u00fcr\u00fc<\/td>\n<td>22 Ayar Alt\u0131n Bileklik<\/td>\n<\/tr>\n<tr>\n<td>Biti\u015f<\/td>\n<td>Antik Kaplama<\/td>\n<\/tr>\n<tr>\n<td>SKU<\/td>\n<td>44429,45481, 44428<\/td>\n<\/tr>\n<tr>\n<td>A\u011f\u0131rl\u0131k<\/td>\n<td>13.2Gms<\/td>\n<\/tr>\n<tr>\n<td>Uzunluk<\/td>\n<td>7 \u0130n\u00e7<\/td>\n<\/tr>\n<tr>\n<td>Hallmark<\/td>\n<td>Londra Tahlil Ofisi Taraf\u0131ndan Damgalanm\u0131\u015f 22 Ayar Alt\u0131n<\/td>\n<\/tr>\n<tr>\n<td>\u00dccretler<\/td>\n<td>Teslimat ve KDV Dahil<\/td>\n<\/tr>\n<tr>\n<td>Paketleme<\/td>\n<td>Sunum Kutusu ile Birlikte Gelir<\/td>\n<\/tr>\n<tr>\n<td>Daha Fazla Bilgi<\/td>\n<td>Alt\u0131n Bilezi\u011fin mevcudiyeti ve daha fazla g\u00f6rsel i\u00e7in bizimle canl\u0131 sohbet edin<\/p>\n<ul>\n<li>Daha fazla alt\u0131n bilezik ke\u015ffedin<\/li>\n<\/ul>\n<\/td>\n<\/tr>\n<\/tbody>\n<\/table>","protected":false},"featured_media":329327,"comment_status":"closed","ping_status":"closed","template":"","meta":{"_eb_attr":"","_crsspst_to_jayantr4sg-hostcom":false},"product_brand":[],"product_cat":[1791,1559,6057,236,5701,6059,1790,1324,1229,5586,1656,1573,1574],"product_tag":[],"class_list":{"0":"post-347457","1":"product","2":"type-product","3":"status-publish","4":"has-post-thumbnail","6":"product_cat-anniversary-gifts","7":"product_cat-birthday-gifts","8":"product_cat-chain-bracelet","9":"product_cat-collections","10":"product_cat-eid-jewellery","11":"product_cat-fancy-bracelet","12":"product_cat-for-whom-when","13":"product_cat-gold-bracelet","14":"product_cat-22ct-gold-jewellery","15":"product_cat-rosette-bracelet","16":"product_cat-rosettes-collections","17":"product_cat-wedding-gifts","18":"product_cat-womens-jewellery","20":"first","21":"instock","22":"taxable","23":"shipping-taxable","24":"purchasable","25":"product-type-simple","26":"add-to-wishlist-before_image"},"yoast_head":"<!-- This site is optimized with the Yoast SEO plugin v27.5 - https:\/\/yoast.com\/product\/yoast-seo-wordpress\/ -->\n<title>Antique Bracelet For Women in 22ct Gold | Rosette Collection<\/title>\n<meta name=\"description\" content=\"Discover the allure of timeless elegance with our Antique Bracelet for Women in 22ct Gold. Adorn your wrist with exquisite craftsmanship. Shop now!\" \/>\n<meta name=\"robots\" content=\"index, follow, max-snippet:-1, max-image-preview:large, max-video-preview:-1\" \/>\n<link rel=\"canonical\" href=\"https:\/\/www.purejewels.com\/tr\/urun\/kadinlar-icin-22-ayar-altin-antika-bilezik-44428\/\" \/>\n<meta property=\"og:locale\" content=\"tr_TR\" \/>\n<meta property=\"og:type\" content=\"article\" \/>\n<meta property=\"og:title\" content=\"Antique Bracelet For Women in 22ct Gold | Rosette Collection\" \/>\n<meta property=\"og:description\" content=\"Discover the allure of timeless elegance with our Antique Bracelet for Women in 22ct Gold. Adorn your wrist with exquisite craftsmanship. Shop now!\" \/>\n<meta property=\"og:url\" content=\"https:\/\/www.purejewels.com\/tr\/urun\/kadinlar-icin-22-ayar-altin-antika-bilezik-44428\/\" \/>\n<meta property=\"og:site_name\" content=\"PureJewels UK\" \/>\n<meta property=\"article:modified_time\" content=\"2026-02-09T06:03:30+00:00\" \/>\n<meta property=\"og:image\" content=\"https:\/\/static.purejewels.com\/wp-content\/uploads\/2021\/11\/41038.jpg\" \/>\n\t<meta property=\"og:image:width\" content=\"1000\" \/>\n\t<meta property=\"og:image:height\" content=\"1000\" \/>\n\t<meta property=\"og:image:type\" content=\"image\/jpeg\" \/>\n<meta name=\"twitter:card\" content=\"summary_large_image\" \/>\n<meta name=\"twitter:label1\" content=\"Tahmini okuma s\u00fcresi\" \/>\n\t<meta name=\"twitter:data1\" content=\"2 dakika\" \/>\n<script type=\"application\/ld+json\" class=\"yoast-schema-graph\">{\"@context\":\"https:\\\/\\\/schema.org\",\"@graph\":[{\"@type\":[\"WebPage\",\"ItemPage\"],\"@id\":\"https:\\\/\\\/www.purejewels.com\\\/product\\\/antique-bracelet-for-women-in-22ct-gold-44428\\\/\",\"url\":\"https:\\\/\\\/www.purejewels.com\\\/product\\\/antique-bracelet-for-women-in-22ct-gold-44428\\\/\",\"name\":\"Antique Bracelet For Women in 22ct Gold | Rosette Collection\",\"isPartOf\":{\"@id\":\"https:\\\/\\\/www.purejewels.com\\\/#website\"},\"primaryImageOfPage\":{\"@id\":\"https:\\\/\\\/www.purejewels.com\\\/product\\\/antique-bracelet-for-women-in-22ct-gold-44428\\\/#primaryimage\"},\"image\":{\"@id\":\"https:\\\/\\\/www.purejewels.com\\\/product\\\/antique-bracelet-for-women-in-22ct-gold-44428\\\/#primaryimage\"},\"thumbnailUrl\":\"https:\\\/\\\/static.purejewels.com\\\/wp-content\\\/uploads\\\/2021\\\/11\\\/41038.jpg\",\"datePublished\":\"2023-06-13T11:42:14+00:00\",\"dateModified\":\"2026-02-09T06:03:30+00:00\",\"description\":\"Discover the allure of timeless elegance with our Antique Bracelet for Women in 22ct Gold. Adorn your wrist with exquisite craftsmanship. Shop now!\",\"breadcrumb\":{\"@id\":\"https:\\\/\\\/www.purejewels.com\\\/product\\\/antique-bracelet-for-women-in-22ct-gold-44428\\\/#breadcrumb\"},\"inLanguage\":\"tr\",\"potentialAction\":[{\"@type\":\"ReadAction\",\"target\":[\"https:\\\/\\\/www.purejewels.com\\\/product\\\/antique-bracelet-for-women-in-22ct-gold-44428\\\/\"]}]},{\"@type\":\"ImageObject\",\"inLanguage\":\"tr\",\"@id\":\"https:\\\/\\\/www.purejewels.com\\\/product\\\/antique-bracelet-for-women-in-22ct-gold-44428\\\/#primaryimage\",\"url\":\"https:\\\/\\\/static.purejewels.com\\\/wp-content\\\/uploads\\\/2021\\\/11\\\/41038.jpg\",\"contentUrl\":\"https:\\\/\\\/static.purejewels.com\\\/wp-content\\\/uploads\\\/2021\\\/11\\\/41038.jpg\",\"width\":1000,\"height\":1000},{\"@type\":\"BreadcrumbList\",\"@id\":\"https:\\\/\\\/www.purejewels.com\\\/product\\\/antique-bracelet-for-women-in-22ct-gold-44428\\\/#breadcrumb\",\"itemListElement\":[{\"@type\":\"ListItem\",\"position\":1,\"name\":\"Home\",\"item\":\"https:\\\/\\\/www.purejewels.com\\\/\"},{\"@type\":\"ListItem\",\"position\":2,\"name\":\"Shop\",\"item\":\"https:\\\/\\\/www.purejewels.com\\\/shop\\\/\"},{\"@type\":\"ListItem\",\"position\":3,\"name\":\"Antique Bracelet For Women in 22ct Gold\"}]},{\"@type\":\"WebSite\",\"@id\":\"https:\\\/\\\/www.purejewels.com\\\/#website\",\"url\":\"https:\\\/\\\/www.purejewels.com\\\/\",\"name\":\"PureJewels UK\",\"description\":\"Share the Love\",\"publisher\":{\"@id\":\"https:\\\/\\\/www.purejewels.com\\\/#organization\"},\"potentialAction\":[{\"@type\":\"SearchAction\",\"target\":{\"@type\":\"EntryPoint\",\"urlTemplate\":\"https:\\\/\\\/www.purejewels.com\\\/?s={search_term_string}\"},\"query-input\":{\"@type\":\"PropertyValueSpecification\",\"valueRequired\":true,\"valueName\":\"search_term_string\"}}],\"inLanguage\":\"tr\"},{\"@type\":\"Organization\",\"@id\":\"https:\\\/\\\/www.purejewels.com\\\/#organization\",\"name\":\"PureJewels UK\",\"url\":\"https:\\\/\\\/www.purejewels.com\\\/\",\"logo\":{\"@type\":\"ImageObject\",\"inLanguage\":\"tr\",\"@id\":\"https:\\\/\\\/www.purejewels.com\\\/#\\\/schema\\\/logo\\\/image\\\/\",\"url\":\"https:\\\/\\\/static.purejewels.com\\\/wp-content\\\/uploads\\\/2020\\\/11\\\/Logo-PJ-New-1.png\",\"contentUrl\":\"https:\\\/\\\/static.purejewels.com\\\/wp-content\\\/uploads\\\/2020\\\/11\\\/Logo-PJ-New-1.png\",\"width\":150,\"height\":80,\"caption\":\"PureJewels UK\"},\"image\":{\"@id\":\"https:\\\/\\\/www.purejewels.com\\\/#\\\/schema\\\/logo\\\/image\\\/\"}}]}<\/script>\n<!-- \/ Yoast SEO plugin. -->","yoast_head_json":{"title":"Kad\u0131nlar \u0130\u00e7in 22 Ayar Alt\u0131n Antik Bileklik | Rozet Koleksiyonu","description":"Zamans\u0131z \u015f\u0131kl\u0131\u011f\u0131n cazibesini 22 Ayar Alt\u0131n Antik Kad\u0131n Bilekli\u011fimizle ke\u015ffedin. Bile\u011finizi zarif i\u015f\u00e7ilikle s\u00fcsleyin. \u015eimdi al\u0131\u015fveri\u015f yap\u0131n!","robots":{"index":"index","follow":"follow","max-snippet":"max-snippet:-1","max-image-preview":"max-image-preview:large","max-video-preview":"max-video-preview:-1"},"canonical":"https:\/\/www.purejewels.com\/tr\/urun\/kadinlar-icin-22-ayar-altin-antika-bilezik-44428\/","og_locale":"tr_TR","og_type":"article","og_title":"Antique Bracelet For Women in 22ct Gold | Rosette Collection","og_description":"Discover the allure of timeless elegance with our Antique Bracelet for Women in 22ct Gold. Adorn your wrist with exquisite craftsmanship. Shop now!","og_url":"https:\/\/www.purejewels.com\/tr\/urun\/kadinlar-icin-22-ayar-altin-antika-bilezik-44428\/","og_site_name":"PureJewels UK","article_modified_time":"2026-02-09T06:03:30+00:00","og_image":[{"width":1000,"height":1000,"url":"https:\/\/static.purejewels.com\/wp-content\/uploads\/2021\/11\/41038.jpg","type":"image\/jpeg"}],"twitter_card":"summary_large_image","twitter_misc":{"Tahmini okuma s\u00fcresi":"2 dakika"},"schema":{"@context":"https:\/\/schema.org","@graph":[{"@type":["WebPage","ItemPage"],"@id":"https:\/\/www.purejewels.com\/product\/antique-bracelet-for-women-in-22ct-gold-44428\/","url":"https:\/\/www.purejewels.com\/product\/antique-bracelet-for-women-in-22ct-gold-44428\/","name":"Kad\u0131nlar \u0130\u00e7in 22 Ayar Alt\u0131n Antik Bileklik | Rozet Koleksiyonu","isPartOf":{"@id":"https:\/\/www.purejewels.com\/#website"},"primaryImageOfPage":{"@id":"https:\/\/www.purejewels.com\/product\/antique-bracelet-for-women-in-22ct-gold-44428\/#primaryimage"},"image":{"@id":"https:\/\/www.purejewels.com\/product\/antique-bracelet-for-women-in-22ct-gold-44428\/#primaryimage"},"thumbnailUrl":"https:\/\/static.purejewels.com\/wp-content\/uploads\/2021\/11\/41038.jpg","datePublished":"2023-06-13T11:42:14+00:00","dateModified":"2026-02-09T06:03:30+00:00","description":"Zamans\u0131z \u015f\u0131kl\u0131\u011f\u0131n cazibesini 22 Ayar Alt\u0131n Antik Kad\u0131n Bilekli\u011fimizle ke\u015ffedin. Bile\u011finizi zarif i\u015f\u00e7ilikle s\u00fcsleyin. \u015eimdi al\u0131\u015fveri\u015f yap\u0131n!","breadcrumb":{"@id":"https:\/\/www.purejewels.com\/product\/antique-bracelet-for-women-in-22ct-gold-44428\/#breadcrumb"},"inLanguage":"tr","potentialAction":[{"@type":"ReadAction","target":["https:\/\/www.purejewels.com\/product\/antique-bracelet-for-women-in-22ct-gold-44428\/"]}]},{"@type":"ImageObject","inLanguage":"tr","@id":"https:\/\/www.purejewels.com\/product\/antique-bracelet-for-women-in-22ct-gold-44428\/#primaryimage","url":"https:\/\/static.purejewels.com\/wp-content\/uploads\/2021\/11\/41038.jpg","contentUrl":"https:\/\/static.purejewels.com\/wp-content\/uploads\/2021\/11\/41038.jpg","width":1000,"height":1000},{"@type":"BreadcrumbList","@id":"https:\/\/www.purejewels.com\/product\/antique-bracelet-for-women-in-22ct-gold-44428\/#breadcrumb","itemListElement":[{"@type":"ListItem","position":1,"name":"Home","item":"https:\/\/www.purejewels.com\/"},{"@type":"ListItem","position":2,"name":"Shop","item":"https:\/\/www.purejewels.com\/shop\/"},{"@type":"ListItem","position":3,"name":"Antique Bracelet For Women in 22ct Gold"}]},{"@type":"WebSite","@id":"https:\/\/www.purejewels.com\/#website","url":"https:\/\/www.purejewels.com\/","name":"PureJewels \u0130ngiltere","description":"Sevgiyi Payla\u015f\u0131n","publisher":{"@id":"https:\/\/www.purejewels.com\/#organization"},"potentialAction":[{"@type":"SearchAction","target":{"@type":"EntryPoint","urlTemplate":"https:\/\/www.purejewels.com\/?s={search_term_string}"},"query-input":{"@type":"PropertyValueSpecification","valueRequired":true,"valueName":"search_term_string"}}],"inLanguage":"tr"},{"@type":"Organization","@id":"https:\/\/www.purejewels.com\/#organization","name":"PureJewels \u0130ngiltere","url":"https:\/\/www.purejewels.com\/","logo":{"@type":"ImageObject","inLanguage":"tr","@id":"https:\/\/www.purejewels.com\/#\/schema\/logo\/image\/","url":"https:\/\/static.purejewels.com\/wp-content\/uploads\/2020\/11\/Logo-PJ-New-1.png","contentUrl":"https:\/\/static.purejewels.com\/wp-content\/uploads\/2020\/11\/Logo-PJ-New-1.png","width":150,"height":80,"caption":"PureJewels UK"},"image":{"@id":"https:\/\/www.purejewels.com\/#\/schema\/logo\/image\/"}}]}},"_links":{"self":[{"href":"https:\/\/www.purejewels.com\/tr\/wp-json\/wp\/v2\/product\/347457","targetHints":{"allow":["GET"]}}],"collection":[{"href":"https:\/\/www.purejewels.com\/tr\/wp-json\/wp\/v2\/product"}],"about":[{"href":"https:\/\/www.purejewels.com\/tr\/wp-json\/wp\/v2\/types\/product"}],"replies":[{"embeddable":true,"href":"https:\/\/www.purejewels.com\/tr\/wp-json\/wp\/v2\/comments?post=347457"}],"version-history":[{"count":4,"href":"https:\/\/www.purejewels.com\/tr\/wp-json\/wp\/v2\/product\/347457\/revisions"}],"predecessor-version":[{"id":420601,"href":"https:\/\/www.purejewels.com\/tr\/wp-json\/wp\/v2\/product\/347457\/revisions\/420601"}],"wp:featuredmedia":[{"embeddable":true,"href":"https:\/\/www.purejewels.com\/tr\/wp-json\/wp\/v2\/media\/329327"}],"wp:attachment":[{"href":"https:\/\/www.purejewels.com\/tr\/wp-json\/wp\/v2\/media?parent=347457"}],"wp:term":[{"taxonomy":"product_brand","embeddable":true,"href":"https:\/\/www.purejewels.com\/tr\/wp-json\/wp\/v2\/product_brand?post=347457"},{"taxonomy":"product_cat","embeddable":true,"href":"https:\/\/www.purejewels.com\/tr\/wp-json\/wp\/v2\/product_cat?post=347457"},{"taxonomy":"product_tag","embeddable":true,"href":"https:\/\/www.purejewels.com\/tr\/wp-json\/wp\/v2\/product_tag?post=347457"}],"curies":[{"name":"wp","href":"https:\/\/api.w.org\/{rel}","templated":true}]}}