{"id":347570,"date":"2023-07-10T06:32:30","date_gmt":"2023-07-10T05:32:30","guid":{"rendered":"https:\/\/www.purejewels.com\/?post_type=product&#038;p=347570"},"modified":"2026-01-06T10:12:53","modified_gmt":"2026-01-06T10:12:53","slug":"kadinlar-icin-22-ayar-altin-orgu-zincir-bileklik-51982","status":"publish","type":"product","link":"https:\/\/www.purejewels.com\/tr\/product\/22ct-gold-mesh-chain-bracelet-for-women-51982\/","title":{"rendered":"Kad\u0131nlar i\u00e7in 22 Ayar Alt\u0131n \u00d6rg\u00fc Zincir Bileklik"},"content":{"rendered":"<p data-start=\"748\" data-end=\"1022\">Narin ama dayan\u0131kl\u0131, bizim <strong data-start=\"774\" data-end=\"817\">Kad\u0131nlar i\u00e7in 22 Ayar Alt\u0131n \u00d6rg\u00fc Zincir Bileklik<\/strong> \u00e7a\u011fda\u015f bir dokunu\u015fla zamans\u0131z zarafeti \u00f6rnekliyor. \u0130nce dokunmu\u015f \u00f6rg\u00fc desenine sahip bu bileklik, her bile\u011fi zarafetle tamamlayan l\u00fcks bir doku ve ola\u011fan\u00fcst\u00fc bir esneklik sunar.<\/p>\n<p data-start=\"1024\" data-end=\"1243\">Saf 22 ayar alt\u0131ndan ustal\u0131kla el i\u015f\u00e7ili\u011fiyle \u00fcretilmi\u015ftir, g\u00fc\u00e7 ve sofistikeli\u011fin uyumunu temsil eder. Ayarlanabilir zinciri ve g\u00fcvenli \u0131stakoz tokas\u0131 m\u00fckemmel bir uyum sa\u011flayarak g\u00fcnl\u00fck kullan\u0131m veya \u00f6zel g\u00fcnler i\u00e7in uygun hale getirir.<\/p>\n<p data-start=\"1245\" data-end=\"1422\">\u0130ster g\u00fcnl\u00fck gard\u0131robunuzla e\u015fle\u015ftirin ister di\u011fer par\u00e7alarla katmanlay\u0131n, bu bilezik i\u015f\u00e7ili\u011fe, kaliteye ve abart\u0131s\u0131z l\u00fckse de\u011fer veren kad\u0131nlar i\u00e7in m\u00fckemmel bir se\u00e7imdir.<\/p>","protected":false},"excerpt":{"rendered":"<p>Zarif ve \u0131\u015f\u0131lt\u0131l\u0131 bu 22 Ayar Alt\u0131n \u00d6rg\u00fc Zincir Bileklik, esnek ve dokulu tasar\u0131m\u0131yla karma\u015f\u0131k bir i\u015f\u00e7ilik sergiliyor. G\u00fcnl\u00fck \u015f\u0131kl\u0131k veya hediye i\u00e7in m\u00fckemmeldir.<\/p>\n<p><strong>Malzeme:<\/strong>\u00a022 Ayar Alt\u0131n<strong><br \/>\nHallmark:\u00a0<\/strong>\u0130ngiliz Damgas\u0131<strong><br \/>\n<\/strong><strong>Br\u00fct A\u011f\u0131rl\u0131k: <\/strong>7.39 Gms<br \/>\n<strong>Uzunluk:<\/strong> 6,5 in\u00e7<br \/>\n<strong>SKU:<\/strong> 51982<\/p>\n<p><strong>Fiyat ve Teslimat<\/strong>: KDV ve teslimat \u00fccreti dahil<br \/>\n<a href=\"https:\/\/www.purejewels.com\/tr\/i%cc%87ade-poli%cc%87ti%cc%87kasi\/\">\u0130ade Politikas\u0131<\/a><\/p>","protected":false},"featured_media":403262,"comment_status":"closed","ping_status":"closed","template":"","meta":{"_eb_attr":"","_crsspst_to_jayantr4sg-hostcom":true},"product_brand":[],"product_cat":[1791,1559,6057,5676,1793,1792,1324,1627,1570,1569,1573,1574],"product_tag":[5634],"class_list":{"0":"post-347570","1":"product","2":"type-product","3":"status-publish","4":"has-post-thumbnail","6":"product_cat-anniversary-gifts","7":"product_cat-birthday-gifts","8":"product_cat-chain-bracelet","9":"product_cat-chain-bracelets-for-ladies","10":"product_cat-diwali-gifts","11":"product_cat-festival-gifts","12":"product_cat-gold-bracelet","13":"product_cat-ladies-bracelet","14":"product_cat-mothers-day-gifts","15":"product_cat-valentine-day-gifts","16":"product_cat-wedding-gifts","17":"product_cat-womens-jewellery","18":"product_tag-22ct-gold-bracelet-for-ladies","20":"first","21":"outofstock","22":"taxable","23":"shipping-taxable","24":"product-type-simple","25":"add-to-wishlist-before_image"},"yoast_head":"<!-- This site is optimized with the Yoast SEO plugin v27.5 - https:\/\/yoast.com\/product\/yoast-seo-wordpress\/ -->\n<title>22ct Gold Mesh Bracelet for Women | Pure Gold Bracelet UK<\/title>\n<meta name=\"description\" content=\"Shop the elegant 22ct Gold Mesh Chain Bracelet for women. Lightweight, durable, and handcrafted for daily wear. Pure gold jewellery with free UK delivery.\" \/>\n<meta name=\"robots\" content=\"index, follow, max-snippet:-1, max-image-preview:large, max-video-preview:-1\" \/>\n<link rel=\"canonical\" href=\"https:\/\/www.purejewels.com\/tr\/urun\/kadinlar-icin-22-ayar-altin-orgu-zincir-bileklik-51982\/\" \/>\n<meta property=\"og:locale\" content=\"tr_TR\" \/>\n<meta property=\"og:type\" content=\"article\" \/>\n<meta property=\"og:title\" content=\"22ct Gold Mesh Bracelet for Women | Pure Gold Bracelet UK\" \/>\n<meta property=\"og:description\" content=\"Shop the elegant 22ct Gold Mesh Chain Bracelet for women. Lightweight, durable, and handcrafted for daily wear. Pure gold jewellery with free UK delivery.\" \/>\n<meta property=\"og:url\" content=\"https:\/\/www.purejewels.com\/tr\/urun\/kadinlar-icin-22-ayar-altin-orgu-zincir-bileklik-51982\/\" \/>\n<meta property=\"og:site_name\" content=\"PureJewels UK\" \/>\n<meta property=\"article:modified_time\" content=\"2026-01-06T10:12:53+00:00\" \/>\n<meta property=\"og:image\" content=\"https:\/\/www.purejewels.com\/wp-content\/uploads\/2023\/07\/SKU-51982.jpg\" \/>\n\t<meta property=\"og:image:width\" content=\"1000\" \/>\n\t<meta property=\"og:image:height\" content=\"1000\" \/>\n\t<meta property=\"og:image:type\" content=\"image\/jpeg\" \/>\n<meta name=\"twitter:card\" content=\"summary_large_image\" \/>\n<meta name=\"twitter:label1\" content=\"Tahmini okuma s\u00fcresi\" \/>\n\t<meta name=\"twitter:data1\" content=\"1 dakika\" \/>\n<script type=\"application\/ld+json\" class=\"yoast-schema-graph\">{\"@context\":\"https:\\\/\\\/schema.org\",\"@graph\":[{\"@type\":[\"WebPage\",\"ItemPage\"],\"@id\":\"https:\\\/\\\/www.purejewels.com\\\/product\\\/22ct-gold-mesh-chain-bracelet-for-women-51982\\\/\",\"url\":\"https:\\\/\\\/www.purejewels.com\\\/product\\\/22ct-gold-mesh-chain-bracelet-for-women-51982\\\/\",\"name\":\"22ct Gold Mesh Bracelet for Women | Pure Gold Bracelet UK\",\"isPartOf\":{\"@id\":\"https:\\\/\\\/www.purejewels.com\\\/#website\"},\"primaryImageOfPage\":{\"@id\":\"https:\\\/\\\/www.purejewels.com\\\/product\\\/22ct-gold-mesh-chain-bracelet-for-women-51982\\\/#primaryimage\"},\"image\":{\"@id\":\"https:\\\/\\\/www.purejewels.com\\\/product\\\/22ct-gold-mesh-chain-bracelet-for-women-51982\\\/#primaryimage\"},\"thumbnailUrl\":\"https:\\\/\\\/static.purejewels.com\\\/wp-content\\\/uploads\\\/2023\\\/07\\\/SKU-51982.jpg\",\"datePublished\":\"2023-07-10T05:32:30+00:00\",\"dateModified\":\"2026-01-06T10:12:53+00:00\",\"description\":\"Shop the elegant 22ct Gold Mesh Chain Bracelet for women. Lightweight, durable, and handcrafted for daily wear. Pure gold jewellery with free UK delivery.\",\"breadcrumb\":{\"@id\":\"https:\\\/\\\/www.purejewels.com\\\/product\\\/22ct-gold-mesh-chain-bracelet-for-women-51982\\\/#breadcrumb\"},\"inLanguage\":\"tr\",\"potentialAction\":[{\"@type\":\"ReadAction\",\"target\":[\"https:\\\/\\\/www.purejewels.com\\\/product\\\/22ct-gold-mesh-chain-bracelet-for-women-51982\\\/\"]}]},{\"@type\":\"ImageObject\",\"inLanguage\":\"tr\",\"@id\":\"https:\\\/\\\/www.purejewels.com\\\/product\\\/22ct-gold-mesh-chain-bracelet-for-women-51982\\\/#primaryimage\",\"url\":\"https:\\\/\\\/static.purejewels.com\\\/wp-content\\\/uploads\\\/2023\\\/07\\\/SKU-51982.jpg\",\"contentUrl\":\"https:\\\/\\\/static.purejewels.com\\\/wp-content\\\/uploads\\\/2023\\\/07\\\/SKU-51982.jpg\",\"width\":1000,\"height\":1000,\"caption\":\"22ct Gold Mesh Chain Bracelet for Women\"},{\"@type\":\"BreadcrumbList\",\"@id\":\"https:\\\/\\\/www.purejewels.com\\\/product\\\/22ct-gold-mesh-chain-bracelet-for-women-51982\\\/#breadcrumb\",\"itemListElement\":[{\"@type\":\"ListItem\",\"position\":1,\"name\":\"Home\",\"item\":\"https:\\\/\\\/www.purejewels.com\\\/\"},{\"@type\":\"ListItem\",\"position\":2,\"name\":\"Shop\",\"item\":\"https:\\\/\\\/www.purejewels.com\\\/shop\\\/\"},{\"@type\":\"ListItem\",\"position\":3,\"name\":\"22ct Gold Mesh Chain Bracelet for Women\"}]},{\"@type\":\"WebSite\",\"@id\":\"https:\\\/\\\/www.purejewels.com\\\/#website\",\"url\":\"https:\\\/\\\/www.purejewels.com\\\/\",\"name\":\"PureJewels UK\",\"description\":\"Share the Love\",\"publisher\":{\"@id\":\"https:\\\/\\\/www.purejewels.com\\\/#organization\"},\"potentialAction\":[{\"@type\":\"SearchAction\",\"target\":{\"@type\":\"EntryPoint\",\"urlTemplate\":\"https:\\\/\\\/www.purejewels.com\\\/?s={search_term_string}\"},\"query-input\":{\"@type\":\"PropertyValueSpecification\",\"valueRequired\":true,\"valueName\":\"search_term_string\"}}],\"inLanguage\":\"tr\"},{\"@type\":\"Organization\",\"@id\":\"https:\\\/\\\/www.purejewels.com\\\/#organization\",\"name\":\"PureJewels UK\",\"url\":\"https:\\\/\\\/www.purejewels.com\\\/\",\"logo\":{\"@type\":\"ImageObject\",\"inLanguage\":\"tr\",\"@id\":\"https:\\\/\\\/www.purejewels.com\\\/#\\\/schema\\\/logo\\\/image\\\/\",\"url\":\"https:\\\/\\\/static.purejewels.com\\\/wp-content\\\/uploads\\\/2020\\\/11\\\/Logo-PJ-New-1.png\",\"contentUrl\":\"https:\\\/\\\/static.purejewels.com\\\/wp-content\\\/uploads\\\/2020\\\/11\\\/Logo-PJ-New-1.png\",\"width\":150,\"height\":80,\"caption\":\"PureJewels UK\"},\"image\":{\"@id\":\"https:\\\/\\\/www.purejewels.com\\\/#\\\/schema\\\/logo\\\/image\\\/\"}}]}<\/script>\n<!-- \/ Yoast SEO plugin. -->","yoast_head_json":{"title":"Kad\u0131nlar i\u00e7in 22 Ayar Alt\u0131n \u00d6rg\u00fc Bileklik | Saf Alt\u0131n Bileklik \u0130ngiltere","description":"Kad\u0131nlar i\u00e7in zarif 22 ayar alt\u0131n \u00f6rg\u00fc zincir bilezi\u011fi sat\u0131n al\u0131n. Hafif, dayan\u0131kl\u0131 ve g\u00fcnl\u00fck kullan\u0131m i\u00e7in el yap\u0131m\u0131. \u00dccretsiz \u0130ngiltere teslimat\u0131 ile saf alt\u0131n tak\u0131lar.","robots":{"index":"index","follow":"follow","max-snippet":"max-snippet:-1","max-image-preview":"max-image-preview:large","max-video-preview":"max-video-preview:-1"},"canonical":"https:\/\/www.purejewels.com\/tr\/urun\/kadinlar-icin-22-ayar-altin-orgu-zincir-bileklik-51982\/","og_locale":"tr_TR","og_type":"article","og_title":"22ct Gold Mesh Bracelet for Women | Pure Gold Bracelet UK","og_description":"Shop the elegant 22ct Gold Mesh Chain Bracelet for women. Lightweight, durable, and handcrafted for daily wear. Pure gold jewellery with free UK delivery.","og_url":"https:\/\/www.purejewels.com\/tr\/urun\/kadinlar-icin-22-ayar-altin-orgu-zincir-bileklik-51982\/","og_site_name":"PureJewels UK","article_modified_time":"2026-01-06T10:12:53+00:00","og_image":[{"width":1000,"height":1000,"url":"https:\/\/www.purejewels.com\/wp-content\/uploads\/2023\/07\/SKU-51982.jpg","type":"image\/jpeg"}],"twitter_card":"summary_large_image","twitter_misc":{"Tahmini okuma s\u00fcresi":"1 dakika"},"schema":{"@context":"https:\/\/schema.org","@graph":[{"@type":["WebPage","ItemPage"],"@id":"https:\/\/www.purejewels.com\/product\/22ct-gold-mesh-chain-bracelet-for-women-51982\/","url":"https:\/\/www.purejewels.com\/product\/22ct-gold-mesh-chain-bracelet-for-women-51982\/","name":"Kad\u0131nlar i\u00e7in 22 Ayar Alt\u0131n \u00d6rg\u00fc Bileklik | Saf Alt\u0131n Bileklik \u0130ngiltere","isPartOf":{"@id":"https:\/\/www.purejewels.com\/#website"},"primaryImageOfPage":{"@id":"https:\/\/www.purejewels.com\/product\/22ct-gold-mesh-chain-bracelet-for-women-51982\/#primaryimage"},"image":{"@id":"https:\/\/www.purejewels.com\/product\/22ct-gold-mesh-chain-bracelet-for-women-51982\/#primaryimage"},"thumbnailUrl":"https:\/\/static.purejewels.com\/wp-content\/uploads\/2023\/07\/SKU-51982.jpg","datePublished":"2023-07-10T05:32:30+00:00","dateModified":"2026-01-06T10:12:53+00:00","description":"Kad\u0131nlar i\u00e7in zarif 22 ayar alt\u0131n \u00f6rg\u00fc zincir bilezi\u011fi sat\u0131n al\u0131n. Hafif, dayan\u0131kl\u0131 ve g\u00fcnl\u00fck kullan\u0131m i\u00e7in el yap\u0131m\u0131. \u00dccretsiz \u0130ngiltere teslimat\u0131 ile saf alt\u0131n tak\u0131lar.","breadcrumb":{"@id":"https:\/\/www.purejewels.com\/product\/22ct-gold-mesh-chain-bracelet-for-women-51982\/#breadcrumb"},"inLanguage":"tr","potentialAction":[{"@type":"ReadAction","target":["https:\/\/www.purejewels.com\/product\/22ct-gold-mesh-chain-bracelet-for-women-51982\/"]}]},{"@type":"ImageObject","inLanguage":"tr","@id":"https:\/\/www.purejewels.com\/product\/22ct-gold-mesh-chain-bracelet-for-women-51982\/#primaryimage","url":"https:\/\/static.purejewels.com\/wp-content\/uploads\/2023\/07\/SKU-51982.jpg","contentUrl":"https:\/\/static.purejewels.com\/wp-content\/uploads\/2023\/07\/SKU-51982.jpg","width":1000,"height":1000,"caption":"22ct Gold Mesh Chain Bracelet for Women"},{"@type":"BreadcrumbList","@id":"https:\/\/www.purejewels.com\/product\/22ct-gold-mesh-chain-bracelet-for-women-51982\/#breadcrumb","itemListElement":[{"@type":"ListItem","position":1,"name":"Home","item":"https:\/\/www.purejewels.com\/"},{"@type":"ListItem","position":2,"name":"Shop","item":"https:\/\/www.purejewels.com\/shop\/"},{"@type":"ListItem","position":3,"name":"22ct Gold Mesh Chain Bracelet for Women"}]},{"@type":"WebSite","@id":"https:\/\/www.purejewels.com\/#website","url":"https:\/\/www.purejewels.com\/","name":"PureJewels \u0130ngiltere","description":"Sevgiyi Payla\u015f\u0131n","publisher":{"@id":"https:\/\/www.purejewels.com\/#organization"},"potentialAction":[{"@type":"SearchAction","target":{"@type":"EntryPoint","urlTemplate":"https:\/\/www.purejewels.com\/?s={search_term_string}"},"query-input":{"@type":"PropertyValueSpecification","valueRequired":true,"valueName":"search_term_string"}}],"inLanguage":"tr"},{"@type":"Organization","@id":"https:\/\/www.purejewels.com\/#organization","name":"PureJewels \u0130ngiltere","url":"https:\/\/www.purejewels.com\/","logo":{"@type":"ImageObject","inLanguage":"tr","@id":"https:\/\/www.purejewels.com\/#\/schema\/logo\/image\/","url":"https:\/\/static.purejewels.com\/wp-content\/uploads\/2020\/11\/Logo-PJ-New-1.png","contentUrl":"https:\/\/static.purejewels.com\/wp-content\/uploads\/2020\/11\/Logo-PJ-New-1.png","width":150,"height":80,"caption":"PureJewels UK"},"image":{"@id":"https:\/\/www.purejewels.com\/#\/schema\/logo\/image\/"}}]}},"_links":{"self":[{"href":"https:\/\/www.purejewels.com\/tr\/wp-json\/wp\/v2\/product\/347570","targetHints":{"allow":["GET"]}}],"collection":[{"href":"https:\/\/www.purejewels.com\/tr\/wp-json\/wp\/v2\/product"}],"about":[{"href":"https:\/\/www.purejewels.com\/tr\/wp-json\/wp\/v2\/types\/product"}],"replies":[{"embeddable":true,"href":"https:\/\/www.purejewels.com\/tr\/wp-json\/wp\/v2\/comments?post=347570"}],"version-history":[{"count":3,"href":"https:\/\/www.purejewels.com\/tr\/wp-json\/wp\/v2\/product\/347570\/revisions"}],"predecessor-version":[{"id":403261,"href":"https:\/\/www.purejewels.com\/tr\/wp-json\/wp\/v2\/product\/347570\/revisions\/403261"}],"wp:featuredmedia":[{"embeddable":true,"href":"https:\/\/www.purejewels.com\/tr\/wp-json\/wp\/v2\/media\/403262"}],"wp:attachment":[{"href":"https:\/\/www.purejewels.com\/tr\/wp-json\/wp\/v2\/media?parent=347570"}],"wp:term":[{"taxonomy":"product_brand","embeddable":true,"href":"https:\/\/www.purejewels.com\/tr\/wp-json\/wp\/v2\/product_brand?post=347570"},{"taxonomy":"product_cat","embeddable":true,"href":"https:\/\/www.purejewels.com\/tr\/wp-json\/wp\/v2\/product_cat?post=347570"},{"taxonomy":"product_tag","embeddable":true,"href":"https:\/\/www.purejewels.com\/tr\/wp-json\/wp\/v2\/product_tag?post=347570"}],"curies":[{"name":"wp","href":"https:\/\/api.w.org\/{rel}","templated":true}]}}