{"id":347575,"date":"2023-06-15T06:51:53","date_gmt":"2023-06-15T05:51:53","guid":{"rendered":"https:\/\/www.purejewels.com\/?post_type=product&#038;p=347575"},"modified":"2026-01-06T09:47:36","modified_gmt":"2026-01-06T09:47:36","slug":"22-ayar-altin-kadin-bilezigi-44242","status":"publish","type":"product","link":"https:\/\/www.purejewels.com\/tr\/product\/women-bracelet-in-22ct-gold-44242\/","title":{"rendered":"22 ayar alt\u0131n sonsuzluk halkal\u0131 bileklik"},"content":{"rendered":"<p><strong>Tasar\u0131m<\/strong><\/p>\n<p>Bu bileklik, sonsuzluktan ilham alan bir dizi ak\u0131c\u0131 ba\u011flant\u0131dan olu\u015fur. Her bir ba\u011flant\u0131, ba\u011flant\u0131 ve uyumu simgeleyen yumu\u015fak, kesintisiz bir d\u00f6ng\u00fc olu\u015fturmak i\u00e7in hafif\u00e7e b\u00fck\u00fclm\u00fc\u015ft\u00fcr. Her ba\u011flant\u0131n\u0131n i\u00e7ine zarif bir ta\u015f yerle\u015ftirilmi\u015ftir ve bu ta\u015f, bilekli\u011fin zarif hareketini vurgulayan ince bir \u0131\u015f\u0131k par\u0131lt\u0131s\u0131 ekler. Zarif formu, heykelsi k\u0131vr\u0131mlar\u0131 ve abart\u0131s\u0131z parlakl\u0131\u011f\u0131 bir araya getirerek, hem rafine hem de anlaml\u0131 bir par\u00e7a olu\u015fturur.<\/p>\n<p><strong>Zanaatkarl\u0131k<\/strong><\/p>\n<p>Parlak 22 ayar alt\u0131ndan \u00fcretilen bilezik, rahatl\u0131k ve uzun \u00f6m\u00fcrl\u00fc kullan\u0131m i\u00e7in titizlikle tasarlanm\u0131\u015f ba\u011flant\u0131lara sahiptir. Her bir ta\u015f, a\u00e7\u0131kl\u0131k, simetri ve temiz bir g\u00f6r\u00fcn\u00fcm sa\u011flamak i\u00e7in halkas\u0131n\u0131n k\u0131vr\u0131m\u0131 i\u00e7inde ayr\u0131 ayr\u0131 sabitlenmi\u015ftir. Ba\u011flant\u0131lar\u0131n ak\u0131c\u0131 eklemleri, bilezi\u011fin bile\u011fe g\u00fczel bir \u015fekilde oturmas\u0131n\u0131 sa\u011flarken, ayn\u0131 zamanda sa\u011flaml\u0131k ve dayan\u0131kl\u0131l\u0131k da sunar. Her par\u00e7a, safl\u0131k ve orijinalli\u011fin kan\u0131t\u0131 olarak Birle\u015fik Krall\u0131k'ta damgalanm\u0131\u015ft\u0131r.<\/p>\n<p><strong>\u015eekillendirme &amp; Hediyele\u015fme<\/strong><\/p>\n<p>Bu sonsuzluk bilezi\u011fi, hem \u00e7a\u011fda\u015f hem de geleneksel g\u00f6r\u00fcn\u00fcmlerle kolayca e\u015fle\u015ftirilebilir. Zarif bir g\u00fcnl\u00fck stil i\u00e7in tek ba\u015f\u0131na tak\u0131n veya daha zengin ve etkileyici bir alt\u0131n tak\u0131 kombinasyonu olu\u015fturmak i\u00e7in ince bileziklerle birlikte tak\u0131n. S\u0131cak par\u0131lt\u0131s\u0131 ve sembolik tasar\u0131m\u0131, y\u0131ld\u00f6n\u00fcmleri, do\u011fum g\u00fcnleri veya kal\u0131c\u0131 ba\u011flar\u0131 ve de\u011ferli ili\u015fkileri kutlayan her an i\u00e7in d\u00fc\u015f\u00fcnceli bir hediye olmas\u0131n\u0131 sa\u011flar.<\/p>","protected":false},"excerpt":{"rendered":"<p>Ak\u0131c\u0131 sonsuzluk \u015fekilli halkalardan olu\u015fan zarif bir 22 ayar alt\u0131n bileklik, her bir halkada ince bir \u0131\u015f\u0131lt\u0131l\u0131 ta\u015f yer almaktad\u0131r. G\u00fcnl\u00fck kullan\u0131m veya hediye etmek i\u00e7in anlaml\u0131 ve zarif bir par\u00e7a.<\/p>\n<table class=\"sh_desc\" style=\"width: 100%; height: 252px;\">\n<tbody>\n<tr style=\"height: 28px;\">\n<td style=\"height: 28px;\">Bilezik T\u00fcr\u00fc<\/td>\n<td style=\"height: 28px;\">Bayan Bileklik<\/td>\n<\/tr>\n<tr style=\"height: 28px;\">\n<td style=\"height: 28px;\">SKU<\/td>\n<td style=\"height: 28px;\">44666<\/td>\n<\/tr>\n<tr style=\"height: 28px;\">\n<td style=\"height: 28px;\">A\u011f\u0131rl\u0131k<\/td>\n<td style=\"height: 28px;\">11.2 Gms<\/td>\n<\/tr>\n<tr style=\"height: 28px;\">\n<td style=\"height: 28px;\">Hallmark<\/td>\n<td style=\"height: 28px;\">Londra Tahlil Ofisi Taraf\u0131ndan Damgalanm\u0131\u015f 22 Ayar Alt\u0131n<\/td>\n<\/tr>\n<tr style=\"height: 28px;\">\n<td style=\"height: 28px;\">\u00dccretler<\/td>\n<td style=\"height: 28px;\">Teslimat ve KDV Dahil<\/td>\n<\/tr>\n<tr style=\"height: 28px;\">\n<td style=\"height: 28px;\">Paketleme<\/td>\n<td style=\"height: 28px;\">Sunum Kutusu ile Birlikte Gelir<\/td>\n<\/tr>\n<tr style=\"height: 56px;\">\n<td style=\"height: 56px;\">Daha Fazla Bilgi<\/td>\n<td style=\"height: 56px;\">Alt\u0131n Bilezi\u011fin mevcudiyeti ve daha fazla g\u00f6rsel i\u00e7in bizimle canl\u0131 sohbet edin<\/p>\n<ul>\n<li>Daha fazla alt\u0131n bilezik ke\u015ffedin<\/li>\n<\/ul>\n<\/td>\n<\/tr>\n<\/tbody>\n<\/table>","protected":false},"featured_media":348585,"comment_status":"closed","ping_status":"closed","template":"","meta":{"_eb_attr":"","_crsspst_to_jayantr4sg-hostcom":false},"product_brand":[],"product_cat":[1791,1559,1324,1627,1570,1574,5349],"product_tag":[],"class_list":{"0":"post-347575","1":"product","2":"type-product","3":"status-publish","4":"has-post-thumbnail","6":"product_cat-anniversary-gifts","7":"product_cat-birthday-gifts","8":"product_cat-gold-bracelet","9":"product_cat-ladies-bracelet","10":"product_cat-mothers-day-gifts","11":"product_cat-womens-jewellery","12":"product_cat-yellow-gold-jewellery","14":"first","15":"outofstock","16":"sale","17":"taxable","18":"shipping-taxable","19":"product-type-simple","20":"add-to-wishlist-before_image"},"yoast_head":"<!-- This site is optimized with the Yoast SEO plugin v27.5 - https:\/\/yoast.com\/product\/yoast-seo-wordpress\/ -->\n<title>Women&#039;s 22ct Gold Link Bracelet with Stone Accents<\/title>\n<meta name=\"description\" content=\"Elegant 22ct gold bracelet with infinity-inspired links and sparkling stone accents. Hallmarked in the UK and crafted for timeless everyday wear.\" \/>\n<meta name=\"robots\" content=\"index, follow, max-snippet:-1, max-image-preview:large, max-video-preview:-1\" \/>\n<link rel=\"canonical\" href=\"https:\/\/www.purejewels.com\/tr\/urun\/22-ayar-altin-kadin-bilezigi-44242\/\" \/>\n<meta property=\"og:locale\" content=\"tr_TR\" \/>\n<meta property=\"og:type\" content=\"article\" \/>\n<meta property=\"og:title\" content=\"Women&#039;s 22ct Gold Link Bracelet with Stone Accents\" \/>\n<meta property=\"og:description\" content=\"Elegant 22ct gold bracelet with infinity-inspired links and sparkling stone accents. Hallmarked in the UK and crafted for timeless everyday wear.\" \/>\n<meta property=\"og:url\" content=\"https:\/\/www.purejewels.com\/tr\/urun\/22-ayar-altin-kadin-bilezigi-44242\/\" \/>\n<meta property=\"og:site_name\" content=\"PureJewels UK\" \/>\n<meta property=\"article:modified_time\" content=\"2026-01-06T09:47:36+00:00\" \/>\n<meta property=\"og:image\" content=\"https:\/\/static.purejewels.com\/wp-content\/uploads\/2023\/06\/SKU-44665-scaled.jpg\" \/>\n\t<meta property=\"og:image:width\" content=\"2560\" \/>\n\t<meta property=\"og:image:height\" content=\"2560\" \/>\n\t<meta property=\"og:image:type\" content=\"image\/jpeg\" \/>\n<meta name=\"twitter:card\" content=\"summary_large_image\" \/>\n<meta name=\"twitter:label1\" content=\"Tahmini okuma s\u00fcresi\" \/>\n\t<meta name=\"twitter:data1\" content=\"2 dakika\" \/>\n<script type=\"application\/ld+json\" class=\"yoast-schema-graph\">{\"@context\":\"https:\\\/\\\/schema.org\",\"@graph\":[{\"@type\":[\"WebPage\",\"ItemPage\"],\"@id\":\"https:\\\/\\\/www.purejewels.com\\\/product\\\/women-bracelet-in-22ct-gold-44242\\\/\",\"url\":\"https:\\\/\\\/www.purejewels.com\\\/product\\\/women-bracelet-in-22ct-gold-44242\\\/\",\"name\":\"Women's 22ct Gold Link Bracelet with Stone Accents\",\"isPartOf\":{\"@id\":\"https:\\\/\\\/www.purejewels.com\\\/#website\"},\"primaryImageOfPage\":{\"@id\":\"https:\\\/\\\/www.purejewels.com\\\/product\\\/women-bracelet-in-22ct-gold-44242\\\/#primaryimage\"},\"image\":{\"@id\":\"https:\\\/\\\/www.purejewels.com\\\/product\\\/women-bracelet-in-22ct-gold-44242\\\/#primaryimage\"},\"thumbnailUrl\":\"https:\\\/\\\/static.purejewels.com\\\/wp-content\\\/uploads\\\/2023\\\/06\\\/SKU-44665-scaled.jpg\",\"datePublished\":\"2023-06-15T05:51:53+00:00\",\"dateModified\":\"2026-01-06T09:47:36+00:00\",\"description\":\"Elegant 22ct gold bracelet with infinity-inspired links and sparkling stone accents. Hallmarked in the UK and crafted for timeless everyday wear.\",\"breadcrumb\":{\"@id\":\"https:\\\/\\\/www.purejewels.com\\\/product\\\/women-bracelet-in-22ct-gold-44242\\\/#breadcrumb\"},\"inLanguage\":\"tr\",\"potentialAction\":[{\"@type\":\"ReadAction\",\"target\":[\"https:\\\/\\\/www.purejewels.com\\\/product\\\/women-bracelet-in-22ct-gold-44242\\\/\"]}]},{\"@type\":\"ImageObject\",\"inLanguage\":\"tr\",\"@id\":\"https:\\\/\\\/www.purejewels.com\\\/product\\\/women-bracelet-in-22ct-gold-44242\\\/#primaryimage\",\"url\":\"https:\\\/\\\/static.purejewels.com\\\/wp-content\\\/uploads\\\/2023\\\/06\\\/SKU-44665-scaled.jpg\",\"contentUrl\":\"https:\\\/\\\/static.purejewels.com\\\/wp-content\\\/uploads\\\/2023\\\/06\\\/SKU-44665-scaled.jpg\",\"width\":2560,\"height\":2560,\"caption\":\"Women Bracelet in 22ct Gold\"},{\"@type\":\"BreadcrumbList\",\"@id\":\"https:\\\/\\\/www.purejewels.com\\\/product\\\/women-bracelet-in-22ct-gold-44242\\\/#breadcrumb\",\"itemListElement\":[{\"@type\":\"ListItem\",\"position\":1,\"name\":\"Home\",\"item\":\"https:\\\/\\\/www.purejewels.com\\\/\"},{\"@type\":\"ListItem\",\"position\":2,\"name\":\"Shop\",\"item\":\"https:\\\/\\\/www.purejewels.com\\\/shop\\\/\"},{\"@type\":\"ListItem\",\"position\":3,\"name\":\"22ct Gold Infinity Loop Bracelet\"}]},{\"@type\":\"WebSite\",\"@id\":\"https:\\\/\\\/www.purejewels.com\\\/#website\",\"url\":\"https:\\\/\\\/www.purejewels.com\\\/\",\"name\":\"PureJewels UK\",\"description\":\"Share the Love\",\"publisher\":{\"@id\":\"https:\\\/\\\/www.purejewels.com\\\/#organization\"},\"potentialAction\":[{\"@type\":\"SearchAction\",\"target\":{\"@type\":\"EntryPoint\",\"urlTemplate\":\"https:\\\/\\\/www.purejewels.com\\\/?s={search_term_string}\"},\"query-input\":{\"@type\":\"PropertyValueSpecification\",\"valueRequired\":true,\"valueName\":\"search_term_string\"}}],\"inLanguage\":\"tr\"},{\"@type\":\"Organization\",\"@id\":\"https:\\\/\\\/www.purejewels.com\\\/#organization\",\"name\":\"PureJewels UK\",\"url\":\"https:\\\/\\\/www.purejewels.com\\\/\",\"logo\":{\"@type\":\"ImageObject\",\"inLanguage\":\"tr\",\"@id\":\"https:\\\/\\\/www.purejewels.com\\\/#\\\/schema\\\/logo\\\/image\\\/\",\"url\":\"https:\\\/\\\/static.purejewels.com\\\/wp-content\\\/uploads\\\/2020\\\/11\\\/Logo-PJ-New-1.png\",\"contentUrl\":\"https:\\\/\\\/static.purejewels.com\\\/wp-content\\\/uploads\\\/2020\\\/11\\\/Logo-PJ-New-1.png\",\"width\":150,\"height\":80,\"caption\":\"PureJewels UK\"},\"image\":{\"@id\":\"https:\\\/\\\/www.purejewels.com\\\/#\\\/schema\\\/logo\\\/image\\\/\"}}]}<\/script>\n<!-- \/ Yoast SEO plugin. -->","yoast_head_json":{"title":"Ta\u015f Detayl\u0131 Kad\u0131nlar \u0130\u00e7in 22 Ayar Alt\u0131n Zincir Bileklik","description":"Sonsuzluktan ilham alan ba\u011flant\u0131lar\u0131 ve \u0131\u015f\u0131lt\u0131l\u0131 ta\u015f detaylar\u0131yla zarif 22 ayar alt\u0131n bileklik. \u0130ngiltere'de damgal\u0131 ve zamans\u0131z g\u00fcnl\u00fck kullan\u0131m i\u00e7in tasarlanm\u0131\u015ft\u0131r.","robots":{"index":"index","follow":"follow","max-snippet":"max-snippet:-1","max-image-preview":"max-image-preview:large","max-video-preview":"max-video-preview:-1"},"canonical":"https:\/\/www.purejewels.com\/tr\/urun\/22-ayar-altin-kadin-bilezigi-44242\/","og_locale":"tr_TR","og_type":"article","og_title":"Women's 22ct Gold Link Bracelet with Stone Accents","og_description":"Elegant 22ct gold bracelet with infinity-inspired links and sparkling stone accents. Hallmarked in the UK and crafted for timeless everyday wear.","og_url":"https:\/\/www.purejewels.com\/tr\/urun\/22-ayar-altin-kadin-bilezigi-44242\/","og_site_name":"PureJewels UK","article_modified_time":"2026-01-06T09:47:36+00:00","og_image":[{"width":2560,"height":2560,"url":"https:\/\/static.purejewels.com\/wp-content\/uploads\/2023\/06\/SKU-44665-scaled.jpg","type":"image\/jpeg"}],"twitter_card":"summary_large_image","twitter_misc":{"Tahmini okuma s\u00fcresi":"2 dakika"},"schema":{"@context":"https:\/\/schema.org","@graph":[{"@type":["WebPage","ItemPage"],"@id":"https:\/\/www.purejewels.com\/product\/women-bracelet-in-22ct-gold-44242\/","url":"https:\/\/www.purejewels.com\/product\/women-bracelet-in-22ct-gold-44242\/","name":"Ta\u015f Detayl\u0131 Kad\u0131nlar \u0130\u00e7in 22 Ayar Alt\u0131n Zincir Bileklik","isPartOf":{"@id":"https:\/\/www.purejewels.com\/#website"},"primaryImageOfPage":{"@id":"https:\/\/www.purejewels.com\/product\/women-bracelet-in-22ct-gold-44242\/#primaryimage"},"image":{"@id":"https:\/\/www.purejewels.com\/product\/women-bracelet-in-22ct-gold-44242\/#primaryimage"},"thumbnailUrl":"https:\/\/static.purejewels.com\/wp-content\/uploads\/2023\/06\/SKU-44665-scaled.jpg","datePublished":"2023-06-15T05:51:53+00:00","dateModified":"2026-01-06T09:47:36+00:00","description":"Sonsuzluktan ilham alan ba\u011flant\u0131lar\u0131 ve \u0131\u015f\u0131lt\u0131l\u0131 ta\u015f detaylar\u0131yla zarif 22 ayar alt\u0131n bileklik. \u0130ngiltere'de damgal\u0131 ve zamans\u0131z g\u00fcnl\u00fck kullan\u0131m i\u00e7in tasarlanm\u0131\u015ft\u0131r.","breadcrumb":{"@id":"https:\/\/www.purejewels.com\/product\/women-bracelet-in-22ct-gold-44242\/#breadcrumb"},"inLanguage":"tr","potentialAction":[{"@type":"ReadAction","target":["https:\/\/www.purejewels.com\/product\/women-bracelet-in-22ct-gold-44242\/"]}]},{"@type":"ImageObject","inLanguage":"tr","@id":"https:\/\/www.purejewels.com\/product\/women-bracelet-in-22ct-gold-44242\/#primaryimage","url":"https:\/\/static.purejewels.com\/wp-content\/uploads\/2023\/06\/SKU-44665-scaled.jpg","contentUrl":"https:\/\/static.purejewels.com\/wp-content\/uploads\/2023\/06\/SKU-44665-scaled.jpg","width":2560,"height":2560,"caption":"Women Bracelet in 22ct Gold"},{"@type":"BreadcrumbList","@id":"https:\/\/www.purejewels.com\/product\/women-bracelet-in-22ct-gold-44242\/#breadcrumb","itemListElement":[{"@type":"ListItem","position":1,"name":"Home","item":"https:\/\/www.purejewels.com\/"},{"@type":"ListItem","position":2,"name":"Shop","item":"https:\/\/www.purejewels.com\/shop\/"},{"@type":"ListItem","position":3,"name":"22ct Gold Infinity Loop Bracelet"}]},{"@type":"WebSite","@id":"https:\/\/www.purejewels.com\/#website","url":"https:\/\/www.purejewels.com\/","name":"PureJewels \u0130ngiltere","description":"Sevgiyi Payla\u015f\u0131n","publisher":{"@id":"https:\/\/www.purejewels.com\/#organization"},"potentialAction":[{"@type":"SearchAction","target":{"@type":"EntryPoint","urlTemplate":"https:\/\/www.purejewels.com\/?s={search_term_string}"},"query-input":{"@type":"PropertyValueSpecification","valueRequired":true,"valueName":"search_term_string"}}],"inLanguage":"tr"},{"@type":"Organization","@id":"https:\/\/www.purejewels.com\/#organization","name":"PureJewels \u0130ngiltere","url":"https:\/\/www.purejewels.com\/","logo":{"@type":"ImageObject","inLanguage":"tr","@id":"https:\/\/www.purejewels.com\/#\/schema\/logo\/image\/","url":"https:\/\/static.purejewels.com\/wp-content\/uploads\/2020\/11\/Logo-PJ-New-1.png","contentUrl":"https:\/\/static.purejewels.com\/wp-content\/uploads\/2020\/11\/Logo-PJ-New-1.png","width":150,"height":80,"caption":"PureJewels UK"},"image":{"@id":"https:\/\/www.purejewels.com\/#\/schema\/logo\/image\/"}}]}},"_links":{"self":[{"href":"https:\/\/www.purejewels.com\/tr\/wp-json\/wp\/v2\/product\/347575","targetHints":{"allow":["GET"]}}],"collection":[{"href":"https:\/\/www.purejewels.com\/tr\/wp-json\/wp\/v2\/product"}],"about":[{"href":"https:\/\/www.purejewels.com\/tr\/wp-json\/wp\/v2\/types\/product"}],"replies":[{"embeddable":true,"href":"https:\/\/www.purejewels.com\/tr\/wp-json\/wp\/v2\/comments?post=347575"}],"version-history":[{"count":3,"href":"https:\/\/www.purejewels.com\/tr\/wp-json\/wp\/v2\/product\/347575\/revisions"}],"predecessor-version":[{"id":422930,"href":"https:\/\/www.purejewels.com\/tr\/wp-json\/wp\/v2\/product\/347575\/revisions\/422930"}],"wp:featuredmedia":[{"embeddable":true,"href":"https:\/\/www.purejewels.com\/tr\/wp-json\/wp\/v2\/media\/348585"}],"wp:attachment":[{"href":"https:\/\/www.purejewels.com\/tr\/wp-json\/wp\/v2\/media?parent=347575"}],"wp:term":[{"taxonomy":"product_brand","embeddable":true,"href":"https:\/\/www.purejewels.com\/tr\/wp-json\/wp\/v2\/product_brand?post=347575"},{"taxonomy":"product_cat","embeddable":true,"href":"https:\/\/www.purejewels.com\/tr\/wp-json\/wp\/v2\/product_cat?post=347575"},{"taxonomy":"product_tag","embeddable":true,"href":"https:\/\/www.purejewels.com\/tr\/wp-json\/wp\/v2\/product_tag?post=347575"}],"curies":[{"name":"wp","href":"https:\/\/api.w.org\/{rel}","templated":true}]}}