{"id":347579,"date":"2025-09-25T07:20:13","date_gmt":"2025-09-25T06:20:13","guid":{"rendered":"https:\/\/www.purejewels.com\/?post_type=product&#038;p=347579"},"modified":"2026-01-06T09:51:47","modified_gmt":"2026-01-06T09:51:47","slug":"rodyum-kaplamali-22-ayar-altin-bebek-bilezigi-48488","status":"publish","type":"product","link":"https:\/\/www.purejewels.com\/tr\/product\/22ct-gold-baby-bracelet-with-rhodium-finish-48488\/","title":{"rendered":"\u00c7ocuklar \u0130\u00e7in \u00c7ift Tonlu Alt\u0131n Bileklik | 5 \u0130n\u00e7"},"content":{"rendered":"<p>22 ayar alt\u0131ndan zarif bir \u015fekilde \u00fcretilen bu 5 in\u00e7lik \u00e7ocuk bilezi\u011fi sevgi, \u00f6zen ve ne\u015feli ba\u015flang\u0131\u00e7lar\u0131n sembol\u00fcd\u00fcr. \u015e\u0131k alt\u0131n kutu zincir, par\u0131ldayan beyaz tonlu dokulu boncuklarla serpi\u015ftirilerek hem zarif hem de gen\u00e7 bir g\u00f6r\u00fcn\u00fcm yarat\u0131yor.<\/p>\n<p>Hafif ama g\u00fcvenli olan bu bileklik, ister \u00f6zel bir g\u00fcn i\u00e7in de\u011ferli bir hediye ister bir d\u00f6n\u00fcm noktas\u0131n\u0131 i\u015faretlemek i\u00e7in bir hat\u0131ra olsun, g\u00fcnl\u00fck kullan\u0131m i\u00e7in tasarlanm\u0131\u015ft\u0131r. Bu bileklik, \u00e7ocuklu\u011fun \u00f6z\u00fcn\u00fc de\u011ferli alt\u0131nla yakal\u0131yor: nazik, ne\u015feli ve umut dolu.<\/p>","protected":false},"excerpt":{"rendered":"<p>Zarafet ve konforun hassas bir kar\u0131\u015f\u0131m\u0131 olan bu 22 ayar alt\u0131n bileklik, ince d\u00fc\u015f\u00fcn\u00fclm\u00fc\u015f detaylarla gen\u00e7 bilekler i\u00e7in tasarlanm\u0131\u015ft\u0131r. Dokulu beyaz-alt\u0131n tonlu (rodyum kaplama) boncuklar, k\u00fc\u00e7\u00fck \u00e7ocu\u011funuzla birlikte hareket edecek ince alt\u0131n zincire e\u011flenceli bir \u0131\u015f\u0131lt\u0131 kat\u0131yor.<\/p>\n<p><strong>Malzeme:<\/strong>\u00a022 Ayar Alt\u0131n<strong><br \/>\nHallmark:\u00a0<\/strong>\u0130ngiliz Damgas\u0131<strong><br \/>\n<\/strong><strong>Br\u00fct A\u011f\u0131rl\u0131k:\u00a0<\/strong>2.00 Gms<br \/>\n<strong>Uzunluk:<\/strong>\u00a05 in\u00e7<br \/>\n<strong>SKU:<\/strong> 48488<\/p>\n<p><strong>Fiyat ve Teslimat<\/strong>: KDV ve teslimat \u00fccreti dahil<br \/>\n<a href=\"https:\/\/www.purejewels.com\/tr\/i%cc%87ade-poli%cc%87ti%cc%87kasi\/\">\u0130ade Politikas\u0131<\/a><\/p>","protected":false},"featured_media":403523,"comment_status":"closed","ping_status":"closed","template":"","meta":{"_eb_attr":"","_crsspst_to_jayantr4sg-hostcom":true},"product_brand":[],"product_cat":[1576,1324,5344,1436,5349],"product_tag":[],"class_list":{"0":"post-347579","1":"product","2":"type-product","3":"status-publish","4":"has-post-thumbnail","6":"product_cat-childrens-jewellery","7":"product_cat-gold-bracelet","8":"product_cat-jewellery-under-750","9":"product_cat-kids-bracelet-kada","10":"product_cat-yellow-gold-jewellery","12":"first","13":"outofstock","14":"taxable","15":"shipping-taxable","16":"product-type-simple","17":"add-to-wishlist-before_image"},"yoast_head":"<!-- This site is optimized with the Yoast SEO plugin v27.5 - https:\/\/yoast.com\/product\/yoast-seo-wordpress\/ -->\n<title>Rhodium Finish Bracelet for New born Baby | PureJewels UK<\/title>\n<meta name=\"description\" content=\"Adorable rhodium finish bracelet for newborn baby. This delicate bracelet is perfect for your little one&#039;s first jewelry. Order yours today!\" \/>\n<meta name=\"robots\" content=\"index, follow, max-snippet:-1, max-image-preview:large, max-video-preview:-1\" \/>\n<link rel=\"canonical\" href=\"https:\/\/www.purejewels.com\/tr\/urun\/rodyum-kaplamali-22-ayar-altin-bebek-bilezigi-48488\/\" \/>\n<meta property=\"og:locale\" content=\"tr_TR\" \/>\n<meta property=\"og:type\" content=\"article\" \/>\n<meta property=\"og:title\" content=\"Rhodium Finish Bracelet for New born Baby | PureJewels UK\" \/>\n<meta property=\"og:description\" content=\"Adorable rhodium finish bracelet for newborn baby. This delicate bracelet is perfect for your little one&#039;s first jewelry. Order yours today!\" \/>\n<meta property=\"og:url\" content=\"https:\/\/www.purejewels.com\/tr\/urun\/rodyum-kaplamali-22-ayar-altin-bebek-bilezigi-48488\/\" \/>\n<meta property=\"og:site_name\" content=\"PureJewels UK\" \/>\n<meta property=\"article:modified_time\" content=\"2026-01-06T09:51:47+00:00\" \/>\n<meta property=\"og:image\" content=\"https:\/\/www.purejewels.com\/wp-content\/uploads\/2023\/06\/SKU-48488.jpg\" \/>\n\t<meta property=\"og:image:width\" content=\"1000\" \/>\n\t<meta property=\"og:image:height\" content=\"1000\" \/>\n\t<meta property=\"og:image:type\" content=\"image\/jpeg\" \/>\n<meta name=\"twitter:card\" content=\"summary_large_image\" \/>\n<script type=\"application\/ld+json\" class=\"yoast-schema-graph\">{\"@context\":\"https:\\\/\\\/schema.org\",\"@graph\":[{\"@type\":[\"WebPage\",\"ItemPage\"],\"@id\":\"https:\\\/\\\/www.purejewels.com\\\/product\\\/22ct-gold-baby-bracelet-with-rhodium-finish-48488\\\/\",\"url\":\"https:\\\/\\\/www.purejewels.com\\\/product\\\/22ct-gold-baby-bracelet-with-rhodium-finish-48488\\\/\",\"name\":\"Rhodium Finish Bracelet for New born Baby | PureJewels UK\",\"isPartOf\":{\"@id\":\"https:\\\/\\\/www.purejewels.com\\\/#website\"},\"primaryImageOfPage\":{\"@id\":\"https:\\\/\\\/www.purejewels.com\\\/product\\\/22ct-gold-baby-bracelet-with-rhodium-finish-48488\\\/#primaryimage\"},\"image\":{\"@id\":\"https:\\\/\\\/www.purejewels.com\\\/product\\\/22ct-gold-baby-bracelet-with-rhodium-finish-48488\\\/#primaryimage\"},\"thumbnailUrl\":\"https:\\\/\\\/static.purejewels.com\\\/wp-content\\\/uploads\\\/2023\\\/06\\\/SKU-48488.jpg\",\"datePublished\":\"2025-09-25T06:20:13+00:00\",\"dateModified\":\"2026-01-06T09:51:47+00:00\",\"description\":\"Adorable rhodium finish bracelet for newborn baby. This delicate bracelet is perfect for your little one's first jewelry. Order yours today!\",\"breadcrumb\":{\"@id\":\"https:\\\/\\\/www.purejewels.com\\\/product\\\/22ct-gold-baby-bracelet-with-rhodium-finish-48488\\\/#breadcrumb\"},\"inLanguage\":\"tr\",\"potentialAction\":[{\"@type\":\"ReadAction\",\"target\":[\"https:\\\/\\\/www.purejewels.com\\\/product\\\/22ct-gold-baby-bracelet-with-rhodium-finish-48488\\\/\"]}]},{\"@type\":\"ImageObject\",\"inLanguage\":\"tr\",\"@id\":\"https:\\\/\\\/www.purejewels.com\\\/product\\\/22ct-gold-baby-bracelet-with-rhodium-finish-48488\\\/#primaryimage\",\"url\":\"https:\\\/\\\/static.purejewels.com\\\/wp-content\\\/uploads\\\/2023\\\/06\\\/SKU-48488.jpg\",\"contentUrl\":\"https:\\\/\\\/static.purejewels.com\\\/wp-content\\\/uploads\\\/2023\\\/06\\\/SKU-48488.jpg\",\"width\":1000,\"height\":1000,\"caption\":\"Dual-Tone Gold Bracelet For Kids\"},{\"@type\":\"BreadcrumbList\",\"@id\":\"https:\\\/\\\/www.purejewels.com\\\/product\\\/22ct-gold-baby-bracelet-with-rhodium-finish-48488\\\/#breadcrumb\",\"itemListElement\":[{\"@type\":\"ListItem\",\"position\":1,\"name\":\"Home\",\"item\":\"https:\\\/\\\/www.purejewels.com\\\/\"},{\"@type\":\"ListItem\",\"position\":2,\"name\":\"Shop\",\"item\":\"https:\\\/\\\/www.purejewels.com\\\/shop\\\/\"},{\"@type\":\"ListItem\",\"position\":3,\"name\":\"Dual-Tone Gold Bracelet For Kids | 5 Inches\"}]},{\"@type\":\"WebSite\",\"@id\":\"https:\\\/\\\/www.purejewels.com\\\/#website\",\"url\":\"https:\\\/\\\/www.purejewels.com\\\/\",\"name\":\"PureJewels UK\",\"description\":\"Share the Love\",\"publisher\":{\"@id\":\"https:\\\/\\\/www.purejewels.com\\\/#organization\"},\"potentialAction\":[{\"@type\":\"SearchAction\",\"target\":{\"@type\":\"EntryPoint\",\"urlTemplate\":\"https:\\\/\\\/www.purejewels.com\\\/?s={search_term_string}\"},\"query-input\":{\"@type\":\"PropertyValueSpecification\",\"valueRequired\":true,\"valueName\":\"search_term_string\"}}],\"inLanguage\":\"tr\"},{\"@type\":\"Organization\",\"@id\":\"https:\\\/\\\/www.purejewels.com\\\/#organization\",\"name\":\"PureJewels UK\",\"url\":\"https:\\\/\\\/www.purejewels.com\\\/\",\"logo\":{\"@type\":\"ImageObject\",\"inLanguage\":\"tr\",\"@id\":\"https:\\\/\\\/www.purejewels.com\\\/#\\\/schema\\\/logo\\\/image\\\/\",\"url\":\"https:\\\/\\\/static.purejewels.com\\\/wp-content\\\/uploads\\\/2020\\\/11\\\/Logo-PJ-New-1.png\",\"contentUrl\":\"https:\\\/\\\/static.purejewels.com\\\/wp-content\\\/uploads\\\/2020\\\/11\\\/Logo-PJ-New-1.png\",\"width\":150,\"height\":80,\"caption\":\"PureJewels UK\"},\"image\":{\"@id\":\"https:\\\/\\\/www.purejewels.com\\\/#\\\/schema\\\/logo\\\/image\\\/\"}}]}<\/script>\n<!-- \/ Yoast SEO plugin. -->","yoast_head_json":{"title":"Yeni Do\u011fan Bebek i\u00e7in Rodyum Kaplama Bileklik | PureJewels UK","description":"Yeni do\u011fan bebek i\u00e7in sevimli rodyum kaplama bileklik. Bu narin bileklik, k\u00fc\u00e7\u00fck bebe\u011finizin ilk tak\u0131lar\u0131 i\u00e7in m\u00fckemmeldir. Sizinkini bug\u00fcn sipari\u015f edin!","robots":{"index":"index","follow":"follow","max-snippet":"max-snippet:-1","max-image-preview":"max-image-preview:large","max-video-preview":"max-video-preview:-1"},"canonical":"https:\/\/www.purejewels.com\/tr\/urun\/rodyum-kaplamali-22-ayar-altin-bebek-bilezigi-48488\/","og_locale":"tr_TR","og_type":"article","og_title":"Rhodium Finish Bracelet for New born Baby | PureJewels UK","og_description":"Adorable rhodium finish bracelet for newborn baby. This delicate bracelet is perfect for your little one's first jewelry. Order yours today!","og_url":"https:\/\/www.purejewels.com\/tr\/urun\/rodyum-kaplamali-22-ayar-altin-bebek-bilezigi-48488\/","og_site_name":"PureJewels UK","article_modified_time":"2026-01-06T09:51:47+00:00","og_image":[{"width":1000,"height":1000,"url":"https:\/\/www.purejewels.com\/wp-content\/uploads\/2023\/06\/SKU-48488.jpg","type":"image\/jpeg"}],"twitter_card":"summary_large_image","schema":{"@context":"https:\/\/schema.org","@graph":[{"@type":["WebPage","ItemPage"],"@id":"https:\/\/www.purejewels.com\/product\/22ct-gold-baby-bracelet-with-rhodium-finish-48488\/","url":"https:\/\/www.purejewels.com\/product\/22ct-gold-baby-bracelet-with-rhodium-finish-48488\/","name":"Yeni Do\u011fan Bebek i\u00e7in Rodyum Kaplama Bileklik | PureJewels UK","isPartOf":{"@id":"https:\/\/www.purejewels.com\/#website"},"primaryImageOfPage":{"@id":"https:\/\/www.purejewels.com\/product\/22ct-gold-baby-bracelet-with-rhodium-finish-48488\/#primaryimage"},"image":{"@id":"https:\/\/www.purejewels.com\/product\/22ct-gold-baby-bracelet-with-rhodium-finish-48488\/#primaryimage"},"thumbnailUrl":"https:\/\/static.purejewels.com\/wp-content\/uploads\/2023\/06\/SKU-48488.jpg","datePublished":"2025-09-25T06:20:13+00:00","dateModified":"2026-01-06T09:51:47+00:00","description":"Yeni do\u011fan bebek i\u00e7in sevimli rodyum kaplama bileklik. Bu narin bileklik, k\u00fc\u00e7\u00fck bebe\u011finizin ilk tak\u0131lar\u0131 i\u00e7in m\u00fckemmeldir. Sizinkini bug\u00fcn sipari\u015f edin!","breadcrumb":{"@id":"https:\/\/www.purejewels.com\/product\/22ct-gold-baby-bracelet-with-rhodium-finish-48488\/#breadcrumb"},"inLanguage":"tr","potentialAction":[{"@type":"ReadAction","target":["https:\/\/www.purejewels.com\/product\/22ct-gold-baby-bracelet-with-rhodium-finish-48488\/"]}]},{"@type":"ImageObject","inLanguage":"tr","@id":"https:\/\/www.purejewels.com\/product\/22ct-gold-baby-bracelet-with-rhodium-finish-48488\/#primaryimage","url":"https:\/\/static.purejewels.com\/wp-content\/uploads\/2023\/06\/SKU-48488.jpg","contentUrl":"https:\/\/static.purejewels.com\/wp-content\/uploads\/2023\/06\/SKU-48488.jpg","width":1000,"height":1000,"caption":"Dual-Tone Gold Bracelet For Kids"},{"@type":"BreadcrumbList","@id":"https:\/\/www.purejewels.com\/product\/22ct-gold-baby-bracelet-with-rhodium-finish-48488\/#breadcrumb","itemListElement":[{"@type":"ListItem","position":1,"name":"Home","item":"https:\/\/www.purejewels.com\/"},{"@type":"ListItem","position":2,"name":"Shop","item":"https:\/\/www.purejewels.com\/shop\/"},{"@type":"ListItem","position":3,"name":"Dual-Tone Gold Bracelet For Kids | 5 Inches"}]},{"@type":"WebSite","@id":"https:\/\/www.purejewels.com\/#website","url":"https:\/\/www.purejewels.com\/","name":"PureJewels \u0130ngiltere","description":"Sevgiyi Payla\u015f\u0131n","publisher":{"@id":"https:\/\/www.purejewels.com\/#organization"},"potentialAction":[{"@type":"SearchAction","target":{"@type":"EntryPoint","urlTemplate":"https:\/\/www.purejewels.com\/?s={search_term_string}"},"query-input":{"@type":"PropertyValueSpecification","valueRequired":true,"valueName":"search_term_string"}}],"inLanguage":"tr"},{"@type":"Organization","@id":"https:\/\/www.purejewels.com\/#organization","name":"PureJewels \u0130ngiltere","url":"https:\/\/www.purejewels.com\/","logo":{"@type":"ImageObject","inLanguage":"tr","@id":"https:\/\/www.purejewels.com\/#\/schema\/logo\/image\/","url":"https:\/\/static.purejewels.com\/wp-content\/uploads\/2020\/11\/Logo-PJ-New-1.png","contentUrl":"https:\/\/static.purejewels.com\/wp-content\/uploads\/2020\/11\/Logo-PJ-New-1.png","width":150,"height":80,"caption":"PureJewels UK"},"image":{"@id":"https:\/\/www.purejewels.com\/#\/schema\/logo\/image\/"}}]}},"_links":{"self":[{"href":"https:\/\/www.purejewels.com\/tr\/wp-json\/wp\/v2\/product\/347579","targetHints":{"allow":["GET"]}}],"collection":[{"href":"https:\/\/www.purejewels.com\/tr\/wp-json\/wp\/v2\/product"}],"about":[{"href":"https:\/\/www.purejewels.com\/tr\/wp-json\/wp\/v2\/types\/product"}],"replies":[{"embeddable":true,"href":"https:\/\/www.purejewels.com\/tr\/wp-json\/wp\/v2\/comments?post=347579"}],"version-history":[{"count":2,"href":"https:\/\/www.purejewels.com\/tr\/wp-json\/wp\/v2\/product\/347579\/revisions"}],"predecessor-version":[{"id":403522,"href":"https:\/\/www.purejewels.com\/tr\/wp-json\/wp\/v2\/product\/347579\/revisions\/403522"}],"wp:featuredmedia":[{"embeddable":true,"href":"https:\/\/www.purejewels.com\/tr\/wp-json\/wp\/v2\/media\/403523"}],"wp:attachment":[{"href":"https:\/\/www.purejewels.com\/tr\/wp-json\/wp\/v2\/media?parent=347579"}],"wp:term":[{"taxonomy":"product_brand","embeddable":true,"href":"https:\/\/www.purejewels.com\/tr\/wp-json\/wp\/v2\/product_brand?post=347579"},{"taxonomy":"product_cat","embeddable":true,"href":"https:\/\/www.purejewels.com\/tr\/wp-json\/wp\/v2\/product_cat?post=347579"},{"taxonomy":"product_tag","embeddable":true,"href":"https:\/\/www.purejewels.com\/tr\/wp-json\/wp\/v2\/product_tag?post=347579"}],"curies":[{"name":"wp","href":"https:\/\/api.w.org\/{rel}","templated":true}]}}