{"id":347586,"date":"2023-06-15T09:07:45","date_gmt":"2023-06-15T08:07:45","guid":{"rendered":"https:\/\/www.purejewels.com\/?post_type=product&#038;p=347586"},"modified":"2026-01-06T09:47:36","modified_gmt":"2026-01-06T09:47:36","slug":"22-ayar-altin-varak-tasarimli-bileklik-44243","status":"publish","type":"product","link":"https:\/\/www.purejewels.com\/tr\/product\/22ct-gold-leaf-design-bracelet-44243\/","title":{"rendered":"22 Ayar Alt\u0131n Yaprak Tasar\u0131ml\u0131 Bileklik | 8 \u0130n\u00e7"},"content":{"rendered":"<p>PureJewels'in kad\u0131nlara y\u00f6nelik bu zarif 22 ayar alt\u0131n yaprak tasar\u0131ml\u0131 bilezi\u011fiyle tarz\u0131n\u0131z\u0131 geli\u015ftirin. Hassasiyet ve detaylara g\u00f6sterilen \u00f6zenle haz\u0131rlanan bu s\u00fcsl\u00fc bilezik, g\u00f6r\u00fcn\u00fcm\u00fcn\u00fcze \u0131\u015f\u0131lt\u0131 katan CZ ta\u015flara sahiptir.<\/p>\n<p>22 ayar alt\u0131ndan \u00fcretilen ve Londra Assay Ofisi taraf\u0131ndan damgalanan bu bilezik, zarafet ve sofistike bir g\u00f6r\u00fcn\u00fcm sergileyen zamans\u0131z bir par\u00e7ad\u0131r. Bilezik 9,3 gram a\u011f\u0131rl\u0131\u011f\u0131nda ve 8 in\u00e7 uzunlu\u011funda olup her durum i\u00e7in m\u00fckemmel bir aksesuard\u0131r.<\/p>\n<p>Her bir bilezik bir sunum kutusunda g\u00fczelce paketlenmi\u015f olarak gelir ve sevdikleriniz i\u00e7in ideal bir hediye haline gelir. \u0130ster \u00f6zel bir y\u0131ld\u00f6n\u00fcm\u00fc, d\u00fc\u011f\u00fcn, do\u011fum g\u00fcn\u00fc, Anneler G\u00fcn\u00fc ya da ba\u015fka bir vesileyle olsun, bu alt\u0131n varakl\u0131 bileklik kesinlikle bir a\u00e7\u0131klama yapacakt\u0131r.<\/p>\n<p>Daha fazla bilgi almak veya stok durumu ve ek g\u00f6rseller hakk\u0131nda bilgi edinmek i\u00e7in bizimle canl\u0131 sohbet etmekten \u00e7ekinmeyin. Bug\u00fcn sipari\u015finizi verin ve PureJewels ile tarz\u0131n\u0131z\u0131 y\u00fckseltin.<\/p>","protected":false},"excerpt":{"rendered":"<table class=\"sh_desc\">\n<tbody>\n<tr>\n<td>Bilezik T\u00fcr\u00fc<\/td>\n<td>CZ Ta\u015fl\u0131 Fantezi Bileklik<\/td>\n<\/tr>\n<tr>\n<td>SKU<\/td>\n<td>44243<\/td>\n<\/tr>\n<tr>\n<td>A\u011f\u0131rl\u0131k<\/td>\n<td>9,3 Gms<\/td>\n<\/tr>\n<tr>\n<td>Metal<\/td>\n<td>22 Ayar Alt\u0131n<\/td>\n<\/tr>\n<tr>\n<td>Hallmark<\/td>\n<td>Londra Tahlil Ofisi Taraf\u0131ndan Damgalanm\u0131\u015f 22 Ayar Alt\u0131n<\/td>\n<\/tr>\n<tr>\n<td>\u00dccretler<\/td>\n<td>Teslimat ve KDV Dahil<\/td>\n<\/tr>\n<tr>\n<td>Paketleme<\/td>\n<td>Sunum Kutusu ile Birlikte Gelir<\/td>\n<\/tr>\n<tr>\n<td>Daha Fazla Bilgi<\/td>\n<td>\n<ul>\n<li>Anneye Alt\u0131n Bileklik i\u00e7in uygunluk durumu ve daha fazla g\u00f6rsel i\u00e7in bizimle canl\u0131 sohbet edin<\/li>\n<\/ul>\n<\/td>\n<\/tr>\n<\/tbody>\n<\/table>","protected":false},"featured_media":348597,"comment_status":"closed","ping_status":"closed","template":"","meta":{"_eb_attr":"","_crsspst_to_jayantr4sg-hostcom":false},"product_brand":[],"product_cat":[1791,1559,1793,1792,1324,1627,1570,1573,1574,5349],"product_tag":[],"class_list":{"0":"post-347586","1":"product","2":"type-product","3":"status-publish","4":"has-post-thumbnail","6":"product_cat-anniversary-gifts","7":"product_cat-birthday-gifts","8":"product_cat-diwali-gifts","9":"product_cat-festival-gifts","10":"product_cat-gold-bracelet","11":"product_cat-ladies-bracelet","12":"product_cat-mothers-day-gifts","13":"product_cat-wedding-gifts","14":"product_cat-womens-jewellery","15":"product_cat-yellow-gold-jewellery","17":"first","18":"outofstock","19":"sale","20":"taxable","21":"shipping-taxable","22":"product-type-simple","23":"add-to-wishlist-before_image"},"yoast_head":"<!-- This site is optimized with the Yoast SEO plugin v27.3 - https:\/\/yoast.com\/product\/yoast-seo-wordpress\/ -->\n<title>22ct Gold Leaf Design Bracelet for Women | PureJewels<\/title>\n<meta name=\"description\" content=\"This unique bracelet features a delicate gold leaf design that will add a touch of luxury to any outfit. Perfect for a special occasion or everyday wear.\" \/>\n<meta name=\"robots\" content=\"index, follow, max-snippet:-1, max-image-preview:large, max-video-preview:-1\" \/>\n<link rel=\"canonical\" href=\"https:\/\/www.purejewels.com\/tr\/urun\/22-ayar-altin-varak-tasarimli-bileklik-44243\/\" \/>\n<meta property=\"og:locale\" content=\"tr_TR\" \/>\n<meta property=\"og:type\" content=\"article\" \/>\n<meta property=\"og:title\" content=\"22ct Gold Leaf Design Bracelet for Women | PureJewels\" \/>\n<meta property=\"og:description\" content=\"This unique bracelet features a delicate gold leaf design that will add a touch of luxury to any outfit. Perfect for a special occasion or everyday wear.\" \/>\n<meta property=\"og:url\" content=\"https:\/\/www.purejewels.com\/tr\/urun\/22-ayar-altin-varak-tasarimli-bileklik-44243\/\" \/>\n<meta property=\"og:site_name\" content=\"PureJewels UK\" \/>\n<meta property=\"article:modified_time\" content=\"2026-01-06T09:47:36+00:00\" \/>\n<meta property=\"og:image\" content=\"https:\/\/www.purejewels.com\/wp-content\/uploads\/2023\/06\/44243.jpg\" \/>\n\t<meta property=\"og:image:width\" content=\"1000\" \/>\n\t<meta property=\"og:image:height\" content=\"1000\" \/>\n\t<meta property=\"og:image:type\" content=\"image\/jpeg\" \/>\n<meta name=\"twitter:card\" content=\"summary_large_image\" \/>\n<meta name=\"twitter:label1\" content=\"Tahmini okuma s\u00fcresi\" \/>\n\t<meta name=\"twitter:data1\" content=\"1 dakika\" \/>\n<script type=\"application\/ld+json\" class=\"yoast-schema-graph\">{\"@context\":\"https:\\\/\\\/schema.org\",\"@graph\":[{\"@type\":[\"WebPage\",\"ItemPage\"],\"@id\":\"https:\\\/\\\/www.purejewels.com\\\/product\\\/22ct-gold-leaf-design-bracelet-44243\\\/\",\"url\":\"https:\\\/\\\/www.purejewels.com\\\/product\\\/22ct-gold-leaf-design-bracelet-44243\\\/\",\"name\":\"22ct Gold Leaf Design Bracelet for Women | PureJewels\",\"isPartOf\":{\"@id\":\"https:\\\/\\\/www.purejewels.com\\\/#website\"},\"primaryImageOfPage\":{\"@id\":\"https:\\\/\\\/www.purejewels.com\\\/product\\\/22ct-gold-leaf-design-bracelet-44243\\\/#primaryimage\"},\"image\":{\"@id\":\"https:\\\/\\\/www.purejewels.com\\\/product\\\/22ct-gold-leaf-design-bracelet-44243\\\/#primaryimage\"},\"thumbnailUrl\":\"https:\\\/\\\/static.purejewels.com\\\/wp-content\\\/uploads\\\/2023\\\/06\\\/44243.jpg\",\"datePublished\":\"2023-06-15T08:07:45+00:00\",\"dateModified\":\"2026-01-06T09:47:36+00:00\",\"description\":\"This unique bracelet features a delicate gold leaf design that will add a touch of luxury to any outfit. Perfect for a special occasion or everyday wear.\",\"breadcrumb\":{\"@id\":\"https:\\\/\\\/www.purejewels.com\\\/product\\\/22ct-gold-leaf-design-bracelet-44243\\\/#breadcrumb\"},\"inLanguage\":\"tr\",\"potentialAction\":[{\"@type\":\"ReadAction\",\"target\":[\"https:\\\/\\\/www.purejewels.com\\\/product\\\/22ct-gold-leaf-design-bracelet-44243\\\/\"]}]},{\"@type\":\"ImageObject\",\"inLanguage\":\"tr\",\"@id\":\"https:\\\/\\\/www.purejewels.com\\\/product\\\/22ct-gold-leaf-design-bracelet-44243\\\/#primaryimage\",\"url\":\"https:\\\/\\\/static.purejewels.com\\\/wp-content\\\/uploads\\\/2023\\\/06\\\/44243.jpg\",\"contentUrl\":\"https:\\\/\\\/static.purejewels.com\\\/wp-content\\\/uploads\\\/2023\\\/06\\\/44243.jpg\",\"width\":1000,\"height\":1000,\"caption\":\"22ct Gold Leaf Design Bracelet\"},{\"@type\":\"BreadcrumbList\",\"@id\":\"https:\\\/\\\/www.purejewels.com\\\/product\\\/22ct-gold-leaf-design-bracelet-44243\\\/#breadcrumb\",\"itemListElement\":[{\"@type\":\"ListItem\",\"position\":1,\"name\":\"Home\",\"item\":\"https:\\\/\\\/www.purejewels.com\\\/\"},{\"@type\":\"ListItem\",\"position\":2,\"name\":\"Shop\",\"item\":\"https:\\\/\\\/www.purejewels.com\\\/shop\\\/\"},{\"@type\":\"ListItem\",\"position\":3,\"name\":\"22ct Gold Leaf Design Bracelet | 8 Inches\"}]},{\"@type\":\"WebSite\",\"@id\":\"https:\\\/\\\/www.purejewels.com\\\/#website\",\"url\":\"https:\\\/\\\/www.purejewels.com\\\/\",\"name\":\"PureJewels UK\",\"description\":\"Share the Love\",\"publisher\":{\"@id\":\"https:\\\/\\\/www.purejewels.com\\\/#organization\"},\"potentialAction\":[{\"@type\":\"SearchAction\",\"target\":{\"@type\":\"EntryPoint\",\"urlTemplate\":\"https:\\\/\\\/www.purejewels.com\\\/?s={search_term_string}\"},\"query-input\":{\"@type\":\"PropertyValueSpecification\",\"valueRequired\":true,\"valueName\":\"search_term_string\"}}],\"inLanguage\":\"tr\"},{\"@type\":\"Organization\",\"@id\":\"https:\\\/\\\/www.purejewels.com\\\/#organization\",\"name\":\"PureJewels UK\",\"url\":\"https:\\\/\\\/www.purejewels.com\\\/\",\"logo\":{\"@type\":\"ImageObject\",\"inLanguage\":\"tr\",\"@id\":\"https:\\\/\\\/www.purejewels.com\\\/#\\\/schema\\\/logo\\\/image\\\/\",\"url\":\"https:\\\/\\\/static.purejewels.com\\\/wp-content\\\/uploads\\\/2020\\\/11\\\/Logo-PJ-New-1.png\",\"contentUrl\":\"https:\\\/\\\/static.purejewels.com\\\/wp-content\\\/uploads\\\/2020\\\/11\\\/Logo-PJ-New-1.png\",\"width\":150,\"height\":80,\"caption\":\"PureJewels UK\"},\"image\":{\"@id\":\"https:\\\/\\\/www.purejewels.com\\\/#\\\/schema\\\/logo\\\/image\\\/\"}}]}<\/script>\n<!-- \/ Yoast SEO plugin. -->","yoast_head_json":{"title":"22 Ayar Alt\u0131n Yaprak Tasar\u0131ml\u0131 Kad\u0131n Bileklik | PureJewels","description":"Bu e\u015fsiz bileklik, her k\u0131yafete l\u00fcks bir dokunu\u015f katacak narin bir alt\u0131n varak tasar\u0131m\u0131na sahiptir. \u00d6zel g\u00fcnler veya g\u00fcnl\u00fck kullan\u0131m i\u00e7in m\u00fckemmeldir.","robots":{"index":"index","follow":"follow","max-snippet":"max-snippet:-1","max-image-preview":"max-image-preview:large","max-video-preview":"max-video-preview:-1"},"canonical":"https:\/\/www.purejewels.com\/tr\/urun\/22-ayar-altin-varak-tasarimli-bileklik-44243\/","og_locale":"tr_TR","og_type":"article","og_title":"22ct Gold Leaf Design Bracelet for Women | PureJewels","og_description":"This unique bracelet features a delicate gold leaf design that will add a touch of luxury to any outfit. Perfect for a special occasion or everyday wear.","og_url":"https:\/\/www.purejewels.com\/tr\/urun\/22-ayar-altin-varak-tasarimli-bileklik-44243\/","og_site_name":"PureJewels UK","article_modified_time":"2026-01-06T09:47:36+00:00","og_image":[{"width":1000,"height":1000,"url":"https:\/\/www.purejewels.com\/wp-content\/uploads\/2023\/06\/44243.jpg","type":"image\/jpeg"}],"twitter_card":"summary_large_image","twitter_misc":{"Tahmini okuma s\u00fcresi":"1 dakika"},"schema":{"@context":"https:\/\/schema.org","@graph":[{"@type":["WebPage","ItemPage"],"@id":"https:\/\/www.purejewels.com\/product\/22ct-gold-leaf-design-bracelet-44243\/","url":"https:\/\/www.purejewels.com\/product\/22ct-gold-leaf-design-bracelet-44243\/","name":"22 Ayar Alt\u0131n Yaprak Tasar\u0131ml\u0131 Kad\u0131n Bileklik | PureJewels","isPartOf":{"@id":"https:\/\/www.purejewels.com\/#website"},"primaryImageOfPage":{"@id":"https:\/\/www.purejewels.com\/product\/22ct-gold-leaf-design-bracelet-44243\/#primaryimage"},"image":{"@id":"https:\/\/www.purejewels.com\/product\/22ct-gold-leaf-design-bracelet-44243\/#primaryimage"},"thumbnailUrl":"https:\/\/static.purejewels.com\/wp-content\/uploads\/2023\/06\/44243.jpg","datePublished":"2023-06-15T08:07:45+00:00","dateModified":"2026-01-06T09:47:36+00:00","description":"Bu e\u015fsiz bileklik, her k\u0131yafete l\u00fcks bir dokunu\u015f katacak narin bir alt\u0131n varak tasar\u0131m\u0131na sahiptir. \u00d6zel g\u00fcnler veya g\u00fcnl\u00fck kullan\u0131m i\u00e7in m\u00fckemmeldir.","breadcrumb":{"@id":"https:\/\/www.purejewels.com\/product\/22ct-gold-leaf-design-bracelet-44243\/#breadcrumb"},"inLanguage":"tr","potentialAction":[{"@type":"ReadAction","target":["https:\/\/www.purejewels.com\/product\/22ct-gold-leaf-design-bracelet-44243\/"]}]},{"@type":"ImageObject","inLanguage":"tr","@id":"https:\/\/www.purejewels.com\/product\/22ct-gold-leaf-design-bracelet-44243\/#primaryimage","url":"https:\/\/static.purejewels.com\/wp-content\/uploads\/2023\/06\/44243.jpg","contentUrl":"https:\/\/static.purejewels.com\/wp-content\/uploads\/2023\/06\/44243.jpg","width":1000,"height":1000,"caption":"22ct Gold Leaf Design Bracelet"},{"@type":"BreadcrumbList","@id":"https:\/\/www.purejewels.com\/product\/22ct-gold-leaf-design-bracelet-44243\/#breadcrumb","itemListElement":[{"@type":"ListItem","position":1,"name":"Home","item":"https:\/\/www.purejewels.com\/"},{"@type":"ListItem","position":2,"name":"Shop","item":"https:\/\/www.purejewels.com\/shop\/"},{"@type":"ListItem","position":3,"name":"22ct Gold Leaf Design Bracelet | 8 Inches"}]},{"@type":"WebSite","@id":"https:\/\/www.purejewels.com\/#website","url":"https:\/\/www.purejewels.com\/","name":"PureJewels \u0130ngiltere","description":"Sevgiyi Payla\u015f\u0131n","publisher":{"@id":"https:\/\/www.purejewels.com\/#organization"},"potentialAction":[{"@type":"SearchAction","target":{"@type":"EntryPoint","urlTemplate":"https:\/\/www.purejewels.com\/?s={search_term_string}"},"query-input":{"@type":"PropertyValueSpecification","valueRequired":true,"valueName":"search_term_string"}}],"inLanguage":"tr"},{"@type":"Organization","@id":"https:\/\/www.purejewels.com\/#organization","name":"PureJewels \u0130ngiltere","url":"https:\/\/www.purejewels.com\/","logo":{"@type":"ImageObject","inLanguage":"tr","@id":"https:\/\/www.purejewels.com\/#\/schema\/logo\/image\/","url":"https:\/\/static.purejewels.com\/wp-content\/uploads\/2020\/11\/Logo-PJ-New-1.png","contentUrl":"https:\/\/static.purejewels.com\/wp-content\/uploads\/2020\/11\/Logo-PJ-New-1.png","width":150,"height":80,"caption":"PureJewels UK"},"image":{"@id":"https:\/\/www.purejewels.com\/#\/schema\/logo\/image\/"}}]}},"_links":{"self":[{"href":"https:\/\/www.purejewels.com\/tr\/wp-json\/wp\/v2\/product\/347586","targetHints":{"allow":["GET"]}}],"collection":[{"href":"https:\/\/www.purejewels.com\/tr\/wp-json\/wp\/v2\/product"}],"about":[{"href":"https:\/\/www.purejewels.com\/tr\/wp-json\/wp\/v2\/types\/product"}],"replies":[{"embeddable":true,"href":"https:\/\/www.purejewels.com\/tr\/wp-json\/wp\/v2\/comments?post=347586"}],"version-history":[{"count":2,"href":"https:\/\/www.purejewels.com\/tr\/wp-json\/wp\/v2\/product\/347586\/revisions"}],"predecessor-version":[{"id":420730,"href":"https:\/\/www.purejewels.com\/tr\/wp-json\/wp\/v2\/product\/347586\/revisions\/420730"}],"wp:featuredmedia":[{"embeddable":true,"href":"https:\/\/www.purejewels.com\/tr\/wp-json\/wp\/v2\/media\/348597"}],"wp:attachment":[{"href":"https:\/\/www.purejewels.com\/tr\/wp-json\/wp\/v2\/media?parent=347586"}],"wp:term":[{"taxonomy":"product_brand","embeddable":true,"href":"https:\/\/www.purejewels.com\/tr\/wp-json\/wp\/v2\/product_brand?post=347586"},{"taxonomy":"product_cat","embeddable":true,"href":"https:\/\/www.purejewels.com\/tr\/wp-json\/wp\/v2\/product_cat?post=347586"},{"taxonomy":"product_tag","embeddable":true,"href":"https:\/\/www.purejewels.com\/tr\/wp-json\/wp\/v2\/product_tag?post=347586"}],"curies":[{"name":"wp","href":"https:\/\/api.w.org\/{rel}","templated":true}]}}