{"id":347647,"date":"2023-06-16T08:57:01","date_gmt":"2023-06-16T07:57:01","guid":{"rendered":"https:\/\/www.purejewels.com\/?post_type=product&#038;p=347647"},"modified":"2026-01-19T11:09:41","modified_gmt":"2026-01-19T11:09:41","slug":"rozet-koleksi%cc%87yonu-22-ayar-altin-kada-bi%cc%87lekli%cc%87k-44891","status":"publish","type":"product","link":"https:\/\/www.purejewels.com\/tr\/product\/rosette-collection-22ct-gold-kada-bangle-44891\/","title":{"rendered":"Rozet Koleksiyonu 22 Ayar Alt\u0131n Kada Bileklik"},"content":{"rendered":"<p>Zarif bir i\u015f\u00e7ilikle \u00fcretilen Rosette Collection 22 Ayar Alt\u0131n Kada Bileklik, zarafet ve sofistike bir g\u00f6r\u00fcn\u00fcm sergiliyor. Sadece PureJewels, Green Street London'da bulunan bu zarif par\u00e7a, hem gelinlerin hem de m\u00fccevher merakl\u0131lar\u0131n\u0131n kalbini fethedecektir.<\/p>\n<p>Karma\u015f\u0131k rozet motifleriyle s\u00fcsl\u00fc bu bileklik, kurum i\u00e7i tasar\u0131m ekibimizin parlakl\u0131\u011f\u0131n\u0131 sergiliyor. 22 ayar alt\u0131n s\u0131cakl\u0131\u011f\u0131 ve zamans\u0131z g\u00fczelli\u011fi yans\u0131t\u0131rken, y\u00fcksek a\u011f\u0131rl\u0131\u011f\u0131 ihti\u015fam hissini garantiler.<\/p>\n<p>PureJewels'i bug\u00fcn ziyaret edin ve zarif Rozet Koleksiyonu 22 Ayar Alt\u0131n Kada Bilekli\u011fi ke\u015ffedin. Bu \u015faheser, bile\u011finizi s\u00fcslemek ve y\u0131llarca zarafet sa\u00e7mak i\u00e7in sizi bekliyor.<\/p>","protected":false},"excerpt":{"rendered":"<div class=\"woocommerce-product-details__short-description\">\n<table class=\"sh_desc\">\n<tbody>\n<tr>\n<td>Bileklik T\u00fcr\u00fc<\/td>\n<td>Gelin Giyim Bileklik<\/td>\n<\/tr>\n<tr>\n<td>SKU<\/td>\n<td>44891<\/td>\n<\/tr>\n<tr>\n<td>A\u011f\u0131rl\u0131k<\/td>\n<td>\u00a035,5 gms<\/td>\n<\/tr>\n<tr>\n<td>Metal<\/td>\n<td>22 Ayar Alt\u0131n<\/td>\n<\/tr>\n<tr>\n<td>Bileklik \u00d6l\u00e7\u00fcs\u00fc<\/td>\n<td>2.4 (Ek boyutlar i\u00e7in l\u00fctfen sorunuz)<\/td>\n<\/tr>\n<tr>\n<td>Koleksiyon<\/td>\n<td><strong>Rozet Koleksiyonu<\/strong><\/td>\n<\/tr>\n<tr>\n<td>Hallmark<\/td>\n<td>Londra Tahlil Ofisi Taraf\u0131ndan Damgalanm\u0131\u015f 22 Ayar Alt\u0131n<\/td>\n<\/tr>\n<tr>\n<td>\u00dccretler<\/td>\n<td>Teslimat ve KDV Dahil<\/td>\n<\/tr>\n<tr>\n<td>Paketleme<\/td>\n<td>Sunum Kutusu ile Birlikte Gelir<\/td>\n<\/tr>\n<tr>\n<td>Daha Fazla Bilgi<\/td>\n<td>\n<ul>\n<li>Not: Burada belirtilen fiyat\u0131n Tek Kada i\u00e7in oldu\u011funu unutmay\u0131n<\/li>\n<li>Kontrol etmek i\u00e7in buraya t\u0131klay\u0131n <strong>Bileklik \u00d6l\u00e7\u00fcs\u00fc<\/strong><\/li>\n<li>Koleksiyonumuzu g\u00f6r\u00fcnt\u00fcleyin\u00a0<strong>alt\u0131n bilezikler \u0130ngiltere<\/strong><\/li>\n<li>M\u00fcsaitlik durumu ve daha fazla resim i\u00e7in bizimle canl\u0131 sohbet edin<\/li>\n<\/ul>\n<\/td>\n<\/tr>\n<\/tbody>\n<\/table>\n<\/div>\n<p>&nbsp;<\/p>","protected":false},"featured_media":348798,"comment_status":"closed","ping_status":"closed","template":"","meta":{"_eb_attr":"","_crsspst_to_jayantr4sg-hostcom":false},"product_brand":[],"product_cat":[1791,236,1792,1233,1229,5271,5273,1656,1573,1574,5349],"product_tag":[],"class_list":{"0":"post-347647","1":"product","2":"type-product","3":"status-publish","4":"has-post-thumbnail","6":"product_cat-anniversary-gifts","7":"product_cat-collections","8":"product_cat-festival-gifts","9":"product_cat-gold-bangles","10":"product_cat-22ct-gold-jewellery","11":"product_cat-occasion-wear-bangles","12":"product_cat-22ct-gold-poncha-bracelet","13":"product_cat-rosettes-collections","14":"product_cat-wedding-gifts","15":"product_cat-womens-jewellery","16":"product_cat-yellow-gold-jewellery","18":"first","19":"onbackorder","20":"taxable","21":"shipping-taxable","22":"product-type-simple","23":"add-to-wishlist-before_image"},"yoast_head":"<!-- This site is optimized with the Yoast SEO plugin v27.5 - https:\/\/yoast.com\/product\/yoast-seo-wordpress\/ -->\n<title>Rosette Collection 22ct Gold Kada Bangle | PureJewels UK<\/title>\n<meta name=\"description\" content=\"Complete your bridal ensemble with our Rosette Collection 22ct Gold Bridal Kada Bangle. A stunning piece of elegance and tradition for your special day.\" \/>\n<meta name=\"robots\" content=\"index, follow, max-snippet:-1, max-image-preview:large, max-video-preview:-1\" \/>\n<link rel=\"canonical\" href=\"https:\/\/www.purejewels.com\/tr\/urun\/rozet-koleksi\u0307yonu-22-ayar-altin-kada-bi\u0307lekli\u0307k-44891\/\" \/>\n<meta property=\"og:locale\" content=\"tr_TR\" \/>\n<meta property=\"og:type\" content=\"article\" \/>\n<meta property=\"og:title\" content=\"Rosette Collection 22ct Gold Kada Bangle | PureJewels UK\" \/>\n<meta property=\"og:description\" content=\"Complete your bridal ensemble with our Rosette Collection 22ct Gold Bridal Kada Bangle. A stunning piece of elegance and tradition for your special day.\" \/>\n<meta property=\"og:url\" content=\"https:\/\/www.purejewels.com\/tr\/urun\/rozet-koleksi\u0307yonu-22-ayar-altin-kada-bi\u0307lekli\u0307k-44891\/\" \/>\n<meta property=\"og:site_name\" content=\"PureJewels UK\" \/>\n<meta property=\"article:modified_time\" content=\"2026-01-19T11:09:41+00:00\" \/>\n<meta property=\"og:image\" content=\"https:\/\/static.purejewels.com\/wp-content\/uploads\/2023\/06\/SKU-44892.jpg\" \/>\n\t<meta property=\"og:image:width\" content=\"1000\" \/>\n\t<meta property=\"og:image:height\" content=\"1000\" \/>\n\t<meta property=\"og:image:type\" content=\"image\/jpeg\" \/>\n<meta name=\"twitter:card\" content=\"summary_large_image\" \/>\n<meta name=\"twitter:label1\" content=\"Tahmini okuma s\u00fcresi\" \/>\n\t<meta name=\"twitter:data1\" content=\"1 dakika\" \/>\n<script type=\"application\/ld+json\" class=\"yoast-schema-graph\">{\"@context\":\"https:\\\/\\\/schema.org\",\"@graph\":[{\"@type\":[\"WebPage\",\"ItemPage\"],\"@id\":\"https:\\\/\\\/www.purejewels.com\\\/product\\\/rosette-collection-22ct-gold-kada-bangle-44891\\\/\",\"url\":\"https:\\\/\\\/www.purejewels.com\\\/product\\\/rosette-collection-22ct-gold-kada-bangle-44891\\\/\",\"name\":\"Rosette Collection 22ct Gold Kada Bangle | PureJewels UK\",\"isPartOf\":{\"@id\":\"https:\\\/\\\/www.purejewels.com\\\/#website\"},\"primaryImageOfPage\":{\"@id\":\"https:\\\/\\\/www.purejewels.com\\\/product\\\/rosette-collection-22ct-gold-kada-bangle-44891\\\/#primaryimage\"},\"image\":{\"@id\":\"https:\\\/\\\/www.purejewels.com\\\/product\\\/rosette-collection-22ct-gold-kada-bangle-44891\\\/#primaryimage\"},\"thumbnailUrl\":\"https:\\\/\\\/static.purejewels.com\\\/wp-content\\\/uploads\\\/2023\\\/06\\\/SKU-44892.jpg\",\"datePublished\":\"2023-06-16T07:57:01+00:00\",\"dateModified\":\"2026-01-19T11:09:41+00:00\",\"description\":\"Complete your bridal ensemble with our Rosette Collection 22ct Gold Bridal Kada Bangle. A stunning piece of elegance and tradition for your special day.\",\"breadcrumb\":{\"@id\":\"https:\\\/\\\/www.purejewels.com\\\/product\\\/rosette-collection-22ct-gold-kada-bangle-44891\\\/#breadcrumb\"},\"inLanguage\":\"tr\",\"potentialAction\":[{\"@type\":\"ReadAction\",\"target\":[\"https:\\\/\\\/www.purejewels.com\\\/product\\\/rosette-collection-22ct-gold-kada-bangle-44891\\\/\"]}]},{\"@type\":\"ImageObject\",\"inLanguage\":\"tr\",\"@id\":\"https:\\\/\\\/www.purejewels.com\\\/product\\\/rosette-collection-22ct-gold-kada-bangle-44891\\\/#primaryimage\",\"url\":\"https:\\\/\\\/static.purejewels.com\\\/wp-content\\\/uploads\\\/2023\\\/06\\\/SKU-44892.jpg\",\"contentUrl\":\"https:\\\/\\\/static.purejewels.com\\\/wp-content\\\/uploads\\\/2023\\\/06\\\/SKU-44892.jpg\",\"width\":1000,\"height\":1000,\"caption\":\"Rosette Collection 22ct Gold Kada Bangle\"},{\"@type\":\"BreadcrumbList\",\"@id\":\"https:\\\/\\\/www.purejewels.com\\\/product\\\/rosette-collection-22ct-gold-kada-bangle-44891\\\/#breadcrumb\",\"itemListElement\":[{\"@type\":\"ListItem\",\"position\":1,\"name\":\"Home\",\"item\":\"https:\\\/\\\/www.purejewels.com\\\/\"},{\"@type\":\"ListItem\",\"position\":2,\"name\":\"Shop\",\"item\":\"https:\\\/\\\/www.purejewels.com\\\/shop\\\/\"},{\"@type\":\"ListItem\",\"position\":3,\"name\":\"Rosette Collection 22ct Gold Kada Bangle\"}]},{\"@type\":\"WebSite\",\"@id\":\"https:\\\/\\\/www.purejewels.com\\\/#website\",\"url\":\"https:\\\/\\\/www.purejewels.com\\\/\",\"name\":\"PureJewels UK\",\"description\":\"Share the Love\",\"publisher\":{\"@id\":\"https:\\\/\\\/www.purejewels.com\\\/#organization\"},\"potentialAction\":[{\"@type\":\"SearchAction\",\"target\":{\"@type\":\"EntryPoint\",\"urlTemplate\":\"https:\\\/\\\/www.purejewels.com\\\/?s={search_term_string}\"},\"query-input\":{\"@type\":\"PropertyValueSpecification\",\"valueRequired\":true,\"valueName\":\"search_term_string\"}}],\"inLanguage\":\"tr\"},{\"@type\":\"Organization\",\"@id\":\"https:\\\/\\\/www.purejewels.com\\\/#organization\",\"name\":\"PureJewels UK\",\"url\":\"https:\\\/\\\/www.purejewels.com\\\/\",\"logo\":{\"@type\":\"ImageObject\",\"inLanguage\":\"tr\",\"@id\":\"https:\\\/\\\/www.purejewels.com\\\/#\\\/schema\\\/logo\\\/image\\\/\",\"url\":\"https:\\\/\\\/static.purejewels.com\\\/wp-content\\\/uploads\\\/2020\\\/11\\\/Logo-PJ-New-1.png\",\"contentUrl\":\"https:\\\/\\\/static.purejewels.com\\\/wp-content\\\/uploads\\\/2020\\\/11\\\/Logo-PJ-New-1.png\",\"width\":150,\"height\":80,\"caption\":\"PureJewels UK\"},\"image\":{\"@id\":\"https:\\\/\\\/www.purejewels.com\\\/#\\\/schema\\\/logo\\\/image\\\/\"}}]}<\/script>\n<!-- \/ Yoast SEO plugin. -->","yoast_head_json":{"title":"Rozet Koleksiyonu 22 Ayar Alt\u0131n Kada Bileklik | PureJewels UK","description":"Gelin tak\u0131m\u0131n\u0131z\u0131 Rozet Koleksiyonu 22 Ayar Alt\u0131n Gelin Kada Bilekli\u011fimizle tamamlay\u0131n. \u00d6zel g\u00fcn\u00fcn\u00fcz i\u00e7in zarafet ve gelene\u011fin \u00e7arp\u0131c\u0131 bir par\u00e7as\u0131.","robots":{"index":"index","follow":"follow","max-snippet":"max-snippet:-1","max-image-preview":"max-image-preview:large","max-video-preview":"max-video-preview:-1"},"canonical":"https:\/\/www.purejewels.com\/tr\/urun\/rozet-koleksi\u0307yonu-22-ayar-altin-kada-bi\u0307lekli\u0307k-44891\/","og_locale":"tr_TR","og_type":"article","og_title":"Rosette Collection 22ct Gold Kada Bangle | PureJewels UK","og_description":"Complete your bridal ensemble with our Rosette Collection 22ct Gold Bridal Kada Bangle. A stunning piece of elegance and tradition for your special day.","og_url":"https:\/\/www.purejewels.com\/tr\/urun\/rozet-koleksi\u0307yonu-22-ayar-altin-kada-bi\u0307lekli\u0307k-44891\/","og_site_name":"PureJewels UK","article_modified_time":"2026-01-19T11:09:41+00:00","og_image":[{"width":1000,"height":1000,"url":"https:\/\/static.purejewels.com\/wp-content\/uploads\/2023\/06\/SKU-44892.jpg","type":"image\/jpeg"}],"twitter_card":"summary_large_image","twitter_misc":{"Tahmini okuma s\u00fcresi":"1 dakika"},"schema":{"@context":"https:\/\/schema.org","@graph":[{"@type":["WebPage","ItemPage"],"@id":"https:\/\/www.purejewels.com\/product\/rosette-collection-22ct-gold-kada-bangle-44891\/","url":"https:\/\/www.purejewels.com\/product\/rosette-collection-22ct-gold-kada-bangle-44891\/","name":"Rozet Koleksiyonu 22 Ayar Alt\u0131n Kada Bileklik | PureJewels UK","isPartOf":{"@id":"https:\/\/www.purejewels.com\/#website"},"primaryImageOfPage":{"@id":"https:\/\/www.purejewels.com\/product\/rosette-collection-22ct-gold-kada-bangle-44891\/#primaryimage"},"image":{"@id":"https:\/\/www.purejewels.com\/product\/rosette-collection-22ct-gold-kada-bangle-44891\/#primaryimage"},"thumbnailUrl":"https:\/\/static.purejewels.com\/wp-content\/uploads\/2023\/06\/SKU-44892.jpg","datePublished":"2023-06-16T07:57:01+00:00","dateModified":"2026-01-19T11:09:41+00:00","description":"Gelin tak\u0131m\u0131n\u0131z\u0131 Rozet Koleksiyonu 22 Ayar Alt\u0131n Gelin Kada Bilekli\u011fimizle tamamlay\u0131n. \u00d6zel g\u00fcn\u00fcn\u00fcz i\u00e7in zarafet ve gelene\u011fin \u00e7arp\u0131c\u0131 bir par\u00e7as\u0131.","breadcrumb":{"@id":"https:\/\/www.purejewels.com\/product\/rosette-collection-22ct-gold-kada-bangle-44891\/#breadcrumb"},"inLanguage":"tr","potentialAction":[{"@type":"ReadAction","target":["https:\/\/www.purejewels.com\/product\/rosette-collection-22ct-gold-kada-bangle-44891\/"]}]},{"@type":"ImageObject","inLanguage":"tr","@id":"https:\/\/www.purejewels.com\/product\/rosette-collection-22ct-gold-kada-bangle-44891\/#primaryimage","url":"https:\/\/static.purejewels.com\/wp-content\/uploads\/2023\/06\/SKU-44892.jpg","contentUrl":"https:\/\/static.purejewels.com\/wp-content\/uploads\/2023\/06\/SKU-44892.jpg","width":1000,"height":1000,"caption":"Rosette Collection 22ct Gold Kada Bangle"},{"@type":"BreadcrumbList","@id":"https:\/\/www.purejewels.com\/product\/rosette-collection-22ct-gold-kada-bangle-44891\/#breadcrumb","itemListElement":[{"@type":"ListItem","position":1,"name":"Home","item":"https:\/\/www.purejewels.com\/"},{"@type":"ListItem","position":2,"name":"Shop","item":"https:\/\/www.purejewels.com\/shop\/"},{"@type":"ListItem","position":3,"name":"Rosette Collection 22ct Gold Kada Bangle"}]},{"@type":"WebSite","@id":"https:\/\/www.purejewels.com\/#website","url":"https:\/\/www.purejewels.com\/","name":"PureJewels \u0130ngiltere","description":"Sevgiyi Payla\u015f\u0131n","publisher":{"@id":"https:\/\/www.purejewels.com\/#organization"},"potentialAction":[{"@type":"SearchAction","target":{"@type":"EntryPoint","urlTemplate":"https:\/\/www.purejewels.com\/?s={search_term_string}"},"query-input":{"@type":"PropertyValueSpecification","valueRequired":true,"valueName":"search_term_string"}}],"inLanguage":"tr"},{"@type":"Organization","@id":"https:\/\/www.purejewels.com\/#organization","name":"PureJewels \u0130ngiltere","url":"https:\/\/www.purejewels.com\/","logo":{"@type":"ImageObject","inLanguage":"tr","@id":"https:\/\/www.purejewels.com\/#\/schema\/logo\/image\/","url":"https:\/\/static.purejewels.com\/wp-content\/uploads\/2020\/11\/Logo-PJ-New-1.png","contentUrl":"https:\/\/static.purejewels.com\/wp-content\/uploads\/2020\/11\/Logo-PJ-New-1.png","width":150,"height":80,"caption":"PureJewels UK"},"image":{"@id":"https:\/\/www.purejewels.com\/#\/schema\/logo\/image\/"}}]}},"_links":{"self":[{"href":"https:\/\/www.purejewels.com\/tr\/wp-json\/wp\/v2\/product\/347647","targetHints":{"allow":["GET"]}}],"collection":[{"href":"https:\/\/www.purejewels.com\/tr\/wp-json\/wp\/v2\/product"}],"about":[{"href":"https:\/\/www.purejewels.com\/tr\/wp-json\/wp\/v2\/types\/product"}],"replies":[{"embeddable":true,"href":"https:\/\/www.purejewels.com\/tr\/wp-json\/wp\/v2\/comments?post=347647"}],"version-history":[{"count":3,"href":"https:\/\/www.purejewels.com\/tr\/wp-json\/wp\/v2\/product\/347647\/revisions"}],"predecessor-version":[{"id":395967,"href":"https:\/\/www.purejewels.com\/tr\/wp-json\/wp\/v2\/product\/347647\/revisions\/395967"}],"wp:featuredmedia":[{"embeddable":true,"href":"https:\/\/www.purejewels.com\/tr\/wp-json\/wp\/v2\/media\/348798"}],"wp:attachment":[{"href":"https:\/\/www.purejewels.com\/tr\/wp-json\/wp\/v2\/media?parent=347647"}],"wp:term":[{"taxonomy":"product_brand","embeddable":true,"href":"https:\/\/www.purejewels.com\/tr\/wp-json\/wp\/v2\/product_brand?post=347647"},{"taxonomy":"product_cat","embeddable":true,"href":"https:\/\/www.purejewels.com\/tr\/wp-json\/wp\/v2\/product_cat?post=347647"},{"taxonomy":"product_tag","embeddable":true,"href":"https:\/\/www.purejewels.com\/tr\/wp-json\/wp\/v2\/product_tag?post=347647"}],"curies":[{"name":"wp","href":"https:\/\/api.w.org\/{rel}","templated":true}]}}