{"id":347660,"date":"2023-06-16T11:29:04","date_gmt":"2023-06-16T10:29:04","guid":{"rendered":"https:\/\/www.purejewels.com\/?post_type=product&#038;p=347660"},"modified":"2026-02-12T03:52:39","modified_gmt":"2026-02-12T03:52:39","slug":"22-ayar-sunrie-altin-bayan-burgulu-bileklik-50915","status":"publish","type":"product","link":"https:\/\/www.purejewels.com\/tr\/product\/22ct-sunrie-gold-ladies-twisted-bangle-50915\/","title":{"rendered":"22 Ayar G\u00fcndo\u011fumu Alt\u0131n Bayan Burgulu Bileklik"},"content":{"rendered":"<ul>\n<li>SKU . 50915<\/li>\n<li>Ghungri damlal\u0131kl\u0131 22 ayar g\u00fcndo\u011fumu alt\u0131n burgu bileklik<\/li>\n<\/ul>","protected":false},"excerpt":{"rendered":"<table style=\"border-collapse: collapse; width: 114.332%;\">\n<tbody>\n<tr>\n<td style=\"width: 31.5%;\">SKU<\/td>\n<td style=\"width: 82.8333%;\">50915<\/td>\n<\/tr>\n<tr>\n<td style=\"width: 31.5%;\">A\u011f\u0131rl\u0131k<\/td>\n<td style=\"width: 82.8333%;\">10.2 Gms<\/td>\n<\/tr>\n<tr>\n<td style=\"width: 31.5%;\">Metal<\/td>\n<td style=\"width: 82.8333%;\">22 Ayar G\u00fcndo\u011fumu Alt\u0131n<\/td>\n<\/tr>\n<tr>\n<td style=\"width: 31.5%;\">Bileklik \u00d6l\u00e7\u00fcs\u00fc<\/td>\n<td style=\"width: 82.8333%;\">2.6 (T\u00fcm ebatlarda sipari\u015f \u00fczerine yap\u0131labilir)<\/td>\n<\/tr>\n<tr>\n<td style=\"width: 31.5%;\">Hallmark<\/td>\n<td style=\"width: 82.8333%;\">Londra Tahlil Ofisi Taraf\u0131ndan Damgalanm\u0131\u015f 22 Ayar Alt\u0131n<\/td>\n<\/tr>\n<tr>\n<td style=\"width: 31.5%;\">\u00dccretler<\/td>\n<td style=\"width: 82.8333%;\">Teslimat ve KDV Dahil<\/td>\n<\/tr>\n<tr>\n<td style=\"width: 31.5%;\">Paketleme<\/td>\n<td style=\"width: 82.8333%;\">Sunum Kutusu ile Birlikte Gelir<\/td>\n<\/tr>\n<tr>\n<td style=\"width: 31.5%;\">Daha Fazla Bilgi<\/td>\n<td style=\"width: 82.8333%;\">\n<ul>\n<li>Not: Burada belirtilen fiyat Tek Bileklik Bilezik i\u00e7indir<\/li>\n<li>Kontrol etmek i\u00e7in buraya t\u0131klay\u0131n <strong>Bileklik \u00d6l\u00e7\u00fcs\u00fc<\/strong><\/li>\n<li>Koleksiyonumuzu g\u00f6r\u00fcnt\u00fcleyin\u00a0<strong>alt\u0131n bilezikler \u0130ngiltere<\/strong><\/li>\n<li>M\u00fcsaitlik durumu ve daha fazla resim i\u00e7in bizimle canl\u0131 sohbet edin<\/li>\n<\/ul>\n<\/td>\n<\/tr>\n<\/tbody>\n<\/table>","protected":false},"featured_media":388298,"comment_status":"closed","ping_status":"closed","template":"","meta":{"_eb_attr":"","_crsspst_to_jayantr4sg-hostcom":false},"product_brand":[],"product_cat":[1791,1559,5270,5701,5370,1792,1790,1233,1229,5271,1573,1574,5349],"product_tag":[1514],"class_list":{"0":"post-347660","1":"product","2":"type-product","3":"status-publish","4":"has-post-thumbnail","6":"product_cat-anniversary-gifts","7":"product_cat-birthday-gifts","8":"product_cat-daily-wear-bangles","9":"product_cat-eid-jewellery","10":"product_cat-ethnic-jewellery","11":"product_cat-festival-gifts","12":"product_cat-for-whom-when","13":"product_cat-gold-bangles","14":"product_cat-22ct-gold-jewellery","15":"product_cat-occasion-wear-bangles","16":"product_cat-wedding-gifts","17":"product_cat-womens-jewellery","18":"product_cat-yellow-gold-jewellery","19":"product_tag-bangles","21":"first","22":"instock","23":"taxable","24":"shipping-taxable","25":"purchasable","26":"product-type-simple","27":"add-to-wishlist-before_image"},"yoast_head":"<!-- This site is optimized with the Yoast SEO plugin v27.5 - https:\/\/yoast.com\/product\/yoast-seo-wordpress\/ -->\n<title>22ct Gold Twisted Bangle with Ghungri droppers| PureJewels UK<\/title>\n<meta name=\"description\" content=\"Purchase the 22ct Gold Ladies Twister Bangle online and embrace the enchanting allure of its twisted design. A captivating addition to your Jewellery collection.\" \/>\n<meta name=\"robots\" content=\"index, follow, max-snippet:-1, max-image-preview:large, max-video-preview:-1\" \/>\n<link rel=\"canonical\" href=\"https:\/\/www.purejewels.com\/tr\/urun\/22-ayar-sunrie-altin-bayan-burgulu-bileklik-50915\/\" \/>\n<meta property=\"og:locale\" content=\"tr_TR\" \/>\n<meta property=\"og:type\" content=\"article\" \/>\n<meta property=\"og:title\" content=\"22ct Gold Twisted Bangle with Ghungri droppers| PureJewels UK\" \/>\n<meta property=\"og:description\" content=\"Purchase the 22ct Gold Ladies Twister Bangle online and embrace the enchanting allure of its twisted design. A captivating addition to your Jewellery collection.\" \/>\n<meta property=\"og:url\" content=\"https:\/\/www.purejewels.com\/tr\/urun\/22-ayar-sunrie-altin-bayan-burgulu-bileklik-50915\/\" \/>\n<meta property=\"og:site_name\" content=\"PureJewels UK\" \/>\n<meta property=\"article:modified_time\" content=\"2026-02-12T03:52:39+00:00\" \/>\n<meta property=\"og:image\" content=\"https:\/\/static.purejewels.com\/wp-content\/uploads\/2023\/06\/50915_1.png\" \/>\n\t<meta property=\"og:image:width\" content=\"1000\" \/>\n\t<meta property=\"og:image:height\" content=\"1000\" \/>\n\t<meta property=\"og:image:type\" content=\"image\/png\" \/>\n<meta name=\"twitter:card\" content=\"summary_large_image\" \/>\n<meta name=\"twitter:label1\" content=\"Tahmini okuma s\u00fcresi\" \/>\n\t<meta name=\"twitter:data1\" content=\"1 dakika\" \/>\n<script type=\"application\/ld+json\" class=\"yoast-schema-graph\">{\"@context\":\"https:\\\/\\\/schema.org\",\"@graph\":[{\"@type\":[\"WebPage\",\"ItemPage\"],\"@id\":\"https:\\\/\\\/www.purejewels.com\\\/product\\\/22ct-sunrie-gold-ladies-twisted-bangle-50915\\\/\",\"url\":\"https:\\\/\\\/www.purejewels.com\\\/product\\\/22ct-sunrie-gold-ladies-twisted-bangle-50915\\\/\",\"name\":\"22ct Gold Twisted Bangle with Ghungri droppers| PureJewels UK\",\"isPartOf\":{\"@id\":\"https:\\\/\\\/www.purejewels.com\\\/#website\"},\"primaryImageOfPage\":{\"@id\":\"https:\\\/\\\/www.purejewels.com\\\/product\\\/22ct-sunrie-gold-ladies-twisted-bangle-50915\\\/#primaryimage\"},\"image\":{\"@id\":\"https:\\\/\\\/www.purejewels.com\\\/product\\\/22ct-sunrie-gold-ladies-twisted-bangle-50915\\\/#primaryimage\"},\"thumbnailUrl\":\"https:\\\/\\\/static.purejewels.com\\\/wp-content\\\/uploads\\\/2023\\\/06\\\/50915_1.png\",\"datePublished\":\"2023-06-16T10:29:04+00:00\",\"dateModified\":\"2026-02-12T03:52:39+00:00\",\"description\":\"Purchase the 22ct Gold Ladies Twister Bangle online and embrace the enchanting allure of its twisted design. A captivating addition to your Jewellery collection.\",\"breadcrumb\":{\"@id\":\"https:\\\/\\\/www.purejewels.com\\\/product\\\/22ct-sunrie-gold-ladies-twisted-bangle-50915\\\/#breadcrumb\"},\"inLanguage\":\"tr\",\"potentialAction\":[{\"@type\":\"ReadAction\",\"target\":[\"https:\\\/\\\/www.purejewels.com\\\/product\\\/22ct-sunrie-gold-ladies-twisted-bangle-50915\\\/\"]}]},{\"@type\":\"ImageObject\",\"inLanguage\":\"tr\",\"@id\":\"https:\\\/\\\/www.purejewels.com\\\/product\\\/22ct-sunrie-gold-ladies-twisted-bangle-50915\\\/#primaryimage\",\"url\":\"https:\\\/\\\/static.purejewels.com\\\/wp-content\\\/uploads\\\/2023\\\/06\\\/50915_1.png\",\"contentUrl\":\"https:\\\/\\\/static.purejewels.com\\\/wp-content\\\/uploads\\\/2023\\\/06\\\/50915_1.png\",\"width\":1000,\"height\":1000,\"caption\":\"22ct Gold Bangle\"},{\"@type\":\"BreadcrumbList\",\"@id\":\"https:\\\/\\\/www.purejewels.com\\\/product\\\/22ct-sunrie-gold-ladies-twisted-bangle-50915\\\/#breadcrumb\",\"itemListElement\":[{\"@type\":\"ListItem\",\"position\":1,\"name\":\"Home\",\"item\":\"https:\\\/\\\/www.purejewels.com\\\/\"},{\"@type\":\"ListItem\",\"position\":2,\"name\":\"Shop\",\"item\":\"https:\\\/\\\/www.purejewels.com\\\/shop\\\/\"},{\"@type\":\"ListItem\",\"position\":3,\"name\":\"22ct Sunrise Gold Ladies Twisted Bangle\"}]},{\"@type\":\"WebSite\",\"@id\":\"https:\\\/\\\/www.purejewels.com\\\/#website\",\"url\":\"https:\\\/\\\/www.purejewels.com\\\/\",\"name\":\"PureJewels UK\",\"description\":\"Share the Love\",\"publisher\":{\"@id\":\"https:\\\/\\\/www.purejewels.com\\\/#organization\"},\"potentialAction\":[{\"@type\":\"SearchAction\",\"target\":{\"@type\":\"EntryPoint\",\"urlTemplate\":\"https:\\\/\\\/www.purejewels.com\\\/?s={search_term_string}\"},\"query-input\":{\"@type\":\"PropertyValueSpecification\",\"valueRequired\":true,\"valueName\":\"search_term_string\"}}],\"inLanguage\":\"tr\"},{\"@type\":\"Organization\",\"@id\":\"https:\\\/\\\/www.purejewels.com\\\/#organization\",\"name\":\"PureJewels UK\",\"url\":\"https:\\\/\\\/www.purejewels.com\\\/\",\"logo\":{\"@type\":\"ImageObject\",\"inLanguage\":\"tr\",\"@id\":\"https:\\\/\\\/www.purejewels.com\\\/#\\\/schema\\\/logo\\\/image\\\/\",\"url\":\"https:\\\/\\\/static.purejewels.com\\\/wp-content\\\/uploads\\\/2020\\\/11\\\/Logo-PJ-New-1.png\",\"contentUrl\":\"https:\\\/\\\/static.purejewels.com\\\/wp-content\\\/uploads\\\/2020\\\/11\\\/Logo-PJ-New-1.png\",\"width\":150,\"height\":80,\"caption\":\"PureJewels UK\"},\"image\":{\"@id\":\"https:\\\/\\\/www.purejewels.com\\\/#\\\/schema\\\/logo\\\/image\\\/\"}}]}<\/script>\n<!-- \/ Yoast SEO plugin. -->","yoast_head_json":{"title":"Ghungri Damlal\u0131kl\u0131 22 Ayar Alt\u0131n B\u00fck\u00fcml\u00fc Bileklik| PureJewels UK","description":"22 Ayar Alt\u0131n Bayan Twister Bilekli\u011fi online sat\u0131n al\u0131n ve burgulu tasar\u0131m\u0131n\u0131n b\u00fcy\u00fcleyici cazibesini kucaklay\u0131n. M\u00fccevher koleksiyonunuza b\u00fcy\u00fcleyici bir katk\u0131.","robots":{"index":"index","follow":"follow","max-snippet":"max-snippet:-1","max-image-preview":"max-image-preview:large","max-video-preview":"max-video-preview:-1"},"canonical":"https:\/\/www.purejewels.com\/tr\/urun\/22-ayar-sunrie-altin-bayan-burgulu-bileklik-50915\/","og_locale":"tr_TR","og_type":"article","og_title":"22ct Gold Twisted Bangle with Ghungri droppers| PureJewels UK","og_description":"Purchase the 22ct Gold Ladies Twister Bangle online and embrace the enchanting allure of its twisted design. A captivating addition to your Jewellery collection.","og_url":"https:\/\/www.purejewels.com\/tr\/urun\/22-ayar-sunrie-altin-bayan-burgulu-bileklik-50915\/","og_site_name":"PureJewels UK","article_modified_time":"2026-02-12T03:52:39+00:00","og_image":[{"width":1000,"height":1000,"url":"https:\/\/static.purejewels.com\/wp-content\/uploads\/2023\/06\/50915_1.png","type":"image\/png"}],"twitter_card":"summary_large_image","twitter_misc":{"Tahmini okuma s\u00fcresi":"1 dakika"},"schema":{"@context":"https:\/\/schema.org","@graph":[{"@type":["WebPage","ItemPage"],"@id":"https:\/\/www.purejewels.com\/product\/22ct-sunrie-gold-ladies-twisted-bangle-50915\/","url":"https:\/\/www.purejewels.com\/product\/22ct-sunrie-gold-ladies-twisted-bangle-50915\/","name":"Ghungri Damlal\u0131kl\u0131 22 Ayar Alt\u0131n B\u00fck\u00fcml\u00fc Bileklik| PureJewels UK","isPartOf":{"@id":"https:\/\/www.purejewels.com\/#website"},"primaryImageOfPage":{"@id":"https:\/\/www.purejewels.com\/product\/22ct-sunrie-gold-ladies-twisted-bangle-50915\/#primaryimage"},"image":{"@id":"https:\/\/www.purejewels.com\/product\/22ct-sunrie-gold-ladies-twisted-bangle-50915\/#primaryimage"},"thumbnailUrl":"https:\/\/static.purejewels.com\/wp-content\/uploads\/2023\/06\/50915_1.png","datePublished":"2023-06-16T10:29:04+00:00","dateModified":"2026-02-12T03:52:39+00:00","description":"22 Ayar Alt\u0131n Bayan Twister Bilekli\u011fi online sat\u0131n al\u0131n ve burgulu tasar\u0131m\u0131n\u0131n b\u00fcy\u00fcleyici cazibesini kucaklay\u0131n. M\u00fccevher koleksiyonunuza b\u00fcy\u00fcleyici bir katk\u0131.","breadcrumb":{"@id":"https:\/\/www.purejewels.com\/product\/22ct-sunrie-gold-ladies-twisted-bangle-50915\/#breadcrumb"},"inLanguage":"tr","potentialAction":[{"@type":"ReadAction","target":["https:\/\/www.purejewels.com\/product\/22ct-sunrie-gold-ladies-twisted-bangle-50915\/"]}]},{"@type":"ImageObject","inLanguage":"tr","@id":"https:\/\/www.purejewels.com\/product\/22ct-sunrie-gold-ladies-twisted-bangle-50915\/#primaryimage","url":"https:\/\/static.purejewels.com\/wp-content\/uploads\/2023\/06\/50915_1.png","contentUrl":"https:\/\/static.purejewels.com\/wp-content\/uploads\/2023\/06\/50915_1.png","width":1000,"height":1000,"caption":"22ct Gold Bangle"},{"@type":"BreadcrumbList","@id":"https:\/\/www.purejewels.com\/product\/22ct-sunrie-gold-ladies-twisted-bangle-50915\/#breadcrumb","itemListElement":[{"@type":"ListItem","position":1,"name":"Home","item":"https:\/\/www.purejewels.com\/"},{"@type":"ListItem","position":2,"name":"Shop","item":"https:\/\/www.purejewels.com\/shop\/"},{"@type":"ListItem","position":3,"name":"22ct Sunrise Gold Ladies Twisted Bangle"}]},{"@type":"WebSite","@id":"https:\/\/www.purejewels.com\/#website","url":"https:\/\/www.purejewels.com\/","name":"PureJewels \u0130ngiltere","description":"Sevgiyi Payla\u015f\u0131n","publisher":{"@id":"https:\/\/www.purejewels.com\/#organization"},"potentialAction":[{"@type":"SearchAction","target":{"@type":"EntryPoint","urlTemplate":"https:\/\/www.purejewels.com\/?s={search_term_string}"},"query-input":{"@type":"PropertyValueSpecification","valueRequired":true,"valueName":"search_term_string"}}],"inLanguage":"tr"},{"@type":"Organization","@id":"https:\/\/www.purejewels.com\/#organization","name":"PureJewels \u0130ngiltere","url":"https:\/\/www.purejewels.com\/","logo":{"@type":"ImageObject","inLanguage":"tr","@id":"https:\/\/www.purejewels.com\/#\/schema\/logo\/image\/","url":"https:\/\/static.purejewels.com\/wp-content\/uploads\/2020\/11\/Logo-PJ-New-1.png","contentUrl":"https:\/\/static.purejewels.com\/wp-content\/uploads\/2020\/11\/Logo-PJ-New-1.png","width":150,"height":80,"caption":"PureJewels UK"},"image":{"@id":"https:\/\/www.purejewels.com\/#\/schema\/logo\/image\/"}}]}},"_links":{"self":[{"href":"https:\/\/www.purejewels.com\/tr\/wp-json\/wp\/v2\/product\/347660","targetHints":{"allow":["GET"]}}],"collection":[{"href":"https:\/\/www.purejewels.com\/tr\/wp-json\/wp\/v2\/product"}],"about":[{"href":"https:\/\/www.purejewels.com\/tr\/wp-json\/wp\/v2\/types\/product"}],"replies":[{"embeddable":true,"href":"https:\/\/www.purejewels.com\/tr\/wp-json\/wp\/v2\/comments?post=347660"}],"version-history":[{"count":4,"href":"https:\/\/www.purejewels.com\/tr\/wp-json\/wp\/v2\/product\/347660\/revisions"}],"predecessor-version":[{"id":405486,"href":"https:\/\/www.purejewels.com\/tr\/wp-json\/wp\/v2\/product\/347660\/revisions\/405486"}],"wp:featuredmedia":[{"embeddable":true,"href":"https:\/\/www.purejewels.com\/tr\/wp-json\/wp\/v2\/media\/388298"}],"wp:attachment":[{"href":"https:\/\/www.purejewels.com\/tr\/wp-json\/wp\/v2\/media?parent=347660"}],"wp:term":[{"taxonomy":"product_brand","embeddable":true,"href":"https:\/\/www.purejewels.com\/tr\/wp-json\/wp\/v2\/product_brand?post=347660"},{"taxonomy":"product_cat","embeddable":true,"href":"https:\/\/www.purejewels.com\/tr\/wp-json\/wp\/v2\/product_cat?post=347660"},{"taxonomy":"product_tag","embeddable":true,"href":"https:\/\/www.purejewels.com\/tr\/wp-json\/wp\/v2\/product_tag?post=347660"}],"curies":[{"name":"wp","href":"https:\/\/api.w.org\/{rel}","templated":true}]}}