{"id":347699,"date":"2023-11-28T14:38:46","date_gmt":"2023-11-28T14:38:46","guid":{"rendered":"https:\/\/www.purejewels.com\/?post_type=product&#038;p=347699"},"modified":"2026-01-06T07:30:07","modified_gmt":"2026-01-06T07:30:07","slug":"22-ayar-altin-hac-kolye-44710","status":"publish","type":"product","link":"https:\/\/www.purejewels.com\/tr\/product\/22k-gold-cross-pendant-44710\/","title":{"rendered":"22 Ayar Alt\u0131n Ha\u00e7 Unisex Kolye"},"content":{"rendered":"<p>PureJewels London'\u0131n bu \u00e7arp\u0131c\u0131 22 ayar Alt\u0131n Ha\u00e7 Unisex Kolyesi, zarafet ve sofistike bir g\u00f6r\u00fcn\u00fcm sergileyen zamans\u0131z bir par\u00e7ad\u0131r. Y\u00fcksek kaliteli 22 ayar alt\u0131ndan \u00fcretilen ve \u0131\u015f\u0131lt\u0131l\u0131 CZ ta\u015flarla s\u00fcslenen bu kolye ucu, klasik ve \u015f\u0131k m\u00fccevherleri seven kad\u0131nlar i\u00e7in m\u00fckemmeldir. Ha\u00e7\u0131n karma\u015f\u0131k tasar\u0131m\u0131 inanc\u0131 ve maneviyat\u0131 sembolize eder, bu da onu g\u00fcnl\u00fck kullan\u0131m veya \u00f6zel g\u00fcnler i\u00e7in anlaml\u0131 bir aksesuar haline getirir.<\/p>\n<p>Bu kolyenin bir zincirle birlikte gelmedi\u011fini l\u00fctfen unutmay\u0131n, ancak ki\u015fiselle\u015ftirilmi\u015f bir g\u00f6r\u00fcn\u00fcm i\u00e7in en sevdi\u011finiz alt\u0131n zincirle e\u015fle\u015ftirebilirsiniz. Her bir kolye ucu Londra Assay Ofisi taraf\u0131ndan damgalanarak orijinalli\u011fi ve kalitesi garanti alt\u0131na al\u0131nm\u0131\u015ft\u0131r. G\u00fczel bir sunum kutusunda gelen kolye ucu, kendiniz veya sevdi\u011finiz biri i\u00e7in m\u00fckemmel bir hediyedir.<\/p>\n<p>Bu enfes alt\u0131n rengini ekleme f\u0131rsat\u0131n\u0131 ka\u00e7\u0131rmay\u0131n <a href=\"https:\/\/www.purejewels.com\/tr\/product\/holy-cross-gold-pendant-44713\/\">ha\u00e7 kolye ucu<\/a> m\u00fccevher koleksiyonunuza ekleyin. G\u00fcvenle al\u0131\u015fveri\u015f yap\u0131n ve bu \u00e7arp\u0131c\u0131 m\u00fccevher par\u00e7as\u0131yla tarz\u0131n\u0131z\u0131 y\u00fckseltin.<\/p>","protected":false},"excerpt":{"rendered":"<ul>\n<li><span data-sheets-value=\"{&quot;1&quot;:2,&quot;2&quot;:&quot;22 carat gold cross pendant&quot;}\" data-sheets-userformat=\"{&quot;2&quot;:13185,&quot;3&quot;:{&quot;1&quot;:0},&quot;10&quot;:2,&quot;11&quot;:0,&quot;12&quot;:0,&quot;15&quot;:&quot;Arial, serif&quot;,&quot;16&quot;:12}\">22 Ayar Alt\u0131n CZ Ta\u015fl\u0131 Ha\u00e7 Kolye<\/span><\/li>\n<li>A\u011f\u0131rl\u0131k 3,20 gms<\/li>\n<li>SKU. 44710<\/li>\n<li>Zincir dahil de\u011fildir<\/li>\n<li>Londra Tahlil Ofisi Taraf\u0131ndan Damgalanm\u0131\u015f 22 Ayar Alt\u0131n<\/li>\n<li>Resimde g\u00f6sterilen Zincir bir\u00a0<strong>Spiga Zincir<\/strong><\/li>\n<li>Sunum Kutusu ile Birlikte Gelir<\/li>\n<li>Teslimat Dahil<\/li>\n<li>T\u00fcm fiyatlara KDV dahildir<\/li>\n<li>Koleksiyonumuzu G\u00f6r\u00fcnt\u00fcleyin\u00a0<strong>erkek kolye u\u00e7lar\u0131<\/strong><\/li>\n<li>Stok durumu ve stokta bulunan benzer tasar\u0131mlar\u0131n daha fazla g\u00f6r\u00fcnt\u00fcs\u00fc i\u00e7in bizimle canl\u0131 sohbet edin<\/li>\n<\/ul>","protected":false},"featured_media":347700,"comment_status":"closed","ping_status":"closed","template":"","meta":{"_eb_attr":"","_crsspst_to_jayantr4sg-hostcom":true},"product_brand":[],"product_cat":[1794,5603,1255,1572,1768,1701,1574],"product_tag":[5473],"class_list":{"0":"post-347699","1":"product","2":"type-product","3":"status-publish","4":"has-post-thumbnail","6":"product_cat-christmas-gifts","7":"product_cat-cross-pendants","8":"product_cat-gold-pendants","9":"product_cat-mens-jewellery","10":"product_cat-mens-pendants","11":"product_cat-religious-pendants","12":"product_cat-womens-jewellery","13":"product_tag-religion-pendant","15":"first","16":"outofstock","17":"taxable","18":"shipping-taxable","19":"product-type-simple","20":"add-to-wishlist-before_image"},"yoast_head":"<!-- This site is optimized with the Yoast SEO plugin v27.5 - https:\/\/yoast.com\/product\/yoast-seo-wordpress\/ -->\n<title>22k Gold Cross Unisex Pendant, PureJewels London<\/title>\n<meta name=\"description\" content=\"Explore our collection of 22k real gold cross pendants for Men and Women, in a variety of designs. Shop Gold Pendants from PureJewels UK.\" \/>\n<meta name=\"robots\" content=\"index, follow, max-snippet:-1, max-image-preview:large, max-video-preview:-1\" \/>\n<link rel=\"canonical\" href=\"https:\/\/www.purejewels.com\/tr\/urun\/22-ayar-altin-hac-kolye-44710\/\" \/>\n<meta property=\"og:locale\" content=\"tr_TR\" \/>\n<meta property=\"og:type\" content=\"article\" \/>\n<meta property=\"og:title\" content=\"22k Gold Cross Unisex Pendant, PureJewels London\" \/>\n<meta property=\"og:description\" content=\"Explore our collection of 22k real gold cross pendants for Men and Women, in a variety of designs. Shop Gold Pendants from PureJewels UK.\" \/>\n<meta property=\"og:url\" content=\"https:\/\/www.purejewels.com\/tr\/urun\/22-ayar-altin-hac-kolye-44710\/\" \/>\n<meta property=\"og:site_name\" content=\"PureJewels UK\" \/>\n<meta property=\"article:modified_time\" content=\"2026-01-06T07:30:07+00:00\" \/>\n<meta property=\"og:image\" content=\"https:\/\/www.purejewels.com\/wp-content\/uploads\/2023\/06\/44710.jpg\" \/>\n\t<meta property=\"og:image:width\" content=\"1\" \/>\n\t<meta property=\"og:image:height\" content=\"1\" \/>\n\t<meta property=\"og:image:type\" content=\"image\/jpeg\" \/>\n<meta name=\"twitter:card\" content=\"summary_large_image\" \/>\n<meta name=\"twitter:label1\" content=\"Tahmini okuma s\u00fcresi\" \/>\n\t<meta name=\"twitter:data1\" content=\"1 dakika\" \/>\n<script type=\"application\/ld+json\" class=\"yoast-schema-graph\">{\"@context\":\"https:\\\/\\\/schema.org\",\"@graph\":[{\"@type\":[\"WebPage\",\"ItemPage\"],\"@id\":\"https:\\\/\\\/www.purejewels.com\\\/product\\\/22k-gold-cross-pendant-44710\\\/\",\"url\":\"https:\\\/\\\/www.purejewels.com\\\/product\\\/22k-gold-cross-pendant-44710\\\/\",\"name\":\"22k Gold Cross Unisex Pendant, PureJewels London\",\"isPartOf\":{\"@id\":\"https:\\\/\\\/www.purejewels.com\\\/#website\"},\"primaryImageOfPage\":{\"@id\":\"https:\\\/\\\/www.purejewels.com\\\/product\\\/22k-gold-cross-pendant-44710\\\/#primaryimage\"},\"image\":{\"@id\":\"https:\\\/\\\/www.purejewels.com\\\/product\\\/22k-gold-cross-pendant-44710\\\/#primaryimage\"},\"thumbnailUrl\":\"https:\\\/\\\/static.purejewels.com\\\/wp-content\\\/uploads\\\/2023\\\/06\\\/44710.jpg\",\"datePublished\":\"2023-11-28T14:38:46+00:00\",\"dateModified\":\"2026-01-06T07:30:07+00:00\",\"description\":\"Explore our collection of 22k real gold cross pendants for Men and Women, in a variety of designs. Shop Gold Pendants from PureJewels UK.\",\"breadcrumb\":{\"@id\":\"https:\\\/\\\/www.purejewels.com\\\/product\\\/22k-gold-cross-pendant-44710\\\/#breadcrumb\"},\"inLanguage\":\"tr\",\"potentialAction\":[{\"@type\":\"ReadAction\",\"target\":[\"https:\\\/\\\/www.purejewels.com\\\/product\\\/22k-gold-cross-pendant-44710\\\/\"]}]},{\"@type\":\"ImageObject\",\"inLanguage\":\"tr\",\"@id\":\"https:\\\/\\\/www.purejewels.com\\\/product\\\/22k-gold-cross-pendant-44710\\\/#primaryimage\",\"url\":\"https:\\\/\\\/static.purejewels.com\\\/wp-content\\\/uploads\\\/2023\\\/06\\\/44710.jpg\",\"contentUrl\":\"https:\\\/\\\/static.purejewels.com\\\/wp-content\\\/uploads\\\/2023\\\/06\\\/44710.jpg\",\"caption\":\"22k Gold Cross Pendant\"},{\"@type\":\"BreadcrumbList\",\"@id\":\"https:\\\/\\\/www.purejewels.com\\\/product\\\/22k-gold-cross-pendant-44710\\\/#breadcrumb\",\"itemListElement\":[{\"@type\":\"ListItem\",\"position\":1,\"name\":\"Home\",\"item\":\"https:\\\/\\\/www.purejewels.com\\\/\"},{\"@type\":\"ListItem\",\"position\":2,\"name\":\"Shop\",\"item\":\"https:\\\/\\\/www.purejewels.com\\\/shop\\\/\"},{\"@type\":\"ListItem\",\"position\":3,\"name\":\"22k Gold Cross Unisex Pendant\"}]},{\"@type\":\"WebSite\",\"@id\":\"https:\\\/\\\/www.purejewels.com\\\/#website\",\"url\":\"https:\\\/\\\/www.purejewels.com\\\/\",\"name\":\"PureJewels UK\",\"description\":\"Share the Love\",\"publisher\":{\"@id\":\"https:\\\/\\\/www.purejewels.com\\\/#organization\"},\"potentialAction\":[{\"@type\":\"SearchAction\",\"target\":{\"@type\":\"EntryPoint\",\"urlTemplate\":\"https:\\\/\\\/www.purejewels.com\\\/?s={search_term_string}\"},\"query-input\":{\"@type\":\"PropertyValueSpecification\",\"valueRequired\":true,\"valueName\":\"search_term_string\"}}],\"inLanguage\":\"tr\"},{\"@type\":\"Organization\",\"@id\":\"https:\\\/\\\/www.purejewels.com\\\/#organization\",\"name\":\"PureJewels UK\",\"url\":\"https:\\\/\\\/www.purejewels.com\\\/\",\"logo\":{\"@type\":\"ImageObject\",\"inLanguage\":\"tr\",\"@id\":\"https:\\\/\\\/www.purejewels.com\\\/#\\\/schema\\\/logo\\\/image\\\/\",\"url\":\"https:\\\/\\\/static.purejewels.com\\\/wp-content\\\/uploads\\\/2020\\\/11\\\/Logo-PJ-New-1.png\",\"contentUrl\":\"https:\\\/\\\/static.purejewels.com\\\/wp-content\\\/uploads\\\/2020\\\/11\\\/Logo-PJ-New-1.png\",\"width\":150,\"height\":80,\"caption\":\"PureJewels UK\"},\"image\":{\"@id\":\"https:\\\/\\\/www.purejewels.com\\\/#\\\/schema\\\/logo\\\/image\\\/\"}}]}<\/script>\n<!-- \/ Yoast SEO plugin. -->","yoast_head_json":{"title":"22 Ayar Alt\u0131n Ha\u00e7 Unisex Kolye, PureJewels London","description":"Erkekler ve Kad\u0131nlar i\u00e7in \u00e7e\u015fitli tasar\u0131mlarda 22 ayar ger\u00e7ek alt\u0131n ha\u00e7 kolye koleksiyonumuzu ke\u015ffedin. PureJewels UK'den Alt\u0131n Kolyeler sat\u0131n al\u0131n.","robots":{"index":"index","follow":"follow","max-snippet":"max-snippet:-1","max-image-preview":"max-image-preview:large","max-video-preview":"max-video-preview:-1"},"canonical":"https:\/\/www.purejewels.com\/tr\/urun\/22-ayar-altin-hac-kolye-44710\/","og_locale":"tr_TR","og_type":"article","og_title":"22k Gold Cross Unisex Pendant, PureJewels London","og_description":"Explore our collection of 22k real gold cross pendants for Men and Women, in a variety of designs. Shop Gold Pendants from PureJewels UK.","og_url":"https:\/\/www.purejewels.com\/tr\/urun\/22-ayar-altin-hac-kolye-44710\/","og_site_name":"PureJewels UK","article_modified_time":"2026-01-06T07:30:07+00:00","og_image":[{"url":"https:\/\/www.purejewels.com\/wp-content\/uploads\/2023\/06\/44710.jpg","width":1,"height":1,"type":"image\/jpeg"}],"twitter_card":"summary_large_image","twitter_misc":{"Tahmini okuma s\u00fcresi":"1 dakika"},"schema":{"@context":"https:\/\/schema.org","@graph":[{"@type":["WebPage","ItemPage"],"@id":"https:\/\/www.purejewels.com\/product\/22k-gold-cross-pendant-44710\/","url":"https:\/\/www.purejewels.com\/product\/22k-gold-cross-pendant-44710\/","name":"22 Ayar Alt\u0131n Ha\u00e7 Unisex Kolye, PureJewels London","isPartOf":{"@id":"https:\/\/www.purejewels.com\/#website"},"primaryImageOfPage":{"@id":"https:\/\/www.purejewels.com\/product\/22k-gold-cross-pendant-44710\/#primaryimage"},"image":{"@id":"https:\/\/www.purejewels.com\/product\/22k-gold-cross-pendant-44710\/#primaryimage"},"thumbnailUrl":"https:\/\/static.purejewels.com\/wp-content\/uploads\/2023\/06\/44710.jpg","datePublished":"2023-11-28T14:38:46+00:00","dateModified":"2026-01-06T07:30:07+00:00","description":"Erkekler ve Kad\u0131nlar i\u00e7in \u00e7e\u015fitli tasar\u0131mlarda 22 ayar ger\u00e7ek alt\u0131n ha\u00e7 kolye koleksiyonumuzu ke\u015ffedin. PureJewels UK'den Alt\u0131n Kolyeler sat\u0131n al\u0131n.","breadcrumb":{"@id":"https:\/\/www.purejewels.com\/product\/22k-gold-cross-pendant-44710\/#breadcrumb"},"inLanguage":"tr","potentialAction":[{"@type":"ReadAction","target":["https:\/\/www.purejewels.com\/product\/22k-gold-cross-pendant-44710\/"]}]},{"@type":"ImageObject","inLanguage":"tr","@id":"https:\/\/www.purejewels.com\/product\/22k-gold-cross-pendant-44710\/#primaryimage","url":"https:\/\/static.purejewels.com\/wp-content\/uploads\/2023\/06\/44710.jpg","contentUrl":"https:\/\/static.purejewels.com\/wp-content\/uploads\/2023\/06\/44710.jpg","caption":"22k Gold Cross Pendant"},{"@type":"BreadcrumbList","@id":"https:\/\/www.purejewels.com\/product\/22k-gold-cross-pendant-44710\/#breadcrumb","itemListElement":[{"@type":"ListItem","position":1,"name":"Home","item":"https:\/\/www.purejewels.com\/"},{"@type":"ListItem","position":2,"name":"Shop","item":"https:\/\/www.purejewels.com\/shop\/"},{"@type":"ListItem","position":3,"name":"22k Gold Cross Unisex Pendant"}]},{"@type":"WebSite","@id":"https:\/\/www.purejewels.com\/#website","url":"https:\/\/www.purejewels.com\/","name":"PureJewels \u0130ngiltere","description":"Sevgiyi Payla\u015f\u0131n","publisher":{"@id":"https:\/\/www.purejewels.com\/#organization"},"potentialAction":[{"@type":"SearchAction","target":{"@type":"EntryPoint","urlTemplate":"https:\/\/www.purejewels.com\/?s={search_term_string}"},"query-input":{"@type":"PropertyValueSpecification","valueRequired":true,"valueName":"search_term_string"}}],"inLanguage":"tr"},{"@type":"Organization","@id":"https:\/\/www.purejewels.com\/#organization","name":"PureJewels \u0130ngiltere","url":"https:\/\/www.purejewels.com\/","logo":{"@type":"ImageObject","inLanguage":"tr","@id":"https:\/\/www.purejewels.com\/#\/schema\/logo\/image\/","url":"https:\/\/static.purejewels.com\/wp-content\/uploads\/2020\/11\/Logo-PJ-New-1.png","contentUrl":"https:\/\/static.purejewels.com\/wp-content\/uploads\/2020\/11\/Logo-PJ-New-1.png","width":150,"height":80,"caption":"PureJewels UK"},"image":{"@id":"https:\/\/www.purejewels.com\/#\/schema\/logo\/image\/"}}]}},"_links":{"self":[{"href":"https:\/\/www.purejewels.com\/tr\/wp-json\/wp\/v2\/product\/347699","targetHints":{"allow":["GET"]}}],"collection":[{"href":"https:\/\/www.purejewels.com\/tr\/wp-json\/wp\/v2\/product"}],"about":[{"href":"https:\/\/www.purejewels.com\/tr\/wp-json\/wp\/v2\/types\/product"}],"replies":[{"embeddable":true,"href":"https:\/\/www.purejewels.com\/tr\/wp-json\/wp\/v2\/comments?post=347699"}],"version-history":[{"count":3,"href":"https:\/\/www.purejewels.com\/tr\/wp-json\/wp\/v2\/product\/347699\/revisions"}],"predecessor-version":[{"id":420435,"href":"https:\/\/www.purejewels.com\/tr\/wp-json\/wp\/v2\/product\/347699\/revisions\/420435"}],"wp:featuredmedia":[{"embeddable":true,"href":"https:\/\/www.purejewels.com\/tr\/wp-json\/wp\/v2\/media\/347700"}],"wp:attachment":[{"href":"https:\/\/www.purejewels.com\/tr\/wp-json\/wp\/v2\/media?parent=347699"}],"wp:term":[{"taxonomy":"product_brand","embeddable":true,"href":"https:\/\/www.purejewels.com\/tr\/wp-json\/wp\/v2\/product_brand?post=347699"},{"taxonomy":"product_cat","embeddable":true,"href":"https:\/\/www.purejewels.com\/tr\/wp-json\/wp\/v2\/product_cat?post=347699"},{"taxonomy":"product_tag","embeddable":true,"href":"https:\/\/www.purejewels.com\/tr\/wp-json\/wp\/v2\/product_tag?post=347699"}],"curies":[{"name":"wp","href":"https:\/\/api.w.org\/{rel}","templated":true}]}}