{"id":347748,"date":"2023-06-19T11:51:44","date_gmt":"2023-06-19T10:51:44","guid":{"rendered":"https:\/\/www.purejewels.com\/?post_type=product&#038;p=347748"},"modified":"2026-01-06T07:30:08","modified_gmt":"2026-01-06T07:30:08","slug":"22-ayar-altin-hac-kolye-44712","status":"publish","type":"product","link":"https:\/\/www.purejewels.com\/tr\/product\/22k-gold-cross-pendant-44712\/","title":{"rendered":"22 Ayar Alt\u0131n Ha\u00e7 Kolye"},"content":{"rendered":"<p data-start=\"256\" data-end=\"529\">Bu <strong data-start=\"260\" data-end=\"286\">22 Ayar Alt\u0131n Ha\u00e7 Kolye<\/strong> saf 22 ayar alt\u0131ndan g\u00fczelce i\u015flenmi\u015f, zamans\u0131z bir inan\u00e7 ve ba\u011fl\u0131l\u0131k sembol\u00fcd\u00fcr. Sade hatlar\u0131 ve cilal\u0131 y\u00fczeyiyle sadelik ve zarafeti bir araya getiren bu kolye ucu, g\u00fcnl\u00fck kullan\u0131m veya \u00f6zel g\u00fcnler i\u00e7in anlaml\u0131 bir aksesuard\u0131r.<\/p>\n<p data-start=\"531\" data-end=\"796\">Hafif ve \u00e7ok y\u00f6nl\u00fc olan bu kolye, ince bir alt\u0131n zincirle zahmetsizce e\u015fle\u015ferek hem rahatl\u0131k hem de sofistike bir g\u00f6r\u00fcn\u00fcm sunar. \u0130ster ki\u015fisel bir hat\u0131ra ister i\u00e7ten bir hediye olarak se\u00e7ilsin, bu kolye ucu kal\u0131c\u0131 i\u015f\u00e7ili\u011fi yans\u0131t\u0131rken derin bir manevi \u00f6nem ta\u015f\u0131r.<\/p>\n<p data-start=\"798\" data-end=\"939\">Orijinallik damgas\u0131 ta\u015f\u0131yan 22 Ayar Alt\u0131n Ha\u00e7 Kolye yaln\u0131zca bir m\u00fccevher par\u00e7as\u0131 de\u011fil, ayn\u0131 zamanda kal\u0131c\u0131 bir inan\u00e7 ve gelenek amblemidir.<\/p>","protected":false},"excerpt":{"rendered":"<ul>\n<li><span data-sheets-value=\"{&quot;1&quot;:2,&quot;2&quot;:&quot;22 carat gold cross pendant&quot;}\" data-sheets-userformat=\"{&quot;2&quot;:13185,&quot;3&quot;:{&quot;1&quot;:0},&quot;10&quot;:2,&quot;11&quot;:0,&quot;12&quot;:0,&quot;15&quot;:&quot;Arial, serif&quot;,&quot;16&quot;:12}\">22 Ayar Alt\u0131n Ha\u00e7 Kolye\u00a0<\/span><\/li>\n<li>A\u011f\u0131rl\u0131k 1,8 gms<\/li>\n<li>SKU. 41652<\/li>\n<li>Zincir dahil de\u011fildir<\/li>\n<li>Londra Tahlil Ofisi Taraf\u0131ndan Damgalanm\u0131\u015f 22 Ayar Alt\u0131n<\/li>\n<li>Koleksiyonumuzu g\u00f6r\u00fcnt\u00fcleyin <strong>Zincirler<\/strong><\/li>\n<li>Sunum Kutusu ile Birlikte Gelir<\/li>\n<li>Teslimat Dahil<\/li>\n<li>T\u00fcm fiyatlara KDV dahildir<\/li>\n<li>Stok durumu ve stokta bulunan benzer tasar\u0131mlar\u0131n daha fazla g\u00f6r\u00fcnt\u00fcs\u00fc i\u00e7in bizimle canl\u0131 sohbet edin<\/li>\n<\/ul>","protected":false},"featured_media":351252,"comment_status":"closed","ping_status":"closed","template":"","meta":{"_eb_attr":"","_crsspst_to_jayantr4sg-hostcom":true},"product_brand":[],"product_cat":[5603,1255,5343,1572,1768,1701,1569,1574,5349],"product_tag":[5473],"class_list":{"0":"post-347748","1":"product","2":"type-product","3":"status-publish","4":"has-post-thumbnail","6":"product_cat-cross-pendants","7":"product_cat-gold-pendants","8":"product_cat-jewellery-under-550","9":"product_cat-mens-jewellery","10":"product_cat-mens-pendants","11":"product_cat-religious-pendants","12":"product_cat-valentine-day-gifts","13":"product_cat-womens-jewellery","14":"product_cat-yellow-gold-jewellery","15":"product_tag-religion-pendant","17":"first","18":"outofstock","19":"taxable","20":"shipping-taxable","21":"product-type-simple","22":"add-to-wishlist-before_image"},"yoast_head":"<!-- This site is optimized with the Yoast SEO plugin v27.3 - https:\/\/yoast.com\/product\/yoast-seo-wordpress\/ -->\n<title>22k gold cross pendant | Unisex Pendant UK<\/title>\n<meta name=\"description\" content=\"Explore our collection of 22k gold cross pendant. The cross pendant is also a symbol of faith and hope, making it a popular choice for religious people.\" \/>\n<meta name=\"robots\" content=\"index, follow, max-snippet:-1, max-image-preview:large, max-video-preview:-1\" \/>\n<link rel=\"canonical\" href=\"https:\/\/www.purejewels.com\/tr\/urun\/22-ayar-altin-hac-kolye-44712\/\" \/>\n<meta property=\"og:locale\" content=\"tr_TR\" \/>\n<meta property=\"og:type\" content=\"article\" \/>\n<meta property=\"og:title\" content=\"22k gold cross pendant | Unisex Pendant UK\" \/>\n<meta property=\"og:description\" content=\"Explore our collection of 22k gold cross pendant. The cross pendant is also a symbol of faith and hope, making it a popular choice for religious people.\" \/>\n<meta property=\"og:url\" content=\"https:\/\/www.purejewels.com\/tr\/urun\/22-ayar-altin-hac-kolye-44712\/\" \/>\n<meta property=\"og:site_name\" content=\"PureJewels UK\" \/>\n<meta property=\"article:modified_time\" content=\"2026-01-06T07:30:08+00:00\" \/>\n<meta property=\"og:image\" content=\"https:\/\/www.purejewels.com\/wp-content\/uploads\/2023\/06\/SKU-41652.png\" \/>\n\t<meta property=\"og:image:width\" content=\"1000\" \/>\n\t<meta property=\"og:image:height\" content=\"1000\" \/>\n\t<meta property=\"og:image:type\" content=\"image\/png\" \/>\n<meta name=\"twitter:card\" content=\"summary_large_image\" \/>\n<meta name=\"twitter:label1\" content=\"Tahmini okuma s\u00fcresi\" \/>\n\t<meta name=\"twitter:data1\" content=\"1 dakika\" \/>\n<script type=\"application\/ld+json\" class=\"yoast-schema-graph\">{\"@context\":\"https:\\\/\\\/schema.org\",\"@graph\":[{\"@type\":[\"WebPage\",\"ItemPage\"],\"@id\":\"https:\\\/\\\/www.purejewels.com\\\/product\\\/22k-gold-cross-pendant-44712\\\/\",\"url\":\"https:\\\/\\\/www.purejewels.com\\\/product\\\/22k-gold-cross-pendant-44712\\\/\",\"name\":\"22k gold cross pendant | Unisex Pendant UK\",\"isPartOf\":{\"@id\":\"https:\\\/\\\/www.purejewels.com\\\/#website\"},\"primaryImageOfPage\":{\"@id\":\"https:\\\/\\\/www.purejewels.com\\\/product\\\/22k-gold-cross-pendant-44712\\\/#primaryimage\"},\"image\":{\"@id\":\"https:\\\/\\\/www.purejewels.com\\\/product\\\/22k-gold-cross-pendant-44712\\\/#primaryimage\"},\"thumbnailUrl\":\"https:\\\/\\\/static.purejewels.com\\\/wp-content\\\/uploads\\\/2023\\\/06\\\/SKU-41652.png\",\"datePublished\":\"2023-06-19T10:51:44+00:00\",\"dateModified\":\"2026-01-06T07:30:08+00:00\",\"description\":\"Explore our collection of 22k gold cross pendant. The cross pendant is also a symbol of faith and hope, making it a popular choice for religious people.\",\"breadcrumb\":{\"@id\":\"https:\\\/\\\/www.purejewels.com\\\/product\\\/22k-gold-cross-pendant-44712\\\/#breadcrumb\"},\"inLanguage\":\"tr\",\"potentialAction\":[{\"@type\":\"ReadAction\",\"target\":[\"https:\\\/\\\/www.purejewels.com\\\/product\\\/22k-gold-cross-pendant-44712\\\/\"]}]},{\"@type\":\"ImageObject\",\"inLanguage\":\"tr\",\"@id\":\"https:\\\/\\\/www.purejewels.com\\\/product\\\/22k-gold-cross-pendant-44712\\\/#primaryimage\",\"url\":\"https:\\\/\\\/static.purejewels.com\\\/wp-content\\\/uploads\\\/2023\\\/06\\\/SKU-41652.png\",\"contentUrl\":\"https:\\\/\\\/static.purejewels.com\\\/wp-content\\\/uploads\\\/2023\\\/06\\\/SKU-41652.png\",\"width\":1000,\"height\":1000,\"caption\":\"22k Gold Cross Pendant\"},{\"@type\":\"BreadcrumbList\",\"@id\":\"https:\\\/\\\/www.purejewels.com\\\/product\\\/22k-gold-cross-pendant-44712\\\/#breadcrumb\",\"itemListElement\":[{\"@type\":\"ListItem\",\"position\":1,\"name\":\"Home\",\"item\":\"https:\\\/\\\/www.purejewels.com\\\/\"},{\"@type\":\"ListItem\",\"position\":2,\"name\":\"Shop\",\"item\":\"https:\\\/\\\/www.purejewels.com\\\/shop\\\/\"},{\"@type\":\"ListItem\",\"position\":3,\"name\":\"22k Gold Cross Pendant\"}]},{\"@type\":\"WebSite\",\"@id\":\"https:\\\/\\\/www.purejewels.com\\\/#website\",\"url\":\"https:\\\/\\\/www.purejewels.com\\\/\",\"name\":\"PureJewels UK\",\"description\":\"Share the Love\",\"publisher\":{\"@id\":\"https:\\\/\\\/www.purejewels.com\\\/#organization\"},\"potentialAction\":[{\"@type\":\"SearchAction\",\"target\":{\"@type\":\"EntryPoint\",\"urlTemplate\":\"https:\\\/\\\/www.purejewels.com\\\/?s={search_term_string}\"},\"query-input\":{\"@type\":\"PropertyValueSpecification\",\"valueRequired\":true,\"valueName\":\"search_term_string\"}}],\"inLanguage\":\"tr\"},{\"@type\":\"Organization\",\"@id\":\"https:\\\/\\\/www.purejewels.com\\\/#organization\",\"name\":\"PureJewels UK\",\"url\":\"https:\\\/\\\/www.purejewels.com\\\/\",\"logo\":{\"@type\":\"ImageObject\",\"inLanguage\":\"tr\",\"@id\":\"https:\\\/\\\/www.purejewels.com\\\/#\\\/schema\\\/logo\\\/image\\\/\",\"url\":\"https:\\\/\\\/static.purejewels.com\\\/wp-content\\\/uploads\\\/2020\\\/11\\\/Logo-PJ-New-1.png\",\"contentUrl\":\"https:\\\/\\\/static.purejewels.com\\\/wp-content\\\/uploads\\\/2020\\\/11\\\/Logo-PJ-New-1.png\",\"width\":150,\"height\":80,\"caption\":\"PureJewels UK\"},\"image\":{\"@id\":\"https:\\\/\\\/www.purejewels.com\\\/#\\\/schema\\\/logo\\\/image\\\/\"}}]}<\/script>\n<!-- \/ Yoast SEO plugin. -->","yoast_head_json":{"title":"22 ayar alt\u0131n ha\u00e7 kolye | Unisex Kolye \u0130ngiltere","description":"22 ayar alt\u0131n ha\u00e7 kolye koleksiyonumuzu ke\u015ffedin. Ha\u00e7 kolye ucu ayn\u0131 zamanda inan\u00e7 ve umudun sembol\u00fcd\u00fcr, bu da onu dindar insanlar i\u00e7in pop\u00fcler bir se\u00e7im haline getirir.","robots":{"index":"index","follow":"follow","max-snippet":"max-snippet:-1","max-image-preview":"max-image-preview:large","max-video-preview":"max-video-preview:-1"},"canonical":"https:\/\/www.purejewels.com\/tr\/urun\/22-ayar-altin-hac-kolye-44712\/","og_locale":"tr_TR","og_type":"article","og_title":"22k gold cross pendant | Unisex Pendant UK","og_description":"Explore our collection of 22k gold cross pendant. The cross pendant is also a symbol of faith and hope, making it a popular choice for religious people.","og_url":"https:\/\/www.purejewels.com\/tr\/urun\/22-ayar-altin-hac-kolye-44712\/","og_site_name":"PureJewels UK","article_modified_time":"2026-01-06T07:30:08+00:00","og_image":[{"width":1000,"height":1000,"url":"https:\/\/www.purejewels.com\/wp-content\/uploads\/2023\/06\/SKU-41652.png","type":"image\/png"}],"twitter_card":"summary_large_image","twitter_misc":{"Tahmini okuma s\u00fcresi":"1 dakika"},"schema":{"@context":"https:\/\/schema.org","@graph":[{"@type":["WebPage","ItemPage"],"@id":"https:\/\/www.purejewels.com\/product\/22k-gold-cross-pendant-44712\/","url":"https:\/\/www.purejewels.com\/product\/22k-gold-cross-pendant-44712\/","name":"22 ayar alt\u0131n ha\u00e7 kolye | Unisex Kolye \u0130ngiltere","isPartOf":{"@id":"https:\/\/www.purejewels.com\/#website"},"primaryImageOfPage":{"@id":"https:\/\/www.purejewels.com\/product\/22k-gold-cross-pendant-44712\/#primaryimage"},"image":{"@id":"https:\/\/www.purejewels.com\/product\/22k-gold-cross-pendant-44712\/#primaryimage"},"thumbnailUrl":"https:\/\/static.purejewels.com\/wp-content\/uploads\/2023\/06\/SKU-41652.png","datePublished":"2023-06-19T10:51:44+00:00","dateModified":"2026-01-06T07:30:08+00:00","description":"22 ayar alt\u0131n ha\u00e7 kolye koleksiyonumuzu ke\u015ffedin. Ha\u00e7 kolye ucu ayn\u0131 zamanda inan\u00e7 ve umudun sembol\u00fcd\u00fcr, bu da onu dindar insanlar i\u00e7in pop\u00fcler bir se\u00e7im haline getirir.","breadcrumb":{"@id":"https:\/\/www.purejewels.com\/product\/22k-gold-cross-pendant-44712\/#breadcrumb"},"inLanguage":"tr","potentialAction":[{"@type":"ReadAction","target":["https:\/\/www.purejewels.com\/product\/22k-gold-cross-pendant-44712\/"]}]},{"@type":"ImageObject","inLanguage":"tr","@id":"https:\/\/www.purejewels.com\/product\/22k-gold-cross-pendant-44712\/#primaryimage","url":"https:\/\/static.purejewels.com\/wp-content\/uploads\/2023\/06\/SKU-41652.png","contentUrl":"https:\/\/static.purejewels.com\/wp-content\/uploads\/2023\/06\/SKU-41652.png","width":1000,"height":1000,"caption":"22k Gold Cross Pendant"},{"@type":"BreadcrumbList","@id":"https:\/\/www.purejewels.com\/product\/22k-gold-cross-pendant-44712\/#breadcrumb","itemListElement":[{"@type":"ListItem","position":1,"name":"Home","item":"https:\/\/www.purejewels.com\/"},{"@type":"ListItem","position":2,"name":"Shop","item":"https:\/\/www.purejewels.com\/shop\/"},{"@type":"ListItem","position":3,"name":"22k Gold Cross Pendant"}]},{"@type":"WebSite","@id":"https:\/\/www.purejewels.com\/#website","url":"https:\/\/www.purejewels.com\/","name":"PureJewels \u0130ngiltere","description":"Sevgiyi Payla\u015f\u0131n","publisher":{"@id":"https:\/\/www.purejewels.com\/#organization"},"potentialAction":[{"@type":"SearchAction","target":{"@type":"EntryPoint","urlTemplate":"https:\/\/www.purejewels.com\/?s={search_term_string}"},"query-input":{"@type":"PropertyValueSpecification","valueRequired":true,"valueName":"search_term_string"}}],"inLanguage":"tr"},{"@type":"Organization","@id":"https:\/\/www.purejewels.com\/#organization","name":"PureJewels \u0130ngiltere","url":"https:\/\/www.purejewels.com\/","logo":{"@type":"ImageObject","inLanguage":"tr","@id":"https:\/\/www.purejewels.com\/#\/schema\/logo\/image\/","url":"https:\/\/static.purejewels.com\/wp-content\/uploads\/2020\/11\/Logo-PJ-New-1.png","contentUrl":"https:\/\/static.purejewels.com\/wp-content\/uploads\/2020\/11\/Logo-PJ-New-1.png","width":150,"height":80,"caption":"PureJewels UK"},"image":{"@id":"https:\/\/www.purejewels.com\/#\/schema\/logo\/image\/"}}]}},"_links":{"self":[{"href":"https:\/\/www.purejewels.com\/tr\/wp-json\/wp\/v2\/product\/347748","targetHints":{"allow":["GET"]}}],"collection":[{"href":"https:\/\/www.purejewels.com\/tr\/wp-json\/wp\/v2\/product"}],"about":[{"href":"https:\/\/www.purejewels.com\/tr\/wp-json\/wp\/v2\/types\/product"}],"replies":[{"embeddable":true,"href":"https:\/\/www.purejewels.com\/tr\/wp-json\/wp\/v2\/comments?post=347748"}],"version-history":[{"count":2,"href":"https:\/\/www.purejewels.com\/tr\/wp-json\/wp\/v2\/product\/347748\/revisions"}],"predecessor-version":[{"id":415477,"href":"https:\/\/www.purejewels.com\/tr\/wp-json\/wp\/v2\/product\/347748\/revisions\/415477"}],"wp:featuredmedia":[{"embeddable":true,"href":"https:\/\/www.purejewels.com\/tr\/wp-json\/wp\/v2\/media\/351252"}],"wp:attachment":[{"href":"https:\/\/www.purejewels.com\/tr\/wp-json\/wp\/v2\/media?parent=347748"}],"wp:term":[{"taxonomy":"product_brand","embeddable":true,"href":"https:\/\/www.purejewels.com\/tr\/wp-json\/wp\/v2\/product_brand?post=347748"},{"taxonomy":"product_cat","embeddable":true,"href":"https:\/\/www.purejewels.com\/tr\/wp-json\/wp\/v2\/product_cat?post=347748"},{"taxonomy":"product_tag","embeddable":true,"href":"https:\/\/www.purejewels.com\/tr\/wp-json\/wp\/v2\/product_tag?post=347748"}],"curies":[{"name":"wp","href":"https:\/\/api.w.org\/{rel}","templated":true}]}}