{"id":347969,"date":"2024-01-25T10:27:12","date_gmt":"2024-01-25T10:27:12","guid":{"rendered":"https:\/\/www.purejewels.com\/?post_type=product&#038;p=347969"},"modified":"2026-02-03T08:43:36","modified_gmt":"2026-02-03T08:43:36","slug":"22-ayar-altin-bas-harf-d-kolye-unisex-52070","status":"publish","type":"product","link":"https:\/\/www.purejewels.com\/tr\/product\/22-carat-gold-initial-d-pendant-unisex-52070\/","title":{"rendered":"22 Ayar Alt\u0131n Ba\u015f Harfi D Kolye | Unisex"},"content":{"rendered":"<p>Parlak 22 ayar alt\u0131ndan \u00fcretilen unisex Ba\u015f Harfi 'D' Kolye, ki\u015fisel ifadenin zarif bir sembol\u00fcd\u00fcr. Orijinallik ve safl\u0131k damgas\u0131 ta\u015f\u0131yan \u015f\u0131k ve minimal tasar\u0131m\u0131, g\u00fcnl\u00fck kullan\u0131m veya anlaml\u0131 hediyeler i\u00e7in m\u00fckemmeldir. Duygu, stil ve ince i\u015f\u00e7ilik miras\u0131 ta\u015f\u0131yan zamans\u0131z bir par\u00e7a.<\/p>","protected":false},"excerpt":{"rendered":"<p>Zarif ve anlaml\u0131 22 Ayar Alt\u0131n Ba\u015f Harfi 'D' Kolye, zengin, damgal\u0131 alt\u0131ndan \u00fcretilmi\u015f, zamans\u0131z ve unisex bir par\u00e7ad\u0131r. G\u00fcnl\u00fck kullan\u0131m veya hediye i\u00e7in m\u00fckemmel olan bu kolye, kimli\u011fi zarif bir sadelik ve kal\u0131c\u0131 bir \u00e7ekicilikle kutluyor.<\/p>\n<p><strong>Malzeme:<\/strong>\u00a022 Ayar Alt\u0131n<strong><br \/>\nHallmark:\u00a0<\/strong>\u0130ngiliz Damgas\u0131<strong><br \/>\n<\/strong><strong>Br\u00fct A\u011f\u0131rl\u0131k: <\/strong>0.90 Gms<strong><br \/>\nSKU: <\/strong>52070<\/p>\n<p><strong>Fiyat ve Teslimat<\/strong>:KDV ve teslimat \u00fccretleri dahil<br \/>\n<strong>Not<\/strong>: Zincir dahil de\u011fildir<\/p>\n<p><strong><a href=\"https:\/\/www.purejewels.com\/tr\/i%cc%87ade-poli%cc%87ti%cc%87kasi\/\">\u0130ade Politikas\u0131<\/a><\/strong><\/p>","protected":false},"featured_media":400609,"comment_status":"closed","ping_status":"closed","template":"","meta":{"_eb_attr":"","_crsspst_to_jayantr4sg-hostcom":true},"product_brand":[],"product_cat":[1559,1576,1794,1229,1255,5598,5342,5943,1769,1767,1570,5338,1575],"product_tag":[],"class_list":{"0":"post-347969","1":"product","2":"type-product","3":"status-publish","4":"has-post-thumbnail","6":"product_cat-birthday-gifts","7":"product_cat-childrens-jewellery","8":"product_cat-christmas-gifts","9":"product_cat-22ct-gold-jewellery","10":"product_cat-gold-pendants","11":"product_cat-initial-pendant","12":"product_cat-jewellery-under-250","13":"product_cat-kids-jewellery","14":"product_cat-kids-pendants","15":"product_cat-ladies-pendants","16":"product_cat-mothers-day-gifts","17":"product_cat-shop-by-price","18":"product_cat-teenage-jewellery","20":"first","21":"instock","22":"taxable","23":"shipping-taxable","24":"purchasable","25":"product-type-simple","26":"add-to-wishlist-before_image"},"yoast_head":"<!-- This site is optimized with the Yoast SEO plugin v27.5 - https:\/\/yoast.com\/product\/yoast-seo-wordpress\/ -->\n<title>Initial Pendant D | Personalized Mom Jewelry | PureJewels<\/title>\n<meta name=\"description\" content=\"Explore our unique range of Alphabet Pendants. Flaunt your favorite letter through your own piece of Initial Pendant with Chain. Free Delivery UK\" \/>\n<meta name=\"robots\" content=\"index, follow, max-snippet:-1, max-image-preview:large, max-video-preview:-1\" \/>\n<link rel=\"canonical\" href=\"https:\/\/www.purejewels.com\/tr\/urun\/22-ayar-altin-bas-harf-d-kolye-unisex-52070\/\" \/>\n<meta property=\"og:locale\" content=\"tr_TR\" \/>\n<meta property=\"og:type\" content=\"article\" \/>\n<meta property=\"og:title\" content=\"Initial Pendant D | Personalized Mom Jewelry | PureJewels\" \/>\n<meta property=\"og:description\" content=\"Explore our unique range of Alphabet Pendants. Flaunt your favorite letter through your own piece of Initial Pendant with Chain. Free Delivery UK\" \/>\n<meta property=\"og:url\" content=\"https:\/\/www.purejewels.com\/tr\/urun\/22-ayar-altin-bas-harf-d-kolye-unisex-52070\/\" \/>\n<meta property=\"og:site_name\" content=\"PureJewels UK\" \/>\n<meta property=\"article:modified_time\" content=\"2026-02-03T08:43:36+00:00\" \/>\n<meta property=\"og:image\" content=\"https:\/\/static.purejewels.com\/wp-content\/uploads\/2024\/01\/SKU-52070.png\" \/>\n\t<meta property=\"og:image:width\" content=\"1000\" \/>\n\t<meta property=\"og:image:height\" content=\"1000\" \/>\n\t<meta property=\"og:image:type\" content=\"image\/png\" \/>\n<meta name=\"twitter:card\" content=\"summary_large_image\" \/>\n<meta name=\"twitter:label1\" content=\"Tahmini okuma s\u00fcresi\" \/>\n\t<meta name=\"twitter:data1\" content=\"1 dakika\" \/>\n<script type=\"application\/ld+json\" class=\"yoast-schema-graph\">{\"@context\":\"https:\\\/\\\/schema.org\",\"@graph\":[{\"@type\":[\"WebPage\",\"ItemPage\"],\"@id\":\"https:\\\/\\\/www.purejewels.com\\\/product\\\/22-carat-gold-initial-d-pendant-unisex-52070\\\/\",\"url\":\"https:\\\/\\\/www.purejewels.com\\\/product\\\/22-carat-gold-initial-d-pendant-unisex-52070\\\/\",\"name\":\"Initial Pendant D | Personalized Mom Jewelry | PureJewels\",\"isPartOf\":{\"@id\":\"https:\\\/\\\/www.purejewels.com\\\/#website\"},\"primaryImageOfPage\":{\"@id\":\"https:\\\/\\\/www.purejewels.com\\\/product\\\/22-carat-gold-initial-d-pendant-unisex-52070\\\/#primaryimage\"},\"image\":{\"@id\":\"https:\\\/\\\/www.purejewels.com\\\/product\\\/22-carat-gold-initial-d-pendant-unisex-52070\\\/#primaryimage\"},\"thumbnailUrl\":\"https:\\\/\\\/static.purejewels.com\\\/wp-content\\\/uploads\\\/2024\\\/01\\\/SKU-52070.png\",\"datePublished\":\"2024-01-25T10:27:12+00:00\",\"dateModified\":\"2026-02-03T08:43:36+00:00\",\"description\":\"Explore our unique range of Alphabet Pendants. Flaunt your favorite letter through your own piece of Initial Pendant with Chain. Free Delivery UK\",\"breadcrumb\":{\"@id\":\"https:\\\/\\\/www.purejewels.com\\\/product\\\/22-carat-gold-initial-d-pendant-unisex-52070\\\/#breadcrumb\"},\"inLanguage\":\"tr\",\"potentialAction\":[{\"@type\":\"ReadAction\",\"target\":[\"https:\\\/\\\/www.purejewels.com\\\/product\\\/22-carat-gold-initial-d-pendant-unisex-52070\\\/\"]}]},{\"@type\":\"ImageObject\",\"inLanguage\":\"tr\",\"@id\":\"https:\\\/\\\/www.purejewels.com\\\/product\\\/22-carat-gold-initial-d-pendant-unisex-52070\\\/#primaryimage\",\"url\":\"https:\\\/\\\/static.purejewels.com\\\/wp-content\\\/uploads\\\/2024\\\/01\\\/SKU-52070.png\",\"contentUrl\":\"https:\\\/\\\/static.purejewels.com\\\/wp-content\\\/uploads\\\/2024\\\/01\\\/SKU-52070.png\",\"width\":1000,\"height\":1000,\"caption\":\"22ct Gold Initial D Pendant\"},{\"@type\":\"BreadcrumbList\",\"@id\":\"https:\\\/\\\/www.purejewels.com\\\/product\\\/22-carat-gold-initial-d-pendant-unisex-52070\\\/#breadcrumb\",\"itemListElement\":[{\"@type\":\"ListItem\",\"position\":1,\"name\":\"Home\",\"item\":\"https:\\\/\\\/www.purejewels.com\\\/\"},{\"@type\":\"ListItem\",\"position\":2,\"name\":\"Shop\",\"item\":\"https:\\\/\\\/www.purejewels.com\\\/shop\\\/\"},{\"@type\":\"ListItem\",\"position\":3,\"name\":\"22ct Gold Initial D Pendant | Unisex\"}]},{\"@type\":\"WebSite\",\"@id\":\"https:\\\/\\\/www.purejewels.com\\\/#website\",\"url\":\"https:\\\/\\\/www.purejewels.com\\\/\",\"name\":\"PureJewels UK\",\"description\":\"Share the Love\",\"publisher\":{\"@id\":\"https:\\\/\\\/www.purejewels.com\\\/#organization\"},\"potentialAction\":[{\"@type\":\"SearchAction\",\"target\":{\"@type\":\"EntryPoint\",\"urlTemplate\":\"https:\\\/\\\/www.purejewels.com\\\/?s={search_term_string}\"},\"query-input\":{\"@type\":\"PropertyValueSpecification\",\"valueRequired\":true,\"valueName\":\"search_term_string\"}}],\"inLanguage\":\"tr\"},{\"@type\":\"Organization\",\"@id\":\"https:\\\/\\\/www.purejewels.com\\\/#organization\",\"name\":\"PureJewels UK\",\"url\":\"https:\\\/\\\/www.purejewels.com\\\/\",\"logo\":{\"@type\":\"ImageObject\",\"inLanguage\":\"tr\",\"@id\":\"https:\\\/\\\/www.purejewels.com\\\/#\\\/schema\\\/logo\\\/image\\\/\",\"url\":\"https:\\\/\\\/static.purejewels.com\\\/wp-content\\\/uploads\\\/2020\\\/11\\\/Logo-PJ-New-1.png\",\"contentUrl\":\"https:\\\/\\\/static.purejewels.com\\\/wp-content\\\/uploads\\\/2020\\\/11\\\/Logo-PJ-New-1.png\",\"width\":150,\"height\":80,\"caption\":\"PureJewels UK\"},\"image\":{\"@id\":\"https:\\\/\\\/www.purejewels.com\\\/#\\\/schema\\\/logo\\\/image\\\/\"}}]}<\/script>\n<!-- \/ Yoast SEO plugin. -->","yoast_head_json":{"title":"Ba\u015f Harf Kolye D | Ki\u015fiye \u00d6zel Anne Tak\u0131lar\u0131 | PureJewels","description":"E\u015fsiz Alfabe Kolye \u00e7e\u015fitlerimizi ke\u015ffedin. En sevdi\u011finiz harfi kendi Zincirli Ba\u015f Harf Kolyenizle g\u00f6sterin. \u00dccretsiz Teslimat \u0130ngiltere","robots":{"index":"index","follow":"follow","max-snippet":"max-snippet:-1","max-image-preview":"max-image-preview:large","max-video-preview":"max-video-preview:-1"},"canonical":"https:\/\/www.purejewels.com\/tr\/urun\/22-ayar-altin-bas-harf-d-kolye-unisex-52070\/","og_locale":"tr_TR","og_type":"article","og_title":"Initial Pendant D | Personalized Mom Jewelry | PureJewels","og_description":"Explore our unique range of Alphabet Pendants. Flaunt your favorite letter through your own piece of Initial Pendant with Chain. Free Delivery UK","og_url":"https:\/\/www.purejewels.com\/tr\/urun\/22-ayar-altin-bas-harf-d-kolye-unisex-52070\/","og_site_name":"PureJewels UK","article_modified_time":"2026-02-03T08:43:36+00:00","og_image":[{"width":1000,"height":1000,"url":"https:\/\/static.purejewels.com\/wp-content\/uploads\/2024\/01\/SKU-52070.png","type":"image\/png"}],"twitter_card":"summary_large_image","twitter_misc":{"Tahmini okuma s\u00fcresi":"1 dakika"},"schema":{"@context":"https:\/\/schema.org","@graph":[{"@type":["WebPage","ItemPage"],"@id":"https:\/\/www.purejewels.com\/product\/22-carat-gold-initial-d-pendant-unisex-52070\/","url":"https:\/\/www.purejewels.com\/product\/22-carat-gold-initial-d-pendant-unisex-52070\/","name":"Ba\u015f Harf Kolye D | Ki\u015fiye \u00d6zel Anne Tak\u0131lar\u0131 | PureJewels","isPartOf":{"@id":"https:\/\/www.purejewels.com\/#website"},"primaryImageOfPage":{"@id":"https:\/\/www.purejewels.com\/product\/22-carat-gold-initial-d-pendant-unisex-52070\/#primaryimage"},"image":{"@id":"https:\/\/www.purejewels.com\/product\/22-carat-gold-initial-d-pendant-unisex-52070\/#primaryimage"},"thumbnailUrl":"https:\/\/static.purejewels.com\/wp-content\/uploads\/2024\/01\/SKU-52070.png","datePublished":"2024-01-25T10:27:12+00:00","dateModified":"2026-02-03T08:43:36+00:00","description":"E\u015fsiz Alfabe Kolye \u00e7e\u015fitlerimizi ke\u015ffedin. En sevdi\u011finiz harfi kendi Zincirli Ba\u015f Harf Kolyenizle g\u00f6sterin. \u00dccretsiz Teslimat \u0130ngiltere","breadcrumb":{"@id":"https:\/\/www.purejewels.com\/product\/22-carat-gold-initial-d-pendant-unisex-52070\/#breadcrumb"},"inLanguage":"tr","potentialAction":[{"@type":"ReadAction","target":["https:\/\/www.purejewels.com\/product\/22-carat-gold-initial-d-pendant-unisex-52070\/"]}]},{"@type":"ImageObject","inLanguage":"tr","@id":"https:\/\/www.purejewels.com\/product\/22-carat-gold-initial-d-pendant-unisex-52070\/#primaryimage","url":"https:\/\/static.purejewels.com\/wp-content\/uploads\/2024\/01\/SKU-52070.png","contentUrl":"https:\/\/static.purejewels.com\/wp-content\/uploads\/2024\/01\/SKU-52070.png","width":1000,"height":1000,"caption":"22ct Gold Initial D Pendant"},{"@type":"BreadcrumbList","@id":"https:\/\/www.purejewels.com\/product\/22-carat-gold-initial-d-pendant-unisex-52070\/#breadcrumb","itemListElement":[{"@type":"ListItem","position":1,"name":"Home","item":"https:\/\/www.purejewels.com\/"},{"@type":"ListItem","position":2,"name":"Shop","item":"https:\/\/www.purejewels.com\/shop\/"},{"@type":"ListItem","position":3,"name":"22ct Gold Initial D Pendant | Unisex"}]},{"@type":"WebSite","@id":"https:\/\/www.purejewels.com\/#website","url":"https:\/\/www.purejewels.com\/","name":"PureJewels \u0130ngiltere","description":"Sevgiyi Payla\u015f\u0131n","publisher":{"@id":"https:\/\/www.purejewels.com\/#organization"},"potentialAction":[{"@type":"SearchAction","target":{"@type":"EntryPoint","urlTemplate":"https:\/\/www.purejewels.com\/?s={search_term_string}"},"query-input":{"@type":"PropertyValueSpecification","valueRequired":true,"valueName":"search_term_string"}}],"inLanguage":"tr"},{"@type":"Organization","@id":"https:\/\/www.purejewels.com\/#organization","name":"PureJewels \u0130ngiltere","url":"https:\/\/www.purejewels.com\/","logo":{"@type":"ImageObject","inLanguage":"tr","@id":"https:\/\/www.purejewels.com\/#\/schema\/logo\/image\/","url":"https:\/\/static.purejewels.com\/wp-content\/uploads\/2020\/11\/Logo-PJ-New-1.png","contentUrl":"https:\/\/static.purejewels.com\/wp-content\/uploads\/2020\/11\/Logo-PJ-New-1.png","width":150,"height":80,"caption":"PureJewels UK"},"image":{"@id":"https:\/\/www.purejewels.com\/#\/schema\/logo\/image\/"}}]}},"_links":{"self":[{"href":"https:\/\/www.purejewels.com\/tr\/wp-json\/wp\/v2\/product\/347969","targetHints":{"allow":["GET"]}}],"collection":[{"href":"https:\/\/www.purejewels.com\/tr\/wp-json\/wp\/v2\/product"}],"about":[{"href":"https:\/\/www.purejewels.com\/tr\/wp-json\/wp\/v2\/types\/product"}],"replies":[{"embeddable":true,"href":"https:\/\/www.purejewels.com\/tr\/wp-json\/wp\/v2\/comments?post=347969"}],"version-history":[{"count":3,"href":"https:\/\/www.purejewels.com\/tr\/wp-json\/wp\/v2\/product\/347969\/revisions"}],"predecessor-version":[{"id":400612,"href":"https:\/\/www.purejewels.com\/tr\/wp-json\/wp\/v2\/product\/347969\/revisions\/400612"}],"wp:featuredmedia":[{"embeddable":true,"href":"https:\/\/www.purejewels.com\/tr\/wp-json\/wp\/v2\/media\/400609"}],"wp:attachment":[{"href":"https:\/\/www.purejewels.com\/tr\/wp-json\/wp\/v2\/media?parent=347969"}],"wp:term":[{"taxonomy":"product_brand","embeddable":true,"href":"https:\/\/www.purejewels.com\/tr\/wp-json\/wp\/v2\/product_brand?post=347969"},{"taxonomy":"product_cat","embeddable":true,"href":"https:\/\/www.purejewels.com\/tr\/wp-json\/wp\/v2\/product_cat?post=347969"},{"taxonomy":"product_tag","embeddable":true,"href":"https:\/\/www.purejewels.com\/tr\/wp-json\/wp\/v2\/product_tag?post=347969"}],"curies":[{"name":"wp","href":"https:\/\/api.w.org\/{rel}","templated":true}]}}