{"id":347988,"date":"2023-06-23T02:32:57","date_gmt":"2023-06-23T01:32:57","guid":{"rendered":"https:\/\/www.purejewels.com\/?post_type=product&#038;p=347988"},"modified":"2025-11-24T08:59:07","modified_gmt":"2025-11-24T08:59:07","slug":"18-ayar-sari-altin-baklali-zincir-34421","status":"publish","type":"product","link":"https:\/\/www.purejewels.com\/tr\/product\/18ct-yellow-gold-link-chain-34421\/","title":{"rendered":"18 Ayar Alt\u0131n | Baklal\u0131 Zincir | 1,6mm Kal\u0131nl\u0131k"},"content":{"rendered":"<p>Bu zamans\u0131z tasar\u0131mla tarz\u0131n\u0131z\u0131 y\u00fckseltin <strong><a href=\"https:\/\/www.purejewels.com\/tr\/product\/18ct-white-gold-khanda-sikh-religious-pendant-6226\/\">18ct<\/a> Alt\u0131n <a href=\"https:\/\/www.purejewels.com\/tr\/product\/18ct-white-gold-link-chain-46414\/\">Ba\u011flant\u0131 Zinciri<\/a><\/strong>hassasiyet ve zarafetle \u00fcretilmi\u015ftir. \u015e\u0131k bir tasar\u0131ma sahip <strong>1,6 mm kal\u0131nl\u0131k<\/strong>Bu zincir, ince bir incelik ve dikkat \u00e7ekici bir cazibe aras\u0131nda m\u00fckemmel bir denge kurar.<\/p>\n<p>Dayan\u0131kl\u0131, y\u00fcksek kaliteli 18 ayar alt\u0131n yap\u0131s\u0131 l\u00fcks bir parlakl\u0131k ve uzun s\u00fcreli kullan\u0131m sa\u011flar, bu da onu hem g\u00fcnl\u00fck kullan\u0131m hem de \u00f6zel g\u00fcnler i\u00e7in ideal k\u0131lar. Klasik ba\u011flant\u0131 tasar\u0131m\u0131, minimalist bir g\u00f6r\u00fcn\u00fcm i\u00e7in tek ba\u015f\u0131na takman\u0131za veya ki\u015fiselle\u015ftirilmi\u015f bir ifade olu\u015fturmak i\u00e7in en sevdi\u011finiz kolyeyle e\u015fle\u015ftirmenize olanak tan\u0131yan \u00e7ok y\u00f6nl\u00fcl\u00fck sunar.<\/p>\n<p>\u0130ster sevdi\u011finiz birine hediye edin ister m\u00fccevher koleksiyonunuza ekleyin, bu <strong>18 ayar alt\u0131n kolye<\/strong> rafine i\u015f\u00e7ili\u011fin ve kal\u0131c\u0131 g\u00fczelli\u011fin ger\u00e7ek bir sembol\u00fcd\u00fcr.<\/p>\n<ul>\n<li><strong>Malzeme:<\/strong> 18 Ayar Alt\u0131n<\/li>\n<li><strong>Kal\u0131nl\u0131k:<\/strong> 1.6mm<\/li>\n<li><strong>Stil:<\/strong> Ba\u011flant\u0131 Zinciri<\/li>\n<li><strong>\u015eunun i\u00e7in ideal:<\/strong> G\u00fcnl\u00fck kullan\u0131m, katmanlama veya kolye u\u00e7lar\u0131yla e\u015fle\u015ftirme<\/li>\n<\/ul>\n<p>Her k\u0131yafeti zahmetsizce tamamlayan bu zarif par\u00e7a ile kombininize \u015f\u0131k bir dokunu\u015f kat\u0131n.<\/p>","protected":false},"excerpt":{"rendered":"<div class=\"woocommerce-product-details__short-description\">\n<div class=\"woocommerce-product-details__short-description\">\n<table class=\"sh_desc\">\n<tbody>\n<tr>\n<td>Zincir Tipi<\/td>\n<td>Ba\u011flant\u0131 Zinciri<\/td>\n<\/tr>\n<tr>\n<td>SKU<\/td>\n<td>34421<\/td>\n<\/tr>\n<tr>\n<td>A\u011f\u0131rl\u0131k<\/td>\n<td>3.7 Gms<\/td>\n<\/tr>\n<tr>\n<td>Kal\u0131nl\u0131k<\/td>\n<td>1.6mm<\/td>\n<\/tr>\n<tr>\n<td>Metal<\/td>\n<td>18 Ayar Alt\u0131n<\/td>\n<\/tr>\n<tr>\n<td>Uzunluk<\/td>\n<td>16 in\u00e7<\/td>\n<\/tr>\n<tr>\n<td>Hallmark<\/td>\n<td>Londra Tahlil Ofisi Taraf\u0131ndan Damgalanm\u0131\u015f 18 Ayar Alt\u0131n<\/td>\n<\/tr>\n<tr>\n<td>\u00dccretler<\/td>\n<td>Teslimat ve KDV Dahil<\/td>\n<\/tr>\n<tr>\n<td>Paketleme<\/td>\n<td>Sunum Kutusu ile Birlikte Gelir<\/td>\n<\/tr>\n<tr>\n<td>Daha Fazla Bilgi<\/td>\n<td>\n<ul>\n<li>M\u00fcsaitlik durumu ve daha fazla resim i\u00e7in bizimle canl\u0131 sohbet edin<\/li>\n<li>Erkek Zincirimizi Ke\u015ffedin<\/li>\n<\/ul>\n<\/td>\n<\/tr>\n<\/tbody>\n<\/table>\n<\/div>\n<div class=\"btn-atc atc-slide\"><\/div>\n<div class=\"product_meta\"><\/div>\n<\/div>\n<div class=\"btn-atc atc-slide\"><\/div>\n<div class=\"product_meta\"><\/div>","protected":false},"featured_media":347989,"comment_status":"closed","ping_status":"closed","template":"","meta":{"_eb_attr":"","_crsspst_to_jayantr4sg-hostcom":true},"product_brand":[],"product_cat":[5316,5679,1791,1559,1794,1793,1475,5597,1575,1569,1574,5349],"product_tag":[65,1430],"class_list":{"0":"post-347988","1":"product","2":"type-product","3":"status-publish","4":"has-post-thumbnail","6":"product_cat-18ct-white-gold-chain","7":"product_cat-18ct-gold-jewellery","8":"product_cat-anniversary-gifts","9":"product_cat-birthday-gifts","10":"product_cat-christmas-gifts","11":"product_cat-diwali-gifts","12":"product_cat-gold-chains","13":"product_cat-link-chain","14":"product_cat-teenage-jewellery","15":"product_cat-valentine-day-gifts","16":"product_cat-womens-jewellery","17":"product_cat-yellow-gold-jewellery","18":"product_tag-chains","19":"product_tag-diwali-gift","21":"first","22":"instock","23":"taxable","24":"shipping-taxable","25":"purchasable","26":"product-type-simple","27":"add-to-wishlist-before_image"},"yoast_head":"<!-- This site is optimized with the Yoast SEO plugin v27.5 - https:\/\/yoast.com\/product\/yoast-seo-wordpress\/ -->\n<title>18ct Gold Necklace | Elegant Yellow Gold Chain \u2013 Purejewels UK<\/title>\n<meta name=\"description\" content=\"Shop an elegant 18ct gold necklace in London, UK at Purejewels UK. Crafted with precision, perfect for any occasion. Explore fine gold jewellery today.\" \/>\n<meta name=\"robots\" content=\"index, follow, max-snippet:-1, max-image-preview:large, max-video-preview:-1\" \/>\n<link rel=\"canonical\" href=\"https:\/\/www.purejewels.com\/tr\/urun\/18-ayar-sari-altin-baklali-zincir-34421\/\" \/>\n<meta property=\"og:locale\" content=\"tr_TR\" \/>\n<meta property=\"og:type\" content=\"article\" \/>\n<meta property=\"og:title\" content=\"18ct Gold Necklace | Elegant Yellow Gold Chain \u2013 Purejewels UK\" \/>\n<meta property=\"og:description\" content=\"Shop an elegant 18ct gold necklace in London, UK at Purejewels UK. Crafted with precision, perfect for any occasion. Explore fine gold jewellery today.\" \/>\n<meta property=\"og:url\" content=\"https:\/\/www.purejewels.com\/tr\/urun\/18-ayar-sari-altin-baklali-zincir-34421\/\" \/>\n<meta property=\"og:site_name\" content=\"PureJewels UK\" \/>\n<meta property=\"article:modified_time\" content=\"2025-11-24T08:59:07+00:00\" \/>\n<meta property=\"og:image\" content=\"https:\/\/www.purejewels.com\/wp-content\/uploads\/2023\/06\/SKU-34421-scaled.jpg\" \/>\n\t<meta property=\"og:image:width\" content=\"2560\" \/>\n\t<meta property=\"og:image:height\" content=\"2560\" \/>\n\t<meta property=\"og:image:type\" content=\"image\/jpeg\" \/>\n<meta name=\"twitter:card\" content=\"summary_large_image\" \/>\n<meta name=\"twitter:label1\" content=\"Tahmini okuma s\u00fcresi\" \/>\n\t<meta name=\"twitter:data1\" content=\"1 dakika\" \/>\n<script type=\"application\/ld+json\" class=\"yoast-schema-graph\">{\"@context\":\"https:\\\/\\\/schema.org\",\"@graph\":[{\"@type\":[\"WebPage\",\"ItemPage\"],\"@id\":\"https:\\\/\\\/www.purejewels.com\\\/product\\\/18ct-yellow-gold-link-chain-34421\\\/\",\"url\":\"https:\\\/\\\/www.purejewels.com\\\/product\\\/18ct-yellow-gold-link-chain-34421\\\/\",\"name\":\"18ct Gold Necklace | Elegant Yellow Gold Chain \u2013 Purejewels UK\",\"isPartOf\":{\"@id\":\"https:\\\/\\\/www.purejewels.com\\\/#website\"},\"primaryImageOfPage\":{\"@id\":\"https:\\\/\\\/www.purejewels.com\\\/product\\\/18ct-yellow-gold-link-chain-34421\\\/#primaryimage\"},\"image\":{\"@id\":\"https:\\\/\\\/www.purejewels.com\\\/product\\\/18ct-yellow-gold-link-chain-34421\\\/#primaryimage\"},\"thumbnailUrl\":\"https:\\\/\\\/static.purejewels.com\\\/wp-content\\\/uploads\\\/2023\\\/06\\\/SKU-34421-scaled.jpg\",\"datePublished\":\"2023-06-23T01:32:57+00:00\",\"dateModified\":\"2025-11-24T08:59:07+00:00\",\"description\":\"Shop an elegant 18ct gold necklace in London, UK at Purejewels UK. Crafted with precision, perfect for any occasion. Explore fine gold jewellery today.\",\"breadcrumb\":{\"@id\":\"https:\\\/\\\/www.purejewels.com\\\/product\\\/18ct-yellow-gold-link-chain-34421\\\/#breadcrumb\"},\"inLanguage\":\"tr\",\"potentialAction\":[{\"@type\":\"ReadAction\",\"target\":[\"https:\\\/\\\/www.purejewels.com\\\/product\\\/18ct-yellow-gold-link-chain-34421\\\/\"]}]},{\"@type\":\"ImageObject\",\"inLanguage\":\"tr\",\"@id\":\"https:\\\/\\\/www.purejewels.com\\\/product\\\/18ct-yellow-gold-link-chain-34421\\\/#primaryimage\",\"url\":\"https:\\\/\\\/static.purejewels.com\\\/wp-content\\\/uploads\\\/2023\\\/06\\\/SKU-34421-scaled.jpg\",\"contentUrl\":\"https:\\\/\\\/static.purejewels.com\\\/wp-content\\\/uploads\\\/2023\\\/06\\\/SKU-34421-scaled.jpg\",\"width\":2560,\"height\":2560,\"caption\":\"18ct Yellow Gold Link Chain\"},{\"@type\":\"BreadcrumbList\",\"@id\":\"https:\\\/\\\/www.purejewels.com\\\/product\\\/18ct-yellow-gold-link-chain-34421\\\/#breadcrumb\",\"itemListElement\":[{\"@type\":\"ListItem\",\"position\":1,\"name\":\"Home\",\"item\":\"https:\\\/\\\/www.purejewels.com\\\/\"},{\"@type\":\"ListItem\",\"position\":2,\"name\":\"Shop\",\"item\":\"https:\\\/\\\/www.purejewels.com\\\/shop\\\/\"},{\"@type\":\"ListItem\",\"position\":3,\"name\":\"18ct Gold | Link Chain | 1.6mm Thick\"}]},{\"@type\":\"WebSite\",\"@id\":\"https:\\\/\\\/www.purejewels.com\\\/#website\",\"url\":\"https:\\\/\\\/www.purejewels.com\\\/\",\"name\":\"PureJewels UK\",\"description\":\"Share the Love\",\"publisher\":{\"@id\":\"https:\\\/\\\/www.purejewels.com\\\/#organization\"},\"potentialAction\":[{\"@type\":\"SearchAction\",\"target\":{\"@type\":\"EntryPoint\",\"urlTemplate\":\"https:\\\/\\\/www.purejewels.com\\\/?s={search_term_string}\"},\"query-input\":{\"@type\":\"PropertyValueSpecification\",\"valueRequired\":true,\"valueName\":\"search_term_string\"}}],\"inLanguage\":\"tr\"},{\"@type\":\"Organization\",\"@id\":\"https:\\\/\\\/www.purejewels.com\\\/#organization\",\"name\":\"PureJewels UK\",\"url\":\"https:\\\/\\\/www.purejewels.com\\\/\",\"logo\":{\"@type\":\"ImageObject\",\"inLanguage\":\"tr\",\"@id\":\"https:\\\/\\\/www.purejewels.com\\\/#\\\/schema\\\/logo\\\/image\\\/\",\"url\":\"https:\\\/\\\/static.purejewels.com\\\/wp-content\\\/uploads\\\/2020\\\/11\\\/Logo-PJ-New-1.png\",\"contentUrl\":\"https:\\\/\\\/static.purejewels.com\\\/wp-content\\\/uploads\\\/2020\\\/11\\\/Logo-PJ-New-1.png\",\"width\":150,\"height\":80,\"caption\":\"PureJewels UK\"},\"image\":{\"@id\":\"https:\\\/\\\/www.purejewels.com\\\/#\\\/schema\\\/logo\\\/image\\\/\"}}]}<\/script>\n<!-- \/ Yoast SEO plugin. -->","yoast_head_json":{"title":"18 Ayar Alt\u0131n Kolye | Zarif Sar\u0131 Alt\u0131n Zincir - Purejewels UK","description":"Purejewels UK'de Londra, Birle\u015fik Krall\u0131k'tan zarif bir 18 ayar alt\u0131n kolye sat\u0131n al\u0131n. Hassasiyetle haz\u0131rlanm\u0131\u015f, her durum i\u00e7in m\u00fckemmel. Kaliteli alt\u0131n tak\u0131lar\u0131 bug\u00fcn ke\u015ffedin.","robots":{"index":"index","follow":"follow","max-snippet":"max-snippet:-1","max-image-preview":"max-image-preview:large","max-video-preview":"max-video-preview:-1"},"canonical":"https:\/\/www.purejewels.com\/tr\/urun\/18-ayar-sari-altin-baklali-zincir-34421\/","og_locale":"tr_TR","og_type":"article","og_title":"18ct Gold Necklace | Elegant Yellow Gold Chain \u2013 Purejewels UK","og_description":"Shop an elegant 18ct gold necklace in London, UK at Purejewels UK. Crafted with precision, perfect for any occasion. Explore fine gold jewellery today.","og_url":"https:\/\/www.purejewels.com\/tr\/urun\/18-ayar-sari-altin-baklali-zincir-34421\/","og_site_name":"PureJewels UK","article_modified_time":"2025-11-24T08:59:07+00:00","og_image":[{"width":2560,"height":2560,"url":"https:\/\/www.purejewels.com\/wp-content\/uploads\/2023\/06\/SKU-34421-scaled.jpg","type":"image\/jpeg"}],"twitter_card":"summary_large_image","twitter_misc":{"Tahmini okuma s\u00fcresi":"1 dakika"},"schema":{"@context":"https:\/\/schema.org","@graph":[{"@type":["WebPage","ItemPage"],"@id":"https:\/\/www.purejewels.com\/product\/18ct-yellow-gold-link-chain-34421\/","url":"https:\/\/www.purejewels.com\/product\/18ct-yellow-gold-link-chain-34421\/","name":"18 Ayar Alt\u0131n Kolye | Zarif Sar\u0131 Alt\u0131n Zincir - Purejewels UK","isPartOf":{"@id":"https:\/\/www.purejewels.com\/#website"},"primaryImageOfPage":{"@id":"https:\/\/www.purejewels.com\/product\/18ct-yellow-gold-link-chain-34421\/#primaryimage"},"image":{"@id":"https:\/\/www.purejewels.com\/product\/18ct-yellow-gold-link-chain-34421\/#primaryimage"},"thumbnailUrl":"https:\/\/static.purejewels.com\/wp-content\/uploads\/2023\/06\/SKU-34421-scaled.jpg","datePublished":"2023-06-23T01:32:57+00:00","dateModified":"2025-11-24T08:59:07+00:00","description":"Purejewels UK'de Londra, Birle\u015fik Krall\u0131k'tan zarif bir 18 ayar alt\u0131n kolye sat\u0131n al\u0131n. Hassasiyetle haz\u0131rlanm\u0131\u015f, her durum i\u00e7in m\u00fckemmel. Kaliteli alt\u0131n tak\u0131lar\u0131 bug\u00fcn ke\u015ffedin.","breadcrumb":{"@id":"https:\/\/www.purejewels.com\/product\/18ct-yellow-gold-link-chain-34421\/#breadcrumb"},"inLanguage":"tr","potentialAction":[{"@type":"ReadAction","target":["https:\/\/www.purejewels.com\/product\/18ct-yellow-gold-link-chain-34421\/"]}]},{"@type":"ImageObject","inLanguage":"tr","@id":"https:\/\/www.purejewels.com\/product\/18ct-yellow-gold-link-chain-34421\/#primaryimage","url":"https:\/\/static.purejewels.com\/wp-content\/uploads\/2023\/06\/SKU-34421-scaled.jpg","contentUrl":"https:\/\/static.purejewels.com\/wp-content\/uploads\/2023\/06\/SKU-34421-scaled.jpg","width":2560,"height":2560,"caption":"18ct Yellow Gold Link Chain"},{"@type":"BreadcrumbList","@id":"https:\/\/www.purejewels.com\/product\/18ct-yellow-gold-link-chain-34421\/#breadcrumb","itemListElement":[{"@type":"ListItem","position":1,"name":"Home","item":"https:\/\/www.purejewels.com\/"},{"@type":"ListItem","position":2,"name":"Shop","item":"https:\/\/www.purejewels.com\/shop\/"},{"@type":"ListItem","position":3,"name":"18ct Gold | Link Chain | 1.6mm Thick"}]},{"@type":"WebSite","@id":"https:\/\/www.purejewels.com\/#website","url":"https:\/\/www.purejewels.com\/","name":"PureJewels \u0130ngiltere","description":"Sevgiyi Payla\u015f\u0131n","publisher":{"@id":"https:\/\/www.purejewels.com\/#organization"},"potentialAction":[{"@type":"SearchAction","target":{"@type":"EntryPoint","urlTemplate":"https:\/\/www.purejewels.com\/?s={search_term_string}"},"query-input":{"@type":"PropertyValueSpecification","valueRequired":true,"valueName":"search_term_string"}}],"inLanguage":"tr"},{"@type":"Organization","@id":"https:\/\/www.purejewels.com\/#organization","name":"PureJewels \u0130ngiltere","url":"https:\/\/www.purejewels.com\/","logo":{"@type":"ImageObject","inLanguage":"tr","@id":"https:\/\/www.purejewels.com\/#\/schema\/logo\/image\/","url":"https:\/\/static.purejewels.com\/wp-content\/uploads\/2020\/11\/Logo-PJ-New-1.png","contentUrl":"https:\/\/static.purejewels.com\/wp-content\/uploads\/2020\/11\/Logo-PJ-New-1.png","width":150,"height":80,"caption":"PureJewels UK"},"image":{"@id":"https:\/\/www.purejewels.com\/#\/schema\/logo\/image\/"}}]}},"_links":{"self":[{"href":"https:\/\/www.purejewels.com\/tr\/wp-json\/wp\/v2\/product\/347988","targetHints":{"allow":["GET"]}}],"collection":[{"href":"https:\/\/www.purejewels.com\/tr\/wp-json\/wp\/v2\/product"}],"about":[{"href":"https:\/\/www.purejewels.com\/tr\/wp-json\/wp\/v2\/types\/product"}],"replies":[{"embeddable":true,"href":"https:\/\/www.purejewels.com\/tr\/wp-json\/wp\/v2\/comments?post=347988"}],"version-history":[{"count":4,"href":"https:\/\/www.purejewels.com\/tr\/wp-json\/wp\/v2\/product\/347988\/revisions"}],"predecessor-version":[{"id":421720,"href":"https:\/\/www.purejewels.com\/tr\/wp-json\/wp\/v2\/product\/347988\/revisions\/421720"}],"wp:featuredmedia":[{"embeddable":true,"href":"https:\/\/www.purejewels.com\/tr\/wp-json\/wp\/v2\/media\/347989"}],"wp:attachment":[{"href":"https:\/\/www.purejewels.com\/tr\/wp-json\/wp\/v2\/media?parent=347988"}],"wp:term":[{"taxonomy":"product_brand","embeddable":true,"href":"https:\/\/www.purejewels.com\/tr\/wp-json\/wp\/v2\/product_brand?post=347988"},{"taxonomy":"product_cat","embeddable":true,"href":"https:\/\/www.purejewels.com\/tr\/wp-json\/wp\/v2\/product_cat?post=347988"},{"taxonomy":"product_tag","embeddable":true,"href":"https:\/\/www.purejewels.com\/tr\/wp-json\/wp\/v2\/product_tag?post=347988"}],"curies":[{"name":"wp","href":"https:\/\/api.w.org\/{rel}","templated":true}]}}