{"id":348122,"date":"2025-03-08T13:12:08","date_gmt":"2025-03-08T13:12:08","guid":{"rendered":"https:\/\/www.purejewels.com\/?post_type=product&#038;p=348122"},"modified":"2026-02-09T07:58:08","modified_gmt":"2026-02-09T07:58:08","slug":"22-ayar-altin-armari-kolye-antika-stil-kolye-47366","status":"publish","type":"product","link":"https:\/\/www.purejewels.com\/tr\/product\/22ct-gold-armari-necklace-antique-style-necklace-47366\/","title":{"rendered":"22ct Armari Kolye | Antik Stil | 26 \u0130n\u00e7"},"content":{"rendered":"<p>D\u00fcnyan\u0131n en g\u00fczel yerlerinden biri olan <strong><a href=\"https:\/\/www.purejewels.com\/tr\/product\/22ct-gold-jali-filigree-ring-jali-collection-31926\/\">22ct<\/a> Armari Kolye<\/strong>Antik zarafetin \u00f6z\u00fcn\u00fc yakalayan bir par\u00e7a. 22 ayar alt\u0131ndan \u00fcretilen bu 26 in\u00e7lik kolye, geleneksel m\u00fccevherlerin ihti\u015fam\u0131n\u0131 yans\u0131tan zarif bir tasar\u0131ma sahiptir. Kolye <a href=\"https:\/\/www.purejewels.com\/tr\/armari-collection\/\">antika kaplama<\/a> Vintage bir cazibe katan bu kolye, miras ve stilin harmanlanmas\u0131n\u0131 takdir edenler i\u00e7in m\u00fckemmel bir se\u00e7imdir. \u0130ster \u00f6zel bir etkinli\u011fe kat\u0131l\u0131yor ister koleksiyonunuza muhte\u015fem bir dokunu\u015f katmak istiyor olun, bu kolye <a href=\"https:\/\/www.purejewels.com\/tr\/product\/22ct-gold-armari-collection-stud-antique-finish-49172\/\">Armari Koleksiyonu<\/a> usta i\u015f\u00e7ili\u011fin ve klasik cazibenin \u00e7arp\u0131c\u0131 bir \u00f6rne\u011fidir.<\/p>","protected":false},"excerpt":{"rendered":"<table class=\"sh_desc\">\n<tbody>\n<tr>\n<td>Kolye Tipi<\/td>\n<td>Armari Kolye<\/td>\n<\/tr>\n<tr>\n<td>SKU<\/td>\n<td>47366<\/td>\n<\/tr>\n<tr>\n<td>A\u011f\u0131rl\u0131k<\/td>\n<td>36,5 Gms<\/td>\n<\/tr>\n<tr>\n<td>Koleksiyon<\/td>\n<td>Armari Koleksiyonlar\u0131<\/td>\n<\/tr>\n<tr>\n<td>Metal<\/td>\n<td>22 Ayar Alt\u0131n<\/td>\n<\/tr>\n<tr>\n<td>KatalogID<\/td>\n<td>A1004<\/td>\n<\/tr>\n<tr>\n<td>\u00dccretler<\/td>\n<td>Teslimat ve KDV Dahil<\/td>\n<\/tr>\n<tr>\n<td>Paketleme<\/td>\n<td>Sunum Kutusu ile Birlikte Gelir<\/td>\n<\/tr>\n<tr>\n<td>Daha Fazla Bilgi<\/td>\n<td>M\u00fcsaitlik durumu ve daha fazla resim i\u00e7in bizimle canl\u0131 sohbet edin<\/td>\n<\/tr>\n<\/tbody>\n<\/table>","protected":false},"featured_media":370728,"comment_status":"closed","ping_status":"closed","template":"","meta":{"_eb_attr":"","_crsspst_to_jayantr4sg-hostcom":false},"product_brand":[],"product_cat":[1780,245,5643,1625,236,1229,1253,1779,1573,1574],"product_tag":[],"class_list":{"0":"post-348122","1":"product","2":"type-product","3":"status-publish","4":"has-post-thumbnail","6":"product_cat-antique-style-necklaces","7":"product_cat-armari-collections","8":"product_cat-armari-necklace","9":"product_cat-bridal-set","10":"product_cat-collections","11":"product_cat-22ct-gold-jewellery","12":"product_cat-gold-necklaces","13":"product_cat-mala-style-necklaces","14":"product_cat-wedding-gifts","15":"product_cat-womens-jewellery","17":"first","18":"instock","19":"taxable","20":"shipping-taxable","21":"purchasable","22":"product-type-simple","23":"add-to-wishlist-before_image"},"yoast_head":"<!-- This site is optimized with the Yoast SEO plugin v27.3 - https:\/\/yoast.com\/product\/yoast-seo-wordpress\/ -->\n<title>22ct Armari Necklace | Antique Style Necklace by PureJewels<\/title>\n<meta name=\"description\" content=\"22ct Armari Necklace with Antique Finish | Necklace For Wedding &amp; Special Ocassion Antique Style Necklace by PureJewels | Quick Delivery | Easy Returns.\" \/>\n<meta name=\"robots\" content=\"index, follow, max-snippet:-1, max-image-preview:large, max-video-preview:-1\" \/>\n<link rel=\"canonical\" href=\"https:\/\/www.purejewels.com\/tr\/urun\/22-ayar-altin-armari-kolye-antika-stil-kolye-47366\/\" \/>\n<meta property=\"og:locale\" content=\"tr_TR\" \/>\n<meta property=\"og:type\" content=\"article\" \/>\n<meta property=\"og:title\" content=\"22ct Armari Necklace | Antique Style Necklace by PureJewels\" \/>\n<meta property=\"og:description\" content=\"22ct Armari Necklace with Antique Finish | Necklace For Wedding &amp; Special Ocassion Antique Style Necklace by PureJewels | Quick Delivery | Easy Returns.\" \/>\n<meta property=\"og:url\" content=\"https:\/\/www.purejewels.com\/tr\/urun\/22-ayar-altin-armari-kolye-antika-stil-kolye-47366\/\" \/>\n<meta property=\"og:site_name\" content=\"PureJewels UK\" \/>\n<meta property=\"article:modified_time\" content=\"2026-02-09T07:58:08+00:00\" \/>\n<meta property=\"og:image\" content=\"https:\/\/static.purejewels.com\/wp-content\/uploads\/2023\/06\/47366.png\" \/>\n\t<meta property=\"og:image:width\" content=\"1000\" \/>\n\t<meta property=\"og:image:height\" content=\"1000\" \/>\n\t<meta property=\"og:image:type\" content=\"image\/png\" \/>\n<meta name=\"twitter:card\" content=\"summary_large_image\" \/>\n<meta name=\"twitter:label1\" content=\"Tahmini okuma s\u00fcresi\" \/>\n\t<meta name=\"twitter:data1\" content=\"1 dakika\" \/>\n<script type=\"application\/ld+json\" class=\"yoast-schema-graph\">{\"@context\":\"https:\\\/\\\/schema.org\",\"@graph\":[{\"@type\":[\"WebPage\",\"ItemPage\"],\"@id\":\"https:\\\/\\\/www.purejewels.com\\\/product\\\/22ct-gold-armari-necklace-antique-style-necklace-47366\\\/\",\"url\":\"https:\\\/\\\/www.purejewels.com\\\/product\\\/22ct-gold-armari-necklace-antique-style-necklace-47366\\\/\",\"name\":\"22ct Armari Necklace | Antique Style Necklace by PureJewels\",\"isPartOf\":{\"@id\":\"https:\\\/\\\/www.purejewels.com\\\/#website\"},\"primaryImageOfPage\":{\"@id\":\"https:\\\/\\\/www.purejewels.com\\\/product\\\/22ct-gold-armari-necklace-antique-style-necklace-47366\\\/#primaryimage\"},\"image\":{\"@id\":\"https:\\\/\\\/www.purejewels.com\\\/product\\\/22ct-gold-armari-necklace-antique-style-necklace-47366\\\/#primaryimage\"},\"thumbnailUrl\":\"https:\\\/\\\/static.purejewels.com\\\/wp-content\\\/uploads\\\/2023\\\/06\\\/47366.png\",\"datePublished\":\"2025-03-08T13:12:08+00:00\",\"dateModified\":\"2026-02-09T07:58:08+00:00\",\"description\":\"22ct Armari Necklace with Antique Finish | Necklace For Wedding & Special Ocassion Antique Style Necklace by PureJewels | Quick Delivery | Easy Returns.\",\"breadcrumb\":{\"@id\":\"https:\\\/\\\/www.purejewels.com\\\/product\\\/22ct-gold-armari-necklace-antique-style-necklace-47366\\\/#breadcrumb\"},\"inLanguage\":\"tr\",\"potentialAction\":[{\"@type\":\"ReadAction\",\"target\":[\"https:\\\/\\\/www.purejewels.com\\\/product\\\/22ct-gold-armari-necklace-antique-style-necklace-47366\\\/\"]}]},{\"@type\":\"ImageObject\",\"inLanguage\":\"tr\",\"@id\":\"https:\\\/\\\/www.purejewels.com\\\/product\\\/22ct-gold-armari-necklace-antique-style-necklace-47366\\\/#primaryimage\",\"url\":\"https:\\\/\\\/static.purejewels.com\\\/wp-content\\\/uploads\\\/2023\\\/06\\\/47366.png\",\"contentUrl\":\"https:\\\/\\\/static.purejewels.com\\\/wp-content\\\/uploads\\\/2023\\\/06\\\/47366.png\",\"width\":1000,\"height\":1000,\"caption\":\"22ct Gold Necklace\"},{\"@type\":\"BreadcrumbList\",\"@id\":\"https:\\\/\\\/www.purejewels.com\\\/product\\\/22ct-gold-armari-necklace-antique-style-necklace-47366\\\/#breadcrumb\",\"itemListElement\":[{\"@type\":\"ListItem\",\"position\":1,\"name\":\"Home\",\"item\":\"https:\\\/\\\/www.purejewels.com\\\/\"},{\"@type\":\"ListItem\",\"position\":2,\"name\":\"Shop\",\"item\":\"https:\\\/\\\/www.purejewels.com\\\/shop\\\/\"},{\"@type\":\"ListItem\",\"position\":3,\"name\":\"22ct Armari Necklace | Antique Style | 26 Inches\"}]},{\"@type\":\"WebSite\",\"@id\":\"https:\\\/\\\/www.purejewels.com\\\/#website\",\"url\":\"https:\\\/\\\/www.purejewels.com\\\/\",\"name\":\"PureJewels UK\",\"description\":\"Share the Love\",\"publisher\":{\"@id\":\"https:\\\/\\\/www.purejewels.com\\\/#organization\"},\"potentialAction\":[{\"@type\":\"SearchAction\",\"target\":{\"@type\":\"EntryPoint\",\"urlTemplate\":\"https:\\\/\\\/www.purejewels.com\\\/?s={search_term_string}\"},\"query-input\":{\"@type\":\"PropertyValueSpecification\",\"valueRequired\":true,\"valueName\":\"search_term_string\"}}],\"inLanguage\":\"tr\"},{\"@type\":\"Organization\",\"@id\":\"https:\\\/\\\/www.purejewels.com\\\/#organization\",\"name\":\"PureJewels UK\",\"url\":\"https:\\\/\\\/www.purejewels.com\\\/\",\"logo\":{\"@type\":\"ImageObject\",\"inLanguage\":\"tr\",\"@id\":\"https:\\\/\\\/www.purejewels.com\\\/#\\\/schema\\\/logo\\\/image\\\/\",\"url\":\"https:\\\/\\\/static.purejewels.com\\\/wp-content\\\/uploads\\\/2020\\\/11\\\/Logo-PJ-New-1.png\",\"contentUrl\":\"https:\\\/\\\/static.purejewels.com\\\/wp-content\\\/uploads\\\/2020\\\/11\\\/Logo-PJ-New-1.png\",\"width\":150,\"height\":80,\"caption\":\"PureJewels UK\"},\"image\":{\"@id\":\"https:\\\/\\\/www.purejewels.com\\\/#\\\/schema\\\/logo\\\/image\\\/\"}}]}<\/script>\n<!-- \/ Yoast SEO plugin. -->","yoast_head_json":{"title":"PureJewels'ten 22ct Armari Kolye | Antik Stil Kolye","description":"Antik Kaplamal\u0131 22ct Armari Kolye | D\u00fc\u011f\u00fcn ve \u00d6zel G\u00fcnler \u0130\u00e7in Kolye PureJewels'ten Antik Stil Kolye | H\u0131zl\u0131 Teslimat | Kolay \u0130ade.","robots":{"index":"index","follow":"follow","max-snippet":"max-snippet:-1","max-image-preview":"max-image-preview:large","max-video-preview":"max-video-preview:-1"},"canonical":"https:\/\/www.purejewels.com\/tr\/urun\/22-ayar-altin-armari-kolye-antika-stil-kolye-47366\/","og_locale":"tr_TR","og_type":"article","og_title":"22ct Armari Necklace | Antique Style Necklace by PureJewels","og_description":"22ct Armari Necklace with Antique Finish | Necklace For Wedding & Special Ocassion Antique Style Necklace by PureJewels | Quick Delivery | Easy Returns.","og_url":"https:\/\/www.purejewels.com\/tr\/urun\/22-ayar-altin-armari-kolye-antika-stil-kolye-47366\/","og_site_name":"PureJewels UK","article_modified_time":"2026-02-09T07:58:08+00:00","og_image":[{"width":1000,"height":1000,"url":"https:\/\/static.purejewels.com\/wp-content\/uploads\/2023\/06\/47366.png","type":"image\/png"}],"twitter_card":"summary_large_image","twitter_misc":{"Tahmini okuma s\u00fcresi":"1 dakika"},"schema":{"@context":"https:\/\/schema.org","@graph":[{"@type":["WebPage","ItemPage"],"@id":"https:\/\/www.purejewels.com\/product\/22ct-gold-armari-necklace-antique-style-necklace-47366\/","url":"https:\/\/www.purejewels.com\/product\/22ct-gold-armari-necklace-antique-style-necklace-47366\/","name":"PureJewels'ten 22ct Armari Kolye | Antik Stil Kolye","isPartOf":{"@id":"https:\/\/www.purejewels.com\/#website"},"primaryImageOfPage":{"@id":"https:\/\/www.purejewels.com\/product\/22ct-gold-armari-necklace-antique-style-necklace-47366\/#primaryimage"},"image":{"@id":"https:\/\/www.purejewels.com\/product\/22ct-gold-armari-necklace-antique-style-necklace-47366\/#primaryimage"},"thumbnailUrl":"https:\/\/static.purejewels.com\/wp-content\/uploads\/2023\/06\/47366.png","datePublished":"2025-03-08T13:12:08+00:00","dateModified":"2026-02-09T07:58:08+00:00","description":"Antik Kaplamal\u0131 22ct Armari Kolye | D\u00fc\u011f\u00fcn ve \u00d6zel G\u00fcnler \u0130\u00e7in Kolye PureJewels'ten Antik Stil Kolye | H\u0131zl\u0131 Teslimat | Kolay \u0130ade.","breadcrumb":{"@id":"https:\/\/www.purejewels.com\/product\/22ct-gold-armari-necklace-antique-style-necklace-47366\/#breadcrumb"},"inLanguage":"tr","potentialAction":[{"@type":"ReadAction","target":["https:\/\/www.purejewels.com\/product\/22ct-gold-armari-necklace-antique-style-necklace-47366\/"]}]},{"@type":"ImageObject","inLanguage":"tr","@id":"https:\/\/www.purejewels.com\/product\/22ct-gold-armari-necklace-antique-style-necklace-47366\/#primaryimage","url":"https:\/\/static.purejewels.com\/wp-content\/uploads\/2023\/06\/47366.png","contentUrl":"https:\/\/static.purejewels.com\/wp-content\/uploads\/2023\/06\/47366.png","width":1000,"height":1000,"caption":"22ct Gold Necklace"},{"@type":"BreadcrumbList","@id":"https:\/\/www.purejewels.com\/product\/22ct-gold-armari-necklace-antique-style-necklace-47366\/#breadcrumb","itemListElement":[{"@type":"ListItem","position":1,"name":"Home","item":"https:\/\/www.purejewels.com\/"},{"@type":"ListItem","position":2,"name":"Shop","item":"https:\/\/www.purejewels.com\/shop\/"},{"@type":"ListItem","position":3,"name":"22ct Armari Necklace | Antique Style | 26 Inches"}]},{"@type":"WebSite","@id":"https:\/\/www.purejewels.com\/#website","url":"https:\/\/www.purejewels.com\/","name":"PureJewels \u0130ngiltere","description":"Sevgiyi Payla\u015f\u0131n","publisher":{"@id":"https:\/\/www.purejewels.com\/#organization"},"potentialAction":[{"@type":"SearchAction","target":{"@type":"EntryPoint","urlTemplate":"https:\/\/www.purejewels.com\/?s={search_term_string}"},"query-input":{"@type":"PropertyValueSpecification","valueRequired":true,"valueName":"search_term_string"}}],"inLanguage":"tr"},{"@type":"Organization","@id":"https:\/\/www.purejewels.com\/#organization","name":"PureJewels \u0130ngiltere","url":"https:\/\/www.purejewels.com\/","logo":{"@type":"ImageObject","inLanguage":"tr","@id":"https:\/\/www.purejewels.com\/#\/schema\/logo\/image\/","url":"https:\/\/static.purejewels.com\/wp-content\/uploads\/2020\/11\/Logo-PJ-New-1.png","contentUrl":"https:\/\/static.purejewels.com\/wp-content\/uploads\/2020\/11\/Logo-PJ-New-1.png","width":150,"height":80,"caption":"PureJewels UK"},"image":{"@id":"https:\/\/www.purejewels.com\/#\/schema\/logo\/image\/"}}]}},"_links":{"self":[{"href":"https:\/\/www.purejewels.com\/tr\/wp-json\/wp\/v2\/product\/348122","targetHints":{"allow":["GET"]}}],"collection":[{"href":"https:\/\/www.purejewels.com\/tr\/wp-json\/wp\/v2\/product"}],"about":[{"href":"https:\/\/www.purejewels.com\/tr\/wp-json\/wp\/v2\/types\/product"}],"replies":[{"embeddable":true,"href":"https:\/\/www.purejewels.com\/tr\/wp-json\/wp\/v2\/comments?post=348122"}],"version-history":[{"count":4,"href":"https:\/\/www.purejewels.com\/tr\/wp-json\/wp\/v2\/product\/348122\/revisions"}],"predecessor-version":[{"id":425458,"href":"https:\/\/www.purejewels.com\/tr\/wp-json\/wp\/v2\/product\/348122\/revisions\/425458"}],"wp:featuredmedia":[{"embeddable":true,"href":"https:\/\/www.purejewels.com\/tr\/wp-json\/wp\/v2\/media\/370728"}],"wp:attachment":[{"href":"https:\/\/www.purejewels.com\/tr\/wp-json\/wp\/v2\/media?parent=348122"}],"wp:term":[{"taxonomy":"product_brand","embeddable":true,"href":"https:\/\/www.purejewels.com\/tr\/wp-json\/wp\/v2\/product_brand?post=348122"},{"taxonomy":"product_cat","embeddable":true,"href":"https:\/\/www.purejewels.com\/tr\/wp-json\/wp\/v2\/product_cat?post=348122"},{"taxonomy":"product_tag","embeddable":true,"href":"https:\/\/www.purejewels.com\/tr\/wp-json\/wp\/v2\/product_tag?post=348122"}],"curies":[{"name":"wp","href":"https:\/\/api.w.org\/{rel}","templated":true}]}}