{"id":348326,"date":"2023-07-04T11:54:29","date_gmt":"2023-07-04T10:54:29","guid":{"rendered":"https:\/\/www.purejewels.com\/?post_type=product&#038;p=348326"},"modified":"2025-04-16T09:05:12","modified_gmt":"2025-04-16T08:05:12","slug":"18-ayar-beyaz-altin-pirlantali-armut-bicimli-kupe-45212","status":"publish","type":"product","link":"https:\/\/www.purejewels.com\/tr\/product\/18ct-white-gold-pear-shaped-earring-with-diamonds-45212\/","title":{"rendered":"18 Ayar Beyaz Alt\u0131n Z\u00fcmr\u00fct ve P\u0131rlantal\u0131 Armut \u015eeklinde K\u00fcpe"},"content":{"rendered":"<ul>\n<li>SKU 45212<\/li>\n<\/ul>","protected":false},"excerpt":{"rendered":"<table class=\"sh_desc\">\n<tbody>\n<tr>\n<td>K\u00fcpe T\u00fcr\u00fc<\/td>\n<td>Saplama K\u00fcpe<\/td>\n<\/tr>\n<tr>\n<td>SKU<\/td>\n<td>45212<\/td>\n<\/tr>\n<tr>\n<td>Elmas A\u011f\u0131rl\u0131\u011f\u0131.<\/td>\n<td>0.35ct<\/td>\n<\/tr>\n<tr>\n<td>Z\u00fcmr\u00fct A\u011f\u0131rl\u0131k.<\/td>\n<td>8.21ct<\/td>\n<\/tr>\n<tr>\n<td>Metal<\/td>\n<td>18 Ayar Alt\u0131n<\/td>\n<\/tr>\n<tr>\n<td>\u00dccretler<\/td>\n<td>Teslimat ve KDV Dahil<\/td>\n<\/tr>\n<tr>\n<td>Paketleme<\/td>\n<td>Sunum Kutusu ile Birlikte Gelir<\/td>\n<\/tr>\n<tr>\n<td>Daha Fazla Bilgi<\/td>\n<td>M\u00fcsaitlik durumu ve daha fazla resim i\u00e7in bizimle canl\u0131 sohbet edin<\/td>\n<\/tr>\n<\/tbody>\n<\/table>","protected":false},"featured_media":348327,"comment_status":"closed","ping_status":"closed","template":"","meta":{"_eb_attr":"","_crsspst_to_jayantr4sg-hostcom":true},"product_brand":[],"product_cat":[5679,1791,1794,5699,5458,5457,5754,1254,1577,1569,1573,5348,1574],"product_tag":[66],"class_list":{"0":"post-348326","1":"product","2":"type-product","3":"status-publish","4":"has-post-thumbnail","6":"product_cat-18ct-gold-jewellery","7":"product_cat-anniversary-gifts","8":"product_cat-christmas-gifts","9":"product_cat-coloured-gemstone-jewellery","10":"product_cat-diamond-earring","11":"product_cat-diamond-jewellery","12":"product_cat-emerald","13":"product_cat-gold-earrings","14":"product_cat-stud-earrings","15":"product_cat-valentine-day-gifts","16":"product_cat-wedding-gifts","17":"product_cat-white-gold-jewellery","18":"product_cat-womens-jewellery","19":"product_tag-earrings","21":"first","22":"outofstock","23":"taxable","24":"shipping-taxable","25":"product-type-simple","26":"add-to-wishlist-before_image"},"yoast_head":"<!-- This site is optimized with the Yoast SEO plugin v27.3 - https:\/\/yoast.com\/product\/yoast-seo-wordpress\/ -->\n<title>White Gold Pear Shaped Earring with Diamonds in 18ct Gold<\/title>\n<meta name=\"description\" content=\"Sparkle with sophistication in our 18ct White Gold Pear Shaped Earrings. Adorned with diamonds, these elegant earrings are a timeless statement. Shop now!\" \/>\n<meta name=\"robots\" content=\"index, follow, max-snippet:-1, max-image-preview:large, max-video-preview:-1\" \/>\n<link rel=\"canonical\" href=\"https:\/\/www.purejewels.com\/tr\/urun\/18-ayar-beyaz-altin-pirlantali-armut-bicimli-kupe-45212\/\" \/>\n<meta property=\"og:locale\" content=\"tr_TR\" \/>\n<meta property=\"og:type\" content=\"article\" \/>\n<meta property=\"og:title\" content=\"White Gold Pear Shaped Earring with Diamonds in 18ct Gold\" \/>\n<meta property=\"og:description\" content=\"Sparkle with sophistication in our 18ct White Gold Pear Shaped Earrings. Adorned with diamonds, these elegant earrings are a timeless statement. Shop now!\" \/>\n<meta property=\"og:url\" content=\"https:\/\/www.purejewels.com\/tr\/urun\/18-ayar-beyaz-altin-pirlantali-armut-bicimli-kupe-45212\/\" \/>\n<meta property=\"og:site_name\" content=\"PureJewels UK\" \/>\n<meta property=\"article:modified_time\" content=\"2025-04-16T08:05:12+00:00\" \/>\n<meta property=\"og:image\" content=\"https:\/\/www.purejewels.com\/wp-content\/uploads\/2023\/07\/45212.jpg\" \/>\n\t<meta property=\"og:image:width\" content=\"1000\" \/>\n\t<meta property=\"og:image:height\" content=\"1000\" \/>\n\t<meta property=\"og:image:type\" content=\"image\/jpeg\" \/>\n<meta name=\"twitter:card\" content=\"summary_large_image\" \/>\n<script type=\"application\/ld+json\" class=\"yoast-schema-graph\">{\"@context\":\"https:\\\/\\\/schema.org\",\"@graph\":[{\"@type\":[\"WebPage\",\"ItemPage\"],\"@id\":\"https:\\\/\\\/www.purejewels.com\\\/product\\\/18ct-white-gold-pear-shaped-earring-with-diamonds-45212\\\/\",\"url\":\"https:\\\/\\\/www.purejewels.com\\\/product\\\/18ct-white-gold-pear-shaped-earring-with-diamonds-45212\\\/\",\"name\":\"White Gold Pear Shaped Earring with Diamonds in 18ct Gold\",\"isPartOf\":{\"@id\":\"https:\\\/\\\/www.purejewels.com\\\/#website\"},\"primaryImageOfPage\":{\"@id\":\"https:\\\/\\\/www.purejewels.com\\\/product\\\/18ct-white-gold-pear-shaped-earring-with-diamonds-45212\\\/#primaryimage\"},\"image\":{\"@id\":\"https:\\\/\\\/www.purejewels.com\\\/product\\\/18ct-white-gold-pear-shaped-earring-with-diamonds-45212\\\/#primaryimage\"},\"thumbnailUrl\":\"https:\\\/\\\/static.purejewels.com\\\/wp-content\\\/uploads\\\/2023\\\/07\\\/45212.jpg\",\"datePublished\":\"2023-07-04T10:54:29+00:00\",\"dateModified\":\"2025-04-16T08:05:12+00:00\",\"description\":\"Sparkle with sophistication in our 18ct White Gold Pear Shaped Earrings. Adorned with diamonds, these elegant earrings are a timeless statement. Shop now!\",\"breadcrumb\":{\"@id\":\"https:\\\/\\\/www.purejewels.com\\\/product\\\/18ct-white-gold-pear-shaped-earring-with-diamonds-45212\\\/#breadcrumb\"},\"inLanguage\":\"tr\",\"potentialAction\":[{\"@type\":\"ReadAction\",\"target\":[\"https:\\\/\\\/www.purejewels.com\\\/product\\\/18ct-white-gold-pear-shaped-earring-with-diamonds-45212\\\/\"]}]},{\"@type\":\"ImageObject\",\"inLanguage\":\"tr\",\"@id\":\"https:\\\/\\\/www.purejewels.com\\\/product\\\/18ct-white-gold-pear-shaped-earring-with-diamonds-45212\\\/#primaryimage\",\"url\":\"https:\\\/\\\/static.purejewels.com\\\/wp-content\\\/uploads\\\/2023\\\/07\\\/45212.jpg\",\"contentUrl\":\"https:\\\/\\\/static.purejewels.com\\\/wp-content\\\/uploads\\\/2023\\\/07\\\/45212.jpg\",\"width\":1000,\"height\":1000,\"caption\":\"18ct White Gold Pear Shaped Earring with Diamonds\"},{\"@type\":\"BreadcrumbList\",\"@id\":\"https:\\\/\\\/www.purejewels.com\\\/product\\\/18ct-white-gold-pear-shaped-earring-with-diamonds-45212\\\/#breadcrumb\",\"itemListElement\":[{\"@type\":\"ListItem\",\"position\":1,\"name\":\"Home\",\"item\":\"https:\\\/\\\/www.purejewels.com\\\/\"},{\"@type\":\"ListItem\",\"position\":2,\"name\":\"Shop\",\"item\":\"https:\\\/\\\/www.purejewels.com\\\/shop\\\/\"},{\"@type\":\"ListItem\",\"position\":3,\"name\":\"18ct White Gold Pear Shaped Earring with Emerald and Diamonds\"}]},{\"@type\":\"WebSite\",\"@id\":\"https:\\\/\\\/www.purejewels.com\\\/#website\",\"url\":\"https:\\\/\\\/www.purejewels.com\\\/\",\"name\":\"PureJewels UK\",\"description\":\"Share the Love\",\"publisher\":{\"@id\":\"https:\\\/\\\/www.purejewels.com\\\/#organization\"},\"potentialAction\":[{\"@type\":\"SearchAction\",\"target\":{\"@type\":\"EntryPoint\",\"urlTemplate\":\"https:\\\/\\\/www.purejewels.com\\\/?s={search_term_string}\"},\"query-input\":{\"@type\":\"PropertyValueSpecification\",\"valueRequired\":true,\"valueName\":\"search_term_string\"}}],\"inLanguage\":\"tr\"},{\"@type\":\"Organization\",\"@id\":\"https:\\\/\\\/www.purejewels.com\\\/#organization\",\"name\":\"PureJewels UK\",\"url\":\"https:\\\/\\\/www.purejewels.com\\\/\",\"logo\":{\"@type\":\"ImageObject\",\"inLanguage\":\"tr\",\"@id\":\"https:\\\/\\\/www.purejewels.com\\\/#\\\/schema\\\/logo\\\/image\\\/\",\"url\":\"https:\\\/\\\/static.purejewels.com\\\/wp-content\\\/uploads\\\/2020\\\/11\\\/Logo-PJ-New-1.png\",\"contentUrl\":\"https:\\\/\\\/static.purejewels.com\\\/wp-content\\\/uploads\\\/2020\\\/11\\\/Logo-PJ-New-1.png\",\"width\":150,\"height\":80,\"caption\":\"PureJewels UK\"},\"image\":{\"@id\":\"https:\\\/\\\/www.purejewels.com\\\/#\\\/schema\\\/logo\\\/image\\\/\"}}]}<\/script>\n<!-- \/ Yoast SEO plugin. -->","yoast_head_json":{"title":"18 Ayar P\u0131rlantal\u0131 Beyaz Alt\u0131n Armut \u015eeklinde K\u00fcpe","description":"18 Ayar Beyaz Alt\u0131n Armut \u015eekilli K\u00fcpelerimizle sofistike bir \u015fekilde \u0131\u015f\u0131lday\u0131n. P\u0131rlantalarla s\u00fcslenmi\u015f bu zarif k\u00fcpeler zamans\u0131z bir ifade. \u015eimdi al\u0131\u015fveri\u015f yap\u0131n!","robots":{"index":"index","follow":"follow","max-snippet":"max-snippet:-1","max-image-preview":"max-image-preview:large","max-video-preview":"max-video-preview:-1"},"canonical":"https:\/\/www.purejewels.com\/tr\/urun\/18-ayar-beyaz-altin-pirlantali-armut-bicimli-kupe-45212\/","og_locale":"tr_TR","og_type":"article","og_title":"White Gold Pear Shaped Earring with Diamonds in 18ct Gold","og_description":"Sparkle with sophistication in our 18ct White Gold Pear Shaped Earrings. Adorned with diamonds, these elegant earrings are a timeless statement. Shop now!","og_url":"https:\/\/www.purejewels.com\/tr\/urun\/18-ayar-beyaz-altin-pirlantali-armut-bicimli-kupe-45212\/","og_site_name":"PureJewels UK","article_modified_time":"2025-04-16T08:05:12+00:00","og_image":[{"width":1000,"height":1000,"url":"https:\/\/www.purejewels.com\/wp-content\/uploads\/2023\/07\/45212.jpg","type":"image\/jpeg"}],"twitter_card":"summary_large_image","schema":{"@context":"https:\/\/schema.org","@graph":[{"@type":["WebPage","ItemPage"],"@id":"https:\/\/www.purejewels.com\/product\/18ct-white-gold-pear-shaped-earring-with-diamonds-45212\/","url":"https:\/\/www.purejewels.com\/product\/18ct-white-gold-pear-shaped-earring-with-diamonds-45212\/","name":"18 Ayar P\u0131rlantal\u0131 Beyaz Alt\u0131n Armut \u015eeklinde K\u00fcpe","isPartOf":{"@id":"https:\/\/www.purejewels.com\/#website"},"primaryImageOfPage":{"@id":"https:\/\/www.purejewels.com\/product\/18ct-white-gold-pear-shaped-earring-with-diamonds-45212\/#primaryimage"},"image":{"@id":"https:\/\/www.purejewels.com\/product\/18ct-white-gold-pear-shaped-earring-with-diamonds-45212\/#primaryimage"},"thumbnailUrl":"https:\/\/static.purejewels.com\/wp-content\/uploads\/2023\/07\/45212.jpg","datePublished":"2023-07-04T10:54:29+00:00","dateModified":"2025-04-16T08:05:12+00:00","description":"18 Ayar Beyaz Alt\u0131n Armut \u015eekilli K\u00fcpelerimizle sofistike bir \u015fekilde \u0131\u015f\u0131lday\u0131n. P\u0131rlantalarla s\u00fcslenmi\u015f bu zarif k\u00fcpeler zamans\u0131z bir ifade. \u015eimdi al\u0131\u015fveri\u015f yap\u0131n!","breadcrumb":{"@id":"https:\/\/www.purejewels.com\/product\/18ct-white-gold-pear-shaped-earring-with-diamonds-45212\/#breadcrumb"},"inLanguage":"tr","potentialAction":[{"@type":"ReadAction","target":["https:\/\/www.purejewels.com\/product\/18ct-white-gold-pear-shaped-earring-with-diamonds-45212\/"]}]},{"@type":"ImageObject","inLanguage":"tr","@id":"https:\/\/www.purejewels.com\/product\/18ct-white-gold-pear-shaped-earring-with-diamonds-45212\/#primaryimage","url":"https:\/\/static.purejewels.com\/wp-content\/uploads\/2023\/07\/45212.jpg","contentUrl":"https:\/\/static.purejewels.com\/wp-content\/uploads\/2023\/07\/45212.jpg","width":1000,"height":1000,"caption":"18ct White Gold Pear Shaped Earring with Diamonds"},{"@type":"BreadcrumbList","@id":"https:\/\/www.purejewels.com\/product\/18ct-white-gold-pear-shaped-earring-with-diamonds-45212\/#breadcrumb","itemListElement":[{"@type":"ListItem","position":1,"name":"Home","item":"https:\/\/www.purejewels.com\/"},{"@type":"ListItem","position":2,"name":"Shop","item":"https:\/\/www.purejewels.com\/shop\/"},{"@type":"ListItem","position":3,"name":"18ct White Gold Pear Shaped Earring with Emerald and Diamonds"}]},{"@type":"WebSite","@id":"https:\/\/www.purejewels.com\/#website","url":"https:\/\/www.purejewels.com\/","name":"PureJewels \u0130ngiltere","description":"Sevgiyi Payla\u015f\u0131n","publisher":{"@id":"https:\/\/www.purejewels.com\/#organization"},"potentialAction":[{"@type":"SearchAction","target":{"@type":"EntryPoint","urlTemplate":"https:\/\/www.purejewels.com\/?s={search_term_string}"},"query-input":{"@type":"PropertyValueSpecification","valueRequired":true,"valueName":"search_term_string"}}],"inLanguage":"tr"},{"@type":"Organization","@id":"https:\/\/www.purejewels.com\/#organization","name":"PureJewels \u0130ngiltere","url":"https:\/\/www.purejewels.com\/","logo":{"@type":"ImageObject","inLanguage":"tr","@id":"https:\/\/www.purejewels.com\/#\/schema\/logo\/image\/","url":"https:\/\/static.purejewels.com\/wp-content\/uploads\/2020\/11\/Logo-PJ-New-1.png","contentUrl":"https:\/\/static.purejewels.com\/wp-content\/uploads\/2020\/11\/Logo-PJ-New-1.png","width":150,"height":80,"caption":"PureJewels UK"},"image":{"@id":"https:\/\/www.purejewels.com\/#\/schema\/logo\/image\/"}}]}},"_links":{"self":[{"href":"https:\/\/www.purejewels.com\/tr\/wp-json\/wp\/v2\/product\/348326","targetHints":{"allow":["GET"]}}],"collection":[{"href":"https:\/\/www.purejewels.com\/tr\/wp-json\/wp\/v2\/product"}],"about":[{"href":"https:\/\/www.purejewels.com\/tr\/wp-json\/wp\/v2\/types\/product"}],"replies":[{"embeddable":true,"href":"https:\/\/www.purejewels.com\/tr\/wp-json\/wp\/v2\/comments?post=348326"}],"version-history":[{"count":1,"href":"https:\/\/www.purejewels.com\/tr\/wp-json\/wp\/v2\/product\/348326\/revisions"}],"predecessor-version":[{"id":365000,"href":"https:\/\/www.purejewels.com\/tr\/wp-json\/wp\/v2\/product\/348326\/revisions\/365000"}],"wp:featuredmedia":[{"embeddable":true,"href":"https:\/\/www.purejewels.com\/tr\/wp-json\/wp\/v2\/media\/348327"}],"wp:attachment":[{"href":"https:\/\/www.purejewels.com\/tr\/wp-json\/wp\/v2\/media?parent=348326"}],"wp:term":[{"taxonomy":"product_brand","embeddable":true,"href":"https:\/\/www.purejewels.com\/tr\/wp-json\/wp\/v2\/product_brand?post=348326"},{"taxonomy":"product_cat","embeddable":true,"href":"https:\/\/www.purejewels.com\/tr\/wp-json\/wp\/v2\/product_cat?post=348326"},{"taxonomy":"product_tag","embeddable":true,"href":"https:\/\/www.purejewels.com\/tr\/wp-json\/wp\/v2\/product_tag?post=348326"}],"curies":[{"name":"wp","href":"https:\/\/api.w.org\/{rel}","templated":true}]}}