{"id":348373,"date":"2023-07-06T05:12:02","date_gmt":"2023-07-06T04:12:02","guid":{"rendered":"https:\/\/www.purejewels.com\/?post_type=product&#038;p=348373"},"modified":"2026-01-06T08:09:26","modified_gmt":"2026-01-06T08:09:26","slug":"22-ayar-altin-bas-harf-l-kolye-25537","status":"publish","type":"product","link":"https:\/\/www.purejewels.com\/tr\/product\/22ct-gold-initial-l-pendant-25537\/","title":{"rendered":"22 Ayar Alt\u0131n Ba\u015f Harfi L Kolye | Unisex"},"content":{"rendered":"<ul>\n<li>SKU: 25537<\/li>\n<li><b>Menzil kimli\u011fi. <\/b>YGPN058LL harfi i\u00e7in bu 22 ayar alt\u0131n Alfabe Kolyesi, de\u011ferli bir hat\u0131ra olaca\u011f\u0131 kesin olan g\u00fczel ve zarif bir m\u00fccevher par\u00e7as\u0131d\u0131r. Kolye ucu y\u00fcksek kaliteli 22 ayar alt\u0131ndan yap\u0131lm\u0131\u015ft\u0131r ve sade ama zarif bir tasar\u0131ma sahiptir. L harfi klasik bir yaz\u0131 tipiyle i\u015flenmi\u015ftir.<\/li>\n<\/ul>","protected":false},"excerpt":{"rendered":"<table class=\"sh_desc\" style=\"width: 128.665%;\">\n<tbody>\n<tr>\n<td style=\"width: 28.1667%;\">Kolye Tipi<\/td>\n<td style=\"width: 100.333%;\">Initial Kolye Ucu<\/td>\n<\/tr>\n<tr>\n<td style=\"width: 28.1667%;\">SKU<\/td>\n<td style=\"width: 100.333%;\">25537<\/td>\n<\/tr>\n<tr>\n<td style=\"width: 28.1667%;\">A\u011f\u0131rl\u0131k<\/td>\n<td style=\"width: 100.333%;\">1 Gms<\/td>\n<\/tr>\n<tr>\n<td style=\"width: 28.1667%;\">Hallmark<\/td>\n<td style=\"width: 100.333%;\">Londra Tahlil Ofisi Taraf\u0131ndan Damgalanm\u0131\u015f 22 Ayar Alt\u0131n<\/td>\n<\/tr>\n<tr>\n<td style=\"width: 28.1667%;\">\u00dccretler<\/td>\n<td style=\"width: 100.333%;\">Teslimat ve KDV Dahil<\/td>\n<\/tr>\n<tr>\n<td style=\"width: 28.1667%;\">Paketleme<\/td>\n<td style=\"width: 100.333%;\">Sunum Kutusu ile Birlikte Gelir<\/td>\n<\/tr>\n<tr>\n<td style=\"width: 28.1667%;\">Daha Fazla Bilgi<\/td>\n<td style=\"width: 100.333%;\">\n<ul>\n<li>\u00a0T\u00fcm Alfabeler ma\u011fazada mevcuttur<\/li>\n<li>Zincir dahil de\u011fildir<\/li>\n<li>Bizim ke\u015ffedin<strong>\u00a0Zincir<\/strong>\u00a0Koleksiyon<\/li>\n<li>M\u00fcsaitlik durumu ve daha fazla resim i\u00e7in bizimle canl\u0131 sohbet edin<\/li>\n<\/ul>\n<\/td>\n<\/tr>\n<\/tbody>\n<\/table>","protected":false},"featured_media":348375,"comment_status":"closed","ping_status":"closed","template":"","meta":{"_eb_attr":"","_crsspst_to_jayantr4sg-hostcom":false},"product_brand":[],"product_cat":[1559,1576,1794,1793,1770,1255,5598,1767,1768,1575,1574],"product_tag":[],"class_list":{"0":"post-348373","1":"product","2":"type-product","3":"status-publish","4":"has-post-thumbnail","6":"product_cat-birthday-gifts","7":"product_cat-childrens-jewellery","8":"product_cat-christmas-gifts","9":"product_cat-diwali-gifts","10":"product_cat-fancy-pendants","11":"product_cat-gold-pendants","12":"product_cat-initial-pendant","13":"product_cat-ladies-pendants","14":"product_cat-mens-pendants","15":"product_cat-teenage-jewellery","16":"product_cat-womens-jewellery","18":"first","19":"outofstock","20":"taxable","21":"shipping-taxable","22":"product-type-simple","23":"add-to-wishlist-before_image"},"yoast_head":"<!-- This site is optimized with the Yoast SEO plugin v27.3 - https:\/\/yoast.com\/product\/yoast-seo-wordpress\/ -->\n<title>22ct Gold Letter L Pendant: A Timeless Initial Pendant, Purejewels<\/title>\n<meta name=\"description\" content=\"Secure your 22ct Gold Alphabet Pendant, featuring the letter L, today and discover the remarkable distinction firsthand! Enjoy free delivery within the UK.\" \/>\n<meta name=\"robots\" content=\"index, follow, max-snippet:-1, max-image-preview:large, max-video-preview:-1\" \/>\n<link rel=\"canonical\" href=\"https:\/\/www.purejewels.com\/tr\/urun\/22-ayar-altin-bas-harf-l-kolye-25537\/\" \/>\n<meta property=\"og:locale\" content=\"tr_TR\" \/>\n<meta property=\"og:type\" content=\"article\" \/>\n<meta property=\"og:title\" content=\"22ct Gold Letter L Pendant: A Timeless Initial Pendant, Purejewels\" \/>\n<meta property=\"og:description\" content=\"Secure your 22ct Gold Alphabet Pendant, featuring the letter L, today and discover the remarkable distinction firsthand! Enjoy free delivery within the UK.\" \/>\n<meta property=\"og:url\" content=\"https:\/\/www.purejewels.com\/tr\/urun\/22-ayar-altin-bas-harf-l-kolye-25537\/\" \/>\n<meta property=\"og:site_name\" content=\"PureJewels UK\" \/>\n<meta property=\"article:modified_time\" content=\"2026-01-06T08:09:26+00:00\" \/>\n<meta property=\"og:image\" content=\"https:\/\/www.purejewels.com\/wp-content\/uploads\/2023\/07\/SKU-25537-scaled.jpg\" \/>\n\t<meta property=\"og:image:width\" content=\"2560\" \/>\n\t<meta property=\"og:image:height\" content=\"2560\" \/>\n\t<meta property=\"og:image:type\" content=\"image\/jpeg\" \/>\n<meta name=\"twitter:card\" content=\"summary_large_image\" \/>\n<meta name=\"twitter:label1\" content=\"Tahmini okuma s\u00fcresi\" \/>\n\t<meta name=\"twitter:data1\" content=\"1 dakika\" \/>\n<script type=\"application\/ld+json\" class=\"yoast-schema-graph\">{\"@context\":\"https:\\\/\\\/schema.org\",\"@graph\":[{\"@type\":[\"WebPage\",\"ItemPage\"],\"@id\":\"https:\\\/\\\/www.purejewels.com\\\/product\\\/22ct-gold-initial-l-pendant-25537\\\/\",\"url\":\"https:\\\/\\\/www.purejewels.com\\\/product\\\/22ct-gold-initial-l-pendant-25537\\\/\",\"name\":\"22ct Gold Letter L Pendant: A Timeless Initial Pendant, Purejewels\",\"isPartOf\":{\"@id\":\"https:\\\/\\\/www.purejewels.com\\\/#website\"},\"primaryImageOfPage\":{\"@id\":\"https:\\\/\\\/www.purejewels.com\\\/product\\\/22ct-gold-initial-l-pendant-25537\\\/#primaryimage\"},\"image\":{\"@id\":\"https:\\\/\\\/www.purejewels.com\\\/product\\\/22ct-gold-initial-l-pendant-25537\\\/#primaryimage\"},\"thumbnailUrl\":\"https:\\\/\\\/static.purejewels.com\\\/wp-content\\\/uploads\\\/2023\\\/07\\\/SKU-25537-scaled.jpg\",\"datePublished\":\"2023-07-06T04:12:02+00:00\",\"dateModified\":\"2026-01-06T08:09:26+00:00\",\"description\":\"Secure your 22ct Gold Alphabet Pendant, featuring the letter L, today and discover the remarkable distinction firsthand! Enjoy free delivery within the UK.\",\"breadcrumb\":{\"@id\":\"https:\\\/\\\/www.purejewels.com\\\/product\\\/22ct-gold-initial-l-pendant-25537\\\/#breadcrumb\"},\"inLanguage\":\"tr\",\"potentialAction\":[{\"@type\":\"ReadAction\",\"target\":[\"https:\\\/\\\/www.purejewels.com\\\/product\\\/22ct-gold-initial-l-pendant-25537\\\/\"]}]},{\"@type\":\"ImageObject\",\"inLanguage\":\"tr\",\"@id\":\"https:\\\/\\\/www.purejewels.com\\\/product\\\/22ct-gold-initial-l-pendant-25537\\\/#primaryimage\",\"url\":\"https:\\\/\\\/static.purejewels.com\\\/wp-content\\\/uploads\\\/2023\\\/07\\\/SKU-25537-scaled.jpg\",\"contentUrl\":\"https:\\\/\\\/static.purejewels.com\\\/wp-content\\\/uploads\\\/2023\\\/07\\\/SKU-25537-scaled.jpg\",\"width\":2560,\"height\":2560,\"caption\":\"22ct Gold Initial L Pendant\"},{\"@type\":\"BreadcrumbList\",\"@id\":\"https:\\\/\\\/www.purejewels.com\\\/product\\\/22ct-gold-initial-l-pendant-25537\\\/#breadcrumb\",\"itemListElement\":[{\"@type\":\"ListItem\",\"position\":1,\"name\":\"Home\",\"item\":\"https:\\\/\\\/www.purejewels.com\\\/\"},{\"@type\":\"ListItem\",\"position\":2,\"name\":\"Shop\",\"item\":\"https:\\\/\\\/www.purejewels.com\\\/shop\\\/\"},{\"@type\":\"ListItem\",\"position\":3,\"name\":\"22ct Gold Initial L Pendant | Unisex\"}]},{\"@type\":\"WebSite\",\"@id\":\"https:\\\/\\\/www.purejewels.com\\\/#website\",\"url\":\"https:\\\/\\\/www.purejewels.com\\\/\",\"name\":\"PureJewels UK\",\"description\":\"Share the Love\",\"publisher\":{\"@id\":\"https:\\\/\\\/www.purejewels.com\\\/#organization\"},\"potentialAction\":[{\"@type\":\"SearchAction\",\"target\":{\"@type\":\"EntryPoint\",\"urlTemplate\":\"https:\\\/\\\/www.purejewels.com\\\/?s={search_term_string}\"},\"query-input\":{\"@type\":\"PropertyValueSpecification\",\"valueRequired\":true,\"valueName\":\"search_term_string\"}}],\"inLanguage\":\"tr\"},{\"@type\":\"Organization\",\"@id\":\"https:\\\/\\\/www.purejewels.com\\\/#organization\",\"name\":\"PureJewels UK\",\"url\":\"https:\\\/\\\/www.purejewels.com\\\/\",\"logo\":{\"@type\":\"ImageObject\",\"inLanguage\":\"tr\",\"@id\":\"https:\\\/\\\/www.purejewels.com\\\/#\\\/schema\\\/logo\\\/image\\\/\",\"url\":\"https:\\\/\\\/static.purejewels.com\\\/wp-content\\\/uploads\\\/2020\\\/11\\\/Logo-PJ-New-1.png\",\"contentUrl\":\"https:\\\/\\\/static.purejewels.com\\\/wp-content\\\/uploads\\\/2020\\\/11\\\/Logo-PJ-New-1.png\",\"width\":150,\"height\":80,\"caption\":\"PureJewels UK\"},\"image\":{\"@id\":\"https:\\\/\\\/www.purejewels.com\\\/#\\\/schema\\\/logo\\\/image\\\/\"}}]}<\/script>\n<!-- \/ Yoast SEO plugin. -->","yoast_head_json":{"title":"22 Ayar Alt\u0131n L Harfi Kolye Ucu: Zamans\u0131z Bir Ba\u015f Harf Kolyesi, Purejewels","description":"L harfli 22 Ayar Alt\u0131n Alfabe Kolyenizi bug\u00fcn al\u0131n ve ola\u011fan\u00fcst\u00fc farkl\u0131l\u0131\u011f\u0131 ilk elden ke\u015ffedin! Birle\u015fik Krall\u0131k i\u00e7inde \u00fccretsiz teslimat\u0131n keyfini \u00e7\u0131kar\u0131n.","robots":{"index":"index","follow":"follow","max-snippet":"max-snippet:-1","max-image-preview":"max-image-preview:large","max-video-preview":"max-video-preview:-1"},"canonical":"https:\/\/www.purejewels.com\/tr\/urun\/22-ayar-altin-bas-harf-l-kolye-25537\/","og_locale":"tr_TR","og_type":"article","og_title":"22ct Gold Letter L Pendant: A Timeless Initial Pendant, Purejewels","og_description":"Secure your 22ct Gold Alphabet Pendant, featuring the letter L, today and discover the remarkable distinction firsthand! Enjoy free delivery within the UK.","og_url":"https:\/\/www.purejewels.com\/tr\/urun\/22-ayar-altin-bas-harf-l-kolye-25537\/","og_site_name":"PureJewels UK","article_modified_time":"2026-01-06T08:09:26+00:00","og_image":[{"width":2560,"height":2560,"url":"https:\/\/www.purejewels.com\/wp-content\/uploads\/2023\/07\/SKU-25537-scaled.jpg","type":"image\/jpeg"}],"twitter_card":"summary_large_image","twitter_misc":{"Tahmini okuma s\u00fcresi":"1 dakika"},"schema":{"@context":"https:\/\/schema.org","@graph":[{"@type":["WebPage","ItemPage"],"@id":"https:\/\/www.purejewels.com\/product\/22ct-gold-initial-l-pendant-25537\/","url":"https:\/\/www.purejewels.com\/product\/22ct-gold-initial-l-pendant-25537\/","name":"22 Ayar Alt\u0131n L Harfi Kolye Ucu: Zamans\u0131z Bir Ba\u015f Harf Kolyesi, Purejewels","isPartOf":{"@id":"https:\/\/www.purejewels.com\/#website"},"primaryImageOfPage":{"@id":"https:\/\/www.purejewels.com\/product\/22ct-gold-initial-l-pendant-25537\/#primaryimage"},"image":{"@id":"https:\/\/www.purejewels.com\/product\/22ct-gold-initial-l-pendant-25537\/#primaryimage"},"thumbnailUrl":"https:\/\/static.purejewels.com\/wp-content\/uploads\/2023\/07\/SKU-25537-scaled.jpg","datePublished":"2023-07-06T04:12:02+00:00","dateModified":"2026-01-06T08:09:26+00:00","description":"L harfli 22 Ayar Alt\u0131n Alfabe Kolyenizi bug\u00fcn al\u0131n ve ola\u011fan\u00fcst\u00fc farkl\u0131l\u0131\u011f\u0131 ilk elden ke\u015ffedin! Birle\u015fik Krall\u0131k i\u00e7inde \u00fccretsiz teslimat\u0131n keyfini \u00e7\u0131kar\u0131n.","breadcrumb":{"@id":"https:\/\/www.purejewels.com\/product\/22ct-gold-initial-l-pendant-25537\/#breadcrumb"},"inLanguage":"tr","potentialAction":[{"@type":"ReadAction","target":["https:\/\/www.purejewels.com\/product\/22ct-gold-initial-l-pendant-25537\/"]}]},{"@type":"ImageObject","inLanguage":"tr","@id":"https:\/\/www.purejewels.com\/product\/22ct-gold-initial-l-pendant-25537\/#primaryimage","url":"https:\/\/static.purejewels.com\/wp-content\/uploads\/2023\/07\/SKU-25537-scaled.jpg","contentUrl":"https:\/\/static.purejewels.com\/wp-content\/uploads\/2023\/07\/SKU-25537-scaled.jpg","width":2560,"height":2560,"caption":"22ct Gold Initial L Pendant"},{"@type":"BreadcrumbList","@id":"https:\/\/www.purejewels.com\/product\/22ct-gold-initial-l-pendant-25537\/#breadcrumb","itemListElement":[{"@type":"ListItem","position":1,"name":"Home","item":"https:\/\/www.purejewels.com\/"},{"@type":"ListItem","position":2,"name":"Shop","item":"https:\/\/www.purejewels.com\/shop\/"},{"@type":"ListItem","position":3,"name":"22ct Gold Initial L Pendant | Unisex"}]},{"@type":"WebSite","@id":"https:\/\/www.purejewels.com\/#website","url":"https:\/\/www.purejewels.com\/","name":"PureJewels \u0130ngiltere","description":"Sevgiyi Payla\u015f\u0131n","publisher":{"@id":"https:\/\/www.purejewels.com\/#organization"},"potentialAction":[{"@type":"SearchAction","target":{"@type":"EntryPoint","urlTemplate":"https:\/\/www.purejewels.com\/?s={search_term_string}"},"query-input":{"@type":"PropertyValueSpecification","valueRequired":true,"valueName":"search_term_string"}}],"inLanguage":"tr"},{"@type":"Organization","@id":"https:\/\/www.purejewels.com\/#organization","name":"PureJewels \u0130ngiltere","url":"https:\/\/www.purejewels.com\/","logo":{"@type":"ImageObject","inLanguage":"tr","@id":"https:\/\/www.purejewels.com\/#\/schema\/logo\/image\/","url":"https:\/\/static.purejewels.com\/wp-content\/uploads\/2020\/11\/Logo-PJ-New-1.png","contentUrl":"https:\/\/static.purejewels.com\/wp-content\/uploads\/2020\/11\/Logo-PJ-New-1.png","width":150,"height":80,"caption":"PureJewels UK"},"image":{"@id":"https:\/\/www.purejewels.com\/#\/schema\/logo\/image\/"}}]}},"_links":{"self":[{"href":"https:\/\/www.purejewels.com\/tr\/wp-json\/wp\/v2\/product\/348373","targetHints":{"allow":["GET"]}}],"collection":[{"href":"https:\/\/www.purejewels.com\/tr\/wp-json\/wp\/v2\/product"}],"about":[{"href":"https:\/\/www.purejewels.com\/tr\/wp-json\/wp\/v2\/types\/product"}],"replies":[{"embeddable":true,"href":"https:\/\/www.purejewels.com\/tr\/wp-json\/wp\/v2\/comments?post=348373"}],"version-history":[{"count":2,"href":"https:\/\/www.purejewels.com\/tr\/wp-json\/wp\/v2\/product\/348373\/revisions"}],"predecessor-version":[{"id":400759,"href":"https:\/\/www.purejewels.com\/tr\/wp-json\/wp\/v2\/product\/348373\/revisions\/400759"}],"wp:featuredmedia":[{"embeddable":true,"href":"https:\/\/www.purejewels.com\/tr\/wp-json\/wp\/v2\/media\/348375"}],"wp:attachment":[{"href":"https:\/\/www.purejewels.com\/tr\/wp-json\/wp\/v2\/media?parent=348373"}],"wp:term":[{"taxonomy":"product_brand","embeddable":true,"href":"https:\/\/www.purejewels.com\/tr\/wp-json\/wp\/v2\/product_brand?post=348373"},{"taxonomy":"product_cat","embeddable":true,"href":"https:\/\/www.purejewels.com\/tr\/wp-json\/wp\/v2\/product_cat?post=348373"},{"taxonomy":"product_tag","embeddable":true,"href":"https:\/\/www.purejewels.com\/tr\/wp-json\/wp\/v2\/product_tag?post=348373"}],"curies":[{"name":"wp","href":"https:\/\/api.w.org\/{rel}","templated":true}]}}