{"id":348394,"date":"2023-07-06T09:06:05","date_gmt":"2023-07-06T08:06:05","guid":{"rendered":"https:\/\/www.purejewels.com\/?post_type=product&#038;p=348394"},"modified":"2026-05-08T10:09:07","modified_gmt":"2026-05-08T09:09:07","slug":"22-ayar-altin-sikh-guru-nanak-kolye-ucu","status":"publish","type":"product","link":"https:\/\/www.purejewels.com\/tr\/product\/22ct-gold-sikh-guru-nanak-pendant\/","title":{"rendered":"22 Ayar Alt\u0131n Sih Guru Nanak Kolye"},"content":{"rendered":"<p><strong>\u015eekillendirme &amp; Hediyele\u015fme<\/strong><\/p>\n<p>Kalbe yak\u0131n tak\u0131lmak \u00fczere tasarlanan bu kolye ucu, g\u00fcnl\u00fck adanm\u0131\u015fl\u0131k giyimi i\u00e7in ince alt\u0131n zincirlerle g\u00fczel bir \u015fekilde e\u015fle\u015fir. Manevi \u00f6nemi, onu dini kutlamalar, do\u011fum g\u00fcnleri, aile d\u00f6n\u00fcm noktalar\u0131 ve ki\u015fisel d\u00fc\u015f\u00fcnme anlar\u0131 i\u00e7in d\u00fc\u015f\u00fcnceli bir hediye haline getirir. Sih miras\u0131n\u0131 onurland\u0131ran ve nesiller boyu anlam ta\u015f\u0131yan de\u011ferli bir hat\u0131ra.<\/p>","protected":false},"excerpt":{"rendered":"<p>Sih inanc\u0131n\u0131n, miras\u0131n\u0131n ve ruhani ba\u011flant\u0131s\u0131n\u0131n anlaml\u0131 bir ifadesi olarak tasarlanm\u0131\u015f, Guru Nanak'\u0131n ayr\u0131nt\u0131l\u0131 bir portresini i\u00e7eren 22 ayar alt\u0131n adanm\u0131\u015fl\u0131k kolyesi.<\/p>\n<div class=\"woocommerce-product-details__short-description\">\n<table class=\"sh_desc\">\n<tbody>\n<tr>\n<td>Kolye Tipi<\/td>\n<td>22 Ayar Alt\u0131n \u015e\u0131h Kolye<\/td>\n<\/tr>\n<tr>\n<td>SKU<\/td>\n<td>9968<\/td>\n<\/tr>\n<tr>\n<td>A\u011f\u0131rl\u0131k<\/td>\n<td>5.2 Gms<\/td>\n<\/tr>\n<tr>\n<td>Metal<\/td>\n<td>22 Ayar Alt\u0131n<\/td>\n<\/tr>\n<tr>\n<td>Zincir<\/td>\n<td>Zincir dahil de\u011fildir<\/td>\n<\/tr>\n<tr>\n<td>Zincir Tipi<\/td>\n<td>Resimde g\u00f6sterilen Zincir bir <strong>Spiga Zincir<\/strong><\/td>\n<\/tr>\n<tr>\n<td>\u00dccretler<\/td>\n<td>Teslimat ve KDV Dahil<\/td>\n<\/tr>\n<tr>\n<td>Paketleme<\/td>\n<td>Sunum Kutusu ile Birlikte Gelir<\/td>\n<\/tr>\n<tr>\n<td>Daha Fazla Bilgi<\/td>\n<td>M\u00fcsaitlik durumu ve daha fazla resim i\u00e7in bizimle canl\u0131 sohbet edin<\/td>\n<\/tr>\n<\/tbody>\n<\/table>\n<\/div>","protected":false},"featured_media":348395,"comment_status":"closed","ping_status":"closed","template":"","meta":{"_eb_attr":"","_crsspst_to_jayantr4sg-hostcom":false},"product_brand":[],"product_cat":[1229,1255,1767,1572,1768,1701],"product_tag":[],"class_list":{"0":"post-348394","1":"product","2":"type-product","3":"status-publish","4":"has-post-thumbnail","6":"product_cat-22ct-gold-jewellery","7":"product_cat-gold-pendants","8":"product_cat-ladies-pendants","9":"product_cat-mens-jewellery","10":"product_cat-mens-pendants","11":"product_cat-religious-pendants","13":"first","14":"instock","15":"taxable","16":"shipping-taxable","17":"purchasable","18":"product-type-simple","19":"add-to-wishlist-before_image"},"yoast_head":"<!-- This site is optimized with the Yoast SEO plugin v27.5 - https:\/\/yoast.com\/product\/yoast-seo-wordpress\/ -->\n<title>22ct Gold Sikh Guru Nanak Pendant | PureJewels UK<\/title>\n<meta name=\"description\" content=\"Shop the 22ct Gold Sikh Guru Nanak Pendant from PureJewels UK. A hallmarked devotional pendant crafted in radiant 22ct gold with detailed portrait artistry.\" \/>\n<meta name=\"robots\" content=\"index, follow, max-snippet:-1, max-image-preview:large, max-video-preview:-1\" \/>\n<link rel=\"canonical\" href=\"https:\/\/www.purejewels.com\/tr\/urun\/22-ayar-altin-sikh-guru-nanak-kolye-ucu\/\" \/>\n<meta property=\"og:locale\" content=\"tr_TR\" \/>\n<meta property=\"og:type\" content=\"article\" \/>\n<meta property=\"og:title\" content=\"22ct Gold Sikh Guru Nanak Pendant | PureJewels UK\" \/>\n<meta property=\"og:description\" content=\"Shop the 22ct Gold Sikh Guru Nanak Pendant from PureJewels UK. A hallmarked devotional pendant crafted in radiant 22ct gold with detailed portrait artistry.\" \/>\n<meta property=\"og:url\" content=\"https:\/\/www.purejewels.com\/tr\/urun\/22-ayar-altin-sikh-guru-nanak-kolye-ucu\/\" \/>\n<meta property=\"og:site_name\" content=\"PureJewels UK\" \/>\n<meta property=\"article:modified_time\" content=\"2026-05-08T09:09:07+00:00\" \/>\n<meta property=\"og:image\" content=\"https:\/\/static.purejewels.com\/wp-content\/uploads\/2023\/07\/SKU-9968-scaled.jpg\" \/>\n\t<meta property=\"og:image:width\" content=\"2560\" \/>\n\t<meta property=\"og:image:height\" content=\"2560\" \/>\n\t<meta property=\"og:image:type\" content=\"image\/jpeg\" \/>\n<meta name=\"twitter:card\" content=\"summary_large_image\" \/>\n<meta name=\"twitter:label1\" content=\"Tahmini okuma s\u00fcresi\" \/>\n\t<meta name=\"twitter:data1\" content=\"1 dakika\" \/>\n<script type=\"application\/ld+json\" class=\"yoast-schema-graph\">{\"@context\":\"https:\\\/\\\/schema.org\",\"@graph\":[{\"@type\":[\"WebPage\",\"ItemPage\"],\"@id\":\"https:\\\/\\\/www.purejewels.com\\\/product\\\/22ct-gold-sikh-guru-nanak-pendant\\\/\",\"url\":\"https:\\\/\\\/www.purejewels.com\\\/product\\\/22ct-gold-sikh-guru-nanak-pendant\\\/\",\"name\":\"22ct Gold Sikh Guru Nanak Pendant | PureJewels UK\",\"isPartOf\":{\"@id\":\"https:\\\/\\\/www.purejewels.com\\\/#website\"},\"primaryImageOfPage\":{\"@id\":\"https:\\\/\\\/www.purejewels.com\\\/product\\\/22ct-gold-sikh-guru-nanak-pendant\\\/#primaryimage\"},\"image\":{\"@id\":\"https:\\\/\\\/www.purejewels.com\\\/product\\\/22ct-gold-sikh-guru-nanak-pendant\\\/#primaryimage\"},\"thumbnailUrl\":\"https:\\\/\\\/static.purejewels.com\\\/wp-content\\\/uploads\\\/2023\\\/07\\\/SKU-9968-scaled.jpg\",\"datePublished\":\"2023-07-06T08:06:05+00:00\",\"dateModified\":\"2026-05-08T09:09:07+00:00\",\"description\":\"Shop the 22ct Gold Sikh Guru Nanak Pendant from PureJewels UK. A hallmarked devotional pendant crafted in radiant 22ct gold with detailed portrait artistry.\",\"breadcrumb\":{\"@id\":\"https:\\\/\\\/www.purejewels.com\\\/product\\\/22ct-gold-sikh-guru-nanak-pendant\\\/#breadcrumb\"},\"inLanguage\":\"tr\",\"potentialAction\":[{\"@type\":\"ReadAction\",\"target\":[\"https:\\\/\\\/www.purejewels.com\\\/product\\\/22ct-gold-sikh-guru-nanak-pendant\\\/\"]}]},{\"@type\":\"ImageObject\",\"inLanguage\":\"tr\",\"@id\":\"https:\\\/\\\/www.purejewels.com\\\/product\\\/22ct-gold-sikh-guru-nanak-pendant\\\/#primaryimage\",\"url\":\"https:\\\/\\\/static.purejewels.com\\\/wp-content\\\/uploads\\\/2023\\\/07\\\/SKU-9968-scaled.jpg\",\"contentUrl\":\"https:\\\/\\\/static.purejewels.com\\\/wp-content\\\/uploads\\\/2023\\\/07\\\/SKU-9968-scaled.jpg\",\"width\":2560,\"height\":2560,\"caption\":\"22ct Gold Shikh Religious Pendant\"},{\"@type\":\"BreadcrumbList\",\"@id\":\"https:\\\/\\\/www.purejewels.com\\\/product\\\/22ct-gold-sikh-guru-nanak-pendant\\\/#breadcrumb\",\"itemListElement\":[{\"@type\":\"ListItem\",\"position\":1,\"name\":\"Home\",\"item\":\"https:\\\/\\\/www.purejewels.com\\\/\"},{\"@type\":\"ListItem\",\"position\":2,\"name\":\"Shop\",\"item\":\"https:\\\/\\\/www.purejewels.com\\\/shop\\\/\"},{\"@type\":\"ListItem\",\"position\":3,\"name\":\"22ct Gold Sikh Guru Nanak Pendant\"}]},{\"@type\":\"WebSite\",\"@id\":\"https:\\\/\\\/www.purejewels.com\\\/#website\",\"url\":\"https:\\\/\\\/www.purejewels.com\\\/\",\"name\":\"PureJewels UK\",\"description\":\"Share the Love\",\"publisher\":{\"@id\":\"https:\\\/\\\/www.purejewels.com\\\/#organization\"},\"potentialAction\":[{\"@type\":\"SearchAction\",\"target\":{\"@type\":\"EntryPoint\",\"urlTemplate\":\"https:\\\/\\\/www.purejewels.com\\\/?s={search_term_string}\"},\"query-input\":{\"@type\":\"PropertyValueSpecification\",\"valueRequired\":true,\"valueName\":\"search_term_string\"}}],\"inLanguage\":\"tr\"},{\"@type\":\"Organization\",\"@id\":\"https:\\\/\\\/www.purejewels.com\\\/#organization\",\"name\":\"PureJewels UK\",\"url\":\"https:\\\/\\\/www.purejewels.com\\\/\",\"logo\":{\"@type\":\"ImageObject\",\"inLanguage\":\"tr\",\"@id\":\"https:\\\/\\\/www.purejewels.com\\\/#\\\/schema\\\/logo\\\/image\\\/\",\"url\":\"https:\\\/\\\/static.purejewels.com\\\/wp-content\\\/uploads\\\/2020\\\/11\\\/Logo-PJ-New-1.png\",\"contentUrl\":\"https:\\\/\\\/static.purejewels.com\\\/wp-content\\\/uploads\\\/2020\\\/11\\\/Logo-PJ-New-1.png\",\"width\":150,\"height\":80,\"caption\":\"PureJewels UK\"},\"image\":{\"@id\":\"https:\\\/\\\/www.purejewels.com\\\/#\\\/schema\\\/logo\\\/image\\\/\"}}]}<\/script>\n<!-- \/ Yoast SEO plugin. -->","yoast_head_json":{"title":"22 Ayar Alt\u0131n Sih Guru Nanak Kolye Ucu | PureJewels UK","description":"PureJewels UK'den 22 ayar alt\u0131n Sih Guru Nanak kolye ucunu sat\u0131n al\u0131n. Detayl\u0131 portre sanat\u0131 ile 22 ayar parlak alt\u0131ndan haz\u0131rlanm\u0131\u015f, damgal\u0131 bir adanm\u0131\u015fl\u0131k kolyesi.","robots":{"index":"index","follow":"follow","max-snippet":"max-snippet:-1","max-image-preview":"max-image-preview:large","max-video-preview":"max-video-preview:-1"},"canonical":"https:\/\/www.purejewels.com\/tr\/urun\/22-ayar-altin-sikh-guru-nanak-kolye-ucu\/","og_locale":"tr_TR","og_type":"article","og_title":"22ct Gold Sikh Guru Nanak Pendant | PureJewels UK","og_description":"Shop the 22ct Gold Sikh Guru Nanak Pendant from PureJewels UK. A hallmarked devotional pendant crafted in radiant 22ct gold with detailed portrait artistry.","og_url":"https:\/\/www.purejewels.com\/tr\/urun\/22-ayar-altin-sikh-guru-nanak-kolye-ucu\/","og_site_name":"PureJewels UK","article_modified_time":"2026-05-08T09:09:07+00:00","og_image":[{"width":2560,"height":2560,"url":"https:\/\/static.purejewels.com\/wp-content\/uploads\/2023\/07\/SKU-9968-scaled.jpg","type":"image\/jpeg"}],"twitter_card":"summary_large_image","twitter_misc":{"Tahmini okuma s\u00fcresi":"1 dakika"},"schema":{"@context":"https:\/\/schema.org","@graph":[{"@type":["WebPage","ItemPage"],"@id":"https:\/\/www.purejewels.com\/product\/22ct-gold-sikh-guru-nanak-pendant\/","url":"https:\/\/www.purejewels.com\/product\/22ct-gold-sikh-guru-nanak-pendant\/","name":"22 Ayar Alt\u0131n Sih Guru Nanak Kolye Ucu | PureJewels UK","isPartOf":{"@id":"https:\/\/www.purejewels.com\/#website"},"primaryImageOfPage":{"@id":"https:\/\/www.purejewels.com\/product\/22ct-gold-sikh-guru-nanak-pendant\/#primaryimage"},"image":{"@id":"https:\/\/www.purejewels.com\/product\/22ct-gold-sikh-guru-nanak-pendant\/#primaryimage"},"thumbnailUrl":"https:\/\/static.purejewels.com\/wp-content\/uploads\/2023\/07\/SKU-9968-scaled.jpg","datePublished":"2023-07-06T08:06:05+00:00","dateModified":"2026-05-08T09:09:07+00:00","description":"PureJewels UK'den 22 ayar alt\u0131n Sih Guru Nanak kolye ucunu sat\u0131n al\u0131n. Detayl\u0131 portre sanat\u0131 ile 22 ayar parlak alt\u0131ndan haz\u0131rlanm\u0131\u015f, damgal\u0131 bir adanm\u0131\u015fl\u0131k kolyesi.","breadcrumb":{"@id":"https:\/\/www.purejewels.com\/product\/22ct-gold-sikh-guru-nanak-pendant\/#breadcrumb"},"inLanguage":"tr","potentialAction":[{"@type":"ReadAction","target":["https:\/\/www.purejewels.com\/product\/22ct-gold-sikh-guru-nanak-pendant\/"]}]},{"@type":"ImageObject","inLanguage":"tr","@id":"https:\/\/www.purejewels.com\/product\/22ct-gold-sikh-guru-nanak-pendant\/#primaryimage","url":"https:\/\/static.purejewels.com\/wp-content\/uploads\/2023\/07\/SKU-9968-scaled.jpg","contentUrl":"https:\/\/static.purejewels.com\/wp-content\/uploads\/2023\/07\/SKU-9968-scaled.jpg","width":2560,"height":2560,"caption":"22ct Gold Shikh Religious Pendant"},{"@type":"BreadcrumbList","@id":"https:\/\/www.purejewels.com\/product\/22ct-gold-sikh-guru-nanak-pendant\/#breadcrumb","itemListElement":[{"@type":"ListItem","position":1,"name":"Home","item":"https:\/\/www.purejewels.com\/"},{"@type":"ListItem","position":2,"name":"Shop","item":"https:\/\/www.purejewels.com\/shop\/"},{"@type":"ListItem","position":3,"name":"22ct Gold Sikh Guru Nanak Pendant"}]},{"@type":"WebSite","@id":"https:\/\/www.purejewels.com\/#website","url":"https:\/\/www.purejewels.com\/","name":"PureJewels \u0130ngiltere","description":"Sevgiyi Payla\u015f\u0131n","publisher":{"@id":"https:\/\/www.purejewels.com\/#organization"},"potentialAction":[{"@type":"SearchAction","target":{"@type":"EntryPoint","urlTemplate":"https:\/\/www.purejewels.com\/?s={search_term_string}"},"query-input":{"@type":"PropertyValueSpecification","valueRequired":true,"valueName":"search_term_string"}}],"inLanguage":"tr"},{"@type":"Organization","@id":"https:\/\/www.purejewels.com\/#organization","name":"PureJewels \u0130ngiltere","url":"https:\/\/www.purejewels.com\/","logo":{"@type":"ImageObject","inLanguage":"tr","@id":"https:\/\/www.purejewels.com\/#\/schema\/logo\/image\/","url":"https:\/\/static.purejewels.com\/wp-content\/uploads\/2020\/11\/Logo-PJ-New-1.png","contentUrl":"https:\/\/static.purejewels.com\/wp-content\/uploads\/2020\/11\/Logo-PJ-New-1.png","width":150,"height":80,"caption":"PureJewels UK"},"image":{"@id":"https:\/\/www.purejewels.com\/#\/schema\/logo\/image\/"}}]}},"_links":{"self":[{"href":"https:\/\/www.purejewels.com\/tr\/wp-json\/wp\/v2\/product\/348394","targetHints":{"allow":["GET"]}}],"collection":[{"href":"https:\/\/www.purejewels.com\/tr\/wp-json\/wp\/v2\/product"}],"about":[{"href":"https:\/\/www.purejewels.com\/tr\/wp-json\/wp\/v2\/types\/product"}],"replies":[{"embeddable":true,"href":"https:\/\/www.purejewels.com\/tr\/wp-json\/wp\/v2\/comments?post=348394"}],"version-history":[{"count":2,"href":"https:\/\/www.purejewels.com\/tr\/wp-json\/wp\/v2\/product\/348394\/revisions"}],"predecessor-version":[{"id":429586,"href":"https:\/\/www.purejewels.com\/tr\/wp-json\/wp\/v2\/product\/348394\/revisions\/429586"}],"wp:featuredmedia":[{"embeddable":true,"href":"https:\/\/www.purejewels.com\/tr\/wp-json\/wp\/v2\/media\/348395"}],"wp:attachment":[{"href":"https:\/\/www.purejewels.com\/tr\/wp-json\/wp\/v2\/media?parent=348394"}],"wp:term":[{"taxonomy":"product_brand","embeddable":true,"href":"https:\/\/www.purejewels.com\/tr\/wp-json\/wp\/v2\/product_brand?post=348394"},{"taxonomy":"product_cat","embeddable":true,"href":"https:\/\/www.purejewels.com\/tr\/wp-json\/wp\/v2\/product_cat?post=348394"},{"taxonomy":"product_tag","embeddable":true,"href":"https:\/\/www.purejewels.com\/tr\/wp-json\/wp\/v2\/product_tag?post=348394"}],"curies":[{"name":"wp","href":"https:\/\/api.w.org\/{rel}","templated":true}]}}