{"id":3486,"date":"2017-07-19T13:13:56","date_gmt":"2017-07-19T12:13:56","guid":{"rendered":"http:\/\/new.purejewels.com\/product\/floralia-earrings\/"},"modified":"2026-01-06T06:57:52","modified_gmt":"2026-01-06T06:57:52","slug":"floralia-kupeler","status":"publish","type":"product","link":"https:\/\/www.purejewels.com\/tr\/product\/floralia-earrings\/","title":{"rendered":"18 Ayar Beyaz Alt\u0131n Floralia K\u00fcpe"},"content":{"rendered":"<ul>\n<li><a href=\"https:\/\/www.purejewels.com\/tr\/product\/18ct-white-gold-diamond-ring-for-ladies-8775\/\">18 ayar beyaz alt\u0131n<\/a>\u00a0 Floralia <a href=\"https:\/\/www.purejewels.com\/tr\/product\/22ct-gold-ladies-stud-earring-with-rhodium-finish-46497\/\">K\u00fcpe<\/a><\/li>\n<li>P\u0131rlanta 0,75 ct, Akuamarin- 3,03 ct<\/li>\n<li>SKU 15801<\/li>\n<\/ul>\n<p>&nbsp;<\/p>","protected":false},"excerpt":{"rendered":"<ul>\n<li>18 ayar beyaz alt\u0131n Floralia K\u00fcpe<\/li>\n<li>P\u0131rlanta 0,75 ct, Akuamarin- 3,03 ct<\/li>\n<li>Pembe turmalin, ye\u015fil turmalin ve morganitten olu\u015fturulabilir<\/li>\n<li>London Assay Office taraf\u0131ndan damgalanm\u0131\u015ft\u0131r<\/li>\n<li>Sunum Kutusu ile Birlikte Gelir<\/li>\n<li>Teslimat Dahil<\/li>\n<li>T\u00fcm fiyatlara KDV dahildir<\/li>\n<li>Stok durumu ve stokta bulunan benzer tasar\u0131mlar\u0131n daha fazla g\u00f6r\u00fcnt\u00fcs\u00fc i\u00e7in bizimle canl\u0131 sohbet edin<\/li>\n<\/ul>\n<p><strong>Floralia beyaz alt\u0131n k\u00fcpeler<br \/>\n<\/strong>En g\u00fczel k\u00fcpelerimizden bir \u00e7iftle kendinizi \u015f\u0131mart\u0131n. P\u0131rlanta ve g\u00fczel akuamarin ile c\u00f6mert\u00e7e s\u00fcslenmi\u015f bu k\u00fcpeler, bu y\u0131lki t\u00fcm \u00f6zel etkinlikler i\u00e7in m\u00fckemmeldir...<\/p>\n<p><em>Floralia<\/em> akuamarin renginde organik k\u0131vr\u0131mlar ve utanga\u00e7 tomurcuklarla dolu bir koleksiyon.  Gece a\u00e7an yaseminlerle dolu yemye\u015fil bir bah\u00e7ede bir y\u00fcr\u00fcy\u00fc\u015f.  En iyi 18 ayar beyaz alt\u0131ndan \u00fcretilen <em>Floralia<\/em> K\u00fcpeler PureJewels ekibi taraf\u0131ndan tasarlanm\u0131\u015ft\u0131r.<\/p>\n<p>Her biri yar\u0131m karat akuamarin ve g\u00f6z kama\u015ft\u0131r\u0131c\u0131 0,37 ct p\u0131rlantadan olu\u015fuyor.  Kulaklar\u0131n\u0131zdaki bu saray gibi damlalarla kendinizi bir Hint prensesi gibi hissedeceksiniz.<\/p>\n<p><strong>Floralia by PureJewels<br \/>\n<\/strong>Onlar\u0131 kendiniz yap\u0131n.  Ta\u015f\u0131n\u0131z i\u00e7in bir ta\u015f se\u00e7in <em>Floralia<\/em> k\u00fcpeler - sipari\u015f \u00fczerine \u00fcretilirler, bu da ki\u015fisel bir dokunu\u015f ekleyebilece\u011finiz anlam\u0131na gelir.  \u015e\u0131k pembe turmalin, keskin ye\u015fil turmalin veya yumu\u015fak morganit aras\u0131ndan se\u00e7im yap\u0131n.  Kalbinizi \u00e7arpt\u0131ran renkleri se\u00e7in.  K\u00fcpeleriniz tamamen size \u00f6zel bir g\u00f6r\u00fcn\u00fcme sahip olacak.<\/p>\n<p>ile bir set olu\u015fturuyorsan\u0131z <em>Floralia<\/em> ve karde\u015f koleksiyonlar\u0131, <em>K\u0131r \u00c7i\u00e7e\u011fi<\/em> ve <em>Liana<\/em>o zaman iki veya daha fazla farkl\u0131 ta\u015f se\u00e7meyi d\u00fc\u015f\u00fcn\u00fcn.  En sevdiklerinizden olu\u015fan canl\u0131 bir koleksiyona sahip olabilirsiniz.<\/p>\n<p><em>Stok ve teslimat s\u00fcreleri hakk\u0131nda bilgi almak i\u00e7in ileti\u015fime ge\u00e7in.\u00a0 <\/em>Genellikle buraday\u0131z!  Sorunuzu Canl\u0131 Sohbet arac\u0131l\u0131\u011f\u0131yla bize g\u00f6nderin veya PureJewels ailesinden biriyle konu\u015fmak i\u00e7in ma\u011fazay\u0131 aray\u0131n.   Daha da iyisi, chai i\u00e7meye gelmek i\u00e7in randevu al\u0131n.<\/p>","protected":false},"featured_media":3487,"comment_status":"closed","ping_status":"closed","template":"","meta":{"_eb_attr":"","_crsspst_to_jayantr4sg-hostcom":false},"product_brand":[],"product_cat":[1685,253,1537],"product_tag":[],"class_list":{"0":"post-3486","1":"product","2":"type-product","3":"status-publish","4":"has-post-thumbnail","6":"product_cat-drop-earrings","7":"product_cat-floralia-collections","8":"product_cat-white-gold-jewellery-set","10":"first","11":"outofstock","12":"product-type-simple","13":"add-to-wishlist-before_image"},"yoast_head":"<!-- This site is optimized with the Yoast SEO plugin v27.5 - https:\/\/yoast.com\/product\/yoast-seo-wordpress\/ -->\n<title>18ct White Gold Floralia Earrings - PureJewels UK<\/title>\n<meta name=\"robots\" content=\"index, follow, max-snippet:-1, max-image-preview:large, max-video-preview:-1\" \/>\n<link rel=\"canonical\" href=\"https:\/\/www.purejewels.com\/tr\/urun\/floralia-kupeler\/\" \/>\n<meta property=\"og:locale\" content=\"tr_TR\" \/>\n<meta property=\"og:type\" content=\"article\" \/>\n<meta property=\"og:title\" content=\"18ct White Gold Floralia Earrings - PureJewels UK\" \/>\n<meta property=\"og:description\" content=\"18ct white gold\u00a0 Floralia Earring  Diamonds 0.75 ct , Aquamarines- 3.03 ct  Can be created in pink tourmaline,green tourmaline and morganite  Hallmarked by London Assay Office  Comes With Presentation Box  Delivery Included  All prices include VAT  Live chat with us for availability and more images of similar designs currently in stock  Floralia white gold earrings Indulge in a pair of our most beautiful earrings. Lavishly adorned with diamonds and pretty aquamarine, they\u2019re perfect for any special event this year\u2026  Floralia is a collection filled with organic swirls and shy buds in aquamarine.\u00a0 It is a walk in a lush garden filled with night-blooming jasmine.\u00a0 Crafted from finest 18ct white gold, our Floralia earrings have been designed by the PureJewels team.  Each one is set with half a carat of aquamarine and a dazzling 0.37ct of diamonds.\u00a0 You\u2019ll feel like an Indian princess with these palatial drops in your ears.  Floralia by PureJewels Make them yours.\u00a0 Choose a stone for your Floralia earrings \u2013 they are made to order, which means you can add a personal twist.\u00a0 Choose from chic pink tourmaline, sharp green tourmaline, or mellow morganite.\u00a0 Choose the colours that make your heart beat.\u00a0 Your earrings will have a completely bespoke look that\u2019s personal to you.  If you\u2019re building a set with Floralia and its sister collections, Wildflower and Liana, then consider choosing two or more different stones.\u00a0 You could have a vibrant collection of your favourites.  To find out about stock and delivery times, get in touch.\u00a0 We\u2019re usually here!\u00a0 Send us your question via Live Chat or call the store to talk to one of the PureJewels family.\u00a0 \u00a0Even better, make an appointment to come in for chai.\" \/>\n<meta property=\"og:url\" content=\"https:\/\/www.purejewels.com\/tr\/urun\/floralia-kupeler\/\" \/>\n<meta property=\"og:site_name\" content=\"PureJewels UK\" \/>\n<meta property=\"article:modified_time\" content=\"2026-01-06T06:57:52+00:00\" \/>\n<meta property=\"og:image\" content=\"https:\/\/www.purejewels.com\/wp-content\/uploads\/2017\/07\/floralia-earrings-15801.jpg\" \/>\n\t<meta property=\"og:image:width\" content=\"960\" \/>\n\t<meta property=\"og:image:height\" content=\"960\" \/>\n\t<meta property=\"og:image:type\" content=\"image\/jpeg\" \/>\n<meta name=\"twitter:card\" content=\"summary_large_image\" \/>\n<meta name=\"twitter:label1\" content=\"Tahmini okuma s\u00fcresi\" \/>\n\t<meta name=\"twitter:data1\" content=\"1 dakika\" \/>\n<script type=\"application\/ld+json\" class=\"yoast-schema-graph\">{\"@context\":\"https:\\\/\\\/schema.org\",\"@graph\":[{\"@type\":[\"WebPage\",\"ItemPage\"],\"@id\":\"https:\\\/\\\/www.purejewels.com\\\/product\\\/floralia-earrings\\\/\",\"url\":\"https:\\\/\\\/www.purejewels.com\\\/product\\\/floralia-earrings\\\/\",\"name\":\"18ct White Gold Floralia Earrings - PureJewels UK\",\"isPartOf\":{\"@id\":\"https:\\\/\\\/www.purejewels.com\\\/#website\"},\"primaryImageOfPage\":{\"@id\":\"https:\\\/\\\/www.purejewels.com\\\/product\\\/floralia-earrings\\\/#primaryimage\"},\"image\":{\"@id\":\"https:\\\/\\\/www.purejewels.com\\\/product\\\/floralia-earrings\\\/#primaryimage\"},\"thumbnailUrl\":\"https:\\\/\\\/static.purejewels.com\\\/wp-content\\\/uploads\\\/2017\\\/07\\\/floralia-earrings-15801.jpg\",\"datePublished\":\"2017-07-19T12:13:56+00:00\",\"dateModified\":\"2026-01-06T06:57:52+00:00\",\"breadcrumb\":{\"@id\":\"https:\\\/\\\/www.purejewels.com\\\/product\\\/floralia-earrings\\\/#breadcrumb\"},\"inLanguage\":\"tr\",\"potentialAction\":[{\"@type\":\"ReadAction\",\"target\":[\"https:\\\/\\\/www.purejewels.com\\\/product\\\/floralia-earrings\\\/\"]}]},{\"@type\":\"ImageObject\",\"inLanguage\":\"tr\",\"@id\":\"https:\\\/\\\/www.purejewels.com\\\/product\\\/floralia-earrings\\\/#primaryimage\",\"url\":\"https:\\\/\\\/static.purejewels.com\\\/wp-content\\\/uploads\\\/2017\\\/07\\\/floralia-earrings-15801.jpg\",\"contentUrl\":\"https:\\\/\\\/static.purejewels.com\\\/wp-content\\\/uploads\\\/2017\\\/07\\\/floralia-earrings-15801.jpg\",\"width\":960,\"height\":960,\"caption\":\"floralia-earrings-15801.jpg\"},{\"@type\":\"BreadcrumbList\",\"@id\":\"https:\\\/\\\/www.purejewels.com\\\/product\\\/floralia-earrings\\\/#breadcrumb\",\"itemListElement\":[{\"@type\":\"ListItem\",\"position\":1,\"name\":\"Home\",\"item\":\"https:\\\/\\\/www.purejewels.com\\\/\"},{\"@type\":\"ListItem\",\"position\":2,\"name\":\"Shop\",\"item\":\"https:\\\/\\\/www.purejewels.com\\\/shop\\\/\"},{\"@type\":\"ListItem\",\"position\":3,\"name\":\"18ct White Gold Floralia Earrings\"}]},{\"@type\":\"WebSite\",\"@id\":\"https:\\\/\\\/www.purejewels.com\\\/#website\",\"url\":\"https:\\\/\\\/www.purejewels.com\\\/\",\"name\":\"PureJewels UK\",\"description\":\"Share the Love\",\"publisher\":{\"@id\":\"https:\\\/\\\/www.purejewels.com\\\/#organization\"},\"potentialAction\":[{\"@type\":\"SearchAction\",\"target\":{\"@type\":\"EntryPoint\",\"urlTemplate\":\"https:\\\/\\\/www.purejewels.com\\\/?s={search_term_string}\"},\"query-input\":{\"@type\":\"PropertyValueSpecification\",\"valueRequired\":true,\"valueName\":\"search_term_string\"}}],\"inLanguage\":\"tr\"},{\"@type\":\"Organization\",\"@id\":\"https:\\\/\\\/www.purejewels.com\\\/#organization\",\"name\":\"PureJewels UK\",\"url\":\"https:\\\/\\\/www.purejewels.com\\\/\",\"logo\":{\"@type\":\"ImageObject\",\"inLanguage\":\"tr\",\"@id\":\"https:\\\/\\\/www.purejewels.com\\\/#\\\/schema\\\/logo\\\/image\\\/\",\"url\":\"https:\\\/\\\/static.purejewels.com\\\/wp-content\\\/uploads\\\/2020\\\/11\\\/Logo-PJ-New-1.png\",\"contentUrl\":\"https:\\\/\\\/static.purejewels.com\\\/wp-content\\\/uploads\\\/2020\\\/11\\\/Logo-PJ-New-1.png\",\"width\":150,\"height\":80,\"caption\":\"PureJewels UK\"},\"image\":{\"@id\":\"https:\\\/\\\/www.purejewels.com\\\/#\\\/schema\\\/logo\\\/image\\\/\"}}]}<\/script>\n<!-- \/ Yoast SEO plugin. -->","yoast_head_json":{"title":"18 Ayar Beyaz Alt\u0131n Floralia K\u00fcpe - PureJewels UK","robots":{"index":"index","follow":"follow","max-snippet":"max-snippet:-1","max-image-preview":"max-image-preview:large","max-video-preview":"max-video-preview:-1"},"canonical":"https:\/\/www.purejewels.com\/tr\/urun\/floralia-kupeler\/","og_locale":"tr_TR","og_type":"article","og_title":"18ct White Gold Floralia Earrings - PureJewels UK","og_description":"18ct white gold\u00a0 Floralia Earring  Diamonds 0.75 ct , Aquamarines- 3.03 ct  Can be created in pink tourmaline,green tourmaline and morganite  Hallmarked by London Assay Office  Comes With Presentation Box  Delivery Included  All prices include VAT  Live chat with us for availability and more images of similar designs currently in stock  Floralia white gold earrings Indulge in a pair of our most beautiful earrings. Lavishly adorned with diamonds and pretty aquamarine, they\u2019re perfect for any special event this year\u2026  Floralia is a collection filled with organic swirls and shy buds in aquamarine.\u00a0 It is a walk in a lush garden filled with night-blooming jasmine.\u00a0 Crafted from finest 18ct white gold, our Floralia earrings have been designed by the PureJewels team.  Each one is set with half a carat of aquamarine and a dazzling 0.37ct of diamonds.\u00a0 You\u2019ll feel like an Indian princess with these palatial drops in your ears.  Floralia by PureJewels Make them yours.\u00a0 Choose a stone for your Floralia earrings \u2013 they are made to order, which means you can add a personal twist.\u00a0 Choose from chic pink tourmaline, sharp green tourmaline, or mellow morganite.\u00a0 Choose the colours that make your heart beat.\u00a0 Your earrings will have a completely bespoke look that\u2019s personal to you.  If you\u2019re building a set with Floralia and its sister collections, Wildflower and Liana, then consider choosing two or more different stones.\u00a0 You could have a vibrant collection of your favourites.  To find out about stock and delivery times, get in touch.\u00a0 We\u2019re usually here!\u00a0 Send us your question via Live Chat or call the store to talk to one of the PureJewels family.\u00a0 \u00a0Even better, make an appointment to come in for chai.","og_url":"https:\/\/www.purejewels.com\/tr\/urun\/floralia-kupeler\/","og_site_name":"PureJewels UK","article_modified_time":"2026-01-06T06:57:52+00:00","og_image":[{"width":960,"height":960,"url":"https:\/\/www.purejewels.com\/wp-content\/uploads\/2017\/07\/floralia-earrings-15801.jpg","type":"image\/jpeg"}],"twitter_card":"summary_large_image","twitter_misc":{"Tahmini okuma s\u00fcresi":"1 dakika"},"schema":{"@context":"https:\/\/schema.org","@graph":[{"@type":["WebPage","ItemPage"],"@id":"https:\/\/www.purejewels.com\/product\/floralia-earrings\/","url":"https:\/\/www.purejewels.com\/product\/floralia-earrings\/","name":"18 Ayar Beyaz Alt\u0131n Floralia K\u00fcpe - PureJewels UK","isPartOf":{"@id":"https:\/\/www.purejewels.com\/#website"},"primaryImageOfPage":{"@id":"https:\/\/www.purejewels.com\/product\/floralia-earrings\/#primaryimage"},"image":{"@id":"https:\/\/www.purejewels.com\/product\/floralia-earrings\/#primaryimage"},"thumbnailUrl":"https:\/\/static.purejewels.com\/wp-content\/uploads\/2017\/07\/floralia-earrings-15801.jpg","datePublished":"2017-07-19T12:13:56+00:00","dateModified":"2026-01-06T06:57:52+00:00","breadcrumb":{"@id":"https:\/\/www.purejewels.com\/product\/floralia-earrings\/#breadcrumb"},"inLanguage":"tr","potentialAction":[{"@type":"ReadAction","target":["https:\/\/www.purejewels.com\/product\/floralia-earrings\/"]}]},{"@type":"ImageObject","inLanguage":"tr","@id":"https:\/\/www.purejewels.com\/product\/floralia-earrings\/#primaryimage","url":"https:\/\/static.purejewels.com\/wp-content\/uploads\/2017\/07\/floralia-earrings-15801.jpg","contentUrl":"https:\/\/static.purejewels.com\/wp-content\/uploads\/2017\/07\/floralia-earrings-15801.jpg","width":960,"height":960,"caption":"floralia-earrings-15801.jpg"},{"@type":"BreadcrumbList","@id":"https:\/\/www.purejewels.com\/product\/floralia-earrings\/#breadcrumb","itemListElement":[{"@type":"ListItem","position":1,"name":"Home","item":"https:\/\/www.purejewels.com\/"},{"@type":"ListItem","position":2,"name":"Shop","item":"https:\/\/www.purejewels.com\/shop\/"},{"@type":"ListItem","position":3,"name":"18ct White Gold Floralia Earrings"}]},{"@type":"WebSite","@id":"https:\/\/www.purejewels.com\/#website","url":"https:\/\/www.purejewels.com\/","name":"PureJewels \u0130ngiltere","description":"Sevgiyi Payla\u015f\u0131n","publisher":{"@id":"https:\/\/www.purejewels.com\/#organization"},"potentialAction":[{"@type":"SearchAction","target":{"@type":"EntryPoint","urlTemplate":"https:\/\/www.purejewels.com\/?s={search_term_string}"},"query-input":{"@type":"PropertyValueSpecification","valueRequired":true,"valueName":"search_term_string"}}],"inLanguage":"tr"},{"@type":"Organization","@id":"https:\/\/www.purejewels.com\/#organization","name":"PureJewels \u0130ngiltere","url":"https:\/\/www.purejewels.com\/","logo":{"@type":"ImageObject","inLanguage":"tr","@id":"https:\/\/www.purejewels.com\/#\/schema\/logo\/image\/","url":"https:\/\/static.purejewels.com\/wp-content\/uploads\/2020\/11\/Logo-PJ-New-1.png","contentUrl":"https:\/\/static.purejewels.com\/wp-content\/uploads\/2020\/11\/Logo-PJ-New-1.png","width":150,"height":80,"caption":"PureJewels UK"},"image":{"@id":"https:\/\/www.purejewels.com\/#\/schema\/logo\/image\/"}}]}},"_links":{"self":[{"href":"https:\/\/www.purejewels.com\/tr\/wp-json\/wp\/v2\/product\/3486","targetHints":{"allow":["GET"]}}],"collection":[{"href":"https:\/\/www.purejewels.com\/tr\/wp-json\/wp\/v2\/product"}],"about":[{"href":"https:\/\/www.purejewels.com\/tr\/wp-json\/wp\/v2\/types\/product"}],"replies":[{"embeddable":true,"href":"https:\/\/www.purejewels.com\/tr\/wp-json\/wp\/v2\/comments?post=3486"}],"version-history":[{"count":0,"href":"https:\/\/www.purejewels.com\/tr\/wp-json\/wp\/v2\/product\/3486\/revisions"}],"wp:featuredmedia":[{"embeddable":true,"href":"https:\/\/www.purejewels.com\/tr\/wp-json\/wp\/v2\/media\/3487"}],"wp:attachment":[{"href":"https:\/\/www.purejewels.com\/tr\/wp-json\/wp\/v2\/media?parent=3486"}],"wp:term":[{"taxonomy":"product_brand","embeddable":true,"href":"https:\/\/www.purejewels.com\/tr\/wp-json\/wp\/v2\/product_brand?post=3486"},{"taxonomy":"product_cat","embeddable":true,"href":"https:\/\/www.purejewels.com\/tr\/wp-json\/wp\/v2\/product_cat?post=3486"},{"taxonomy":"product_tag","embeddable":true,"href":"https:\/\/www.purejewels.com\/tr\/wp-json\/wp\/v2\/product_tag?post=3486"}],"curies":[{"name":"wp","href":"https:\/\/api.w.org\/{rel}","templated":true}]}}