{"id":348722,"date":"2025-04-30T10:10:23","date_gmt":"2025-04-30T09:10:23","guid":{"rendered":"https:\/\/www.purejewels.com\/?post_type=product&#038;p=348722"},"modified":"2026-03-30T06:38:29","modified_gmt":"2026-03-30T05:38:29","slug":"18-ayar-beyaz-altin-erkek-bilezigi-17710","status":"publish","type":"product","link":"https:\/\/www.purejewels.com\/tr\/product\/18ct-white-gold-gents-bracelet-17710\/","title":{"rendered":"18 Ayar Beyaz Alt\u0131n Erkek Bileklik"},"content":{"rendered":"<p>Koleksiyonunuza eklemek i\u00e7in \u015f\u0131k ve sofistike bir aksesuar m\u0131 ar\u0131yorsunuz? Bizimkilerden ba\u015fkas\u0131na bakmay\u0131n <a href=\"https:\/\/www.purejewels.com\/tr\/product\/18ct-white-gold-diamond-ring-for-ladies-8775\/\">18 Ayar Beyaz Alt\u0131n<\/a> Beyler <a href=\"https:\/\/www.purejewels.com\/tr\/product-category\/22ct-gold-jewellery\/gold-bracelet\/\">Bilezik<\/a>. Bu \u00e7arp\u0131c\u0131 par\u00e7a, y\u00fcksek kaliteli malzemeden \u00fcretilmi\u015ftir. <a href=\"https:\/\/www.purejewels.com\/tr\/product\/18ct-white-gold-khanda-sikh-religious-pendant-6226\/\">18ct<\/a> alt\u0131n, orijinalli\u011fi i\u00e7in prestijli Londra Assay Ofisi taraf\u0131ndan damgalanm\u0131\u015ft\u0131r.<\/p>\n<p>Bu erkek bilekli\u011fi, ister \u00f6zel bir etkinlik i\u00e7in giyiniyor olun ister g\u00fcnl\u00fck g\u00f6r\u00fcn\u00fcm\u00fcn\u00fcz\u00fc daha da g\u00fczelle\u015ftirmek isteyin, her durum i\u00e7in m\u00fckemmel bir aksesuard\u0131r. Bu bilezi\u011fin \u015f\u0131k ve zamans\u0131z tasar\u0131m\u0131, onu her k\u0131yafetle giyilebilecek \u00e7ok y\u00f6nl\u00fc bir par\u00e7a haline getirir.<\/p>\n<p>12,9 gram a\u011f\u0131rl\u0131\u011f\u0131ndaki bu bileklik hem hafif hem de dayan\u0131kl\u0131 oldu\u011fundan g\u00fcn boyu rahatl\u0131kla tak\u0131labilir. G\u00fczel bir sunum kutusunda paketlenmi\u015f olarak gelir ve kendiniz ya da sevdi\u011finiz biri i\u00e7in m\u00fckemmel bir hediyedir.<\/p>\n<p>\u00dccretsiz takipli teslimat, g\u00fcvenli online \u00f6demeler ile g\u00fcvenle al\u0131\u015fveri\u015f yapabilirsiniz. Erkekler i\u00e7in olmazsa olmaz bu aksesuar\u0131 ka\u00e7\u0131rmay\u0131n. 18 ayar alt\u0131n bilekli\u011finizi bug\u00fcn sipari\u015f edin!<\/p>","protected":false},"excerpt":{"rendered":"<div class=\"woocommerce-product-details__short-description\">\n<table class=\"sh_desc\">\n<tbody>\n<tr>\n<td>Bilezik T\u00fcr\u00fc<\/td>\n<td>Erkek Bileklik<\/td>\n<\/tr>\n<tr>\n<td>SKU<\/td>\n<td>17710<\/td>\n<\/tr>\n<tr>\n<td>A\u011f\u0131rl\u0131k<\/td>\n<td>12.9 Gms<\/td>\n<\/tr>\n<tr>\n<td>Metal<\/td>\n<td>18 Ayar Alt\u0131n (Londra Tahlil Ofisi taraf\u0131ndan damgalanm\u0131\u015ft\u0131r)<\/td>\n<\/tr>\n<tr>\n<td>\u00dccretler<\/td>\n<td>Teslimat ve KDV Dahil<\/td>\n<\/tr>\n<tr>\n<td>Paketleme<\/td>\n<td>Sunum Kutusu ile Birlikte Gelir<\/td>\n<\/tr>\n<tr>\n<td>Daha Fazla Bilgi<\/td>\n<td>M\u00fcsaitlik durumu ve daha fazla resim i\u00e7in bizimle canl\u0131 sohbet edin<\/td>\n<\/tr>\n<\/tbody>\n<\/table>\n<\/div>","protected":false},"featured_media":348723,"comment_status":"closed","ping_status":"closed","template":"","meta":{"_eb_attr":"","_crsspst_to_jayantr4sg-hostcom":false},"product_brand":[],"product_cat":[6088,5679,6057,1571,1324,1572,1628,5348],"product_tag":[],"class_list":{"0":"post-348722","1":"product","2":"type-product","3":"status-publish","4":"has-post-thumbnail","6":"product_cat-18ct-gold-bracelet","7":"product_cat-18ct-gold-jewellery","8":"product_cat-chain-bracelet","9":"product_cat-fathers-day-gifts","10":"product_cat-gold-bracelet","11":"product_cat-mens-jewellery","12":"product_cat-mens-bracelet","13":"product_cat-white-gold-jewellery","15":"first","16":"instock","17":"taxable","18":"shipping-taxable","19":"purchasable","20":"product-type-simple","21":"add-to-wishlist-before_image"},"yoast_head":"<!-- This site is optimized with the Yoast SEO plugin v27.5 - https:\/\/yoast.com\/product\/yoast-seo-wordpress\/ -->\n<title>18ct White Gold Gents Bracelet Online at UK<\/title>\n<meta name=\"description\" content=\"Shop our exquisite 18ct White Gold Gents Bracelet online in the UK. Crafted with elegance and style, this timeless accessory complements any attire.\" \/>\n<meta name=\"robots\" content=\"index, follow, max-snippet:-1, max-image-preview:large, max-video-preview:-1\" \/>\n<link rel=\"canonical\" href=\"https:\/\/www.purejewels.com\/tr\/urun\/18-ayar-beyaz-altin-erkek-bilezigi-17710\/\" \/>\n<meta property=\"og:locale\" content=\"tr_TR\" \/>\n<meta property=\"og:type\" content=\"article\" \/>\n<meta property=\"og:title\" content=\"18ct White Gold Gents Bracelet Online at UK\" \/>\n<meta property=\"og:description\" content=\"Shop our exquisite 18ct White Gold Gents Bracelet online in the UK. Crafted with elegance and style, this timeless accessory complements any attire.\" \/>\n<meta property=\"og:url\" content=\"https:\/\/www.purejewels.com\/tr\/urun\/18-ayar-beyaz-altin-erkek-bilezigi-17710\/\" \/>\n<meta property=\"og:site_name\" content=\"PureJewels UK\" \/>\n<meta property=\"article:modified_time\" content=\"2026-03-30T05:38:29+00:00\" \/>\n<meta property=\"og:image\" content=\"https:\/\/static.purejewels.com\/wp-content\/uploads\/2023\/07\/1771C.jpg\" \/>\n\t<meta property=\"og:image:width\" content=\"1000\" \/>\n\t<meta property=\"og:image:height\" content=\"1000\" \/>\n\t<meta property=\"og:image:type\" content=\"image\/jpeg\" \/>\n<meta name=\"twitter:card\" content=\"summary_large_image\" \/>\n<meta name=\"twitter:label1\" content=\"Tahmini okuma s\u00fcresi\" \/>\n\t<meta name=\"twitter:data1\" content=\"1 dakika\" \/>\n<script type=\"application\/ld+json\" class=\"yoast-schema-graph\">{\"@context\":\"https:\\\/\\\/schema.org\",\"@graph\":[{\"@type\":[\"WebPage\",\"ItemPage\"],\"@id\":\"https:\\\/\\\/www.purejewels.com\\\/product\\\/18ct-white-gold-gents-bracelet-17710\\\/\",\"url\":\"https:\\\/\\\/www.purejewels.com\\\/product\\\/18ct-white-gold-gents-bracelet-17710\\\/\",\"name\":\"18ct White Gold Gents Bracelet Online at UK\",\"isPartOf\":{\"@id\":\"https:\\\/\\\/www.purejewels.com\\\/#website\"},\"primaryImageOfPage\":{\"@id\":\"https:\\\/\\\/www.purejewels.com\\\/product\\\/18ct-white-gold-gents-bracelet-17710\\\/#primaryimage\"},\"image\":{\"@id\":\"https:\\\/\\\/www.purejewels.com\\\/product\\\/18ct-white-gold-gents-bracelet-17710\\\/#primaryimage\"},\"thumbnailUrl\":\"https:\\\/\\\/static.purejewels.com\\\/wp-content\\\/uploads\\\/2023\\\/07\\\/1771C.jpg\",\"datePublished\":\"2025-04-30T09:10:23+00:00\",\"dateModified\":\"2026-03-30T05:38:29+00:00\",\"description\":\"Shop our exquisite 18ct White Gold Gents Bracelet online in the UK. Crafted with elegance and style, this timeless accessory complements any attire.\",\"breadcrumb\":{\"@id\":\"https:\\\/\\\/www.purejewels.com\\\/product\\\/18ct-white-gold-gents-bracelet-17710\\\/#breadcrumb\"},\"inLanguage\":\"tr\",\"potentialAction\":[{\"@type\":\"ReadAction\",\"target\":[\"https:\\\/\\\/www.purejewels.com\\\/product\\\/18ct-white-gold-gents-bracelet-17710\\\/\"]}]},{\"@type\":\"ImageObject\",\"inLanguage\":\"tr\",\"@id\":\"https:\\\/\\\/www.purejewels.com\\\/product\\\/18ct-white-gold-gents-bracelet-17710\\\/#primaryimage\",\"url\":\"https:\\\/\\\/static.purejewels.com\\\/wp-content\\\/uploads\\\/2023\\\/07\\\/1771C.jpg\",\"contentUrl\":\"https:\\\/\\\/static.purejewels.com\\\/wp-content\\\/uploads\\\/2023\\\/07\\\/1771C.jpg\",\"width\":1000,\"height\":1000,\"caption\":\"18ct White Gold Gents Bracelet\"},{\"@type\":\"BreadcrumbList\",\"@id\":\"https:\\\/\\\/www.purejewels.com\\\/product\\\/18ct-white-gold-gents-bracelet-17710\\\/#breadcrumb\",\"itemListElement\":[{\"@type\":\"ListItem\",\"position\":1,\"name\":\"Home\",\"item\":\"https:\\\/\\\/www.purejewels.com\\\/\"},{\"@type\":\"ListItem\",\"position\":2,\"name\":\"Shop\",\"item\":\"https:\\\/\\\/www.purejewels.com\\\/shop\\\/\"},{\"@type\":\"ListItem\",\"position\":3,\"name\":\"18ct White Gold Gents Bracelet\"}]},{\"@type\":\"WebSite\",\"@id\":\"https:\\\/\\\/www.purejewels.com\\\/#website\",\"url\":\"https:\\\/\\\/www.purejewels.com\\\/\",\"name\":\"PureJewels UK\",\"description\":\"Share the Love\",\"publisher\":{\"@id\":\"https:\\\/\\\/www.purejewels.com\\\/#organization\"},\"potentialAction\":[{\"@type\":\"SearchAction\",\"target\":{\"@type\":\"EntryPoint\",\"urlTemplate\":\"https:\\\/\\\/www.purejewels.com\\\/?s={search_term_string}\"},\"query-input\":{\"@type\":\"PropertyValueSpecification\",\"valueRequired\":true,\"valueName\":\"search_term_string\"}}],\"inLanguage\":\"tr\"},{\"@type\":\"Organization\",\"@id\":\"https:\\\/\\\/www.purejewels.com\\\/#organization\",\"name\":\"PureJewels UK\",\"url\":\"https:\\\/\\\/www.purejewels.com\\\/\",\"logo\":{\"@type\":\"ImageObject\",\"inLanguage\":\"tr\",\"@id\":\"https:\\\/\\\/www.purejewels.com\\\/#\\\/schema\\\/logo\\\/image\\\/\",\"url\":\"https:\\\/\\\/static.purejewels.com\\\/wp-content\\\/uploads\\\/2020\\\/11\\\/Logo-PJ-New-1.png\",\"contentUrl\":\"https:\\\/\\\/static.purejewels.com\\\/wp-content\\\/uploads\\\/2020\\\/11\\\/Logo-PJ-New-1.png\",\"width\":150,\"height\":80,\"caption\":\"PureJewels UK\"},\"image\":{\"@id\":\"https:\\\/\\\/www.purejewels.com\\\/#\\\/schema\\\/logo\\\/image\\\/\"}}]}<\/script>\n<!-- \/ Yoast SEO plugin. -->","yoast_head_json":{"title":"18 Ayar Beyaz Alt\u0131n Erkek Bileklik Online \u0130ngiltere'de","description":"Enfes 18 Ayar Beyaz Alt\u0131n Erkek Bilekli\u011fimizi \u0130ngiltere'de online sat\u0131n al\u0131n. Zarafet ve stil ile haz\u0131rlanm\u0131\u015f bu zamans\u0131z aksesuar her t\u00fcrl\u00fc k\u0131yafeti tamamlar.","robots":{"index":"index","follow":"follow","max-snippet":"max-snippet:-1","max-image-preview":"max-image-preview:large","max-video-preview":"max-video-preview:-1"},"canonical":"https:\/\/www.purejewels.com\/tr\/urun\/18-ayar-beyaz-altin-erkek-bilezigi-17710\/","og_locale":"tr_TR","og_type":"article","og_title":"18ct White Gold Gents Bracelet Online at UK","og_description":"Shop our exquisite 18ct White Gold Gents Bracelet online in the UK. Crafted with elegance and style, this timeless accessory complements any attire.","og_url":"https:\/\/www.purejewels.com\/tr\/urun\/18-ayar-beyaz-altin-erkek-bilezigi-17710\/","og_site_name":"PureJewels UK","article_modified_time":"2026-03-30T05:38:29+00:00","og_image":[{"width":1000,"height":1000,"url":"https:\/\/static.purejewels.com\/wp-content\/uploads\/2023\/07\/1771C.jpg","type":"image\/jpeg"}],"twitter_card":"summary_large_image","twitter_misc":{"Tahmini okuma s\u00fcresi":"1 dakika"},"schema":{"@context":"https:\/\/schema.org","@graph":[{"@type":["WebPage","ItemPage"],"@id":"https:\/\/www.purejewels.com\/product\/18ct-white-gold-gents-bracelet-17710\/","url":"https:\/\/www.purejewels.com\/product\/18ct-white-gold-gents-bracelet-17710\/","name":"18 Ayar Beyaz Alt\u0131n Erkek Bileklik Online \u0130ngiltere'de","isPartOf":{"@id":"https:\/\/www.purejewels.com\/#website"},"primaryImageOfPage":{"@id":"https:\/\/www.purejewels.com\/product\/18ct-white-gold-gents-bracelet-17710\/#primaryimage"},"image":{"@id":"https:\/\/www.purejewels.com\/product\/18ct-white-gold-gents-bracelet-17710\/#primaryimage"},"thumbnailUrl":"https:\/\/static.purejewels.com\/wp-content\/uploads\/2023\/07\/1771C.jpg","datePublished":"2025-04-30T09:10:23+00:00","dateModified":"2026-03-30T05:38:29+00:00","description":"Enfes 18 Ayar Beyaz Alt\u0131n Erkek Bilekli\u011fimizi \u0130ngiltere'de online sat\u0131n al\u0131n. Zarafet ve stil ile haz\u0131rlanm\u0131\u015f bu zamans\u0131z aksesuar her t\u00fcrl\u00fc k\u0131yafeti tamamlar.","breadcrumb":{"@id":"https:\/\/www.purejewels.com\/product\/18ct-white-gold-gents-bracelet-17710\/#breadcrumb"},"inLanguage":"tr","potentialAction":[{"@type":"ReadAction","target":["https:\/\/www.purejewels.com\/product\/18ct-white-gold-gents-bracelet-17710\/"]}]},{"@type":"ImageObject","inLanguage":"tr","@id":"https:\/\/www.purejewels.com\/product\/18ct-white-gold-gents-bracelet-17710\/#primaryimage","url":"https:\/\/static.purejewels.com\/wp-content\/uploads\/2023\/07\/1771C.jpg","contentUrl":"https:\/\/static.purejewels.com\/wp-content\/uploads\/2023\/07\/1771C.jpg","width":1000,"height":1000,"caption":"18ct White Gold Gents Bracelet"},{"@type":"BreadcrumbList","@id":"https:\/\/www.purejewels.com\/product\/18ct-white-gold-gents-bracelet-17710\/#breadcrumb","itemListElement":[{"@type":"ListItem","position":1,"name":"Home","item":"https:\/\/www.purejewels.com\/"},{"@type":"ListItem","position":2,"name":"Shop","item":"https:\/\/www.purejewels.com\/shop\/"},{"@type":"ListItem","position":3,"name":"18ct White Gold Gents Bracelet"}]},{"@type":"WebSite","@id":"https:\/\/www.purejewels.com\/#website","url":"https:\/\/www.purejewels.com\/","name":"PureJewels \u0130ngiltere","description":"Sevgiyi Payla\u015f\u0131n","publisher":{"@id":"https:\/\/www.purejewels.com\/#organization"},"potentialAction":[{"@type":"SearchAction","target":{"@type":"EntryPoint","urlTemplate":"https:\/\/www.purejewels.com\/?s={search_term_string}"},"query-input":{"@type":"PropertyValueSpecification","valueRequired":true,"valueName":"search_term_string"}}],"inLanguage":"tr"},{"@type":"Organization","@id":"https:\/\/www.purejewels.com\/#organization","name":"PureJewels \u0130ngiltere","url":"https:\/\/www.purejewels.com\/","logo":{"@type":"ImageObject","inLanguage":"tr","@id":"https:\/\/www.purejewels.com\/#\/schema\/logo\/image\/","url":"https:\/\/static.purejewels.com\/wp-content\/uploads\/2020\/11\/Logo-PJ-New-1.png","contentUrl":"https:\/\/static.purejewels.com\/wp-content\/uploads\/2020\/11\/Logo-PJ-New-1.png","width":150,"height":80,"caption":"PureJewels UK"},"image":{"@id":"https:\/\/www.purejewels.com\/#\/schema\/logo\/image\/"}}]}},"_links":{"self":[{"href":"https:\/\/www.purejewels.com\/tr\/wp-json\/wp\/v2\/product\/348722","targetHints":{"allow":["GET"]}}],"collection":[{"href":"https:\/\/www.purejewels.com\/tr\/wp-json\/wp\/v2\/product"}],"about":[{"href":"https:\/\/www.purejewels.com\/tr\/wp-json\/wp\/v2\/types\/product"}],"replies":[{"embeddable":true,"href":"https:\/\/www.purejewels.com\/tr\/wp-json\/wp\/v2\/comments?post=348722"}],"version-history":[{"count":4,"href":"https:\/\/www.purejewels.com\/tr\/wp-json\/wp\/v2\/product\/348722\/revisions"}],"predecessor-version":[{"id":427783,"href":"https:\/\/www.purejewels.com\/tr\/wp-json\/wp\/v2\/product\/348722\/revisions\/427783"}],"wp:featuredmedia":[{"embeddable":true,"href":"https:\/\/www.purejewels.com\/tr\/wp-json\/wp\/v2\/media\/348723"}],"wp:attachment":[{"href":"https:\/\/www.purejewels.com\/tr\/wp-json\/wp\/v2\/media?parent=348722"}],"wp:term":[{"taxonomy":"product_brand","embeddable":true,"href":"https:\/\/www.purejewels.com\/tr\/wp-json\/wp\/v2\/product_brand?post=348722"},{"taxonomy":"product_cat","embeddable":true,"href":"https:\/\/www.purejewels.com\/tr\/wp-json\/wp\/v2\/product_cat?post=348722"},{"taxonomy":"product_tag","embeddable":true,"href":"https:\/\/www.purejewels.com\/tr\/wp-json\/wp\/v2\/product_tag?post=348722"}],"curies":[{"name":"wp","href":"https:\/\/api.w.org\/{rel}","templated":true}]}}