{"id":348862,"date":"2023-07-18T12:43:41","date_gmt":"2023-07-18T11:43:41","guid":{"rendered":"https:\/\/www.purejewels.com\/?post_type=product&#038;p=348862"},"modified":"2026-05-12T12:48:07","modified_gmt":"2026-05-12T11:48:07","slug":"24-ayar-altin-tek-bileklik-42619-1","status":"publish","type":"product","link":"https:\/\/www.purejewels.com\/tr\/product\/24-carat-gold-single-bangle-42619-1\/","title":{"rendered":"24 Ayar Alt\u0131n Tekli Bileklik | G\u00fcnl\u00fck kullan\u0131m"},"content":{"rendered":"<p><strong>Tasar\u0131m<\/strong><\/p>\n<p>Saf alt\u0131n\u0131n \u00e7arp\u0131c\u0131 bir ifadesi olan bu 24 ayar bileklik, her a\u00e7\u0131dan \u0131\u015f\u0131\u011f\u0131 yans\u0131tan cesur bir dokulu desene sahiptir. Tekrarlanan elmas kesimden ilham alan motif, \u015f\u0131k dairesel silueti korurken derinlik ve boyut katar. Kendinden emin bir ifade yaratmak i\u00e7in tasarlanan bu bileklik, \u00e7a\u011fda\u015f stile geleneksel zenginlik katar.<\/p>\n<p><strong>Zanaatkarl\u0131k<\/strong><\/p>\n<p>24 ayar (999) saf alt\u0131ndan el i\u015f\u00e7ili\u011fi ile \u00fcretilen bu bileklik, alt\u0131n\u0131n en de\u011ferli halini yans\u0131t\u0131yor. Detayl\u0131 y\u00fczeyi, uzmanlar\u0131n el i\u015f\u00e7ili\u011fi ile olu\u015fturulmu\u015f olup, zarif bir dokunu\u015f kalitesi sunuyor. Her par\u00e7a, safl\u0131k ve orijinalli\u011fini garanti etmek i\u00e7in Birle\u015fik Krall\u0131k'ta ba\u011f\u0131ms\u0131z olarak damgalanm\u0131\u015ft\u0131r. P\u00fcr\u00fczs\u00fcz i\u00e7 y\u00fczey, tasar\u0131m\u0131n b\u00fct\u00fcnl\u00fc\u011f\u00fcn\u00fc korurken rahat bir kullan\u0131m sa\u011flar.<\/p>\n<p><strong>\u015eekillendirme &amp; Hediyele\u015fme<\/strong><\/p>\n<p>Tek ba\u015f\u0131na veya kutlama g\u00f6r\u00fcn\u00fcm\u00fcn\u00fc zenginle\u015ftirmek i\u00e7in bir arada tak\u0131ld\u0131\u011f\u0131nda m\u00fckemmel olan bu bileklik, hem sari hem de modern k\u0131yafetlerle g\u00fczel bir uyum sa\u011flar. D\u00fc\u011f\u00fcnler, y\u0131ld\u00f6n\u00fcmleri ve \u00f6zel g\u00fcnler i\u00e7in anlaml\u0131 bir hediye olan bu bileklik, nesiller boyu aktar\u0131lmak \u00fczere tasarlanm\u0131\u015f de\u011ferli bir par\u00e7ad\u0131r \u2014 refah ve miras\u0131n ger\u00e7ek bir sembol\u00fcd\u00fcr.<\/p>","protected":false},"excerpt":{"rendered":"<p><strong>Sipari\u015f \u00fczerine yap\u0131l\u0131r<\/strong><br \/>\nG\u00fczel dokulu, safl\u0131\u011f\u0131 \u0130ngiltere'de onaylanm\u0131\u015f 24 ayar alt\u0131n bileklik. \u00d6zel g\u00fcnler ve kal\u0131c\u0131 bir miras i\u00e7in tasarlanm\u0131\u015f, g\u00f6z al\u0131c\u0131 bir aksesuar.<\/p>\n<p>L\u00fctfen \u015fu yolla ileti\u015fime ge\u00e7in <strong><a href=\"https:\/\/api.whatsapp.com\/send\/?phone=447384814118&amp;text=Hi%2C+I%27m+interested+in+this+product&amp;type=phone_number&amp;app_absent=0\">WhatsApp<\/a><\/strong> daha fazla ayr\u0131nt\u0131 i\u00e7in.<\/p>\n<p><strong>SKU<\/strong>: 42619-1<br \/>\n<strong>A\u011f\u0131rl\u0131k<\/strong>: Bileklik ba\u015f\u0131na 20 gram.<br \/>\n<strong>Metal<\/strong>: 24 ayar alt\u0131n<br \/>\n<strong>Bileklik \u00d6l\u00e7\u00fcs\u00fc<\/strong>: 2,6 (Talep \u00fczerine di\u011fer boyutlarda da mevcuttur)<br \/>\n<strong>Hallmark<\/strong>: \u0130ngiliz Hallmark<\/p>\n<p>Fiyat ve Teslimat: KDV ve teslimat \u00fccreti dahil<br \/>\n<a href=\"https:\/\/www.purejewels.com\/tr\/i%cc%87ade-poli%cc%87ti%cc%87kasi\/\">\u0130ade Politikas\u0131<\/a><\/p>","protected":false},"featured_media":422474,"comment_status":"closed","ping_status":"closed","template":"","meta":{"_eb_attr":"","_crsspst_to_jayantr4sg-hostcom":false},"product_brand":[],"product_cat":[5617,1233,1229,1657],"product_tag":[1836],"class_list":{"0":"post-348862","1":"product","2":"type-product","3":"status-publish","4":"has-post-thumbnail","6":"product_cat-24ct-gold-jewellery","7":"product_cat-gold-bangles","8":"product_cat-22ct-gold-jewellery","9":"product_cat-single-bangle","10":"product_tag-24ct-gold","12":"first","13":"onbackorder","14":"taxable","15":"shipping-taxable","16":"purchasable","17":"product-type-simple","18":"add-to-wishlist-before_image"},"yoast_head":"<!-- This site is optimized with the Yoast SEO plugin v27.5 - https:\/\/yoast.com\/product\/yoast-seo-wordpress\/ -->\n<title>24 Carat Gold Single Bangle | Daily wear | PureJewels<\/title>\n<meta name=\"description\" content=\"Elevate your style with our exquisite 24 carat gold single bangle. Order online for a touch of luxury. Limited availability, don&#039;t miss out! Shop now.\" \/>\n<meta name=\"robots\" content=\"index, follow, max-snippet:-1, max-image-preview:large, max-video-preview:-1\" \/>\n<link rel=\"canonical\" href=\"https:\/\/www.purejewels.com\/tr\/urun\/24-ayar-altin-tek-bileklik-42619-1\/\" \/>\n<meta property=\"og:locale\" content=\"tr_TR\" \/>\n<meta property=\"og:type\" content=\"article\" \/>\n<meta property=\"og:title\" content=\"24 Carat Gold Single Bangle | Daily wear | PureJewels\" \/>\n<meta property=\"og:description\" content=\"Elevate your style with our exquisite 24 carat gold single bangle. Order online for a touch of luxury. Limited availability, don&#039;t miss out! Shop now.\" \/>\n<meta property=\"og:url\" content=\"https:\/\/www.purejewels.com\/tr\/urun\/24-ayar-altin-tek-bileklik-42619-1\/\" \/>\n<meta property=\"og:site_name\" content=\"PureJewels UK\" \/>\n<meta property=\"article:modified_time\" content=\"2026-05-12T11:48:07+00:00\" \/>\n<meta property=\"og:image\" content=\"https:\/\/static.purejewels.com\/wp-content\/uploads\/2023\/07\/thumbnail_IMG_3758-1-re-edit-1-1.jpg\" \/>\n\t<meta property=\"og:image:width\" content=\"1000\" \/>\n\t<meta property=\"og:image:height\" content=\"1000\" \/>\n\t<meta property=\"og:image:type\" content=\"image\/jpeg\" \/>\n<meta name=\"twitter:card\" content=\"summary_large_image\" \/>\n<meta name=\"twitter:label1\" content=\"Tahmini okuma s\u00fcresi\" \/>\n\t<meta name=\"twitter:data1\" content=\"1 dakika\" \/>\n<script type=\"application\/ld+json\" class=\"yoast-schema-graph\">{\"@context\":\"https:\\\/\\\/schema.org\",\"@graph\":[{\"@type\":[\"WebPage\",\"ItemPage\"],\"@id\":\"https:\\\/\\\/www.purejewels.com\\\/product\\\/24-carat-gold-single-bangle-42619-1\\\/\",\"url\":\"https:\\\/\\\/www.purejewels.com\\\/product\\\/24-carat-gold-single-bangle-42619-1\\\/\",\"name\":\"24 Carat Gold Single Bangle | Daily wear | PureJewels\",\"isPartOf\":{\"@id\":\"https:\\\/\\\/www.purejewels.com\\\/#website\"},\"primaryImageOfPage\":{\"@id\":\"https:\\\/\\\/www.purejewels.com\\\/product\\\/24-carat-gold-single-bangle-42619-1\\\/#primaryimage\"},\"image\":{\"@id\":\"https:\\\/\\\/www.purejewels.com\\\/product\\\/24-carat-gold-single-bangle-42619-1\\\/#primaryimage\"},\"thumbnailUrl\":\"https:\\\/\\\/static.purejewels.com\\\/wp-content\\\/uploads\\\/2023\\\/07\\\/thumbnail_IMG_3758-1-re-edit-1-1.jpg\",\"datePublished\":\"2023-07-18T11:43:41+00:00\",\"dateModified\":\"2026-05-12T11:48:07+00:00\",\"description\":\"Elevate your style with our exquisite 24 carat gold single bangle. Order online for a touch of luxury. Limited availability, don't miss out! Shop now.\",\"breadcrumb\":{\"@id\":\"https:\\\/\\\/www.purejewels.com\\\/product\\\/24-carat-gold-single-bangle-42619-1\\\/#breadcrumb\"},\"inLanguage\":\"tr\",\"potentialAction\":[{\"@type\":\"ReadAction\",\"target\":[\"https:\\\/\\\/www.purejewels.com\\\/product\\\/24-carat-gold-single-bangle-42619-1\\\/\"]}]},{\"@type\":\"ImageObject\",\"inLanguage\":\"tr\",\"@id\":\"https:\\\/\\\/www.purejewels.com\\\/product\\\/24-carat-gold-single-bangle-42619-1\\\/#primaryimage\",\"url\":\"https:\\\/\\\/static.purejewels.com\\\/wp-content\\\/uploads\\\/2023\\\/07\\\/thumbnail_IMG_3758-1-re-edit-1-1.jpg\",\"contentUrl\":\"https:\\\/\\\/static.purejewels.com\\\/wp-content\\\/uploads\\\/2023\\\/07\\\/thumbnail_IMG_3758-1-re-edit-1-1.jpg\",\"width\":1000,\"height\":1000},{\"@type\":\"BreadcrumbList\",\"@id\":\"https:\\\/\\\/www.purejewels.com\\\/product\\\/24-carat-gold-single-bangle-42619-1\\\/#breadcrumb\",\"itemListElement\":[{\"@type\":\"ListItem\",\"position\":1,\"name\":\"Home\",\"item\":\"https:\\\/\\\/www.purejewels.com\\\/\"},{\"@type\":\"ListItem\",\"position\":2,\"name\":\"Shop\",\"item\":\"https:\\\/\\\/www.purejewels.com\\\/shop\\\/\"},{\"@type\":\"ListItem\",\"position\":3,\"name\":\"24 Carat Gold Single Bangle | Daily wear\"}]},{\"@type\":\"WebSite\",\"@id\":\"https:\\\/\\\/www.purejewels.com\\\/#website\",\"url\":\"https:\\\/\\\/www.purejewels.com\\\/\",\"name\":\"PureJewels UK\",\"description\":\"Share the Love\",\"publisher\":{\"@id\":\"https:\\\/\\\/www.purejewels.com\\\/#organization\"},\"potentialAction\":[{\"@type\":\"SearchAction\",\"target\":{\"@type\":\"EntryPoint\",\"urlTemplate\":\"https:\\\/\\\/www.purejewels.com\\\/?s={search_term_string}\"},\"query-input\":{\"@type\":\"PropertyValueSpecification\",\"valueRequired\":true,\"valueName\":\"search_term_string\"}}],\"inLanguage\":\"tr\"},{\"@type\":\"Organization\",\"@id\":\"https:\\\/\\\/www.purejewels.com\\\/#organization\",\"name\":\"PureJewels UK\",\"url\":\"https:\\\/\\\/www.purejewels.com\\\/\",\"logo\":{\"@type\":\"ImageObject\",\"inLanguage\":\"tr\",\"@id\":\"https:\\\/\\\/www.purejewels.com\\\/#\\\/schema\\\/logo\\\/image\\\/\",\"url\":\"https:\\\/\\\/static.purejewels.com\\\/wp-content\\\/uploads\\\/2020\\\/11\\\/Logo-PJ-New-1.png\",\"contentUrl\":\"https:\\\/\\\/static.purejewels.com\\\/wp-content\\\/uploads\\\/2020\\\/11\\\/Logo-PJ-New-1.png\",\"width\":150,\"height\":80,\"caption\":\"PureJewels UK\"},\"image\":{\"@id\":\"https:\\\/\\\/www.purejewels.com\\\/#\\\/schema\\\/logo\\\/image\\\/\"}}]}<\/script>\n<!-- \/ Yoast SEO plugin. -->","yoast_head_json":{"title":"24 Ayar Alt\u0131n Tekli Bileklik | G\u00fcnl\u00fck Giyim | PureJewels","description":"Zarif 24 ayar alt\u0131n tek bilekli\u011fimizle tarz\u0131n\u0131z\u0131 y\u00fckseltin. L\u00fcks bir dokunu\u015f i\u00e7in online sipari\u015f verin. S\u0131n\u0131rl\u0131 say\u0131da mevcuttur, ka\u00e7\u0131rmay\u0131n! \u015eimdi al\u0131\u015fveri\u015f yap\u0131n.","robots":{"index":"index","follow":"follow","max-snippet":"max-snippet:-1","max-image-preview":"max-image-preview:large","max-video-preview":"max-video-preview:-1"},"canonical":"https:\/\/www.purejewels.com\/tr\/urun\/24-ayar-altin-tek-bileklik-42619-1\/","og_locale":"tr_TR","og_type":"article","og_title":"24 Carat Gold Single Bangle | Daily wear | PureJewels","og_description":"Elevate your style with our exquisite 24 carat gold single bangle. Order online for a touch of luxury. Limited availability, don't miss out! Shop now.","og_url":"https:\/\/www.purejewels.com\/tr\/urun\/24-ayar-altin-tek-bileklik-42619-1\/","og_site_name":"PureJewels UK","article_modified_time":"2026-05-12T11:48:07+00:00","og_image":[{"width":1000,"height":1000,"url":"https:\/\/static.purejewels.com\/wp-content\/uploads\/2023\/07\/thumbnail_IMG_3758-1-re-edit-1-1.jpg","type":"image\/jpeg"}],"twitter_card":"summary_large_image","twitter_misc":{"Tahmini okuma s\u00fcresi":"1 dakika"},"schema":{"@context":"https:\/\/schema.org","@graph":[{"@type":["WebPage","ItemPage"],"@id":"https:\/\/www.purejewels.com\/product\/24-carat-gold-single-bangle-42619-1\/","url":"https:\/\/www.purejewels.com\/product\/24-carat-gold-single-bangle-42619-1\/","name":"24 Ayar Alt\u0131n Tekli Bileklik | G\u00fcnl\u00fck Giyim | PureJewels","isPartOf":{"@id":"https:\/\/www.purejewels.com\/#website"},"primaryImageOfPage":{"@id":"https:\/\/www.purejewels.com\/product\/24-carat-gold-single-bangle-42619-1\/#primaryimage"},"image":{"@id":"https:\/\/www.purejewels.com\/product\/24-carat-gold-single-bangle-42619-1\/#primaryimage"},"thumbnailUrl":"https:\/\/static.purejewels.com\/wp-content\/uploads\/2023\/07\/thumbnail_IMG_3758-1-re-edit-1-1.jpg","datePublished":"2023-07-18T11:43:41+00:00","dateModified":"2026-05-12T11:48:07+00:00","description":"Zarif 24 ayar alt\u0131n tek bilekli\u011fimizle tarz\u0131n\u0131z\u0131 y\u00fckseltin. L\u00fcks bir dokunu\u015f i\u00e7in online sipari\u015f verin. S\u0131n\u0131rl\u0131 say\u0131da mevcuttur, ka\u00e7\u0131rmay\u0131n! \u015eimdi al\u0131\u015fveri\u015f yap\u0131n.","breadcrumb":{"@id":"https:\/\/www.purejewels.com\/product\/24-carat-gold-single-bangle-42619-1\/#breadcrumb"},"inLanguage":"tr","potentialAction":[{"@type":"ReadAction","target":["https:\/\/www.purejewels.com\/product\/24-carat-gold-single-bangle-42619-1\/"]}]},{"@type":"ImageObject","inLanguage":"tr","@id":"https:\/\/www.purejewels.com\/product\/24-carat-gold-single-bangle-42619-1\/#primaryimage","url":"https:\/\/static.purejewels.com\/wp-content\/uploads\/2023\/07\/thumbnail_IMG_3758-1-re-edit-1-1.jpg","contentUrl":"https:\/\/static.purejewels.com\/wp-content\/uploads\/2023\/07\/thumbnail_IMG_3758-1-re-edit-1-1.jpg","width":1000,"height":1000},{"@type":"BreadcrumbList","@id":"https:\/\/www.purejewels.com\/product\/24-carat-gold-single-bangle-42619-1\/#breadcrumb","itemListElement":[{"@type":"ListItem","position":1,"name":"Home","item":"https:\/\/www.purejewels.com\/"},{"@type":"ListItem","position":2,"name":"Shop","item":"https:\/\/www.purejewels.com\/shop\/"},{"@type":"ListItem","position":3,"name":"24 Carat Gold Single Bangle | Daily wear"}]},{"@type":"WebSite","@id":"https:\/\/www.purejewels.com\/#website","url":"https:\/\/www.purejewels.com\/","name":"PureJewels \u0130ngiltere","description":"Sevgiyi Payla\u015f\u0131n","publisher":{"@id":"https:\/\/www.purejewels.com\/#organization"},"potentialAction":[{"@type":"SearchAction","target":{"@type":"EntryPoint","urlTemplate":"https:\/\/www.purejewels.com\/?s={search_term_string}"},"query-input":{"@type":"PropertyValueSpecification","valueRequired":true,"valueName":"search_term_string"}}],"inLanguage":"tr"},{"@type":"Organization","@id":"https:\/\/www.purejewels.com\/#organization","name":"PureJewels \u0130ngiltere","url":"https:\/\/www.purejewels.com\/","logo":{"@type":"ImageObject","inLanguage":"tr","@id":"https:\/\/www.purejewels.com\/#\/schema\/logo\/image\/","url":"https:\/\/static.purejewels.com\/wp-content\/uploads\/2020\/11\/Logo-PJ-New-1.png","contentUrl":"https:\/\/static.purejewels.com\/wp-content\/uploads\/2020\/11\/Logo-PJ-New-1.png","width":150,"height":80,"caption":"PureJewels UK"},"image":{"@id":"https:\/\/www.purejewels.com\/#\/schema\/logo\/image\/"}}]}},"_links":{"self":[{"href":"https:\/\/www.purejewels.com\/tr\/wp-json\/wp\/v2\/product\/348862","targetHints":{"allow":["GET"]}}],"collection":[{"href":"https:\/\/www.purejewels.com\/tr\/wp-json\/wp\/v2\/product"}],"about":[{"href":"https:\/\/www.purejewels.com\/tr\/wp-json\/wp\/v2\/types\/product"}],"replies":[{"embeddable":true,"href":"https:\/\/www.purejewels.com\/tr\/wp-json\/wp\/v2\/comments?post=348862"}],"version-history":[{"count":4,"href":"https:\/\/www.purejewels.com\/tr\/wp-json\/wp\/v2\/product\/348862\/revisions"}],"predecessor-version":[{"id":422478,"href":"https:\/\/www.purejewels.com\/tr\/wp-json\/wp\/v2\/product\/348862\/revisions\/422478"}],"wp:featuredmedia":[{"embeddable":true,"href":"https:\/\/www.purejewels.com\/tr\/wp-json\/wp\/v2\/media\/422474"}],"wp:attachment":[{"href":"https:\/\/www.purejewels.com\/tr\/wp-json\/wp\/v2\/media?parent=348862"}],"wp:term":[{"taxonomy":"product_brand","embeddable":true,"href":"https:\/\/www.purejewels.com\/tr\/wp-json\/wp\/v2\/product_brand?post=348862"},{"taxonomy":"product_cat","embeddable":true,"href":"https:\/\/www.purejewels.com\/tr\/wp-json\/wp\/v2\/product_cat?post=348862"},{"taxonomy":"product_tag","embeddable":true,"href":"https:\/\/www.purejewels.com\/tr\/wp-json\/wp\/v2\/product_tag?post=348862"}],"curies":[{"name":"wp","href":"https:\/\/api.w.org\/{rel}","templated":true}]}}