{"id":3490,"date":"2017-07-19T13:13:59","date_gmt":"2017-07-19T12:13:59","guid":{"rendered":"http:\/\/new.purejewels.com\/product\/liana-pendant\/"},"modified":"2025-03-19T08:08:19","modified_gmt":"2025-03-19T08:08:19","slug":"liana-kolye-ucu","status":"publish","type":"product","link":"https:\/\/www.purejewels.com\/tr\/product\/liana-pendant\/","title":{"rendered":"Liana Kolye"},"content":{"rendered":"<p>SKU 15807<\/p>","protected":false},"excerpt":{"rendered":"<ul>\n<li>18 ayar beyaz alt\u0131n<\/li>\n<li>P\u0131rlanta 0,21ts<\/li>\n<li>Akuamarinler 0,84ts<\/li>\n<li>Pembe turmalin, ye\u015fil turmalin ve morganitten olu\u015fturulabilir<\/li>\n<li>London Assay Office taraf\u0131ndan damgalanm\u0131\u015f alt\u0131n<\/li>\n<li>Sunum Kutusu ile Birlikte Gelir<\/li>\n<li>Teslimat Dahil<\/li>\n<li>T\u00fcm fiyatlara KDV dahildir<\/li>\n<li>Stok durumu ve stokta bulunan benzer tasar\u0131mlar\u0131n daha fazla g\u00f6r\u00fcnt\u00fcs\u00fc i\u00e7in bizimle canl\u0131 sohbet edin<\/li>\n<\/ul>\n<p><strong>Liana kolye ucu<br \/>\n<\/strong>Bunun nas\u0131l ba\u015flad\u0131\u011f\u0131n\u0131 bilirsiniz: b\u00fcy\u00fcleyici bir bak\u0131\u015f, unutulmaz bir bulu\u015fma, kalp \u00e7arpmas\u0131.\u00a0 <em>Liana<\/em> a\u015fk hikayenizin bir par\u00e7as\u0131 olur.<\/p>\n<p>Ta\u015f\u0131n\u0131z\u0131 se\u00e7in - aqua (r\u00fcyalar i\u00e7in), pembe turmalin (romantizm i\u00e7in), ye\u015fil turmalin (sayg\u0131 i\u00e7in) veya morganit (iyimserlik i\u00e7in).  Liana kolyenizi sipari\u015f \u00fczerine olu\u015fturaca\u011f\u0131z ve se\u00e7ti\u011finiz ta\u015f\u0131 cilal\u0131 beyaz alt\u0131ndan olu\u015fan girdapl\u0131 bir dalgaya yerle\u015ftirece\u011fiz.  Merkezi kolye ucunun \u00fczerine serpi\u015ftirilmi\u015f 0,21 ct c\u00f6mert bir p\u0131rlanta ile tamamlanm\u0131\u015ft\u0131r.<\/p>\n<p>\u00c7o\u011fu kolye ucu d\u00fcz, 2 boyutlu bir \u015fekle sahiptir ancak <em>Liana<\/em> ak\u0131\u015fkan, dokulu tasar\u0131m\u0131yla ay\u0131rt edilir.  \u00d6zel bir durum i\u00e7in sansasyonel bir ifade par\u00e7as\u0131d\u0131r.  D\u00fc\u011f\u00fcn\u00fcn\u00fcz i\u00e7in d\u00fc\u015f\u00fcn\u00fcyorsan\u0131z, uyumlu par\u00e7alara bir g\u00f6z at\u0131n - <em>Liana<\/em>Wildflower ve Floralia'n\u0131n hepsi ayn\u0131 temayla ilgilidir.<\/p>\n<p>Hatta birka\u00e7 tane bile se\u00e7ebilirsiniz <em>Liana<\/em> Farkl\u0131 ta\u015flardan olu\u015fan par\u00e7alar, canl\u0131 ve ne\u015feli \u00e7ok renkli bir set olu\u015fturuyor.<\/p>\n<p><strong>PureJewels taraf\u0131ndan tasarlanm\u0131\u015ft\u0131r<br \/>\n<\/strong><em>Liana<\/em> PureJewels taraf\u0131ndan tasarlanm\u0131\u015f bir ar\u015fiv koleksiyonudur.  O kadar sevildi ki art\u0131k \u00f6zel sipari\u015f \u00fczerine sunuyoruz.  Gelinler ve \u00f6nemli g\u00fcnler i\u00e7in <em>Liana<\/em> Kolye ucu, sonsuza dek de\u011fer verilecek \u00e7\u00f6kmekte olan bir par\u00e7ad\u0131r.<\/p>\n<p>Tasar\u0131m s\u00fcrecinde ekibimiz eski Hint sanat eserlerinden ve do\u011fada bulunan \u015fekillerden ilham ald\u0131.\u00a0 <em>Liana<\/em> organik \u015fekilleri zarif bir minimalizmle birle\u015ftirerek son derece \u00e7a\u011fda\u015f bir g\u00f6r\u00fcn\u00fcm sunuyor.  Ta\u015f se\u00e7enekleri, bu koleksiyonu ekstra benzersizlik i\u00e7in ki\u015fiselle\u015ftirebilece\u011finiz anlam\u0131na gelir.<\/p>\n<p>Se\u00e7iminiz hakk\u0131nda sorular\u0131n\u0131z m\u0131 var?  \u0130leti\u015fime ge\u00e7mekten \u00e7ekinmeyin.  Showroom'u arayabilir veya Canl\u0131 Sohbet'i a\u00e7abilirsiniz.  Stok durumunu kontrol edebilecek ve sipari\u015finizin zaman\u0131nda ula\u015faca\u011f\u0131ndan emin olabilecek bir ma\u011faza dan\u0131\u015fman\u0131na ula\u015facaks\u0131n\u0131z.<\/p>\n<p>&nbsp;<\/p>","protected":false},"featured_media":3491,"comment_status":"closed","ping_status":"closed","template":"","meta":{"_eb_attr":"","_crsspst_to_jayantr4sg-hostcom":false},"product_brand":[],"product_cat":[1533,253,1767,1537],"product_tag":[],"class_list":{"0":"post-3490","1":"product","2":"type-product","3":"status-publish","4":"has-post-thumbnail","6":"product_cat-diamond-jewellery-set","7":"product_cat-floralia-collections","8":"product_cat-ladies-pendants","9":"product_cat-white-gold-jewellery-set","11":"first","12":"outofstock","13":"product-type-simple","14":"add-to-wishlist-before_image"},"yoast_head":"<!-- This site is optimized with the Yoast SEO plugin v27.3 - https:\/\/yoast.com\/product\/yoast-seo-wordpress\/ -->\n<title>Liana Pendant - PureJewels UK<\/title>\n<meta name=\"robots\" content=\"index, follow, max-snippet:-1, max-image-preview:large, max-video-preview:-1\" \/>\n<link rel=\"canonical\" href=\"https:\/\/www.purejewels.com\/tr\/urun\/liana-kolye-ucu\/\" \/>\n<meta property=\"og:locale\" content=\"tr_TR\" \/>\n<meta property=\"og:type\" content=\"article\" \/>\n<meta property=\"og:title\" content=\"Liana Pendant - PureJewels UK\" \/>\n<meta property=\"og:description\" content=\"18ct white gold  Diamonds 0.21cts  Aquamarines 0.84cts  Can be created in pink tourmaline, green tourmaline and morganite  Gold\u00a0Hallmarked by London Assay Office  Comes With Presentation Box  Delivery Included  All prices include VAT  Live chat with us for availability and more images of similar designs currently in stock  Liana pendant You know how this begins: a charming look, a memorable meeting, the heart is smitten.\u00a0 Liana becomes a part of your love story.  Choose your stone \u2013 aqua (for dreams), pink tourmaline (for romance), green tourmaline (for respect) or morganite (for optimism).\u00a0 We will create your Liana necklace to order, setting the stone of your choice in a swirling wave of polished white gold.\u00a0 It is finished with a generous 0.21ct of diamonds sprinkled over the central pendant.  Most pendants have a solid, 2D shape but Liana is distinctive for its fluid, textured design.\u00a0 It makes a sensational statement piece for a special occasion.\u00a0 If you\u2019re considering it for your wedding, take a look at the coordinating pieces \u2013 Liana, Wildflower and Floralia are all related to the same theme.  You could even choose several Liana pieces set with different stones, creating a multi-coloured set that\u2019s vibrant and joyful.  Designed by PureJewels Liana is an archive collection designed by PureJewels.\u00a0 It was such a favourite that we now offer it on special order.\u00a0 For brides and landmark occasions, the Liana pendant is a decadent piece that will be treasured forever.  In the design process, our team was inspired by ancient Indian artwork and the shapes found in nature.\u00a0 Liana fuses organic shapes with an elegant minimalism, for a distinctly contemporary finish.\u00a0 The choice of stones means that you can personalise this collection, for extra uniqueness.  Questions about your choice?\u00a0 Don\u2019t hesitate to get in touch.\u00a0 You can call the showroom or open Live Chat.\u00a0 You\u2019ll reach an in-store advisor who can check on stock and make sure that your order will arrive in time.  &nbsp;\" \/>\n<meta property=\"og:url\" content=\"https:\/\/www.purejewels.com\/tr\/urun\/liana-kolye-ucu\/\" \/>\n<meta property=\"og:site_name\" content=\"PureJewels UK\" \/>\n<meta property=\"article:modified_time\" content=\"2025-03-19T08:08:19+00:00\" \/>\n<meta property=\"og:image\" content=\"https:\/\/www.purejewels.com\/wp-content\/uploads\/2017\/07\/liana-pendant-15807-2.jpg\" \/>\n\t<meta property=\"og:image:width\" content=\"960\" \/>\n\t<meta property=\"og:image:height\" content=\"960\" \/>\n\t<meta property=\"og:image:type\" content=\"image\/jpeg\" \/>\n<meta name=\"twitter:card\" content=\"summary_large_image\" \/>\n<meta name=\"twitter:label1\" content=\"Tahmini okuma s\u00fcresi\" \/>\n\t<meta name=\"twitter:data1\" content=\"1 dakika\" \/>\n<script type=\"application\/ld+json\" class=\"yoast-schema-graph\">{\"@context\":\"https:\\\/\\\/schema.org\",\"@graph\":[{\"@type\":[\"WebPage\",\"ItemPage\"],\"@id\":\"https:\\\/\\\/www.purejewels.com\\\/product\\\/liana-pendant\\\/\",\"url\":\"https:\\\/\\\/www.purejewels.com\\\/product\\\/liana-pendant\\\/\",\"name\":\"Liana Pendant - PureJewels UK\",\"isPartOf\":{\"@id\":\"https:\\\/\\\/www.purejewels.com\\\/#website\"},\"primaryImageOfPage\":{\"@id\":\"https:\\\/\\\/www.purejewels.com\\\/product\\\/liana-pendant\\\/#primaryimage\"},\"image\":{\"@id\":\"https:\\\/\\\/www.purejewels.com\\\/product\\\/liana-pendant\\\/#primaryimage\"},\"thumbnailUrl\":\"https:\\\/\\\/static.purejewels.com\\\/wp-content\\\/uploads\\\/2017\\\/07\\\/liana-pendant-15807-2.jpg\",\"datePublished\":\"2017-07-19T12:13:59+00:00\",\"dateModified\":\"2025-03-19T08:08:19+00:00\",\"breadcrumb\":{\"@id\":\"https:\\\/\\\/www.purejewels.com\\\/product\\\/liana-pendant\\\/#breadcrumb\"},\"inLanguage\":\"tr\",\"potentialAction\":[{\"@type\":\"ReadAction\",\"target\":[\"https:\\\/\\\/www.purejewels.com\\\/product\\\/liana-pendant\\\/\"]}]},{\"@type\":\"ImageObject\",\"inLanguage\":\"tr\",\"@id\":\"https:\\\/\\\/www.purejewels.com\\\/product\\\/liana-pendant\\\/#primaryimage\",\"url\":\"https:\\\/\\\/static.purejewels.com\\\/wp-content\\\/uploads\\\/2017\\\/07\\\/liana-pendant-15807-2.jpg\",\"contentUrl\":\"https:\\\/\\\/static.purejewels.com\\\/wp-content\\\/uploads\\\/2017\\\/07\\\/liana-pendant-15807-2.jpg\",\"width\":960,\"height\":960,\"caption\":\"liana-pendant-15807.jpg\"},{\"@type\":\"BreadcrumbList\",\"@id\":\"https:\\\/\\\/www.purejewels.com\\\/product\\\/liana-pendant\\\/#breadcrumb\",\"itemListElement\":[{\"@type\":\"ListItem\",\"position\":1,\"name\":\"Home\",\"item\":\"https:\\\/\\\/www.purejewels.com\\\/\"},{\"@type\":\"ListItem\",\"position\":2,\"name\":\"Shop\",\"item\":\"https:\\\/\\\/www.purejewels.com\\\/shop\\\/\"},{\"@type\":\"ListItem\",\"position\":3,\"name\":\"Liana Pendant\"}]},{\"@type\":\"WebSite\",\"@id\":\"https:\\\/\\\/www.purejewels.com\\\/#website\",\"url\":\"https:\\\/\\\/www.purejewels.com\\\/\",\"name\":\"PureJewels UK\",\"description\":\"Share the Love\",\"publisher\":{\"@id\":\"https:\\\/\\\/www.purejewels.com\\\/#organization\"},\"potentialAction\":[{\"@type\":\"SearchAction\",\"target\":{\"@type\":\"EntryPoint\",\"urlTemplate\":\"https:\\\/\\\/www.purejewels.com\\\/?s={search_term_string}\"},\"query-input\":{\"@type\":\"PropertyValueSpecification\",\"valueRequired\":true,\"valueName\":\"search_term_string\"}}],\"inLanguage\":\"tr\"},{\"@type\":\"Organization\",\"@id\":\"https:\\\/\\\/www.purejewels.com\\\/#organization\",\"name\":\"PureJewels UK\",\"url\":\"https:\\\/\\\/www.purejewels.com\\\/\",\"logo\":{\"@type\":\"ImageObject\",\"inLanguage\":\"tr\",\"@id\":\"https:\\\/\\\/www.purejewels.com\\\/#\\\/schema\\\/logo\\\/image\\\/\",\"url\":\"https:\\\/\\\/static.purejewels.com\\\/wp-content\\\/uploads\\\/2020\\\/11\\\/Logo-PJ-New-1.png\",\"contentUrl\":\"https:\\\/\\\/static.purejewels.com\\\/wp-content\\\/uploads\\\/2020\\\/11\\\/Logo-PJ-New-1.png\",\"width\":150,\"height\":80,\"caption\":\"PureJewels UK\"},\"image\":{\"@id\":\"https:\\\/\\\/www.purejewels.com\\\/#\\\/schema\\\/logo\\\/image\\\/\"}}]}<\/script>\n<!-- \/ Yoast SEO plugin. -->","yoast_head_json":{"title":"Liana Kolye Ucu - PureJewels UK","robots":{"index":"index","follow":"follow","max-snippet":"max-snippet:-1","max-image-preview":"max-image-preview:large","max-video-preview":"max-video-preview:-1"},"canonical":"https:\/\/www.purejewels.com\/tr\/urun\/liana-kolye-ucu\/","og_locale":"tr_TR","og_type":"article","og_title":"Liana Pendant - PureJewels UK","og_description":"18ct white gold  Diamonds 0.21cts  Aquamarines 0.84cts  Can be created in pink tourmaline, green tourmaline and morganite  Gold\u00a0Hallmarked by London Assay Office  Comes With Presentation Box  Delivery Included  All prices include VAT  Live chat with us for availability and more images of similar designs currently in stock  Liana pendant You know how this begins: a charming look, a memorable meeting, the heart is smitten.\u00a0 Liana becomes a part of your love story.  Choose your stone \u2013 aqua (for dreams), pink tourmaline (for romance), green tourmaline (for respect) or morganite (for optimism).\u00a0 We will create your Liana necklace to order, setting the stone of your choice in a swirling wave of polished white gold.\u00a0 It is finished with a generous 0.21ct of diamonds sprinkled over the central pendant.  Most pendants have a solid, 2D shape but Liana is distinctive for its fluid, textured design.\u00a0 It makes a sensational statement piece for a special occasion.\u00a0 If you\u2019re considering it for your wedding, take a look at the coordinating pieces \u2013 Liana, Wildflower and Floralia are all related to the same theme.  You could even choose several Liana pieces set with different stones, creating a multi-coloured set that\u2019s vibrant and joyful.  Designed by PureJewels Liana is an archive collection designed by PureJewels.\u00a0 It was such a favourite that we now offer it on special order.\u00a0 For brides and landmark occasions, the Liana pendant is a decadent piece that will be treasured forever.  In the design process, our team was inspired by ancient Indian artwork and the shapes found in nature.\u00a0 Liana fuses organic shapes with an elegant minimalism, for a distinctly contemporary finish.\u00a0 The choice of stones means that you can personalise this collection, for extra uniqueness.  Questions about your choice?\u00a0 Don\u2019t hesitate to get in touch.\u00a0 You can call the showroom or open Live Chat.\u00a0 You\u2019ll reach an in-store advisor who can check on stock and make sure that your order will arrive in time.  &nbsp;","og_url":"https:\/\/www.purejewels.com\/tr\/urun\/liana-kolye-ucu\/","og_site_name":"PureJewels UK","article_modified_time":"2025-03-19T08:08:19+00:00","og_image":[{"width":960,"height":960,"url":"https:\/\/www.purejewels.com\/wp-content\/uploads\/2017\/07\/liana-pendant-15807-2.jpg","type":"image\/jpeg"}],"twitter_card":"summary_large_image","twitter_misc":{"Tahmini okuma s\u00fcresi":"1 dakika"},"schema":{"@context":"https:\/\/schema.org","@graph":[{"@type":["WebPage","ItemPage"],"@id":"https:\/\/www.purejewels.com\/product\/liana-pendant\/","url":"https:\/\/www.purejewels.com\/product\/liana-pendant\/","name":"Liana Kolye Ucu - PureJewels UK","isPartOf":{"@id":"https:\/\/www.purejewels.com\/#website"},"primaryImageOfPage":{"@id":"https:\/\/www.purejewels.com\/product\/liana-pendant\/#primaryimage"},"image":{"@id":"https:\/\/www.purejewels.com\/product\/liana-pendant\/#primaryimage"},"thumbnailUrl":"https:\/\/static.purejewels.com\/wp-content\/uploads\/2017\/07\/liana-pendant-15807-2.jpg","datePublished":"2017-07-19T12:13:59+00:00","dateModified":"2025-03-19T08:08:19+00:00","breadcrumb":{"@id":"https:\/\/www.purejewels.com\/product\/liana-pendant\/#breadcrumb"},"inLanguage":"tr","potentialAction":[{"@type":"ReadAction","target":["https:\/\/www.purejewels.com\/product\/liana-pendant\/"]}]},{"@type":"ImageObject","inLanguage":"tr","@id":"https:\/\/www.purejewels.com\/product\/liana-pendant\/#primaryimage","url":"https:\/\/static.purejewels.com\/wp-content\/uploads\/2017\/07\/liana-pendant-15807-2.jpg","contentUrl":"https:\/\/static.purejewels.com\/wp-content\/uploads\/2017\/07\/liana-pendant-15807-2.jpg","width":960,"height":960,"caption":"liana-pendant-15807.jpg"},{"@type":"BreadcrumbList","@id":"https:\/\/www.purejewels.com\/product\/liana-pendant\/#breadcrumb","itemListElement":[{"@type":"ListItem","position":1,"name":"Home","item":"https:\/\/www.purejewels.com\/"},{"@type":"ListItem","position":2,"name":"Shop","item":"https:\/\/www.purejewels.com\/shop\/"},{"@type":"ListItem","position":3,"name":"Liana Pendant"}]},{"@type":"WebSite","@id":"https:\/\/www.purejewels.com\/#website","url":"https:\/\/www.purejewels.com\/","name":"PureJewels \u0130ngiltere","description":"Sevgiyi Payla\u015f\u0131n","publisher":{"@id":"https:\/\/www.purejewels.com\/#organization"},"potentialAction":[{"@type":"SearchAction","target":{"@type":"EntryPoint","urlTemplate":"https:\/\/www.purejewels.com\/?s={search_term_string}"},"query-input":{"@type":"PropertyValueSpecification","valueRequired":true,"valueName":"search_term_string"}}],"inLanguage":"tr"},{"@type":"Organization","@id":"https:\/\/www.purejewels.com\/#organization","name":"PureJewels \u0130ngiltere","url":"https:\/\/www.purejewels.com\/","logo":{"@type":"ImageObject","inLanguage":"tr","@id":"https:\/\/www.purejewels.com\/#\/schema\/logo\/image\/","url":"https:\/\/static.purejewels.com\/wp-content\/uploads\/2020\/11\/Logo-PJ-New-1.png","contentUrl":"https:\/\/static.purejewels.com\/wp-content\/uploads\/2020\/11\/Logo-PJ-New-1.png","width":150,"height":80,"caption":"PureJewels UK"},"image":{"@id":"https:\/\/www.purejewels.com\/#\/schema\/logo\/image\/"}}]}},"_links":{"self":[{"href":"https:\/\/www.purejewels.com\/tr\/wp-json\/wp\/v2\/product\/3490","targetHints":{"allow":["GET"]}}],"collection":[{"href":"https:\/\/www.purejewels.com\/tr\/wp-json\/wp\/v2\/product"}],"about":[{"href":"https:\/\/www.purejewels.com\/tr\/wp-json\/wp\/v2\/types\/product"}],"replies":[{"embeddable":true,"href":"https:\/\/www.purejewels.com\/tr\/wp-json\/wp\/v2\/comments?post=3490"}],"version-history":[{"count":1,"href":"https:\/\/www.purejewels.com\/tr\/wp-json\/wp\/v2\/product\/3490\/revisions"}],"predecessor-version":[{"id":389309,"href":"https:\/\/www.purejewels.com\/tr\/wp-json\/wp\/v2\/product\/3490\/revisions\/389309"}],"wp:featuredmedia":[{"embeddable":true,"href":"https:\/\/www.purejewels.com\/tr\/wp-json\/wp\/v2\/media\/3491"}],"wp:attachment":[{"href":"https:\/\/www.purejewels.com\/tr\/wp-json\/wp\/v2\/media?parent=3490"}],"wp:term":[{"taxonomy":"product_brand","embeddable":true,"href":"https:\/\/www.purejewels.com\/tr\/wp-json\/wp\/v2\/product_brand?post=3490"},{"taxonomy":"product_cat","embeddable":true,"href":"https:\/\/www.purejewels.com\/tr\/wp-json\/wp\/v2\/product_cat?post=3490"},{"taxonomy":"product_tag","embeddable":true,"href":"https:\/\/www.purejewels.com\/tr\/wp-json\/wp\/v2\/product_tag?post=3490"}],"curies":[{"name":"wp","href":"https:\/\/api.w.org\/{rel}","templated":true}]}}