{"id":349005,"date":"2024-07-15T06:56:29","date_gmt":"2024-07-15T05:56:29","guid":{"rendered":"https:\/\/www.purejewels.com\/?post_type=product&#038;p=349005"},"modified":"2026-02-02T09:15:39","modified_gmt":"2026-02-02T09:15:39","slug":"22-ayar-altin-kolye-ucu-kolye-43429","status":"publish","type":"product","link":"https:\/\/www.purejewels.com\/tr\/product\/22ct-gold-pendant-necklace-43429\/","title":{"rendered":"22 Ayar Alt\u0131n Kolye Kolye | Rozet Koleksiyonu"},"content":{"rendered":"<p class=\"mb-2 mt-6 text-lg first:mt-3\"><strong><a href=\"https:\/\/www.purejewels.com\/tr\/product\/22ct-gold-fancy-pendant-23444\/\">22 Ayar Alt\u0131n Kolye<\/a> Kolye | Rozet Koleksiyonu<\/strong><\/p>\n<p>Bu zarif tasar\u0131mla tarz\u0131n\u0131z\u0131 y\u00fckseltin <a href=\"https:\/\/www.purejewels.com\/tr\/product\/22ct-gold-jali-filigree-ring-jali-collection-31926\/\">22ct<\/a> <a href=\"https:\/\/www.purejewels.com\/tr\/product\/22ct-real-gold-shoe-pendant-43097\/\">Alt\u0131n Kolye<\/a> PureJewels'in \u00f6zel Rosette Koleksiyonundan kolye. Detaylara titizlikle \u00f6zen g\u00f6sterilerek haz\u0131rlanan bu kolye ucu, zengin miras\u0131 ve geleneksel tasar\u0131m\u0131n zamans\u0131z zarafetini yans\u0131t\u0131yor. <a href=\"https:\/\/www.purejewels.com\/tr\/contact\/\">Hint m\u00fccevherleri<\/a>Bu \u00e7arp\u0131c\u0131 kolyenin merkezinde, narin bir rozet tasar\u0131m\u0131na sahip b\u00fcy\u00fcleyici bir 22 ayar alt\u0131n kolye ucu yer al\u0131yor.<\/p>\n<p>Karma\u015f\u0131k rozet, geleneksel teknikler kullan\u0131larak ustal\u0131kla elde i\u015flenmi\u015ftir ve her bir par\u00e7ada kullan\u0131lan ola\u011fan\u00fcst\u00fc sanat\u0131 g\u00f6zler \u00f6n\u00fcne serer. 22ct alt\u0131n\u0131n s\u0131cak ve parlak \u0131\u015f\u0131lt\u0131s\u0131, bir alt\u0131n kaplama ile daha da zenginle\u015ftirilmi\u015ftir. <a href=\"https:\/\/www.purejewels.com\/tr\/armari-collection\/\">antika kaplama<\/a>Kolyeye vintage esintili b\u00fcy\u00fcleyici bir g\u00f6r\u00fcn\u00fcm kazand\u0131ran bu kolye ucu, herhangi bir gelin veya resmi k\u0131yafet i\u00e7in m\u00fckemmel bir ektir. Klasik ve <a href=\"https:\/\/www.purejewels.com\/tr\/product\/18ct-yellow-gold-diamond-and-peridot-necklace-18-inches-44229\/\">sofi\u0307sti\u0307ke tasarim<\/a> her duruma uyacak \u015fekilde giydirilebilen \u00e7ok y\u00f6nl\u00fc bir se\u00e7imdir.<\/p>\n<p>\u0130ster \u00f6zel bir etkinli\u011fe kat\u0131l\u0131yor ister g\u00fcnl\u00fck stilinizi y\u00fckseltmek istiyor olun, bu <a href=\"https:\/\/www.purejewels.com\/tr\/product\/round-pendant-necklace-in-22ct-gold-45139\/\">22 Ayar Alt\u0131n Kolye Ucu Kolye<\/a> Rosette Koleksiyonu'ndan bu kolye, PureJewels'in \u00f6zel ve y\u00fcksek kaliteli m\u00fccevherler yaratma konusundaki kararl\u0131l\u0131\u011f\u0131n\u0131n bir kan\u0131t\u0131d\u0131r. Markan\u0131n kendi koleksiyonunun bir par\u00e7as\u0131 olan bu kolye ucu kolye, m\u00fccevher kutunuza e\u015fsiz ve de\u011ferli bir ektir. 22 ayar alt\u0131ndan \u00fcretilen bu zamans\u0131z kolye ucuna yat\u0131r\u0131m yap\u0131n ve nesiller boyu aktarabilece\u011finiz de\u011ferli bir yadig\u00e2r olmas\u0131na izin verin. Rosette Koleksiyonu'ndan bu ola\u011fan\u00fcst\u00fc par\u00e7a ile geleneksel i\u015f\u00e7ili\u011fin g\u00fczelli\u011fini ve 22 ayar alt\u0131n\u0131n kal\u0131c\u0131 cazibesini kucaklay\u0131n.<\/p>\n<p>&nbsp;<\/p>","protected":false},"excerpt":{"rendered":"<p>Rosette Koleksiyonu'ndan bu 22 ayar alt\u0131n kolye, sanat ve gelene\u011fin bir kutlamas\u0131d\u0131r. 28,1 gr a\u011f\u0131rl\u0131\u011f\u0131ndaki kolyenin zinciri boyunca uzanan karma\u015f\u0131k rozet motifleri, gran\u00fclasyon ve \u00e7i\u00e7ek detaylar\u0131yla bezeli s\u00fcsl\u00fc bir merkezi kolyeye uzan\u0131yor. Londra Tahlil Ofisi taraf\u0131ndan tam damgalanm\u0131\u015f olan bu yadig\u00e2r par\u00e7a, modern kullan\u0131c\u0131lar i\u00e7in miras niteli\u011findeki i\u015f\u00e7ili\u011fi temsil ediyor.<\/p>\n<p><strong>Malzeme:<\/strong> 22 Ayar Alt\u0131n<br \/>\n<strong>Safl\u0131k:<\/strong> 91.6% saf<br \/>\n<strong>Hallmark:<\/strong> \u0130ngiliz Damgas\u0131<br \/>\n<strong>Br\u00fct A\u011f\u0131rl\u0131k:<\/strong> 28.10 Gms<br \/>\n<strong>Uzunluk:<\/strong> 21 in\u00e7<br \/>\n<strong>Katalog kimli\u011fi:<\/strong> R1057<br \/>\n<strong>SKU:<\/strong> 43429<\/p>\n<p><strong>Fiyat ve Teslimat:<\/strong> KDV ve teslimat \u00fccretleri dahil<br \/>\n<strong><a href=\"https:\/\/www.purejewels.com\/tr\/i%cc%87ade-poli%cc%87ti%cc%87kasi\/\">\u0130ade Politikas\u0131<\/a><\/strong><\/p>","protected":false},"featured_media":349006,"comment_status":"closed","ping_status":"closed","template":"","meta":{"_eb_attr":"","_crsspst_to_jayantr4sg-hostcom":false},"product_brand":[],"product_cat":[1780,5950,5370,1229,1253,5902,1656,5275,1573,1574],"product_tag":[],"class_list":{"0":"post-349005","1":"product","2":"type-product","3":"status-publish","4":"has-post-thumbnail","6":"product_cat-antique-style-necklaces","7":"product_cat-bridal-necklace","8":"product_cat-ethnic-jewellery","9":"product_cat-22ct-gold-jewellery","10":"product_cat-gold-necklaces","11":"product_cat-lariat-necklace","12":"product_cat-rosettes-collections","13":"product_cat-rosettes-necklace","14":"product_cat-wedding-gifts","15":"product_cat-womens-jewellery","17":"first","18":"onbackorder","19":"taxable","20":"shipping-taxable","21":"purchasable","22":"product-type-simple","23":"add-to-wishlist-before_image"},"yoast_head":"<!-- This site is optimized with the Yoast SEO plugin v27.5 - https:\/\/yoast.com\/product\/yoast-seo-wordpress\/ -->\n<title>Buy 22ct Gold Pendant Necklace from Rosette Collection<\/title>\n<meta name=\"description\" content=\"Purchase the 22ct Gold Pendant Necklace from Rosette Collection. Elevate your style with exquisite elegance. Shop now! Free delivery across UK.\" \/>\n<meta name=\"robots\" content=\"index, follow, max-snippet:-1, max-image-preview:large, max-video-preview:-1\" \/>\n<link rel=\"canonical\" href=\"https:\/\/www.purejewels.com\/tr\/urun\/22-ayar-altin-kolye-ucu-kolye-43429\/\" \/>\n<meta property=\"og:locale\" content=\"tr_TR\" \/>\n<meta property=\"og:type\" content=\"article\" \/>\n<meta property=\"og:title\" content=\"Buy 22ct Gold Pendant Necklace from Rosette Collection\" \/>\n<meta property=\"og:description\" content=\"Purchase the 22ct Gold Pendant Necklace from Rosette Collection. Elevate your style with exquisite elegance. Shop now! Free delivery across UK.\" \/>\n<meta property=\"og:url\" content=\"https:\/\/www.purejewels.com\/tr\/urun\/22-ayar-altin-kolye-ucu-kolye-43429\/\" \/>\n<meta property=\"og:site_name\" content=\"PureJewels UK\" \/>\n<meta property=\"article:modified_time\" content=\"2026-02-02T09:15:39+00:00\" \/>\n<meta property=\"og:image\" content=\"https:\/\/static.purejewels.com\/wp-content\/uploads\/2023\/07\/43429.jpg\" \/>\n\t<meta property=\"og:image:width\" content=\"1000\" \/>\n\t<meta property=\"og:image:height\" content=\"1000\" \/>\n\t<meta property=\"og:image:type\" content=\"image\/jpeg\" \/>\n<meta name=\"twitter:card\" content=\"summary_large_image\" \/>\n<meta name=\"twitter:label1\" content=\"Tahmini okuma s\u00fcresi\" \/>\n\t<meta name=\"twitter:data1\" content=\"2 dakika\" \/>\n<script type=\"application\/ld+json\" class=\"yoast-schema-graph\">{\"@context\":\"https:\\\/\\\/schema.org\",\"@graph\":[{\"@type\":[\"WebPage\",\"ItemPage\"],\"@id\":\"https:\\\/\\\/www.purejewels.com\\\/product\\\/22ct-gold-pendant-necklace-43429\\\/\",\"url\":\"https:\\\/\\\/www.purejewels.com\\\/product\\\/22ct-gold-pendant-necklace-43429\\\/\",\"name\":\"Buy 22ct Gold Pendant Necklace from Rosette Collection\",\"isPartOf\":{\"@id\":\"https:\\\/\\\/www.purejewels.com\\\/#website\"},\"primaryImageOfPage\":{\"@id\":\"https:\\\/\\\/www.purejewels.com\\\/product\\\/22ct-gold-pendant-necklace-43429\\\/#primaryimage\"},\"image\":{\"@id\":\"https:\\\/\\\/www.purejewels.com\\\/product\\\/22ct-gold-pendant-necklace-43429\\\/#primaryimage\"},\"thumbnailUrl\":\"https:\\\/\\\/static.purejewels.com\\\/wp-content\\\/uploads\\\/2023\\\/07\\\/43429.jpg\",\"datePublished\":\"2024-07-15T05:56:29+00:00\",\"dateModified\":\"2026-02-02T09:15:39+00:00\",\"description\":\"Purchase the 22ct Gold Pendant Necklace from Rosette Collection. Elevate your style with exquisite elegance. Shop now! Free delivery across UK.\",\"breadcrumb\":{\"@id\":\"https:\\\/\\\/www.purejewels.com\\\/product\\\/22ct-gold-pendant-necklace-43429\\\/#breadcrumb\"},\"inLanguage\":\"tr\",\"potentialAction\":[{\"@type\":\"ReadAction\",\"target\":[\"https:\\\/\\\/www.purejewels.com\\\/product\\\/22ct-gold-pendant-necklace-43429\\\/\"]}]},{\"@type\":\"ImageObject\",\"inLanguage\":\"tr\",\"@id\":\"https:\\\/\\\/www.purejewels.com\\\/product\\\/22ct-gold-pendant-necklace-43429\\\/#primaryimage\",\"url\":\"https:\\\/\\\/static.purejewels.com\\\/wp-content\\\/uploads\\\/2023\\\/07\\\/43429.jpg\",\"contentUrl\":\"https:\\\/\\\/static.purejewels.com\\\/wp-content\\\/uploads\\\/2023\\\/07\\\/43429.jpg\",\"width\":1000,\"height\":1000,\"caption\":\"22ct Gold Pendant Necklace\"},{\"@type\":\"BreadcrumbList\",\"@id\":\"https:\\\/\\\/www.purejewels.com\\\/product\\\/22ct-gold-pendant-necklace-43429\\\/#breadcrumb\",\"itemListElement\":[{\"@type\":\"ListItem\",\"position\":1,\"name\":\"Home\",\"item\":\"https:\\\/\\\/www.purejewels.com\\\/\"},{\"@type\":\"ListItem\",\"position\":2,\"name\":\"Shop\",\"item\":\"https:\\\/\\\/www.purejewels.com\\\/shop\\\/\"},{\"@type\":\"ListItem\",\"position\":3,\"name\":\"22ct Gold Pendant Necklace | Rosette Collection\"}]},{\"@type\":\"WebSite\",\"@id\":\"https:\\\/\\\/www.purejewels.com\\\/#website\",\"url\":\"https:\\\/\\\/www.purejewels.com\\\/\",\"name\":\"PureJewels UK\",\"description\":\"Share the Love\",\"publisher\":{\"@id\":\"https:\\\/\\\/www.purejewels.com\\\/#organization\"},\"potentialAction\":[{\"@type\":\"SearchAction\",\"target\":{\"@type\":\"EntryPoint\",\"urlTemplate\":\"https:\\\/\\\/www.purejewels.com\\\/?s={search_term_string}\"},\"query-input\":{\"@type\":\"PropertyValueSpecification\",\"valueRequired\":true,\"valueName\":\"search_term_string\"}}],\"inLanguage\":\"tr\"},{\"@type\":\"Organization\",\"@id\":\"https:\\\/\\\/www.purejewels.com\\\/#organization\",\"name\":\"PureJewels UK\",\"url\":\"https:\\\/\\\/www.purejewels.com\\\/\",\"logo\":{\"@type\":\"ImageObject\",\"inLanguage\":\"tr\",\"@id\":\"https:\\\/\\\/www.purejewels.com\\\/#\\\/schema\\\/logo\\\/image\\\/\",\"url\":\"https:\\\/\\\/static.purejewels.com\\\/wp-content\\\/uploads\\\/2020\\\/11\\\/Logo-PJ-New-1.png\",\"contentUrl\":\"https:\\\/\\\/static.purejewels.com\\\/wp-content\\\/uploads\\\/2020\\\/11\\\/Logo-PJ-New-1.png\",\"width\":150,\"height\":80,\"caption\":\"PureJewels UK\"},\"image\":{\"@id\":\"https:\\\/\\\/www.purejewels.com\\\/#\\\/schema\\\/logo\\\/image\\\/\"}}]}<\/script>\n<!-- \/ Yoast SEO plugin. -->","yoast_head_json":{"title":"Rosette Collection'dan 22 Ayar Alt\u0131n Kolye Kolye Sat\u0131n Al\u0131n","description":"Rosette Collection'dan 22 ayar alt\u0131n kolye ucu sat\u0131n al\u0131n. Zarif bir \u015f\u0131kl\u0131kla stilinizi y\u00fckseltin. \u015eimdi al\u0131\u015fveri\u015f yap\u0131n! \u0130ngiltere genelinde \u00fccretsiz teslimat.","robots":{"index":"index","follow":"follow","max-snippet":"max-snippet:-1","max-image-preview":"max-image-preview:large","max-video-preview":"max-video-preview:-1"},"canonical":"https:\/\/www.purejewels.com\/tr\/urun\/22-ayar-altin-kolye-ucu-kolye-43429\/","og_locale":"tr_TR","og_type":"article","og_title":"Buy 22ct Gold Pendant Necklace from Rosette Collection","og_description":"Purchase the 22ct Gold Pendant Necklace from Rosette Collection. Elevate your style with exquisite elegance. Shop now! Free delivery across UK.","og_url":"https:\/\/www.purejewels.com\/tr\/urun\/22-ayar-altin-kolye-ucu-kolye-43429\/","og_site_name":"PureJewels UK","article_modified_time":"2026-02-02T09:15:39+00:00","og_image":[{"width":1000,"height":1000,"url":"https:\/\/static.purejewels.com\/wp-content\/uploads\/2023\/07\/43429.jpg","type":"image\/jpeg"}],"twitter_card":"summary_large_image","twitter_misc":{"Tahmini okuma s\u00fcresi":"2 dakika"},"schema":{"@context":"https:\/\/schema.org","@graph":[{"@type":["WebPage","ItemPage"],"@id":"https:\/\/www.purejewels.com\/product\/22ct-gold-pendant-necklace-43429\/","url":"https:\/\/www.purejewels.com\/product\/22ct-gold-pendant-necklace-43429\/","name":"Rosette Collection'dan 22 Ayar Alt\u0131n Kolye Kolye Sat\u0131n Al\u0131n","isPartOf":{"@id":"https:\/\/www.purejewels.com\/#website"},"primaryImageOfPage":{"@id":"https:\/\/www.purejewels.com\/product\/22ct-gold-pendant-necklace-43429\/#primaryimage"},"image":{"@id":"https:\/\/www.purejewels.com\/product\/22ct-gold-pendant-necklace-43429\/#primaryimage"},"thumbnailUrl":"https:\/\/static.purejewels.com\/wp-content\/uploads\/2023\/07\/43429.jpg","datePublished":"2024-07-15T05:56:29+00:00","dateModified":"2026-02-02T09:15:39+00:00","description":"Rosette Collection'dan 22 ayar alt\u0131n kolye ucu sat\u0131n al\u0131n. Zarif bir \u015f\u0131kl\u0131kla stilinizi y\u00fckseltin. \u015eimdi al\u0131\u015fveri\u015f yap\u0131n! \u0130ngiltere genelinde \u00fccretsiz teslimat.","breadcrumb":{"@id":"https:\/\/www.purejewels.com\/product\/22ct-gold-pendant-necklace-43429\/#breadcrumb"},"inLanguage":"tr","potentialAction":[{"@type":"ReadAction","target":["https:\/\/www.purejewels.com\/product\/22ct-gold-pendant-necklace-43429\/"]}]},{"@type":"ImageObject","inLanguage":"tr","@id":"https:\/\/www.purejewels.com\/product\/22ct-gold-pendant-necklace-43429\/#primaryimage","url":"https:\/\/static.purejewels.com\/wp-content\/uploads\/2023\/07\/43429.jpg","contentUrl":"https:\/\/static.purejewels.com\/wp-content\/uploads\/2023\/07\/43429.jpg","width":1000,"height":1000,"caption":"22ct Gold Pendant Necklace"},{"@type":"BreadcrumbList","@id":"https:\/\/www.purejewels.com\/product\/22ct-gold-pendant-necklace-43429\/#breadcrumb","itemListElement":[{"@type":"ListItem","position":1,"name":"Home","item":"https:\/\/www.purejewels.com\/"},{"@type":"ListItem","position":2,"name":"Shop","item":"https:\/\/www.purejewels.com\/shop\/"},{"@type":"ListItem","position":3,"name":"22ct Gold Pendant Necklace | Rosette Collection"}]},{"@type":"WebSite","@id":"https:\/\/www.purejewels.com\/#website","url":"https:\/\/www.purejewels.com\/","name":"PureJewels \u0130ngiltere","description":"Sevgiyi Payla\u015f\u0131n","publisher":{"@id":"https:\/\/www.purejewels.com\/#organization"},"potentialAction":[{"@type":"SearchAction","target":{"@type":"EntryPoint","urlTemplate":"https:\/\/www.purejewels.com\/?s={search_term_string}"},"query-input":{"@type":"PropertyValueSpecification","valueRequired":true,"valueName":"search_term_string"}}],"inLanguage":"tr"},{"@type":"Organization","@id":"https:\/\/www.purejewels.com\/#organization","name":"PureJewels \u0130ngiltere","url":"https:\/\/www.purejewels.com\/","logo":{"@type":"ImageObject","inLanguage":"tr","@id":"https:\/\/www.purejewels.com\/#\/schema\/logo\/image\/","url":"https:\/\/static.purejewels.com\/wp-content\/uploads\/2020\/11\/Logo-PJ-New-1.png","contentUrl":"https:\/\/static.purejewels.com\/wp-content\/uploads\/2020\/11\/Logo-PJ-New-1.png","width":150,"height":80,"caption":"PureJewels UK"},"image":{"@id":"https:\/\/www.purejewels.com\/#\/schema\/logo\/image\/"}}]}},"_links":{"self":[{"href":"https:\/\/www.purejewels.com\/tr\/wp-json\/wp\/v2\/product\/349005","targetHints":{"allow":["GET"]}}],"collection":[{"href":"https:\/\/www.purejewels.com\/tr\/wp-json\/wp\/v2\/product"}],"about":[{"href":"https:\/\/www.purejewels.com\/tr\/wp-json\/wp\/v2\/types\/product"}],"replies":[{"embeddable":true,"href":"https:\/\/www.purejewels.com\/tr\/wp-json\/wp\/v2\/comments?post=349005"}],"version-history":[{"count":3,"href":"https:\/\/www.purejewels.com\/tr\/wp-json\/wp\/v2\/product\/349005\/revisions"}],"predecessor-version":[{"id":411497,"href":"https:\/\/www.purejewels.com\/tr\/wp-json\/wp\/v2\/product\/349005\/revisions\/411497"}],"wp:featuredmedia":[{"embeddable":true,"href":"https:\/\/www.purejewels.com\/tr\/wp-json\/wp\/v2\/media\/349006"}],"wp:attachment":[{"href":"https:\/\/www.purejewels.com\/tr\/wp-json\/wp\/v2\/media?parent=349005"}],"wp:term":[{"taxonomy":"product_brand","embeddable":true,"href":"https:\/\/www.purejewels.com\/tr\/wp-json\/wp\/v2\/product_brand?post=349005"},{"taxonomy":"product_cat","embeddable":true,"href":"https:\/\/www.purejewels.com\/tr\/wp-json\/wp\/v2\/product_cat?post=349005"},{"taxonomy":"product_tag","embeddable":true,"href":"https:\/\/www.purejewels.com\/tr\/wp-json\/wp\/v2\/product_tag?post=349005"}],"curies":[{"name":"wp","href":"https:\/\/api.w.org\/{rel}","templated":true}]}}