{"id":3492,"date":"2017-07-19T13:14:00","date_gmt":"2017-07-19T12:14:00","guid":{"rendered":"http:\/\/new.purejewels.com\/product\/liana-earrings\/"},"modified":"2026-01-06T06:57:52","modified_gmt":"2026-01-06T06:57:52","slug":"liana-kupeler","status":"publish","type":"product","link":"https:\/\/www.purejewels.com\/tr\/product\/liana-earrings\/","title":{"rendered":"Liana K\u00fcpeler"},"content":{"rendered":"<p>SKU 15804<\/p>","protected":false},"excerpt":{"rendered":"<p>&nbsp;<\/p>\n<ul>\n<li>18 ayar beyaz alt\u0131n K\u00fcpe<\/li>\n<li>P\u0131rlanta 0,38 cts, Akuamarin 0,84 cts<\/li>\n<li>Pembe turmalin, ye\u015fil turmalin ve morganitten olu\u015fturulabilir<\/li>\n<li>London Assay Office taraf\u0131ndan damgalanm\u0131\u015ft\u0131r<\/li>\n<li>Sunum Kutusu ile Birlikte Gelir<\/li>\n<li>Teslimat Dahil<\/li>\n<li>T\u00fcm fiyatlara KDV dahildir<\/li>\n<li>Stok durumu ve stokta bulunan benzer tasar\u0131mlar\u0131n daha fazla g\u00f6r\u00fcnt\u00fcs\u00fc i\u00e7in bizimle canl\u0131 sohbet edin<\/li>\n<\/ul>\n<p><strong>Liana akuamarin k\u00fcpeler<br \/>\n<\/strong>Muhte\u015fem 18 ayar beyaz alt\u0131n kula\u011f\u0131n\u0131zdan a\u015fa\u011f\u0131ya do\u011fru s\u00fcz\u00fcl\u00fcyor: Bu dramatik damla k\u00fcpeler \u00f6zel g\u00fcnler i\u00e7in m\u00fckemmel.<\/p>\n<p><em>Liana<\/em> PureJewels'te \u00f6m\u00fcr boyu favori olmu\u015f bir ar\u015fiv koleksiyonudur.  Parlat\u0131lm\u0131\u015f beyaz alt\u0131n ve kristal berrakl\u0131\u011f\u0131nda akuamarin ile karakterize edilen bu koleksiyon, her yerde romantik ve \u015f\u0131k kad\u0131nlar taraf\u0131ndan sevilmektedir.<\/p>\n<p>Bu k\u00fcpeler 0,38 ct p\u0131rlanta ile s\u00fcslenmi\u015ftir ve akuamarin (burada g\u00f6r\u00fcl\u00fcyor) veya se\u00e7ti\u011finiz ta\u015f ile yap\u0131labilir.  Kad\u0131ns\u0131 pembe turmalin, pembe renkli morganit, iddial\u0131 ye\u015fil turmalin veya r\u00fcya gibi aqua aras\u0131ndan se\u00e7im yap\u0131n.  Hangisini se\u00e7ti\u011finize ba\u011fl\u0131 olarak <em>Liana<\/em> K\u00fcpeler biraz da sizin ki\u015fili\u011finize b\u00fcr\u00fcn\u00fcyor!<\/p>\n<p>Hatta her biri i\u00e7in farkl\u0131 bir ta\u015f se\u00e7ebilirsiniz <em>Liana<\/em> koleksiyonunuzdaki bir par\u00e7a: parlak \u00e7i\u00e7eklerle dolu bir bah\u00e7e.<\/p>\n<p><strong>Bir Liana seti olu\u015fturun<\/strong><br \/>\nBu <em>Liana<\/em> K\u00fcpeler, gece k\u0131yafetinizin bir par\u00e7as\u0131 olarak tek ba\u015flar\u0131na tak\u0131ld\u0131\u011f\u0131nda sansasyonel g\u00f6r\u00fcn\u00fcr.  Ama biz onlar\u0131 kolye ile birlikte muhte\u015fem bir gelin tak\u0131 seti olu\u015ftururken g\u00f6rd\u00fck.  \u00c7\u00f6kmekte olan elmaslarla s\u00fcslenmi\u015ftir, <em>Liana<\/em> k\u0131rm\u0131z\u0131 hal\u0131ya lay\u0131k.<\/p>\n<p><strong>PureJewels Hakk\u0131nda<br \/>\n<\/strong><em>Liana<\/em> \u015firket i\u00e7i ekibimiz taraf\u0131ndan tasarlanan \u00f6zel koleksiyonlar\u0131m\u0131zdan biridir.  Bhanji Gokaldas PureJewels olarak 40 y\u0131l\u0131 a\u015fk\u0131n bir s\u00fcre \u00f6nce ba\u015flayan uzun bir tasar\u0131m ve i\u015f\u00e7ilik gelene\u011fine sahibiz.  Bug\u00fcn, b\u00fcy\u00fck \u00f6l\u00e7\u00fcde \u0130ngiltere'de \u00fcretilen koleksiyonlar\u0131m\u0131zda en iyi alt\u0131n ve ta\u015flar\u0131 kullanmaya odaklanm\u0131\u015f durumday\u0131z.  Ekibimiz ayr\u0131ca d\u00fcnyan\u0131n d\u00f6rt bir yan\u0131ndan g\u00fczel m\u00fccevherler tedarik etmektedir.<\/p>\n<p>Kararlar\u0131n\u0131zda teredd\u00fct m\u00fc ediyorsunuz?  Neden Canl\u0131 Sohbet'i a\u00e7m\u0131yor ve m\u00fccevher se\u00e7imleriniz hakk\u0131nda bizimle konu\u015fmuyorsunuz?  Ki\u015fisel bir gelin seti olu\u015fturman\u0131za veya bir par\u00e7ay\u0131 k\u0131yafetinizle e\u015fle\u015ftirmenize yard\u0131mc\u0131 olabiliriz.  Hatta m\u00fckemmel hediyeyi se\u00e7menize bile yard\u0131mc\u0131 olabiliriz!  Online sohbet edin veya Londra'daki showroomumuzda dan\u0131\u015fmanlar\u0131m\u0131zdan biriyle konu\u015fmak i\u00e7in aray\u0131n.<\/p>","protected":false},"featured_media":3493,"comment_status":"closed","ping_status":"closed","template":"","meta":{"_eb_attr":"","_crsspst_to_jayantr4sg-hostcom":false},"product_brand":[],"product_cat":[236,1685,253,1229,1537],"product_tag":[],"class_list":{"0":"post-3492","1":"product","2":"type-product","3":"status-publish","4":"has-post-thumbnail","6":"product_cat-collections","7":"product_cat-drop-earrings","8":"product_cat-floralia-collections","9":"product_cat-22ct-gold-jewellery","10":"product_cat-white-gold-jewellery-set","12":"first","13":"outofstock","14":"product-type-simple","15":"add-to-wishlist-before_image"},"yoast_head":"<!-- This site is optimized with the Yoast SEO plugin v27.3 - https:\/\/yoast.com\/product\/yoast-seo-wordpress\/ -->\n<title>Liana Earrings - PureJewels UK<\/title>\n<meta name=\"robots\" content=\"index, follow, max-snippet:-1, max-image-preview:large, max-video-preview:-1\" \/>\n<link rel=\"canonical\" href=\"https:\/\/www.purejewels.com\/tr\/urun\/liana-kupeler\/\" \/>\n<meta property=\"og:locale\" content=\"tr_TR\" \/>\n<meta property=\"og:type\" content=\"article\" \/>\n<meta property=\"og:title\" content=\"Liana Earrings - PureJewels UK\" \/>\n<meta property=\"og:description\" content=\"&nbsp;   18ct white gold Earring  Diamonds 0.38 cts, Aquamarines 0.84 cts  Can be created in pink tourmaline, green tourmaline and morganite  Hallmarked by London Assay Office  Comes With Presentation Box  Delivery Included  All prices include VAT  Live chat with us for availability and more images of similar designs currently in stock  Liana aquamarine earrings Gorgeous 18ct white gold dives from your ear with a flourish: these dramatic drop earrings are perfect for special occasions.  Liana is an archive collection that has become a lifelong favourite at PureJewels.\u00a0 Characterised by polished white gold and crystal-clear aquamarine, it\u2019s beloved by romantic and chic women everywhere.  These earrings are dressed with 0.38ct of diamonds, and can be made with aquamarine (seen here) or your choice of stone.\u00a0 Pick from feminine pink tourmaline, rosy-hued morganite, assertive green tourmaline, or dreamy aqua.\u00a0 Depending which you choose, your Liana earrings take on a little bit of your personality!  You can even choose a different stone for each Liana piece in your collection: a garden full of bright flowers.  Create a Liana set The Liana earrings look sensational worn alone as part of your evening attire.\u00a0 But we\u2019ve seen them combined with the necklace to create a spectacular bridal jewellery set.\u00a0 Decadently trimmed with diamonds, Liana is red-carpet-worthy.  About PureJewels Liana is one of our exclusive collections designed by the in-house team.\u00a0 We have a long tradition of design and craftsmanship that started when Bhanji Gokaldas PureJewels more than 40 years ago.\u00a0 Today, we are focused on using the finest gold and stones in our collections, which are largely crafted in Britain.\u00a0 Our team also sources beautiful jewellery from all over the world.  Hesitating in your decisions?\u00a0 Why not open Live Chat and talk to us about your jewellery choices.\u00a0 We can help you to create a personal bridal set or match a piece to your outfit.\u00a0 We can even help you choose the perfect gift!\u00a0 Chat online or call to speak to one of our advisors in the London show room.\" \/>\n<meta property=\"og:url\" content=\"https:\/\/www.purejewels.com\/tr\/urun\/liana-kupeler\/\" \/>\n<meta property=\"og:site_name\" content=\"PureJewels UK\" \/>\n<meta property=\"article:modified_time\" content=\"2026-01-06T06:57:52+00:00\" \/>\n<meta property=\"og:image\" content=\"https:\/\/www.purejewels.com\/wp-content\/uploads\/2017\/07\/liana-earrings-15804-2.jpg\" \/>\n\t<meta property=\"og:image:width\" content=\"960\" \/>\n\t<meta property=\"og:image:height\" content=\"960\" \/>\n\t<meta property=\"og:image:type\" content=\"image\/jpeg\" \/>\n<meta name=\"twitter:card\" content=\"summary_large_image\" \/>\n<meta name=\"twitter:label1\" content=\"Tahmini okuma s\u00fcresi\" \/>\n\t<meta name=\"twitter:data1\" content=\"1 dakika\" \/>\n<script type=\"application\/ld+json\" class=\"yoast-schema-graph\">{\"@context\":\"https:\\\/\\\/schema.org\",\"@graph\":[{\"@type\":[\"WebPage\",\"ItemPage\"],\"@id\":\"https:\\\/\\\/www.purejewels.com\\\/product\\\/liana-earrings\\\/\",\"url\":\"https:\\\/\\\/www.purejewels.com\\\/product\\\/liana-earrings\\\/\",\"name\":\"Liana Earrings - PureJewels UK\",\"isPartOf\":{\"@id\":\"https:\\\/\\\/www.purejewels.com\\\/#website\"},\"primaryImageOfPage\":{\"@id\":\"https:\\\/\\\/www.purejewels.com\\\/product\\\/liana-earrings\\\/#primaryimage\"},\"image\":{\"@id\":\"https:\\\/\\\/www.purejewels.com\\\/product\\\/liana-earrings\\\/#primaryimage\"},\"thumbnailUrl\":\"https:\\\/\\\/static.purejewels.com\\\/wp-content\\\/uploads\\\/2017\\\/07\\\/liana-earrings-15804-2.jpg\",\"datePublished\":\"2017-07-19T12:14:00+00:00\",\"dateModified\":\"2026-01-06T06:57:52+00:00\",\"breadcrumb\":{\"@id\":\"https:\\\/\\\/www.purejewels.com\\\/product\\\/liana-earrings\\\/#breadcrumb\"},\"inLanguage\":\"tr\",\"potentialAction\":[{\"@type\":\"ReadAction\",\"target\":[\"https:\\\/\\\/www.purejewels.com\\\/product\\\/liana-earrings\\\/\"]}]},{\"@type\":\"ImageObject\",\"inLanguage\":\"tr\",\"@id\":\"https:\\\/\\\/www.purejewels.com\\\/product\\\/liana-earrings\\\/#primaryimage\",\"url\":\"https:\\\/\\\/static.purejewels.com\\\/wp-content\\\/uploads\\\/2017\\\/07\\\/liana-earrings-15804-2.jpg\",\"contentUrl\":\"https:\\\/\\\/static.purejewels.com\\\/wp-content\\\/uploads\\\/2017\\\/07\\\/liana-earrings-15804-2.jpg\",\"width\":960,\"height\":960,\"caption\":\"liana-earrings-15804.jpg\"},{\"@type\":\"BreadcrumbList\",\"@id\":\"https:\\\/\\\/www.purejewels.com\\\/product\\\/liana-earrings\\\/#breadcrumb\",\"itemListElement\":[{\"@type\":\"ListItem\",\"position\":1,\"name\":\"Home\",\"item\":\"https:\\\/\\\/www.purejewels.com\\\/\"},{\"@type\":\"ListItem\",\"position\":2,\"name\":\"Shop\",\"item\":\"https:\\\/\\\/www.purejewels.com\\\/shop\\\/\"},{\"@type\":\"ListItem\",\"position\":3,\"name\":\"Liana Earrings\"}]},{\"@type\":\"WebSite\",\"@id\":\"https:\\\/\\\/www.purejewels.com\\\/#website\",\"url\":\"https:\\\/\\\/www.purejewels.com\\\/\",\"name\":\"PureJewels UK\",\"description\":\"Share the Love\",\"publisher\":{\"@id\":\"https:\\\/\\\/www.purejewels.com\\\/#organization\"},\"potentialAction\":[{\"@type\":\"SearchAction\",\"target\":{\"@type\":\"EntryPoint\",\"urlTemplate\":\"https:\\\/\\\/www.purejewels.com\\\/?s={search_term_string}\"},\"query-input\":{\"@type\":\"PropertyValueSpecification\",\"valueRequired\":true,\"valueName\":\"search_term_string\"}}],\"inLanguage\":\"tr\"},{\"@type\":\"Organization\",\"@id\":\"https:\\\/\\\/www.purejewels.com\\\/#organization\",\"name\":\"PureJewels UK\",\"url\":\"https:\\\/\\\/www.purejewels.com\\\/\",\"logo\":{\"@type\":\"ImageObject\",\"inLanguage\":\"tr\",\"@id\":\"https:\\\/\\\/www.purejewels.com\\\/#\\\/schema\\\/logo\\\/image\\\/\",\"url\":\"https:\\\/\\\/static.purejewels.com\\\/wp-content\\\/uploads\\\/2020\\\/11\\\/Logo-PJ-New-1.png\",\"contentUrl\":\"https:\\\/\\\/static.purejewels.com\\\/wp-content\\\/uploads\\\/2020\\\/11\\\/Logo-PJ-New-1.png\",\"width\":150,\"height\":80,\"caption\":\"PureJewels UK\"},\"image\":{\"@id\":\"https:\\\/\\\/www.purejewels.com\\\/#\\\/schema\\\/logo\\\/image\\\/\"}}]}<\/script>\n<!-- \/ Yoast SEO plugin. -->","yoast_head_json":{"title":"Liana K\u00fcpeler - PureJewels UK","robots":{"index":"index","follow":"follow","max-snippet":"max-snippet:-1","max-image-preview":"max-image-preview:large","max-video-preview":"max-video-preview:-1"},"canonical":"https:\/\/www.purejewels.com\/tr\/urun\/liana-kupeler\/","og_locale":"tr_TR","og_type":"article","og_title":"Liana Earrings - PureJewels UK","og_description":"&nbsp;   18ct white gold Earring  Diamonds 0.38 cts, Aquamarines 0.84 cts  Can be created in pink tourmaline, green tourmaline and morganite  Hallmarked by London Assay Office  Comes With Presentation Box  Delivery Included  All prices include VAT  Live chat with us for availability and more images of similar designs currently in stock  Liana aquamarine earrings Gorgeous 18ct white gold dives from your ear with a flourish: these dramatic drop earrings are perfect for special occasions.  Liana is an archive collection that has become a lifelong favourite at PureJewels.\u00a0 Characterised by polished white gold and crystal-clear aquamarine, it\u2019s beloved by romantic and chic women everywhere.  These earrings are dressed with 0.38ct of diamonds, and can be made with aquamarine (seen here) or your choice of stone.\u00a0 Pick from feminine pink tourmaline, rosy-hued morganite, assertive green tourmaline, or dreamy aqua.\u00a0 Depending which you choose, your Liana earrings take on a little bit of your personality!  You can even choose a different stone for each Liana piece in your collection: a garden full of bright flowers.  Create a Liana set The Liana earrings look sensational worn alone as part of your evening attire.\u00a0 But we\u2019ve seen them combined with the necklace to create a spectacular bridal jewellery set.\u00a0 Decadently trimmed with diamonds, Liana is red-carpet-worthy.  About PureJewels Liana is one of our exclusive collections designed by the in-house team.\u00a0 We have a long tradition of design and craftsmanship that started when Bhanji Gokaldas PureJewels more than 40 years ago.\u00a0 Today, we are focused on using the finest gold and stones in our collections, which are largely crafted in Britain.\u00a0 Our team also sources beautiful jewellery from all over the world.  Hesitating in your decisions?\u00a0 Why not open Live Chat and talk to us about your jewellery choices.\u00a0 We can help you to create a personal bridal set or match a piece to your outfit.\u00a0 We can even help you choose the perfect gift!\u00a0 Chat online or call to speak to one of our advisors in the London show room.","og_url":"https:\/\/www.purejewels.com\/tr\/urun\/liana-kupeler\/","og_site_name":"PureJewels UK","article_modified_time":"2026-01-06T06:57:52+00:00","og_image":[{"width":960,"height":960,"url":"https:\/\/www.purejewels.com\/wp-content\/uploads\/2017\/07\/liana-earrings-15804-2.jpg","type":"image\/jpeg"}],"twitter_card":"summary_large_image","twitter_misc":{"Tahmini okuma s\u00fcresi":"1 dakika"},"schema":{"@context":"https:\/\/schema.org","@graph":[{"@type":["WebPage","ItemPage"],"@id":"https:\/\/www.purejewels.com\/product\/liana-earrings\/","url":"https:\/\/www.purejewels.com\/product\/liana-earrings\/","name":"Liana K\u00fcpeler - PureJewels UK","isPartOf":{"@id":"https:\/\/www.purejewels.com\/#website"},"primaryImageOfPage":{"@id":"https:\/\/www.purejewels.com\/product\/liana-earrings\/#primaryimage"},"image":{"@id":"https:\/\/www.purejewels.com\/product\/liana-earrings\/#primaryimage"},"thumbnailUrl":"https:\/\/static.purejewels.com\/wp-content\/uploads\/2017\/07\/liana-earrings-15804-2.jpg","datePublished":"2017-07-19T12:14:00+00:00","dateModified":"2026-01-06T06:57:52+00:00","breadcrumb":{"@id":"https:\/\/www.purejewels.com\/product\/liana-earrings\/#breadcrumb"},"inLanguage":"tr","potentialAction":[{"@type":"ReadAction","target":["https:\/\/www.purejewels.com\/product\/liana-earrings\/"]}]},{"@type":"ImageObject","inLanguage":"tr","@id":"https:\/\/www.purejewels.com\/product\/liana-earrings\/#primaryimage","url":"https:\/\/static.purejewels.com\/wp-content\/uploads\/2017\/07\/liana-earrings-15804-2.jpg","contentUrl":"https:\/\/static.purejewels.com\/wp-content\/uploads\/2017\/07\/liana-earrings-15804-2.jpg","width":960,"height":960,"caption":"liana-earrings-15804.jpg"},{"@type":"BreadcrumbList","@id":"https:\/\/www.purejewels.com\/product\/liana-earrings\/#breadcrumb","itemListElement":[{"@type":"ListItem","position":1,"name":"Home","item":"https:\/\/www.purejewels.com\/"},{"@type":"ListItem","position":2,"name":"Shop","item":"https:\/\/www.purejewels.com\/shop\/"},{"@type":"ListItem","position":3,"name":"Liana Earrings"}]},{"@type":"WebSite","@id":"https:\/\/www.purejewels.com\/#website","url":"https:\/\/www.purejewels.com\/","name":"PureJewels \u0130ngiltere","description":"Sevgiyi Payla\u015f\u0131n","publisher":{"@id":"https:\/\/www.purejewels.com\/#organization"},"potentialAction":[{"@type":"SearchAction","target":{"@type":"EntryPoint","urlTemplate":"https:\/\/www.purejewels.com\/?s={search_term_string}"},"query-input":{"@type":"PropertyValueSpecification","valueRequired":true,"valueName":"search_term_string"}}],"inLanguage":"tr"},{"@type":"Organization","@id":"https:\/\/www.purejewels.com\/#organization","name":"PureJewels \u0130ngiltere","url":"https:\/\/www.purejewels.com\/","logo":{"@type":"ImageObject","inLanguage":"tr","@id":"https:\/\/www.purejewels.com\/#\/schema\/logo\/image\/","url":"https:\/\/static.purejewels.com\/wp-content\/uploads\/2020\/11\/Logo-PJ-New-1.png","contentUrl":"https:\/\/static.purejewels.com\/wp-content\/uploads\/2020\/11\/Logo-PJ-New-1.png","width":150,"height":80,"caption":"PureJewels UK"},"image":{"@id":"https:\/\/www.purejewels.com\/#\/schema\/logo\/image\/"}}]}},"_links":{"self":[{"href":"https:\/\/www.purejewels.com\/tr\/wp-json\/wp\/v2\/product\/3492","targetHints":{"allow":["GET"]}}],"collection":[{"href":"https:\/\/www.purejewels.com\/tr\/wp-json\/wp\/v2\/product"}],"about":[{"href":"https:\/\/www.purejewels.com\/tr\/wp-json\/wp\/v2\/types\/product"}],"replies":[{"embeddable":true,"href":"https:\/\/www.purejewels.com\/tr\/wp-json\/wp\/v2\/comments?post=3492"}],"version-history":[{"count":1,"href":"https:\/\/www.purejewels.com\/tr\/wp-json\/wp\/v2\/product\/3492\/revisions"}],"predecessor-version":[{"id":389306,"href":"https:\/\/www.purejewels.com\/tr\/wp-json\/wp\/v2\/product\/3492\/revisions\/389306"}],"wp:featuredmedia":[{"embeddable":true,"href":"https:\/\/www.purejewels.com\/tr\/wp-json\/wp\/v2\/media\/3493"}],"wp:attachment":[{"href":"https:\/\/www.purejewels.com\/tr\/wp-json\/wp\/v2\/media?parent=3492"}],"wp:term":[{"taxonomy":"product_brand","embeddable":true,"href":"https:\/\/www.purejewels.com\/tr\/wp-json\/wp\/v2\/product_brand?post=3492"},{"taxonomy":"product_cat","embeddable":true,"href":"https:\/\/www.purejewels.com\/tr\/wp-json\/wp\/v2\/product_cat?post=3492"},{"taxonomy":"product_tag","embeddable":true,"href":"https:\/\/www.purejewels.com\/tr\/wp-json\/wp\/v2\/product_tag?post=3492"}],"curies":[{"name":"wp","href":"https:\/\/api.w.org\/{rel}","templated":true}]}}