{"id":3496,"date":"2017-07-19T13:14:03","date_gmt":"2017-07-19T12:14:03","guid":{"rendered":"http:\/\/new.purejewels.com\/product\/wildflower-bangle\/"},"modified":"2026-02-18T12:49:31","modified_gmt":"2026-02-18T12:49:31","slug":"kir-cicegi-bileklik","status":"publish","type":"product","link":"https:\/\/www.purejewels.com\/tr\/product\/wildflower-bangle\/","title":{"rendered":"18 Ayar Alt\u0131n K\u0131r \u00c7i\u00e7e\u011fi Bileklik | Floralia Koleksiyonu"},"content":{"rendered":"<p><strong>Ger\u00e7ek bir ba\u015f d\u00f6nd\u00fcr\u00fcc\u00fc. <\/strong><em>Wildflower bileklik 1.75ct p\u0131rlanta ile \u0131\u015f\u0131ld\u0131yor - en l\u00fcks bilekliklerimizden biri <a href=\"https:\/\/www.purejewels.com\/tr\/how-to-measure-bangle-size-2\/\">B\u0130LEZ\u0130KLER<\/a>. <\/em><strong>K\u0131r \u00c7i\u00e7e\u011fi Beyaz <a href=\"https:\/\/www.purejewels.com\/tr\/product\/22-carat-gold-single-bangle-34207\/\">Alt\u0131n bileklik<\/a><br \/>\n<\/strong>Yasemin dallar\u0131n\u0131n duvarlara t\u0131rmand\u0131\u011f\u0131 ve zengin kokular\u0131n\u0131 havada dans ettirdi\u011fi Hindistan'\u0131n saray bah\u00e7elerinde bir y\u00fcr\u00fcy\u00fc\u015fe \u00e7\u0131k\u0131n.  Tasar\u0131m ekibimiz Wildflower koleksiyonunu olu\u015fturmak i\u00e7in bir Hint bah\u00e7esinin yemye\u015fil, rahatlat\u0131c\u0131 manzaras\u0131ndan ilham ald\u0131.<\/p>\n<p>18 ayar beyaz alt\u0131ndan \u00fcretilmi\u015ftir, sarmal dallar\u0131 ve g\u00f6zya\u015f\u0131 damlas\u0131 'tomurcuklar\u0131' ile cazibesini art\u0131r\u0131r.  Do\u011fan\u0131n huzurlu seslerini ve sarho\u015f edici kokular\u0131n\u0131 seviyorsan\u0131z, K\u0131r \u00c7i\u00e7eklerimizin g\u00f6r\u00fcn\u00fcm\u00fcne bay\u0131lacaks\u0131n\u0131z.<\/p>\n<p>Wildflower beyaz alt\u0131n bileklik, b\u00fcy\u00fck bir etkinlik i\u00e7in m\u00fckemmel olan ger\u00e7ek bir ifade par\u00e7as\u0131d\u0131r.  Ayr\u0131ca, bir bilekli\u011fin par\u00e7as\u0131 olarak <a href=\"https:\/\/www.purejewels.com\/tr\/product-category\/jewellery-sets\/bridal-set\/\">geli\u0307n seti\u0307<\/a>.  Wildflower, Floralia veya Liana ile koordine edin <a href=\"https:\/\/www.purejewels.com\/tr\/product-category\/22ct-gold-jewellery\/gold-rings\/\">halkalar<\/a> ve <a href=\"https:\/\/www.purejewels.com\/tr\/product-category\/22ct-gold-jewellery\/gold-earrings\/\">K\u00fcpeler<\/a>.<\/p>\n<p><strong>PureJewels Hakk\u0131nda<br \/>\n<\/strong>Kurucumuz Hindistan'dan gemiyle yola \u00e7\u0131kt\u0131\u011f\u0131ndan beri PureJewels bir ke\u015fif yolculu\u011funa \u00e7\u0131kt\u0131.  Bhanji'nin \u0131smarlama sipari\u015fleri i\u00e7in bir at\u00f6lye olarak ba\u015flayan m\u00fctevaz\u0131 showroomumuz, \u015fimdi bulduklar\u0131m\u0131z\u0131n ve tasar\u0131mlar\u0131m\u0131z\u0131n bir hazinesidir.  Hint k\u00fcpelerinden olu\u015fan geni\u015f bir koleksiyonun yan\u0131 s\u0131ra, kendi y\u00fcz\u00fcklerimizi ve di\u011fer par\u00e7alar\u0131m\u0131z\u0131 da yap\u0131yoruz.  \u00c7iftler genellikle ni\u015fan y\u00fcz\u00fc\u011f\u00fc i\u00e7in geliyor ve hayatlar\u0131nda yeni bir d\u00f6n\u00fcm noktas\u0131na ula\u015ft\u0131klar\u0131nda geri d\u00f6n\u00fcyorlar.<\/p>\n<p>Tasar\u0131m ekibimiz Wildflower bilekli\u011fi \u015f\u0131k ve modern bir kad\u0131n\u0131 d\u00fc\u015f\u00fcnerek yaratt\u0131.  Hint bitkilerinden esinlenilmi\u015ftir ancak modern, soyut bir g\u00f6r\u00fcn\u00fcme sahiptir.  Ta\u015f\u0131 \u00f6zelle\u015ftirebilirsiniz - akuamarin, pembe turmalin, ye\u015fil turmalin veya pembe morganit aras\u0131ndan se\u00e7im yapabilirsiniz.<\/p>\n<p>Herhangi bir sorunuz varsa, l\u00fctfen Canl\u0131 Sohbet arac\u0131l\u0131\u011f\u0131yla bize ula\u015f\u0131n.  Ma\u011fazada bizden birine ula\u015facaks\u0131n\u0131z - uzaktaki bir operat\u00f6re de\u011fil!  Stoklar\u0131 kontrol edebilir ve sipari\u015f vermenize yard\u0131mc\u0131 olabiliriz.  Ya da, e\u011fer yak\u0131nlardaysan\u0131z, sizi showroom'da g\u00f6rmek isteriz.  Bir fincan chai i\u00e7in gelin ve PureJewels'ten daha fazlas\u0131n\u0131 ke\u015ffedin.<\/p>\n<p>Beyaz alt\u0131n bilezik se\u00e7eneklerimizi ke\u015ffedin.<\/p>","protected":false},"excerpt":{"rendered":"<table class=\"sh_desc\">\n<tbody>\n<tr>\n<td>Bileklik T\u00fcr\u00fc<\/td>\n<td>\u00d6zel G\u00fcn Giyim Bileklik<\/td>\n<\/tr>\n<tr>\n<td>SKU<\/td>\n<td>16408<\/td>\n<\/tr>\n<tr>\n<td>Elmas A\u011f\u0131rl\u0131\u011f\u0131<\/td>\n<td>1.75ct<\/td>\n<\/tr>\n<tr>\n<td>Akuamarin A\u011f\u0131rl\u0131k<\/td>\n<td>0.98ct<\/td>\n<\/tr>\n<tr>\n<td>Metal<\/td>\n<td>18 Ayar Beyaz Alt\u0131n<\/td>\n<\/tr>\n<tr>\n<td>Bileklik \u00d6l\u00e7\u00fcs\u00fc<\/td>\n<td>Her boyutta sipari\u015f \u00fczerine yap\u0131labilir<\/td>\n<\/tr>\n<tr>\n<td>Hallmark<\/td>\n<td>Londra Tahlil Ofisi Taraf\u0131ndan Damgalanm\u0131\u015f 18 Ayar Alt\u0131n<\/td>\n<\/tr>\n<tr>\n<td>\u00dccretler<\/td>\n<td>Teslimat ve KDV Dahil<\/td>\n<\/tr>\n<tr>\n<td>Paketleme<\/td>\n<td>Sunum Kutusu ile Birlikte Gelir<\/td>\n<\/tr>\n<tr>\n<td>Daha Fazla Bilgi<\/td>\n<td>\n<ul>\n<li>Not: Burada belirtilen fiyat Tek Bilezik i\u00e7indir<\/li>\n<li>M\u00fcsaitlik durumu ve daha fazla resim i\u00e7in bizimle canl\u0131 sohbet edin<\/li>\n<li>Kontrol etmek i\u00e7in buraya t\u0131klay\u0131n\u00a0<strong>Bileklik \u00d6l\u00e7\u00fcs\u00fc<\/strong><\/li>\n<li>Koleksiyonumuzu g\u00f6r\u00fcnt\u00fcleyin <strong>alt\u0131n bilezikler \u0130ngiltere<\/strong><\/li>\n<\/ul>\n<\/td>\n<\/tr>\n<\/tbody>\n<\/table>","protected":false},"featured_media":3497,"comment_status":"closed","ping_status":"closed","template":"","meta":{"_eb_attr":"","_crsspst_to_jayantr4sg-hostcom":false},"product_brand":[],"product_cat":[6088,5679,1559,1659,253,1233,5271,1537,1574],"product_tag":[1514,63,1521],"class_list":{"0":"post-3496","1":"product","2":"type-product","3":"status-publish","4":"has-post-thumbnail","6":"product_cat-18ct-gold-bracelet","7":"product_cat-18ct-gold-jewellery","8":"product_cat-birthday-gifts","9":"product_cat-bridal-and-party-wear-gold-kada-bangle","10":"product_cat-floralia-collections","11":"product_cat-gold-bangles","12":"product_cat-occasion-wear-bangles","13":"product_cat-white-gold-jewellery-set","14":"product_cat-womens-jewellery","15":"product_tag-bangles","16":"product_tag-gold","17":"product_tag-kada","19":"first","20":"instock","21":"purchasable","22":"product-type-simple","23":"add-to-wishlist-before_image"},"yoast_head":"<!-- This site is optimized with the Yoast SEO plugin v27.3 - https:\/\/yoast.com\/product\/yoast-seo-wordpress\/ -->\n<title>18ct Gold Wildflower Bangle | Floralia Collection - PureJewels UK<\/title>\n<meta name=\"robots\" content=\"index, follow, max-snippet:-1, max-image-preview:large, max-video-preview:-1\" \/>\n<link rel=\"canonical\" href=\"https:\/\/www.purejewels.com\/tr\/urun\/kir-cicegi-bileklik\/\" \/>\n<meta property=\"og:locale\" content=\"tr_TR\" \/>\n<meta property=\"og:type\" content=\"article\" \/>\n<meta property=\"og:title\" content=\"18ct Gold Wildflower Bangle | Floralia Collection - PureJewels UK\" \/>\n<meta property=\"og:description\" content=\"Type Of Bangle Occasion Wear Bangle   SKU 16408   Diamond Weight 1.75ct   Aquamarine Weight 0.98ct   Metal 18ct White Gold   Bangle Size Can be made to order in all sizes   Hallmark 18ct Gold Hallmarked by London Assay Office   Charges Delivery\u00a0and\u00a0VAT\u00a0Included   Packaging Comes\u00a0With\u00a0Presentation\u00a0Box   More\u00a0Information    Note: the price quoted here is for a Single Bracelet  Live chat with us for availability\u00a0and\u00a0more\u00a0images  Click here for check your\u00a0Bangle Size  View our collection gold bangles uk\" \/>\n<meta property=\"og:url\" content=\"https:\/\/www.purejewels.com\/tr\/urun\/kir-cicegi-bileklik\/\" \/>\n<meta property=\"og:site_name\" content=\"PureJewels UK\" \/>\n<meta property=\"article:modified_time\" content=\"2026-02-18T12:49:31+00:00\" \/>\n<meta property=\"og:image\" content=\"https:\/\/static.purejewels.com\/wp-content\/uploads\/2017\/07\/wildflower-banglet-16408-2.png\" \/>\n\t<meta property=\"og:image:width\" content=\"1100\" \/>\n\t<meta property=\"og:image:height\" content=\"1100\" \/>\n\t<meta property=\"og:image:type\" content=\"image\/png\" \/>\n<meta name=\"twitter:card\" content=\"summary_large_image\" \/>\n<meta name=\"twitter:label1\" content=\"Tahmini okuma s\u00fcresi\" \/>\n\t<meta name=\"twitter:data1\" content=\"1 dakika\" \/>\n<script type=\"application\/ld+json\" class=\"yoast-schema-graph\">{\"@context\":\"https:\\\/\\\/schema.org\",\"@graph\":[{\"@type\":[\"WebPage\",\"ItemPage\"],\"@id\":\"https:\\\/\\\/www.purejewels.com\\\/product\\\/wildflower-bangle\\\/\",\"url\":\"https:\\\/\\\/www.purejewels.com\\\/product\\\/wildflower-bangle\\\/\",\"name\":\"18ct Gold Wildflower Bangle | Floralia Collection - PureJewels UK\",\"isPartOf\":{\"@id\":\"https:\\\/\\\/www.purejewels.com\\\/#website\"},\"primaryImageOfPage\":{\"@id\":\"https:\\\/\\\/www.purejewels.com\\\/product\\\/wildflower-bangle\\\/#primaryimage\"},\"image\":{\"@id\":\"https:\\\/\\\/www.purejewels.com\\\/product\\\/wildflower-bangle\\\/#primaryimage\"},\"thumbnailUrl\":\"https:\\\/\\\/static.purejewels.com\\\/wp-content\\\/uploads\\\/2017\\\/07\\\/wildflower-banglet-16408-2.png\",\"datePublished\":\"2017-07-19T12:14:03+00:00\",\"dateModified\":\"2026-02-18T12:49:31+00:00\",\"breadcrumb\":{\"@id\":\"https:\\\/\\\/www.purejewels.com\\\/product\\\/wildflower-bangle\\\/#breadcrumb\"},\"inLanguage\":\"tr\",\"potentialAction\":[{\"@type\":\"ReadAction\",\"target\":[\"https:\\\/\\\/www.purejewels.com\\\/product\\\/wildflower-bangle\\\/\"]}]},{\"@type\":\"ImageObject\",\"inLanguage\":\"tr\",\"@id\":\"https:\\\/\\\/www.purejewels.com\\\/product\\\/wildflower-bangle\\\/#primaryimage\",\"url\":\"https:\\\/\\\/static.purejewels.com\\\/wp-content\\\/uploads\\\/2017\\\/07\\\/wildflower-banglet-16408-2.png\",\"contentUrl\":\"https:\\\/\\\/static.purejewels.com\\\/wp-content\\\/uploads\\\/2017\\\/07\\\/wildflower-banglet-16408-2.png\",\"width\":1100,\"height\":1100,\"caption\":\"wildflower-banglet-16408.png\"},{\"@type\":\"BreadcrumbList\",\"@id\":\"https:\\\/\\\/www.purejewels.com\\\/product\\\/wildflower-bangle\\\/#breadcrumb\",\"itemListElement\":[{\"@type\":\"ListItem\",\"position\":1,\"name\":\"Home\",\"item\":\"https:\\\/\\\/www.purejewels.com\\\/\"},{\"@type\":\"ListItem\",\"position\":2,\"name\":\"Shop\",\"item\":\"https:\\\/\\\/www.purejewels.com\\\/shop\\\/\"},{\"@type\":\"ListItem\",\"position\":3,\"name\":\"18ct Gold Wildflower Bangle | Floralia Collection\"}]},{\"@type\":\"WebSite\",\"@id\":\"https:\\\/\\\/www.purejewels.com\\\/#website\",\"url\":\"https:\\\/\\\/www.purejewels.com\\\/\",\"name\":\"PureJewels UK\",\"description\":\"Share the Love\",\"publisher\":{\"@id\":\"https:\\\/\\\/www.purejewels.com\\\/#organization\"},\"potentialAction\":[{\"@type\":\"SearchAction\",\"target\":{\"@type\":\"EntryPoint\",\"urlTemplate\":\"https:\\\/\\\/www.purejewels.com\\\/?s={search_term_string}\"},\"query-input\":{\"@type\":\"PropertyValueSpecification\",\"valueRequired\":true,\"valueName\":\"search_term_string\"}}],\"inLanguage\":\"tr\"},{\"@type\":\"Organization\",\"@id\":\"https:\\\/\\\/www.purejewels.com\\\/#organization\",\"name\":\"PureJewels UK\",\"url\":\"https:\\\/\\\/www.purejewels.com\\\/\",\"logo\":{\"@type\":\"ImageObject\",\"inLanguage\":\"tr\",\"@id\":\"https:\\\/\\\/www.purejewels.com\\\/#\\\/schema\\\/logo\\\/image\\\/\",\"url\":\"https:\\\/\\\/static.purejewels.com\\\/wp-content\\\/uploads\\\/2020\\\/11\\\/Logo-PJ-New-1.png\",\"contentUrl\":\"https:\\\/\\\/static.purejewels.com\\\/wp-content\\\/uploads\\\/2020\\\/11\\\/Logo-PJ-New-1.png\",\"width\":150,\"height\":80,\"caption\":\"PureJewels UK\"},\"image\":{\"@id\":\"https:\\\/\\\/www.purejewels.com\\\/#\\\/schema\\\/logo\\\/image\\\/\"}}]}<\/script>\n<!-- \/ Yoast SEO plugin. -->","yoast_head_json":{"title":"18 Ayar Alt\u0131n K\u0131r \u00c7i\u00e7e\u011fi Bileklik | Floralia Koleksiyonu - PureJewels UK","robots":{"index":"index","follow":"follow","max-snippet":"max-snippet:-1","max-image-preview":"max-image-preview:large","max-video-preview":"max-video-preview:-1"},"canonical":"https:\/\/www.purejewels.com\/tr\/urun\/kir-cicegi-bileklik\/","og_locale":"tr_TR","og_type":"article","og_title":"18ct Gold Wildflower Bangle | Floralia Collection - PureJewels UK","og_description":"Type Of Bangle Occasion Wear Bangle   SKU 16408   Diamond Weight 1.75ct   Aquamarine Weight 0.98ct   Metal 18ct White Gold   Bangle Size Can be made to order in all sizes   Hallmark 18ct Gold Hallmarked by London Assay Office   Charges Delivery\u00a0and\u00a0VAT\u00a0Included   Packaging Comes\u00a0With\u00a0Presentation\u00a0Box   More\u00a0Information    Note: the price quoted here is for a Single Bracelet  Live chat with us for availability\u00a0and\u00a0more\u00a0images  Click here for check your\u00a0Bangle Size  View our collection gold bangles uk","og_url":"https:\/\/www.purejewels.com\/tr\/urun\/kir-cicegi-bileklik\/","og_site_name":"PureJewels UK","article_modified_time":"2026-02-18T12:49:31+00:00","og_image":[{"width":1100,"height":1100,"url":"https:\/\/static.purejewels.com\/wp-content\/uploads\/2017\/07\/wildflower-banglet-16408-2.png","type":"image\/png"}],"twitter_card":"summary_large_image","twitter_misc":{"Tahmini okuma s\u00fcresi":"1 dakika"},"schema":{"@context":"https:\/\/schema.org","@graph":[{"@type":["WebPage","ItemPage"],"@id":"https:\/\/www.purejewels.com\/product\/wildflower-bangle\/","url":"https:\/\/www.purejewels.com\/product\/wildflower-bangle\/","name":"18 Ayar Alt\u0131n K\u0131r \u00c7i\u00e7e\u011fi Bileklik | Floralia Koleksiyonu - PureJewels UK","isPartOf":{"@id":"https:\/\/www.purejewels.com\/#website"},"primaryImageOfPage":{"@id":"https:\/\/www.purejewels.com\/product\/wildflower-bangle\/#primaryimage"},"image":{"@id":"https:\/\/www.purejewels.com\/product\/wildflower-bangle\/#primaryimage"},"thumbnailUrl":"https:\/\/static.purejewels.com\/wp-content\/uploads\/2017\/07\/wildflower-banglet-16408-2.png","datePublished":"2017-07-19T12:14:03+00:00","dateModified":"2026-02-18T12:49:31+00:00","breadcrumb":{"@id":"https:\/\/www.purejewels.com\/product\/wildflower-bangle\/#breadcrumb"},"inLanguage":"tr","potentialAction":[{"@type":"ReadAction","target":["https:\/\/www.purejewels.com\/product\/wildflower-bangle\/"]}]},{"@type":"ImageObject","inLanguage":"tr","@id":"https:\/\/www.purejewels.com\/product\/wildflower-bangle\/#primaryimage","url":"https:\/\/static.purejewels.com\/wp-content\/uploads\/2017\/07\/wildflower-banglet-16408-2.png","contentUrl":"https:\/\/static.purejewels.com\/wp-content\/uploads\/2017\/07\/wildflower-banglet-16408-2.png","width":1100,"height":1100,"caption":"wildflower-banglet-16408.png"},{"@type":"BreadcrumbList","@id":"https:\/\/www.purejewels.com\/product\/wildflower-bangle\/#breadcrumb","itemListElement":[{"@type":"ListItem","position":1,"name":"Home","item":"https:\/\/www.purejewels.com\/"},{"@type":"ListItem","position":2,"name":"Shop","item":"https:\/\/www.purejewels.com\/shop\/"},{"@type":"ListItem","position":3,"name":"18ct Gold Wildflower Bangle | Floralia Collection"}]},{"@type":"WebSite","@id":"https:\/\/www.purejewels.com\/#website","url":"https:\/\/www.purejewels.com\/","name":"PureJewels \u0130ngiltere","description":"Sevgiyi Payla\u015f\u0131n","publisher":{"@id":"https:\/\/www.purejewels.com\/#organization"},"potentialAction":[{"@type":"SearchAction","target":{"@type":"EntryPoint","urlTemplate":"https:\/\/www.purejewels.com\/?s={search_term_string}"},"query-input":{"@type":"PropertyValueSpecification","valueRequired":true,"valueName":"search_term_string"}}],"inLanguage":"tr"},{"@type":"Organization","@id":"https:\/\/www.purejewels.com\/#organization","name":"PureJewels \u0130ngiltere","url":"https:\/\/www.purejewels.com\/","logo":{"@type":"ImageObject","inLanguage":"tr","@id":"https:\/\/www.purejewels.com\/#\/schema\/logo\/image\/","url":"https:\/\/static.purejewels.com\/wp-content\/uploads\/2020\/11\/Logo-PJ-New-1.png","contentUrl":"https:\/\/static.purejewels.com\/wp-content\/uploads\/2020\/11\/Logo-PJ-New-1.png","width":150,"height":80,"caption":"PureJewels UK"},"image":{"@id":"https:\/\/www.purejewels.com\/#\/schema\/logo\/image\/"}}]}},"_links":{"self":[{"href":"https:\/\/www.purejewels.com\/tr\/wp-json\/wp\/v2\/product\/3496","targetHints":{"allow":["GET"]}}],"collection":[{"href":"https:\/\/www.purejewels.com\/tr\/wp-json\/wp\/v2\/product"}],"about":[{"href":"https:\/\/www.purejewels.com\/tr\/wp-json\/wp\/v2\/types\/product"}],"replies":[{"embeddable":true,"href":"https:\/\/www.purejewels.com\/tr\/wp-json\/wp\/v2\/comments?post=3496"}],"version-history":[{"count":4,"href":"https:\/\/www.purejewels.com\/tr\/wp-json\/wp\/v2\/product\/3496\/revisions"}],"predecessor-version":[{"id":392986,"href":"https:\/\/www.purejewels.com\/tr\/wp-json\/wp\/v2\/product\/3496\/revisions\/392986"}],"wp:featuredmedia":[{"embeddable":true,"href":"https:\/\/www.purejewels.com\/tr\/wp-json\/wp\/v2\/media\/3497"}],"wp:attachment":[{"href":"https:\/\/www.purejewels.com\/tr\/wp-json\/wp\/v2\/media?parent=3496"}],"wp:term":[{"taxonomy":"product_brand","embeddable":true,"href":"https:\/\/www.purejewels.com\/tr\/wp-json\/wp\/v2\/product_brand?post=3496"},{"taxonomy":"product_cat","embeddable":true,"href":"https:\/\/www.purejewels.com\/tr\/wp-json\/wp\/v2\/product_cat?post=3496"},{"taxonomy":"product_tag","embeddable":true,"href":"https:\/\/www.purejewels.com\/tr\/wp-json\/wp\/v2\/product_tag?post=3496"}],"curies":[{"name":"wp","href":"https:\/\/api.w.org\/{rel}","templated":true}]}}