{"id":349765,"date":"2024-06-26T11:18:56","date_gmt":"2024-06-26T10:18:56","guid":{"rendered":"https:\/\/www.purejewels.com\/?post_type=product&#038;p=349765"},"modified":"2026-02-02T11:17:55","modified_gmt":"2026-02-02T11:17:55","slug":"22-ayar-altin-gelin-ponkasi-44469","status":"publish","type":"product","link":"https:\/\/www.purejewels.com\/tr\/product\/22ct-gold-bridal-poncha-44469\/","title":{"rendered":"22 Ayar Alt\u0131n Gelin Pan\u00e7osu | Rozet Koleksiyonu"},"content":{"rendered":"<p data-start=\"0\" data-end=\"501\"><strong data-start=\"0\" data-end=\"18\">Tasar\u0131m Konsepti<\/strong><br data-start=\"18\" data-end=\"21\" \/>Rosette Koleksiyonu'ndan bu 22 ayar alt\u0131n gelin ponkas\u0131, geleneksel ama zarif bir aksesuar olarak tasarlanm\u0131\u015ft\u0131r ve her gelin tak\u0131m\u0131na zarafet ve klasik cazibe katar. 34,5 g a\u011f\u0131rl\u0131\u011f\u0131nda ve saf 22 ayar alt\u0131ndan \u00fcretilmi\u015f olup, gelin tak\u0131lar\u0131n\u0131n sofistike ve zenginli\u011fini yans\u0131tan karma\u015f\u0131k tasar\u0131m i\u015f\u00e7ili\u011fine sahiptir. Cesur, yap\u0131land\u0131r\u0131lm\u0131\u015f silueti, belirgin bir \u015fekilde geleneksel bir his veren rafine bir bileklik arayan gelinler i\u00e7in g\u00fczel bir odak par\u00e7as\u0131 olmas\u0131n\u0131 sa\u011flar.<\/p>\n<p data-start=\"503\" data-end=\"1120\"><strong data-start=\"503\" data-end=\"520\">Zanaatkarl\u0131k<\/strong><br data-start=\"520\" data-end=\"523\" \/>2.2 numara olarak \u00fcretilen bu Poncha bileklik, ince detaylar\u0131 ve 22 ayar alt\u0131n\u0131n s\u0131cakl\u0131\u011f\u0131n\u0131 vurgulamak i\u00e7in titizlikle \u00fcretilmi\u015ftir. Karma\u015f\u0131k tasar\u0131m\u0131 ve \u00fcst\u00fcn i\u015f\u00e7ili\u011fi, bilekte sa\u011flam bir his uyand\u0131r\u0131rken d\u00fc\u011f\u00fcn t\u00f6renleri ve kutlamalar i\u00e7in yeterince rahat olmas\u0131n\u0131 sa\u011flar. Her par\u00e7a, saklanmas\u0131 i\u00e7in \u00f6zel bir sunum kutusunda gelir ve sat\u0131n almadan \u00f6nce her ayr\u0131nt\u0131y\u0131 takdir edebilmeniz i\u00e7in kullan\u0131labilirlik ve daha fazla g\u00f6r\u00fcnt\u00fc i\u00e7in bizimle canl\u0131 sohbet edebilirsiniz. \u00dccretsiz takipli teslimat, g\u00fcvenli online \u00f6demeler ve 30 g\u00fcnl\u00fck para iade garantisi ile desteklenen bu \u00fcr\u00fcnlerden g\u00fcvenle al\u0131\u015fveri\u015f yapabilirsiniz.<\/p>\n<p data-start=\"1122\" data-end=\"1764\" data-is-last-node=\"\" data-is-only-node=\"\"><strong data-start=\"1122\" data-end=\"1139\">Stil Fikirleri<\/strong><br data-start=\"1139\" data-end=\"1142\" \/>Bu Poncha'y\u0131 gelin destenizin kahraman par\u00e7as\u0131 olarak tak\u0131n ve Rosette Koleksiyonundaki Rani Kolye, Burun \u0130\u011fnesi, Bilezikli Haath Phool\/Poncha ve Ghungroo Jhumkas gibi di\u011fer m\u00fccevherlerle e\u015fle\u015ftirerek uyumlu, muhte\u015fem bir d\u00fc\u011f\u00fcn g\u00f6r\u00fcn\u00fcm\u00fc olu\u015fturun. Geleneksel gelin bilekliklerinin yan\u0131na g\u00fczelce oturur ve zengin i\u015flemeli lehengalar\u0131 veya sareeleri tamamlayarak toplulu\u011funuza geleneksel bir cazibe katar. Gelin tak\u0131lar\u0131n\u0131z\u0131n eksiksiz, uyumlu ve k\u00f6kl\u00fc bir mirasa sahip oldu\u011funu hissetmek istedi\u011finizde se\u00e7ece\u011finiz bu bileklik, takipli teslimat g\u00fcvencesi ve 15 g\u00fcnl\u00fck para iade garantisi ile desteklenmektedir.<\/p>","protected":false},"excerpt":{"rendered":"<table class=\"sh_desc\">\n<tbody>\n<tr>\n<td>Bileklik T\u00fcr\u00fc<\/td>\n<td>Poncha<\/td>\n<\/tr>\n<tr>\n<td>SKU<\/td>\n<td>44469<\/td>\n<\/tr>\n<tr>\n<td>A\u011f\u0131rl\u0131k<\/td>\n<td>34,5 Gms<\/td>\n<\/tr>\n<tr>\n<td>Metal<\/td>\n<td>22 Ayar Alt\u0131n<\/td>\n<\/tr>\n<tr>\n<td>Boyut<\/td>\n<td>2.2<\/td>\n<\/tr>\n<tr>\n<td>KatalogID<\/td>\n<td>R1030<\/td>\n<\/tr>\n<tr>\n<td>\u00dccretler<\/td>\n<td>Teslimat ve KDV Dahil<\/td>\n<\/tr>\n<tr>\n<td>Paketleme<\/td>\n<td>Sunum Kutusu ile Birlikte Gelir<\/td>\n<\/tr>\n<tr>\n<td>Daha Fazla Bilgi<\/td>\n<td>\n<ul>\n<li>M\u00fcsaitlik durumu ve daha fazla resim i\u00e7in bizimle canl\u0131 sohbet edin<\/li>\n<li>M\u00fccevherlerinizi a\u015fa\u011f\u0131dakilerle e\u015fle\u015ftirebilirsiniz<\/li>\n<li><strong>Rani Kolye<\/strong><\/li>\n<li><strong>Burun Pimi<\/strong><\/li>\n<li><b>Bilezikli\/Pon\u00e7al\u0131 Haath Phool<\/b><\/li>\n<li><strong>Ghungroo Jhumkas<\/strong><\/li>\n<\/ul>\n<\/td>\n<\/tr>\n<\/tbody>\n<\/table>\n<div class=\"btn-atc atc-slide\"><\/div>\n<div class=\"product_meta\"><\/div>","protected":false},"featured_media":365620,"comment_status":"closed","ping_status":"closed","template":"","meta":{"_eb_attr":"","_crsspst_to_jayantr4sg-hostcom":false},"product_brand":[],"product_cat":[1791,6008,5701,1229,1718,1656,1574,5349],"product_tag":[],"class_list":{"0":"post-349765","1":"product","2":"type-product","3":"status-publish","4":"has-post-thumbnail","6":"product_cat-anniversary-gifts","7":"product_cat-bangle-poncha","8":"product_cat-eid-jewellery","9":"product_cat-22ct-gold-jewellery","10":"product_cat-ladies-poncha","11":"product_cat-rosettes-collections","12":"product_cat-womens-jewellery","13":"product_cat-yellow-gold-jewellery","15":"first","16":"instock","17":"taxable","18":"shipping-taxable","19":"purchasable","20":"product-type-simple","21":"add-to-wishlist-before_image"},"yoast_head":"<!-- This site is optimized with the Yoast SEO plugin v27.5 - https:\/\/yoast.com\/product\/yoast-seo-wordpress\/ -->\n<title>Buy Online 22ct Gold Bridal Poncha | PureJewels UK<\/title>\n<meta name=\"description\" content=\"Elevate your bridal look with a stunning 22ct gold poncha. Shop online for timeless elegance and create unforgettable memories.\" \/>\n<meta name=\"robots\" content=\"index, follow, max-snippet:-1, max-image-preview:large, max-video-preview:-1\" \/>\n<link rel=\"canonical\" href=\"https:\/\/www.purejewels.com\/tr\/urun\/22-ayar-altin-gelin-ponkasi-44469\/\" \/>\n<meta property=\"og:locale\" content=\"tr_TR\" \/>\n<meta property=\"og:type\" content=\"article\" \/>\n<meta property=\"og:title\" content=\"Buy Online 22ct Gold Bridal Poncha | PureJewels UK\" \/>\n<meta property=\"og:description\" content=\"Elevate your bridal look with a stunning 22ct gold poncha. Shop online for timeless elegance and create unforgettable memories.\" \/>\n<meta property=\"og:url\" content=\"https:\/\/www.purejewels.com\/tr\/urun\/22-ayar-altin-gelin-ponkasi-44469\/\" \/>\n<meta property=\"og:site_name\" content=\"PureJewels UK\" \/>\n<meta property=\"article:modified_time\" content=\"2026-02-02T11:17:55+00:00\" \/>\n<meta property=\"og:image\" content=\"https:\/\/static.purejewels.com\/wp-content\/uploads\/2023\/08\/44469-576x576.png\" \/>\n\t<meta property=\"og:image:width\" content=\"576\" \/>\n\t<meta property=\"og:image:height\" content=\"576\" \/>\n\t<meta property=\"og:image:type\" content=\"image\/png\" \/>\n<meta name=\"twitter:card\" content=\"summary_large_image\" \/>\n<meta name=\"twitter:label1\" content=\"Tahmini okuma s\u00fcresi\" \/>\n\t<meta name=\"twitter:data1\" content=\"2 dakika\" \/>\n<script type=\"application\/ld+json\" class=\"yoast-schema-graph\">{\"@context\":\"https:\\\/\\\/schema.org\",\"@graph\":[{\"@type\":[\"WebPage\",\"ItemPage\"],\"@id\":\"https:\\\/\\\/www.purejewels.com\\\/product\\\/22ct-gold-bridal-poncha-44469\\\/\",\"url\":\"https:\\\/\\\/www.purejewels.com\\\/product\\\/22ct-gold-bridal-poncha-44469\\\/\",\"name\":\"Buy Online 22ct Gold Bridal Poncha | PureJewels UK\",\"isPartOf\":{\"@id\":\"https:\\\/\\\/www.purejewels.com\\\/#website\"},\"primaryImageOfPage\":{\"@id\":\"https:\\\/\\\/www.purejewels.com\\\/product\\\/22ct-gold-bridal-poncha-44469\\\/#primaryimage\"},\"image\":{\"@id\":\"https:\\\/\\\/www.purejewels.com\\\/product\\\/22ct-gold-bridal-poncha-44469\\\/#primaryimage\"},\"thumbnailUrl\":\"https:\\\/\\\/static.purejewels.com\\\/wp-content\\\/uploads\\\/2023\\\/08\\\/44469.png\",\"datePublished\":\"2024-06-26T10:18:56+00:00\",\"dateModified\":\"2026-02-02T11:17:55+00:00\",\"description\":\"Elevate your bridal look with a stunning 22ct gold poncha. Shop online for timeless elegance and create unforgettable memories.\",\"breadcrumb\":{\"@id\":\"https:\\\/\\\/www.purejewels.com\\\/product\\\/22ct-gold-bridal-poncha-44469\\\/#breadcrumb\"},\"inLanguage\":\"tr\",\"potentialAction\":[{\"@type\":\"ReadAction\",\"target\":[\"https:\\\/\\\/www.purejewels.com\\\/product\\\/22ct-gold-bridal-poncha-44469\\\/\"]}]},{\"@type\":\"ImageObject\",\"inLanguage\":\"tr\",\"@id\":\"https:\\\/\\\/www.purejewels.com\\\/product\\\/22ct-gold-bridal-poncha-44469\\\/#primaryimage\",\"url\":\"https:\\\/\\\/static.purejewels.com\\\/wp-content\\\/uploads\\\/2023\\\/08\\\/44469.png\",\"contentUrl\":\"https:\\\/\\\/static.purejewels.com\\\/wp-content\\\/uploads\\\/2023\\\/08\\\/44469.png\",\"width\":1000,\"height\":1000,\"caption\":\"22ct Gold Poncha\"},{\"@type\":\"BreadcrumbList\",\"@id\":\"https:\\\/\\\/www.purejewels.com\\\/product\\\/22ct-gold-bridal-poncha-44469\\\/#breadcrumb\",\"itemListElement\":[{\"@type\":\"ListItem\",\"position\":1,\"name\":\"Home\",\"item\":\"https:\\\/\\\/www.purejewels.com\\\/\"},{\"@type\":\"ListItem\",\"position\":2,\"name\":\"Shop\",\"item\":\"https:\\\/\\\/www.purejewels.com\\\/shop\\\/\"},{\"@type\":\"ListItem\",\"position\":3,\"name\":\"22ct Gold Bridal Poncha | Rosette Collection\"}]},{\"@type\":\"WebSite\",\"@id\":\"https:\\\/\\\/www.purejewels.com\\\/#website\",\"url\":\"https:\\\/\\\/www.purejewels.com\\\/\",\"name\":\"PureJewels UK\",\"description\":\"Share the Love\",\"publisher\":{\"@id\":\"https:\\\/\\\/www.purejewels.com\\\/#organization\"},\"potentialAction\":[{\"@type\":\"SearchAction\",\"target\":{\"@type\":\"EntryPoint\",\"urlTemplate\":\"https:\\\/\\\/www.purejewels.com\\\/?s={search_term_string}\"},\"query-input\":{\"@type\":\"PropertyValueSpecification\",\"valueRequired\":true,\"valueName\":\"search_term_string\"}}],\"inLanguage\":\"tr\"},{\"@type\":\"Organization\",\"@id\":\"https:\\\/\\\/www.purejewels.com\\\/#organization\",\"name\":\"PureJewels UK\",\"url\":\"https:\\\/\\\/www.purejewels.com\\\/\",\"logo\":{\"@type\":\"ImageObject\",\"inLanguage\":\"tr\",\"@id\":\"https:\\\/\\\/www.purejewels.com\\\/#\\\/schema\\\/logo\\\/image\\\/\",\"url\":\"https:\\\/\\\/static.purejewels.com\\\/wp-content\\\/uploads\\\/2020\\\/11\\\/Logo-PJ-New-1.png\",\"contentUrl\":\"https:\\\/\\\/static.purejewels.com\\\/wp-content\\\/uploads\\\/2020\\\/11\\\/Logo-PJ-New-1.png\",\"width\":150,\"height\":80,\"caption\":\"PureJewels UK\"},\"image\":{\"@id\":\"https:\\\/\\\/www.purejewels.com\\\/#\\\/schema\\\/logo\\\/image\\\/\"}}]}<\/script>\n<!-- \/ Yoast SEO plugin. -->","yoast_head_json":{"title":"22 Ayar Alt\u0131n Gelin Pan\u00e7as\u0131n\u0131 Online Sat\u0131n Al\u0131n | PureJewels UK","description":"Gelin g\u00f6r\u00fcn\u00fcm\u00fcn\u00fcz\u00fc \u00e7arp\u0131c\u0131 bir 22 ayar alt\u0131n ponka ile y\u00fckseltin. Zamans\u0131z \u015f\u0131kl\u0131k i\u00e7in online al\u0131\u015fveri\u015f yap\u0131n ve unutulmaz an\u0131lar yarat\u0131n.","robots":{"index":"index","follow":"follow","max-snippet":"max-snippet:-1","max-image-preview":"max-image-preview:large","max-video-preview":"max-video-preview:-1"},"canonical":"https:\/\/www.purejewels.com\/tr\/urun\/22-ayar-altin-gelin-ponkasi-44469\/","og_locale":"tr_TR","og_type":"article","og_title":"Buy Online 22ct Gold Bridal Poncha | PureJewels UK","og_description":"Elevate your bridal look with a stunning 22ct gold poncha. Shop online for timeless elegance and create unforgettable memories.","og_url":"https:\/\/www.purejewels.com\/tr\/urun\/22-ayar-altin-gelin-ponkasi-44469\/","og_site_name":"PureJewels UK","article_modified_time":"2026-02-02T11:17:55+00:00","og_image":[{"width":576,"height":576,"url":"https:\/\/static.purejewels.com\/wp-content\/uploads\/2023\/08\/44469-576x576.png","type":"image\/png"}],"twitter_card":"summary_large_image","twitter_misc":{"Tahmini okuma s\u00fcresi":"2 dakika"},"schema":{"@context":"https:\/\/schema.org","@graph":[{"@type":["WebPage","ItemPage"],"@id":"https:\/\/www.purejewels.com\/product\/22ct-gold-bridal-poncha-44469\/","url":"https:\/\/www.purejewels.com\/product\/22ct-gold-bridal-poncha-44469\/","name":"22 Ayar Alt\u0131n Gelin Pan\u00e7as\u0131n\u0131 Online Sat\u0131n Al\u0131n | PureJewels UK","isPartOf":{"@id":"https:\/\/www.purejewels.com\/#website"},"primaryImageOfPage":{"@id":"https:\/\/www.purejewels.com\/product\/22ct-gold-bridal-poncha-44469\/#primaryimage"},"image":{"@id":"https:\/\/www.purejewels.com\/product\/22ct-gold-bridal-poncha-44469\/#primaryimage"},"thumbnailUrl":"https:\/\/static.purejewels.com\/wp-content\/uploads\/2023\/08\/44469.png","datePublished":"2024-06-26T10:18:56+00:00","dateModified":"2026-02-02T11:17:55+00:00","description":"Gelin g\u00f6r\u00fcn\u00fcm\u00fcn\u00fcz\u00fc \u00e7arp\u0131c\u0131 bir 22 ayar alt\u0131n ponka ile y\u00fckseltin. Zamans\u0131z \u015f\u0131kl\u0131k i\u00e7in online al\u0131\u015fveri\u015f yap\u0131n ve unutulmaz an\u0131lar yarat\u0131n.","breadcrumb":{"@id":"https:\/\/www.purejewels.com\/product\/22ct-gold-bridal-poncha-44469\/#breadcrumb"},"inLanguage":"tr","potentialAction":[{"@type":"ReadAction","target":["https:\/\/www.purejewels.com\/product\/22ct-gold-bridal-poncha-44469\/"]}]},{"@type":"ImageObject","inLanguage":"tr","@id":"https:\/\/www.purejewels.com\/product\/22ct-gold-bridal-poncha-44469\/#primaryimage","url":"https:\/\/static.purejewels.com\/wp-content\/uploads\/2023\/08\/44469.png","contentUrl":"https:\/\/static.purejewels.com\/wp-content\/uploads\/2023\/08\/44469.png","width":1000,"height":1000,"caption":"22ct Gold Poncha"},{"@type":"BreadcrumbList","@id":"https:\/\/www.purejewels.com\/product\/22ct-gold-bridal-poncha-44469\/#breadcrumb","itemListElement":[{"@type":"ListItem","position":1,"name":"Home","item":"https:\/\/www.purejewels.com\/"},{"@type":"ListItem","position":2,"name":"Shop","item":"https:\/\/www.purejewels.com\/shop\/"},{"@type":"ListItem","position":3,"name":"22ct Gold Bridal Poncha | Rosette Collection"}]},{"@type":"WebSite","@id":"https:\/\/www.purejewels.com\/#website","url":"https:\/\/www.purejewels.com\/","name":"PureJewels \u0130ngiltere","description":"Sevgiyi Payla\u015f\u0131n","publisher":{"@id":"https:\/\/www.purejewels.com\/#organization"},"potentialAction":[{"@type":"SearchAction","target":{"@type":"EntryPoint","urlTemplate":"https:\/\/www.purejewels.com\/?s={search_term_string}"},"query-input":{"@type":"PropertyValueSpecification","valueRequired":true,"valueName":"search_term_string"}}],"inLanguage":"tr"},{"@type":"Organization","@id":"https:\/\/www.purejewels.com\/#organization","name":"PureJewels \u0130ngiltere","url":"https:\/\/www.purejewels.com\/","logo":{"@type":"ImageObject","inLanguage":"tr","@id":"https:\/\/www.purejewels.com\/#\/schema\/logo\/image\/","url":"https:\/\/static.purejewels.com\/wp-content\/uploads\/2020\/11\/Logo-PJ-New-1.png","contentUrl":"https:\/\/static.purejewels.com\/wp-content\/uploads\/2020\/11\/Logo-PJ-New-1.png","width":150,"height":80,"caption":"PureJewels UK"},"image":{"@id":"https:\/\/www.purejewels.com\/#\/schema\/logo\/image\/"}}]}},"_links":{"self":[{"href":"https:\/\/www.purejewels.com\/tr\/wp-json\/wp\/v2\/product\/349765","targetHints":{"allow":["GET"]}}],"collection":[{"href":"https:\/\/www.purejewels.com\/tr\/wp-json\/wp\/v2\/product"}],"about":[{"href":"https:\/\/www.purejewels.com\/tr\/wp-json\/wp\/v2\/types\/product"}],"replies":[{"embeddable":true,"href":"https:\/\/www.purejewels.com\/tr\/wp-json\/wp\/v2\/comments?post=349765"}],"version-history":[{"count":3,"href":"https:\/\/www.purejewels.com\/tr\/wp-json\/wp\/v2\/product\/349765\/revisions"}],"predecessor-version":[{"id":420237,"href":"https:\/\/www.purejewels.com\/tr\/wp-json\/wp\/v2\/product\/349765\/revisions\/420237"}],"wp:featuredmedia":[{"embeddable":true,"href":"https:\/\/www.purejewels.com\/tr\/wp-json\/wp\/v2\/media\/365620"}],"wp:attachment":[{"href":"https:\/\/www.purejewels.com\/tr\/wp-json\/wp\/v2\/media?parent=349765"}],"wp:term":[{"taxonomy":"product_brand","embeddable":true,"href":"https:\/\/www.purejewels.com\/tr\/wp-json\/wp\/v2\/product_brand?post=349765"},{"taxonomy":"product_cat","embeddable":true,"href":"https:\/\/www.purejewels.com\/tr\/wp-json\/wp\/v2\/product_cat?post=349765"},{"taxonomy":"product_tag","embeddable":true,"href":"https:\/\/www.purejewels.com\/tr\/wp-json\/wp\/v2\/product_tag?post=349765"}],"curies":[{"name":"wp","href":"https:\/\/api.w.org\/{rel}","templated":true}]}}