{"id":3498,"date":"2017-07-19T13:14:06","date_gmt":"2017-07-19T12:14:06","guid":{"rendered":"http:\/\/new.purejewels.com\/product\/wildflower-ring\/"},"modified":"2025-12-11T04:52:48","modified_gmt":"2025-12-11T04:52:48","slug":"kir-cicegi-yuzuk","status":"publish","type":"product","link":"https:\/\/www.purejewels.com\/tr\/product\/wildflower-ring\/","title":{"rendered":"K\u0131r \u00c7i\u00e7e\u011fi Y\u00fcz\u00fck"},"content":{"rendered":"<p><strong>Tasar\u0131m Konsepti<\/strong><\/p>\n<p>Bu y\u00fcz\u00fck, Floralia koleksiyonunun sakin \u015fiirinden esinlenerek, bir Hint saray\u0131n\u0131n gizli bah\u00e7eleri ve \u00e7i\u00e7ekli yollar\u0131ndan ilham alarak \u015fekillendirilmi\u015ftir. A\u00e7\u0131k i\u015f\u00e7ilikli silueti, yasemin sarma\u015f\u0131klar\u0131n\u0131n nazik\u00e7e t\u0131rman\u0131\u015f\u0131n\u0131 taklit ederek, parma\u011f\u0131 do\u011fal bir \u015fekilde saran zarif bir filiz olu\u015fturur. Markiz kesim akuamarin, narin bir sabah \u00e7i\u011f damlas\u0131 gibi dururken, pav\u00e9 ayar p\u0131rlantalar, taze yapraklar\u0131n \u00fczerinde par\u0131ldayan sabah g\u00fcne\u015finin \u0131\u015f\u0131lt\u0131s\u0131n\u0131 yans\u0131t\u0131yor. Tasar\u0131m, hareket, b\u00fcy\u00fcme ve do\u011fan\u0131n en k\u00fc\u00e7\u00fck ayr\u0131nt\u0131lar\u0131nda bulunan g\u00fczelli\u011fi kutluyor.<\/p>\n<p><strong>Zanaatkarl\u0131k<\/strong><\/p>\n<p>Cilal\u0131 beyaz alt\u0131ndan ustaca i\u015flenmi\u015f olan y\u00fcz\u00fck, heykelsi form ve zarif detaylar\u0131n dengeli bir uyumunu sergiliyor. Sarma\u015f\u0131\u011f\u0131n ak\u0131c\u0131 \u00e7izgileri, a\u00e7\u0131k i\u015f\u00e7ilikli tasar\u0131m\u0131n havadar zarafetini korurken rahatl\u0131k ve dayan\u0131kl\u0131l\u0131k sa\u011flamak i\u00e7in hassas bir \u015fekilde \u015fekillendirilmi\u015ftir. Her bir elmas, kesintisiz bir \u0131\u015f\u0131k \u00e7izgisi olu\u015fturmak i\u00e7in ayr\u0131 ayr\u0131 yerle\u015ftirilmi\u015ftir ve markiz kesim de\u011ferli ta\u015f, do\u011fal parlakl\u0131\u011f\u0131n\u0131 art\u0131ran \u00f6zel \u015fekilli bir ayar i\u00e7inde sabitlenmi\u015ftir. \u0130ngiltere'de damgal\u0131 olan y\u00fcz\u00fck, PureJewels'in ince i\u015f\u00e7ilik, \u00f6zg\u00fcnl\u00fck ve detaylara g\u00f6sterdi\u011fi titiz \u00f6zenin bir yans\u0131mas\u0131d\u0131r.<\/p>\n<p><strong>Stil Fikirleri<\/strong><\/p>\n<p>Do\u011fadan ilham alan bu etkileyici y\u00fcz\u00fck, hem modern hem de romantik g\u00f6r\u00fcn\u00fcmlerle m\u00fckemmel bir uyum sa\u011flar. G\u00fcnl\u00fck kullan\u0131m i\u00e7in tek ba\u015f\u0131na takabilir veya ince beyaz alt\u0131n y\u00fcz\u00fcklerle birlikte kombinleyerek yumu\u015fak bir botanik stil yaratabilirsiniz. Ak\u015fam k\u0131yafetleri i\u00e7in safir, akuamarin veya p\u0131rlanta tak\u0131larla kombinleyerek so\u011fuk tonlu zarafetini vurgulayabilirsiniz. Bu y\u00fcz\u00fck, do\u011fum g\u00fcnleri, y\u0131ld\u00f6n\u00fcmleri veya b\u00fcy\u00fcme, yenilenme ve ki\u015fisel yolculuklar\u0131 kutlayan anlar i\u00e7in m\u00fckemmel bir hediye se\u00e7ene\u011fidir. \u015eiirsel tasar\u0131m\u0131, her k\u0131yafete sade bir l\u00fcks dokunu\u015f katar.<\/p>","protected":false},"excerpt":{"rendered":"<ul>\n<li>K\u0131r \u00c7i\u00e7e\u011fi Y\u00fcz\u00fck<\/li>\n<li>18 ayar beyaz alt\u0131n<\/li>\n<li>P\u0131rlanta 0.07cts<\/li>\n<li>Akuamarinler 0,12ts<\/li>\n<li>Pembe turmalin, ye\u015fil turmalin ve morganitten olu\u015fturulabilir<\/li>\n<li>Teslimat alt\u0131 haftaya kadar s\u00fcrecektir<\/li>\n<\/ul>\n<p>&nbsp;<\/p>\n<p><strong>Her g\u00fcn\u00fc ayd\u0131nlatacak \u00e7i\u00e7ek a\u00e7an bir k\u0131r \u00e7i\u00e7e\u011fi. <\/strong><em>Bu romantik beyaz alt\u0131n y\u00fcz\u00fc\u011f\u00fcn tomurcu\u011fu i\u00e7in kendi ta\u015f\u0131n\u0131z\u0131 se\u00e7in.\u00a0 <\/em><\/p>\n<p><strong>K\u0131r \u00c7i\u00e7e\u011fi Beyaz Alt\u0131n Y\u00fcz\u00fck<br \/>\n<\/strong>Her g\u00fcn yolunuzu ayd\u0131nlatacak bu y\u00fcz\u00fck, hayattaki g\u00fczelli\u011fi hat\u0131rlat\u0131r.  Bu bizim <em>Floralia<\/em> koleksiyonu, bir Hint saray\u0131n\u0131n arazisindeki dolamba\u00e7l\u0131 patikalardan ve gizli bah\u00e7elerden ilham ald\u0131.  Do\u011fal k\u0131r \u00e7i\u00e7eklerini kutlayan bu koleksiyonda, sarmal yaseminlerin mutlulu\u011funu ve sabah\u0131n erken saatlerindeki \u00e7iyin \u0131\u015f\u0131lt\u0131s\u0131n\u0131 yakalad\u0131k.<\/p>\n<p>Bu beyaz alt\u0131n y\u00fcz\u00fck, \u00e7iy benzeri p\u0131rlantalar serpi\u015ftirilmi\u015f, bir aqua ile ayarlanm\u0131\u015f ve beyaz alt\u0131ndan bir dal ile tamamlanm\u0131\u015ft\u0131r.<\/p>\n<p>Sizin olmak i\u00e7in yap\u0131ld\u0131.  Wildflower y\u00fcz\u00fc\u011f\u00fcn\u00fcz\u00fc se\u00e7ti\u011finiz ta\u015fla ki\u015fiselle\u015ftirin: pembe turmalin, akuamarin, ye\u015fil turmalin veya morganit aras\u0131ndan se\u00e7im yap\u0131n.<\/p>\n<p><strong>PureJewels Hakk\u0131nda<br \/>\n<\/strong><em>Floralia<\/em> \u015firket i\u00e7i ekibimiz taraf\u0131ndan tasarlanan ve sipari\u015f edilebilen bir ar\u015fiv koleksiyonudur.  D\u00fcnyan\u0131n d\u00f6rt bir yan\u0131ndan tedarik etti\u011fimiz m\u00fccevherlerin yan\u0131 s\u0131ra \u00f6zel koleksiyonlar\u0131m\u0131zdan daha fazlas\u0131n\u0131 ke\u015ffetmek i\u00e7in g\u00f6steri salonuna gelin.  PureJewels, Hintli bir ge\u00e7mi\u015fe ve k\u00fcresel bir bak\u0131\u015f a\u00e7\u0131s\u0131na sahiptir.  B\u00fcy\u00fckbaba Bhanji \u0130ngiltere'ye ayak bast\u0131\u011f\u0131ndan beri, Londra'daki ve daha uzaktaki sad\u0131k m\u00fc\u015fterilerimize hizmet verdik.  Bug\u00fcn, 22 ayar alt\u0131n k\u00fcpe ve bileziklerden olu\u015fan devasa koleksiyonumuz bir\u00e7ok \u00fclkeden ziyaret\u00e7i \u00e7ekiyor!<\/p>\n<p>\u00c7ok y\u00f6nl\u00fc tasar\u0131m ekibimiz bug\u00fcn sezonluk koleksiyonlar \u00fcretmenin yan\u0131 s\u0131ra \u0131smarlama sipari\u015fler \u00fczerinde de \u00e7al\u0131\u015f\u0131yor.  Ge\u00e7ti\u011fimiz birka\u00e7 y\u0131l boyunca, 22 ayar alt\u0131n\u0131n (geleneksel bir uzmanl\u0131k alan\u0131) yan\u0131 s\u0131ra beyaz alt\u0131ndan da koleksiyonlar \u00fcrettik.  Beyaz alt\u0131n \u00e7a\u011fda\u015f ve \u015f\u0131k bir se\u00e7imdir - \u015f\u0131k tasar\u0131mlar\u0131m\u0131z i\u00e7in m\u00fckemmeldi. <em>Floralia<\/em> Koleksiyon.<\/p>\n<p>Wildflower Beyaz Alt\u0131n Y\u00fcz\u00fck hakk\u0131nda daha fazla bilgi edinmek isterseniz, l\u00fctfen Canl\u0131 Sohbet'i a\u00e7\u0131n.  Size stok ve teslimat s\u00fcreleri hakk\u0131nda bilgi verebilecek bir ma\u011faza dan\u0131\u015fman\u0131na (telefon operat\u00f6r\u00fcne de\u011fil) ula\u015facaks\u0131n\u0131z.<\/p>\n<p>&nbsp;<\/p>\n<p>&nbsp;<\/p>","protected":false},"featured_media":3499,"comment_status":"closed","ping_status":"closed","template":"","meta":{"_eb_attr":"","_crsspst_to_jayantr4sg-hostcom":false},"product_brand":[],"product_cat":[253,1783,1537],"product_tag":[],"class_list":{"0":"post-3498","1":"product","2":"type-product","3":"status-publish","4":"has-post-thumbnail","6":"product_cat-floralia-collections","7":"product_cat-ladies-rings","8":"product_cat-white-gold-jewellery-set","10":"first","11":"onbackorder","12":"product-type-simple","13":"add-to-wishlist-before_image"},"yoast_head":"<!-- This site is optimized with the Yoast SEO plugin v27.4 - https:\/\/yoast.com\/product\/yoast-seo-wordpress\/ -->\n<title>White Gold Wildflower Ring with Aquamarine and Diamonds<\/title>\n<meta name=\"description\" content=\"White gold wildflower ring with aquamarine and diamonds inspired by jasmine tendrils. UK hallmarked and available with custom gemstone options at PureJewels.\" \/>\n<meta name=\"robots\" content=\"index, follow, max-snippet:-1, max-image-preview:large, max-video-preview:-1\" \/>\n<link rel=\"canonical\" href=\"https:\/\/www.purejewels.com\/tr\/urun\/kir-cicegi-yuzuk\/\" \/>\n<meta property=\"og:locale\" content=\"tr_TR\" \/>\n<meta property=\"og:type\" content=\"article\" \/>\n<meta property=\"og:title\" content=\"White Gold Wildflower Ring with Aquamarine and Diamonds\" \/>\n<meta property=\"og:description\" content=\"White gold wildflower ring with aquamarine and diamonds inspired by jasmine tendrils. UK hallmarked and available with custom gemstone options at PureJewels.\" \/>\n<meta property=\"og:url\" content=\"https:\/\/www.purejewels.com\/tr\/urun\/kir-cicegi-yuzuk\/\" \/>\n<meta property=\"og:site_name\" content=\"PureJewels UK\" \/>\n<meta property=\"article:modified_time\" content=\"2025-12-11T04:52:48+00:00\" \/>\n<meta property=\"og:image\" content=\"https:\/\/static.purejewels.com\/wp-content\/uploads\/2017\/07\/wildflower-ring-15808-2.jpg\" \/>\n\t<meta property=\"og:image:width\" content=\"960\" \/>\n\t<meta property=\"og:image:height\" content=\"960\" \/>\n\t<meta property=\"og:image:type\" content=\"image\/jpeg\" \/>\n<meta name=\"twitter:card\" content=\"summary_large_image\" \/>\n<meta name=\"twitter:label1\" content=\"Tahmini okuma s\u00fcresi\" \/>\n\t<meta name=\"twitter:data1\" content=\"2 dakika\" \/>\n<script type=\"application\/ld+json\" class=\"yoast-schema-graph\">{\"@context\":\"https:\\\/\\\/schema.org\",\"@graph\":[{\"@type\":[\"WebPage\",\"ItemPage\"],\"@id\":\"https:\\\/\\\/www.purejewels.com\\\/product\\\/wildflower-ring\\\/\",\"url\":\"https:\\\/\\\/www.purejewels.com\\\/product\\\/wildflower-ring\\\/\",\"name\":\"White Gold Wildflower Ring with Aquamarine and Diamonds\",\"isPartOf\":{\"@id\":\"https:\\\/\\\/www.purejewels.com\\\/#website\"},\"primaryImageOfPage\":{\"@id\":\"https:\\\/\\\/www.purejewels.com\\\/product\\\/wildflower-ring\\\/#primaryimage\"},\"image\":{\"@id\":\"https:\\\/\\\/www.purejewels.com\\\/product\\\/wildflower-ring\\\/#primaryimage\"},\"thumbnailUrl\":\"https:\\\/\\\/static.purejewels.com\\\/wp-content\\\/uploads\\\/2017\\\/07\\\/wildflower-ring-15808-2.jpg\",\"datePublished\":\"2017-07-19T12:14:06+00:00\",\"dateModified\":\"2025-12-11T04:52:48+00:00\",\"description\":\"White gold wildflower ring with aquamarine and diamonds inspired by jasmine tendrils. UK hallmarked and available with custom gemstone options at PureJewels.\",\"breadcrumb\":{\"@id\":\"https:\\\/\\\/www.purejewels.com\\\/product\\\/wildflower-ring\\\/#breadcrumb\"},\"inLanguage\":\"tr\",\"potentialAction\":[{\"@type\":\"ReadAction\",\"target\":[\"https:\\\/\\\/www.purejewels.com\\\/product\\\/wildflower-ring\\\/\"]}]},{\"@type\":\"ImageObject\",\"inLanguage\":\"tr\",\"@id\":\"https:\\\/\\\/www.purejewels.com\\\/product\\\/wildflower-ring\\\/#primaryimage\",\"url\":\"https:\\\/\\\/static.purejewels.com\\\/wp-content\\\/uploads\\\/2017\\\/07\\\/wildflower-ring-15808-2.jpg\",\"contentUrl\":\"https:\\\/\\\/static.purejewels.com\\\/wp-content\\\/uploads\\\/2017\\\/07\\\/wildflower-ring-15808-2.jpg\",\"width\":960,\"height\":960,\"caption\":\"wildflower-ring-15808.jpg\"},{\"@type\":\"BreadcrumbList\",\"@id\":\"https:\\\/\\\/www.purejewels.com\\\/product\\\/wildflower-ring\\\/#breadcrumb\",\"itemListElement\":[{\"@type\":\"ListItem\",\"position\":1,\"name\":\"Home\",\"item\":\"https:\\\/\\\/www.purejewels.com\\\/\"},{\"@type\":\"ListItem\",\"position\":2,\"name\":\"Shop\",\"item\":\"https:\\\/\\\/www.purejewels.com\\\/shop\\\/\"},{\"@type\":\"ListItem\",\"position\":3,\"name\":\"Wildflower Ring\"}]},{\"@type\":\"WebSite\",\"@id\":\"https:\\\/\\\/www.purejewels.com\\\/#website\",\"url\":\"https:\\\/\\\/www.purejewels.com\\\/\",\"name\":\"PureJewels UK\",\"description\":\"Share the Love\",\"publisher\":{\"@id\":\"https:\\\/\\\/www.purejewels.com\\\/#organization\"},\"potentialAction\":[{\"@type\":\"SearchAction\",\"target\":{\"@type\":\"EntryPoint\",\"urlTemplate\":\"https:\\\/\\\/www.purejewels.com\\\/?s={search_term_string}\"},\"query-input\":{\"@type\":\"PropertyValueSpecification\",\"valueRequired\":true,\"valueName\":\"search_term_string\"}}],\"inLanguage\":\"tr\"},{\"@type\":\"Organization\",\"@id\":\"https:\\\/\\\/www.purejewels.com\\\/#organization\",\"name\":\"PureJewels UK\",\"url\":\"https:\\\/\\\/www.purejewels.com\\\/\",\"logo\":{\"@type\":\"ImageObject\",\"inLanguage\":\"tr\",\"@id\":\"https:\\\/\\\/www.purejewels.com\\\/#\\\/schema\\\/logo\\\/image\\\/\",\"url\":\"https:\\\/\\\/static.purejewels.com\\\/wp-content\\\/uploads\\\/2020\\\/11\\\/Logo-PJ-New-1.png\",\"contentUrl\":\"https:\\\/\\\/static.purejewels.com\\\/wp-content\\\/uploads\\\/2020\\\/11\\\/Logo-PJ-New-1.png\",\"width\":150,\"height\":80,\"caption\":\"PureJewels UK\"},\"image\":{\"@id\":\"https:\\\/\\\/www.purejewels.com\\\/#\\\/schema\\\/logo\\\/image\\\/\"}}]}<\/script>\n<!-- \/ Yoast SEO plugin. -->","yoast_head_json":{"title":"Akvamarin ve P\u0131rlantal\u0131 Beyaz Alt\u0131n Yabani \u00c7i\u00e7ek Y\u00fcz\u00fck","description":"Yasemin dallar\u0131ndan esinlenerek tasarlanm\u0131\u015f, akuamarin ve elmaslarla s\u00fcslenmi\u015f beyaz alt\u0131n yabani \u00e7i\u00e7ek y\u00fcz\u00fck. \u0130ngiltere damgal\u0131 ve PureJewels'da \u00f6zel ta\u015f se\u00e7enekleriyle mevcuttur.","robots":{"index":"index","follow":"follow","max-snippet":"max-snippet:-1","max-image-preview":"max-image-preview:large","max-video-preview":"max-video-preview:-1"},"canonical":"https:\/\/www.purejewels.com\/tr\/urun\/kir-cicegi-yuzuk\/","og_locale":"tr_TR","og_type":"article","og_title":"White Gold Wildflower Ring with Aquamarine and Diamonds","og_description":"White gold wildflower ring with aquamarine and diamonds inspired by jasmine tendrils. UK hallmarked and available with custom gemstone options at PureJewels.","og_url":"https:\/\/www.purejewels.com\/tr\/urun\/kir-cicegi-yuzuk\/","og_site_name":"PureJewels UK","article_modified_time":"2025-12-11T04:52:48+00:00","og_image":[{"width":960,"height":960,"url":"https:\/\/static.purejewels.com\/wp-content\/uploads\/2017\/07\/wildflower-ring-15808-2.jpg","type":"image\/jpeg"}],"twitter_card":"summary_large_image","twitter_misc":{"Tahmini okuma s\u00fcresi":"2 dakika"},"schema":{"@context":"https:\/\/schema.org","@graph":[{"@type":["WebPage","ItemPage"],"@id":"https:\/\/www.purejewels.com\/product\/wildflower-ring\/","url":"https:\/\/www.purejewels.com\/product\/wildflower-ring\/","name":"Akvamarin ve P\u0131rlantal\u0131 Beyaz Alt\u0131n Yabani \u00c7i\u00e7ek Y\u00fcz\u00fck","isPartOf":{"@id":"https:\/\/www.purejewels.com\/#website"},"primaryImageOfPage":{"@id":"https:\/\/www.purejewels.com\/product\/wildflower-ring\/#primaryimage"},"image":{"@id":"https:\/\/www.purejewels.com\/product\/wildflower-ring\/#primaryimage"},"thumbnailUrl":"https:\/\/static.purejewels.com\/wp-content\/uploads\/2017\/07\/wildflower-ring-15808-2.jpg","datePublished":"2017-07-19T12:14:06+00:00","dateModified":"2025-12-11T04:52:48+00:00","description":"Yasemin dallar\u0131ndan esinlenerek tasarlanm\u0131\u015f, akuamarin ve elmaslarla s\u00fcslenmi\u015f beyaz alt\u0131n yabani \u00e7i\u00e7ek y\u00fcz\u00fck. \u0130ngiltere damgal\u0131 ve PureJewels'da \u00f6zel ta\u015f se\u00e7enekleriyle mevcuttur.","breadcrumb":{"@id":"https:\/\/www.purejewels.com\/product\/wildflower-ring\/#breadcrumb"},"inLanguage":"tr","potentialAction":[{"@type":"ReadAction","target":["https:\/\/www.purejewels.com\/product\/wildflower-ring\/"]}]},{"@type":"ImageObject","inLanguage":"tr","@id":"https:\/\/www.purejewels.com\/product\/wildflower-ring\/#primaryimage","url":"https:\/\/static.purejewels.com\/wp-content\/uploads\/2017\/07\/wildflower-ring-15808-2.jpg","contentUrl":"https:\/\/static.purejewels.com\/wp-content\/uploads\/2017\/07\/wildflower-ring-15808-2.jpg","width":960,"height":960,"caption":"wildflower-ring-15808.jpg"},{"@type":"BreadcrumbList","@id":"https:\/\/www.purejewels.com\/product\/wildflower-ring\/#breadcrumb","itemListElement":[{"@type":"ListItem","position":1,"name":"Home","item":"https:\/\/www.purejewels.com\/"},{"@type":"ListItem","position":2,"name":"Shop","item":"https:\/\/www.purejewels.com\/shop\/"},{"@type":"ListItem","position":3,"name":"Wildflower Ring"}]},{"@type":"WebSite","@id":"https:\/\/www.purejewels.com\/#website","url":"https:\/\/www.purejewels.com\/","name":"PureJewels \u0130ngiltere","description":"Sevgiyi Payla\u015f\u0131n","publisher":{"@id":"https:\/\/www.purejewels.com\/#organization"},"potentialAction":[{"@type":"SearchAction","target":{"@type":"EntryPoint","urlTemplate":"https:\/\/www.purejewels.com\/?s={search_term_string}"},"query-input":{"@type":"PropertyValueSpecification","valueRequired":true,"valueName":"search_term_string"}}],"inLanguage":"tr"},{"@type":"Organization","@id":"https:\/\/www.purejewels.com\/#organization","name":"PureJewels \u0130ngiltere","url":"https:\/\/www.purejewels.com\/","logo":{"@type":"ImageObject","inLanguage":"tr","@id":"https:\/\/www.purejewels.com\/#\/schema\/logo\/image\/","url":"https:\/\/static.purejewels.com\/wp-content\/uploads\/2020\/11\/Logo-PJ-New-1.png","contentUrl":"https:\/\/static.purejewels.com\/wp-content\/uploads\/2020\/11\/Logo-PJ-New-1.png","width":150,"height":80,"caption":"PureJewels UK"},"image":{"@id":"https:\/\/www.purejewels.com\/#\/schema\/logo\/image\/"}}]}},"_links":{"self":[{"href":"https:\/\/www.purejewels.com\/tr\/wp-json\/wp\/v2\/product\/3498","targetHints":{"allow":["GET"]}}],"collection":[{"href":"https:\/\/www.purejewels.com\/tr\/wp-json\/wp\/v2\/product"}],"about":[{"href":"https:\/\/www.purejewels.com\/tr\/wp-json\/wp\/v2\/types\/product"}],"replies":[{"embeddable":true,"href":"https:\/\/www.purejewels.com\/tr\/wp-json\/wp\/v2\/comments?post=3498"}],"version-history":[{"count":3,"href":"https:\/\/www.purejewels.com\/tr\/wp-json\/wp\/v2\/product\/3498\/revisions"}],"predecessor-version":[{"id":422927,"href":"https:\/\/www.purejewels.com\/tr\/wp-json\/wp\/v2\/product\/3498\/revisions\/422927"}],"wp:featuredmedia":[{"embeddable":true,"href":"https:\/\/www.purejewels.com\/tr\/wp-json\/wp\/v2\/media\/3499"}],"wp:attachment":[{"href":"https:\/\/www.purejewels.com\/tr\/wp-json\/wp\/v2\/media?parent=3498"}],"wp:term":[{"taxonomy":"product_brand","embeddable":true,"href":"https:\/\/www.purejewels.com\/tr\/wp-json\/wp\/v2\/product_brand?post=3498"},{"taxonomy":"product_cat","embeddable":true,"href":"https:\/\/www.purejewels.com\/tr\/wp-json\/wp\/v2\/product_cat?post=3498"},{"taxonomy":"product_tag","embeddable":true,"href":"https:\/\/www.purejewels.com\/tr\/wp-json\/wp\/v2\/product_tag?post=3498"}],"curies":[{"name":"wp","href":"https:\/\/api.w.org\/{rel}","templated":true}]}}