{"id":349951,"date":"2023-08-16T06:16:44","date_gmt":"2023-08-16T05:16:44","guid":{"rendered":"https:\/\/www.purejewels.com\/?post_type=product&#038;p=349951"},"modified":"2026-01-16T12:16:04","modified_gmt":"2026-01-16T12:16:04","slug":"18-ayar-beyaz-altin-damla-kupe-9195","status":"publish","type":"product","link":"https:\/\/www.purejewels.com\/tr\/product\/18ct-white-gold-drop-earring-9195\/","title":{"rendered":"18 Ayar Beyaz Alt\u0131n Damla K\u00fcpe"},"content":{"rendered":"<p>Bu \u00e7arp\u0131c\u0131 <a href=\"https:\/\/www.purejewels.com\/tr\/product\/18ct-white-gold-diamond-ring-for-ladies-8775\/\">18 ayar beyaz alt\u0131n<\/a> damla elmas <a href=\"https:\/\/www.purejewels.com\/tr\/product-category\/22ct-gold-jewellery\/gold-earrings\/\">K\u00fcpeler<\/a> her \u00f6zel durum i\u00e7in m\u00fckemmel bir aksesuard\u0131r. Toplam p\u0131rlanta a\u011f\u0131rl\u0131\u011f\u0131 0,46 ct olan bu k\u00fcpelerin her k\u0131yafete \u015f\u0131kl\u0131k ve \u0131\u015f\u0131lt\u0131 kataca\u011f\u0131 kesindir. Damla k\u00fcpelerin \u015f\u0131k tasar\u0131m\u0131, onlar\u0131 yukar\u0131 veya a\u015fa\u011f\u0131 giyilebilen \u00e7ok y\u00f6nl\u00fc bir par\u00e7a haline getirir.<\/p>\n<p>Y\u00fcksek kaliteli malzemeden \u00fcretilmi\u015ftir <a href=\"https:\/\/www.purejewels.com\/tr\/product\/18ct-white-gold-khanda-sikh-religious-pendant-6226\/\">18ct<\/a> beyaz alt\u0131n, bu k\u00fcpeler sadece g\u00fczel de\u011fil ayn\u0131 zamanda dayan\u0131kl\u0131 ve uzun \u00f6m\u00fcrl\u00fcd\u00fcr. G\u00fcvenli online \u00f6deme se\u00e7ene\u011fi, g\u00fcvenli ve sorunsuz bir al\u0131\u015fveri\u015f deneyimi sa\u011flar.<\/p>\n<p>\u0130ster kendinizi \u015f\u0131mart\u0131yor ister sevdikleriniz i\u00e7in \u00f6zel bir hediye ar\u0131yor olun, bu 18 ayar beyaz alt\u0131n damla p\u0131rlanta k\u00fcpelerin sizi etkileyece\u011finden emin olabilirsiniz. \u00dccretsiz takipli teslimat ve sunum kutusu ile bu k\u00fcpeleri hemen elinize alabilirsiniz. Bu \u00e7arp\u0131c\u0131 k\u00fcpeleri bug\u00fcn koleksiyonunuza eklemek i\u00e7in teredd\u00fct etmeyin!<\/p>","protected":false},"excerpt":{"rendered":"<div class=\"woocommerce-product-details__short-description\">\n<table class=\"sh_desc\">\n<tbody>\n<tr>\n<td>K\u00fcpe T\u00fcr\u00fc<\/td>\n<td>Damla K\u00fcpe<\/td>\n<\/tr>\n<tr>\n<td>SKU<\/td>\n<td>9195<\/td>\n<\/tr>\n<tr>\n<td>Cinsiyet<\/td>\n<td>Bayanlar<\/td>\n<\/tr>\n<tr>\n<td>Elmas A\u011f\u0131rl\u0131\u011f\u0131.<\/td>\n<td>0.46ct<\/td>\n<\/tr>\n<tr>\n<td>A\u011f\u0131rl\u0131k.<\/td>\n<td>4.1 gms<\/td>\n<\/tr>\n<tr>\n<td>Metal<\/td>\n<td>18 Ayar Alt\u0131n<\/td>\n<\/tr>\n<tr>\n<td>\u00dccretler<\/td>\n<td>Teslimat ve KDV Dahil<\/td>\n<\/tr>\n<tr>\n<td>Paketleme<\/td>\n<td>Sunum Kutusu ile Birlikte Gelir<\/td>\n<\/tr>\n<tr>\n<td>Daha Fazla Bilgi<\/td>\n<td>M\u00fcsaitlik durumu ve daha fazla resim i\u00e7in bizimle canl\u0131 sohbet edin<\/td>\n<\/tr>\n<\/tbody>\n<\/table>\n<\/div>\n<div class=\"btn-atc atc-slide\"><\/div>\n<div class=\"product_meta\"><\/div>","protected":false},"featured_media":349965,"comment_status":"closed","ping_status":"closed","template":"","meta":{"_eb_attr":"","_crsspst_to_jayantr4sg-hostcom":true},"product_brand":[],"product_cat":[6086,5679,1791,1559,1794,5458,5457,1685,1569,5348,1574],"product_tag":[66],"class_list":{"0":"post-349951","1":"product","2":"type-product","3":"status-publish","4":"has-post-thumbnail","6":"product_cat-18ct-gold-earring","7":"product_cat-18ct-gold-jewellery","8":"product_cat-anniversary-gifts","9":"product_cat-birthday-gifts","10":"product_cat-christmas-gifts","11":"product_cat-diamond-earring","12":"product_cat-diamond-jewellery","13":"product_cat-drop-earrings","14":"product_cat-valentine-day-gifts","15":"product_cat-white-gold-jewellery","16":"product_cat-womens-jewellery","17":"product_tag-earrings","19":"first","20":"instock","21":"taxable","22":"shipping-taxable","23":"purchasable","24":"product-type-simple","25":"add-to-wishlist-before_image"},"yoast_head":"<!-- This site is optimized with the Yoast SEO plugin v27.3 - https:\/\/yoast.com\/product\/yoast-seo-wordpress\/ -->\n<title>White Gold Drop Diamond Earring in 18ct | PureJewels UK<\/title>\n<meta name=\"description\" content=\"Explore the enchantment of 18ct White Gold Drop Earrings. Enhance your jewelry collection with a touch of elegance by shopping online at PureJewels UK.\" \/>\n<meta name=\"robots\" content=\"index, follow, max-snippet:-1, max-image-preview:large, max-video-preview:-1\" \/>\n<link rel=\"canonical\" href=\"https:\/\/www.purejewels.com\/tr\/urun\/18-ayar-beyaz-altin-damla-kupe-9195\/\" \/>\n<meta property=\"og:locale\" content=\"tr_TR\" \/>\n<meta property=\"og:type\" content=\"article\" \/>\n<meta property=\"og:title\" content=\"White Gold Drop Diamond Earring in 18ct | PureJewels UK\" \/>\n<meta property=\"og:description\" content=\"Explore the enchantment of 18ct White Gold Drop Earrings. Enhance your jewelry collection with a touch of elegance by shopping online at PureJewels UK.\" \/>\n<meta property=\"og:url\" content=\"https:\/\/www.purejewels.com\/tr\/urun\/18-ayar-beyaz-altin-damla-kupe-9195\/\" \/>\n<meta property=\"og:site_name\" content=\"PureJewels UK\" \/>\n<meta property=\"article:modified_time\" content=\"2026-01-16T12:16:04+00:00\" \/>\n<meta property=\"og:image\" content=\"https:\/\/www.purejewels.com\/wp-content\/uploads\/2023\/08\/9195.jpg\" \/>\n\t<meta property=\"og:image:width\" content=\"1000\" \/>\n\t<meta property=\"og:image:height\" content=\"1000\" \/>\n\t<meta property=\"og:image:type\" content=\"image\/jpeg\" \/>\n<meta name=\"twitter:card\" content=\"summary_large_image\" \/>\n<meta name=\"twitter:label1\" content=\"Tahmini okuma s\u00fcresi\" \/>\n\t<meta name=\"twitter:data1\" content=\"1 dakika\" \/>\n<script type=\"application\/ld+json\" class=\"yoast-schema-graph\">{\"@context\":\"https:\\\/\\\/schema.org\",\"@graph\":[{\"@type\":[\"WebPage\",\"ItemPage\"],\"@id\":\"https:\\\/\\\/www.purejewels.com\\\/product\\\/18ct-white-gold-drop-earring-9195\\\/\",\"url\":\"https:\\\/\\\/www.purejewels.com\\\/product\\\/18ct-white-gold-drop-earring-9195\\\/\",\"name\":\"White Gold Drop Diamond Earring in 18ct | PureJewels UK\",\"isPartOf\":{\"@id\":\"https:\\\/\\\/www.purejewels.com\\\/#website\"},\"primaryImageOfPage\":{\"@id\":\"https:\\\/\\\/www.purejewels.com\\\/product\\\/18ct-white-gold-drop-earring-9195\\\/#primaryimage\"},\"image\":{\"@id\":\"https:\\\/\\\/www.purejewels.com\\\/product\\\/18ct-white-gold-drop-earring-9195\\\/#primaryimage\"},\"thumbnailUrl\":\"https:\\\/\\\/static.purejewels.com\\\/wp-content\\\/uploads\\\/2023\\\/08\\\/9195.jpg\",\"datePublished\":\"2023-08-16T05:16:44+00:00\",\"dateModified\":\"2026-01-16T12:16:04+00:00\",\"description\":\"Explore the enchantment of 18ct White Gold Drop Earrings. Enhance your jewelry collection with a touch of elegance by shopping online at PureJewels UK.\",\"breadcrumb\":{\"@id\":\"https:\\\/\\\/www.purejewels.com\\\/product\\\/18ct-white-gold-drop-earring-9195\\\/#breadcrumb\"},\"inLanguage\":\"tr\",\"potentialAction\":[{\"@type\":\"ReadAction\",\"target\":[\"https:\\\/\\\/www.purejewels.com\\\/product\\\/18ct-white-gold-drop-earring-9195\\\/\"]}]},{\"@type\":\"ImageObject\",\"inLanguage\":\"tr\",\"@id\":\"https:\\\/\\\/www.purejewels.com\\\/product\\\/18ct-white-gold-drop-earring-9195\\\/#primaryimage\",\"url\":\"https:\\\/\\\/static.purejewels.com\\\/wp-content\\\/uploads\\\/2023\\\/08\\\/9195.jpg\",\"contentUrl\":\"https:\\\/\\\/static.purejewels.com\\\/wp-content\\\/uploads\\\/2023\\\/08\\\/9195.jpg\",\"width\":1000,\"height\":1000,\"caption\":\"18ct White Gold Drop Earring\"},{\"@type\":\"BreadcrumbList\",\"@id\":\"https:\\\/\\\/www.purejewels.com\\\/product\\\/18ct-white-gold-drop-earring-9195\\\/#breadcrumb\",\"itemListElement\":[{\"@type\":\"ListItem\",\"position\":1,\"name\":\"Home\",\"item\":\"https:\\\/\\\/www.purejewels.com\\\/\"},{\"@type\":\"ListItem\",\"position\":2,\"name\":\"Shop\",\"item\":\"https:\\\/\\\/www.purejewels.com\\\/shop\\\/\"},{\"@type\":\"ListItem\",\"position\":3,\"name\":\"18ct White Gold Drop Earring\"}]},{\"@type\":\"WebSite\",\"@id\":\"https:\\\/\\\/www.purejewels.com\\\/#website\",\"url\":\"https:\\\/\\\/www.purejewels.com\\\/\",\"name\":\"PureJewels UK\",\"description\":\"Share the Love\",\"publisher\":{\"@id\":\"https:\\\/\\\/www.purejewels.com\\\/#organization\"},\"potentialAction\":[{\"@type\":\"SearchAction\",\"target\":{\"@type\":\"EntryPoint\",\"urlTemplate\":\"https:\\\/\\\/www.purejewels.com\\\/?s={search_term_string}\"},\"query-input\":{\"@type\":\"PropertyValueSpecification\",\"valueRequired\":true,\"valueName\":\"search_term_string\"}}],\"inLanguage\":\"tr\"},{\"@type\":\"Organization\",\"@id\":\"https:\\\/\\\/www.purejewels.com\\\/#organization\",\"name\":\"PureJewels UK\",\"url\":\"https:\\\/\\\/www.purejewels.com\\\/\",\"logo\":{\"@type\":\"ImageObject\",\"inLanguage\":\"tr\",\"@id\":\"https:\\\/\\\/www.purejewels.com\\\/#\\\/schema\\\/logo\\\/image\\\/\",\"url\":\"https:\\\/\\\/static.purejewels.com\\\/wp-content\\\/uploads\\\/2020\\\/11\\\/Logo-PJ-New-1.png\",\"contentUrl\":\"https:\\\/\\\/static.purejewels.com\\\/wp-content\\\/uploads\\\/2020\\\/11\\\/Logo-PJ-New-1.png\",\"width\":150,\"height\":80,\"caption\":\"PureJewels UK\"},\"image\":{\"@id\":\"https:\\\/\\\/www.purejewels.com\\\/#\\\/schema\\\/logo\\\/image\\\/\"}}]}<\/script>\n<!-- \/ Yoast SEO plugin. -->","yoast_head_json":{"title":"18ct Beyaz Alt\u0131n Damla P\u0131rlanta K\u00fcpe | PureJewels UK","description":"18 ayar beyaz alt\u0131n damla k\u00fcpelerin b\u00fcy\u00fcs\u00fcn\u00fc ke\u015ffedin. PureJewels UK'den online al\u0131\u015fveri\u015f yaparak m\u00fccevher koleksiyonunuzu \u015f\u0131k bir dokunu\u015fla zenginle\u015ftirin.","robots":{"index":"index","follow":"follow","max-snippet":"max-snippet:-1","max-image-preview":"max-image-preview:large","max-video-preview":"max-video-preview:-1"},"canonical":"https:\/\/www.purejewels.com\/tr\/urun\/18-ayar-beyaz-altin-damla-kupe-9195\/","og_locale":"tr_TR","og_type":"article","og_title":"White Gold Drop Diamond Earring in 18ct | PureJewels UK","og_description":"Explore the enchantment of 18ct White Gold Drop Earrings. Enhance your jewelry collection with a touch of elegance by shopping online at PureJewels UK.","og_url":"https:\/\/www.purejewels.com\/tr\/urun\/18-ayar-beyaz-altin-damla-kupe-9195\/","og_site_name":"PureJewels UK","article_modified_time":"2026-01-16T12:16:04+00:00","og_image":[{"width":1000,"height":1000,"url":"https:\/\/www.purejewels.com\/wp-content\/uploads\/2023\/08\/9195.jpg","type":"image\/jpeg"}],"twitter_card":"summary_large_image","twitter_misc":{"Tahmini okuma s\u00fcresi":"1 dakika"},"schema":{"@context":"https:\/\/schema.org","@graph":[{"@type":["WebPage","ItemPage"],"@id":"https:\/\/www.purejewels.com\/product\/18ct-white-gold-drop-earring-9195\/","url":"https:\/\/www.purejewels.com\/product\/18ct-white-gold-drop-earring-9195\/","name":"18ct Beyaz Alt\u0131n Damla P\u0131rlanta K\u00fcpe | PureJewels UK","isPartOf":{"@id":"https:\/\/www.purejewels.com\/#website"},"primaryImageOfPage":{"@id":"https:\/\/www.purejewels.com\/product\/18ct-white-gold-drop-earring-9195\/#primaryimage"},"image":{"@id":"https:\/\/www.purejewels.com\/product\/18ct-white-gold-drop-earring-9195\/#primaryimage"},"thumbnailUrl":"https:\/\/static.purejewels.com\/wp-content\/uploads\/2023\/08\/9195.jpg","datePublished":"2023-08-16T05:16:44+00:00","dateModified":"2026-01-16T12:16:04+00:00","description":"18 ayar beyaz alt\u0131n damla k\u00fcpelerin b\u00fcy\u00fcs\u00fcn\u00fc ke\u015ffedin. PureJewels UK'den online al\u0131\u015fveri\u015f yaparak m\u00fccevher koleksiyonunuzu \u015f\u0131k bir dokunu\u015fla zenginle\u015ftirin.","breadcrumb":{"@id":"https:\/\/www.purejewels.com\/product\/18ct-white-gold-drop-earring-9195\/#breadcrumb"},"inLanguage":"tr","potentialAction":[{"@type":"ReadAction","target":["https:\/\/www.purejewels.com\/product\/18ct-white-gold-drop-earring-9195\/"]}]},{"@type":"ImageObject","inLanguage":"tr","@id":"https:\/\/www.purejewels.com\/product\/18ct-white-gold-drop-earring-9195\/#primaryimage","url":"https:\/\/static.purejewels.com\/wp-content\/uploads\/2023\/08\/9195.jpg","contentUrl":"https:\/\/static.purejewels.com\/wp-content\/uploads\/2023\/08\/9195.jpg","width":1000,"height":1000,"caption":"18ct White Gold Drop Earring"},{"@type":"BreadcrumbList","@id":"https:\/\/www.purejewels.com\/product\/18ct-white-gold-drop-earring-9195\/#breadcrumb","itemListElement":[{"@type":"ListItem","position":1,"name":"Home","item":"https:\/\/www.purejewels.com\/"},{"@type":"ListItem","position":2,"name":"Shop","item":"https:\/\/www.purejewels.com\/shop\/"},{"@type":"ListItem","position":3,"name":"18ct White Gold Drop Earring"}]},{"@type":"WebSite","@id":"https:\/\/www.purejewels.com\/#website","url":"https:\/\/www.purejewels.com\/","name":"PureJewels \u0130ngiltere","description":"Sevgiyi Payla\u015f\u0131n","publisher":{"@id":"https:\/\/www.purejewels.com\/#organization"},"potentialAction":[{"@type":"SearchAction","target":{"@type":"EntryPoint","urlTemplate":"https:\/\/www.purejewels.com\/?s={search_term_string}"},"query-input":{"@type":"PropertyValueSpecification","valueRequired":true,"valueName":"search_term_string"}}],"inLanguage":"tr"},{"@type":"Organization","@id":"https:\/\/www.purejewels.com\/#organization","name":"PureJewels \u0130ngiltere","url":"https:\/\/www.purejewels.com\/","logo":{"@type":"ImageObject","inLanguage":"tr","@id":"https:\/\/www.purejewels.com\/#\/schema\/logo\/image\/","url":"https:\/\/static.purejewels.com\/wp-content\/uploads\/2020\/11\/Logo-PJ-New-1.png","contentUrl":"https:\/\/static.purejewels.com\/wp-content\/uploads\/2020\/11\/Logo-PJ-New-1.png","width":150,"height":80,"caption":"PureJewels UK"},"image":{"@id":"https:\/\/www.purejewels.com\/#\/schema\/logo\/image\/"}}]}},"_links":{"self":[{"href":"https:\/\/www.purejewels.com\/tr\/wp-json\/wp\/v2\/product\/349951","targetHints":{"allow":["GET"]}}],"collection":[{"href":"https:\/\/www.purejewels.com\/tr\/wp-json\/wp\/v2\/product"}],"about":[{"href":"https:\/\/www.purejewels.com\/tr\/wp-json\/wp\/v2\/types\/product"}],"replies":[{"embeddable":true,"href":"https:\/\/www.purejewels.com\/tr\/wp-json\/wp\/v2\/comments?post=349951"}],"version-history":[{"count":3,"href":"https:\/\/www.purejewels.com\/tr\/wp-json\/wp\/v2\/product\/349951\/revisions"}],"predecessor-version":[{"id":420714,"href":"https:\/\/www.purejewels.com\/tr\/wp-json\/wp\/v2\/product\/349951\/revisions\/420714"}],"wp:featuredmedia":[{"embeddable":true,"href":"https:\/\/www.purejewels.com\/tr\/wp-json\/wp\/v2\/media\/349965"}],"wp:attachment":[{"href":"https:\/\/www.purejewels.com\/tr\/wp-json\/wp\/v2\/media?parent=349951"}],"wp:term":[{"taxonomy":"product_brand","embeddable":true,"href":"https:\/\/www.purejewels.com\/tr\/wp-json\/wp\/v2\/product_brand?post=349951"},{"taxonomy":"product_cat","embeddable":true,"href":"https:\/\/www.purejewels.com\/tr\/wp-json\/wp\/v2\/product_cat?post=349951"},{"taxonomy":"product_tag","embeddable":true,"href":"https:\/\/www.purejewels.com\/tr\/wp-json\/wp\/v2\/product_tag?post=349951"}],"curies":[{"name":"wp","href":"https:\/\/api.w.org\/{rel}","templated":true}]}}