{"id":349982,"date":"2023-08-17T12:14:05","date_gmt":"2023-08-17T11:14:05","guid":{"rendered":"https:\/\/www.purejewels.com\/?post_type=product&#038;p=349982"},"modified":"2026-02-10T09:07:39","modified_gmt":"2026-02-10T09:07:39","slug":"22-ayar-altin-kesilmemis-polki-pirlanta-kupe-diya-koleksiyonu-41441","status":"publish","type":"product","link":"https:\/\/www.purejewels.com\/tr\/product\/22ct-gold-uncut-polki-diamond-earring-diya-collection-41441\/","title":{"rendered":"22 Ayar Alt\u0131n Kesilmemi\u015f Polki P\u0131rlanta K\u00fcpe | Diya Koleksiyonu"},"content":{"rendered":"<ul>\n<li><b>SKU:<\/b> 41441<\/li>\n<li><b>Tasar\u0131m:\u00a0<\/b>DYER106<\/li>\n<\/ul>","protected":false},"excerpt":{"rendered":"<table class=\"sh_desc\" style=\"width: 100%; height: 280px;\">\n<tbody>\n<tr style=\"height: 28px;\">\n<td style=\"height: 28px;\">K\u00fcpe T\u00fcr\u00fc<\/td>\n<td style=\"height: 28px;\">Damla K\u00fcpe<\/td>\n<\/tr>\n<tr style=\"height: 28px;\">\n<td style=\"height: 28px;\">SKU<\/td>\n<td style=\"height: 28px;\">41441<\/td>\n<\/tr>\n<tr style=\"height: 28px;\">\n<td style=\"height: 28px;\">Ta\u015f<\/td>\n<td style=\"height: 28px;\">Kesilmemi\u015f Polki Elmas<\/td>\n<\/tr>\n<tr style=\"height: 28px;\">\n<td style=\"height: 28px;\">Koleksiyon<\/td>\n<td style=\"height: 28px;\">Diya Koleksiyonu<\/td>\n<\/tr>\n<tr style=\"height: 28px;\">\n<td style=\"height: 28px;\">A\u011f\u0131rl\u0131k<\/td>\n<td style=\"height: 28px;\">16,5 Gms<\/td>\n<\/tr>\n<tr style=\"height: 28px;\">\n<td style=\"height: 28px;\">Metal<\/td>\n<td style=\"height: 28px;\">22 Ayar Alt\u0131n<\/td>\n<\/tr>\n<tr style=\"height: 28px;\">\n<td style=\"height: 28px;\">\u00dccretler<\/td>\n<td style=\"height: 28px;\">Teslimat ve KDV Dahil<\/td>\n<\/tr>\n<tr style=\"height: 28px;\">\n<td style=\"height: 28px;\">Paketleme<\/td>\n<td style=\"height: 28px;\">Sunum Kutusu ile Birlikte Gelir<\/td>\n<\/tr>\n<tr style=\"height: 56px;\">\n<td style=\"height: 56px;\">Daha Fazla Bilgi<\/td>\n<td style=\"height: 56px;\">\n<ul>\n<li>M\u00fcsaitlik durumu ve daha fazla resim i\u00e7in bizimle canl\u0131 sohbet edin<\/li>\n<\/ul>\n<\/td>\n<\/tr>\n<\/tbody>\n<\/table>","protected":false},"featured_media":353257,"comment_status":"closed","ping_status":"closed","template":"","meta":{"_eb_attr":"","_crsspst_to_jayantr4sg-hostcom":false},"product_brand":[],"product_cat":[1791,1559,5315,236,254,1685,1254,1574,5349],"product_tag":[],"class_list":{"0":"post-349982","1":"product","2":"type-product","3":"status-publish","4":"has-post-thumbnail","6":"product_cat-anniversary-gifts","7":"product_cat-birthday-gifts","8":"product_cat-bridal-and-wedding-earrings","9":"product_cat-collections","10":"product_cat-diya-collections","11":"product_cat-drop-earrings","12":"product_cat-gold-earrings","13":"product_cat-womens-jewellery","14":"product_cat-yellow-gold-jewellery","16":"first","17":"instock","18":"taxable","19":"shipping-taxable","20":"purchasable","21":"product-type-simple","22":"add-to-wishlist-before_image"},"yoast_head":"<!-- This site is optimized with the Yoast SEO plugin v27.5 - https:\/\/yoast.com\/product\/yoast-seo-wordpress\/ -->\n<title>22ct Gold Uncut Polki Diamond Earring at PureJewels UK<\/title>\n<meta name=\"robots\" content=\"index, follow, max-snippet:-1, max-image-preview:large, max-video-preview:-1\" \/>\n<link rel=\"canonical\" href=\"https:\/\/www.purejewels.com\/tr\/urun\/22-ayar-altin-kesilmemis-polki-pirlanta-kupe-diya-koleksiyonu-41441\/\" \/>\n<meta property=\"og:locale\" content=\"tr_TR\" \/>\n<meta property=\"og:type\" content=\"article\" \/>\n<meta property=\"og:title\" content=\"22ct Gold Uncut Polki Diamond Earring at PureJewels UK\" \/>\n<meta property=\"og:description\" content=\"Type Of Earring Drop Earring   SKU 41441   Stone Uncut Polki Diamond   Collection Diya Collection   Weight 16.5 Gms   Metal 22ct Gold   Charges Delivery\u00a0and\u00a0VAT\u00a0Included   Packaging Comes\u00a0With\u00a0Presentation\u00a0Box   More\u00a0Information    Live chat with us for availability\u00a0and\u00a0more\u00a0images\" \/>\n<meta property=\"og:url\" content=\"https:\/\/www.purejewels.com\/tr\/urun\/22-ayar-altin-kesilmemis-polki-pirlanta-kupe-diya-koleksiyonu-41441\/\" \/>\n<meta property=\"og:site_name\" content=\"PureJewels UK\" \/>\n<meta property=\"article:modified_time\" content=\"2026-02-10T09:07:39+00:00\" \/>\n<meta property=\"og:image\" content=\"https:\/\/static.purejewels.com\/wp-content\/uploads\/2023\/08\/832.jpg\" \/>\n\t<meta property=\"og:image:width\" content=\"1000\" \/>\n\t<meta property=\"og:image:height\" content=\"1000\" \/>\n\t<meta property=\"og:image:type\" content=\"image\/jpeg\" \/>\n<meta name=\"twitter:card\" content=\"summary_large_image\" \/>\n<meta name=\"twitter:label1\" content=\"Tahmini okuma s\u00fcresi\" \/>\n\t<meta name=\"twitter:data1\" content=\"1 dakika\" \/>\n<script type=\"application\/ld+json\" class=\"yoast-schema-graph\">{\"@context\":\"https:\\\/\\\/schema.org\",\"@graph\":[{\"@type\":[\"WebPage\",\"ItemPage\"],\"@id\":\"https:\\\/\\\/www.purejewels.com\\\/product\\\/22ct-gold-uncut-polki-diamond-earring-diya-collection-41441\\\/\",\"url\":\"https:\\\/\\\/www.purejewels.com\\\/product\\\/22ct-gold-uncut-polki-diamond-earring-diya-collection-41441\\\/\",\"name\":\"22ct Gold Uncut Polki Diamond Earring at PureJewels UK\",\"isPartOf\":{\"@id\":\"https:\\\/\\\/www.purejewels.com\\\/#website\"},\"primaryImageOfPage\":{\"@id\":\"https:\\\/\\\/www.purejewels.com\\\/product\\\/22ct-gold-uncut-polki-diamond-earring-diya-collection-41441\\\/#primaryimage\"},\"image\":{\"@id\":\"https:\\\/\\\/www.purejewels.com\\\/product\\\/22ct-gold-uncut-polki-diamond-earring-diya-collection-41441\\\/#primaryimage\"},\"thumbnailUrl\":\"https:\\\/\\\/static.purejewels.com\\\/wp-content\\\/uploads\\\/2023\\\/08\\\/832.jpg\",\"datePublished\":\"2023-08-17T11:14:05+00:00\",\"dateModified\":\"2026-02-10T09:07:39+00:00\",\"breadcrumb\":{\"@id\":\"https:\\\/\\\/www.purejewels.com\\\/product\\\/22ct-gold-uncut-polki-diamond-earring-diya-collection-41441\\\/#breadcrumb\"},\"inLanguage\":\"tr\",\"potentialAction\":[{\"@type\":\"ReadAction\",\"target\":[\"https:\\\/\\\/www.purejewels.com\\\/product\\\/22ct-gold-uncut-polki-diamond-earring-diya-collection-41441\\\/\"]}]},{\"@type\":\"ImageObject\",\"inLanguage\":\"tr\",\"@id\":\"https:\\\/\\\/www.purejewels.com\\\/product\\\/22ct-gold-uncut-polki-diamond-earring-diya-collection-41441\\\/#primaryimage\",\"url\":\"https:\\\/\\\/static.purejewels.com\\\/wp-content\\\/uploads\\\/2023\\\/08\\\/832.jpg\",\"contentUrl\":\"https:\\\/\\\/static.purejewels.com\\\/wp-content\\\/uploads\\\/2023\\\/08\\\/832.jpg\",\"width\":1000,\"height\":1000},{\"@type\":\"BreadcrumbList\",\"@id\":\"https:\\\/\\\/www.purejewels.com\\\/product\\\/22ct-gold-uncut-polki-diamond-earring-diya-collection-41441\\\/#breadcrumb\",\"itemListElement\":[{\"@type\":\"ListItem\",\"position\":1,\"name\":\"Home\",\"item\":\"https:\\\/\\\/www.purejewels.com\\\/\"},{\"@type\":\"ListItem\",\"position\":2,\"name\":\"Shop\",\"item\":\"https:\\\/\\\/www.purejewels.com\\\/shop\\\/\"},{\"@type\":\"ListItem\",\"position\":3,\"name\":\"22ct Gold Uncut Polki Diamond Earring | Diya Collection\"}]},{\"@type\":\"WebSite\",\"@id\":\"https:\\\/\\\/www.purejewels.com\\\/#website\",\"url\":\"https:\\\/\\\/www.purejewels.com\\\/\",\"name\":\"PureJewels UK\",\"description\":\"Share the Love\",\"publisher\":{\"@id\":\"https:\\\/\\\/www.purejewels.com\\\/#organization\"},\"potentialAction\":[{\"@type\":\"SearchAction\",\"target\":{\"@type\":\"EntryPoint\",\"urlTemplate\":\"https:\\\/\\\/www.purejewels.com\\\/?s={search_term_string}\"},\"query-input\":{\"@type\":\"PropertyValueSpecification\",\"valueRequired\":true,\"valueName\":\"search_term_string\"}}],\"inLanguage\":\"tr\"},{\"@type\":\"Organization\",\"@id\":\"https:\\\/\\\/www.purejewels.com\\\/#organization\",\"name\":\"PureJewels UK\",\"url\":\"https:\\\/\\\/www.purejewels.com\\\/\",\"logo\":{\"@type\":\"ImageObject\",\"inLanguage\":\"tr\",\"@id\":\"https:\\\/\\\/www.purejewels.com\\\/#\\\/schema\\\/logo\\\/image\\\/\",\"url\":\"https:\\\/\\\/static.purejewels.com\\\/wp-content\\\/uploads\\\/2020\\\/11\\\/Logo-PJ-New-1.png\",\"contentUrl\":\"https:\\\/\\\/static.purejewels.com\\\/wp-content\\\/uploads\\\/2020\\\/11\\\/Logo-PJ-New-1.png\",\"width\":150,\"height\":80,\"caption\":\"PureJewels UK\"},\"image\":{\"@id\":\"https:\\\/\\\/www.purejewels.com\\\/#\\\/schema\\\/logo\\\/image\\\/\"}}]}<\/script>\n<!-- \/ Yoast SEO plugin. -->","yoast_head_json":{"title":"PureJewels UK'de 22 Ayar Alt\u0131n Kesilmemi\u015f Polki P\u0131rlanta K\u00fcpe","robots":{"index":"index","follow":"follow","max-snippet":"max-snippet:-1","max-image-preview":"max-image-preview:large","max-video-preview":"max-video-preview:-1"},"canonical":"https:\/\/www.purejewels.com\/tr\/urun\/22-ayar-altin-kesilmemis-polki-pirlanta-kupe-diya-koleksiyonu-41441\/","og_locale":"tr_TR","og_type":"article","og_title":"22ct Gold Uncut Polki Diamond Earring at PureJewels UK","og_description":"Type Of Earring Drop Earring   SKU 41441   Stone Uncut Polki Diamond   Collection Diya Collection   Weight 16.5 Gms   Metal 22ct Gold   Charges Delivery\u00a0and\u00a0VAT\u00a0Included   Packaging Comes\u00a0With\u00a0Presentation\u00a0Box   More\u00a0Information    Live chat with us for availability\u00a0and\u00a0more\u00a0images","og_url":"https:\/\/www.purejewels.com\/tr\/urun\/22-ayar-altin-kesilmemis-polki-pirlanta-kupe-diya-koleksiyonu-41441\/","og_site_name":"PureJewels UK","article_modified_time":"2026-02-10T09:07:39+00:00","og_image":[{"width":1000,"height":1000,"url":"https:\/\/static.purejewels.com\/wp-content\/uploads\/2023\/08\/832.jpg","type":"image\/jpeg"}],"twitter_card":"summary_large_image","twitter_misc":{"Tahmini okuma s\u00fcresi":"1 dakika"},"schema":{"@context":"https:\/\/schema.org","@graph":[{"@type":["WebPage","ItemPage"],"@id":"https:\/\/www.purejewels.com\/product\/22ct-gold-uncut-polki-diamond-earring-diya-collection-41441\/","url":"https:\/\/www.purejewels.com\/product\/22ct-gold-uncut-polki-diamond-earring-diya-collection-41441\/","name":"PureJewels UK'de 22 Ayar Alt\u0131n Kesilmemi\u015f Polki P\u0131rlanta K\u00fcpe","isPartOf":{"@id":"https:\/\/www.purejewels.com\/#website"},"primaryImageOfPage":{"@id":"https:\/\/www.purejewels.com\/product\/22ct-gold-uncut-polki-diamond-earring-diya-collection-41441\/#primaryimage"},"image":{"@id":"https:\/\/www.purejewels.com\/product\/22ct-gold-uncut-polki-diamond-earring-diya-collection-41441\/#primaryimage"},"thumbnailUrl":"https:\/\/static.purejewels.com\/wp-content\/uploads\/2023\/08\/832.jpg","datePublished":"2023-08-17T11:14:05+00:00","dateModified":"2026-02-10T09:07:39+00:00","breadcrumb":{"@id":"https:\/\/www.purejewels.com\/product\/22ct-gold-uncut-polki-diamond-earring-diya-collection-41441\/#breadcrumb"},"inLanguage":"tr","potentialAction":[{"@type":"ReadAction","target":["https:\/\/www.purejewels.com\/product\/22ct-gold-uncut-polki-diamond-earring-diya-collection-41441\/"]}]},{"@type":"ImageObject","inLanguage":"tr","@id":"https:\/\/www.purejewels.com\/product\/22ct-gold-uncut-polki-diamond-earring-diya-collection-41441\/#primaryimage","url":"https:\/\/static.purejewels.com\/wp-content\/uploads\/2023\/08\/832.jpg","contentUrl":"https:\/\/static.purejewels.com\/wp-content\/uploads\/2023\/08\/832.jpg","width":1000,"height":1000},{"@type":"BreadcrumbList","@id":"https:\/\/www.purejewels.com\/product\/22ct-gold-uncut-polki-diamond-earring-diya-collection-41441\/#breadcrumb","itemListElement":[{"@type":"ListItem","position":1,"name":"Home","item":"https:\/\/www.purejewels.com\/"},{"@type":"ListItem","position":2,"name":"Shop","item":"https:\/\/www.purejewels.com\/shop\/"},{"@type":"ListItem","position":3,"name":"22ct Gold Uncut Polki Diamond Earring | Diya Collection"}]},{"@type":"WebSite","@id":"https:\/\/www.purejewels.com\/#website","url":"https:\/\/www.purejewels.com\/","name":"PureJewels \u0130ngiltere","description":"Sevgiyi Payla\u015f\u0131n","publisher":{"@id":"https:\/\/www.purejewels.com\/#organization"},"potentialAction":[{"@type":"SearchAction","target":{"@type":"EntryPoint","urlTemplate":"https:\/\/www.purejewels.com\/?s={search_term_string}"},"query-input":{"@type":"PropertyValueSpecification","valueRequired":true,"valueName":"search_term_string"}}],"inLanguage":"tr"},{"@type":"Organization","@id":"https:\/\/www.purejewels.com\/#organization","name":"PureJewels \u0130ngiltere","url":"https:\/\/www.purejewels.com\/","logo":{"@type":"ImageObject","inLanguage":"tr","@id":"https:\/\/www.purejewels.com\/#\/schema\/logo\/image\/","url":"https:\/\/static.purejewels.com\/wp-content\/uploads\/2020\/11\/Logo-PJ-New-1.png","contentUrl":"https:\/\/static.purejewels.com\/wp-content\/uploads\/2020\/11\/Logo-PJ-New-1.png","width":150,"height":80,"caption":"PureJewels UK"},"image":{"@id":"https:\/\/www.purejewels.com\/#\/schema\/logo\/image\/"}}]}},"_links":{"self":[{"href":"https:\/\/www.purejewels.com\/tr\/wp-json\/wp\/v2\/product\/349982","targetHints":{"allow":["GET"]}}],"collection":[{"href":"https:\/\/www.purejewels.com\/tr\/wp-json\/wp\/v2\/product"}],"about":[{"href":"https:\/\/www.purejewels.com\/tr\/wp-json\/wp\/v2\/types\/product"}],"replies":[{"embeddable":true,"href":"https:\/\/www.purejewels.com\/tr\/wp-json\/wp\/v2\/comments?post=349982"}],"version-history":[{"count":3,"href":"https:\/\/www.purejewels.com\/tr\/wp-json\/wp\/v2\/product\/349982\/revisions"}],"predecessor-version":[{"id":425898,"href":"https:\/\/www.purejewels.com\/tr\/wp-json\/wp\/v2\/product\/349982\/revisions\/425898"}],"wp:featuredmedia":[{"embeddable":true,"href":"https:\/\/www.purejewels.com\/tr\/wp-json\/wp\/v2\/media\/353257"}],"wp:attachment":[{"href":"https:\/\/www.purejewels.com\/tr\/wp-json\/wp\/v2\/media?parent=349982"}],"wp:term":[{"taxonomy":"product_brand","embeddable":true,"href":"https:\/\/www.purejewels.com\/tr\/wp-json\/wp\/v2\/product_brand?post=349982"},{"taxonomy":"product_cat","embeddable":true,"href":"https:\/\/www.purejewels.com\/tr\/wp-json\/wp\/v2\/product_cat?post=349982"},{"taxonomy":"product_tag","embeddable":true,"href":"https:\/\/www.purejewels.com\/tr\/wp-json\/wp\/v2\/product_tag?post=349982"}],"curies":[{"name":"wp","href":"https:\/\/api.w.org\/{rel}","templated":true}]}}