{"id":3500,"date":"2017-07-19T13:14:07","date_gmt":"2017-07-19T12:14:07","guid":{"rendered":"http:\/\/new.purejewels.com\/product\/dew-drop-pendant\/"},"modified":"2025-03-19T08:07:06","modified_gmt":"2025-03-19T08:07:06","slug":"ciy-damlasi-kolye-ucu","status":"publish","type":"product","link":"https:\/\/www.purejewels.com\/tr\/product\/dew-drop-pendant\/","title":{"rendered":"\u00c7iy Damlas\u0131 Kolye"},"content":{"rendered":"<p style=\"text-align: center;\"><a href=\"https:\/\/www.purejewels.com\/tr\/product\/18ct-white-gold-diamond-ring-for-ladies-8775\/\">18 ayar beyaz alt\u0131n<\/a><\/p>\n<p style=\"text-align: center;\">P\u0131rlanta 0,21ts<\/p>\n<p style=\"text-align: center;\"><a href=\"https:\/\/www.purejewels.com\/tr\/product-category\/coloured-gemstone-jewellery\/\">Akuamarinler<\/a> 0.10cts<\/p>\n<p style=\"text-align: center;\">Pembe turmalin, ye\u015fil turmalin ve morganitten olu\u015fturulabilir<\/p>\n<ul>\n<li>London Assay Office taraf\u0131ndan damgalanm\u0131\u015f alt\u0131n<\/li>\n<li>Sunum Kutusu ile Birlikte Gelir<\/li>\n<li>Teslimat Dahil<\/li>\n<li>T\u00fcm fiyatlara KDV dahildir<\/li>\n<li>Stok durumu ve stokta bulunan benzer tasar\u0131mlar\u0131n daha fazla g\u00f6r\u00fcnt\u00fcs\u00fc i\u00e7in bizimle canl\u0131 sohbet edin<\/li>\n<\/ul>\n<p><strong>\u0130lahi Floralia damla kolye ucumuz beyaz alt\u0131ndan \u00fcretilmi\u015ftir. <\/strong><em>Zarif tasar\u0131m ve zanaatkar <a href=\"https:\/\/www.purejewels.com\/tr\/a-guide-to-die-stamping\/\">zanaatkarl\u0131k<\/a> onu ay\u0131r\u0131r.\u00a0 <\/em><\/p>\n<p><strong>Floralia beyaz alt\u0131n damla kolye<br \/>\n<\/strong>G\u00fczel Floralia koleksiyonumuzun kalbi.... Floralia'n\u0131n g\u00f6rkemli \u00e7iy kolyesi sade ve zarif bir tasar\u0131ma sahiptir.  Beyaz alt\u0131n damla kolye ucu \u015f\u0131k k\u0131vr\u0131mlarla \u015fekillendirilmi\u015f ve c\u00f6mert bir p\u0131rlanta tozuyla tamamlanm\u0131\u015ft\u0131r.  Parlak, hayat dolu ve son derece l\u00fcks.<\/p>\n<p>Floralia beyaz alt\u0131n damla kolyenizi \u00f6zelle\u015ftirebilirsiniz - akuamarin, pembe turmalin, ye\u015fil turmalin veya morganit aras\u0131ndan se\u00e7im yapabilirsiniz.  Sipari\u015f \u00fczerine yap\u0131lacakt\u0131r, bu nedenle teslimat s\u00fcrelerini kontrol etmek i\u00e7in l\u00fctfen Canl\u0131 Sohbet'i kullan\u0131n.<\/p>\n<p><strong>Floralia'n\u0131n hikayesi<\/strong><br \/>\nGizli bah\u00e7ede bir y\u00fcr\u00fcy\u00fc\u015fe \u00e7\u0131k\u0131n... saray arazisinin derinliklerinde, \u00e7ok az insan\u0131n ayak bast\u0131\u011f\u0131 bir yer.  Ku\u015f c\u0131v\u0131lt\u0131lar\u0131ndan ve birbirlerinin etraf\u0131nda b\u00fcy\u00fcy\u00fcp k\u0131vr\u0131lan bitkilerin f\u0131s\u0131lt\u0131lar\u0131ndan ba\u015fka ses yoktur.  Do\u011fa krali\u00e7edir ve bir damla ya\u011fmur i\u00e7in yukar\u0131 do\u011fru uzanan tomurcuklar\u0131 ve \u00e7i\u00e7ekleri besler.  Her sabah bah\u00e7e, g\u00f6z a\u00e7\u0131p kapay\u0131ncaya kadar d\u00fc\u015fen ve gece boyunca g\u00f6ky\u00fcz\u00fcnden geri d\u00f6nen kristal \u00e7iy damlalar\u0131yla bezenir.<\/p>\n<p><em>Floralia<\/em> dramatik k\u0131r \u00e7i\u00e7eklerini berrak \u00e7iy damlalar\u0131n\u0131n m\u00fckemmelli\u011fiyle birle\u015ftiren bah\u00e7e hayalimizdir.  Beyaz alt\u0131n damla kolyemiz, organik bir girdap i\u00e7inde ger\u00e7ek p\u0131rlantalarla serpilmi\u015ftir.<\/p>\n<p><strong>\u0130mza niteli\u011finde bir kolye<br \/>\n<\/strong><em>Floralia<\/em> PureJewels'in \u00f6zel koleksiyonudur.  Tarihi Hindistan'dan ve orada hala ke\u015ffedebilece\u011finiz yemye\u015fil saray bah\u00e7elerinden esinlenen bu tasar\u0131m, g\u00fcn\u00fcm\u00fcz\u00fcn g\u00f6zdesi haline gelmi\u015ftir.  G\u00f6z al\u0131c\u0131 tasar\u0131m\u0131yla <a href=\"https:\/\/www.purejewels.com\/tr\/product\/18ct-white-gold-khanda-sikh-religious-pendant-6226\/\">18ct<\/a> Beyaz alt\u0131n, kolye ucu kolye g\u00fcnl\u00fck kullan\u0131m i\u00e7in yeterince \u00e7ok y\u00f6nl\u00fcd\u00fcr.  S\u0131radan bir i\u015f g\u00fcn\u00fcnde ofis k\u0131yafetinizi y\u00fckseltmek i\u00e7in tak\u0131n; veya sansasyonel bir ak\u015fam g\u00f6r\u00fcn\u00fcm\u00fc yaratmak i\u00e7in dald\u0131rma yakaya ekleyin.<\/p>\n<p>Floralia beyaz <a href=\"https:\/\/www.purejewels.com\/tr\/product\/22ct-real-gold-shoe-pendant-43097\/\">alt\u0131n kolye<\/a> \u00f6zel g\u00fcnler i\u00e7in m\u00fckemmeldir veya <a href=\"https:\/\/www.purejewels.com\/tr\/armari-collection\/\">geli\u0307n setleri\u0307<\/a>\u00f6zellikle koordinasyon \u00e7iyiyle e\u015fle\u015firse <a href=\"https:\/\/www.purejewels.com\/tr\/product\/22ct-gold-oval-drop-earrings-rhodium-finish\/\">damla k\u00fcpeler<\/a> veya <a href=\"https:\/\/www.purejewels.com\/tr\/product\/22ct-gold-cocktail-adjustable-ring-46364\/\">kokteyl y\u00fcz\u00fc\u011f\u00fc<\/a>.<\/p>\n<p>&nbsp;<\/p>","protected":false},"excerpt":{"rendered":"<p>\u00c7iy Damlas\u0131 Kolye<\/p>\n<p>- 18 Ayar Beyaz Alt\u0131n<br \/>\n- 0.21ct P\u0131rlanta<br \/>\n- 0.10ct Akuamarin<br \/>\n- Pembe turmalin, ye\u015fil turmalin ve morganit renkleri mevcuttur<\/p>","protected":false},"featured_media":3501,"comment_status":"closed","ping_status":"closed","template":"","meta":{"_eb_attr":"","_crsspst_to_jayantr4sg-hostcom":false},"product_brand":[],"product_cat":[1533,253,1767,1537,1574],"product_tag":[],"class_list":{"0":"post-3500","1":"product","2":"type-product","3":"status-publish","4":"has-post-thumbnail","6":"product_cat-diamond-jewellery-set","7":"product_cat-floralia-collections","8":"product_cat-ladies-pendants","9":"product_cat-white-gold-jewellery-set","10":"product_cat-womens-jewellery","12":"first","13":"outofstock","14":"product-type-simple","15":"add-to-wishlist-before_image"},"yoast_head":"<!-- This site is optimized with the Yoast SEO plugin v27.4 - https:\/\/yoast.com\/product\/yoast-seo-wordpress\/ -->\n<title>Dew Drop Pendant - PureJewels UK<\/title>\n<meta name=\"robots\" content=\"index, follow, max-snippet:-1, max-image-preview:large, max-video-preview:-1\" \/>\n<link rel=\"canonical\" href=\"https:\/\/www.purejewels.com\/tr\/urun\/ciy-damlasi-kolye-ucu\/\" \/>\n<meta property=\"og:locale\" content=\"tr_TR\" \/>\n<meta property=\"og:type\" content=\"article\" \/>\n<meta property=\"og:title\" content=\"Dew Drop Pendant - PureJewels UK\" \/>\n<meta property=\"og:description\" content=\"Dew Drop Pendant  - 18ct White Gold - 0.21ct Diamonds - 0.10ct Aquamarines - Available in pink tourmaline, green tourmaline and morganite\" \/>\n<meta property=\"og:url\" content=\"https:\/\/www.purejewels.com\/tr\/urun\/ciy-damlasi-kolye-ucu\/\" \/>\n<meta property=\"og:site_name\" content=\"PureJewels UK\" \/>\n<meta property=\"article:modified_time\" content=\"2025-03-19T08:07:06+00:00\" \/>\n<meta property=\"og:image\" content=\"https:\/\/www.purejewels.com\/wp-content\/uploads\/2017\/07\/dew-drop-pendant-15806-2.jpg\" \/>\n\t<meta property=\"og:image:width\" content=\"960\" \/>\n\t<meta property=\"og:image:height\" content=\"960\" \/>\n\t<meta property=\"og:image:type\" content=\"image\/jpeg\" \/>\n<meta name=\"twitter:card\" content=\"summary_large_image\" \/>\n<meta name=\"twitter:label1\" content=\"Tahmini okuma s\u00fcresi\" \/>\n\t<meta name=\"twitter:data1\" content=\"2 dakika\" \/>\n<script type=\"application\/ld+json\" class=\"yoast-schema-graph\">{\"@context\":\"https:\\\/\\\/schema.org\",\"@graph\":[{\"@type\":[\"WebPage\",\"ItemPage\"],\"@id\":\"https:\\\/\\\/www.purejewels.com\\\/product\\\/dew-drop-pendant\\\/\",\"url\":\"https:\\\/\\\/www.purejewels.com\\\/product\\\/dew-drop-pendant\\\/\",\"name\":\"Dew Drop Pendant - PureJewels UK\",\"isPartOf\":{\"@id\":\"https:\\\/\\\/www.purejewels.com\\\/#website\"},\"primaryImageOfPage\":{\"@id\":\"https:\\\/\\\/www.purejewels.com\\\/product\\\/dew-drop-pendant\\\/#primaryimage\"},\"image\":{\"@id\":\"https:\\\/\\\/www.purejewels.com\\\/product\\\/dew-drop-pendant\\\/#primaryimage\"},\"thumbnailUrl\":\"https:\\\/\\\/static.purejewels.com\\\/wp-content\\\/uploads\\\/2017\\\/07\\\/dew-drop-pendant-15806-2.jpg\",\"datePublished\":\"2017-07-19T12:14:07+00:00\",\"dateModified\":\"2025-03-19T08:07:06+00:00\",\"breadcrumb\":{\"@id\":\"https:\\\/\\\/www.purejewels.com\\\/product\\\/dew-drop-pendant\\\/#breadcrumb\"},\"inLanguage\":\"tr\",\"potentialAction\":[{\"@type\":\"ReadAction\",\"target\":[\"https:\\\/\\\/www.purejewels.com\\\/product\\\/dew-drop-pendant\\\/\"]}]},{\"@type\":\"ImageObject\",\"inLanguage\":\"tr\",\"@id\":\"https:\\\/\\\/www.purejewels.com\\\/product\\\/dew-drop-pendant\\\/#primaryimage\",\"url\":\"https:\\\/\\\/static.purejewels.com\\\/wp-content\\\/uploads\\\/2017\\\/07\\\/dew-drop-pendant-15806-2.jpg\",\"contentUrl\":\"https:\\\/\\\/static.purejewels.com\\\/wp-content\\\/uploads\\\/2017\\\/07\\\/dew-drop-pendant-15806-2.jpg\",\"width\":960,\"height\":960,\"caption\":\"dew-drop-pendant-15806.jpg\"},{\"@type\":\"BreadcrumbList\",\"@id\":\"https:\\\/\\\/www.purejewels.com\\\/product\\\/dew-drop-pendant\\\/#breadcrumb\",\"itemListElement\":[{\"@type\":\"ListItem\",\"position\":1,\"name\":\"Home\",\"item\":\"https:\\\/\\\/www.purejewels.com\\\/\"},{\"@type\":\"ListItem\",\"position\":2,\"name\":\"Shop\",\"item\":\"https:\\\/\\\/www.purejewels.com\\\/shop\\\/\"},{\"@type\":\"ListItem\",\"position\":3,\"name\":\"Dew Drop Pendant\"}]},{\"@type\":\"WebSite\",\"@id\":\"https:\\\/\\\/www.purejewels.com\\\/#website\",\"url\":\"https:\\\/\\\/www.purejewels.com\\\/\",\"name\":\"PureJewels UK\",\"description\":\"Share the Love\",\"publisher\":{\"@id\":\"https:\\\/\\\/www.purejewels.com\\\/#organization\"},\"potentialAction\":[{\"@type\":\"SearchAction\",\"target\":{\"@type\":\"EntryPoint\",\"urlTemplate\":\"https:\\\/\\\/www.purejewels.com\\\/?s={search_term_string}\"},\"query-input\":{\"@type\":\"PropertyValueSpecification\",\"valueRequired\":true,\"valueName\":\"search_term_string\"}}],\"inLanguage\":\"tr\"},{\"@type\":\"Organization\",\"@id\":\"https:\\\/\\\/www.purejewels.com\\\/#organization\",\"name\":\"PureJewels UK\",\"url\":\"https:\\\/\\\/www.purejewels.com\\\/\",\"logo\":{\"@type\":\"ImageObject\",\"inLanguage\":\"tr\",\"@id\":\"https:\\\/\\\/www.purejewels.com\\\/#\\\/schema\\\/logo\\\/image\\\/\",\"url\":\"https:\\\/\\\/static.purejewels.com\\\/wp-content\\\/uploads\\\/2020\\\/11\\\/Logo-PJ-New-1.png\",\"contentUrl\":\"https:\\\/\\\/static.purejewels.com\\\/wp-content\\\/uploads\\\/2020\\\/11\\\/Logo-PJ-New-1.png\",\"width\":150,\"height\":80,\"caption\":\"PureJewels UK\"},\"image\":{\"@id\":\"https:\\\/\\\/www.purejewels.com\\\/#\\\/schema\\\/logo\\\/image\\\/\"}}]}<\/script>\n<!-- \/ Yoast SEO plugin. -->","yoast_head_json":{"title":"\u00c7iy Damlas\u0131 Kolye Ucu - PureJewels UK","robots":{"index":"index","follow":"follow","max-snippet":"max-snippet:-1","max-image-preview":"max-image-preview:large","max-video-preview":"max-video-preview:-1"},"canonical":"https:\/\/www.purejewels.com\/tr\/urun\/ciy-damlasi-kolye-ucu\/","og_locale":"tr_TR","og_type":"article","og_title":"Dew Drop Pendant - PureJewels UK","og_description":"Dew Drop Pendant  - 18ct White Gold - 0.21ct Diamonds - 0.10ct Aquamarines - Available in pink tourmaline, green tourmaline and morganite","og_url":"https:\/\/www.purejewels.com\/tr\/urun\/ciy-damlasi-kolye-ucu\/","og_site_name":"PureJewels UK","article_modified_time":"2025-03-19T08:07:06+00:00","og_image":[{"width":960,"height":960,"url":"https:\/\/www.purejewels.com\/wp-content\/uploads\/2017\/07\/dew-drop-pendant-15806-2.jpg","type":"image\/jpeg"}],"twitter_card":"summary_large_image","twitter_misc":{"Tahmini okuma s\u00fcresi":"2 dakika"},"schema":{"@context":"https:\/\/schema.org","@graph":[{"@type":["WebPage","ItemPage"],"@id":"https:\/\/www.purejewels.com\/product\/dew-drop-pendant\/","url":"https:\/\/www.purejewels.com\/product\/dew-drop-pendant\/","name":"\u00c7iy Damlas\u0131 Kolye Ucu - PureJewels UK","isPartOf":{"@id":"https:\/\/www.purejewels.com\/#website"},"primaryImageOfPage":{"@id":"https:\/\/www.purejewels.com\/product\/dew-drop-pendant\/#primaryimage"},"image":{"@id":"https:\/\/www.purejewels.com\/product\/dew-drop-pendant\/#primaryimage"},"thumbnailUrl":"https:\/\/static.purejewels.com\/wp-content\/uploads\/2017\/07\/dew-drop-pendant-15806-2.jpg","datePublished":"2017-07-19T12:14:07+00:00","dateModified":"2025-03-19T08:07:06+00:00","breadcrumb":{"@id":"https:\/\/www.purejewels.com\/product\/dew-drop-pendant\/#breadcrumb"},"inLanguage":"tr","potentialAction":[{"@type":"ReadAction","target":["https:\/\/www.purejewels.com\/product\/dew-drop-pendant\/"]}]},{"@type":"ImageObject","inLanguage":"tr","@id":"https:\/\/www.purejewels.com\/product\/dew-drop-pendant\/#primaryimage","url":"https:\/\/static.purejewels.com\/wp-content\/uploads\/2017\/07\/dew-drop-pendant-15806-2.jpg","contentUrl":"https:\/\/static.purejewels.com\/wp-content\/uploads\/2017\/07\/dew-drop-pendant-15806-2.jpg","width":960,"height":960,"caption":"dew-drop-pendant-15806.jpg"},{"@type":"BreadcrumbList","@id":"https:\/\/www.purejewels.com\/product\/dew-drop-pendant\/#breadcrumb","itemListElement":[{"@type":"ListItem","position":1,"name":"Home","item":"https:\/\/www.purejewels.com\/"},{"@type":"ListItem","position":2,"name":"Shop","item":"https:\/\/www.purejewels.com\/shop\/"},{"@type":"ListItem","position":3,"name":"Dew Drop Pendant"}]},{"@type":"WebSite","@id":"https:\/\/www.purejewels.com\/#website","url":"https:\/\/www.purejewels.com\/","name":"PureJewels \u0130ngiltere","description":"Sevgiyi Payla\u015f\u0131n","publisher":{"@id":"https:\/\/www.purejewels.com\/#organization"},"potentialAction":[{"@type":"SearchAction","target":{"@type":"EntryPoint","urlTemplate":"https:\/\/www.purejewels.com\/?s={search_term_string}"},"query-input":{"@type":"PropertyValueSpecification","valueRequired":true,"valueName":"search_term_string"}}],"inLanguage":"tr"},{"@type":"Organization","@id":"https:\/\/www.purejewels.com\/#organization","name":"PureJewels \u0130ngiltere","url":"https:\/\/www.purejewels.com\/","logo":{"@type":"ImageObject","inLanguage":"tr","@id":"https:\/\/www.purejewels.com\/#\/schema\/logo\/image\/","url":"https:\/\/static.purejewels.com\/wp-content\/uploads\/2020\/11\/Logo-PJ-New-1.png","contentUrl":"https:\/\/static.purejewels.com\/wp-content\/uploads\/2020\/11\/Logo-PJ-New-1.png","width":150,"height":80,"caption":"PureJewels UK"},"image":{"@id":"https:\/\/www.purejewels.com\/#\/schema\/logo\/image\/"}}]}},"_links":{"self":[{"href":"https:\/\/www.purejewels.com\/tr\/wp-json\/wp\/v2\/product\/3500","targetHints":{"allow":["GET"]}}],"collection":[{"href":"https:\/\/www.purejewels.com\/tr\/wp-json\/wp\/v2\/product"}],"about":[{"href":"https:\/\/www.purejewels.com\/tr\/wp-json\/wp\/v2\/types\/product"}],"replies":[{"embeddable":true,"href":"https:\/\/www.purejewels.com\/tr\/wp-json\/wp\/v2\/comments?post=3500"}],"version-history":[{"count":1,"href":"https:\/\/www.purejewels.com\/tr\/wp-json\/wp\/v2\/product\/3500\/revisions"}],"predecessor-version":[{"id":389308,"href":"https:\/\/www.purejewels.com\/tr\/wp-json\/wp\/v2\/product\/3500\/revisions\/389308"}],"wp:featuredmedia":[{"embeddable":true,"href":"https:\/\/www.purejewels.com\/tr\/wp-json\/wp\/v2\/media\/3501"}],"wp:attachment":[{"href":"https:\/\/www.purejewels.com\/tr\/wp-json\/wp\/v2\/media?parent=3500"}],"wp:term":[{"taxonomy":"product_brand","embeddable":true,"href":"https:\/\/www.purejewels.com\/tr\/wp-json\/wp\/v2\/product_brand?post=3500"},{"taxonomy":"product_cat","embeddable":true,"href":"https:\/\/www.purejewels.com\/tr\/wp-json\/wp\/v2\/product_cat?post=3500"},{"taxonomy":"product_tag","embeddable":true,"href":"https:\/\/www.purejewels.com\/tr\/wp-json\/wp\/v2\/product_tag?post=3500"}],"curies":[{"name":"wp","href":"https:\/\/api.w.org\/{rel}","templated":true}]}}