{"id":350011,"date":"2025-05-06T09:38:58","date_gmt":"2025-05-06T08:38:58","guid":{"rendered":"https:\/\/www.purejewels.com\/?post_type=product&#038;p=350011"},"modified":"2026-02-05T06:10:42","modified_gmt":"2026-02-05T06:10:42","slug":"tek-rozet-cicekli-22-ayar-altin-zincir-45779","status":"publish","type":"product","link":"https:\/\/www.purejewels.com\/tr\/product\/22ct-gold-chain-with-single-rosette-flower-45779\/","title":{"rendered":"Rozet \u00c7i\u00e7ekli 22 Ayar Zincir | 4mm"},"content":{"rendered":"<p>Bununla tatil g\u00f6r\u00fcn\u00fcm\u00fcn\u00fcze \u015f\u0131k bir dokunu\u015f kat\u0131n <a href=\"https:\/\/www.purejewels.com\/tr\/product\/22-carat-real-gold-fancy-chain-33477\/\">22 Ayar Alt\u0131n Zincir<\/a> 4mm boyutunda tek bir Rozet \u00c7i\u00e7e\u011fi i\u00e7erir. Narin rozet tasar\u0131m\u0131, ince bir <a href=\"https:\/\/www.purejewels.com\/tr\/product\/22ct-gold-foxtail-chain-43297\/\">alt\u0131n zincir<\/a>zamans\u0131z g\u00fczelli\u011fi modern bir yetenekle birle\u015ftirerek hem \u00f6zel g\u00fcnler hem de g\u00fcnl\u00fck kullan\u0131m i\u00e7in m\u00fckemmel hale getirir. Hediye etmek veya kendinize bayram hediyesi olarak vermek i\u00e7in ideal olan bu kolye, Noel kutlamalar\u0131n\u0131za g\u00fczel ve ince bir l\u00fcks dokunu\u015fu katar.<\/p>\n<p>\u0130ster m\u00fckemmel bir hediye ar\u0131yor olun, ister kendinize bir y\u0131lba\u015f\u0131 \u015f\u0131kl\u0131\u011f\u0131 arma\u011fan ediyor olun, Birle\u015fik Krall\u0131k Noel tak\u0131lar\u0131m\u0131z kutlamalar\u0131n\u0131za y\u0131lba\u015f\u0131 \u0131\u015f\u0131lt\u0131s\u0131 katmak i\u00e7in tasarland\u0131. \u015eimdi al\u0131\u015fveri\u015f yap\u0131n ve sezonun kendisi kadar parlak, zamans\u0131z par\u00e7alarla bu Noel'i unutulmaz k\u0131l\u0131n!<\/p>","protected":false},"excerpt":{"rendered":"<p>Noel'in b\u00fcy\u00fcs\u00fcn\u00fc Birle\u015fik Krall\u0131k'taki \u00f6zel Noel m\u00fccevher koleksiyonumuzla kutlay\u0131n. I\u015f\u0131lt\u0131l\u0131 de\u011ferli ta\u015flar, zarif alt\u0131n ve g\u00fcm\u00fc\u015f par\u00e7alarla s\u00fcslenmi\u015f \u015fenlikli tasar\u0131mlar i\u00e7eren koleksiyonumuz her tarza \u00f6zel bir \u015feyler sunuyor.<\/p>\n<p><strong>Malzeme:<\/strong> 22 Ayar Alt\u0131n<br \/>\n<strong>Safl\u0131k:<\/strong>\u00a091.6% saf<br \/>\n<strong>Hallmark:<\/strong>\u00a0\u0130ngiliz Damgas\u0131<br \/>\n<strong>A\u011f\u0131rl\u0131k Aral\u0131\u011f\u0131: <\/strong>4,6 Gms - 4,9 Gms<br \/>\n<strong>Uzunluk Aral\u0131\u011f\u0131 :<\/strong> 16 \u0130n\u00e7 - 18 \u0130n\u00e7<br \/>\n<strong>\u00c7i\u00e7ek Geni\u015fli\u011fi<\/strong>:  4mm<br \/>\n<strong>SKU: <\/strong>47603, 45778<\/p>\n<p><strong>Fiyat ve Teslimat:<\/strong>\u00a0KDV ve teslimat \u00fccreti dahildir.<br \/>\n<a href=\"https:\/\/www.purejewels.com\/tr\/i%cc%87ade-poli%cc%87ti%cc%87kasi\/\">\u0130ade Politikas\u0131<\/a><\/p>","protected":false},"featured_media":350036,"comment_status":"closed","ping_status":"closed","template":"","meta":{"_eb_attr":"","_crsspst_to_jayantr4sg-hostcom":false},"product_brand":[],"product_cat":[1791,1793,1790,1229,1253,1779,1656,5275,1573,1574,5349],"product_tag":[],"class_list":{"0":"post-350011","1":"product","2":"type-product","3":"status-publish","4":"has-post-thumbnail","6":"product_cat-anniversary-gifts","7":"product_cat-diwali-gifts","8":"product_cat-for-whom-when","9":"product_cat-22ct-gold-jewellery","10":"product_cat-gold-necklaces","11":"product_cat-mala-style-necklaces","12":"product_cat-rosettes-collections","13":"product_cat-rosettes-necklace","14":"product_cat-wedding-gifts","15":"product_cat-womens-jewellery","16":"product_cat-yellow-gold-jewellery","18":"first","19":"instock","20":"taxable","21":"shipping-taxable","22":"purchasable","23":"product-type-variable","24":"add-to-wishlist-before_image"},"yoast_head":"<!-- This site is optimized with the Yoast SEO plugin v27.5 - https:\/\/yoast.com\/product\/yoast-seo-wordpress\/ -->\n<title>22ct Gold Chain With Single Rosette Flower | PureJewels UK<\/title>\n<meta name=\"description\" content=\"Explore our collection of Rosette. Buy this 22ct Gold Chain With Single Rosette Flower in 18, 19 inches online. Free delivery across UK.\" \/>\n<meta name=\"robots\" content=\"index, follow, max-snippet:-1, max-image-preview:large, max-video-preview:-1\" \/>\n<link rel=\"canonical\" href=\"https:\/\/www.purejewels.com\/tr\/urun\/tek-rozet-cicekli-22-ayar-altin-zincir-45779\/\" \/>\n<meta property=\"og:locale\" content=\"tr_TR\" \/>\n<meta property=\"og:type\" content=\"article\" \/>\n<meta property=\"og:title\" content=\"22ct Gold Chain With Single Rosette Flower | PureJewels UK\" \/>\n<meta property=\"og:description\" content=\"Explore our collection of Rosette. Buy this 22ct Gold Chain With Single Rosette Flower in 18, 19 inches online. Free delivery across UK.\" \/>\n<meta property=\"og:url\" content=\"https:\/\/www.purejewels.com\/tr\/urun\/tek-rozet-cicekli-22-ayar-altin-zincir-45779\/\" \/>\n<meta property=\"og:site_name\" content=\"PureJewels UK\" \/>\n<meta property=\"article:modified_time\" content=\"2026-02-05T06:10:42+00:00\" \/>\n<meta property=\"og:image\" content=\"https:\/\/static.purejewels.com\/wp-content\/uploads\/2023\/08\/45778-2.jpg\" \/>\n\t<meta property=\"og:image:width\" content=\"1000\" \/>\n\t<meta property=\"og:image:height\" content=\"1000\" \/>\n\t<meta property=\"og:image:type\" content=\"image\/jpeg\" \/>\n<meta name=\"twitter:card\" content=\"summary_large_image\" \/>\n<meta name=\"twitter:label1\" content=\"Tahmini okuma s\u00fcresi\" \/>\n\t<meta name=\"twitter:data1\" content=\"1 dakika\" \/>\n<script type=\"application\/ld+json\" class=\"yoast-schema-graph\">{\"@context\":\"https:\\\/\\\/schema.org\",\"@graph\":[{\"@type\":[\"WebPage\",\"ItemPage\"],\"@id\":\"https:\\\/\\\/www.purejewels.com\\\/product\\\/22ct-gold-chain-with-single-rosette-flower-45779\\\/\",\"url\":\"https:\\\/\\\/www.purejewels.com\\\/product\\\/22ct-gold-chain-with-single-rosette-flower-45779\\\/\",\"name\":\"22ct Gold Chain With Single Rosette Flower | PureJewels UK\",\"isPartOf\":{\"@id\":\"https:\\\/\\\/www.purejewels.com\\\/#website\"},\"primaryImageOfPage\":{\"@id\":\"https:\\\/\\\/www.purejewels.com\\\/product\\\/22ct-gold-chain-with-single-rosette-flower-45779\\\/#primaryimage\"},\"image\":{\"@id\":\"https:\\\/\\\/www.purejewels.com\\\/product\\\/22ct-gold-chain-with-single-rosette-flower-45779\\\/#primaryimage\"},\"thumbnailUrl\":\"https:\\\/\\\/static.purejewels.com\\\/wp-content\\\/uploads\\\/2023\\\/08\\\/45778-2.jpg\",\"datePublished\":\"2025-05-06T08:38:58+00:00\",\"dateModified\":\"2026-02-05T06:10:42+00:00\",\"description\":\"Explore our collection of Rosette. Buy this 22ct Gold Chain With Single Rosette Flower in 18, 19 inches online. Free delivery across UK.\",\"breadcrumb\":{\"@id\":\"https:\\\/\\\/www.purejewels.com\\\/product\\\/22ct-gold-chain-with-single-rosette-flower-45779\\\/#breadcrumb\"},\"inLanguage\":\"tr\",\"potentialAction\":[{\"@type\":\"ReadAction\",\"target\":[\"https:\\\/\\\/www.purejewels.com\\\/product\\\/22ct-gold-chain-with-single-rosette-flower-45779\\\/\"]}]},{\"@type\":\"ImageObject\",\"inLanguage\":\"tr\",\"@id\":\"https:\\\/\\\/www.purejewels.com\\\/product\\\/22ct-gold-chain-with-single-rosette-flower-45779\\\/#primaryimage\",\"url\":\"https:\\\/\\\/static.purejewels.com\\\/wp-content\\\/uploads\\\/2023\\\/08\\\/45778-2.jpg\",\"contentUrl\":\"https:\\\/\\\/static.purejewels.com\\\/wp-content\\\/uploads\\\/2023\\\/08\\\/45778-2.jpg\",\"width\":1000,\"height\":1000,\"caption\":\"22ct Gold Chain With Single Rosette Flower\"},{\"@type\":\"BreadcrumbList\",\"@id\":\"https:\\\/\\\/www.purejewels.com\\\/product\\\/22ct-gold-chain-with-single-rosette-flower-45779\\\/#breadcrumb\",\"itemListElement\":[{\"@type\":\"ListItem\",\"position\":1,\"name\":\"Home\",\"item\":\"https:\\\/\\\/www.purejewels.com\\\/\"},{\"@type\":\"ListItem\",\"position\":2,\"name\":\"Shop\",\"item\":\"https:\\\/\\\/www.purejewels.com\\\/shop\\\/\"},{\"@type\":\"ListItem\",\"position\":3,\"name\":\"22ct Chain With Rosette Flower | 4mm\"}]},{\"@type\":\"WebSite\",\"@id\":\"https:\\\/\\\/www.purejewels.com\\\/#website\",\"url\":\"https:\\\/\\\/www.purejewels.com\\\/\",\"name\":\"PureJewels UK\",\"description\":\"Share the Love\",\"publisher\":{\"@id\":\"https:\\\/\\\/www.purejewels.com\\\/#organization\"},\"potentialAction\":[{\"@type\":\"SearchAction\",\"target\":{\"@type\":\"EntryPoint\",\"urlTemplate\":\"https:\\\/\\\/www.purejewels.com\\\/?s={search_term_string}\"},\"query-input\":{\"@type\":\"PropertyValueSpecification\",\"valueRequired\":true,\"valueName\":\"search_term_string\"}}],\"inLanguage\":\"tr\"},{\"@type\":\"Organization\",\"@id\":\"https:\\\/\\\/www.purejewels.com\\\/#organization\",\"name\":\"PureJewels UK\",\"url\":\"https:\\\/\\\/www.purejewels.com\\\/\",\"logo\":{\"@type\":\"ImageObject\",\"inLanguage\":\"tr\",\"@id\":\"https:\\\/\\\/www.purejewels.com\\\/#\\\/schema\\\/logo\\\/image\\\/\",\"url\":\"https:\\\/\\\/static.purejewels.com\\\/wp-content\\\/uploads\\\/2020\\\/11\\\/Logo-PJ-New-1.png\",\"contentUrl\":\"https:\\\/\\\/static.purejewels.com\\\/wp-content\\\/uploads\\\/2020\\\/11\\\/Logo-PJ-New-1.png\",\"width\":150,\"height\":80,\"caption\":\"PureJewels UK\"},\"image\":{\"@id\":\"https:\\\/\\\/www.purejewels.com\\\/#\\\/schema\\\/logo\\\/image\\\/\"}}]}<\/script>\n<!-- \/ Yoast SEO plugin. -->","yoast_head_json":{"title":"Tek Rozet \u00c7i\u00e7ekli 22 Ayar Alt\u0131n Zincir | PureJewels UK","description":"Rozet koleksiyonumuzu ke\u015ffedin. Bu Tek Rozet \u00c7i\u00e7ekli 22 Ayar Alt\u0131n Zinciri 18, 19 in\u00e7 olarak online sat\u0131n al\u0131n. \u0130ngiltere genelinde \u00fccretsiz teslimat.","robots":{"index":"index","follow":"follow","max-snippet":"max-snippet:-1","max-image-preview":"max-image-preview:large","max-video-preview":"max-video-preview:-1"},"canonical":"https:\/\/www.purejewels.com\/tr\/urun\/tek-rozet-cicekli-22-ayar-altin-zincir-45779\/","og_locale":"tr_TR","og_type":"article","og_title":"22ct Gold Chain With Single Rosette Flower | PureJewels UK","og_description":"Explore our collection of Rosette. Buy this 22ct Gold Chain With Single Rosette Flower in 18, 19 inches online. Free delivery across UK.","og_url":"https:\/\/www.purejewels.com\/tr\/urun\/tek-rozet-cicekli-22-ayar-altin-zincir-45779\/","og_site_name":"PureJewels UK","article_modified_time":"2026-02-05T06:10:42+00:00","og_image":[{"width":1000,"height":1000,"url":"https:\/\/static.purejewels.com\/wp-content\/uploads\/2023\/08\/45778-2.jpg","type":"image\/jpeg"}],"twitter_card":"summary_large_image","twitter_misc":{"Tahmini okuma s\u00fcresi":"1 dakika"},"schema":{"@context":"https:\/\/schema.org","@graph":[{"@type":["WebPage","ItemPage"],"@id":"https:\/\/www.purejewels.com\/product\/22ct-gold-chain-with-single-rosette-flower-45779\/","url":"https:\/\/www.purejewels.com\/product\/22ct-gold-chain-with-single-rosette-flower-45779\/","name":"Tek Rozet \u00c7i\u00e7ekli 22 Ayar Alt\u0131n Zincir | PureJewels UK","isPartOf":{"@id":"https:\/\/www.purejewels.com\/#website"},"primaryImageOfPage":{"@id":"https:\/\/www.purejewels.com\/product\/22ct-gold-chain-with-single-rosette-flower-45779\/#primaryimage"},"image":{"@id":"https:\/\/www.purejewels.com\/product\/22ct-gold-chain-with-single-rosette-flower-45779\/#primaryimage"},"thumbnailUrl":"https:\/\/static.purejewels.com\/wp-content\/uploads\/2023\/08\/45778-2.jpg","datePublished":"2025-05-06T08:38:58+00:00","dateModified":"2026-02-05T06:10:42+00:00","description":"Rozet koleksiyonumuzu ke\u015ffedin. Bu Tek Rozet \u00c7i\u00e7ekli 22 Ayar Alt\u0131n Zinciri 18, 19 in\u00e7 olarak online sat\u0131n al\u0131n. \u0130ngiltere genelinde \u00fccretsiz teslimat.","breadcrumb":{"@id":"https:\/\/www.purejewels.com\/product\/22ct-gold-chain-with-single-rosette-flower-45779\/#breadcrumb"},"inLanguage":"tr","potentialAction":[{"@type":"ReadAction","target":["https:\/\/www.purejewels.com\/product\/22ct-gold-chain-with-single-rosette-flower-45779\/"]}]},{"@type":"ImageObject","inLanguage":"tr","@id":"https:\/\/www.purejewels.com\/product\/22ct-gold-chain-with-single-rosette-flower-45779\/#primaryimage","url":"https:\/\/static.purejewels.com\/wp-content\/uploads\/2023\/08\/45778-2.jpg","contentUrl":"https:\/\/static.purejewels.com\/wp-content\/uploads\/2023\/08\/45778-2.jpg","width":1000,"height":1000,"caption":"22ct Gold Chain With Single Rosette Flower"},{"@type":"BreadcrumbList","@id":"https:\/\/www.purejewels.com\/product\/22ct-gold-chain-with-single-rosette-flower-45779\/#breadcrumb","itemListElement":[{"@type":"ListItem","position":1,"name":"Home","item":"https:\/\/www.purejewels.com\/"},{"@type":"ListItem","position":2,"name":"Shop","item":"https:\/\/www.purejewels.com\/shop\/"},{"@type":"ListItem","position":3,"name":"22ct Chain With Rosette Flower | 4mm"}]},{"@type":"WebSite","@id":"https:\/\/www.purejewels.com\/#website","url":"https:\/\/www.purejewels.com\/","name":"PureJewels \u0130ngiltere","description":"Sevgiyi Payla\u015f\u0131n","publisher":{"@id":"https:\/\/www.purejewels.com\/#organization"},"potentialAction":[{"@type":"SearchAction","target":{"@type":"EntryPoint","urlTemplate":"https:\/\/www.purejewels.com\/?s={search_term_string}"},"query-input":{"@type":"PropertyValueSpecification","valueRequired":true,"valueName":"search_term_string"}}],"inLanguage":"tr"},{"@type":"Organization","@id":"https:\/\/www.purejewels.com\/#organization","name":"PureJewels \u0130ngiltere","url":"https:\/\/www.purejewels.com\/","logo":{"@type":"ImageObject","inLanguage":"tr","@id":"https:\/\/www.purejewels.com\/#\/schema\/logo\/image\/","url":"https:\/\/static.purejewels.com\/wp-content\/uploads\/2020\/11\/Logo-PJ-New-1.png","contentUrl":"https:\/\/static.purejewels.com\/wp-content\/uploads\/2020\/11\/Logo-PJ-New-1.png","width":150,"height":80,"caption":"PureJewels UK"},"image":{"@id":"https:\/\/www.purejewels.com\/#\/schema\/logo\/image\/"}}]}},"_links":{"self":[{"href":"https:\/\/www.purejewels.com\/tr\/wp-json\/wp\/v2\/product\/350011","targetHints":{"allow":["GET"]}}],"collection":[{"href":"https:\/\/www.purejewels.com\/tr\/wp-json\/wp\/v2\/product"}],"about":[{"href":"https:\/\/www.purejewels.com\/tr\/wp-json\/wp\/v2\/types\/product"}],"replies":[{"embeddable":true,"href":"https:\/\/www.purejewels.com\/tr\/wp-json\/wp\/v2\/comments?post=350011"}],"version-history":[{"count":5,"href":"https:\/\/www.purejewels.com\/tr\/wp-json\/wp\/v2\/product\/350011\/revisions"}],"predecessor-version":[{"id":419637,"href":"https:\/\/www.purejewels.com\/tr\/wp-json\/wp\/v2\/product\/350011\/revisions\/419637"}],"wp:featuredmedia":[{"embeddable":true,"href":"https:\/\/www.purejewels.com\/tr\/wp-json\/wp\/v2\/media\/350036"}],"wp:attachment":[{"href":"https:\/\/www.purejewels.com\/tr\/wp-json\/wp\/v2\/media?parent=350011"}],"wp:term":[{"taxonomy":"product_brand","embeddable":true,"href":"https:\/\/www.purejewels.com\/tr\/wp-json\/wp\/v2\/product_brand?post=350011"},{"taxonomy":"product_cat","embeddable":true,"href":"https:\/\/www.purejewels.com\/tr\/wp-json\/wp\/v2\/product_cat?post=350011"},{"taxonomy":"product_tag","embeddable":true,"href":"https:\/\/www.purejewels.com\/tr\/wp-json\/wp\/v2\/product_tag?post=350011"}],"curies":[{"name":"wp","href":"https:\/\/api.w.org\/{rel}","templated":true}]}}