{"id":3502,"date":"2017-07-19T13:14:09","date_gmt":"2017-07-19T12:14:09","guid":{"rendered":"http:\/\/new.purejewels.com\/product\/dew-drop-earrings\/"},"modified":"2026-01-06T06:57:52","modified_gmt":"2026-01-06T06:57:52","slug":"ciy-damlasi-kupeler","status":"publish","type":"product","link":"https:\/\/www.purejewels.com\/tr\/product\/dew-drop-earrings\/","title":{"rendered":"\u00c7iy Damlas\u0131 K\u00fcpe"},"content":{"rendered":"<ul>\n<li><a href=\"https:\/\/www.purejewels.com\/tr\/product\/18ct-white-gold-diamond-ring-for-ladies-8775\/\">18 Ayar Beyaz Alt\u0131n<\/a> Dew <a href=\"https:\/\/www.purejewels.com\/tr\/product\/22ct-gold-oval-drop-earrings-rhodium-finish\/\">Damla K\u00fcpeler<\/a><br \/>\n- 0.12ct P\u0131rlanta<br \/>\n- 0.20ct <a href=\"https:\/\/www.purejewels.com\/tr\/product-category\/coloured-gemstone-jewellery\/\">Akuamarinler<\/a><br \/>\n- Pembe turmalin, ye\u015fil turmalin ve morganit renkleri mevcuttur<\/li>\n<li>London Assay Office taraf\u0131ndan damgalanm\u0131\u015ft\u0131r<\/li>\n<li>Sunum Kutusu ile Birlikte Gelir<\/li>\n<li>Teslimat Dahil<\/li>\n<li>T\u00fcm fiyatlara KDV dahildir<\/li>\n<li>\u00d6zel Floralia M\u00fccevher koleksiyonumuzu ke\u015ffetmek i\u00e7in bize ula\u015f\u0131n \/ bizimle sohbet edin<\/li>\n<\/ul>\n<p><strong>\u015ea\u015f\u0131rt\u0131c\u0131 bir \u0131\u015f\u0131k dokunu\u015fu: \u00c7iy damlas\u0131 <a href=\"https:\/\/www.purejewels.com\/tr\/product-category\/22ct-gold-jewellery\/gold-earrings\/\">K\u00fcpeler<\/a> i\u00e7inde <a href=\"https:\/\/www.purejewels.com\/tr\/product\/18ct-white-gold-khanda-sikh-religious-pendant-6226\/\">18ct<\/a> Beyaz alt\u0131n.<\/strong> <em>Floralia <\/em>do\u011fan\u0131n cazibesinden ilham alan romantik ve narin bir koleksiyondur.  Dew damla k\u00fcpelerimiz, narin elmaslarla serpi\u015ftirilmi\u015f r\u00fcya gibi akuamarinin parlak damlalar\u0131na sahiptir.<\/p>\n<p><strong>18 ayar beyaz alt\u0131n \u00e7iy damlas\u0131 k\u00fcpe<\/strong><br \/>\n<em>Floralia<\/em> PureJewels'e \u00f6zel, \u015firket i\u00e7inde tasarlanm\u0131\u015f bir ar\u015fiv koleksiyonudur.  En \u00e7ok satan m\u00fccevher setlerimizden biridir ve \u00e7a\u011fda\u015f 18 ayar beyaz alt\u0131n ile \u00e7e\u015fitli ta\u015flar\u0131 harmanlamaktad\u0131r.  \u00c7izgiler, gizli bir kap\u0131y\u0131 \u00e7er\u00e7eveleyen yasemin dallar\u0131 gibi romantik ve davetkard\u0131r.<\/p>\n<p>\u00c7iy damlas\u0131 k\u00fcpelerimiz koleksiyonun en \u00f6nemli par\u00e7alar\u0131d\u0131r.  Beyaz alt\u0131ndan tasarlanan minik yapraklar p\u0131rlantalarla s\u00fcslenmi\u015ftir.<\/p>\n<p><strong>Se\u00e7ti\u011finiz de\u011ferli ta\u015f<br \/>\n<\/strong>M\u00fccevherlerimiz <em>Floralia<\/em> koleksiyonu ki\u015fili\u011finize g\u00f6re uyarlanabilir.  G\u00fcl renkli bir g\u00fczel misiniz yoksa deniz kenar\u0131nda m\u0131 daha mutlusunuz?  Pembe turmalin veya berrak mavi akuamarin aras\u0131ndan se\u00e7iminizi yap\u0131n ve bu \u00e7iy k\u00fcpeleri sadece sizin i\u00e7in yapt\u0131r\u0131n.   (Di\u011fer se\u00e7enekler veya \u0131smarlama m\u00fccevher sipari\u015fi hakk\u0131nda g\u00f6r\u00fc\u015fmek i\u00e7in ma\u011fazay\u0131 arayabilirsiniz).<\/p>\n<p>Par\u00e7an\u0131z\u0131 sipari\u015f etmek i\u00e7in Canl\u0131 Sohbet \u00fczerinden bizimle ileti\u015fime ge\u00e7in veya \u00f6rnekleri g\u00f6rmek i\u00e7in ma\u011fazaya u\u011fray\u0131n.  Se\u00e7ti\u011finiz \u00fcr\u00fcn stokta yoksa sipari\u015f \u00fczerine yap\u0131lacakt\u0131r, bu nedenle en iyisi aray\u0131p teslimat s\u00fcrelerini kontrol etmektir.<\/p>\n<p><strong>Floralia koleksiyonunu ke\u015ffedin...<\/strong><br \/>\n\u00c7iy damlas\u0131 k\u00fcpelerimizi F'den m\u00fccevherlerle e\u015fle\u015ftirerek \u00f6zel bir set olu\u015fturun<em>loralia<\/em> koleksiyonu.  Stil sahibi gelinler i\u00e7in, <em>Floralia<\/em> keyifli bir <a href=\"https:\/\/www.purejewels.com\/tr\/product-category\/jewellery-sets\/bridal-set\/\">geli\u0307n seti\u0307<\/a>\u00d6zellikle de teman\u0131z do\u011fal veya vintage ise.  \u00c7a\u011fda\u015f beyaz alt\u0131n ve yumu\u015fak tonlu <a href=\"https:\/\/www.purejewels.com\/tr\/all-about-birthstones\/\">de\u011ferli ta\u015flar<\/a> l\u00fcks ve modern bir g\u00f6r\u00fcn\u00fcm kazand\u0131r\u0131r.  \u00c7\u00f6kmekte olan Floralia kokteyl y\u00fcz\u00fc\u011f\u00fc ile deneyin veya p\u0131rlantalar\u0131 art\u0131r\u0131n ve 2,5ct Floralia kolyeyi ekleyin.   Ger\u00e7ekten g\u00fczel bir ifade yaratmak i\u00e7in bu par\u00e7alar\u0131n \u00e7o\u011funa ihtiyac\u0131n\u0131z yok.<\/p>\n<p>&nbsp;<\/p>","protected":false},"excerpt":{"rendered":"<p>18 Ayar Beyaz Alt\u0131n \u00c7i\u011f Damla K\u00fcpe - 0,12 Ayar P\u0131rlanta - 0,20 Ayar Akuamarin - Pembe turmalin, ye\u015fil turmalin ve<\/p>","protected":false},"featured_media":3503,"comment_status":"closed","ping_status":"closed","template":"","meta":{"_eb_attr":"","_crsspst_to_jayantr4sg-hostcom":false},"product_brand":[],"product_cat":[236,1685,253,1229,1537],"product_tag":[],"class_list":{"0":"post-3502","1":"product","2":"type-product","3":"status-publish","4":"has-post-thumbnail","6":"product_cat-collections","7":"product_cat-drop-earrings","8":"product_cat-floralia-collections","9":"product_cat-22ct-gold-jewellery","10":"product_cat-white-gold-jewellery-set","12":"first","13":"outofstock","14":"product-type-simple","15":"add-to-wishlist-before_image"},"yoast_head":"<!-- This site is optimized with the Yoast SEO plugin v27.6 - https:\/\/yoast.com\/product\/yoast-seo-wordpress\/ -->\n<title>Dew Drop Earrings - PureJewels UK<\/title>\n<meta name=\"robots\" content=\"index, follow, max-snippet:-1, max-image-preview:large, max-video-preview:-1\" \/>\n<link rel=\"canonical\" href=\"https:\/\/www.purejewels.com\/tr\/urun\/ciy-damlasi-kupeler\/\" \/>\n<meta property=\"og:locale\" content=\"tr_TR\" \/>\n<meta property=\"og:type\" content=\"article\" \/>\n<meta property=\"og:title\" content=\"Dew Drop Earrings - PureJewels UK\" \/>\n<meta property=\"og:description\" content=\"18ct White Gold Dew Drop Earrings &#8211; 0.12ct Diamonds &#8211; 0.20ct Aquamarines &#8211; Available in pink tourmaline, green tourmaline and\" \/>\n<meta property=\"og:url\" content=\"https:\/\/www.purejewels.com\/tr\/urun\/ciy-damlasi-kupeler\/\" \/>\n<meta property=\"og:site_name\" content=\"PureJewels UK\" \/>\n<meta property=\"article:modified_time\" content=\"2026-01-06T06:57:52+00:00\" \/>\n<meta property=\"og:image\" content=\"https:\/\/www.purejewels.com\/wp-content\/uploads\/2017\/07\/dew-drop-earrings-15803-2.jpg\" \/>\n\t<meta property=\"og:image:width\" content=\"960\" \/>\n\t<meta property=\"og:image:height\" content=\"960\" \/>\n\t<meta property=\"og:image:type\" content=\"image\/jpeg\" \/>\n<meta name=\"twitter:card\" content=\"summary_large_image\" \/>\n<meta name=\"twitter:label1\" content=\"Tahmini okuma s\u00fcresi\" \/>\n\t<meta name=\"twitter:data1\" content=\"1 dakika\" \/>\n<script type=\"application\/ld+json\" class=\"yoast-schema-graph\">{\"@context\":\"https:\\\/\\\/schema.org\",\"@graph\":[{\"@type\":[\"WebPage\",\"ItemPage\"],\"@id\":\"https:\\\/\\\/www.purejewels.com\\\/product\\\/dew-drop-earrings\\\/\",\"url\":\"https:\\\/\\\/www.purejewels.com\\\/product\\\/dew-drop-earrings\\\/\",\"name\":\"Dew Drop Earrings - PureJewels UK\",\"isPartOf\":{\"@id\":\"https:\\\/\\\/www.purejewels.com\\\/#website\"},\"primaryImageOfPage\":{\"@id\":\"https:\\\/\\\/www.purejewels.com\\\/product\\\/dew-drop-earrings\\\/#primaryimage\"},\"image\":{\"@id\":\"https:\\\/\\\/www.purejewels.com\\\/product\\\/dew-drop-earrings\\\/#primaryimage\"},\"thumbnailUrl\":\"https:\\\/\\\/static.purejewels.com\\\/wp-content\\\/uploads\\\/2017\\\/07\\\/dew-drop-earrings-15803-2.jpg\",\"datePublished\":\"2017-07-19T12:14:09+00:00\",\"dateModified\":\"2026-01-06T06:57:52+00:00\",\"breadcrumb\":{\"@id\":\"https:\\\/\\\/www.purejewels.com\\\/product\\\/dew-drop-earrings\\\/#breadcrumb\"},\"inLanguage\":\"tr\",\"potentialAction\":[{\"@type\":\"ReadAction\",\"target\":[\"https:\\\/\\\/www.purejewels.com\\\/product\\\/dew-drop-earrings\\\/\"]}]},{\"@type\":\"ImageObject\",\"inLanguage\":\"tr\",\"@id\":\"https:\\\/\\\/www.purejewels.com\\\/product\\\/dew-drop-earrings\\\/#primaryimage\",\"url\":\"https:\\\/\\\/static.purejewels.com\\\/wp-content\\\/uploads\\\/2017\\\/07\\\/dew-drop-earrings-15803-2.jpg\",\"contentUrl\":\"https:\\\/\\\/static.purejewels.com\\\/wp-content\\\/uploads\\\/2017\\\/07\\\/dew-drop-earrings-15803-2.jpg\",\"width\":960,\"height\":960,\"caption\":\"dew-drop-earrings-15803.jpg\"},{\"@type\":\"BreadcrumbList\",\"@id\":\"https:\\\/\\\/www.purejewels.com\\\/product\\\/dew-drop-earrings\\\/#breadcrumb\",\"itemListElement\":[{\"@type\":\"ListItem\",\"position\":1,\"name\":\"Home\",\"item\":\"https:\\\/\\\/www.purejewels.com\\\/\"},{\"@type\":\"ListItem\",\"position\":2,\"name\":\"Shop\",\"item\":\"https:\\\/\\\/www.purejewels.com\\\/shop\\\/\"},{\"@type\":\"ListItem\",\"position\":3,\"name\":\"Dew Drop Earrings\"}]},{\"@type\":\"WebSite\",\"@id\":\"https:\\\/\\\/www.purejewels.com\\\/#website\",\"url\":\"https:\\\/\\\/www.purejewels.com\\\/\",\"name\":\"PureJewels UK\",\"description\":\"Share the Love\",\"publisher\":{\"@id\":\"https:\\\/\\\/www.purejewels.com\\\/#organization\"},\"potentialAction\":[{\"@type\":\"SearchAction\",\"target\":{\"@type\":\"EntryPoint\",\"urlTemplate\":\"https:\\\/\\\/www.purejewels.com\\\/?s={search_term_string}\"},\"query-input\":{\"@type\":\"PropertyValueSpecification\",\"valueRequired\":true,\"valueName\":\"search_term_string\"}}],\"inLanguage\":\"tr\"},{\"@type\":\"Organization\",\"@id\":\"https:\\\/\\\/www.purejewels.com\\\/#organization\",\"name\":\"PureJewels UK\",\"url\":\"https:\\\/\\\/www.purejewels.com\\\/\",\"logo\":{\"@type\":\"ImageObject\",\"inLanguage\":\"tr\",\"@id\":\"https:\\\/\\\/www.purejewels.com\\\/#\\\/schema\\\/logo\\\/image\\\/\",\"url\":\"https:\\\/\\\/static.purejewels.com\\\/wp-content\\\/uploads\\\/2020\\\/11\\\/Logo-PJ-New-1.png\",\"contentUrl\":\"https:\\\/\\\/static.purejewels.com\\\/wp-content\\\/uploads\\\/2020\\\/11\\\/Logo-PJ-New-1.png\",\"width\":150,\"height\":80,\"caption\":\"PureJewels UK\"},\"image\":{\"@id\":\"https:\\\/\\\/www.purejewels.com\\\/#\\\/schema\\\/logo\\\/image\\\/\"}}]}<\/script>\n<!-- \/ Yoast SEO plugin. -->","yoast_head_json":{"title":"\u00c7iy Damlas\u0131 K\u00fcpe - PureJewels UK","robots":{"index":"index","follow":"follow","max-snippet":"max-snippet:-1","max-image-preview":"max-image-preview:large","max-video-preview":"max-video-preview:-1"},"canonical":"https:\/\/www.purejewels.com\/tr\/urun\/ciy-damlasi-kupeler\/","og_locale":"tr_TR","og_type":"article","og_title":"Dew Drop Earrings - PureJewels UK","og_description":"18ct White Gold Dew Drop Earrings &#8211; 0.12ct Diamonds &#8211; 0.20ct Aquamarines &#8211; Available in pink tourmaline, green tourmaline and","og_url":"https:\/\/www.purejewels.com\/tr\/urun\/ciy-damlasi-kupeler\/","og_site_name":"PureJewels UK","article_modified_time":"2026-01-06T06:57:52+00:00","og_image":[{"width":960,"height":960,"url":"https:\/\/www.purejewels.com\/wp-content\/uploads\/2017\/07\/dew-drop-earrings-15803-2.jpg","type":"image\/jpeg"}],"twitter_card":"summary_large_image","twitter_misc":{"Tahmini okuma s\u00fcresi":"1 dakika"},"schema":{"@context":"https:\/\/schema.org","@graph":[{"@type":["WebPage","ItemPage"],"@id":"https:\/\/www.purejewels.com\/product\/dew-drop-earrings\/","url":"https:\/\/www.purejewels.com\/product\/dew-drop-earrings\/","name":"\u00c7iy Damlas\u0131 K\u00fcpe - PureJewels UK","isPartOf":{"@id":"https:\/\/www.purejewels.com\/#website"},"primaryImageOfPage":{"@id":"https:\/\/www.purejewels.com\/product\/dew-drop-earrings\/#primaryimage"},"image":{"@id":"https:\/\/www.purejewels.com\/product\/dew-drop-earrings\/#primaryimage"},"thumbnailUrl":"https:\/\/static.purejewels.com\/wp-content\/uploads\/2017\/07\/dew-drop-earrings-15803-2.jpg","datePublished":"2017-07-19T12:14:09+00:00","dateModified":"2026-01-06T06:57:52+00:00","breadcrumb":{"@id":"https:\/\/www.purejewels.com\/product\/dew-drop-earrings\/#breadcrumb"},"inLanguage":"tr","potentialAction":[{"@type":"ReadAction","target":["https:\/\/www.purejewels.com\/product\/dew-drop-earrings\/"]}]},{"@type":"ImageObject","inLanguage":"tr","@id":"https:\/\/www.purejewels.com\/product\/dew-drop-earrings\/#primaryimage","url":"https:\/\/static.purejewels.com\/wp-content\/uploads\/2017\/07\/dew-drop-earrings-15803-2.jpg","contentUrl":"https:\/\/static.purejewels.com\/wp-content\/uploads\/2017\/07\/dew-drop-earrings-15803-2.jpg","width":960,"height":960,"caption":"dew-drop-earrings-15803.jpg"},{"@type":"BreadcrumbList","@id":"https:\/\/www.purejewels.com\/product\/dew-drop-earrings\/#breadcrumb","itemListElement":[{"@type":"ListItem","position":1,"name":"Home","item":"https:\/\/www.purejewels.com\/"},{"@type":"ListItem","position":2,"name":"Shop","item":"https:\/\/www.purejewels.com\/shop\/"},{"@type":"ListItem","position":3,"name":"Dew Drop Earrings"}]},{"@type":"WebSite","@id":"https:\/\/www.purejewels.com\/#website","url":"https:\/\/www.purejewels.com\/","name":"PureJewels \u0130ngiltere","description":"Sevgiyi Payla\u015f\u0131n","publisher":{"@id":"https:\/\/www.purejewels.com\/#organization"},"potentialAction":[{"@type":"SearchAction","target":{"@type":"EntryPoint","urlTemplate":"https:\/\/www.purejewels.com\/?s={search_term_string}"},"query-input":{"@type":"PropertyValueSpecification","valueRequired":true,"valueName":"search_term_string"}}],"inLanguage":"tr"},{"@type":"Organization","@id":"https:\/\/www.purejewels.com\/#organization","name":"PureJewels \u0130ngiltere","url":"https:\/\/www.purejewels.com\/","logo":{"@type":"ImageObject","inLanguage":"tr","@id":"https:\/\/www.purejewels.com\/#\/schema\/logo\/image\/","url":"https:\/\/static.purejewels.com\/wp-content\/uploads\/2020\/11\/Logo-PJ-New-1.png","contentUrl":"https:\/\/static.purejewels.com\/wp-content\/uploads\/2020\/11\/Logo-PJ-New-1.png","width":150,"height":80,"caption":"PureJewels UK"},"image":{"@id":"https:\/\/www.purejewels.com\/#\/schema\/logo\/image\/"}}]}},"_links":{"self":[{"href":"https:\/\/www.purejewels.com\/tr\/wp-json\/wp\/v2\/product\/3502","targetHints":{"allow":["GET"]}}],"collection":[{"href":"https:\/\/www.purejewels.com\/tr\/wp-json\/wp\/v2\/product"}],"about":[{"href":"https:\/\/www.purejewels.com\/tr\/wp-json\/wp\/v2\/types\/product"}],"replies":[{"embeddable":true,"href":"https:\/\/www.purejewels.com\/tr\/wp-json\/wp\/v2\/comments?post=3502"}],"version-history":[{"count":1,"href":"https:\/\/www.purejewels.com\/tr\/wp-json\/wp\/v2\/product\/3502\/revisions"}],"predecessor-version":[{"id":389305,"href":"https:\/\/www.purejewels.com\/tr\/wp-json\/wp\/v2\/product\/3502\/revisions\/389305"}],"wp:featuredmedia":[{"embeddable":true,"href":"https:\/\/www.purejewels.com\/tr\/wp-json\/wp\/v2\/media\/3503"}],"wp:attachment":[{"href":"https:\/\/www.purejewels.com\/tr\/wp-json\/wp\/v2\/media?parent=3502"}],"wp:term":[{"taxonomy":"product_brand","embeddable":true,"href":"https:\/\/www.purejewels.com\/tr\/wp-json\/wp\/v2\/product_brand?post=3502"},{"taxonomy":"product_cat","embeddable":true,"href":"https:\/\/www.purejewels.com\/tr\/wp-json\/wp\/v2\/product_cat?post=3502"},{"taxonomy":"product_tag","embeddable":true,"href":"https:\/\/www.purejewels.com\/tr\/wp-json\/wp\/v2\/product_tag?post=3502"}],"curies":[{"name":"wp","href":"https:\/\/api.w.org\/{rel}","templated":true}]}}