{"id":350302,"date":"2023-07-24T05:13:24","date_gmt":"2023-07-24T04:13:24","guid":{"rendered":"https:\/\/www.purejewels.com\/?post_type=product&#038;p=350302"},"modified":"2026-01-07T06:26:52","modified_gmt":"2026-01-07T06:26:52","slug":"22-ayar-altin-alyans-40898","status":"publish","type":"product","link":"https:\/\/www.purejewels.com\/tr\/product\/22ct-gold-wedding-band-40898\/","title":{"rendered":"22 Ayar Alt\u0131n Alyans | P Beden"},"content":{"rendered":"<ul>\n<li>SKU: 40898<\/li>\n<li><b>Aral\u0131k Kimli\u011fi <\/b>YGWB262<\/li>\n<\/ul>","protected":false},"excerpt":{"rendered":"<table class=\"sh_desc\" style=\"width: 99.8333%; height: 398px;\">\n<tbody>\n<tr style=\"height: 27px;\">\n<td style=\"height: 27px;\">Y\u00fcz\u00fck Tipi<\/td>\n<td style=\"height: 27px;\">22 Ayar Alt\u0131n Bant Y\u00fcz\u00fck<\/td>\n<\/tr>\n<tr style=\"height: 27px;\">\n<td style=\"height: 27px;\">SKU<\/td>\n<td style=\"height: 27px;\">40898<\/td>\n<\/tr>\n<tr style=\"height: 27px;\">\n<td style=\"height: 27px;\">A\u011f\u0131rl\u0131k<\/td>\n<td style=\"height: 27px;\">5.6 Gms<\/td>\n<\/tr>\n<tr style=\"height: 27px;\">\n<td style=\"height: 27px;\">Boyut<\/td>\n<td style=\"height: 27px;\">P<\/td>\n<\/tr>\n<tr style=\"height: 27px;\">\n<td style=\"height: 27px;\">Metal<\/td>\n<td style=\"height: 27px;\">22 Ayar Alt\u0131n<\/td>\n<\/tr>\n<tr style=\"height: 27px;\">\n<td style=\"height: 27px;\">\u00dccretler<\/td>\n<td style=\"height: 27px;\">Teslimat ve KDV Dahil<\/td>\n<\/tr>\n<tr style=\"height: 27px;\">\n<td style=\"height: 27px;\">Paketleme<\/td>\n<td style=\"height: 27px;\">Sunum Kutusu ile Birlikte Gelir<\/td>\n<\/tr>\n<tr style=\"height: 10px;\">\n<td style=\"height: 10px;\">Daha Fazla Bilgi<\/td>\n<td style=\"height: 10px;\">\n<ul>\n<li>M\u00fcsaitlik durumu ve daha fazla resim i\u00e7in bizimle canl\u0131 sohbet edin<\/li>\n<li>Kontrol Etmek \u0130\u00e7in Buraya T\u0131klay\u0131n\u00a0<strong>Y\u00fcz\u00fck \u00d6l\u00e7\u00fcs\u00fc<\/strong><\/li>\n<\/ul>\n<\/td>\n<\/tr>\n<\/tbody>\n<\/table>","protected":false},"featured_media":338627,"comment_status":"closed","ping_status":"closed","template":"","meta":{"_eb_attr":"","_crsspst_to_jayantr4sg-hostcom":false},"product_brand":[],"product_cat":[1640,1791,1559,1785,1784,1229,1235,5300,5338,1569,229,1573,226,5349,5297],"product_tag":[64],"class_list":{"0":"post-350302","1":"product","2":"type-product","3":"status-publish","4":"has-post-thumbnail","6":"product_cat-22ct-gold-bands","7":"product_cat-anniversary-gifts","8":"product_cat-birthday-gifts","9":"product_cat-daily-wear-rings","10":"product_cat-gents-rings","11":"product_cat-22ct-gold-jewellery","12":"product_cat-gold-rings","13":"product_cat-mens-yellow-gold-bands","14":"product_cat-shop-by-price","15":"product_cat-valentine-day-gifts","16":"product_cat-wedding-bands","17":"product_cat-wedding-gifts","18":"product_cat-wedding-rings-bands","19":"product_cat-yellow-gold-jewellery","20":"product_cat-yellow-gold-wedding-bands","21":"product_tag-rings","23":"first","24":"outofstock","25":"taxable","26":"shipping-taxable","27":"product-type-simple","28":"add-to-wishlist-before_image"},"yoast_head":"<!-- This site is optimized with the Yoast SEO plugin v27.6 - https:\/\/yoast.com\/product\/yoast-seo-wordpress\/ -->\n<title>Classic 22Carat Band Ring in size P by PureJewels UK<\/title>\n<meta name=\"description\" content=\"This classic 22-carat gold wedding band ring is perfect way to symbolize your love and commitment. It is perfect gift for your spouse on your wedding day.\" \/>\n<meta name=\"robots\" content=\"index, follow, max-snippet:-1, max-image-preview:large, max-video-preview:-1\" \/>\n<link rel=\"canonical\" href=\"https:\/\/www.purejewels.com\/tr\/urun\/22-ayar-altin-alyans-40898\/\" \/>\n<meta property=\"og:locale\" content=\"tr_TR\" \/>\n<meta property=\"og:type\" content=\"article\" \/>\n<meta property=\"og:title\" content=\"Classic 22Carat Band Ring in size P by PureJewels UK\" \/>\n<meta property=\"og:description\" content=\"This classic 22-carat gold wedding band ring is perfect way to symbolize your love and commitment. It is perfect gift for your spouse on your wedding day.\" \/>\n<meta property=\"og:url\" content=\"https:\/\/www.purejewels.com\/tr\/urun\/22-ayar-altin-alyans-40898\/\" \/>\n<meta property=\"og:site_name\" content=\"PureJewels UK\" \/>\n<meta property=\"article:modified_time\" content=\"2026-01-07T06:26:52+00:00\" \/>\n<meta property=\"og:image\" content=\"https:\/\/www.purejewels.com\/wp-content\/uploads\/2022\/09\/42895-42935-42937-42934-42896-3.jpg\" \/>\n\t<meta property=\"og:image:width\" content=\"1000\" \/>\n\t<meta property=\"og:image:height\" content=\"1000\" \/>\n\t<meta property=\"og:image:type\" content=\"image\/jpeg\" \/>\n<meta name=\"twitter:card\" content=\"summary_large_image\" \/>\n<meta name=\"twitter:label1\" content=\"Tahmini okuma s\u00fcresi\" \/>\n\t<meta name=\"twitter:data1\" content=\"1 dakika\" \/>\n<script type=\"application\/ld+json\" class=\"yoast-schema-graph\">{\"@context\":\"https:\\\/\\\/schema.org\",\"@graph\":[{\"@type\":[\"WebPage\",\"ItemPage\"],\"@id\":\"https:\\\/\\\/www.purejewels.com\\\/product\\\/22ct-gold-wedding-band-40898\\\/\",\"url\":\"https:\\\/\\\/www.purejewels.com\\\/product\\\/22ct-gold-wedding-band-40898\\\/\",\"name\":\"Classic 22Carat Band Ring in size P by PureJewels UK\",\"isPartOf\":{\"@id\":\"https:\\\/\\\/www.purejewels.com\\\/#website\"},\"primaryImageOfPage\":{\"@id\":\"https:\\\/\\\/www.purejewels.com\\\/product\\\/22ct-gold-wedding-band-40898\\\/#primaryimage\"},\"image\":{\"@id\":\"https:\\\/\\\/www.purejewels.com\\\/product\\\/22ct-gold-wedding-band-40898\\\/#primaryimage\"},\"thumbnailUrl\":\"https:\\\/\\\/static.purejewels.com\\\/wp-content\\\/uploads\\\/2022\\\/09\\\/42895-42935-42937-42934-42896-3.jpg\",\"datePublished\":\"2023-07-24T04:13:24+00:00\",\"dateModified\":\"2026-01-07T06:26:52+00:00\",\"description\":\"This classic 22-carat gold wedding band ring is perfect way to symbolize your love and commitment. It is perfect gift for your spouse on your wedding day.\",\"breadcrumb\":{\"@id\":\"https:\\\/\\\/www.purejewels.com\\\/product\\\/22ct-gold-wedding-band-40898\\\/#breadcrumb\"},\"inLanguage\":\"tr\",\"potentialAction\":[{\"@type\":\"ReadAction\",\"target\":[\"https:\\\/\\\/www.purejewels.com\\\/product\\\/22ct-gold-wedding-band-40898\\\/\"]}]},{\"@type\":\"ImageObject\",\"inLanguage\":\"tr\",\"@id\":\"https:\\\/\\\/www.purejewels.com\\\/product\\\/22ct-gold-wedding-band-40898\\\/#primaryimage\",\"url\":\"https:\\\/\\\/static.purejewels.com\\\/wp-content\\\/uploads\\\/2022\\\/09\\\/42895-42935-42937-42934-42896-3.jpg\",\"contentUrl\":\"https:\\\/\\\/static.purejewels.com\\\/wp-content\\\/uploads\\\/2022\\\/09\\\/42895-42935-42937-42934-42896-3.jpg\",\"width\":1000,\"height\":1000},{\"@type\":\"BreadcrumbList\",\"@id\":\"https:\\\/\\\/www.purejewels.com\\\/product\\\/22ct-gold-wedding-band-40898\\\/#breadcrumb\",\"itemListElement\":[{\"@type\":\"ListItem\",\"position\":1,\"name\":\"Home\",\"item\":\"https:\\\/\\\/www.purejewels.com\\\/\"},{\"@type\":\"ListItem\",\"position\":2,\"name\":\"Shop\",\"item\":\"https:\\\/\\\/www.purejewels.com\\\/shop\\\/\"},{\"@type\":\"ListItem\",\"position\":3,\"name\":\"22ct Gold Wedding Band | Size P\"}]},{\"@type\":\"WebSite\",\"@id\":\"https:\\\/\\\/www.purejewels.com\\\/#website\",\"url\":\"https:\\\/\\\/www.purejewels.com\\\/\",\"name\":\"PureJewels UK\",\"description\":\"Share the Love\",\"publisher\":{\"@id\":\"https:\\\/\\\/www.purejewels.com\\\/#organization\"},\"potentialAction\":[{\"@type\":\"SearchAction\",\"target\":{\"@type\":\"EntryPoint\",\"urlTemplate\":\"https:\\\/\\\/www.purejewels.com\\\/?s={search_term_string}\"},\"query-input\":{\"@type\":\"PropertyValueSpecification\",\"valueRequired\":true,\"valueName\":\"search_term_string\"}}],\"inLanguage\":\"tr\"},{\"@type\":\"Organization\",\"@id\":\"https:\\\/\\\/www.purejewels.com\\\/#organization\",\"name\":\"PureJewels UK\",\"url\":\"https:\\\/\\\/www.purejewels.com\\\/\",\"logo\":{\"@type\":\"ImageObject\",\"inLanguage\":\"tr\",\"@id\":\"https:\\\/\\\/www.purejewels.com\\\/#\\\/schema\\\/logo\\\/image\\\/\",\"url\":\"https:\\\/\\\/static.purejewels.com\\\/wp-content\\\/uploads\\\/2020\\\/11\\\/Logo-PJ-New-1.png\",\"contentUrl\":\"https:\\\/\\\/static.purejewels.com\\\/wp-content\\\/uploads\\\/2020\\\/11\\\/Logo-PJ-New-1.png\",\"width\":150,\"height\":80,\"caption\":\"PureJewels UK\"},\"image\":{\"@id\":\"https:\\\/\\\/www.purejewels.com\\\/#\\\/schema\\\/logo\\\/image\\\/\"}}]}<\/script>\n<!-- \/ Yoast SEO plugin. -->","yoast_head_json":{"title":"PureJewels UK'den P beden Klasik 22 Karat Bant Y\u00fcz\u00fck","description":"Bu klasik 22 ayar alt\u0131n alyans y\u00fcz\u00fck, a\u015fk\u0131n\u0131z\u0131 ve ba\u011fl\u0131l\u0131\u011f\u0131n\u0131z\u0131 sembolize etmenin m\u00fckemmel bir yoludur. D\u00fc\u011f\u00fcn g\u00fcn\u00fcn\u00fczde e\u015finiz i\u00e7in m\u00fckemmel bir hediyedir.","robots":{"index":"index","follow":"follow","max-snippet":"max-snippet:-1","max-image-preview":"max-image-preview:large","max-video-preview":"max-video-preview:-1"},"canonical":"https:\/\/www.purejewels.com\/tr\/urun\/22-ayar-altin-alyans-40898\/","og_locale":"tr_TR","og_type":"article","og_title":"Classic 22Carat Band Ring in size P by PureJewels UK","og_description":"This classic 22-carat gold wedding band ring is perfect way to symbolize your love and commitment. It is perfect gift for your spouse on your wedding day.","og_url":"https:\/\/www.purejewels.com\/tr\/urun\/22-ayar-altin-alyans-40898\/","og_site_name":"PureJewels UK","article_modified_time":"2026-01-07T06:26:52+00:00","og_image":[{"width":1000,"height":1000,"url":"https:\/\/www.purejewels.com\/wp-content\/uploads\/2022\/09\/42895-42935-42937-42934-42896-3.jpg","type":"image\/jpeg"}],"twitter_card":"summary_large_image","twitter_misc":{"Tahmini okuma s\u00fcresi":"1 dakika"},"schema":{"@context":"https:\/\/schema.org","@graph":[{"@type":["WebPage","ItemPage"],"@id":"https:\/\/www.purejewels.com\/product\/22ct-gold-wedding-band-40898\/","url":"https:\/\/www.purejewels.com\/product\/22ct-gold-wedding-band-40898\/","name":"PureJewels UK'den P beden Klasik 22 Karat Bant Y\u00fcz\u00fck","isPartOf":{"@id":"https:\/\/www.purejewels.com\/#website"},"primaryImageOfPage":{"@id":"https:\/\/www.purejewels.com\/product\/22ct-gold-wedding-band-40898\/#primaryimage"},"image":{"@id":"https:\/\/www.purejewels.com\/product\/22ct-gold-wedding-band-40898\/#primaryimage"},"thumbnailUrl":"https:\/\/static.purejewels.com\/wp-content\/uploads\/2022\/09\/42895-42935-42937-42934-42896-3.jpg","datePublished":"2023-07-24T04:13:24+00:00","dateModified":"2026-01-07T06:26:52+00:00","description":"Bu klasik 22 ayar alt\u0131n alyans y\u00fcz\u00fck, a\u015fk\u0131n\u0131z\u0131 ve ba\u011fl\u0131l\u0131\u011f\u0131n\u0131z\u0131 sembolize etmenin m\u00fckemmel bir yoludur. D\u00fc\u011f\u00fcn g\u00fcn\u00fcn\u00fczde e\u015finiz i\u00e7in m\u00fckemmel bir hediyedir.","breadcrumb":{"@id":"https:\/\/www.purejewels.com\/product\/22ct-gold-wedding-band-40898\/#breadcrumb"},"inLanguage":"tr","potentialAction":[{"@type":"ReadAction","target":["https:\/\/www.purejewels.com\/product\/22ct-gold-wedding-band-40898\/"]}]},{"@type":"ImageObject","inLanguage":"tr","@id":"https:\/\/www.purejewels.com\/product\/22ct-gold-wedding-band-40898\/#primaryimage","url":"https:\/\/static.purejewels.com\/wp-content\/uploads\/2022\/09\/42895-42935-42937-42934-42896-3.jpg","contentUrl":"https:\/\/static.purejewels.com\/wp-content\/uploads\/2022\/09\/42895-42935-42937-42934-42896-3.jpg","width":1000,"height":1000},{"@type":"BreadcrumbList","@id":"https:\/\/www.purejewels.com\/product\/22ct-gold-wedding-band-40898\/#breadcrumb","itemListElement":[{"@type":"ListItem","position":1,"name":"Home","item":"https:\/\/www.purejewels.com\/"},{"@type":"ListItem","position":2,"name":"Shop","item":"https:\/\/www.purejewels.com\/shop\/"},{"@type":"ListItem","position":3,"name":"22ct Gold Wedding Band | Size P"}]},{"@type":"WebSite","@id":"https:\/\/www.purejewels.com\/#website","url":"https:\/\/www.purejewels.com\/","name":"PureJewels \u0130ngiltere","description":"Sevgiyi Payla\u015f\u0131n","publisher":{"@id":"https:\/\/www.purejewels.com\/#organization"},"potentialAction":[{"@type":"SearchAction","target":{"@type":"EntryPoint","urlTemplate":"https:\/\/www.purejewels.com\/?s={search_term_string}"},"query-input":{"@type":"PropertyValueSpecification","valueRequired":true,"valueName":"search_term_string"}}],"inLanguage":"tr"},{"@type":"Organization","@id":"https:\/\/www.purejewels.com\/#organization","name":"PureJewels \u0130ngiltere","url":"https:\/\/www.purejewels.com\/","logo":{"@type":"ImageObject","inLanguage":"tr","@id":"https:\/\/www.purejewels.com\/#\/schema\/logo\/image\/","url":"https:\/\/static.purejewels.com\/wp-content\/uploads\/2020\/11\/Logo-PJ-New-1.png","contentUrl":"https:\/\/static.purejewels.com\/wp-content\/uploads\/2020\/11\/Logo-PJ-New-1.png","width":150,"height":80,"caption":"PureJewels UK"},"image":{"@id":"https:\/\/www.purejewels.com\/#\/schema\/logo\/image\/"}}]}},"_links":{"self":[{"href":"https:\/\/www.purejewels.com\/tr\/wp-json\/wp\/v2\/product\/350302","targetHints":{"allow":["GET"]}}],"collection":[{"href":"https:\/\/www.purejewels.com\/tr\/wp-json\/wp\/v2\/product"}],"about":[{"href":"https:\/\/www.purejewels.com\/tr\/wp-json\/wp\/v2\/types\/product"}],"replies":[{"embeddable":true,"href":"https:\/\/www.purejewels.com\/tr\/wp-json\/wp\/v2\/comments?post=350302"}],"version-history":[{"count":1,"href":"https:\/\/www.purejewels.com\/tr\/wp-json\/wp\/v2\/product\/350302\/revisions"}],"predecessor-version":[{"id":399442,"href":"https:\/\/www.purejewels.com\/tr\/wp-json\/wp\/v2\/product\/350302\/revisions\/399442"}],"wp:featuredmedia":[{"embeddable":true,"href":"https:\/\/www.purejewels.com\/tr\/wp-json\/wp\/v2\/media\/338627"}],"wp:attachment":[{"href":"https:\/\/www.purejewels.com\/tr\/wp-json\/wp\/v2\/media?parent=350302"}],"wp:term":[{"taxonomy":"product_brand","embeddable":true,"href":"https:\/\/www.purejewels.com\/tr\/wp-json\/wp\/v2\/product_brand?post=350302"},{"taxonomy":"product_cat","embeddable":true,"href":"https:\/\/www.purejewels.com\/tr\/wp-json\/wp\/v2\/product_cat?post=350302"},{"taxonomy":"product_tag","embeddable":true,"href":"https:\/\/www.purejewels.com\/tr\/wp-json\/wp\/v2\/product_tag?post=350302"}],"curies":[{"name":"wp","href":"https:\/\/api.w.org\/{rel}","templated":true}]}}