{"id":350351,"date":"2023-08-24T12:07:27","date_gmt":"2023-08-24T11:07:27","guid":{"rendered":"https:\/\/www.purejewels.com\/?post_type=product&#038;p=350351"},"modified":"2025-11-11T06:41:20","modified_gmt":"2025-11-11T06:41:20","slug":"18-ayar-altin-baklali-zincir-23735","status":"publish","type":"product","link":"https:\/\/www.purejewels.com\/tr\/product\/18ct-gold-link-chain-23735\/","title":{"rendered":"18 Ayar Alt\u0131n Baklal\u0131 Zincir | 1,4 mm Kal\u0131nl\u0131k"},"content":{"rendered":"<p>Bu zarif 18 ayar alt\u0131n baklal\u0131 zincir, zarafet ve sofistike bir g\u00f6r\u00fcn\u00fcm sergileyen zamans\u0131z bir m\u00fccevher par\u00e7as\u0131d\u0131r. Y\u00fcksek kaliteli 18 ayar alt\u0131ndan \u00fcretilen bu zincir, l\u00fcks ve stilin sembol\u00fcd\u00fcr. 1,4 mm kal\u0131nl\u0131\u011f\u0131 dayan\u0131kl\u0131l\u0131\u011f\u0131na katk\u0131da bulunur ve g\u00fcnl\u00fck kullan\u0131m i\u00e7in m\u00fckemmel hale getirir.<\/p>\n<p>Bu zincirin her bir halkas\u0131, her k\u0131yafeti y\u00fckseltecek \u00e7arp\u0131c\u0131 bir par\u00e7a yaratmak i\u00e7in titizlikle tasarlanm\u0131\u015ft\u0131r. Zincir, orijinalli\u011fini ve kalitesini garanti eden Londra Assay Office taraf\u0131ndan damgalanm\u0131\u015ft\u0131r.<\/p>\n<p>Bu 18 Ayar Alt\u0131n Link Zincir 3,7 gram a\u011f\u0131rl\u0131\u011f\u0131ndad\u0131r ve g\u00fczel bir sunum kutusunda gelir; sevdi\u011finiz biri i\u00e7in ideal bir hediye veya kendiniz i\u00e7in \u00f6zel bir ikramd\u0131r. \u00dccretsiz takipli teslimat ve g\u00fcvenli online \u00f6demeler ile g\u00fcvenle al\u0131\u015fveri\u015f yapabilirsiniz.<\/p>\n<p>\u0130ster \u00f6zel bir g\u00fcn i\u00e7in hediye ar\u0131yor olun, ister kendi koleksiyonunuza l\u00fcks bir dokunu\u015f katmak isteyin, bu 18 Ayar Alt\u0131n Ba\u011flant\u0131 Zinciri m\u00fckemmel bir se\u00e7imdir. \u015eimdi sat\u0131n al\u0131n ve bu zarif m\u00fccevher par\u00e7as\u0131n\u0131n zamans\u0131z g\u00fczelli\u011finin tad\u0131n\u0131 \u00e7\u0131kar\u0131n.<\/p>","protected":false},"excerpt":{"rendered":"<table class=\"sh_desc\">\n<tbody>\n<tr>\n<td>Zincir Tipi<\/td>\n<td>Ba\u011flant\u0131 Zinciri<\/td>\n<\/tr>\n<tr>\n<td>SKU<\/td>\n<td>46415<\/td>\n<\/tr>\n<tr>\n<td>Uzunluk<\/td>\n<td>16 in\u00e7<\/td>\n<\/tr>\n<tr>\n<td>Kal\u0131nl\u0131k<\/td>\n<td>1.4mm<\/td>\n<\/tr>\n<tr>\n<td>A\u011f\u0131rl\u0131k<\/td>\n<td>3,7 gms<\/td>\n<\/tr>\n<tr>\n<td>Metal<\/td>\n<td>18 Ayar Alt\u0131n<\/td>\n<\/tr>\n<tr>\n<td>Hallmark<\/td>\n<td>Londra Tahlil Ofisi Taraf\u0131ndan Damgalanm\u0131\u015f 18 Ayar Alt\u0131n<\/td>\n<\/tr>\n<tr>\n<td>\u00dccretler<\/td>\n<td>Teslimat ve KDV Dahil<\/td>\n<\/tr>\n<tr>\n<td>Paketleme<\/td>\n<td>Sunum Kutusu ile Birlikte Gelir<\/td>\n<\/tr>\n<tr>\n<td>Daha Fazla Bilgi<\/td>\n<td>M\u00fcsaitlik durumu ve daha fazla resim i\u00e7in bizimle canl\u0131 sohbet edin<\/td>\n<\/tr>\n<\/tbody>\n<\/table>","protected":false},"featured_media":347989,"comment_status":"closed","ping_status":"closed","template":"","meta":{"_eb_attr":"","_crsspst_to_jayantr4sg-hostcom":false},"product_brand":[],"product_cat":[5316,5679,1791,1559,1794,1793,1475,1229,5343,5597,5338,1569,1574,5349],"product_tag":[65,1430],"class_list":{"0":"post-350351","1":"product","2":"type-product","3":"status-publish","4":"has-post-thumbnail","6":"product_cat-18ct-white-gold-chain","7":"product_cat-18ct-gold-jewellery","8":"product_cat-anniversary-gifts","9":"product_cat-birthday-gifts","10":"product_cat-christmas-gifts","11":"product_cat-diwali-gifts","12":"product_cat-gold-chains","13":"product_cat-22ct-gold-jewellery","14":"product_cat-jewellery-under-550","15":"product_cat-link-chain","16":"product_cat-shop-by-price","17":"product_cat-valentine-day-gifts","18":"product_cat-womens-jewellery","19":"product_cat-yellow-gold-jewellery","20":"product_tag-chains","21":"product_tag-diwali-gift","23":"first","24":"outofstock","25":"taxable","26":"shipping-taxable","27":"product-type-simple","28":"add-to-wishlist-before_image"},"yoast_head":"<!-- This site is optimized with the Yoast SEO plugin v27.6 - https:\/\/yoast.com\/product\/yoast-seo-wordpress\/ -->\n<title>18ct Gold | Link Chain | PureJewels UK<\/title>\n<meta name=\"description\" content=\"18ct Gold Link Chain in 18 inches. A classic and versatile piece of jewelry that is perfect for everyday wear. Buy this chain online today.\" \/>\n<meta name=\"robots\" content=\"index, follow, max-snippet:-1, max-image-preview:large, max-video-preview:-1\" \/>\n<link rel=\"canonical\" href=\"https:\/\/www.purejewels.com\/tr\/urun\/18-ayar-altin-baklali-zincir-23735\/\" \/>\n<meta property=\"og:locale\" content=\"tr_TR\" \/>\n<meta property=\"og:type\" content=\"article\" \/>\n<meta property=\"og:title\" content=\"18ct Gold | Link Chain | PureJewels UK\" \/>\n<meta property=\"og:description\" content=\"18ct Gold Link Chain in 18 inches. A classic and versatile piece of jewelry that is perfect for everyday wear. Buy this chain online today.\" \/>\n<meta property=\"og:url\" content=\"https:\/\/www.purejewels.com\/tr\/urun\/18-ayar-altin-baklali-zincir-23735\/\" \/>\n<meta property=\"og:site_name\" content=\"PureJewels UK\" \/>\n<meta property=\"article:modified_time\" content=\"2025-11-11T06:41:20+00:00\" \/>\n<meta property=\"og:image\" content=\"https:\/\/www.purejewels.com\/wp-content\/uploads\/2023\/06\/SKU-34421-scaled.jpg\" \/>\n\t<meta property=\"og:image:width\" content=\"2560\" \/>\n\t<meta property=\"og:image:height\" content=\"2560\" \/>\n\t<meta property=\"og:image:type\" content=\"image\/jpeg\" \/>\n<meta name=\"twitter:card\" content=\"summary_large_image\" \/>\n<meta name=\"twitter:label1\" content=\"Tahmini okuma s\u00fcresi\" \/>\n\t<meta name=\"twitter:data1\" content=\"1 dakika\" \/>\n<script type=\"application\/ld+json\" class=\"yoast-schema-graph\">{\"@context\":\"https:\\\/\\\/schema.org\",\"@graph\":[{\"@type\":[\"WebPage\",\"ItemPage\"],\"@id\":\"https:\\\/\\\/www.purejewels.com\\\/product\\\/18ct-gold-link-chain-23735\\\/\",\"url\":\"https:\\\/\\\/www.purejewels.com\\\/product\\\/18ct-gold-link-chain-23735\\\/\",\"name\":\"18ct Gold | Link Chain | PureJewels UK\",\"isPartOf\":{\"@id\":\"https:\\\/\\\/www.purejewels.com\\\/#website\"},\"primaryImageOfPage\":{\"@id\":\"https:\\\/\\\/www.purejewels.com\\\/product\\\/18ct-gold-link-chain-23735\\\/#primaryimage\"},\"image\":{\"@id\":\"https:\\\/\\\/www.purejewels.com\\\/product\\\/18ct-gold-link-chain-23735\\\/#primaryimage\"},\"thumbnailUrl\":\"https:\\\/\\\/static.purejewels.com\\\/wp-content\\\/uploads\\\/2023\\\/06\\\/SKU-34421-scaled.jpg\",\"datePublished\":\"2023-08-24T11:07:27+00:00\",\"dateModified\":\"2025-11-11T06:41:20+00:00\",\"description\":\"18ct Gold Link Chain in 18 inches. A classic and versatile piece of jewelry that is perfect for everyday wear. Buy this chain online today.\",\"breadcrumb\":{\"@id\":\"https:\\\/\\\/www.purejewels.com\\\/product\\\/18ct-gold-link-chain-23735\\\/#breadcrumb\"},\"inLanguage\":\"tr\",\"potentialAction\":[{\"@type\":\"ReadAction\",\"target\":[\"https:\\\/\\\/www.purejewels.com\\\/product\\\/18ct-gold-link-chain-23735\\\/\"]}]},{\"@type\":\"ImageObject\",\"inLanguage\":\"tr\",\"@id\":\"https:\\\/\\\/www.purejewels.com\\\/product\\\/18ct-gold-link-chain-23735\\\/#primaryimage\",\"url\":\"https:\\\/\\\/static.purejewels.com\\\/wp-content\\\/uploads\\\/2023\\\/06\\\/SKU-34421-scaled.jpg\",\"contentUrl\":\"https:\\\/\\\/static.purejewels.com\\\/wp-content\\\/uploads\\\/2023\\\/06\\\/SKU-34421-scaled.jpg\",\"width\":2560,\"height\":2560,\"caption\":\"18ct Yellow Gold Link Chain\"},{\"@type\":\"BreadcrumbList\",\"@id\":\"https:\\\/\\\/www.purejewels.com\\\/product\\\/18ct-gold-link-chain-23735\\\/#breadcrumb\",\"itemListElement\":[{\"@type\":\"ListItem\",\"position\":1,\"name\":\"Home\",\"item\":\"https:\\\/\\\/www.purejewels.com\\\/\"},{\"@type\":\"ListItem\",\"position\":2,\"name\":\"Shop\",\"item\":\"https:\\\/\\\/www.purejewels.com\\\/shop\\\/\"},{\"@type\":\"ListItem\",\"position\":3,\"name\":\"18ct Gold Link Chain | 1.4mm Thick\"}]},{\"@type\":\"WebSite\",\"@id\":\"https:\\\/\\\/www.purejewels.com\\\/#website\",\"url\":\"https:\\\/\\\/www.purejewels.com\\\/\",\"name\":\"PureJewels UK\",\"description\":\"Share the Love\",\"publisher\":{\"@id\":\"https:\\\/\\\/www.purejewels.com\\\/#organization\"},\"potentialAction\":[{\"@type\":\"SearchAction\",\"target\":{\"@type\":\"EntryPoint\",\"urlTemplate\":\"https:\\\/\\\/www.purejewels.com\\\/?s={search_term_string}\"},\"query-input\":{\"@type\":\"PropertyValueSpecification\",\"valueRequired\":true,\"valueName\":\"search_term_string\"}}],\"inLanguage\":\"tr\"},{\"@type\":\"Organization\",\"@id\":\"https:\\\/\\\/www.purejewels.com\\\/#organization\",\"name\":\"PureJewels UK\",\"url\":\"https:\\\/\\\/www.purejewels.com\\\/\",\"logo\":{\"@type\":\"ImageObject\",\"inLanguage\":\"tr\",\"@id\":\"https:\\\/\\\/www.purejewels.com\\\/#\\\/schema\\\/logo\\\/image\\\/\",\"url\":\"https:\\\/\\\/static.purejewels.com\\\/wp-content\\\/uploads\\\/2020\\\/11\\\/Logo-PJ-New-1.png\",\"contentUrl\":\"https:\\\/\\\/static.purejewels.com\\\/wp-content\\\/uploads\\\/2020\\\/11\\\/Logo-PJ-New-1.png\",\"width\":150,\"height\":80,\"caption\":\"PureJewels UK\"},\"image\":{\"@id\":\"https:\\\/\\\/www.purejewels.com\\\/#\\\/schema\\\/logo\\\/image\\\/\"}}]}<\/script>\n<!-- \/ Yoast SEO plugin. -->","yoast_head_json":{"title":"18 Ayar Alt\u0131n | Ba\u011flant\u0131 Zinciri | PureJewels UK","description":"18 in\u00e7 18 ayar alt\u0131n baklal\u0131 zincir. G\u00fcnl\u00fck kullan\u0131m i\u00e7in m\u00fckemmel olan klasik ve \u00e7ok y\u00f6nl\u00fc bir m\u00fccevher par\u00e7as\u0131. Bu zinciri bug\u00fcn online sat\u0131n al\u0131n.","robots":{"index":"index","follow":"follow","max-snippet":"max-snippet:-1","max-image-preview":"max-image-preview:large","max-video-preview":"max-video-preview:-1"},"canonical":"https:\/\/www.purejewels.com\/tr\/urun\/18-ayar-altin-baklali-zincir-23735\/","og_locale":"tr_TR","og_type":"article","og_title":"18ct Gold | Link Chain | PureJewels UK","og_description":"18ct Gold Link Chain in 18 inches. A classic and versatile piece of jewelry that is perfect for everyday wear. Buy this chain online today.","og_url":"https:\/\/www.purejewels.com\/tr\/urun\/18-ayar-altin-baklali-zincir-23735\/","og_site_name":"PureJewels UK","article_modified_time":"2025-11-11T06:41:20+00:00","og_image":[{"width":2560,"height":2560,"url":"https:\/\/www.purejewels.com\/wp-content\/uploads\/2023\/06\/SKU-34421-scaled.jpg","type":"image\/jpeg"}],"twitter_card":"summary_large_image","twitter_misc":{"Tahmini okuma s\u00fcresi":"1 dakika"},"schema":{"@context":"https:\/\/schema.org","@graph":[{"@type":["WebPage","ItemPage"],"@id":"https:\/\/www.purejewels.com\/product\/18ct-gold-link-chain-23735\/","url":"https:\/\/www.purejewels.com\/product\/18ct-gold-link-chain-23735\/","name":"18 Ayar Alt\u0131n | Ba\u011flant\u0131 Zinciri | PureJewels UK","isPartOf":{"@id":"https:\/\/www.purejewels.com\/#website"},"primaryImageOfPage":{"@id":"https:\/\/www.purejewels.com\/product\/18ct-gold-link-chain-23735\/#primaryimage"},"image":{"@id":"https:\/\/www.purejewels.com\/product\/18ct-gold-link-chain-23735\/#primaryimage"},"thumbnailUrl":"https:\/\/static.purejewels.com\/wp-content\/uploads\/2023\/06\/SKU-34421-scaled.jpg","datePublished":"2023-08-24T11:07:27+00:00","dateModified":"2025-11-11T06:41:20+00:00","description":"18 in\u00e7 18 ayar alt\u0131n baklal\u0131 zincir. G\u00fcnl\u00fck kullan\u0131m i\u00e7in m\u00fckemmel olan klasik ve \u00e7ok y\u00f6nl\u00fc bir m\u00fccevher par\u00e7as\u0131. Bu zinciri bug\u00fcn online sat\u0131n al\u0131n.","breadcrumb":{"@id":"https:\/\/www.purejewels.com\/product\/18ct-gold-link-chain-23735\/#breadcrumb"},"inLanguage":"tr","potentialAction":[{"@type":"ReadAction","target":["https:\/\/www.purejewels.com\/product\/18ct-gold-link-chain-23735\/"]}]},{"@type":"ImageObject","inLanguage":"tr","@id":"https:\/\/www.purejewels.com\/product\/18ct-gold-link-chain-23735\/#primaryimage","url":"https:\/\/static.purejewels.com\/wp-content\/uploads\/2023\/06\/SKU-34421-scaled.jpg","contentUrl":"https:\/\/static.purejewels.com\/wp-content\/uploads\/2023\/06\/SKU-34421-scaled.jpg","width":2560,"height":2560,"caption":"18ct Yellow Gold Link Chain"},{"@type":"BreadcrumbList","@id":"https:\/\/www.purejewels.com\/product\/18ct-gold-link-chain-23735\/#breadcrumb","itemListElement":[{"@type":"ListItem","position":1,"name":"Home","item":"https:\/\/www.purejewels.com\/"},{"@type":"ListItem","position":2,"name":"Shop","item":"https:\/\/www.purejewels.com\/shop\/"},{"@type":"ListItem","position":3,"name":"18ct Gold Link Chain | 1.4mm Thick"}]},{"@type":"WebSite","@id":"https:\/\/www.purejewels.com\/#website","url":"https:\/\/www.purejewels.com\/","name":"PureJewels \u0130ngiltere","description":"Sevgiyi Payla\u015f\u0131n","publisher":{"@id":"https:\/\/www.purejewels.com\/#organization"},"potentialAction":[{"@type":"SearchAction","target":{"@type":"EntryPoint","urlTemplate":"https:\/\/www.purejewels.com\/?s={search_term_string}"},"query-input":{"@type":"PropertyValueSpecification","valueRequired":true,"valueName":"search_term_string"}}],"inLanguage":"tr"},{"@type":"Organization","@id":"https:\/\/www.purejewels.com\/#organization","name":"PureJewels \u0130ngiltere","url":"https:\/\/www.purejewels.com\/","logo":{"@type":"ImageObject","inLanguage":"tr","@id":"https:\/\/www.purejewels.com\/#\/schema\/logo\/image\/","url":"https:\/\/static.purejewels.com\/wp-content\/uploads\/2020\/11\/Logo-PJ-New-1.png","contentUrl":"https:\/\/static.purejewels.com\/wp-content\/uploads\/2020\/11\/Logo-PJ-New-1.png","width":150,"height":80,"caption":"PureJewels UK"},"image":{"@id":"https:\/\/www.purejewels.com\/#\/schema\/logo\/image\/"}}]}},"_links":{"self":[{"href":"https:\/\/www.purejewels.com\/tr\/wp-json\/wp\/v2\/product\/350351","targetHints":{"allow":["GET"]}}],"collection":[{"href":"https:\/\/www.purejewels.com\/tr\/wp-json\/wp\/v2\/product"}],"about":[{"href":"https:\/\/www.purejewels.com\/tr\/wp-json\/wp\/v2\/types\/product"}],"replies":[{"embeddable":true,"href":"https:\/\/www.purejewels.com\/tr\/wp-json\/wp\/v2\/comments?post=350351"}],"version-history":[{"count":3,"href":"https:\/\/www.purejewels.com\/tr\/wp-json\/wp\/v2\/product\/350351\/revisions"}],"predecessor-version":[{"id":420726,"href":"https:\/\/www.purejewels.com\/tr\/wp-json\/wp\/v2\/product\/350351\/revisions\/420726"}],"wp:featuredmedia":[{"embeddable":true,"href":"https:\/\/www.purejewels.com\/tr\/wp-json\/wp\/v2\/media\/347989"}],"wp:attachment":[{"href":"https:\/\/www.purejewels.com\/tr\/wp-json\/wp\/v2\/media?parent=350351"}],"wp:term":[{"taxonomy":"product_brand","embeddable":true,"href":"https:\/\/www.purejewels.com\/tr\/wp-json\/wp\/v2\/product_brand?post=350351"},{"taxonomy":"product_cat","embeddable":true,"href":"https:\/\/www.purejewels.com\/tr\/wp-json\/wp\/v2\/product_cat?post=350351"},{"taxonomy":"product_tag","embeddable":true,"href":"https:\/\/www.purejewels.com\/tr\/wp-json\/wp\/v2\/product_tag?post=350351"}],"curies":[{"name":"wp","href":"https:\/\/api.w.org\/{rel}","templated":true}]}}