{"id":350379,"date":"2023-08-25T06:11:35","date_gmt":"2023-08-25T05:11:35","guid":{"rendered":"https:\/\/www.purejewels.com\/?post_type=product&#038;p=350379"},"modified":"2026-03-23T06:36:54","modified_gmt":"2026-03-23T06:36:54","slug":"18-ayar-beyaz-altin-kutu-zincir-47900","status":"publish","type":"product","link":"https:\/\/www.purejewels.com\/tr\/product\/18ct-white-gold-box-chain-47900\/","title":{"rendered":"18 Ayar Beyaz Alt\u0131n | Kutu Zincir | 16 \u0130n\u00e7 | 0,9mm"},"content":{"rendered":"<h3>Zarif 18 Ayar Beyaz Alt\u0131n Kutu Zincirleri Ke\u015ffedin<\/h3>\n<p>M\u00fckemmel 18 ayar beyaz\u0131 ke\u015ffedin <a href=\"https:\/\/www.purejewels.com\/tr\/urun-kategori%cc%87si%cc%87\/22-ayar-altin-takilar\/altin-zincirler\/bayan-zi%cc%87nci%cc%87rleri%cc%87\/\" target=\"_blank\" rel=\"noopener\">kad\u0131nlar i\u00e7in tasarlanm\u0131\u015f alt\u0131n zincir<\/a> klasik tarz\u0131 ve \u00e7ok y\u00f6nl\u00fc zarafeti takdir edenler. Bizim <strong>alt\u0131n zincir<\/strong> koleksiyonu bir <strong>se\u00e7im<\/strong> ince i\u015flenmi\u015f <strong>18 ayar beyaz<\/strong> her durum i\u00e7in uygun zincirler. \u015e\u0131k 0,9 mm geni\u015fli\u011fi ve 16 in\u00e7 uzunlu\u011fuyla bu <strong><a href=\"https:\/\/www.purejewels.com\/tr\/product\/22ct-gold-box-chain-2\/\">kutu zinciri<\/a><\/strong> g\u00fcnl\u00fck kullan\u0131m veya en sevdi\u011finiz kolyelerinizle birlikte kullanmak i\u00e7in idealdir.<\/p>\n<h3>\u00dcst\u00fcn \u0130\u015f\u00e7ilik ve Tasar\u0131m<\/h3>\n<p>Her biri <strong>18 ayar beyaz alt\u0131n zincir<\/strong> rafine, cilal\u0131 bir y\u00fczey korurken dayan\u0131kl\u0131l\u0131\u011f\u0131 sa\u011flamak i\u00e7in titizlikle tasarlanm\u0131\u015ft\u0131r. Bu <strong>kutu zinciri<\/strong> tarz\u0131, p\u00fcr\u00fczs\u00fcz ve esnek bir yap\u0131 sunarak kad\u0131nlar\u0131n t\u00fcm g\u00fcn rahatl\u0131kla kullanabilmesini sa\u011flar. \u0130ster tek ba\u015f\u0131na ister bir kolye ucu ile birlikte tak\u0131ls\u0131n, bu <strong>alt\u0131n zincir<\/strong> ince ama sofistike bir dokunu\u015f katar. <strong>koleksiyon<\/strong>.<\/p>\n<h3>Her Durum \u0130\u00e7in M\u00fckemmel<\/h3>\n<p>Bizim <strong>18 ayar beyaz<\/strong> Zincirler hediye etmek veya ki\u015fisel kullan\u0131m i\u00e7in idealdir ve her m\u00fccevher gard\u0131robuna \u00e7ok y\u00f6nl\u00fc bir katk\u0131 sa\u011flar. \u0130ster g\u00f6z at\u0131yor olun <strong>\u00e7evrimi\u00e7i<\/strong> \u00f6zel bir par\u00e7a i\u00e7in veya anlaml\u0131 bir durum i\u00e7in bir zincir se\u00e7erken, bu <strong>18 ayar beyaz alt\u0131n zincir<\/strong> hem g\u00fcndelik hem de resmi k\u0131yafetleri tamamlayan zamans\u0131z bir se\u00e7imdir.<\/p>\n<h3>\u0130deal Zincirinize G\u00f6z At\u0131n ve Se\u00e7in<\/h3>\n<p>Bununla birlikte <strong>18 ayar beyaz alt\u0131n zincir<\/strong>ile kendiniz veya sevdi\u011finiz biri i\u00e7in m\u00fckemmel par\u00e7ay\u0131 kolayca bulabilirsiniz. Bizim ke\u015ffedin <strong>alt\u0131n zincir<\/strong> koleksiyonuna bug\u00fcn sahip olun ve \u015f\u0131kl\u0131\u011f\u0131n, kalitenin ve kal\u0131c\u0131 cazibenin tad\u0131n\u0131 \u00e7\u0131kar\u0131n. <strong>18 ayar beyaz<\/strong> Stil ve sofistikeli\u011fe \u00f6nem veren kad\u0131nlar i\u00e7in tasarlanm\u0131\u015f m\u00fccevherler.<\/p>","protected":false},"excerpt":{"rendered":"<p><strong>18 Ayar Beyaz Alt\u0131n Kutu Zincir 16 \u0130n\u00e7 0,9mm<\/strong> - \u015e\u0131k ve zarif <strong>alt\u0131n zincir<\/strong> Kad\u0131nlar i\u00e7in tasarlanm\u0131\u015ft\u0131r. G\u00fcnl\u00fck kullan\u0131m veya kolye u\u00e7lar\u0131 ile katmanlama i\u00e7in m\u00fckemmeldir. Zamans\u0131z <strong>18 ayar beyaz<\/strong> her tak\u0131y\u0131 tamamlayan m\u00fccevherler <strong>f\u0131rsat<\/strong>.<\/p>\n<p><strong>Zincir tipi:<\/strong> Kutu Zincir<br \/>\n<strong>SKU:<\/strong> 47900<br \/>\n<strong>A\u011f\u0131rl\u0131k:<\/strong> 3.3 Gms<br \/>\n<strong>Metal:<\/strong> 18 Ayar Beyaz Alt\u0131n<br \/>\n<strong>Kal\u0131nl\u0131k:<\/strong> 0.9mm<br \/>\n<strong>Uzunluk:<\/strong> 16 in\u00e7<br \/>\n<strong>Hallmark:<\/strong> Londra Tahlil Ofisi taraf\u0131ndan damgalanm\u0131\u015f 18 Ayar Beyaz Alt\u0131n<br \/>\n<strong>\u00dccretler<\/strong>: Teslimat ve KDV Dahil<\/p>\n<p><strong>Daha Fazla Bilgi<\/strong><br \/>\nM\u00fcsaitlik durumu ve daha fazla resim i\u00e7in bizimle canl\u0131 sohbet edin<br \/>\nErkek Zincirimizi Ke\u015ffedin<\/p>","protected":false},"featured_media":331148,"comment_status":"closed","ping_status":"closed","template":"","meta":{"_eb_attr":"","_crsspst_to_jayantr4sg-hostcom":true},"product_brand":[],"product_cat":[5316,5679,1791,1559,5267,1794,1573,5348,1574],"product_tag":[65],"class_list":{"0":"post-350379","1":"product","2":"type-product","3":"status-publish","4":"has-post-thumbnail","6":"product_cat-18ct-white-gold-chain","7":"product_cat-18ct-gold-jewellery","8":"product_cat-anniversary-gifts","9":"product_cat-birthday-gifts","10":"product_cat-box-chain","11":"product_cat-christmas-gifts","12":"product_cat-wedding-gifts","13":"product_cat-white-gold-jewellery","14":"product_cat-womens-jewellery","15":"product_tag-chains","17":"first","18":"instock","19":"taxable","20":"shipping-taxable","21":"purchasable","22":"product-type-simple","23":"add-to-wishlist-before_image"},"yoast_head":"<!-- This site is optimized with the Yoast SEO plugin v27.6 - https:\/\/yoast.com\/product\/yoast-seo-wordpress\/ -->\n<title>18ct White Gold Box Chain | 16 Inches with 0.9mm width<\/title>\n<meta name=\"description\" content=\"18ct White Gold Box Chain from PureJewels | We have a wide range of stunning Jewellery to match all styles &amp; needs. Free delivery &amp; click-&amp;-collect available.\" \/>\n<meta name=\"robots\" content=\"index, follow, max-snippet:-1, max-image-preview:large, max-video-preview:-1\" \/>\n<link rel=\"canonical\" href=\"https:\/\/www.purejewels.com\/tr\/urun\/18-ayar-beyaz-altin-kutu-zincir-47900\/\" \/>\n<meta property=\"og:locale\" content=\"tr_TR\" \/>\n<meta property=\"og:type\" content=\"article\" \/>\n<meta property=\"og:title\" content=\"18ct White Gold Box Chain | 16 Inches with 0.9mm width\" \/>\n<meta property=\"og:description\" content=\"18ct White Gold Box Chain from PureJewels | We have a wide range of stunning Jewellery to match all styles &amp; needs. Free delivery &amp; click-&amp;-collect available.\" \/>\n<meta property=\"og:url\" content=\"https:\/\/www.purejewels.com\/tr\/urun\/18-ayar-beyaz-altin-kutu-zincir-47900\/\" \/>\n<meta property=\"og:site_name\" content=\"PureJewels UK\" \/>\n<meta property=\"article:modified_time\" content=\"2026-03-23T06:36:54+00:00\" \/>\n<meta property=\"og:image\" content=\"https:\/\/static.purejewels.com\/wp-content\/uploads\/2022\/01\/5617-1.jpg\" \/>\n\t<meta property=\"og:image:width\" content=\"1000\" \/>\n\t<meta property=\"og:image:height\" content=\"1000\" \/>\n\t<meta property=\"og:image:type\" content=\"image\/jpeg\" \/>\n<meta name=\"twitter:card\" content=\"summary_large_image\" \/>\n<meta name=\"twitter:label1\" content=\"Tahmini okuma s\u00fcresi\" \/>\n\t<meta name=\"twitter:data1\" content=\"2 dakika\" \/>\n<script type=\"application\/ld+json\" class=\"yoast-schema-graph\">{\"@context\":\"https:\\\/\\\/schema.org\",\"@graph\":[{\"@type\":[\"WebPage\",\"ItemPage\"],\"@id\":\"https:\\\/\\\/www.purejewels.com\\\/product\\\/18ct-white-gold-box-chain-47900\\\/\",\"url\":\"https:\\\/\\\/www.purejewels.com\\\/product\\\/18ct-white-gold-box-chain-47900\\\/\",\"name\":\"18ct White Gold Box Chain | 16 Inches with 0.9mm width\",\"isPartOf\":{\"@id\":\"https:\\\/\\\/www.purejewels.com\\\/#website\"},\"primaryImageOfPage\":{\"@id\":\"https:\\\/\\\/www.purejewels.com\\\/product\\\/18ct-white-gold-box-chain-47900\\\/#primaryimage\"},\"image\":{\"@id\":\"https:\\\/\\\/www.purejewels.com\\\/product\\\/18ct-white-gold-box-chain-47900\\\/#primaryimage\"},\"thumbnailUrl\":\"https:\\\/\\\/static.purejewels.com\\\/wp-content\\\/uploads\\\/2022\\\/01\\\/5617-1.jpg\",\"datePublished\":\"2023-08-25T05:11:35+00:00\",\"dateModified\":\"2026-03-23T06:36:54+00:00\",\"description\":\"18ct White Gold Box Chain from PureJewels | We have a wide range of stunning Jewellery to match all styles & needs. Free delivery & click-&-collect available.\",\"breadcrumb\":{\"@id\":\"https:\\\/\\\/www.purejewels.com\\\/product\\\/18ct-white-gold-box-chain-47900\\\/#breadcrumb\"},\"inLanguage\":\"tr\",\"potentialAction\":[{\"@type\":\"ReadAction\",\"target\":[\"https:\\\/\\\/www.purejewels.com\\\/product\\\/18ct-white-gold-box-chain-47900\\\/\"]}]},{\"@type\":\"ImageObject\",\"inLanguage\":\"tr\",\"@id\":\"https:\\\/\\\/www.purejewels.com\\\/product\\\/18ct-white-gold-box-chain-47900\\\/#primaryimage\",\"url\":\"https:\\\/\\\/static.purejewels.com\\\/wp-content\\\/uploads\\\/2022\\\/01\\\/5617-1.jpg\",\"contentUrl\":\"https:\\\/\\\/static.purejewels.com\\\/wp-content\\\/uploads\\\/2022\\\/01\\\/5617-1.jpg\",\"width\":1000,\"height\":1000,\"caption\":\"18ct White Gold Chain 5617-1\"},{\"@type\":\"BreadcrumbList\",\"@id\":\"https:\\\/\\\/www.purejewels.com\\\/product\\\/18ct-white-gold-box-chain-47900\\\/#breadcrumb\",\"itemListElement\":[{\"@type\":\"ListItem\",\"position\":1,\"name\":\"Home\",\"item\":\"https:\\\/\\\/www.purejewels.com\\\/\"},{\"@type\":\"ListItem\",\"position\":2,\"name\":\"Shop\",\"item\":\"https:\\\/\\\/www.purejewels.com\\\/shop\\\/\"},{\"@type\":\"ListItem\",\"position\":3,\"name\":\"18ct White Gold | Box Chain | 16 Inches | 0.9mm\"}]},{\"@type\":\"WebSite\",\"@id\":\"https:\\\/\\\/www.purejewels.com\\\/#website\",\"url\":\"https:\\\/\\\/www.purejewels.com\\\/\",\"name\":\"PureJewels UK\",\"description\":\"Share the Love\",\"publisher\":{\"@id\":\"https:\\\/\\\/www.purejewels.com\\\/#organization\"},\"potentialAction\":[{\"@type\":\"SearchAction\",\"target\":{\"@type\":\"EntryPoint\",\"urlTemplate\":\"https:\\\/\\\/www.purejewels.com\\\/?s={search_term_string}\"},\"query-input\":{\"@type\":\"PropertyValueSpecification\",\"valueRequired\":true,\"valueName\":\"search_term_string\"}}],\"inLanguage\":\"tr\"},{\"@type\":\"Organization\",\"@id\":\"https:\\\/\\\/www.purejewels.com\\\/#organization\",\"name\":\"PureJewels UK\",\"url\":\"https:\\\/\\\/www.purejewels.com\\\/\",\"logo\":{\"@type\":\"ImageObject\",\"inLanguage\":\"tr\",\"@id\":\"https:\\\/\\\/www.purejewels.com\\\/#\\\/schema\\\/logo\\\/image\\\/\",\"url\":\"https:\\\/\\\/static.purejewels.com\\\/wp-content\\\/uploads\\\/2020\\\/11\\\/Logo-PJ-New-1.png\",\"contentUrl\":\"https:\\\/\\\/static.purejewels.com\\\/wp-content\\\/uploads\\\/2020\\\/11\\\/Logo-PJ-New-1.png\",\"width\":150,\"height\":80,\"caption\":\"PureJewels UK\"},\"image\":{\"@id\":\"https:\\\/\\\/www.purejewels.com\\\/#\\\/schema\\\/logo\\\/image\\\/\"}}]}<\/script>\n<!-- \/ Yoast SEO plugin. -->","yoast_head_json":{"title":"18 Ayar Beyaz Alt\u0131n Kutu Zincir | 16 \u0130n\u00e7, 0,9 mm geni\u015flik","description":"PureJewels'ten 18 Ayar Beyaz Alt\u0131n Kutu Zincir | T\u00fcm stillere ve ihtiya\u00e7lara uygun \u00e7ok \u00e7e\u015fitli \u00e7arp\u0131c\u0131 M\u00fccevherlerimiz var. \u00dccretsiz teslimat ve t\u0131kla &amp; topla mevcuttur.","robots":{"index":"index","follow":"follow","max-snippet":"max-snippet:-1","max-image-preview":"max-image-preview:large","max-video-preview":"max-video-preview:-1"},"canonical":"https:\/\/www.purejewels.com\/tr\/urun\/18-ayar-beyaz-altin-kutu-zincir-47900\/","og_locale":"tr_TR","og_type":"article","og_title":"18ct White Gold Box Chain | 16 Inches with 0.9mm width","og_description":"18ct White Gold Box Chain from PureJewels | We have a wide range of stunning Jewellery to match all styles & needs. Free delivery & click-&-collect available.","og_url":"https:\/\/www.purejewels.com\/tr\/urun\/18-ayar-beyaz-altin-kutu-zincir-47900\/","og_site_name":"PureJewels UK","article_modified_time":"2026-03-23T06:36:54+00:00","og_image":[{"width":1000,"height":1000,"url":"https:\/\/static.purejewels.com\/wp-content\/uploads\/2022\/01\/5617-1.jpg","type":"image\/jpeg"}],"twitter_card":"summary_large_image","twitter_misc":{"Tahmini okuma s\u00fcresi":"2 dakika"},"schema":{"@context":"https:\/\/schema.org","@graph":[{"@type":["WebPage","ItemPage"],"@id":"https:\/\/www.purejewels.com\/product\/18ct-white-gold-box-chain-47900\/","url":"https:\/\/www.purejewels.com\/product\/18ct-white-gold-box-chain-47900\/","name":"18 Ayar Beyaz Alt\u0131n Kutu Zincir | 16 \u0130n\u00e7, 0,9 mm geni\u015flik","isPartOf":{"@id":"https:\/\/www.purejewels.com\/#website"},"primaryImageOfPage":{"@id":"https:\/\/www.purejewels.com\/product\/18ct-white-gold-box-chain-47900\/#primaryimage"},"image":{"@id":"https:\/\/www.purejewels.com\/product\/18ct-white-gold-box-chain-47900\/#primaryimage"},"thumbnailUrl":"https:\/\/static.purejewels.com\/wp-content\/uploads\/2022\/01\/5617-1.jpg","datePublished":"2023-08-25T05:11:35+00:00","dateModified":"2026-03-23T06:36:54+00:00","description":"PureJewels'ten 18 Ayar Beyaz Alt\u0131n Kutu Zincir | T\u00fcm stillere ve ihtiya\u00e7lara uygun \u00e7ok \u00e7e\u015fitli \u00e7arp\u0131c\u0131 M\u00fccevherlerimiz var. \u00dccretsiz teslimat ve t\u0131kla &amp; topla mevcuttur.","breadcrumb":{"@id":"https:\/\/www.purejewels.com\/product\/18ct-white-gold-box-chain-47900\/#breadcrumb"},"inLanguage":"tr","potentialAction":[{"@type":"ReadAction","target":["https:\/\/www.purejewels.com\/product\/18ct-white-gold-box-chain-47900\/"]}]},{"@type":"ImageObject","inLanguage":"tr","@id":"https:\/\/www.purejewels.com\/product\/18ct-white-gold-box-chain-47900\/#primaryimage","url":"https:\/\/static.purejewels.com\/wp-content\/uploads\/2022\/01\/5617-1.jpg","contentUrl":"https:\/\/static.purejewels.com\/wp-content\/uploads\/2022\/01\/5617-1.jpg","width":1000,"height":1000,"caption":"18ct White Gold Chain 5617-1"},{"@type":"BreadcrumbList","@id":"https:\/\/www.purejewels.com\/product\/18ct-white-gold-box-chain-47900\/#breadcrumb","itemListElement":[{"@type":"ListItem","position":1,"name":"Home","item":"https:\/\/www.purejewels.com\/"},{"@type":"ListItem","position":2,"name":"Shop","item":"https:\/\/www.purejewels.com\/shop\/"},{"@type":"ListItem","position":3,"name":"18ct White Gold | Box Chain | 16 Inches | 0.9mm"}]},{"@type":"WebSite","@id":"https:\/\/www.purejewels.com\/#website","url":"https:\/\/www.purejewels.com\/","name":"PureJewels \u0130ngiltere","description":"Sevgiyi Payla\u015f\u0131n","publisher":{"@id":"https:\/\/www.purejewels.com\/#organization"},"potentialAction":[{"@type":"SearchAction","target":{"@type":"EntryPoint","urlTemplate":"https:\/\/www.purejewels.com\/?s={search_term_string}"},"query-input":{"@type":"PropertyValueSpecification","valueRequired":true,"valueName":"search_term_string"}}],"inLanguage":"tr"},{"@type":"Organization","@id":"https:\/\/www.purejewels.com\/#organization","name":"PureJewels \u0130ngiltere","url":"https:\/\/www.purejewels.com\/","logo":{"@type":"ImageObject","inLanguage":"tr","@id":"https:\/\/www.purejewels.com\/#\/schema\/logo\/image\/","url":"https:\/\/static.purejewels.com\/wp-content\/uploads\/2020\/11\/Logo-PJ-New-1.png","contentUrl":"https:\/\/static.purejewels.com\/wp-content\/uploads\/2020\/11\/Logo-PJ-New-1.png","width":150,"height":80,"caption":"PureJewels UK"},"image":{"@id":"https:\/\/www.purejewels.com\/#\/schema\/logo\/image\/"}}]}},"_links":{"self":[{"href":"https:\/\/www.purejewels.com\/tr\/wp-json\/wp\/v2\/product\/350379","targetHints":{"allow":["GET"]}}],"collection":[{"href":"https:\/\/www.purejewels.com\/tr\/wp-json\/wp\/v2\/product"}],"about":[{"href":"https:\/\/www.purejewels.com\/tr\/wp-json\/wp\/v2\/types\/product"}],"replies":[{"embeddable":true,"href":"https:\/\/www.purejewels.com\/tr\/wp-json\/wp\/v2\/comments?post=350379"}],"version-history":[{"count":4,"href":"https:\/\/www.purejewels.com\/tr\/wp-json\/wp\/v2\/product\/350379\/revisions"}],"predecessor-version":[{"id":427456,"href":"https:\/\/www.purejewels.com\/tr\/wp-json\/wp\/v2\/product\/350379\/revisions\/427456"}],"wp:featuredmedia":[{"embeddable":true,"href":"https:\/\/www.purejewels.com\/tr\/wp-json\/wp\/v2\/media\/331148"}],"wp:attachment":[{"href":"https:\/\/www.purejewels.com\/tr\/wp-json\/wp\/v2\/media?parent=350379"}],"wp:term":[{"taxonomy":"product_brand","embeddable":true,"href":"https:\/\/www.purejewels.com\/tr\/wp-json\/wp\/v2\/product_brand?post=350379"},{"taxonomy":"product_cat","embeddable":true,"href":"https:\/\/www.purejewels.com\/tr\/wp-json\/wp\/v2\/product_cat?post=350379"},{"taxonomy":"product_tag","embeddable":true,"href":"https:\/\/www.purejewels.com\/tr\/wp-json\/wp\/v2\/product_tag?post=350379"}],"curies":[{"name":"wp","href":"https:\/\/api.w.org\/{rel}","templated":true}]}}