{"id":3504,"date":"2017-07-19T13:14:10","date_gmt":"2017-07-19T12:14:10","guid":{"rendered":"http:\/\/new.purejewels.com\/product\/dew-drop-studs\/"},"modified":"2025-09-10T10:46:44","modified_gmt":"2025-09-10T09:46:44","slug":"ciy-damlasi-saplamalari","status":"publish","type":"product","link":"https:\/\/www.purejewels.com\/tr\/product\/dew-drop-studs\/","title":{"rendered":"\u00c7iy Damlas\u0131 \u00c7\u0131t\u00e7\u0131t K\u00fcpe"},"content":{"rendered":"<ul>\n<li>Elmaslar <span style=\"float: none; background-color: transparent; color: #333333; cursor: text; font-family: Georgia,'Times New Roman','Bitstream Charter',Times,serif; font-size: 16px; font-style: normal; font-variant: normal; font-weight: 400; letter-spacing: normal; text-align: left; text-decoration: none; text-indent: 0px;\">0,06 karat<\/span><\/li>\n<li>SKU 15802<\/li>\n<\/ul>\n<p style=\"text-align: center;\">","protected":false},"excerpt":{"rendered":"<ul>\n<li>18 ayar beyaz alt\u0131n k\u00fcpe<\/li>\n<li>P\u0131rlanta 0,06 cts<\/li>\n<li>Londra Tahlil Ofisi Taraf\u0131ndan Damgalanm\u0131\u015f 18 Ayar Alt\u0131n<\/li>\n<li>Sunum Kutusu ile Birlikte Gelir<\/li>\n<li>Teslimat Dahil<\/li>\n<li>Stok durumu ve stokta bulunan benzer tasar\u0131mlar\u0131n daha fazla g\u00f6r\u00fcnt\u00fcs\u00fc i\u00e7in bizimle canl\u0131 sohbet edin<strong>I\u015f\u0131k i\u00e7inde y\u00fcr\u00fcyor... p\u0131r\u0131lt\u0131l\u0131, elmas \u00e7iy damlas\u0131 k\u00fcpelerini tak\u0131yor.<\/strong> <em>Floralia <\/em>PureJewels koleksiyonunun imzas\u0131 niteli\u011findeki bu m\u00fckemmel \u00e7iy damlas\u0131 k\u00fcpeler.  \u015eehvetli k\u0131vr\u0131mlar nemli p\u0131rlanta damlalar\u0131yla vurgulanm\u0131\u015ft\u0131r - hayat\u0131n\u0131zdaki kad\u0131n i\u00e7in g\u00fczel bir hediye.\n<p><strong>18 ayar beyaz alt\u0131n \u00e7iy damlas\u0131 \u00e7\u0131t\u00e7\u0131t<\/strong><br \/>\nTaze ve nemli bir bahar sabah\u0131ndan esinlenilmi\u015ftir, <em>Floralia<\/em> sarmal dallar\u0131n aras\u0131ndan \u00e7\u0131kan minik tomurcuklarla t\u0131rmanan yaseminin romantik masumiyetini yakalar.<\/p>\n<p>G\u00fcnl\u00fck kullan\u0131m i\u00e7in m\u00fckemmel olan \u00e7iy damlas\u0131 k\u00fcpelerinizi s\u0131k s\u0131k elinize alacaks\u0131n\u0131z.  \u015e\u0131k oldu\u011fu kadar l\u00fcks de olan bu t\u00fcr m\u00fccevherler, \u00f6m\u00fcr boyu favori olacak t\u00fcrdendir.<\/p>\n<p><strong>Tasar\u0131m hikayesi<br \/>\n<\/strong>PureJewels ekibi, Hint esintileri ta\u015f\u0131yan \u00e7a\u011fda\u015f tasar\u0131mlar konusunda uzmanla\u015fm\u0131\u015ft\u0131r.  \u0130\u00e7in <em>Floralia<\/em>'da yemye\u015fil bir Hint bah\u00e7esi fikrini ke\u015ffettik - belki de bir saray arazisinin i\u00e7 k\u0131sm\u0131ndaki gizli bir yer.  Bak\u0131ms\u0131z b\u0131rak\u0131lan ve s\u0131cak g\u00fcne\u015f \u0131\u015f\u0131\u011f\u0131nda yabani olarak b\u00fcy\u00fcyen t\u0131rman\u0131c\u0131 bitkiler hayal ettik.  Bir tutam b\u00fcy\u00fcl\u00fc sabah \u00e7i\u011fi ekledik ve ard\u0131ndan bu g\u00f6rselleri peri tozunu temsil etmesi i\u00e7in akuamarin ve pembe turmalin ile beyaz alt\u0131n ve p\u0131rlantalarla haz\u0131rlad\u0131k. Evinize do\u011fru y\u00fcr\u00fcrken g\u00fczel bir g\u00fcn bat\u0131m\u0131n\u0131 ya da sarma\u015f\u0131klarla kapl\u0131 bir duvarda sakl\u0131 gizli bir kap\u0131y\u0131 fark eden biriyseniz, bu peri masal\u0131 tarz\u0131n\u0131 seveceksiniz. <em>Floralia<\/em>.<\/p>\n<p><strong>M\u00fccevheri m\u00fccevher yapan hikayedir<\/strong><br \/>\nHer \u015fey, m\u00fc\u015fterileri i\u00e7in benzersiz par\u00e7alar \u00fcretme tutkusunu Londra'ya ta\u015f\u0131yan Hintli bir m\u00fccevher ustas\u0131yla ba\u015flad\u0131.  M\u00fctevaz\u0131 ma\u011fazas\u0131 Hintli ailelerin ve daha sonra t\u00fcm k\u00f6kenlerden ailelerin u\u011frak yeri haline geldi.  Sonunda PureJewels, otantik Hint tarz\u0131 arayan y\u00fcksek profilli m\u00fc\u015fteriler i\u00e7in ni\u015fan y\u00fcz\u00fckleri ve di\u011fer par\u00e7alar\u0131 yaratmak \u00fczere bir tasar\u0131m ekibi kurdu.<\/p>\n<p>Bug\u00fcn, imza koleksiyonlar\u0131m\u0131zdan biri, <em>Floralia<\/em> d\u00fcnyan\u0131n en iyi kesim merkezlerinden birinde en iyi alt\u0131n ve p\u0131rlantalar kullan\u0131larak \u0130ngiltere'de \u00fcretilmi\u015ftir.  \u00c7iy damlas\u0131 \u00e7\u0131t\u00e7\u0131tlar\u0131n\u0131z uzman m\u00fccevher yap\u0131mc\u0131lar\u0131ndan olu\u015fan ekibimiz taraf\u0131ndan yap\u0131l\u0131r.  \u015eimdi her g\u00fcn keyfini \u00e7\u0131karman\u0131z i\u00e7in haz\u0131rlar.<\/p>\n<p>&nbsp;<\/p>\n<p style=\"text-align: center;\">\n<\/li>\n<\/ul>","protected":false},"featured_media":3505,"comment_status":"closed","ping_status":"closed","template":"","meta":{"_eb_attr":"","_crsspst_to_jayantr4sg-hostcom":false},"product_brand":[],"product_cat":[253,1254,1577,1537],"product_tag":[1455],"class_list":{"0":"post-3504","1":"product","2":"type-product","3":"status-publish","4":"has-post-thumbnail","6":"product_cat-floralia-collections","7":"product_cat-gold-earrings","8":"product_cat-stud-earrings","9":"product_cat-white-gold-jewellery-set","10":"product_tag-diamond-studs","12":"first","13":"outofstock","14":"product-type-simple","15":"add-to-wishlist-before_image"},"yoast_head":"<!-- This site is optimized with the Yoast SEO plugin v27.6 - https:\/\/yoast.com\/product\/yoast-seo-wordpress\/ -->\n<title>Dew Drop Studs Earring - PureJewels UK<\/title>\n<meta name=\"robots\" content=\"index, follow, max-snippet:-1, max-image-preview:large, max-video-preview:-1\" \/>\n<link rel=\"canonical\" href=\"https:\/\/www.purejewels.com\/tr\/urun\/ciy-damlasi-saplamalari\/\" \/>\n<meta property=\"og:locale\" content=\"tr_TR\" \/>\n<meta property=\"og:type\" content=\"article\" \/>\n<meta property=\"og:title\" content=\"Dew Drop Studs Earring - PureJewels UK\" \/>\n<meta property=\"og:description\" content=\"18ct white gold Earrings  Diamonds 0.06cts  18ct Gold\u00a0Hallmarked by London Assay Office  Comes With Presentation Box  Delivery Included  Live chat with us for availability and more images of similar designs currently in stockShe walks in light\u2026 wearing her twinkling, diamond dew drop studs. Floralia is a signature PureJewels collection featuring these perfect dew drop stud earrings.\u00a0 Sensual curves are highlighted with dewy drops of diamond \u2013 a beautiful gift for the woman in your life.  18ct white gold dew drop studs Inspired by a fresh and dewy spring morning, Floralia captures the romantic innocence of climbing jasmine \u2013 with tiny buds peeping out from twining tendrils.  Perfect for daily wear, you\u2019ll frequently find yourself reaching for your dew drop studs.\u00a0 Jewellery like this, which is luxurious as well as chic, is the sort that becomes a life-long favourite.  The design story The PureJewels team specialises in contemporary design with Indian flair.\u00a0 For Floralia, we explored the idea of a lush, Indian garden \u2013 perhaps a secret place in the inner sanctum of a palace grounds.\u00a0 We imagined climbing plants that were left untended and grew wild in the warm sunshine.\u00a0 We added a sprinkle of magical morning dew and then crafted these visuals in white gold and diamonds, with aquamarine and pink tourmaline to represent fairy dust. If you\u2019re the type to notice a pretty sunset as you\u2019re walking home \u2013 or a secret door hidden in a wall covered with ivy\u2026 then you\u2019ll love the fairytale style of Floralia.  The story makes the jewellery It all started with an Indian jewellery-maker, who brought his ambition to London \u2013 crafting unique pieces for clients.\u00a0 His humble store became a destination for Indian families, and later families of all origins.\u00a0 Eventually, PureJewels assembled a design team to create engagement rings and other pieces for high-profile clients seeking authentic Indian style.  Today, one of our signature collections, Floralia is made in Britain using the finest gold and diamonds from one of the world\u2019s best cutting centres.\u00a0 Your dew drop studs are made by our team of specialist jewellery-makers.\u00a0 Now they\u2019re ready for you to enjoy every day.  &nbsp;\" \/>\n<meta property=\"og:url\" content=\"https:\/\/www.purejewels.com\/tr\/urun\/ciy-damlasi-saplamalari\/\" \/>\n<meta property=\"og:site_name\" content=\"PureJewels UK\" \/>\n<meta property=\"article:modified_time\" content=\"2025-09-10T09:46:44+00:00\" \/>\n<meta property=\"og:image\" content=\"https:\/\/www.purejewels.com\/wp-content\/uploads\/2017\/07\/dew-drop-studs-15802-2.jpg\" \/>\n\t<meta property=\"og:image:width\" content=\"960\" \/>\n\t<meta property=\"og:image:height\" content=\"960\" \/>\n\t<meta property=\"og:image:type\" content=\"image\/jpeg\" \/>\n<meta name=\"twitter:card\" content=\"summary_large_image\" \/>\n<meta name=\"twitter:label1\" content=\"Tahmini okuma s\u00fcresi\" \/>\n\t<meta name=\"twitter:data1\" content=\"1 dakika\" \/>\n<script type=\"application\/ld+json\" class=\"yoast-schema-graph\">{\"@context\":\"https:\\\/\\\/schema.org\",\"@graph\":[{\"@type\":[\"WebPage\",\"ItemPage\"],\"@id\":\"https:\\\/\\\/www.purejewels.com\\\/product\\\/dew-drop-studs\\\/\",\"url\":\"https:\\\/\\\/www.purejewels.com\\\/product\\\/dew-drop-studs\\\/\",\"name\":\"Dew Drop Studs Earring - PureJewels UK\",\"isPartOf\":{\"@id\":\"https:\\\/\\\/www.purejewels.com\\\/#website\"},\"primaryImageOfPage\":{\"@id\":\"https:\\\/\\\/www.purejewels.com\\\/product\\\/dew-drop-studs\\\/#primaryimage\"},\"image\":{\"@id\":\"https:\\\/\\\/www.purejewels.com\\\/product\\\/dew-drop-studs\\\/#primaryimage\"},\"thumbnailUrl\":\"https:\\\/\\\/static.purejewels.com\\\/wp-content\\\/uploads\\\/2017\\\/07\\\/dew-drop-studs-15802-2.jpg\",\"datePublished\":\"2017-07-19T12:14:10+00:00\",\"dateModified\":\"2025-09-10T09:46:44+00:00\",\"breadcrumb\":{\"@id\":\"https:\\\/\\\/www.purejewels.com\\\/product\\\/dew-drop-studs\\\/#breadcrumb\"},\"inLanguage\":\"tr\",\"potentialAction\":[{\"@type\":\"ReadAction\",\"target\":[\"https:\\\/\\\/www.purejewels.com\\\/product\\\/dew-drop-studs\\\/\"]}]},{\"@type\":\"ImageObject\",\"inLanguage\":\"tr\",\"@id\":\"https:\\\/\\\/www.purejewels.com\\\/product\\\/dew-drop-studs\\\/#primaryimage\",\"url\":\"https:\\\/\\\/static.purejewels.com\\\/wp-content\\\/uploads\\\/2017\\\/07\\\/dew-drop-studs-15802-2.jpg\",\"contentUrl\":\"https:\\\/\\\/static.purejewels.com\\\/wp-content\\\/uploads\\\/2017\\\/07\\\/dew-drop-studs-15802-2.jpg\",\"width\":960,\"height\":960,\"caption\":\"dew-drop-studs-15802.jpg\"},{\"@type\":\"BreadcrumbList\",\"@id\":\"https:\\\/\\\/www.purejewels.com\\\/product\\\/dew-drop-studs\\\/#breadcrumb\",\"itemListElement\":[{\"@type\":\"ListItem\",\"position\":1,\"name\":\"Home\",\"item\":\"https:\\\/\\\/www.purejewels.com\\\/\"},{\"@type\":\"ListItem\",\"position\":2,\"name\":\"Shop\",\"item\":\"https:\\\/\\\/www.purejewels.com\\\/shop\\\/\"},{\"@type\":\"ListItem\",\"position\":3,\"name\":\"Dew Drop Studs Earring\"}]},{\"@type\":\"WebSite\",\"@id\":\"https:\\\/\\\/www.purejewels.com\\\/#website\",\"url\":\"https:\\\/\\\/www.purejewels.com\\\/\",\"name\":\"PureJewels UK\",\"description\":\"Share the Love\",\"publisher\":{\"@id\":\"https:\\\/\\\/www.purejewels.com\\\/#organization\"},\"potentialAction\":[{\"@type\":\"SearchAction\",\"target\":{\"@type\":\"EntryPoint\",\"urlTemplate\":\"https:\\\/\\\/www.purejewels.com\\\/?s={search_term_string}\"},\"query-input\":{\"@type\":\"PropertyValueSpecification\",\"valueRequired\":true,\"valueName\":\"search_term_string\"}}],\"inLanguage\":\"tr\"},{\"@type\":\"Organization\",\"@id\":\"https:\\\/\\\/www.purejewels.com\\\/#organization\",\"name\":\"PureJewels UK\",\"url\":\"https:\\\/\\\/www.purejewels.com\\\/\",\"logo\":{\"@type\":\"ImageObject\",\"inLanguage\":\"tr\",\"@id\":\"https:\\\/\\\/www.purejewels.com\\\/#\\\/schema\\\/logo\\\/image\\\/\",\"url\":\"https:\\\/\\\/static.purejewels.com\\\/wp-content\\\/uploads\\\/2020\\\/11\\\/Logo-PJ-New-1.png\",\"contentUrl\":\"https:\\\/\\\/static.purejewels.com\\\/wp-content\\\/uploads\\\/2020\\\/11\\\/Logo-PJ-New-1.png\",\"width\":150,\"height\":80,\"caption\":\"PureJewels UK\"},\"image\":{\"@id\":\"https:\\\/\\\/www.purejewels.com\\\/#\\\/schema\\\/logo\\\/image\\\/\"}}]}<\/script>\n<!-- \/ Yoast SEO plugin. -->","yoast_head_json":{"title":"\u00c7iy Damlas\u0131 \u00c7\u0131t\u00e7\u0131t K\u00fcpe - PureJewels UK","robots":{"index":"index","follow":"follow","max-snippet":"max-snippet:-1","max-image-preview":"max-image-preview:large","max-video-preview":"max-video-preview:-1"},"canonical":"https:\/\/www.purejewels.com\/tr\/urun\/ciy-damlasi-saplamalari\/","og_locale":"tr_TR","og_type":"article","og_title":"Dew Drop Studs Earring - PureJewels UK","og_description":"18ct white gold Earrings  Diamonds 0.06cts  18ct Gold\u00a0Hallmarked by London Assay Office  Comes With Presentation Box  Delivery Included  Live chat with us for availability and more images of similar designs currently in stockShe walks in light\u2026 wearing her twinkling, diamond dew drop studs. Floralia is a signature PureJewels collection featuring these perfect dew drop stud earrings.\u00a0 Sensual curves are highlighted with dewy drops of diamond \u2013 a beautiful gift for the woman in your life.  18ct white gold dew drop studs Inspired by a fresh and dewy spring morning, Floralia captures the romantic innocence of climbing jasmine \u2013 with tiny buds peeping out from twining tendrils.  Perfect for daily wear, you\u2019ll frequently find yourself reaching for your dew drop studs.\u00a0 Jewellery like this, which is luxurious as well as chic, is the sort that becomes a life-long favourite.  The design story The PureJewels team specialises in contemporary design with Indian flair.\u00a0 For Floralia, we explored the idea of a lush, Indian garden \u2013 perhaps a secret place in the inner sanctum of a palace grounds.\u00a0 We imagined climbing plants that were left untended and grew wild in the warm sunshine.\u00a0 We added a sprinkle of magical morning dew and then crafted these visuals in white gold and diamonds, with aquamarine and pink tourmaline to represent fairy dust. If you\u2019re the type to notice a pretty sunset as you\u2019re walking home \u2013 or a secret door hidden in a wall covered with ivy\u2026 then you\u2019ll love the fairytale style of Floralia.  The story makes the jewellery It all started with an Indian jewellery-maker, who brought his ambition to London \u2013 crafting unique pieces for clients.\u00a0 His humble store became a destination for Indian families, and later families of all origins.\u00a0 Eventually, PureJewels assembled a design team to create engagement rings and other pieces for high-profile clients seeking authentic Indian style.  Today, one of our signature collections, Floralia is made in Britain using the finest gold and diamonds from one of the world\u2019s best cutting centres.\u00a0 Your dew drop studs are made by our team of specialist jewellery-makers.\u00a0 Now they\u2019re ready for you to enjoy every day.  &nbsp;","og_url":"https:\/\/www.purejewels.com\/tr\/urun\/ciy-damlasi-saplamalari\/","og_site_name":"PureJewels UK","article_modified_time":"2025-09-10T09:46:44+00:00","og_image":[{"width":960,"height":960,"url":"https:\/\/www.purejewels.com\/wp-content\/uploads\/2017\/07\/dew-drop-studs-15802-2.jpg","type":"image\/jpeg"}],"twitter_card":"summary_large_image","twitter_misc":{"Tahmini okuma s\u00fcresi":"1 dakika"},"schema":{"@context":"https:\/\/schema.org","@graph":[{"@type":["WebPage","ItemPage"],"@id":"https:\/\/www.purejewels.com\/product\/dew-drop-studs\/","url":"https:\/\/www.purejewels.com\/product\/dew-drop-studs\/","name":"\u00c7iy Damlas\u0131 \u00c7\u0131t\u00e7\u0131t K\u00fcpe - PureJewels UK","isPartOf":{"@id":"https:\/\/www.purejewels.com\/#website"},"primaryImageOfPage":{"@id":"https:\/\/www.purejewels.com\/product\/dew-drop-studs\/#primaryimage"},"image":{"@id":"https:\/\/www.purejewels.com\/product\/dew-drop-studs\/#primaryimage"},"thumbnailUrl":"https:\/\/static.purejewels.com\/wp-content\/uploads\/2017\/07\/dew-drop-studs-15802-2.jpg","datePublished":"2017-07-19T12:14:10+00:00","dateModified":"2025-09-10T09:46:44+00:00","breadcrumb":{"@id":"https:\/\/www.purejewels.com\/product\/dew-drop-studs\/#breadcrumb"},"inLanguage":"tr","potentialAction":[{"@type":"ReadAction","target":["https:\/\/www.purejewels.com\/product\/dew-drop-studs\/"]}]},{"@type":"ImageObject","inLanguage":"tr","@id":"https:\/\/www.purejewels.com\/product\/dew-drop-studs\/#primaryimage","url":"https:\/\/static.purejewels.com\/wp-content\/uploads\/2017\/07\/dew-drop-studs-15802-2.jpg","contentUrl":"https:\/\/static.purejewels.com\/wp-content\/uploads\/2017\/07\/dew-drop-studs-15802-2.jpg","width":960,"height":960,"caption":"dew-drop-studs-15802.jpg"},{"@type":"BreadcrumbList","@id":"https:\/\/www.purejewels.com\/product\/dew-drop-studs\/#breadcrumb","itemListElement":[{"@type":"ListItem","position":1,"name":"Home","item":"https:\/\/www.purejewels.com\/"},{"@type":"ListItem","position":2,"name":"Shop","item":"https:\/\/www.purejewels.com\/shop\/"},{"@type":"ListItem","position":3,"name":"Dew Drop Studs Earring"}]},{"@type":"WebSite","@id":"https:\/\/www.purejewels.com\/#website","url":"https:\/\/www.purejewels.com\/","name":"PureJewels \u0130ngiltere","description":"Sevgiyi Payla\u015f\u0131n","publisher":{"@id":"https:\/\/www.purejewels.com\/#organization"},"potentialAction":[{"@type":"SearchAction","target":{"@type":"EntryPoint","urlTemplate":"https:\/\/www.purejewels.com\/?s={search_term_string}"},"query-input":{"@type":"PropertyValueSpecification","valueRequired":true,"valueName":"search_term_string"}}],"inLanguage":"tr"},{"@type":"Organization","@id":"https:\/\/www.purejewels.com\/#organization","name":"PureJewels \u0130ngiltere","url":"https:\/\/www.purejewels.com\/","logo":{"@type":"ImageObject","inLanguage":"tr","@id":"https:\/\/www.purejewels.com\/#\/schema\/logo\/image\/","url":"https:\/\/static.purejewels.com\/wp-content\/uploads\/2020\/11\/Logo-PJ-New-1.png","contentUrl":"https:\/\/static.purejewels.com\/wp-content\/uploads\/2020\/11\/Logo-PJ-New-1.png","width":150,"height":80,"caption":"PureJewels UK"},"image":{"@id":"https:\/\/www.purejewels.com\/#\/schema\/logo\/image\/"}}]}},"_links":{"self":[{"href":"https:\/\/www.purejewels.com\/tr\/wp-json\/wp\/v2\/product\/3504","targetHints":{"allow":["GET"]}}],"collection":[{"href":"https:\/\/www.purejewels.com\/tr\/wp-json\/wp\/v2\/product"}],"about":[{"href":"https:\/\/www.purejewels.com\/tr\/wp-json\/wp\/v2\/types\/product"}],"replies":[{"embeddable":true,"href":"https:\/\/www.purejewels.com\/tr\/wp-json\/wp\/v2\/comments?post=3504"}],"version-history":[{"count":1,"href":"https:\/\/www.purejewels.com\/tr\/wp-json\/wp\/v2\/product\/3504\/revisions"}],"predecessor-version":[{"id":389303,"href":"https:\/\/www.purejewels.com\/tr\/wp-json\/wp\/v2\/product\/3504\/revisions\/389303"}],"wp:featuredmedia":[{"embeddable":true,"href":"https:\/\/www.purejewels.com\/tr\/wp-json\/wp\/v2\/media\/3505"}],"wp:attachment":[{"href":"https:\/\/www.purejewels.com\/tr\/wp-json\/wp\/v2\/media?parent=3504"}],"wp:term":[{"taxonomy":"product_brand","embeddable":true,"href":"https:\/\/www.purejewels.com\/tr\/wp-json\/wp\/v2\/product_brand?post=3504"},{"taxonomy":"product_cat","embeddable":true,"href":"https:\/\/www.purejewels.com\/tr\/wp-json\/wp\/v2\/product_cat?post=3504"},{"taxonomy":"product_tag","embeddable":true,"href":"https:\/\/www.purejewels.com\/tr\/wp-json\/wp\/v2\/product_tag?post=3504"}],"curies":[{"name":"wp","href":"https:\/\/api.w.org\/{rel}","templated":true}]}}