{"id":350496,"date":"2023-08-29T13:29:43","date_gmt":"2023-08-29T12:29:43","guid":{"rendered":"https:\/\/www.purejewels.com\/?post_type=product&#038;p=350496"},"modified":"2026-04-20T11:01:51","modified_gmt":"2026-04-20T10:01:51","slug":"safir-ve-pirlantali-beyaz-altin-yuzuk","status":"publish","type":"product","link":"https:\/\/www.purejewels.com\/tr\/product\/white-gold-ring-with-sapphire-and-diamonds\/","title":{"rendered":"18 ayar beyaz alt\u0131n safir halo y\u00fcz\u00fck"},"content":{"rendered":"<h3 data-start=\"835\" data-end=\"851\"><strong data-start=\"839\" data-end=\"849\">Tasar\u0131m<\/strong><\/h3>\n<p data-start=\"852\" data-end=\"1218\">Bu zarif halo y\u00fcz\u00fck, derin rengi ve do\u011fal parlakl\u0131\u011f\u0131 nedeniyle se\u00e7ilen mavi safir ile s\u00fcslenmi\u015ftir. Yuvarlak de\u011ferli ta\u015f, parlakl\u0131\u011f\u0131n\u0131 art\u0131ran ince bir elmas k\u00fcmesi ile \u00e7evrilidir ve merkezdeki ta\u015f\u0131n etraf\u0131nda yumu\u015fak bir \u0131\u015f\u0131k halesi olu\u015fturur. \u0130nce 18 ayar beyaz alt\u0131n band\u0131 zarif bir siluet sunarak safirin ger\u00e7ek odak noktas\u0131 olmas\u0131n\u0131 sa\u011flar.<\/p>\n<h3 data-start=\"1220\" data-end=\"1243\"><strong data-start=\"1224\" data-end=\"1241\">Zanaatkarl\u0131k<\/strong><\/h3>\n<p data-start=\"1244\" data-end=\"1611\">Cilal\u0131 18 ayar beyaz alt\u0131n \u00fczerine yerle\u015ftirilen y\u00fcz\u00fck, denge, rahatl\u0131k ve kal\u0131c\u0131 g\u00fczellik sa\u011flamak i\u00e7in titiz bir dikkatle detaylara \u00f6zen g\u00f6sterilerek \u00fcretilmi\u015ftir. Safir, rafine bir pen\u00e7e ayar ile g\u00fcvenli bir \u015fekilde tutulurken, \u00e7evresindeki elmaslar e\u015fit ve uyumlu bir hale olu\u015fturmak i\u00e7in hassas bir \u015fekilde yerle\u015ftirilmi\u015ftir. Her y\u00fcz\u00fck, safl\u0131k ve orijinalli\u011fin garantisi olarak Birle\u015fik Krall\u0131k'ta damgalanm\u0131\u015ft\u0131r.<\/p>\n<h3 data-start=\"1613\" data-end=\"1640\"><strong data-start=\"1617\" data-end=\"1638\">\u015eekillendirme &amp; Hediyele\u015fme<\/strong><\/h3>\n<p data-start=\"1641\" data-end=\"1992\">Ni\u015fan, y\u0131ld\u00f6n\u00fcm\u00fc veya \u00f6nemli kutlamalar i\u00e7in m\u00fckemmel bir se\u00e7im olan bu safir halo y\u00fcz\u00fck, her m\u00fccevher koleksiyonuna zarif bir renk katar. Beyaz alt\u0131n alyanslar, ince elmas m\u00fccevherler veya minimal g\u00fcnl\u00fck tak\u0131larla kolayca kombinlenebilir. A\u015fk\u0131, yeni ba\u015flang\u0131\u00e7lar\u0131 veya safirin zamans\u0131z zarafetini kutlamak i\u00e7in hediye edin.<\/p>","protected":false},"excerpt":{"rendered":"<p>PureJewels'da 18 ayar beyaz alt\u0131ndan yap\u0131lm\u0131\u015f Mavi Safir Halo Y\u00fcz\u00fck'\u00fc sat\u0131n al\u0131n. Parlak bir elmas halo ile \u00e7evrili canl\u0131 bir do\u011fal safir ile s\u00fcslenmi\u015f bu zarif y\u00fcz\u00fck, \u0130ngiltere'de damgalanm\u0131\u015f ve hayat\u0131n anlaml\u0131 anlar\u0131n\u0131 kutlamak i\u00e7in tasarlanm\u0131\u015ft\u0131r.<\/p>\n<table>\n<tbody>\n<tr>\n<td>Y\u00fcz\u00fck Tipi<\/td>\n<td>\u00a0Bayan Y\u00fcz\u00fck<\/td>\n<\/tr>\n<tr>\n<td>SKU<\/td>\n<td>27619<\/td>\n<\/tr>\n<tr>\n<td>A\u011f\u0131rl\u0131k<\/td>\n<td>3.00 gms<\/td>\n<\/tr>\n<tr>\n<td>Y\u00fcz\u00fck \u00d6l\u00e7\u00fcs\u00fc<\/td>\n<td>M<\/td>\n<\/tr>\n<tr>\n<td>Metal<\/td>\n<td>18 Ayar Beyaz Alt\u0131n<\/td>\n<\/tr>\n<tr>\n<td>Safir A\u011f\u0131rl\u0131k<\/td>\n<td>0.77ct<\/td>\n<\/tr>\n<tr>\n<td>Elmas A\u011f\u0131rl\u0131\u011f\u0131<\/td>\n<td>0.30ct<\/td>\n<\/tr>\n<tr>\n<td>Cinsiyet<\/td>\n<td>Bayanlar<\/td>\n<\/tr>\n<tr>\n<td>\u00dccretler<\/td>\n<td>Teslimat ve KDV Dahil<\/td>\n<\/tr>\n<tr>\n<td>Paketleme<\/td>\n<td>Sunum Kutusu ile Birlikte Gelir<\/td>\n<\/tr>\n<tr>\n<td>Daha Fazla Bilgi<\/td>\n<td>M\u00fcsaitlik durumu ve daha fazla resim i\u00e7in bizimle canl\u0131 sohbet edin<\/td>\n<\/tr>\n<\/tbody>\n<\/table>","protected":false},"featured_media":350569,"comment_status":"closed","ping_status":"closed","template":"","meta":{"_eb_attr":"","_crsspst_to_jayantr4sg-hostcom":true},"product_brand":[],"product_cat":[5679,6085,1791,5699,5457,5460,1783,1786,5752,6042,1569,5348,1574],"product_tag":[],"class_list":{"0":"post-350496","1":"product","2":"type-product","3":"status-publish","4":"has-post-thumbnail","6":"product_cat-18ct-gold-jewellery","7":"product_cat-18ct-gold-ring","8":"product_cat-anniversary-gifts","9":"product_cat-coloured-gemstone-jewellery","10":"product_cat-diamond-jewellery","11":"product_cat-diamond-ring","12":"product_cat-ladies-rings","13":"product_cat-occasional-wear-rings","14":"product_cat-gold-sapphire-jewellery","15":"product_cat-solitaire-ring","16":"product_cat-valentine-day-gifts","17":"product_cat-white-gold-jewellery","18":"product_cat-womens-jewellery","20":"first","21":"outofstock","22":"taxable","23":"shipping-taxable","24":"product-type-simple","25":"add-to-wishlist-before_image"},"yoast_head":"<!-- This site is optimized with the Yoast SEO plugin v27.6 - https:\/\/yoast.com\/product\/yoast-seo-wordpress\/ -->\n<title>Solitaire Sapphire Halo Engagement Ring in White Gold<\/title>\n<meta name=\"description\" content=\"White Gold Along With Diamonds in Enhances the Blue Color Of the Sapphire. Prong setting holds Sapphire Securely. Free and Fast Delivery Across the UK.\" \/>\n<meta name=\"robots\" content=\"index, follow, max-snippet:-1, max-image-preview:large, max-video-preview:-1\" \/>\n<link rel=\"canonical\" href=\"https:\/\/www.purejewels.com\/tr\/urun\/safir-ve-pirlantali-beyaz-altin-yuzuk\/\" \/>\n<meta property=\"og:locale\" content=\"tr_TR\" \/>\n<meta property=\"og:type\" content=\"article\" \/>\n<meta property=\"og:title\" content=\"Solitaire Sapphire Halo Engagement Ring in White Gold\" \/>\n<meta property=\"og:description\" content=\"White Gold Along With Diamonds in Enhances the Blue Color Of the Sapphire. Prong setting holds Sapphire Securely. Free and Fast Delivery Across the UK.\" \/>\n<meta property=\"og:url\" content=\"https:\/\/www.purejewels.com\/tr\/urun\/safir-ve-pirlantali-beyaz-altin-yuzuk\/\" \/>\n<meta property=\"og:site_name\" content=\"PureJewels UK\" \/>\n<meta property=\"article:modified_time\" content=\"2026-04-20T10:01:51+00:00\" \/>\n<meta property=\"og:image\" content=\"https:\/\/static.purejewels.com\/wp-content\/uploads\/2023\/08\/27619-2-1.jpg\" \/>\n\t<meta property=\"og:image:width\" content=\"1\" \/>\n\t<meta property=\"og:image:height\" content=\"1\" \/>\n\t<meta property=\"og:image:type\" content=\"image\/jpeg\" \/>\n<meta name=\"twitter:card\" content=\"summary_large_image\" \/>\n<meta name=\"twitter:label1\" content=\"Tahmini okuma s\u00fcresi\" \/>\n\t<meta name=\"twitter:data1\" content=\"1 dakika\" \/>\n<script type=\"application\/ld+json\" class=\"yoast-schema-graph\">{\"@context\":\"https:\\\/\\\/schema.org\",\"@graph\":[{\"@type\":[\"WebPage\",\"ItemPage\"],\"@id\":\"https:\\\/\\\/www.purejewels.com\\\/product\\\/white-gold-ring-with-sapphire-and-diamonds\\\/\",\"url\":\"https:\\\/\\\/www.purejewels.com\\\/product\\\/white-gold-ring-with-sapphire-and-diamonds\\\/\",\"name\":\"Solitaire Sapphire Halo Engagement Ring in White Gold\",\"isPartOf\":{\"@id\":\"https:\\\/\\\/www.purejewels.com\\\/#website\"},\"primaryImageOfPage\":{\"@id\":\"https:\\\/\\\/www.purejewels.com\\\/product\\\/white-gold-ring-with-sapphire-and-diamonds\\\/#primaryimage\"},\"image\":{\"@id\":\"https:\\\/\\\/www.purejewels.com\\\/product\\\/white-gold-ring-with-sapphire-and-diamonds\\\/#primaryimage\"},\"thumbnailUrl\":\"https:\\\/\\\/static.purejewels.com\\\/wp-content\\\/uploads\\\/2023\\\/08\\\/27619-2-1.jpg\",\"datePublished\":\"2023-08-29T12:29:43+00:00\",\"dateModified\":\"2026-04-20T10:01:51+00:00\",\"description\":\"White Gold Along With Diamonds in Enhances the Blue Color Of the Sapphire. Prong setting holds Sapphire Securely. Free and Fast Delivery Across the UK.\",\"breadcrumb\":{\"@id\":\"https:\\\/\\\/www.purejewels.com\\\/product\\\/white-gold-ring-with-sapphire-and-diamonds\\\/#breadcrumb\"},\"inLanguage\":\"tr\",\"potentialAction\":[{\"@type\":\"ReadAction\",\"target\":[\"https:\\\/\\\/www.purejewels.com\\\/product\\\/white-gold-ring-with-sapphire-and-diamonds\\\/\"]}]},{\"@type\":\"ImageObject\",\"inLanguage\":\"tr\",\"@id\":\"https:\\\/\\\/www.purejewels.com\\\/product\\\/white-gold-ring-with-sapphire-and-diamonds\\\/#primaryimage\",\"url\":\"https:\\\/\\\/static.purejewels.com\\\/wp-content\\\/uploads\\\/2023\\\/08\\\/27619-2-1.jpg\",\"contentUrl\":\"https:\\\/\\\/static.purejewels.com\\\/wp-content\\\/uploads\\\/2023\\\/08\\\/27619-2-1.jpg\",\"caption\":\"White Gold Ring With Sapphire and Diamonds\"},{\"@type\":\"BreadcrumbList\",\"@id\":\"https:\\\/\\\/www.purejewels.com\\\/product\\\/white-gold-ring-with-sapphire-and-diamonds\\\/#breadcrumb\",\"itemListElement\":[{\"@type\":\"ListItem\",\"position\":1,\"name\":\"Home\",\"item\":\"https:\\\/\\\/www.purejewels.com\\\/\"},{\"@type\":\"ListItem\",\"position\":2,\"name\":\"Shop\",\"item\":\"https:\\\/\\\/www.purejewels.com\\\/shop\\\/\"},{\"@type\":\"ListItem\",\"position\":3,\"name\":\"18ct White Gold Sapphire Halo Ring\"}]},{\"@type\":\"WebSite\",\"@id\":\"https:\\\/\\\/www.purejewels.com\\\/#website\",\"url\":\"https:\\\/\\\/www.purejewels.com\\\/\",\"name\":\"PureJewels UK\",\"description\":\"Share the Love\",\"publisher\":{\"@id\":\"https:\\\/\\\/www.purejewels.com\\\/#organization\"},\"potentialAction\":[{\"@type\":\"SearchAction\",\"target\":{\"@type\":\"EntryPoint\",\"urlTemplate\":\"https:\\\/\\\/www.purejewels.com\\\/?s={search_term_string}\"},\"query-input\":{\"@type\":\"PropertyValueSpecification\",\"valueRequired\":true,\"valueName\":\"search_term_string\"}}],\"inLanguage\":\"tr\"},{\"@type\":\"Organization\",\"@id\":\"https:\\\/\\\/www.purejewels.com\\\/#organization\",\"name\":\"PureJewels UK\",\"url\":\"https:\\\/\\\/www.purejewels.com\\\/\",\"logo\":{\"@type\":\"ImageObject\",\"inLanguage\":\"tr\",\"@id\":\"https:\\\/\\\/www.purejewels.com\\\/#\\\/schema\\\/logo\\\/image\\\/\",\"url\":\"https:\\\/\\\/static.purejewels.com\\\/wp-content\\\/uploads\\\/2020\\\/11\\\/Logo-PJ-New-1.png\",\"contentUrl\":\"https:\\\/\\\/static.purejewels.com\\\/wp-content\\\/uploads\\\/2020\\\/11\\\/Logo-PJ-New-1.png\",\"width\":150,\"height\":80,\"caption\":\"PureJewels UK\"},\"image\":{\"@id\":\"https:\\\/\\\/www.purejewels.com\\\/#\\\/schema\\\/logo\\\/image\\\/\"}}]}<\/script>\n<!-- \/ Yoast SEO plugin. -->","yoast_head_json":{"title":"Beyaz Alt\u0131ndan Tekta\u015f Safir Halo Ni\u015fan Y\u00fcz\u00fc\u011f\u00fc","description":"P\u0131rlantalarla Birlikte Beyaz Alt\u0131n Safirin Mavi Rengini Geli\u015ftirir. Prong ayar\u0131 Safiri g\u00fcvenli bir \u015fekilde tutar. \u0130ngiltere Genelinde \u00dccretsiz ve H\u0131zl\u0131 Teslimat.","robots":{"index":"index","follow":"follow","max-snippet":"max-snippet:-1","max-image-preview":"max-image-preview:large","max-video-preview":"max-video-preview:-1"},"canonical":"https:\/\/www.purejewels.com\/tr\/urun\/safir-ve-pirlantali-beyaz-altin-yuzuk\/","og_locale":"tr_TR","og_type":"article","og_title":"Solitaire Sapphire Halo Engagement Ring in White Gold","og_description":"White Gold Along With Diamonds in Enhances the Blue Color Of the Sapphire. Prong setting holds Sapphire Securely. Free and Fast Delivery Across the UK.","og_url":"https:\/\/www.purejewels.com\/tr\/urun\/safir-ve-pirlantali-beyaz-altin-yuzuk\/","og_site_name":"PureJewels UK","article_modified_time":"2026-04-20T10:01:51+00:00","og_image":[{"url":"https:\/\/static.purejewels.com\/wp-content\/uploads\/2023\/08\/27619-2-1.jpg","width":1,"height":1,"type":"image\/jpeg"}],"twitter_card":"summary_large_image","twitter_misc":{"Tahmini okuma s\u00fcresi":"1 dakika"},"schema":{"@context":"https:\/\/schema.org","@graph":[{"@type":["WebPage","ItemPage"],"@id":"https:\/\/www.purejewels.com\/product\/white-gold-ring-with-sapphire-and-diamonds\/","url":"https:\/\/www.purejewels.com\/product\/white-gold-ring-with-sapphire-and-diamonds\/","name":"Beyaz Alt\u0131ndan Tekta\u015f Safir Halo Ni\u015fan Y\u00fcz\u00fc\u011f\u00fc","isPartOf":{"@id":"https:\/\/www.purejewels.com\/#website"},"primaryImageOfPage":{"@id":"https:\/\/www.purejewels.com\/product\/white-gold-ring-with-sapphire-and-diamonds\/#primaryimage"},"image":{"@id":"https:\/\/www.purejewels.com\/product\/white-gold-ring-with-sapphire-and-diamonds\/#primaryimage"},"thumbnailUrl":"https:\/\/static.purejewels.com\/wp-content\/uploads\/2023\/08\/27619-2-1.jpg","datePublished":"2023-08-29T12:29:43+00:00","dateModified":"2026-04-20T10:01:51+00:00","description":"P\u0131rlantalarla Birlikte Beyaz Alt\u0131n Safirin Mavi Rengini Geli\u015ftirir. Prong ayar\u0131 Safiri g\u00fcvenli bir \u015fekilde tutar. \u0130ngiltere Genelinde \u00dccretsiz ve H\u0131zl\u0131 Teslimat.","breadcrumb":{"@id":"https:\/\/www.purejewels.com\/product\/white-gold-ring-with-sapphire-and-diamonds\/#breadcrumb"},"inLanguage":"tr","potentialAction":[{"@type":"ReadAction","target":["https:\/\/www.purejewels.com\/product\/white-gold-ring-with-sapphire-and-diamonds\/"]}]},{"@type":"ImageObject","inLanguage":"tr","@id":"https:\/\/www.purejewels.com\/product\/white-gold-ring-with-sapphire-and-diamonds\/#primaryimage","url":"https:\/\/static.purejewels.com\/wp-content\/uploads\/2023\/08\/27619-2-1.jpg","contentUrl":"https:\/\/static.purejewels.com\/wp-content\/uploads\/2023\/08\/27619-2-1.jpg","caption":"White Gold Ring With Sapphire and Diamonds"},{"@type":"BreadcrumbList","@id":"https:\/\/www.purejewels.com\/product\/white-gold-ring-with-sapphire-and-diamonds\/#breadcrumb","itemListElement":[{"@type":"ListItem","position":1,"name":"Home","item":"https:\/\/www.purejewels.com\/"},{"@type":"ListItem","position":2,"name":"Shop","item":"https:\/\/www.purejewels.com\/shop\/"},{"@type":"ListItem","position":3,"name":"18ct White Gold Sapphire Halo Ring"}]},{"@type":"WebSite","@id":"https:\/\/www.purejewels.com\/#website","url":"https:\/\/www.purejewels.com\/","name":"PureJewels \u0130ngiltere","description":"Sevgiyi Payla\u015f\u0131n","publisher":{"@id":"https:\/\/www.purejewels.com\/#organization"},"potentialAction":[{"@type":"SearchAction","target":{"@type":"EntryPoint","urlTemplate":"https:\/\/www.purejewels.com\/?s={search_term_string}"},"query-input":{"@type":"PropertyValueSpecification","valueRequired":true,"valueName":"search_term_string"}}],"inLanguage":"tr"},{"@type":"Organization","@id":"https:\/\/www.purejewels.com\/#organization","name":"PureJewels \u0130ngiltere","url":"https:\/\/www.purejewels.com\/","logo":{"@type":"ImageObject","inLanguage":"tr","@id":"https:\/\/www.purejewels.com\/#\/schema\/logo\/image\/","url":"https:\/\/static.purejewels.com\/wp-content\/uploads\/2020\/11\/Logo-PJ-New-1.png","contentUrl":"https:\/\/static.purejewels.com\/wp-content\/uploads\/2020\/11\/Logo-PJ-New-1.png","width":150,"height":80,"caption":"PureJewels UK"},"image":{"@id":"https:\/\/www.purejewels.com\/#\/schema\/logo\/image\/"}}]}},"_links":{"self":[{"href":"https:\/\/www.purejewels.com\/tr\/wp-json\/wp\/v2\/product\/350496","targetHints":{"allow":["GET"]}}],"collection":[{"href":"https:\/\/www.purejewels.com\/tr\/wp-json\/wp\/v2\/product"}],"about":[{"href":"https:\/\/www.purejewels.com\/tr\/wp-json\/wp\/v2\/types\/product"}],"replies":[{"embeddable":true,"href":"https:\/\/www.purejewels.com\/tr\/wp-json\/wp\/v2\/comments?post=350496"}],"version-history":[{"count":3,"href":"https:\/\/www.purejewels.com\/tr\/wp-json\/wp\/v2\/product\/350496\/revisions"}],"predecessor-version":[{"id":422925,"href":"https:\/\/www.purejewels.com\/tr\/wp-json\/wp\/v2\/product\/350496\/revisions\/422925"}],"wp:featuredmedia":[{"embeddable":true,"href":"https:\/\/www.purejewels.com\/tr\/wp-json\/wp\/v2\/media\/350569"}],"wp:attachment":[{"href":"https:\/\/www.purejewels.com\/tr\/wp-json\/wp\/v2\/media?parent=350496"}],"wp:term":[{"taxonomy":"product_brand","embeddable":true,"href":"https:\/\/www.purejewels.com\/tr\/wp-json\/wp\/v2\/product_brand?post=350496"},{"taxonomy":"product_cat","embeddable":true,"href":"https:\/\/www.purejewels.com\/tr\/wp-json\/wp\/v2\/product_cat?post=350496"},{"taxonomy":"product_tag","embeddable":true,"href":"https:\/\/www.purejewels.com\/tr\/wp-json\/wp\/v2\/product_tag?post=350496"}],"curies":[{"name":"wp","href":"https:\/\/api.w.org\/{rel}","templated":true}]}}