{"id":350579,"date":"2023-08-31T03:40:24","date_gmt":"2023-08-31T02:40:24","guid":{"rendered":"https:\/\/www.purejewels.com\/?post_type=product&#038;p=350579"},"modified":"2026-04-30T09:56:23","modified_gmt":"2026-04-30T08:56:23","slug":"22-ayar-altin-kokteyl-ayarlanabilir-yuzuk-46364","status":"publish","type":"product","link":"https:\/\/www.purejewels.com\/tr\/product\/22ct-gold-cocktail-adjustable-ring-46364\/","title":{"rendered":"22 Ayar Alt\u0131n Kokteyl Ayarlanabilir Y\u00fcz\u00fck | Armari Koleksiyonu"},"content":{"rendered":"<ul>\n<li><b>Menzil kimli\u011fi:<\/b> JWRNCRAR001<\/li>\n<\/ul>\n<p>Kar\u015f\u0131n\u0131zda l\u00fcks Armari koleksiyonumuzdan 22 Ayar Alt\u0131n Ayarlanabilir Kokteyl Bayan Y\u00fcz\u00fc\u011f\u00fc. Bu \u00e7arp\u0131c\u0131 m\u00fccevher par\u00e7as\u0131, her durumda cesur bir a\u00e7\u0131klama yapmak i\u00e7in tasarlanm\u0131\u015f, zarafet ve sofistikeli\u011fin ger\u00e7ek bir \u00f6rne\u011fidir.<\/p>\n<p>&nbsp;<\/p>","protected":false},"excerpt":{"rendered":"<p>Z\u0131rh\u0131n formundan ve g\u00fcc\u00fcnden ilham alan cesur kubbeli kokteyl y\u00fcz\u00fc\u011f\u00fcn\u00fcn yontulmu\u015f y\u00fczeyi, derinlik ve yap\u0131 olu\u015fturan karma\u015f\u0131k, kalkan benzeri dokularla katmanlanm\u0131\u015ft\u0131r. Y\u00fckseltilmi\u015f detaylar ve tan\u0131mlanm\u0131\u015f kenarl\u0131k, koruma ve dayan\u0131kl\u0131l\u0131\u011f\u0131 yans\u0131tarak ona hakim bir duru\u015f kazand\u0131r\u0131r. Sa\u011flam ve amaca y\u00f6nelik formuyla ele sessiz bir otoriteyle oturur; g\u00fc\u00e7l\u00fc, ayaklar\u0131 yere basan ve \u015f\u00fcphe g\u00f6t\u00fcrmez bir \u015fekilde kuvvetli hissettirmek \u00fczere tasarlanm\u0131\u015ft\u0131r.<\/p>\n<p><strong>Malzeme:<\/strong> 22 Ayar Alt\u0131n<br \/>\n<strong>Hallmark:<\/strong> \u0130ngiliz Damgas\u0131<br \/>\n<strong>A\u011f\u0131rl\u0131k:<\/strong> 5 Gms<br \/>\n<strong>Boyut:<\/strong> Ayarlanabilir<br \/>\n<strong>Geni\u015flik:<\/strong> 18mm<br \/>\n<strong>SKU:<\/strong> 46361<\/p>\n<p>Fiyat ve Teslimat: KDV ve teslimat \u00fccretleri dahil<br \/>\n<a href=\"https:\/\/www.purejewels.com\/tr\/i%cc%87ade-poli%cc%87ti%cc%87kasi\/\"><strong>\u0130ade Politikas\u0131<\/strong><\/a><\/p>","protected":false},"featured_media":346905,"comment_status":"closed","ping_status":"closed","template":"","meta":{"_eb_attr":"","_crsspst_to_jayantr4sg-hostcom":false},"product_brand":[],"product_cat":[1791,6159,245,5642,6041,236,1229,1235,1783,1786,1573,1574],"product_tag":[1430],"class_list":{"0":"post-350579","1":"product","2":"type-product","3":"status-publish","4":"has-post-thumbnail","6":"product_cat-anniversary-gifts","7":"product_cat-armari-cocktail-ring","8":"product_cat-armari-collections","9":"product_cat-armari-ring","10":"product_cat-cocktail-ring","11":"product_cat-collections","12":"product_cat-22ct-gold-jewellery","13":"product_cat-gold-rings","14":"product_cat-ladies-rings","15":"product_cat-occasional-wear-rings","16":"product_cat-wedding-gifts","17":"product_cat-womens-jewellery","18":"product_tag-diwali-gift","20":"first","21":"instock","22":"featured","23":"taxable","24":"shipping-taxable","25":"purchasable","26":"product-type-simple","27":"add-to-wishlist-before_image"},"yoast_head":"<!-- This site is optimized with the Yoast SEO plugin v27.5 - https:\/\/yoast.com\/product\/yoast-seo-wordpress\/ -->\n<title>22ct Real Gold Cocktail Adjustable Armari Collection Ring<\/title>\n<meta name=\"description\" content=\"Explore our collection of Cocktail rings in 22ct and embrace timeless beauty at its finest. Buy this adjustable ring online today.\" \/>\n<meta name=\"robots\" content=\"index, follow, max-snippet:-1, max-image-preview:large, max-video-preview:-1\" \/>\n<link rel=\"canonical\" href=\"https:\/\/www.purejewels.com\/tr\/urun\/22-ayar-altin-kokteyl-ayarlanabilir-yuzuk-46364\/\" \/>\n<meta property=\"og:locale\" content=\"tr_TR\" \/>\n<meta property=\"og:type\" content=\"article\" \/>\n<meta property=\"og:title\" content=\"22ct Real Gold Cocktail Adjustable Armari Collection Ring\" \/>\n<meta property=\"og:description\" content=\"Explore our collection of Cocktail rings in 22ct and embrace timeless beauty at its finest. Buy this adjustable ring online today.\" \/>\n<meta property=\"og:url\" content=\"https:\/\/www.purejewels.com\/tr\/urun\/22-ayar-altin-kokteyl-ayarlanabilir-yuzuk-46364\/\" \/>\n<meta property=\"og:site_name\" content=\"PureJewels UK\" \/>\n<meta property=\"article:modified_time\" content=\"2026-04-30T08:56:23+00:00\" \/>\n<meta property=\"og:image\" content=\"https:\/\/static.purejewels.com\/wp-content\/uploads\/2023\/05\/SKU-45041.jpg\" \/>\n\t<meta property=\"og:image:width\" content=\"1\" \/>\n\t<meta property=\"og:image:height\" content=\"1\" \/>\n\t<meta property=\"og:image:type\" content=\"image\/jpeg\" \/>\n<meta name=\"twitter:card\" content=\"summary_large_image\" \/>\n<meta name=\"twitter:label1\" content=\"Tahmini okuma s\u00fcresi\" \/>\n\t<meta name=\"twitter:data1\" content=\"1 dakika\" \/>\n<script type=\"application\/ld+json\" class=\"yoast-schema-graph\">{\"@context\":\"https:\\\/\\\/schema.org\",\"@graph\":[{\"@type\":[\"WebPage\",\"ItemPage\"],\"@id\":\"https:\\\/\\\/www.purejewels.com\\\/product\\\/22ct-gold-cocktail-adjustable-ring-46364\\\/\",\"url\":\"https:\\\/\\\/www.purejewels.com\\\/product\\\/22ct-gold-cocktail-adjustable-ring-46364\\\/\",\"name\":\"22ct Real Gold Cocktail Adjustable Armari Collection Ring\",\"isPartOf\":{\"@id\":\"https:\\\/\\\/www.purejewels.com\\\/#website\"},\"primaryImageOfPage\":{\"@id\":\"https:\\\/\\\/www.purejewels.com\\\/product\\\/22ct-gold-cocktail-adjustable-ring-46364\\\/#primaryimage\"},\"image\":{\"@id\":\"https:\\\/\\\/www.purejewels.com\\\/product\\\/22ct-gold-cocktail-adjustable-ring-46364\\\/#primaryimage\"},\"thumbnailUrl\":\"https:\\\/\\\/static.purejewels.com\\\/wp-content\\\/uploads\\\/2023\\\/05\\\/SKU-45041.jpg\",\"datePublished\":\"2023-08-31T02:40:24+00:00\",\"dateModified\":\"2026-04-30T08:56:23+00:00\",\"description\":\"Explore our collection of Cocktail rings in 22ct and embrace timeless beauty at its finest. Buy this adjustable ring online today.\",\"breadcrumb\":{\"@id\":\"https:\\\/\\\/www.purejewels.com\\\/product\\\/22ct-gold-cocktail-adjustable-ring-46364\\\/#breadcrumb\"},\"inLanguage\":\"tr\",\"potentialAction\":[{\"@type\":\"ReadAction\",\"target\":[\"https:\\\/\\\/www.purejewels.com\\\/product\\\/22ct-gold-cocktail-adjustable-ring-46364\\\/\"]}]},{\"@type\":\"ImageObject\",\"inLanguage\":\"tr\",\"@id\":\"https:\\\/\\\/www.purejewels.com\\\/product\\\/22ct-gold-cocktail-adjustable-ring-46364\\\/#primaryimage\",\"url\":\"https:\\\/\\\/static.purejewels.com\\\/wp-content\\\/uploads\\\/2023\\\/05\\\/SKU-45041.jpg\",\"contentUrl\":\"https:\\\/\\\/static.purejewels.com\\\/wp-content\\\/uploads\\\/2023\\\/05\\\/SKU-45041.jpg\",\"caption\":\"22ct Gold Cocktail Adjustable Armari Collection Ring\"},{\"@type\":\"BreadcrumbList\",\"@id\":\"https:\\\/\\\/www.purejewels.com\\\/product\\\/22ct-gold-cocktail-adjustable-ring-46364\\\/#breadcrumb\",\"itemListElement\":[{\"@type\":\"ListItem\",\"position\":1,\"name\":\"Home\",\"item\":\"https:\\\/\\\/www.purejewels.com\\\/\"},{\"@type\":\"ListItem\",\"position\":2,\"name\":\"Shop\",\"item\":\"https:\\\/\\\/www.purejewels.com\\\/shop\\\/\"},{\"@type\":\"ListItem\",\"position\":3,\"name\":\"22ct Gold Cocktail Adjustable Ring | Armari Collection\"}]},{\"@type\":\"WebSite\",\"@id\":\"https:\\\/\\\/www.purejewels.com\\\/#website\",\"url\":\"https:\\\/\\\/www.purejewels.com\\\/\",\"name\":\"PureJewels UK\",\"description\":\"Share the Love\",\"publisher\":{\"@id\":\"https:\\\/\\\/www.purejewels.com\\\/#organization\"},\"potentialAction\":[{\"@type\":\"SearchAction\",\"target\":{\"@type\":\"EntryPoint\",\"urlTemplate\":\"https:\\\/\\\/www.purejewels.com\\\/?s={search_term_string}\"},\"query-input\":{\"@type\":\"PropertyValueSpecification\",\"valueRequired\":true,\"valueName\":\"search_term_string\"}}],\"inLanguage\":\"tr\"},{\"@type\":\"Organization\",\"@id\":\"https:\\\/\\\/www.purejewels.com\\\/#organization\",\"name\":\"PureJewels UK\",\"url\":\"https:\\\/\\\/www.purejewels.com\\\/\",\"logo\":{\"@type\":\"ImageObject\",\"inLanguage\":\"tr\",\"@id\":\"https:\\\/\\\/www.purejewels.com\\\/#\\\/schema\\\/logo\\\/image\\\/\",\"url\":\"https:\\\/\\\/static.purejewels.com\\\/wp-content\\\/uploads\\\/2020\\\/11\\\/Logo-PJ-New-1.png\",\"contentUrl\":\"https:\\\/\\\/static.purejewels.com\\\/wp-content\\\/uploads\\\/2020\\\/11\\\/Logo-PJ-New-1.png\",\"width\":150,\"height\":80,\"caption\":\"PureJewels UK\"},\"image\":{\"@id\":\"https:\\\/\\\/www.purejewels.com\\\/#\\\/schema\\\/logo\\\/image\\\/\"}}]}<\/script>\n<!-- \/ Yoast SEO plugin. -->","yoast_head_json":{"title":"22 Ayar Ger\u00e7ek Alt\u0131n Kokteyl Ayarlanabilir Armari Koleksiyonu Y\u00fcz\u00fck","description":"22ct Kokteyl y\u00fcz\u00fck koleksiyonumuzu ke\u015ffedin ve zamans\u0131z g\u00fczelli\u011fi en iyi \u015fekilde kucaklay\u0131n. Bu ayarlanabilir y\u00fcz\u00fc\u011f\u00fc bug\u00fcn online sat\u0131n al\u0131n.","robots":{"index":"index","follow":"follow","max-snippet":"max-snippet:-1","max-image-preview":"max-image-preview:large","max-video-preview":"max-video-preview:-1"},"canonical":"https:\/\/www.purejewels.com\/tr\/urun\/22-ayar-altin-kokteyl-ayarlanabilir-yuzuk-46364\/","og_locale":"tr_TR","og_type":"article","og_title":"22ct Real Gold Cocktail Adjustable Armari Collection Ring","og_description":"Explore our collection of Cocktail rings in 22ct and embrace timeless beauty at its finest. Buy this adjustable ring online today.","og_url":"https:\/\/www.purejewels.com\/tr\/urun\/22-ayar-altin-kokteyl-ayarlanabilir-yuzuk-46364\/","og_site_name":"PureJewels UK","article_modified_time":"2026-04-30T08:56:23+00:00","og_image":[{"url":"https:\/\/static.purejewels.com\/wp-content\/uploads\/2023\/05\/SKU-45041.jpg","width":1,"height":1,"type":"image\/jpeg"}],"twitter_card":"summary_large_image","twitter_misc":{"Tahmini okuma s\u00fcresi":"1 dakika"},"schema":{"@context":"https:\/\/schema.org","@graph":[{"@type":["WebPage","ItemPage"],"@id":"https:\/\/www.purejewels.com\/product\/22ct-gold-cocktail-adjustable-ring-46364\/","url":"https:\/\/www.purejewels.com\/product\/22ct-gold-cocktail-adjustable-ring-46364\/","name":"22 Ayar Ger\u00e7ek Alt\u0131n Kokteyl Ayarlanabilir Armari Koleksiyonu Y\u00fcz\u00fck","isPartOf":{"@id":"https:\/\/www.purejewels.com\/#website"},"primaryImageOfPage":{"@id":"https:\/\/www.purejewels.com\/product\/22ct-gold-cocktail-adjustable-ring-46364\/#primaryimage"},"image":{"@id":"https:\/\/www.purejewels.com\/product\/22ct-gold-cocktail-adjustable-ring-46364\/#primaryimage"},"thumbnailUrl":"https:\/\/static.purejewels.com\/wp-content\/uploads\/2023\/05\/SKU-45041.jpg","datePublished":"2023-08-31T02:40:24+00:00","dateModified":"2026-04-30T08:56:23+00:00","description":"22ct Kokteyl y\u00fcz\u00fck koleksiyonumuzu ke\u015ffedin ve zamans\u0131z g\u00fczelli\u011fi en iyi \u015fekilde kucaklay\u0131n. Bu ayarlanabilir y\u00fcz\u00fc\u011f\u00fc bug\u00fcn online sat\u0131n al\u0131n.","breadcrumb":{"@id":"https:\/\/www.purejewels.com\/product\/22ct-gold-cocktail-adjustable-ring-46364\/#breadcrumb"},"inLanguage":"tr","potentialAction":[{"@type":"ReadAction","target":["https:\/\/www.purejewels.com\/product\/22ct-gold-cocktail-adjustable-ring-46364\/"]}]},{"@type":"ImageObject","inLanguage":"tr","@id":"https:\/\/www.purejewels.com\/product\/22ct-gold-cocktail-adjustable-ring-46364\/#primaryimage","url":"https:\/\/static.purejewels.com\/wp-content\/uploads\/2023\/05\/SKU-45041.jpg","contentUrl":"https:\/\/static.purejewels.com\/wp-content\/uploads\/2023\/05\/SKU-45041.jpg","caption":"22ct Gold Cocktail Adjustable Armari Collection Ring"},{"@type":"BreadcrumbList","@id":"https:\/\/www.purejewels.com\/product\/22ct-gold-cocktail-adjustable-ring-46364\/#breadcrumb","itemListElement":[{"@type":"ListItem","position":1,"name":"Home","item":"https:\/\/www.purejewels.com\/"},{"@type":"ListItem","position":2,"name":"Shop","item":"https:\/\/www.purejewels.com\/shop\/"},{"@type":"ListItem","position":3,"name":"22ct Gold Cocktail Adjustable Ring | Armari Collection"}]},{"@type":"WebSite","@id":"https:\/\/www.purejewels.com\/#website","url":"https:\/\/www.purejewels.com\/","name":"PureJewels \u0130ngiltere","description":"Sevgiyi Payla\u015f\u0131n","publisher":{"@id":"https:\/\/www.purejewels.com\/#organization"},"potentialAction":[{"@type":"SearchAction","target":{"@type":"EntryPoint","urlTemplate":"https:\/\/www.purejewels.com\/?s={search_term_string}"},"query-input":{"@type":"PropertyValueSpecification","valueRequired":true,"valueName":"search_term_string"}}],"inLanguage":"tr"},{"@type":"Organization","@id":"https:\/\/www.purejewels.com\/#organization","name":"PureJewels \u0130ngiltere","url":"https:\/\/www.purejewels.com\/","logo":{"@type":"ImageObject","inLanguage":"tr","@id":"https:\/\/www.purejewels.com\/#\/schema\/logo\/image\/","url":"https:\/\/static.purejewels.com\/wp-content\/uploads\/2020\/11\/Logo-PJ-New-1.png","contentUrl":"https:\/\/static.purejewels.com\/wp-content\/uploads\/2020\/11\/Logo-PJ-New-1.png","width":150,"height":80,"caption":"PureJewels UK"},"image":{"@id":"https:\/\/www.purejewels.com\/#\/schema\/logo\/image\/"}}]}},"_links":{"self":[{"href":"https:\/\/www.purejewels.com\/tr\/wp-json\/wp\/v2\/product\/350579","targetHints":{"allow":["GET"]}}],"collection":[{"href":"https:\/\/www.purejewels.com\/tr\/wp-json\/wp\/v2\/product"}],"about":[{"href":"https:\/\/www.purejewels.com\/tr\/wp-json\/wp\/v2\/types\/product"}],"replies":[{"embeddable":true,"href":"https:\/\/www.purejewels.com\/tr\/wp-json\/wp\/v2\/comments?post=350579"}],"version-history":[{"count":3,"href":"https:\/\/www.purejewels.com\/tr\/wp-json\/wp\/v2\/product\/350579\/revisions"}],"predecessor-version":[{"id":429229,"href":"https:\/\/www.purejewels.com\/tr\/wp-json\/wp\/v2\/product\/350579\/revisions\/429229"}],"wp:featuredmedia":[{"embeddable":true,"href":"https:\/\/www.purejewels.com\/tr\/wp-json\/wp\/v2\/media\/346905"}],"wp:attachment":[{"href":"https:\/\/www.purejewels.com\/tr\/wp-json\/wp\/v2\/media?parent=350579"}],"wp:term":[{"taxonomy":"product_brand","embeddable":true,"href":"https:\/\/www.purejewels.com\/tr\/wp-json\/wp\/v2\/product_brand?post=350579"},{"taxonomy":"product_cat","embeddable":true,"href":"https:\/\/www.purejewels.com\/tr\/wp-json\/wp\/v2\/product_cat?post=350579"},{"taxonomy":"product_tag","embeddable":true,"href":"https:\/\/www.purejewels.com\/tr\/wp-json\/wp\/v2\/product_tag?post=350579"}],"curies":[{"name":"wp","href":"https:\/\/api.w.org\/{rel}","templated":true}]}}