{"id":3506,"date":"2017-07-19T13:14:12","date_gmt":"2017-07-19T12:14:12","guid":{"rendered":"http:\/\/new.purejewels.com\/product\/liana-rings\/"},"modified":"2025-05-21T18:33:18","modified_gmt":"2025-05-21T17:33:18","slug":"liana-yuzukler","status":"publish","type":"product","link":"https:\/\/www.purejewels.com\/tr\/product\/liana-rings\/","title":{"rendered":"Liana Y\u00fcz\u00fckler"},"content":{"rendered":"<ul>\n<li>SKU 16476<\/li>\n<\/ul>","protected":false},"excerpt":{"rendered":"<h2>Liana p\u0131rlanta platin y\u00fcz\u00fck<\/h2>\n<p>Haval\u0131, \u00e7a\u011fda\u015f ve b\u00fcy\u00fcleyici: Liana \u015f\u0131k bir se\u00e7im.  Al\u0131\u015f\u0131lmad\u0131k merkez ta\u015f\u0131, t\u0131pk\u0131 onu takan kad\u0131n gibi al\u0131\u015f\u0131lmad\u0131k ve ilgin\u00e7 olan bu platin ni\u015fan y\u00fcz\u00fc\u011f\u00fcne yetenek kat\u0131yor.<\/p>\n<h2>Modern Hint ni\u015fan y\u00fcz\u00fckleri<\/h2>\n<p>Ni\u015fan y\u00fcz\u00fcklerimizin bir\u00e7o\u011fu klasik tarzdan esinlenirken (kraliyet filini temel alan Gaja gibi), Liana yetenekli tasar\u0131m ekibimizin elinden \u00e7\u0131kan modern bir tarzd\u0131r.  Romantik bir k\u0131r \u00e7i\u00e7e\u011fi bah\u00e7esi konseptine dayanan bu y\u00fcz\u00fc\u011f\u00fcn i\u00e7 i\u00e7e ge\u00e7mi\u015f dallar\u0131 romantik, oval bir p\u0131rlanta ta\u015f\u0131yor.<\/p>\n<p>Bu, Hint stilinin soyut bir yorumudur.  Ta\u015f\u0131 kucaklayan kendine \u00f6zg\u00fc elmas ayar\u0131 ile a\u015fk\u0131n ve g\u00fczelli\u011fin ne\u015feli bir kutlamas\u0131d\u0131r.  Liana'n\u0131n bol miktarda p\u0131rlanta ve ekstra b\u00fcy\u00fcleyicilik i\u00e7in nadir bulunan oval bir p\u0131rlanta ile i\u015flenmi\u015f son derece romantik ve \u015fehvetli bir y\u00fcz\u00fck oldu\u011funu d\u00fc\u015f\u00fcn\u00fcyoruz.<\/p>\n<h2>Moday\u0131 takip eden gelinler i\u00e7in bir ni\u015fan y\u00fcz\u00fc\u011f\u00fc<\/h2>\n<p>Liana, Floralia koleksiyonumuzdaki platin par\u00e7alarla uyumludur.  Bu ni\u015fan y\u00fcz\u00fc\u011f\u00fc 0,83 ct p\u0131rlantal\u0131 platinden \u00fcretilmi\u015ftir ve \u00f6m\u00fcr boyu tamamlay\u0131c\u0131 vale ile birlikte gelir.<\/p>\n<h2>Ni\u015fan y\u00fcz\u00fc\u011f\u00fcn\u00fcz i\u00e7in p\u0131rlanta se\u00e7imi<\/h2>\n<p>Elmaslar\u0131m\u0131z\u0131 Hindistan'\u0131n Surat kentindeki d\u00fcnyan\u0131n en iyi kesim merkezlerinden birinden temin ediyoruz.  Al\u0131c\u0131lar\u0131m\u0131z her fiyat aral\u0131\u011f\u0131nda en iyi ta\u015flar\u0131 se\u00e7mek i\u00e7in kontroller yapar.  Derecelendirilmemi\u015f kalite olan ate\u015fi ararlar.<\/p>\n<p>Y\u00fcz\u00fc\u011f\u00fcn\u00fcz\u00fc ki\u015fiselle\u015ftirmek i\u00e7in i\u00e7ine yerle\u015ftirilecek ta\u015f\u0131n karat\u0131n\u0131, rengini ve berrakl\u0131\u011f\u0131n\u0131 se\u00e7ebilirsiniz.  Bunu \u00e7evrimi\u00e7i olarak yapmak m\u00fcmk\u00fcnd\u00fcr - her bir derecelendirmenin ne anlama geldi\u011fini anlamak i\u00e7in P\u0131rlanta Ni\u015fan Y\u00fcz\u00fc\u011f\u00fc Sat\u0131n Alma K\u0131lavuzumuzu (sayfan\u0131n en alt\u0131na kayd\u0131r\u0131n) kullan\u0131n.<\/p>\n<p>Ancak se\u00e7ti\u011finiz a\u011f\u0131rl\u0131k, renk ve berrakl\u0131k ne olursa olsun, s\u0131n\u0131f\u0131n\u0131n en iyisi olan - bizim taraf\u0131m\u0131zdan se\u00e7ilen - bir ta\u015f alacaks\u0131n\u0131z.  \u0130sterseniz, ma\u011fazam\u0131za gelip gev\u015fek ta\u015flar\u0131m\u0131z\u0131 inceleyebilir ve hatta kendi p\u0131rlantan\u0131z\u0131 kendiniz se\u00e7ebilirsiniz.  Online sipari\u015f verdi\u011finiz takdirde, ta\u015f\u0131n\u0131z usta kuyumcumuz taraf\u0131ndan tek tek se\u00e7ilecek ve sadece sizin i\u00e7in y\u00fcz\u00fc\u011fe yerle\u015ftirilecektir.<\/p>\n<h2>P\u0131rlanta ni\u015fan y\u00fcz\u00fc\u011f\u00fcn\u00fcz\u00fcn sertifikaland\u0131r\u0131lmas\u0131<\/h2>\n<p>P\u0131rlantalar\u0131m\u0131z\u0131 test ve sertifikaland\u0131rma i\u00e7in Amerika De\u011ferli Ta\u015f Enstit\u00fcs\u00fc'ne g\u00f6nderiyoruz.  Ta\u015flar test uzmanlar\u0131 taraf\u0131ndan incelenir ve belirtilen en d\u00fc\u015f\u00fck derece (renk\/parlakl\u0131k) sertifikaya girilen derecedir.  Bu, p\u0131rlantan\u0131z\u0131n sertifikal\u0131 olandan daha iyi olabilece\u011fi, ancak asla daha az olamayaca\u011f\u0131 anlam\u0131na gelir.<\/p>\n<p>Her kuyumcu GIA'y\u0131 kullanmaz veya sertifika vermez; bu nedenle p\u0131rlanta y\u00fcz\u00fc\u011f\u00fcn\u00fcz\u00fc sat\u0131n al\u0131rken aradaki fark\u0131n fark\u0131nda olun.<\/p>\n<ul>\n<li>Platin P\u0131rlanta Y\u00fcz\u00fck<\/li>\n<li>P\u0131rlanta : 0.83ct<\/li>\n<li>K+ Beden Stoklar\u0131m\u0131zda<\/li>\n<li>T\u00fcm fiyatlara KDV dahildir<\/li>\n<li>Londra Tahlil Ofisi Taraf\u0131ndan Damgalanm\u0131\u015f 18 Ayar Alt\u0131n<\/li>\n<li>Sunum Kutusu ile Birlikte Gelir<\/li>\n<li>Teslimat Dahil<\/li>\n<li>Benzer Platin Alyanslar\u0131 g\u00f6rmek i\u00e7in bizimle ileti\u015fime ge\u00e7in \/ ma\u011fazam\u0131z\u0131 ziyaret edin Londra, \u0130ngiltere<\/li>\n<\/ul>","protected":false},"featured_media":3507,"comment_status":"closed","ping_status":"closed","template":"","meta":{"_eb_attr":"","_crsspst_to_jayantr4sg-hostcom":false},"product_brand":[],"product_cat":[253],"product_tag":[],"class_list":{"0":"post-3506","1":"product","2":"type-product","3":"status-publish","4":"has-post-thumbnail","6":"product_cat-floralia-collections","8":"first","9":"instock","10":"purchasable","11":"product-type-simple","12":"add-to-wishlist-before_image"},"yoast_head":"<!-- This site is optimized with the Yoast SEO plugin v27.5 - https:\/\/yoast.com\/product\/yoast-seo-wordpress\/ -->\n<title>Liana Modern Indian engagement rings - PureJewels<\/title>\n<meta name=\"description\" content=\"Cool, contemporary, and charming: Liana is a stylish choice.\u00a0 The unusual central stone brings flair to this platinum engagement ring, which is unconventional and interesting \u2013 just like the woman who wears it.\u00a0\" \/>\n<meta name=\"robots\" content=\"index, follow, max-snippet:-1, max-image-preview:large, max-video-preview:-1\" \/>\n<link rel=\"canonical\" href=\"https:\/\/www.purejewels.com\/tr\/urun\/liana-yuzukler\/\" \/>\n<meta property=\"og:locale\" content=\"tr_TR\" \/>\n<meta property=\"og:type\" content=\"article\" \/>\n<meta property=\"og:title\" content=\"Liana Modern Indian engagement rings - PureJewels\" \/>\n<meta property=\"og:description\" content=\"Cool, contemporary, and charming: Liana is a stylish choice.\u00a0 The unusual central stone brings flair to this platinum engagement ring, which is unconventional and interesting \u2013 just like the woman who wears it.\u00a0\" \/>\n<meta property=\"og:url\" content=\"https:\/\/www.purejewels.com\/tr\/urun\/liana-yuzukler\/\" \/>\n<meta property=\"og:site_name\" content=\"PureJewels UK\" \/>\n<meta property=\"article:modified_time\" content=\"2025-05-21T17:33:18+00:00\" \/>\n<meta property=\"og:image\" content=\"https:\/\/www.purejewels.com\/wp-content\/uploads\/2017\/07\/liana-rings-16476-a-2.jpg\" \/>\n\t<meta property=\"og:image:width\" content=\"960\" \/>\n\t<meta property=\"og:image:height\" content=\"960\" \/>\n\t<meta property=\"og:image:type\" content=\"image\/jpeg\" \/>\n<meta name=\"twitter:card\" content=\"summary_large_image\" \/>\n<script type=\"application\/ld+json\" class=\"yoast-schema-graph\">{\"@context\":\"https:\\\/\\\/schema.org\",\"@graph\":[{\"@type\":[\"WebPage\",\"ItemPage\"],\"@id\":\"https:\\\/\\\/www.purejewels.com\\\/product\\\/liana-rings\\\/\",\"url\":\"https:\\\/\\\/www.purejewels.com\\\/product\\\/liana-rings\\\/\",\"name\":\"Liana Modern Indian engagement rings - PureJewels\",\"isPartOf\":{\"@id\":\"https:\\\/\\\/www.purejewels.com\\\/#website\"},\"primaryImageOfPage\":{\"@id\":\"https:\\\/\\\/www.purejewels.com\\\/product\\\/liana-rings\\\/#primaryimage\"},\"image\":{\"@id\":\"https:\\\/\\\/www.purejewels.com\\\/product\\\/liana-rings\\\/#primaryimage\"},\"thumbnailUrl\":\"https:\\\/\\\/static.purejewels.com\\\/wp-content\\\/uploads\\\/2017\\\/07\\\/liana-rings-16476-a-2.jpg\",\"datePublished\":\"2017-07-19T12:14:12+00:00\",\"dateModified\":\"2025-05-21T17:33:18+00:00\",\"description\":\"Cool, contemporary, and charming: Liana is a stylish choice.\u00a0 The unusual central stone brings flair to this platinum engagement ring, which is unconventional and interesting \u2013 just like the woman who wears it.\u00a0\",\"breadcrumb\":{\"@id\":\"https:\\\/\\\/www.purejewels.com\\\/product\\\/liana-rings\\\/#breadcrumb\"},\"inLanguage\":\"tr\",\"potentialAction\":[{\"@type\":\"ReadAction\",\"target\":[\"https:\\\/\\\/www.purejewels.com\\\/product\\\/liana-rings\\\/\"]}]},{\"@type\":\"ImageObject\",\"inLanguage\":\"tr\",\"@id\":\"https:\\\/\\\/www.purejewels.com\\\/product\\\/liana-rings\\\/#primaryimage\",\"url\":\"https:\\\/\\\/static.purejewels.com\\\/wp-content\\\/uploads\\\/2017\\\/07\\\/liana-rings-16476-a-2.jpg\",\"contentUrl\":\"https:\\\/\\\/static.purejewels.com\\\/wp-content\\\/uploads\\\/2017\\\/07\\\/liana-rings-16476-a-2.jpg\",\"width\":960,\"height\":960,\"caption\":\"liana-rings-16476-a.jpg\"},{\"@type\":\"BreadcrumbList\",\"@id\":\"https:\\\/\\\/www.purejewels.com\\\/product\\\/liana-rings\\\/#breadcrumb\",\"itemListElement\":[{\"@type\":\"ListItem\",\"position\":1,\"name\":\"Home\",\"item\":\"https:\\\/\\\/www.purejewels.com\\\/\"},{\"@type\":\"ListItem\",\"position\":2,\"name\":\"Shop\",\"item\":\"https:\\\/\\\/www.purejewels.com\\\/shop\\\/\"},{\"@type\":\"ListItem\",\"position\":3,\"name\":\"Liana Rings\"}]},{\"@type\":\"WebSite\",\"@id\":\"https:\\\/\\\/www.purejewels.com\\\/#website\",\"url\":\"https:\\\/\\\/www.purejewels.com\\\/\",\"name\":\"PureJewels UK\",\"description\":\"Share the Love\",\"publisher\":{\"@id\":\"https:\\\/\\\/www.purejewels.com\\\/#organization\"},\"potentialAction\":[{\"@type\":\"SearchAction\",\"target\":{\"@type\":\"EntryPoint\",\"urlTemplate\":\"https:\\\/\\\/www.purejewels.com\\\/?s={search_term_string}\"},\"query-input\":{\"@type\":\"PropertyValueSpecification\",\"valueRequired\":true,\"valueName\":\"search_term_string\"}}],\"inLanguage\":\"tr\"},{\"@type\":\"Organization\",\"@id\":\"https:\\\/\\\/www.purejewels.com\\\/#organization\",\"name\":\"PureJewels UK\",\"url\":\"https:\\\/\\\/www.purejewels.com\\\/\",\"logo\":{\"@type\":\"ImageObject\",\"inLanguage\":\"tr\",\"@id\":\"https:\\\/\\\/www.purejewels.com\\\/#\\\/schema\\\/logo\\\/image\\\/\",\"url\":\"https:\\\/\\\/static.purejewels.com\\\/wp-content\\\/uploads\\\/2020\\\/11\\\/Logo-PJ-New-1.png\",\"contentUrl\":\"https:\\\/\\\/static.purejewels.com\\\/wp-content\\\/uploads\\\/2020\\\/11\\\/Logo-PJ-New-1.png\",\"width\":150,\"height\":80,\"caption\":\"PureJewels UK\"},\"image\":{\"@id\":\"https:\\\/\\\/www.purejewels.com\\\/#\\\/schema\\\/logo\\\/image\\\/\"}}]}<\/script>\n<!-- \/ Yoast SEO plugin. -->","yoast_head_json":{"title":"Liana Modern Hint Ni\u015fan Y\u00fcz\u00fckleri - PureJewels","description":"Haval\u0131, \u00e7a\u011fda\u015f ve b\u00fcy\u00fcleyici: Liana \u015f\u0131k bir se\u00e7im.  Al\u0131\u015f\u0131lmad\u0131k merkez ta\u015f\u0131, t\u0131pk\u0131 onu takan kad\u0131n gibi al\u0131\u015f\u0131lmad\u0131k ve ilgin\u00e7 olan bu platin ni\u015fan y\u00fcz\u00fc\u011f\u00fcne yetenek kat\u0131yor.\u00a0","robots":{"index":"index","follow":"follow","max-snippet":"max-snippet:-1","max-image-preview":"max-image-preview:large","max-video-preview":"max-video-preview:-1"},"canonical":"https:\/\/www.purejewels.com\/tr\/urun\/liana-yuzukler\/","og_locale":"tr_TR","og_type":"article","og_title":"Liana Modern Indian engagement rings - PureJewels","og_description":"Cool, contemporary, and charming: Liana is a stylish choice.\u00a0 The unusual central stone brings flair to this platinum engagement ring, which is unconventional and interesting \u2013 just like the woman who wears it.\u00a0","og_url":"https:\/\/www.purejewels.com\/tr\/urun\/liana-yuzukler\/","og_site_name":"PureJewels UK","article_modified_time":"2025-05-21T17:33:18+00:00","og_image":[{"width":960,"height":960,"url":"https:\/\/www.purejewels.com\/wp-content\/uploads\/2017\/07\/liana-rings-16476-a-2.jpg","type":"image\/jpeg"}],"twitter_card":"summary_large_image","schema":{"@context":"https:\/\/schema.org","@graph":[{"@type":["WebPage","ItemPage"],"@id":"https:\/\/www.purejewels.com\/product\/liana-rings\/","url":"https:\/\/www.purejewels.com\/product\/liana-rings\/","name":"Liana Modern Hint Ni\u015fan Y\u00fcz\u00fckleri - PureJewels","isPartOf":{"@id":"https:\/\/www.purejewels.com\/#website"},"primaryImageOfPage":{"@id":"https:\/\/www.purejewels.com\/product\/liana-rings\/#primaryimage"},"image":{"@id":"https:\/\/www.purejewels.com\/product\/liana-rings\/#primaryimage"},"thumbnailUrl":"https:\/\/static.purejewels.com\/wp-content\/uploads\/2017\/07\/liana-rings-16476-a-2.jpg","datePublished":"2017-07-19T12:14:12+00:00","dateModified":"2025-05-21T17:33:18+00:00","description":"Haval\u0131, \u00e7a\u011fda\u015f ve b\u00fcy\u00fcleyici: Liana \u015f\u0131k bir se\u00e7im.  Al\u0131\u015f\u0131lmad\u0131k merkez ta\u015f\u0131, t\u0131pk\u0131 onu takan kad\u0131n gibi al\u0131\u015f\u0131lmad\u0131k ve ilgin\u00e7 olan bu platin ni\u015fan y\u00fcz\u00fc\u011f\u00fcne yetenek kat\u0131yor.\u00a0","breadcrumb":{"@id":"https:\/\/www.purejewels.com\/product\/liana-rings\/#breadcrumb"},"inLanguage":"tr","potentialAction":[{"@type":"ReadAction","target":["https:\/\/www.purejewels.com\/product\/liana-rings\/"]}]},{"@type":"ImageObject","inLanguage":"tr","@id":"https:\/\/www.purejewels.com\/product\/liana-rings\/#primaryimage","url":"https:\/\/static.purejewels.com\/wp-content\/uploads\/2017\/07\/liana-rings-16476-a-2.jpg","contentUrl":"https:\/\/static.purejewels.com\/wp-content\/uploads\/2017\/07\/liana-rings-16476-a-2.jpg","width":960,"height":960,"caption":"liana-rings-16476-a.jpg"},{"@type":"BreadcrumbList","@id":"https:\/\/www.purejewels.com\/product\/liana-rings\/#breadcrumb","itemListElement":[{"@type":"ListItem","position":1,"name":"Home","item":"https:\/\/www.purejewels.com\/"},{"@type":"ListItem","position":2,"name":"Shop","item":"https:\/\/www.purejewels.com\/shop\/"},{"@type":"ListItem","position":3,"name":"Liana Rings"}]},{"@type":"WebSite","@id":"https:\/\/www.purejewels.com\/#website","url":"https:\/\/www.purejewels.com\/","name":"PureJewels \u0130ngiltere","description":"Sevgiyi Payla\u015f\u0131n","publisher":{"@id":"https:\/\/www.purejewels.com\/#organization"},"potentialAction":[{"@type":"SearchAction","target":{"@type":"EntryPoint","urlTemplate":"https:\/\/www.purejewels.com\/?s={search_term_string}"},"query-input":{"@type":"PropertyValueSpecification","valueRequired":true,"valueName":"search_term_string"}}],"inLanguage":"tr"},{"@type":"Organization","@id":"https:\/\/www.purejewels.com\/#organization","name":"PureJewels \u0130ngiltere","url":"https:\/\/www.purejewels.com\/","logo":{"@type":"ImageObject","inLanguage":"tr","@id":"https:\/\/www.purejewels.com\/#\/schema\/logo\/image\/","url":"https:\/\/static.purejewels.com\/wp-content\/uploads\/2020\/11\/Logo-PJ-New-1.png","contentUrl":"https:\/\/static.purejewels.com\/wp-content\/uploads\/2020\/11\/Logo-PJ-New-1.png","width":150,"height":80,"caption":"PureJewels UK"},"image":{"@id":"https:\/\/www.purejewels.com\/#\/schema\/logo\/image\/"}}]}},"_links":{"self":[{"href":"https:\/\/www.purejewels.com\/tr\/wp-json\/wp\/v2\/product\/3506","targetHints":{"allow":["GET"]}}],"collection":[{"href":"https:\/\/www.purejewels.com\/tr\/wp-json\/wp\/v2\/product"}],"about":[{"href":"https:\/\/www.purejewels.com\/tr\/wp-json\/wp\/v2\/types\/product"}],"replies":[{"embeddable":true,"href":"https:\/\/www.purejewels.com\/tr\/wp-json\/wp\/v2\/comments?post=3506"}],"version-history":[{"count":1,"href":"https:\/\/www.purejewels.com\/tr\/wp-json\/wp\/v2\/product\/3506\/revisions"}],"predecessor-version":[{"id":396592,"href":"https:\/\/www.purejewels.com\/tr\/wp-json\/wp\/v2\/product\/3506\/revisions\/396592"}],"wp:featuredmedia":[{"embeddable":true,"href":"https:\/\/www.purejewels.com\/tr\/wp-json\/wp\/v2\/media\/3507"}],"wp:attachment":[{"href":"https:\/\/www.purejewels.com\/tr\/wp-json\/wp\/v2\/media?parent=3506"}],"wp:term":[{"taxonomy":"product_brand","embeddable":true,"href":"https:\/\/www.purejewels.com\/tr\/wp-json\/wp\/v2\/product_brand?post=3506"},{"taxonomy":"product_cat","embeddable":true,"href":"https:\/\/www.purejewels.com\/tr\/wp-json\/wp\/v2\/product_cat?post=3506"},{"taxonomy":"product_tag","embeddable":true,"href":"https:\/\/www.purejewels.com\/tr\/wp-json\/wp\/v2\/product_tag?post=3506"}],"curies":[{"name":"wp","href":"https:\/\/api.w.org\/{rel}","templated":true}]}}