{"id":350665,"date":"2023-08-01T06:26:13","date_gmt":"2023-08-01T05:26:13","guid":{"rendered":"https:\/\/www.purejewels.com\/?post_type=product&#038;p=350665"},"modified":"2026-02-13T12:56:38","modified_gmt":"2026-02-13T12:56:38","slug":"rudraksh-altin-bilezik-48372","status":"publish","type":"product","link":"https:\/\/www.purejewels.com\/tr\/product\/rudraksh-gold-bracelet-48372\/","title":{"rendered":"Rudraksh Alt\u0131n Bileklik"},"content":{"rendered":"<p data-start=\"419\" data-end=\"897\">Ruhani yolculu\u011funuzu bizim ile y\u00fckseltin <strong data-start=\"459\" data-end=\"493\">El yap\u0131m\u0131 <a href=\"https:\/\/www.purejewels.com\/tr\/product\/22ct-gold-bracelet-with-rudraksha-48775\/\">Rudraksha Bileklik<\/a><\/strong>Her an huzur ve denge sunmak i\u00e7in tasarlanm\u0131\u015ft\u0131r. Her bir boncuk safl\u0131\u011f\u0131 ve do\u011fal dokusu i\u00e7in titizlikle se\u00e7ilmi\u015f, moday\u0131 a\u015fan ve g\u00fcnl\u00fck sa\u011fl\u0131k rit\u00fcelinizin bir par\u00e7as\u0131 haline gelen bir par\u00e7a yaratmak i\u00e7in \u00f6zenle bir araya getirilmi\u015ftir. Vedik geleneklerdeki ruhani \u00f6nemiyle bilinen Rudraksha boncuklar\u0131n\u0131n kullan\u0131c\u0131y\u0131 korudu\u011funa, berrakl\u0131\u011f\u0131 art\u0131rd\u0131\u011f\u0131na ve pozitif enerjiyi \u00e7ekti\u011fine inan\u0131l\u0131r.<\/p>\n<p data-start=\"899\" data-end=\"1162\">Meditasyon, bilin\u00e7li ya\u015fam veya anlaml\u0131 bir hediye i\u00e7in m\u00fckemmel olan bu <a href=\"https:\/\/www.purejewels.com\/tr\/product-category\/22ct-gold-jewellery\/gold-bracelet\/\">Bilezik<\/a> Gelenekselli\u011fi minimalist \u015f\u0131kl\u0131kla kusursuz bir \u015fekilde harmanlar. Erkekler ve kad\u0131nlar i\u00e7in uygundur.<\/p>","protected":false},"excerpt":{"rendered":"<p>Otantik Rudraksha Bilekli\u011fimiz ile maneviyat\u0131n zamans\u0131z g\u00fcc\u00fcn\u00fc kucaklay\u0131n. Do\u011fal Rudraksha boncuklar\u0131yla \u00f6zenle dizilmi\u015f olan bu bileklik bar\u0131\u015f, koruma ve ruhani uyan\u0131\u015f\u0131n sembol\u00fcd\u00fcr - gelenek ve zarafetin m\u00fckemmel bir uyumu.<\/p>\n<p><strong>Malzeme:<\/strong>\u00a022 Ayar Alt\u0131n<strong><br \/>\nHallmark:\u00a0<\/strong>\u0130ngiliz Damgas\u0131<strong><br \/>\n<\/strong><strong>Br\u00fct A\u011f\u0131rl\u0131k: <\/strong>10.10 Gms<br \/>\n<strong>Net A\u011f\u0131rl\u0131k: <\/strong>8.90 Gms<br \/>\n<strong>SKU:<\/strong> 48372<\/p>\n<p><strong>Fiyat ve Teslimat<\/strong>: KDV ve teslimat \u00fccreti dahil<br \/>\n<a href=\"https:\/\/www.purejewels.com\/tr\/i%cc%87ade-poli%cc%87ti%cc%87kasi\/\">\u0130ade Politikas\u0131<\/a><\/p>","protected":false},"featured_media":403233,"comment_status":"closed","ping_status":"closed","template":"","meta":{"_eb_attr":"","_crsspst_to_jayantr4sg-hostcom":true},"product_brand":[],"product_cat":[5441,1571,1324,1627,1229,1572,1628,5349],"product_tag":[],"class_list":{"0":"post-350665","1":"product","2":"type-product","3":"status-publish","4":"has-post-thumbnail","6":"product_cat-gold-bead-bracelets","7":"product_cat-fathers-day-gifts","8":"product_cat-gold-bracelet","9":"product_cat-ladies-bracelet","10":"product_cat-22ct-gold-jewellery","11":"product_cat-mens-jewellery","12":"product_cat-mens-bracelet","13":"product_cat-yellow-gold-jewellery","15":"first","16":"instock","17":"taxable","18":"shipping-taxable","19":"purchasable","20":"product-type-simple","21":"add-to-wishlist-before_image"},"yoast_head":"<!-- This site is optimized with the Yoast SEO plugin v27.5 - https:\/\/yoast.com\/product\/yoast-seo-wordpress\/ -->\n<title>Unisex Rudraksh Gold Bracelet | PureJewels Uk<\/title>\n<meta name=\"description\" content=\"Elevate your ensemble and feed your soul with the captivating allure of our 22ct Gold Rudraksha Bracelet with a lobster hook.\" \/>\n<meta name=\"robots\" content=\"index, follow, max-snippet:-1, max-image-preview:large, max-video-preview:-1\" \/>\n<link rel=\"canonical\" href=\"https:\/\/www.purejewels.com\/tr\/urun\/rudraksh-altin-bilezik-48372\/\" \/>\n<meta property=\"og:locale\" content=\"tr_TR\" \/>\n<meta property=\"og:type\" content=\"article\" \/>\n<meta property=\"og:title\" content=\"Unisex Rudraksh Gold Bracelet | PureJewels Uk\" \/>\n<meta property=\"og:description\" content=\"Elevate your ensemble and feed your soul with the captivating allure of our 22ct Gold Rudraksha Bracelet with a lobster hook.\" \/>\n<meta property=\"og:url\" content=\"https:\/\/www.purejewels.com\/tr\/urun\/rudraksh-altin-bilezik-48372\/\" \/>\n<meta property=\"og:site_name\" content=\"PureJewels UK\" \/>\n<meta property=\"article:modified_time\" content=\"2026-02-13T12:56:38+00:00\" \/>\n<meta property=\"og:image\" content=\"https:\/\/static.purejewels.com\/wp-content\/uploads\/2023\/08\/SKU-48372.jpg\" \/>\n\t<meta property=\"og:image:width\" content=\"1000\" \/>\n\t<meta property=\"og:image:height\" content=\"1000\" \/>\n\t<meta property=\"og:image:type\" content=\"image\/jpeg\" \/>\n<meta name=\"twitter:card\" content=\"summary_large_image\" \/>\n<meta name=\"twitter:label1\" content=\"Tahmini okuma s\u00fcresi\" \/>\n\t<meta name=\"twitter:data1\" content=\"1 dakika\" \/>\n<script type=\"application\/ld+json\" class=\"yoast-schema-graph\">{\"@context\":\"https:\\\/\\\/schema.org\",\"@graph\":[{\"@type\":[\"WebPage\",\"ItemPage\"],\"@id\":\"https:\\\/\\\/www.purejewels.com\\\/product\\\/rudraksh-gold-bracelet-48372\\\/\",\"url\":\"https:\\\/\\\/www.purejewels.com\\\/product\\\/rudraksh-gold-bracelet-48372\\\/\",\"name\":\"Unisex Rudraksh Gold Bracelet | PureJewels Uk\",\"isPartOf\":{\"@id\":\"https:\\\/\\\/www.purejewels.com\\\/#website\"},\"primaryImageOfPage\":{\"@id\":\"https:\\\/\\\/www.purejewels.com\\\/product\\\/rudraksh-gold-bracelet-48372\\\/#primaryimage\"},\"image\":{\"@id\":\"https:\\\/\\\/www.purejewels.com\\\/product\\\/rudraksh-gold-bracelet-48372\\\/#primaryimage\"},\"thumbnailUrl\":\"https:\\\/\\\/static.purejewels.com\\\/wp-content\\\/uploads\\\/2023\\\/08\\\/SKU-48372.jpg\",\"datePublished\":\"2023-08-01T05:26:13+00:00\",\"dateModified\":\"2026-02-13T12:56:38+00:00\",\"description\":\"Elevate your ensemble and feed your soul with the captivating allure of our 22ct Gold Rudraksha Bracelet with a lobster hook.\",\"breadcrumb\":{\"@id\":\"https:\\\/\\\/www.purejewels.com\\\/product\\\/rudraksh-gold-bracelet-48372\\\/#breadcrumb\"},\"inLanguage\":\"tr\",\"potentialAction\":[{\"@type\":\"ReadAction\",\"target\":[\"https:\\\/\\\/www.purejewels.com\\\/product\\\/rudraksh-gold-bracelet-48372\\\/\"]}]},{\"@type\":\"ImageObject\",\"inLanguage\":\"tr\",\"@id\":\"https:\\\/\\\/www.purejewels.com\\\/product\\\/rudraksh-gold-bracelet-48372\\\/#primaryimage\",\"url\":\"https:\\\/\\\/static.purejewels.com\\\/wp-content\\\/uploads\\\/2023\\\/08\\\/SKU-48372.jpg\",\"contentUrl\":\"https:\\\/\\\/static.purejewels.com\\\/wp-content\\\/uploads\\\/2023\\\/08\\\/SKU-48372.jpg\",\"width\":1000,\"height\":1000,\"caption\":\"Rudraksh Gold Bracelet\"},{\"@type\":\"BreadcrumbList\",\"@id\":\"https:\\\/\\\/www.purejewels.com\\\/product\\\/rudraksh-gold-bracelet-48372\\\/#breadcrumb\",\"itemListElement\":[{\"@type\":\"ListItem\",\"position\":1,\"name\":\"Home\",\"item\":\"https:\\\/\\\/www.purejewels.com\\\/\"},{\"@type\":\"ListItem\",\"position\":2,\"name\":\"Shop\",\"item\":\"https:\\\/\\\/www.purejewels.com\\\/shop\\\/\"},{\"@type\":\"ListItem\",\"position\":3,\"name\":\"Rudraksh Gold Bracelet\"}]},{\"@type\":\"WebSite\",\"@id\":\"https:\\\/\\\/www.purejewels.com\\\/#website\",\"url\":\"https:\\\/\\\/www.purejewels.com\\\/\",\"name\":\"PureJewels UK\",\"description\":\"Share the Love\",\"publisher\":{\"@id\":\"https:\\\/\\\/www.purejewels.com\\\/#organization\"},\"potentialAction\":[{\"@type\":\"SearchAction\",\"target\":{\"@type\":\"EntryPoint\",\"urlTemplate\":\"https:\\\/\\\/www.purejewels.com\\\/?s={search_term_string}\"},\"query-input\":{\"@type\":\"PropertyValueSpecification\",\"valueRequired\":true,\"valueName\":\"search_term_string\"}}],\"inLanguage\":\"tr\"},{\"@type\":\"Organization\",\"@id\":\"https:\\\/\\\/www.purejewels.com\\\/#organization\",\"name\":\"PureJewels UK\",\"url\":\"https:\\\/\\\/www.purejewels.com\\\/\",\"logo\":{\"@type\":\"ImageObject\",\"inLanguage\":\"tr\",\"@id\":\"https:\\\/\\\/www.purejewels.com\\\/#\\\/schema\\\/logo\\\/image\\\/\",\"url\":\"https:\\\/\\\/static.purejewels.com\\\/wp-content\\\/uploads\\\/2020\\\/11\\\/Logo-PJ-New-1.png\",\"contentUrl\":\"https:\\\/\\\/static.purejewels.com\\\/wp-content\\\/uploads\\\/2020\\\/11\\\/Logo-PJ-New-1.png\",\"width\":150,\"height\":80,\"caption\":\"PureJewels UK\"},\"image\":{\"@id\":\"https:\\\/\\\/www.purejewels.com\\\/#\\\/schema\\\/logo\\\/image\\\/\"}}]}<\/script>\n<!-- \/ Yoast SEO plugin. -->","yoast_head_json":{"title":"Unisex Rudraksh Alt\u0131n Bileklik | PureJewels Uk","description":"Istakoz kancal\u0131 22 Ayar Alt\u0131n Rudraksha Bilekli\u011fimizin b\u00fcy\u00fcleyici cazibesiyle tak\u0131m\u0131n\u0131z\u0131 y\u00fckseltin ve ruhunuzu besleyin.","robots":{"index":"index","follow":"follow","max-snippet":"max-snippet:-1","max-image-preview":"max-image-preview:large","max-video-preview":"max-video-preview:-1"},"canonical":"https:\/\/www.purejewels.com\/tr\/urun\/rudraksh-altin-bilezik-48372\/","og_locale":"tr_TR","og_type":"article","og_title":"Unisex Rudraksh Gold Bracelet | PureJewels Uk","og_description":"Elevate your ensemble and feed your soul with the captivating allure of our 22ct Gold Rudraksha Bracelet with a lobster hook.","og_url":"https:\/\/www.purejewels.com\/tr\/urun\/rudraksh-altin-bilezik-48372\/","og_site_name":"PureJewels UK","article_modified_time":"2026-02-13T12:56:38+00:00","og_image":[{"width":1000,"height":1000,"url":"https:\/\/static.purejewels.com\/wp-content\/uploads\/2023\/08\/SKU-48372.jpg","type":"image\/jpeg"}],"twitter_card":"summary_large_image","twitter_misc":{"Tahmini okuma s\u00fcresi":"1 dakika"},"schema":{"@context":"https:\/\/schema.org","@graph":[{"@type":["WebPage","ItemPage"],"@id":"https:\/\/www.purejewels.com\/product\/rudraksh-gold-bracelet-48372\/","url":"https:\/\/www.purejewels.com\/product\/rudraksh-gold-bracelet-48372\/","name":"Unisex Rudraksh Alt\u0131n Bileklik | PureJewels Uk","isPartOf":{"@id":"https:\/\/www.purejewels.com\/#website"},"primaryImageOfPage":{"@id":"https:\/\/www.purejewels.com\/product\/rudraksh-gold-bracelet-48372\/#primaryimage"},"image":{"@id":"https:\/\/www.purejewels.com\/product\/rudraksh-gold-bracelet-48372\/#primaryimage"},"thumbnailUrl":"https:\/\/static.purejewels.com\/wp-content\/uploads\/2023\/08\/SKU-48372.jpg","datePublished":"2023-08-01T05:26:13+00:00","dateModified":"2026-02-13T12:56:38+00:00","description":"Istakoz kancal\u0131 22 Ayar Alt\u0131n Rudraksha Bilekli\u011fimizin b\u00fcy\u00fcleyici cazibesiyle tak\u0131m\u0131n\u0131z\u0131 y\u00fckseltin ve ruhunuzu besleyin.","breadcrumb":{"@id":"https:\/\/www.purejewels.com\/product\/rudraksh-gold-bracelet-48372\/#breadcrumb"},"inLanguage":"tr","potentialAction":[{"@type":"ReadAction","target":["https:\/\/www.purejewels.com\/product\/rudraksh-gold-bracelet-48372\/"]}]},{"@type":"ImageObject","inLanguage":"tr","@id":"https:\/\/www.purejewels.com\/product\/rudraksh-gold-bracelet-48372\/#primaryimage","url":"https:\/\/static.purejewels.com\/wp-content\/uploads\/2023\/08\/SKU-48372.jpg","contentUrl":"https:\/\/static.purejewels.com\/wp-content\/uploads\/2023\/08\/SKU-48372.jpg","width":1000,"height":1000,"caption":"Rudraksh Gold Bracelet"},{"@type":"BreadcrumbList","@id":"https:\/\/www.purejewels.com\/product\/rudraksh-gold-bracelet-48372\/#breadcrumb","itemListElement":[{"@type":"ListItem","position":1,"name":"Home","item":"https:\/\/www.purejewels.com\/"},{"@type":"ListItem","position":2,"name":"Shop","item":"https:\/\/www.purejewels.com\/shop\/"},{"@type":"ListItem","position":3,"name":"Rudraksh Gold Bracelet"}]},{"@type":"WebSite","@id":"https:\/\/www.purejewels.com\/#website","url":"https:\/\/www.purejewels.com\/","name":"PureJewels \u0130ngiltere","description":"Sevgiyi Payla\u015f\u0131n","publisher":{"@id":"https:\/\/www.purejewels.com\/#organization"},"potentialAction":[{"@type":"SearchAction","target":{"@type":"EntryPoint","urlTemplate":"https:\/\/www.purejewels.com\/?s={search_term_string}"},"query-input":{"@type":"PropertyValueSpecification","valueRequired":true,"valueName":"search_term_string"}}],"inLanguage":"tr"},{"@type":"Organization","@id":"https:\/\/www.purejewels.com\/#organization","name":"PureJewels \u0130ngiltere","url":"https:\/\/www.purejewels.com\/","logo":{"@type":"ImageObject","inLanguage":"tr","@id":"https:\/\/www.purejewels.com\/#\/schema\/logo\/image\/","url":"https:\/\/static.purejewels.com\/wp-content\/uploads\/2020\/11\/Logo-PJ-New-1.png","contentUrl":"https:\/\/static.purejewels.com\/wp-content\/uploads\/2020\/11\/Logo-PJ-New-1.png","width":150,"height":80,"caption":"PureJewels UK"},"image":{"@id":"https:\/\/www.purejewels.com\/#\/schema\/logo\/image\/"}}]}},"_links":{"self":[{"href":"https:\/\/www.purejewels.com\/tr\/wp-json\/wp\/v2\/product\/350665","targetHints":{"allow":["GET"]}}],"collection":[{"href":"https:\/\/www.purejewels.com\/tr\/wp-json\/wp\/v2\/product"}],"about":[{"href":"https:\/\/www.purejewels.com\/tr\/wp-json\/wp\/v2\/types\/product"}],"replies":[{"embeddable":true,"href":"https:\/\/www.purejewels.com\/tr\/wp-json\/wp\/v2\/comments?post=350665"}],"version-history":[{"count":3,"href":"https:\/\/www.purejewels.com\/tr\/wp-json\/wp\/v2\/product\/350665\/revisions"}],"predecessor-version":[{"id":403235,"href":"https:\/\/www.purejewels.com\/tr\/wp-json\/wp\/v2\/product\/350665\/revisions\/403235"}],"wp:featuredmedia":[{"embeddable":true,"href":"https:\/\/www.purejewels.com\/tr\/wp-json\/wp\/v2\/media\/403233"}],"wp:attachment":[{"href":"https:\/\/www.purejewels.com\/tr\/wp-json\/wp\/v2\/media?parent=350665"}],"wp:term":[{"taxonomy":"product_brand","embeddable":true,"href":"https:\/\/www.purejewels.com\/tr\/wp-json\/wp\/v2\/product_brand?post=350665"},{"taxonomy":"product_cat","embeddable":true,"href":"https:\/\/www.purejewels.com\/tr\/wp-json\/wp\/v2\/product_cat?post=350665"},{"taxonomy":"product_tag","embeddable":true,"href":"https:\/\/www.purejewels.com\/tr\/wp-json\/wp\/v2\/product_tag?post=350665"}],"curies":[{"name":"wp","href":"https:\/\/api.w.org\/{rel}","templated":true}]}}