{"id":350671,"date":"2024-09-01T06:51:11","date_gmt":"2024-09-01T05:51:11","guid":{"rendered":"https:\/\/www.purejewels.com\/?post_type=product&#038;p=350671"},"modified":"2026-01-06T09:47:39","modified_gmt":"2026-01-06T09:47:39","slug":"rodyum-kaplamali-22-ayar-altin-bilezik-43581","status":"publish","type":"product","link":"https:\/\/www.purejewels.com\/tr\/product\/22ct-gold-bracelet-with-rhodium-finish-43581\/","title":{"rendered":"Rodyum Kaplamal\u0131 22 Ayar Alt\u0131n Bileklik"},"content":{"rendered":"<ul>\n<li>SKU. 43581<\/li>\n<li><b>Aral\u0131k Kimli\u011fi <\/b>YGBR104<\/li>\n<\/ul>","protected":false},"excerpt":{"rendered":"<table class=\"sh_desc\" style=\"width: 100%;height: 241px\">\n<tbody>\n<tr style=\"height: 27px\">\n<td style=\"height: 27px\">Bilezik T\u00fcr\u00fc<\/td>\n<td style=\"height: 27px\">Rodyum Kaplamal\u0131 Fantezi Bileklik<\/td>\n<\/tr>\n<tr style=\"height: 27px\">\n<td style=\"height: 27px\">SKU<\/td>\n<td style=\"height: 27px\">43581<\/td>\n<\/tr>\n<tr style=\"height: 27px\">\n<td style=\"height: 27px\">A\u011f\u0131rl\u0131k<\/td>\n<td style=\"height: 27px\">7.6 Gms<\/td>\n<\/tr>\n<tr style=\"height: 27px\">\n<td style=\"height: 27px\">Boyut<\/td>\n<td style=\"height: 27px\">2.4<\/td>\n<\/tr>\n<tr style=\"height: 27px\">\n<td style=\"height: 27px\">Metal<\/td>\n<td style=\"height: 27px\">22 Ayar Alt\u0131n<\/td>\n<\/tr>\n<tr style=\"height: 27px\">\n<td style=\"height: 27px\">Hallmark<\/td>\n<td style=\"height: 27px\">Londra Tahlil Ofisi Taraf\u0131ndan Damgalanm\u0131\u015f 22 Ayar Alt\u0131n<\/td>\n<\/tr>\n<tr style=\"height: 27px\">\n<td style=\"height: 27px\">\u00dccretler<\/td>\n<td style=\"height: 27px\">Teslimat ve KDV Dahil<\/td>\n<\/tr>\n<tr style=\"height: 27px\">\n<td style=\"height: 27px\">Paketleme<\/td>\n<td style=\"height: 27px\">Sunum Kutusu ile Birlikte Gelir<\/td>\n<\/tr>\n<tr style=\"height: 25px\">\n<td style=\"height: 25px\">Daha Fazla Bilgi<\/td>\n<td style=\"height: 25px\">\n<ul>\n<li>Diwali hediyelerinin mevcudiyeti ve daha fazla g\u00f6rsel i\u00e7in bizimle canl\u0131 sohbet edin<\/li>\n<\/ul>\n<\/td>\n<\/tr>\n<\/tbody>\n<\/table>","protected":false},"featured_media":350672,"comment_status":"closed","ping_status":"closed","template":"","meta":{"_eb_attr":"","_crsspst_to_jayantr4sg-hostcom":true},"product_brand":[],"product_cat":[1791,1559,1793,1792,1324,1627,1570,1573,5439,1574],"product_tag":[5634,1430],"class_list":{"0":"post-350671","1":"product","2":"type-product","3":"status-publish","4":"has-post-thumbnail","6":"product_cat-anniversary-gifts","7":"product_cat-birthday-gifts","8":"product_cat-diwali-gifts","9":"product_cat-festival-gifts","10":"product_cat-gold-bracelet","11":"product_cat-ladies-bracelet","12":"product_cat-mothers-day-gifts","13":"product_cat-wedding-gifts","14":"product_cat-wire-bracelet","15":"product_cat-womens-jewellery","16":"product_tag-22ct-gold-bracelet-for-ladies","17":"product_tag-diwali-gift","19":"first","20":"outofstock","21":"sale","22":"taxable","23":"shipping-taxable","24":"product-type-simple","25":"add-to-wishlist-before_image"},"yoast_head":"<!-- This site is optimized with the Yoast SEO plugin v27.3 - https:\/\/yoast.com\/product\/yoast-seo-wordpress\/ -->\n<title>Women Fancy Bracelet with Rhodium Finish In UK<\/title>\n<meta name=\"description\" content=\"Buy online Women Fancy Bracelet with Rhodium Finish In UK. This elegant bracelet is made of high-quality materials and features a beautiful rhodium finish.\" \/>\n<meta name=\"robots\" content=\"index, follow, max-snippet:-1, max-image-preview:large, max-video-preview:-1\" \/>\n<link rel=\"canonical\" href=\"https:\/\/www.purejewels.com\/tr\/urun\/rodyum-kaplamali-22-ayar-altin-bilezik-43581\/\" \/>\n<meta property=\"og:locale\" content=\"tr_TR\" \/>\n<meta property=\"og:type\" content=\"article\" \/>\n<meta property=\"og:title\" content=\"Women Fancy Bracelet with Rhodium Finish In UK\" \/>\n<meta property=\"og:description\" content=\"Buy online Women Fancy Bracelet with Rhodium Finish In UK. This elegant bracelet is made of high-quality materials and features a beautiful rhodium finish.\" \/>\n<meta property=\"og:url\" content=\"https:\/\/www.purejewels.com\/tr\/urun\/rodyum-kaplamali-22-ayar-altin-bilezik-43581\/\" \/>\n<meta property=\"og:site_name\" content=\"PureJewels UK\" \/>\n<meta property=\"article:modified_time\" content=\"2026-01-06T09:47:39+00:00\" \/>\n<meta property=\"og:image\" content=\"https:\/\/www.purejewels.com\/wp-content\/uploads\/2023\/09\/43581.jpg\" \/>\n\t<meta property=\"og:image:width\" content=\"1000\" \/>\n\t<meta property=\"og:image:height\" content=\"1000\" \/>\n\t<meta property=\"og:image:type\" content=\"image\/jpeg\" \/>\n<meta name=\"twitter:card\" content=\"summary_large_image\" \/>\n<meta name=\"twitter:label1\" content=\"Tahmini okuma s\u00fcresi\" \/>\n\t<meta name=\"twitter:data1\" content=\"1 dakika\" \/>\n<script type=\"application\/ld+json\" class=\"yoast-schema-graph\">{\"@context\":\"https:\\\/\\\/schema.org\",\"@graph\":[{\"@type\":[\"WebPage\",\"ItemPage\"],\"@id\":\"https:\\\/\\\/www.purejewels.com\\\/product\\\/22ct-gold-bracelet-with-rhodium-finish-43581\\\/\",\"url\":\"https:\\\/\\\/www.purejewels.com\\\/product\\\/22ct-gold-bracelet-with-rhodium-finish-43581\\\/\",\"name\":\"Women Fancy Bracelet with Rhodium Finish In UK\",\"isPartOf\":{\"@id\":\"https:\\\/\\\/www.purejewels.com\\\/#website\"},\"primaryImageOfPage\":{\"@id\":\"https:\\\/\\\/www.purejewels.com\\\/product\\\/22ct-gold-bracelet-with-rhodium-finish-43581\\\/#primaryimage\"},\"image\":{\"@id\":\"https:\\\/\\\/www.purejewels.com\\\/product\\\/22ct-gold-bracelet-with-rhodium-finish-43581\\\/#primaryimage\"},\"thumbnailUrl\":\"https:\\\/\\\/static.purejewels.com\\\/wp-content\\\/uploads\\\/2023\\\/09\\\/43581.jpg\",\"datePublished\":\"2024-09-01T05:51:11+00:00\",\"dateModified\":\"2026-01-06T09:47:39+00:00\",\"description\":\"Buy online Women Fancy Bracelet with Rhodium Finish In UK. This elegant bracelet is made of high-quality materials and features a beautiful rhodium finish.\",\"breadcrumb\":{\"@id\":\"https:\\\/\\\/www.purejewels.com\\\/product\\\/22ct-gold-bracelet-with-rhodium-finish-43581\\\/#breadcrumb\"},\"inLanguage\":\"tr\",\"potentialAction\":[{\"@type\":\"ReadAction\",\"target\":[\"https:\\\/\\\/www.purejewels.com\\\/product\\\/22ct-gold-bracelet-with-rhodium-finish-43581\\\/\"]}]},{\"@type\":\"ImageObject\",\"inLanguage\":\"tr\",\"@id\":\"https:\\\/\\\/www.purejewels.com\\\/product\\\/22ct-gold-bracelet-with-rhodium-finish-43581\\\/#primaryimage\",\"url\":\"https:\\\/\\\/static.purejewels.com\\\/wp-content\\\/uploads\\\/2023\\\/09\\\/43581.jpg\",\"contentUrl\":\"https:\\\/\\\/static.purejewels.com\\\/wp-content\\\/uploads\\\/2023\\\/09\\\/43581.jpg\",\"width\":1000,\"height\":1000,\"caption\":\"22ct Gold Bracelet with Rhodium Finish\"},{\"@type\":\"BreadcrumbList\",\"@id\":\"https:\\\/\\\/www.purejewels.com\\\/product\\\/22ct-gold-bracelet-with-rhodium-finish-43581\\\/#breadcrumb\",\"itemListElement\":[{\"@type\":\"ListItem\",\"position\":1,\"name\":\"Home\",\"item\":\"https:\\\/\\\/www.purejewels.com\\\/\"},{\"@type\":\"ListItem\",\"position\":2,\"name\":\"Shop\",\"item\":\"https:\\\/\\\/www.purejewels.com\\\/shop\\\/\"},{\"@type\":\"ListItem\",\"position\":3,\"name\":\"22ct Gold Bracelet with Rhodium Finish\"}]},{\"@type\":\"WebSite\",\"@id\":\"https:\\\/\\\/www.purejewels.com\\\/#website\",\"url\":\"https:\\\/\\\/www.purejewels.com\\\/\",\"name\":\"PureJewels UK\",\"description\":\"Share the Love\",\"publisher\":{\"@id\":\"https:\\\/\\\/www.purejewels.com\\\/#organization\"},\"potentialAction\":[{\"@type\":\"SearchAction\",\"target\":{\"@type\":\"EntryPoint\",\"urlTemplate\":\"https:\\\/\\\/www.purejewels.com\\\/?s={search_term_string}\"},\"query-input\":{\"@type\":\"PropertyValueSpecification\",\"valueRequired\":true,\"valueName\":\"search_term_string\"}}],\"inLanguage\":\"tr\"},{\"@type\":\"Organization\",\"@id\":\"https:\\\/\\\/www.purejewels.com\\\/#organization\",\"name\":\"PureJewels UK\",\"url\":\"https:\\\/\\\/www.purejewels.com\\\/\",\"logo\":{\"@type\":\"ImageObject\",\"inLanguage\":\"tr\",\"@id\":\"https:\\\/\\\/www.purejewels.com\\\/#\\\/schema\\\/logo\\\/image\\\/\",\"url\":\"https:\\\/\\\/static.purejewels.com\\\/wp-content\\\/uploads\\\/2020\\\/11\\\/Logo-PJ-New-1.png\",\"contentUrl\":\"https:\\\/\\\/static.purejewels.com\\\/wp-content\\\/uploads\\\/2020\\\/11\\\/Logo-PJ-New-1.png\",\"width\":150,\"height\":80,\"caption\":\"PureJewels UK\"},\"image\":{\"@id\":\"https:\\\/\\\/www.purejewels.com\\\/#\\\/schema\\\/logo\\\/image\\\/\"}}]}<\/script>\n<!-- \/ Yoast SEO plugin. -->","yoast_head_json":{"title":"\u0130ngiltere'de Rodyum Kaplamal\u0131 Kad\u0131n Fantezi Bileklik","description":"Rodyum Kaplamal\u0131 Kad\u0131n Fantezi Bileklik \u0130ngiltere'de online sat\u0131n al\u0131n. Bu zarif bileklik y\u00fcksek kaliteli malzemelerden \u00fcretilmi\u015ftir ve g\u00fczel bir rodyum kaplamaya sahiptir.","robots":{"index":"index","follow":"follow","max-snippet":"max-snippet:-1","max-image-preview":"max-image-preview:large","max-video-preview":"max-video-preview:-1"},"canonical":"https:\/\/www.purejewels.com\/tr\/urun\/rodyum-kaplamali-22-ayar-altin-bilezik-43581\/","og_locale":"tr_TR","og_type":"article","og_title":"Women Fancy Bracelet with Rhodium Finish In UK","og_description":"Buy online Women Fancy Bracelet with Rhodium Finish In UK. This elegant bracelet is made of high-quality materials and features a beautiful rhodium finish.","og_url":"https:\/\/www.purejewels.com\/tr\/urun\/rodyum-kaplamali-22-ayar-altin-bilezik-43581\/","og_site_name":"PureJewels UK","article_modified_time":"2026-01-06T09:47:39+00:00","og_image":[{"width":1000,"height":1000,"url":"https:\/\/www.purejewels.com\/wp-content\/uploads\/2023\/09\/43581.jpg","type":"image\/jpeg"}],"twitter_card":"summary_large_image","twitter_misc":{"Tahmini okuma s\u00fcresi":"1 dakika"},"schema":{"@context":"https:\/\/schema.org","@graph":[{"@type":["WebPage","ItemPage"],"@id":"https:\/\/www.purejewels.com\/product\/22ct-gold-bracelet-with-rhodium-finish-43581\/","url":"https:\/\/www.purejewels.com\/product\/22ct-gold-bracelet-with-rhodium-finish-43581\/","name":"\u0130ngiltere'de Rodyum Kaplamal\u0131 Kad\u0131n Fantezi Bileklik","isPartOf":{"@id":"https:\/\/www.purejewels.com\/#website"},"primaryImageOfPage":{"@id":"https:\/\/www.purejewels.com\/product\/22ct-gold-bracelet-with-rhodium-finish-43581\/#primaryimage"},"image":{"@id":"https:\/\/www.purejewels.com\/product\/22ct-gold-bracelet-with-rhodium-finish-43581\/#primaryimage"},"thumbnailUrl":"https:\/\/static.purejewels.com\/wp-content\/uploads\/2023\/09\/43581.jpg","datePublished":"2024-09-01T05:51:11+00:00","dateModified":"2026-01-06T09:47:39+00:00","description":"Rodyum Kaplamal\u0131 Kad\u0131n Fantezi Bileklik \u0130ngiltere'de online sat\u0131n al\u0131n. Bu zarif bileklik y\u00fcksek kaliteli malzemelerden \u00fcretilmi\u015ftir ve g\u00fczel bir rodyum kaplamaya sahiptir.","breadcrumb":{"@id":"https:\/\/www.purejewels.com\/product\/22ct-gold-bracelet-with-rhodium-finish-43581\/#breadcrumb"},"inLanguage":"tr","potentialAction":[{"@type":"ReadAction","target":["https:\/\/www.purejewels.com\/product\/22ct-gold-bracelet-with-rhodium-finish-43581\/"]}]},{"@type":"ImageObject","inLanguage":"tr","@id":"https:\/\/www.purejewels.com\/product\/22ct-gold-bracelet-with-rhodium-finish-43581\/#primaryimage","url":"https:\/\/static.purejewels.com\/wp-content\/uploads\/2023\/09\/43581.jpg","contentUrl":"https:\/\/static.purejewels.com\/wp-content\/uploads\/2023\/09\/43581.jpg","width":1000,"height":1000,"caption":"22ct Gold Bracelet with Rhodium Finish"},{"@type":"BreadcrumbList","@id":"https:\/\/www.purejewels.com\/product\/22ct-gold-bracelet-with-rhodium-finish-43581\/#breadcrumb","itemListElement":[{"@type":"ListItem","position":1,"name":"Home","item":"https:\/\/www.purejewels.com\/"},{"@type":"ListItem","position":2,"name":"Shop","item":"https:\/\/www.purejewels.com\/shop\/"},{"@type":"ListItem","position":3,"name":"22ct Gold Bracelet with Rhodium Finish"}]},{"@type":"WebSite","@id":"https:\/\/www.purejewels.com\/#website","url":"https:\/\/www.purejewels.com\/","name":"PureJewels \u0130ngiltere","description":"Sevgiyi Payla\u015f\u0131n","publisher":{"@id":"https:\/\/www.purejewels.com\/#organization"},"potentialAction":[{"@type":"SearchAction","target":{"@type":"EntryPoint","urlTemplate":"https:\/\/www.purejewels.com\/?s={search_term_string}"},"query-input":{"@type":"PropertyValueSpecification","valueRequired":true,"valueName":"search_term_string"}}],"inLanguage":"tr"},{"@type":"Organization","@id":"https:\/\/www.purejewels.com\/#organization","name":"PureJewels \u0130ngiltere","url":"https:\/\/www.purejewels.com\/","logo":{"@type":"ImageObject","inLanguage":"tr","@id":"https:\/\/www.purejewels.com\/#\/schema\/logo\/image\/","url":"https:\/\/static.purejewels.com\/wp-content\/uploads\/2020\/11\/Logo-PJ-New-1.png","contentUrl":"https:\/\/static.purejewels.com\/wp-content\/uploads\/2020\/11\/Logo-PJ-New-1.png","width":150,"height":80,"caption":"PureJewels UK"},"image":{"@id":"https:\/\/www.purejewels.com\/#\/schema\/logo\/image\/"}}]}},"_links":{"self":[{"href":"https:\/\/www.purejewels.com\/tr\/wp-json\/wp\/v2\/product\/350671","targetHints":{"allow":["GET"]}}],"collection":[{"href":"https:\/\/www.purejewels.com\/tr\/wp-json\/wp\/v2\/product"}],"about":[{"href":"https:\/\/www.purejewels.com\/tr\/wp-json\/wp\/v2\/types\/product"}],"replies":[{"embeddable":true,"href":"https:\/\/www.purejewels.com\/tr\/wp-json\/wp\/v2\/comments?post=350671"}],"version-history":[{"count":3,"href":"https:\/\/www.purejewels.com\/tr\/wp-json\/wp\/v2\/product\/350671\/revisions"}],"predecessor-version":[{"id":388677,"href":"https:\/\/www.purejewels.com\/tr\/wp-json\/wp\/v2\/product\/350671\/revisions\/388677"}],"wp:featuredmedia":[{"embeddable":true,"href":"https:\/\/www.purejewels.com\/tr\/wp-json\/wp\/v2\/media\/350672"}],"wp:attachment":[{"href":"https:\/\/www.purejewels.com\/tr\/wp-json\/wp\/v2\/media?parent=350671"}],"wp:term":[{"taxonomy":"product_brand","embeddable":true,"href":"https:\/\/www.purejewels.com\/tr\/wp-json\/wp\/v2\/product_brand?post=350671"},{"taxonomy":"product_cat","embeddable":true,"href":"https:\/\/www.purejewels.com\/tr\/wp-json\/wp\/v2\/product_cat?post=350671"},{"taxonomy":"product_tag","embeddable":true,"href":"https:\/\/www.purejewels.com\/tr\/wp-json\/wp\/v2\/product_tag?post=350671"}],"curies":[{"name":"wp","href":"https:\/\/api.w.org\/{rel}","templated":true}]}}