{"id":350695,"date":"2023-09-01T10:09:51","date_gmt":"2023-09-01T09:09:51","guid":{"rendered":"https:\/\/www.purejewels.com\/?post_type=product&#038;p=350695"},"modified":"2026-02-16T07:00:55","modified_gmt":"2026-02-16T07:00:55","slug":"antik-kaplamali-22-ayar-altin-bayan-poncha-46102","status":"publish","type":"product","link":"https:\/\/www.purejewels.com\/tr\/product\/22ct-gold-ladies-poncha-with-antique-finish-46102\/","title":{"rendered":"Antik kaplamal\u0131 22 Ayar Alt\u0131n Bayan Ponka | 7 in\u00e7"},"content":{"rendered":"<p>Kar\u015f\u0131n\u0131zda, zarafet ve sofistike bir g\u00f6r\u00fcn\u00fcm sergileyen, zamans\u0131z bir m\u00fccevher par\u00e7as\u0131 olan 22 ayar Antika Alt\u0131n Bayan Poncha. Bu \u00e7arp\u0131c\u0131 bileklik, 22 ayar alt\u0131ndan ustal\u0131kla \u00fcretilmi\u015f olup l\u00fcks ve y\u00fcksek kaliteli bir y\u00fczey sa\u011flar. Antika kaplama, vintage bir cazibe katarak onu her durum i\u00e7in m\u00fckemmel bir aksesuar haline getirir.<\/p>\n<p>7 in\u00e7 uzunlu\u011fundaki bu Poncha bileklik bile\u011fe rahat\u00e7a oturacak \u015fekilde tasarlanm\u0131\u015ft\u0131r ve her k\u0131yafete g\u00f6z al\u0131c\u0131 bir dokunu\u015f katar. \u0130ster \u00f6zel bir etkinlik i\u00e7in giyiniyor olun ister sadece g\u00fcnl\u00fck g\u00f6r\u00fcn\u00fcm\u00fcn\u00fcz\u00fc y\u00fckseltmek istiyor olun, bu bileklik kesinlikle bir a\u00e7\u0131klama yapacakt\u0131r.<\/p>\n<p>Her bir Poncha bileklik bir sunum kutusunda g\u00fczelce paketlenmi\u015f olarak gelir ve sevdi\u011finiz biri i\u00e7in m\u00fckemmel bir hediye veya kendiniz i\u00e7in hak etti\u011finiz bir ikramd\u0131r.<\/p>","protected":false},"excerpt":{"rendered":"<div class=\"woocommerce-product-details__short-description\">\n<table class=\"sh_desc\">\n<tbody>\n<tr>\n<td>Bileklik T\u00fcr\u00fc<\/td>\n<td>Poncha<\/td>\n<\/tr>\n<tr>\n<td>SKU<\/td>\n<td>46102<\/td>\n<\/tr>\n<tr>\n<td>A\u011f\u0131rl\u0131k<\/td>\n<td>17,9 Gms<\/td>\n<\/tr>\n<tr>\n<td>Metal<\/td>\n<td>22 Ayar Alt\u0131n<\/td>\n<\/tr>\n<tr>\n<td>\u00dccretler<\/td>\n<td>Teslimat ve KDV Dahil<\/td>\n<\/tr>\n<tr>\n<td>Paketleme<\/td>\n<td>Sunum Kutusu ile Birlikte Gelir<\/td>\n<\/tr>\n<tr>\n<td>Daha Fazla Bilgi<\/td>\n<td>M\u00fcsaitlik durumu ve daha fazla resim i\u00e7in bizimle canl\u0131 sohbet edin<\/td>\n<\/tr>\n<\/tbody>\n<\/table>\n<\/div>\n<div class=\"btn-atc atc-slide\"><\/div>\n<div class=\"product_meta\"><\/div>","protected":false},"featured_media":350696,"comment_status":"closed","ping_status":"closed","template":"","meta":{"_eb_attr":"","_crsspst_to_jayantr4sg-hostcom":false},"product_brand":[],"product_cat":[6009,5701,1229,1718,1573,1574,5349],"product_tag":[],"class_list":{"0":"post-350695","1":"product","2":"type-product","3":"status-publish","4":"has-post-thumbnail","6":"product_cat-bracelet-poncha","7":"product_cat-eid-jewellery","8":"product_cat-22ct-gold-jewellery","9":"product_cat-ladies-poncha","10":"product_cat-wedding-gifts","11":"product_cat-womens-jewellery","12":"product_cat-yellow-gold-jewellery","14":"first","15":"instock","16":"taxable","17":"shipping-taxable","18":"purchasable","19":"product-type-simple","20":"add-to-wishlist-before_image"},"yoast_head":"<!-- This site is optimized with the Yoast SEO plugin v27.6 - https:\/\/yoast.com\/product\/yoast-seo-wordpress\/ -->\n<title>22ct Gold Ladies Poncha with Antique finish in 7 inches<\/title>\n<meta name=\"description\" content=\"Stunning 22ct gold poncha with antique finish, perfect for a bridal look. Made from high-quality gold and measures 7 inches long. Order yours today!\" \/>\n<meta name=\"robots\" content=\"index, follow, max-snippet:-1, max-image-preview:large, max-video-preview:-1\" \/>\n<link rel=\"canonical\" href=\"https:\/\/www.purejewels.com\/tr\/urun\/antik-kaplamali-22-ayar-altin-bayan-poncha-46102\/\" \/>\n<meta property=\"og:locale\" content=\"tr_TR\" \/>\n<meta property=\"og:type\" content=\"article\" \/>\n<meta property=\"og:title\" content=\"22ct Gold Ladies Poncha with Antique finish in 7 inches\" \/>\n<meta property=\"og:description\" content=\"Stunning 22ct gold poncha with antique finish, perfect for a bridal look. Made from high-quality gold and measures 7 inches long. Order yours today!\" \/>\n<meta property=\"og:url\" content=\"https:\/\/www.purejewels.com\/tr\/urun\/antik-kaplamali-22-ayar-altin-bayan-poncha-46102\/\" \/>\n<meta property=\"og:site_name\" content=\"PureJewels UK\" \/>\n<meta property=\"article:modified_time\" content=\"2026-02-16T07:00:55+00:00\" \/>\n<meta property=\"og:image\" content=\"https:\/\/static.purejewels.com\/wp-content\/uploads\/2023\/09\/46102.jpg\" \/>\n\t<meta property=\"og:image:width\" content=\"1000\" \/>\n\t<meta property=\"og:image:height\" content=\"1000\" \/>\n\t<meta property=\"og:image:type\" content=\"image\/jpeg\" \/>\n<meta name=\"twitter:card\" content=\"summary_large_image\" \/>\n<meta name=\"twitter:label1\" content=\"Tahmini okuma s\u00fcresi\" \/>\n\t<meta name=\"twitter:data1\" content=\"1 dakika\" \/>\n<script type=\"application\/ld+json\" class=\"yoast-schema-graph\">{\"@context\":\"https:\\\/\\\/schema.org\",\"@graph\":[{\"@type\":[\"WebPage\",\"ItemPage\"],\"@id\":\"https:\\\/\\\/www.purejewels.com\\\/product\\\/22ct-gold-ladies-poncha-with-antique-finish-46102\\\/\",\"url\":\"https:\\\/\\\/www.purejewels.com\\\/product\\\/22ct-gold-ladies-poncha-with-antique-finish-46102\\\/\",\"name\":\"22ct Gold Ladies Poncha with Antique finish in 7 inches\",\"isPartOf\":{\"@id\":\"https:\\\/\\\/www.purejewels.com\\\/#website\"},\"primaryImageOfPage\":{\"@id\":\"https:\\\/\\\/www.purejewels.com\\\/product\\\/22ct-gold-ladies-poncha-with-antique-finish-46102\\\/#primaryimage\"},\"image\":{\"@id\":\"https:\\\/\\\/www.purejewels.com\\\/product\\\/22ct-gold-ladies-poncha-with-antique-finish-46102\\\/#primaryimage\"},\"thumbnailUrl\":\"https:\\\/\\\/static.purejewels.com\\\/wp-content\\\/uploads\\\/2023\\\/09\\\/46102.jpg\",\"datePublished\":\"2023-09-01T09:09:51+00:00\",\"dateModified\":\"2026-02-16T07:00:55+00:00\",\"description\":\"Stunning 22ct gold poncha with antique finish, perfect for a bridal look. Made from high-quality gold and measures 7 inches long. Order yours today!\",\"breadcrumb\":{\"@id\":\"https:\\\/\\\/www.purejewels.com\\\/product\\\/22ct-gold-ladies-poncha-with-antique-finish-46102\\\/#breadcrumb\"},\"inLanguage\":\"tr\",\"potentialAction\":[{\"@type\":\"ReadAction\",\"target\":[\"https:\\\/\\\/www.purejewels.com\\\/product\\\/22ct-gold-ladies-poncha-with-antique-finish-46102\\\/\"]}]},{\"@type\":\"ImageObject\",\"inLanguage\":\"tr\",\"@id\":\"https:\\\/\\\/www.purejewels.com\\\/product\\\/22ct-gold-ladies-poncha-with-antique-finish-46102\\\/#primaryimage\",\"url\":\"https:\\\/\\\/static.purejewels.com\\\/wp-content\\\/uploads\\\/2023\\\/09\\\/46102.jpg\",\"contentUrl\":\"https:\\\/\\\/static.purejewels.com\\\/wp-content\\\/uploads\\\/2023\\\/09\\\/46102.jpg\",\"width\":1000,\"height\":1000,\"caption\":\"22ct Gold Ladies Poncha with Antique finish\"},{\"@type\":\"BreadcrumbList\",\"@id\":\"https:\\\/\\\/www.purejewels.com\\\/product\\\/22ct-gold-ladies-poncha-with-antique-finish-46102\\\/#breadcrumb\",\"itemListElement\":[{\"@type\":\"ListItem\",\"position\":1,\"name\":\"Home\",\"item\":\"https:\\\/\\\/www.purejewels.com\\\/\"},{\"@type\":\"ListItem\",\"position\":2,\"name\":\"Shop\",\"item\":\"https:\\\/\\\/www.purejewels.com\\\/shop\\\/\"},{\"@type\":\"ListItem\",\"position\":3,\"name\":\"22ct Gold Ladies Poncha with Antique finish | 7 inches\"}]},{\"@type\":\"WebSite\",\"@id\":\"https:\\\/\\\/www.purejewels.com\\\/#website\",\"url\":\"https:\\\/\\\/www.purejewels.com\\\/\",\"name\":\"PureJewels UK\",\"description\":\"Share the Love\",\"publisher\":{\"@id\":\"https:\\\/\\\/www.purejewels.com\\\/#organization\"},\"potentialAction\":[{\"@type\":\"SearchAction\",\"target\":{\"@type\":\"EntryPoint\",\"urlTemplate\":\"https:\\\/\\\/www.purejewels.com\\\/?s={search_term_string}\"},\"query-input\":{\"@type\":\"PropertyValueSpecification\",\"valueRequired\":true,\"valueName\":\"search_term_string\"}}],\"inLanguage\":\"tr\"},{\"@type\":\"Organization\",\"@id\":\"https:\\\/\\\/www.purejewels.com\\\/#organization\",\"name\":\"PureJewels UK\",\"url\":\"https:\\\/\\\/www.purejewels.com\\\/\",\"logo\":{\"@type\":\"ImageObject\",\"inLanguage\":\"tr\",\"@id\":\"https:\\\/\\\/www.purejewels.com\\\/#\\\/schema\\\/logo\\\/image\\\/\",\"url\":\"https:\\\/\\\/static.purejewels.com\\\/wp-content\\\/uploads\\\/2020\\\/11\\\/Logo-PJ-New-1.png\",\"contentUrl\":\"https:\\\/\\\/static.purejewels.com\\\/wp-content\\\/uploads\\\/2020\\\/11\\\/Logo-PJ-New-1.png\",\"width\":150,\"height\":80,\"caption\":\"PureJewels UK\"},\"image\":{\"@id\":\"https:\\\/\\\/www.purejewels.com\\\/#\\\/schema\\\/logo\\\/image\\\/\"}}]}<\/script>\n<!-- \/ Yoast SEO plugin. -->","yoast_head_json":{"title":"22 Ayar Alt\u0131n Bayan Ponka, Antik kaplama ile 7 in\u00e7","description":"Gelin g\u00f6r\u00fcn\u00fcm\u00fc i\u00e7in m\u00fckemmel, antika kaplamal\u0131 \u00e7arp\u0131c\u0131 22 ayar alt\u0131n ponka. Y\u00fcksek kaliteli alt\u0131ndan yap\u0131lm\u0131\u015ft\u0131r ve 7 in\u00e7 uzunlu\u011fundad\u0131r. Siz de bug\u00fcn sipari\u015f verin!","robots":{"index":"index","follow":"follow","max-snippet":"max-snippet:-1","max-image-preview":"max-image-preview:large","max-video-preview":"max-video-preview:-1"},"canonical":"https:\/\/www.purejewels.com\/tr\/urun\/antik-kaplamali-22-ayar-altin-bayan-poncha-46102\/","og_locale":"tr_TR","og_type":"article","og_title":"22ct Gold Ladies Poncha with Antique finish in 7 inches","og_description":"Stunning 22ct gold poncha with antique finish, perfect for a bridal look. Made from high-quality gold and measures 7 inches long. Order yours today!","og_url":"https:\/\/www.purejewels.com\/tr\/urun\/antik-kaplamali-22-ayar-altin-bayan-poncha-46102\/","og_site_name":"PureJewels UK","article_modified_time":"2026-02-16T07:00:55+00:00","og_image":[{"width":1000,"height":1000,"url":"https:\/\/static.purejewels.com\/wp-content\/uploads\/2023\/09\/46102.jpg","type":"image\/jpeg"}],"twitter_card":"summary_large_image","twitter_misc":{"Tahmini okuma s\u00fcresi":"1 dakika"},"schema":{"@context":"https:\/\/schema.org","@graph":[{"@type":["WebPage","ItemPage"],"@id":"https:\/\/www.purejewels.com\/product\/22ct-gold-ladies-poncha-with-antique-finish-46102\/","url":"https:\/\/www.purejewels.com\/product\/22ct-gold-ladies-poncha-with-antique-finish-46102\/","name":"22 Ayar Alt\u0131n Bayan Ponka, Antik kaplama ile 7 in\u00e7","isPartOf":{"@id":"https:\/\/www.purejewels.com\/#website"},"primaryImageOfPage":{"@id":"https:\/\/www.purejewels.com\/product\/22ct-gold-ladies-poncha-with-antique-finish-46102\/#primaryimage"},"image":{"@id":"https:\/\/www.purejewels.com\/product\/22ct-gold-ladies-poncha-with-antique-finish-46102\/#primaryimage"},"thumbnailUrl":"https:\/\/static.purejewels.com\/wp-content\/uploads\/2023\/09\/46102.jpg","datePublished":"2023-09-01T09:09:51+00:00","dateModified":"2026-02-16T07:00:55+00:00","description":"Gelin g\u00f6r\u00fcn\u00fcm\u00fc i\u00e7in m\u00fckemmel, antika kaplamal\u0131 \u00e7arp\u0131c\u0131 22 ayar alt\u0131n ponka. Y\u00fcksek kaliteli alt\u0131ndan yap\u0131lm\u0131\u015ft\u0131r ve 7 in\u00e7 uzunlu\u011fundad\u0131r. Siz de bug\u00fcn sipari\u015f verin!","breadcrumb":{"@id":"https:\/\/www.purejewels.com\/product\/22ct-gold-ladies-poncha-with-antique-finish-46102\/#breadcrumb"},"inLanguage":"tr","potentialAction":[{"@type":"ReadAction","target":["https:\/\/www.purejewels.com\/product\/22ct-gold-ladies-poncha-with-antique-finish-46102\/"]}]},{"@type":"ImageObject","inLanguage":"tr","@id":"https:\/\/www.purejewels.com\/product\/22ct-gold-ladies-poncha-with-antique-finish-46102\/#primaryimage","url":"https:\/\/static.purejewels.com\/wp-content\/uploads\/2023\/09\/46102.jpg","contentUrl":"https:\/\/static.purejewels.com\/wp-content\/uploads\/2023\/09\/46102.jpg","width":1000,"height":1000,"caption":"22ct Gold Ladies Poncha with Antique finish"},{"@type":"BreadcrumbList","@id":"https:\/\/www.purejewels.com\/product\/22ct-gold-ladies-poncha-with-antique-finish-46102\/#breadcrumb","itemListElement":[{"@type":"ListItem","position":1,"name":"Home","item":"https:\/\/www.purejewels.com\/"},{"@type":"ListItem","position":2,"name":"Shop","item":"https:\/\/www.purejewels.com\/shop\/"},{"@type":"ListItem","position":3,"name":"22ct Gold Ladies Poncha with Antique finish | 7 inches"}]},{"@type":"WebSite","@id":"https:\/\/www.purejewels.com\/#website","url":"https:\/\/www.purejewels.com\/","name":"PureJewels \u0130ngiltere","description":"Sevgiyi Payla\u015f\u0131n","publisher":{"@id":"https:\/\/www.purejewels.com\/#organization"},"potentialAction":[{"@type":"SearchAction","target":{"@type":"EntryPoint","urlTemplate":"https:\/\/www.purejewels.com\/?s={search_term_string}"},"query-input":{"@type":"PropertyValueSpecification","valueRequired":true,"valueName":"search_term_string"}}],"inLanguage":"tr"},{"@type":"Organization","@id":"https:\/\/www.purejewels.com\/#organization","name":"PureJewels \u0130ngiltere","url":"https:\/\/www.purejewels.com\/","logo":{"@type":"ImageObject","inLanguage":"tr","@id":"https:\/\/www.purejewels.com\/#\/schema\/logo\/image\/","url":"https:\/\/static.purejewels.com\/wp-content\/uploads\/2020\/11\/Logo-PJ-New-1.png","contentUrl":"https:\/\/static.purejewels.com\/wp-content\/uploads\/2020\/11\/Logo-PJ-New-1.png","width":150,"height":80,"caption":"PureJewels UK"},"image":{"@id":"https:\/\/www.purejewels.com\/#\/schema\/logo\/image\/"}}]}},"_links":{"self":[{"href":"https:\/\/www.purejewels.com\/tr\/wp-json\/wp\/v2\/product\/350695","targetHints":{"allow":["GET"]}}],"collection":[{"href":"https:\/\/www.purejewels.com\/tr\/wp-json\/wp\/v2\/product"}],"about":[{"href":"https:\/\/www.purejewels.com\/tr\/wp-json\/wp\/v2\/types\/product"}],"replies":[{"embeddable":true,"href":"https:\/\/www.purejewels.com\/tr\/wp-json\/wp\/v2\/comments?post=350695"}],"version-history":[{"count":2,"href":"https:\/\/www.purejewels.com\/tr\/wp-json\/wp\/v2\/product\/350695\/revisions"}],"predecessor-version":[{"id":420290,"href":"https:\/\/www.purejewels.com\/tr\/wp-json\/wp\/v2\/product\/350695\/revisions\/420290"}],"wp:featuredmedia":[{"embeddable":true,"href":"https:\/\/www.purejewels.com\/tr\/wp-json\/wp\/v2\/media\/350696"}],"wp:attachment":[{"href":"https:\/\/www.purejewels.com\/tr\/wp-json\/wp\/v2\/media?parent=350695"}],"wp:term":[{"taxonomy":"product_brand","embeddable":true,"href":"https:\/\/www.purejewels.com\/tr\/wp-json\/wp\/v2\/product_brand?post=350695"},{"taxonomy":"product_cat","embeddable":true,"href":"https:\/\/www.purejewels.com\/tr\/wp-json\/wp\/v2\/product_cat?post=350695"},{"taxonomy":"product_tag","embeddable":true,"href":"https:\/\/www.purejewels.com\/tr\/wp-json\/wp\/v2\/product_tag?post=350695"}],"curies":[{"name":"wp","href":"https:\/\/api.w.org\/{rel}","templated":true}]}}