{"id":350777,"date":"2023-08-04T09:58:30","date_gmt":"2023-08-04T08:58:30","guid":{"rendered":"https:\/\/www.purejewels.com\/?post_type=product&#038;p=350777"},"modified":"2026-04-23T10:22:39","modified_gmt":"2026-04-23T09:22:39","slug":"18-ayar-beyaz-altin-baklali-zincir-14-inc-0-6mm-kalinliginda","status":"publish","type":"product","link":"https:\/\/www.purejewels.com\/tr\/product\/18ct-white-gold-link-chain-14-inches-0-6mm-thick\/","title":{"rendered":"18 Ayar Beyaz Alt\u0131n | Baklal\u0131 Zincir | 14 \u0130n\u00e7 | 0,6mm Kal\u0131nl\u0131k"},"content":{"rendered":"<ul>\n<li>SKU 10020<\/li>\n<li><b>Seri Numaras\u0131. CHLK026<\/b><\/li>\n<\/ul>","protected":false},"excerpt":{"rendered":"<p>Parlak 18 ayar alt\u0131ndan \u00fcretilen bu zarif baklal\u0131 zincir kolye, sade ve zamans\u0131z bir siluet sunar. Cilal\u0131 birbirine ge\u00e7en halkalar\u0131 ince bir parlakl\u0131k yaratarak g\u00fcnl\u00fck kullan\u0131m, katmanlama veya en sevdi\u011finiz kolyeyle e\u015fle\u015ftirme i\u00e7in m\u00fckemmel hale getirir. Safl\u0131k sertifikas\u0131 i\u00e7in Birle\u015fik Krall\u0131k'ta damgalanm\u0131\u015ft\u0131r.<\/p>\n<p><strong>SKU:<\/strong> 10020<br \/>\n<strong>Metal:<\/strong> 18 Ayar Alt\u0131n<br \/>\n<strong>Safl\u0131k:<\/strong> 75 % saf<br \/>\n<strong>A\u011f\u0131rl\u0131k:<\/strong> 1.4 gram<br \/>\n<strong>Kal\u0131nl\u0131k<\/strong>: 0,6 mm<br \/>\n<strong>Uzunluk:<\/strong> 14 in\u00e7<br \/>\n<strong>Hallmark:<\/strong> \u0130ngiltere Tahlil Ofisi Taraf\u0131ndan Damgalanm\u0131\u015f 18 Ayar Alt\u0131n<br \/>\n<strong>Su\u00e7lamalar:<\/strong> Teslimat ve KDV Dahil<br \/>\nDaha Fazla Bilgi: M\u00fcsaitlik durumu ve ek g\u00f6rseller i\u00e7in bizimle canl\u0131 sohbet edin<\/p>\n<p><a href=\"https:\/\/www.purejewels.com\/tr\/i%cc%87ade-poli%cc%87ti%cc%87kasi\/\"><strong>\u0130ade Politikas\u0131<\/strong><\/a><\/p>","protected":false},"featured_media":428922,"comment_status":"closed","ping_status":"closed","template":"","meta":{"_eb_attr":"","_crsspst_to_jayantr4sg-hostcom":true},"product_brand":[],"product_cat":[5316,5679,1576,1794,1475,5343,1772,5943,5597,1575,1569,5348],"product_tag":[65],"class_list":{"0":"post-350777","1":"product","2":"type-product","3":"status-publish","4":"has-post-thumbnail","6":"product_cat-18ct-white-gold-chain","7":"product_cat-18ct-gold-jewellery","8":"product_cat-childrens-jewellery","9":"product_cat-christmas-gifts","10":"product_cat-gold-chains","11":"product_cat-jewellery-under-550","12":"product_cat-kids-chains","13":"product_cat-kids-jewellery","14":"product_cat-link-chain","15":"product_cat-teenage-jewellery","16":"product_cat-valentine-day-gifts","17":"product_cat-white-gold-jewellery","18":"product_tag-chains","20":"first","21":"instock","22":"taxable","23":"shipping-taxable","24":"purchasable","25":"product-type-simple","26":"add-to-wishlist-before_image"},"yoast_head":"<!-- This site is optimized with the Yoast SEO plugin v27.6 - https:\/\/yoast.com\/product\/yoast-seo-wordpress\/ -->\n<title>18ct White Gold Link Chain in 14 inches with 0.6mm width<\/title>\n<meta name=\"description\" content=\"A classic and elegant chain made of high-quality 18ct white gold. The chain is available in a variety of finishes, so you can choose the one that best suits your style.\" \/>\n<meta name=\"robots\" content=\"index, follow, max-snippet:-1, max-image-preview:large, max-video-preview:-1\" \/>\n<link rel=\"canonical\" href=\"https:\/\/www.purejewels.com\/tr\/urun\/18-ayar-beyaz-altin-baklali-zincir-14-inc-0-6mm-kalinliginda\/\" \/>\n<meta property=\"og:locale\" content=\"tr_TR\" \/>\n<meta property=\"og:type\" content=\"article\" \/>\n<meta property=\"og:title\" content=\"18ct White Gold Link Chain in 14 inches with 0.6mm width\" \/>\n<meta property=\"og:description\" content=\"A classic and elegant chain made of high-quality 18ct white gold. The chain is available in a variety of finishes, so you can choose the one that best suits your style.\" \/>\n<meta property=\"og:url\" content=\"https:\/\/www.purejewels.com\/tr\/urun\/18-ayar-beyaz-altin-baklali-zincir-14-inc-0-6mm-kalinliginda\/\" \/>\n<meta property=\"og:site_name\" content=\"PureJewels UK\" \/>\n<meta property=\"article:modified_time\" content=\"2026-04-23T09:22:39+00:00\" \/>\n<meta property=\"og:image\" content=\"https:\/\/static.purejewels.com\/wp-content\/uploads\/2023\/08\/18CHLKCEW06L14.jpg\" \/>\n\t<meta property=\"og:image:width\" content=\"1000\" \/>\n\t<meta property=\"og:image:height\" content=\"1000\" \/>\n\t<meta property=\"og:image:type\" content=\"image\/jpeg\" \/>\n<meta name=\"twitter:card\" content=\"summary_large_image\" \/>\n<meta name=\"twitter:label1\" content=\"Tahmini okuma s\u00fcresi\" \/>\n\t<meta name=\"twitter:data1\" content=\"1 dakika\" \/>\n<script type=\"application\/ld+json\" class=\"yoast-schema-graph\">{\"@context\":\"https:\\\/\\\/schema.org\",\"@graph\":[{\"@type\":[\"WebPage\",\"ItemPage\"],\"@id\":\"https:\\\/\\\/www.purejewels.com\\\/product\\\/18ct-white-gold-link-chain-14-inches-0-6mm-thick\\\/\",\"url\":\"https:\\\/\\\/www.purejewels.com\\\/product\\\/18ct-white-gold-link-chain-14-inches-0-6mm-thick\\\/\",\"name\":\"18ct White Gold Link Chain in 14 inches with 0.6mm width\",\"isPartOf\":{\"@id\":\"https:\\\/\\\/www.purejewels.com\\\/#website\"},\"primaryImageOfPage\":{\"@id\":\"https:\\\/\\\/www.purejewels.com\\\/product\\\/18ct-white-gold-link-chain-14-inches-0-6mm-thick\\\/#primaryimage\"},\"image\":{\"@id\":\"https:\\\/\\\/www.purejewels.com\\\/product\\\/18ct-white-gold-link-chain-14-inches-0-6mm-thick\\\/#primaryimage\"},\"thumbnailUrl\":\"https:\\\/\\\/static.purejewels.com\\\/wp-content\\\/uploads\\\/2023\\\/08\\\/18CHLKCEW06L14.jpg\",\"datePublished\":\"2023-08-04T08:58:30+00:00\",\"dateModified\":\"2026-04-23T09:22:39+00:00\",\"description\":\"A classic and elegant chain made of high-quality 18ct white gold. The chain is available in a variety of finishes, so you can choose the one that best suits your style.\",\"breadcrumb\":{\"@id\":\"https:\\\/\\\/www.purejewels.com\\\/product\\\/18ct-white-gold-link-chain-14-inches-0-6mm-thick\\\/#breadcrumb\"},\"inLanguage\":\"tr\",\"potentialAction\":[{\"@type\":\"ReadAction\",\"target\":[\"https:\\\/\\\/www.purejewels.com\\\/product\\\/18ct-white-gold-link-chain-14-inches-0-6mm-thick\\\/\"]}]},{\"@type\":\"ImageObject\",\"inLanguage\":\"tr\",\"@id\":\"https:\\\/\\\/www.purejewels.com\\\/product\\\/18ct-white-gold-link-chain-14-inches-0-6mm-thick\\\/#primaryimage\",\"url\":\"https:\\\/\\\/static.purejewels.com\\\/wp-content\\\/uploads\\\/2023\\\/08\\\/18CHLKCEW06L14.jpg\",\"contentUrl\":\"https:\\\/\\\/static.purejewels.com\\\/wp-content\\\/uploads\\\/2023\\\/08\\\/18CHLKCEW06L14.jpg\",\"width\":1000,\"height\":1000},{\"@type\":\"BreadcrumbList\",\"@id\":\"https:\\\/\\\/www.purejewels.com\\\/product\\\/18ct-white-gold-link-chain-14-inches-0-6mm-thick\\\/#breadcrumb\",\"itemListElement\":[{\"@type\":\"ListItem\",\"position\":1,\"name\":\"Home\",\"item\":\"https:\\\/\\\/www.purejewels.com\\\/\"},{\"@type\":\"ListItem\",\"position\":2,\"name\":\"Shop\",\"item\":\"https:\\\/\\\/www.purejewels.com\\\/shop\\\/\"},{\"@type\":\"ListItem\",\"position\":3,\"name\":\"18ct White Gold | Link Chain | 14 Inches | 0.6mm Thick\"}]},{\"@type\":\"WebSite\",\"@id\":\"https:\\\/\\\/www.purejewels.com\\\/#website\",\"url\":\"https:\\\/\\\/www.purejewels.com\\\/\",\"name\":\"PureJewels UK\",\"description\":\"Share the Love\",\"publisher\":{\"@id\":\"https:\\\/\\\/www.purejewels.com\\\/#organization\"},\"potentialAction\":[{\"@type\":\"SearchAction\",\"target\":{\"@type\":\"EntryPoint\",\"urlTemplate\":\"https:\\\/\\\/www.purejewels.com\\\/?s={search_term_string}\"},\"query-input\":{\"@type\":\"PropertyValueSpecification\",\"valueRequired\":true,\"valueName\":\"search_term_string\"}}],\"inLanguage\":\"tr\"},{\"@type\":\"Organization\",\"@id\":\"https:\\\/\\\/www.purejewels.com\\\/#organization\",\"name\":\"PureJewels UK\",\"url\":\"https:\\\/\\\/www.purejewels.com\\\/\",\"logo\":{\"@type\":\"ImageObject\",\"inLanguage\":\"tr\",\"@id\":\"https:\\\/\\\/www.purejewels.com\\\/#\\\/schema\\\/logo\\\/image\\\/\",\"url\":\"https:\\\/\\\/static.purejewels.com\\\/wp-content\\\/uploads\\\/2020\\\/11\\\/Logo-PJ-New-1.png\",\"contentUrl\":\"https:\\\/\\\/static.purejewels.com\\\/wp-content\\\/uploads\\\/2020\\\/11\\\/Logo-PJ-New-1.png\",\"width\":150,\"height\":80,\"caption\":\"PureJewels UK\"},\"image\":{\"@id\":\"https:\\\/\\\/www.purejewels.com\\\/#\\\/schema\\\/logo\\\/image\\\/\"}}]}<\/script>\n<!-- \/ Yoast SEO plugin. -->","yoast_head_json":{"title":"0,6 mm geni\u015fli\u011finde 14 in\u00e7 18 Ayar Beyaz Alt\u0131n Link Zincir","description":"Y\u00fcksek kaliteli 18 ayar beyaz alt\u0131ndan yap\u0131lm\u0131\u015f klasik ve zarif bir zincir. Zincir \u00e7e\u015fitli y\u00fczeylerde mevcuttur, b\u00f6ylece tarz\u0131n\u0131za en uygun olan\u0131 se\u00e7ebilirsiniz.","robots":{"index":"index","follow":"follow","max-snippet":"max-snippet:-1","max-image-preview":"max-image-preview:large","max-video-preview":"max-video-preview:-1"},"canonical":"https:\/\/www.purejewels.com\/tr\/urun\/18-ayar-beyaz-altin-baklali-zincir-14-inc-0-6mm-kalinliginda\/","og_locale":"tr_TR","og_type":"article","og_title":"18ct White Gold Link Chain in 14 inches with 0.6mm width","og_description":"A classic and elegant chain made of high-quality 18ct white gold. The chain is available in a variety of finishes, so you can choose the one that best suits your style.","og_url":"https:\/\/www.purejewels.com\/tr\/urun\/18-ayar-beyaz-altin-baklali-zincir-14-inc-0-6mm-kalinliginda\/","og_site_name":"PureJewels UK","article_modified_time":"2026-04-23T09:22:39+00:00","og_image":[{"width":1000,"height":1000,"url":"https:\/\/static.purejewels.com\/wp-content\/uploads\/2023\/08\/18CHLKCEW06L14.jpg","type":"image\/jpeg"}],"twitter_card":"summary_large_image","twitter_misc":{"Tahmini okuma s\u00fcresi":"1 dakika"},"schema":{"@context":"https:\/\/schema.org","@graph":[{"@type":["WebPage","ItemPage"],"@id":"https:\/\/www.purejewels.com\/product\/18ct-white-gold-link-chain-14-inches-0-6mm-thick\/","url":"https:\/\/www.purejewels.com\/product\/18ct-white-gold-link-chain-14-inches-0-6mm-thick\/","name":"0,6 mm geni\u015fli\u011finde 14 in\u00e7 18 Ayar Beyaz Alt\u0131n Link Zincir","isPartOf":{"@id":"https:\/\/www.purejewels.com\/#website"},"primaryImageOfPage":{"@id":"https:\/\/www.purejewels.com\/product\/18ct-white-gold-link-chain-14-inches-0-6mm-thick\/#primaryimage"},"image":{"@id":"https:\/\/www.purejewels.com\/product\/18ct-white-gold-link-chain-14-inches-0-6mm-thick\/#primaryimage"},"thumbnailUrl":"https:\/\/static.purejewels.com\/wp-content\/uploads\/2023\/08\/18CHLKCEW06L14.jpg","datePublished":"2023-08-04T08:58:30+00:00","dateModified":"2026-04-23T09:22:39+00:00","description":"Y\u00fcksek kaliteli 18 ayar beyaz alt\u0131ndan yap\u0131lm\u0131\u015f klasik ve zarif bir zincir. Zincir \u00e7e\u015fitli y\u00fczeylerde mevcuttur, b\u00f6ylece tarz\u0131n\u0131za en uygun olan\u0131 se\u00e7ebilirsiniz.","breadcrumb":{"@id":"https:\/\/www.purejewels.com\/product\/18ct-white-gold-link-chain-14-inches-0-6mm-thick\/#breadcrumb"},"inLanguage":"tr","potentialAction":[{"@type":"ReadAction","target":["https:\/\/www.purejewels.com\/product\/18ct-white-gold-link-chain-14-inches-0-6mm-thick\/"]}]},{"@type":"ImageObject","inLanguage":"tr","@id":"https:\/\/www.purejewels.com\/product\/18ct-white-gold-link-chain-14-inches-0-6mm-thick\/#primaryimage","url":"https:\/\/static.purejewels.com\/wp-content\/uploads\/2023\/08\/18CHLKCEW06L14.jpg","contentUrl":"https:\/\/static.purejewels.com\/wp-content\/uploads\/2023\/08\/18CHLKCEW06L14.jpg","width":1000,"height":1000},{"@type":"BreadcrumbList","@id":"https:\/\/www.purejewels.com\/product\/18ct-white-gold-link-chain-14-inches-0-6mm-thick\/#breadcrumb","itemListElement":[{"@type":"ListItem","position":1,"name":"Home","item":"https:\/\/www.purejewels.com\/"},{"@type":"ListItem","position":2,"name":"Shop","item":"https:\/\/www.purejewels.com\/shop\/"},{"@type":"ListItem","position":3,"name":"18ct White Gold | Link Chain | 14 Inches | 0.6mm Thick"}]},{"@type":"WebSite","@id":"https:\/\/www.purejewels.com\/#website","url":"https:\/\/www.purejewels.com\/","name":"PureJewels \u0130ngiltere","description":"Sevgiyi Payla\u015f\u0131n","publisher":{"@id":"https:\/\/www.purejewels.com\/#organization"},"potentialAction":[{"@type":"SearchAction","target":{"@type":"EntryPoint","urlTemplate":"https:\/\/www.purejewels.com\/?s={search_term_string}"},"query-input":{"@type":"PropertyValueSpecification","valueRequired":true,"valueName":"search_term_string"}}],"inLanguage":"tr"},{"@type":"Organization","@id":"https:\/\/www.purejewels.com\/#organization","name":"PureJewels \u0130ngiltere","url":"https:\/\/www.purejewels.com\/","logo":{"@type":"ImageObject","inLanguage":"tr","@id":"https:\/\/www.purejewels.com\/#\/schema\/logo\/image\/","url":"https:\/\/static.purejewels.com\/wp-content\/uploads\/2020\/11\/Logo-PJ-New-1.png","contentUrl":"https:\/\/static.purejewels.com\/wp-content\/uploads\/2020\/11\/Logo-PJ-New-1.png","width":150,"height":80,"caption":"PureJewels UK"},"image":{"@id":"https:\/\/www.purejewels.com\/#\/schema\/logo\/image\/"}}]}},"_links":{"self":[{"href":"https:\/\/www.purejewels.com\/tr\/wp-json\/wp\/v2\/product\/350777","targetHints":{"allow":["GET"]}}],"collection":[{"href":"https:\/\/www.purejewels.com\/tr\/wp-json\/wp\/v2\/product"}],"about":[{"href":"https:\/\/www.purejewels.com\/tr\/wp-json\/wp\/v2\/types\/product"}],"replies":[{"embeddable":true,"href":"https:\/\/www.purejewels.com\/tr\/wp-json\/wp\/v2\/comments?post=350777"}],"version-history":[{"count":5,"href":"https:\/\/www.purejewels.com\/tr\/wp-json\/wp\/v2\/product\/350777\/revisions"}],"predecessor-version":[{"id":428926,"href":"https:\/\/www.purejewels.com\/tr\/wp-json\/wp\/v2\/product\/350777\/revisions\/428926"}],"wp:featuredmedia":[{"embeddable":true,"href":"https:\/\/www.purejewels.com\/tr\/wp-json\/wp\/v2\/media\/428922"}],"wp:attachment":[{"href":"https:\/\/www.purejewels.com\/tr\/wp-json\/wp\/v2\/media?parent=350777"}],"wp:term":[{"taxonomy":"product_brand","embeddable":true,"href":"https:\/\/www.purejewels.com\/tr\/wp-json\/wp\/v2\/product_brand?post=350777"},{"taxonomy":"product_cat","embeddable":true,"href":"https:\/\/www.purejewels.com\/tr\/wp-json\/wp\/v2\/product_cat?post=350777"},{"taxonomy":"product_tag","embeddable":true,"href":"https:\/\/www.purejewels.com\/tr\/wp-json\/wp\/v2\/product_tag?post=350777"}],"curies":[{"name":"wp","href":"https:\/\/api.w.org\/{rel}","templated":true}]}}