{"id":350813,"date":"2023-09-04T13:29:18","date_gmt":"2023-09-04T12:29:18","guid":{"rendered":"https:\/\/www.purejewels.com\/?post_type=product&#038;p=350813"},"modified":"2026-03-23T05:50:52","modified_gmt":"2026-03-23T05:50:52","slug":"22-ayar-altin-kulak-damlaliklari-49809","status":"publish","type":"product","link":"https:\/\/www.purejewels.com\/tr\/product\/22ct-gold-ear-droppers-49809\/","title":{"rendered":"22 Ayar G\u00fcndo\u011fumu Alt\u0131n Kulak Damlal\u0131\u011f\u0131 | Rozet Koleksiyonu | 5mm"},"content":{"rendered":"<h3 data-start=\"1024\" data-end=\"1046\"><strong data-start=\"1028\" data-end=\"1046\">Tasar\u0131m Konsepti<\/strong><\/h3>\n<p data-start=\"1047\" data-end=\"1243\">Klasik \u00e7i\u00e7ek motiflerinden ilham alan Rosette tasar\u0131m\u0131, g\u00fczelli\u011fi ve zarafeti simgeliyor. Uzat\u0131lm\u0131\u015f damla zinciri, alt\u0131n kaplaman\u0131n yumu\u015fak parlakl\u0131\u011f\u0131n\u0131 vurgulayan nazik\u00e7e akan bir siluet yarat\u0131yor.<\/p>\n<h3 data-start=\"1245\" data-end=\"1266\"><strong data-start=\"1249\" data-end=\"1266\">Zanaatkarl\u0131k<\/strong><\/h3>\n<p data-start=\"1267\" data-end=\"1521\">Her bir k\u00fcpe, titizlikle \u015fekillendirilmi\u015f rozet boncuklara ba\u011fl\u0131 ince zincirlerden olu\u015fur. Yetenekli zanaatkarlar, \u00e7i\u00e7ek boncuklar\u0131 \u015fekillendirip detayland\u0131rarak doku ve zarafetin m\u00fckemmel dengesini yakalar ve hem sanatsal hem de zamans\u0131z bir m\u00fccevher ortaya \u00e7\u0131kar\u0131r.<\/p>\n<h3 data-start=\"1523\" data-end=\"1543\"><strong data-start=\"1527\" data-end=\"1543\">Stil \u0130pu\u00e7lar\u0131<\/strong><\/h3>\n<p data-start=\"1544\" data-end=\"1851\">G\u00fcnl\u00fck kullan\u0131m veya \u00f6zel g\u00fcnler i\u00e7in ideal olan bu k\u00fcpeler, minimalist alt\u0131n aksesuarlar veya \u00e7i\u00e7ek temal\u0131 par\u00e7alarla m\u00fckemmel uyum sa\u011flar. Ak\u0131c\u0131 elbiseler, abiye k\u0131yafetler veya sade \u00fcstlerle kombinleyerek zarif bir \u00e7ekicilik kat\u0131n. Hafif olmalar\u0131 sayesinde g\u00fcn boyu rahat\u00e7a tak\u0131labilirler.<\/p>","protected":false},"excerpt":{"rendered":"<div class=\"woocommerce-product-details__short-description\">\n<table class=\"sh_desc\">\n<tbody>\n<tr>\n<td>Damlal\u0131k Tipi<\/td>\n<td>Rozet Damlal\u0131klar\u0131<\/td>\n<\/tr>\n<tr>\n<td>SKU<\/td>\n<td>49809, 50651, 53599, 53601, 55076<\/td>\n<\/tr>\n<tr>\n<td>A\u011f\u0131rl\u0131k<\/td>\n<td>0,97 Gms<\/td>\n<\/tr>\n<tr>\n<td>Metal<\/td>\n<td>22 Ayar G\u00fcndo\u011fumu Alt\u0131n<\/td>\n<\/tr>\n<tr>\n<td>Uzunluk<\/td>\n<td>1,25 \u0130n\u00e7<\/td>\n<\/tr>\n<tr>\n<td>\u00c7i\u00e7ek geni\u015fli\u011fi<\/td>\n<td>5 mm<\/td>\n<\/tr>\n<tr>\n<td>\u00dccretler<\/td>\n<td>Teslimat ve KDV Dahil<\/td>\n<\/tr>\n<tr>\n<td>Paketleme<\/td>\n<td>Sunum Kutusu ile Birlikte Gelir<\/td>\n<\/tr>\n<tr>\n<td>Daha Fazla Bilgi<\/td>\n<td>M\u00fcsaitlik durumu ve daha fazla resim i\u00e7in bizimle canl\u0131 sohbet edin<\/td>\n<\/tr>\n<\/tbody>\n<\/table>\n<\/div>\n<div class=\"btn-atc atc-slide\"><\/div>\n<div class=\"product_meta\"><\/div>","protected":false},"featured_media":350783,"comment_status":"closed","ping_status":"closed","template":"","meta":{"_eb_attr":"","_crsspst_to_jayantr4sg-hostcom":false},"product_brand":[],"product_cat":[1791,236,1685,5651,1254,1229,5342,1570,5338,6154,1656,5274,1574,5349],"product_tag":[66],"class_list":{"0":"post-350813","1":"product","2":"type-product","3":"status-publish","4":"has-post-thumbnail","6":"product_cat-anniversary-gifts","7":"product_cat-collections","8":"product_cat-drop-earrings","9":"product_cat-ear-droppers","10":"product_cat-gold-earrings","11":"product_cat-22ct-gold-jewellery","12":"product_cat-jewellery-under-250","13":"product_cat-mothers-day-gifts","14":"product_cat-shop-by-price","15":"product_cat-rosette-ear-droppers","16":"product_cat-rosettes-collections","17":"product_cat-rosettes-earring","18":"product_cat-womens-jewellery","19":"product_cat-yellow-gold-jewellery","20":"product_tag-earrings","22":"first","23":"instock","24":"taxable","25":"shipping-taxable","26":"purchasable","27":"product-type-simple","28":"add-to-wishlist-before_image"},"yoast_head":"<!-- This site is optimized with the Yoast SEO plugin v27.6 - https:\/\/yoast.com\/product\/yoast-seo-wordpress\/ -->\n<title>22ct Sunrise Gold Ear Droppers | PureJewels.com<\/title>\n<meta name=\"description\" content=\"22ct Dropper online today to order your pair of 22ct Gold Rosette Ear Droppers . Available in different lengths and design. Free delivery across UK.\" \/>\n<meta name=\"robots\" content=\"index, follow, max-snippet:-1, max-image-preview:large, max-video-preview:-1\" \/>\n<link rel=\"canonical\" href=\"https:\/\/www.purejewels.com\/tr\/urun\/22-ayar-altin-kulak-damlaliklari-49809\/\" \/>\n<meta property=\"og:locale\" content=\"tr_TR\" \/>\n<meta property=\"og:type\" content=\"article\" \/>\n<meta property=\"og:title\" content=\"22ct Sunrise Gold Ear Droppers | PureJewels.com\" \/>\n<meta property=\"og:description\" content=\"22ct Dropper online today to order your pair of 22ct Gold Rosette Ear Droppers . Available in different lengths and design. Free delivery across UK.\" \/>\n<meta property=\"og:url\" content=\"https:\/\/www.purejewels.com\/tr\/urun\/22-ayar-altin-kulak-damlaliklari-49809\/\" \/>\n<meta property=\"og:site_name\" content=\"PureJewels UK\" \/>\n<meta property=\"article:modified_time\" content=\"2026-03-23T05:50:52+00:00\" \/>\n<meta property=\"og:image\" content=\"https:\/\/static.purejewels.com\/wp-content\/uploads\/2023\/08\/45552.jpg\" \/>\n\t<meta property=\"og:image:width\" content=\"1000\" \/>\n\t<meta property=\"og:image:height\" content=\"1000\" \/>\n\t<meta property=\"og:image:type\" content=\"image\/jpeg\" \/>\n<meta name=\"twitter:card\" content=\"summary_large_image\" \/>\n<meta name=\"twitter:label1\" content=\"Tahmini okuma s\u00fcresi\" \/>\n\t<meta name=\"twitter:data1\" content=\"1 dakika\" \/>\n<script type=\"application\/ld+json\" class=\"yoast-schema-graph\">{\"@context\":\"https:\\\/\\\/schema.org\",\"@graph\":[{\"@type\":[\"WebPage\",\"ItemPage\"],\"@id\":\"https:\\\/\\\/www.purejewels.com\\\/product\\\/22ct-gold-ear-droppers-49809\\\/\",\"url\":\"https:\\\/\\\/www.purejewels.com\\\/product\\\/22ct-gold-ear-droppers-49809\\\/\",\"name\":\"22ct Sunrise Gold Ear Droppers | PureJewels.com\",\"isPartOf\":{\"@id\":\"https:\\\/\\\/www.purejewels.com\\\/#website\"},\"primaryImageOfPage\":{\"@id\":\"https:\\\/\\\/www.purejewels.com\\\/product\\\/22ct-gold-ear-droppers-49809\\\/#primaryimage\"},\"image\":{\"@id\":\"https:\\\/\\\/www.purejewels.com\\\/product\\\/22ct-gold-ear-droppers-49809\\\/#primaryimage\"},\"thumbnailUrl\":\"https:\\\/\\\/static.purejewels.com\\\/wp-content\\\/uploads\\\/2023\\\/08\\\/45552.jpg\",\"datePublished\":\"2023-09-04T12:29:18+00:00\",\"dateModified\":\"2026-03-23T05:50:52+00:00\",\"description\":\"22ct Dropper online today to order your pair of 22ct Gold Rosette Ear Droppers . Available in different lengths and design. Free delivery across UK.\",\"breadcrumb\":{\"@id\":\"https:\\\/\\\/www.purejewels.com\\\/product\\\/22ct-gold-ear-droppers-49809\\\/#breadcrumb\"},\"inLanguage\":\"tr\",\"potentialAction\":[{\"@type\":\"ReadAction\",\"target\":[\"https:\\\/\\\/www.purejewels.com\\\/product\\\/22ct-gold-ear-droppers-49809\\\/\"]}]},{\"@type\":\"ImageObject\",\"inLanguage\":\"tr\",\"@id\":\"https:\\\/\\\/www.purejewels.com\\\/product\\\/22ct-gold-ear-droppers-49809\\\/#primaryimage\",\"url\":\"https:\\\/\\\/static.purejewels.com\\\/wp-content\\\/uploads\\\/2023\\\/08\\\/45552.jpg\",\"contentUrl\":\"https:\\\/\\\/static.purejewels.com\\\/wp-content\\\/uploads\\\/2023\\\/08\\\/45552.jpg\",\"width\":1000,\"height\":1000,\"caption\":\"Rosette 22ct Gold Flower Dropper with Chain\"},{\"@type\":\"BreadcrumbList\",\"@id\":\"https:\\\/\\\/www.purejewels.com\\\/product\\\/22ct-gold-ear-droppers-49809\\\/#breadcrumb\",\"itemListElement\":[{\"@type\":\"ListItem\",\"position\":1,\"name\":\"Home\",\"item\":\"https:\\\/\\\/www.purejewels.com\\\/\"},{\"@type\":\"ListItem\",\"position\":2,\"name\":\"Shop\",\"item\":\"https:\\\/\\\/www.purejewels.com\\\/shop\\\/\"},{\"@type\":\"ListItem\",\"position\":3,\"name\":\"22ct Sunrise Gold Ear Dropper | Rosette Collection | 5mm\"}]},{\"@type\":\"WebSite\",\"@id\":\"https:\\\/\\\/www.purejewels.com\\\/#website\",\"url\":\"https:\\\/\\\/www.purejewels.com\\\/\",\"name\":\"PureJewels UK\",\"description\":\"Share the Love\",\"publisher\":{\"@id\":\"https:\\\/\\\/www.purejewels.com\\\/#organization\"},\"potentialAction\":[{\"@type\":\"SearchAction\",\"target\":{\"@type\":\"EntryPoint\",\"urlTemplate\":\"https:\\\/\\\/www.purejewels.com\\\/?s={search_term_string}\"},\"query-input\":{\"@type\":\"PropertyValueSpecification\",\"valueRequired\":true,\"valueName\":\"search_term_string\"}}],\"inLanguage\":\"tr\"},{\"@type\":\"Organization\",\"@id\":\"https:\\\/\\\/www.purejewels.com\\\/#organization\",\"name\":\"PureJewels UK\",\"url\":\"https:\\\/\\\/www.purejewels.com\\\/\",\"logo\":{\"@type\":\"ImageObject\",\"inLanguage\":\"tr\",\"@id\":\"https:\\\/\\\/www.purejewels.com\\\/#\\\/schema\\\/logo\\\/image\\\/\",\"url\":\"https:\\\/\\\/static.purejewels.com\\\/wp-content\\\/uploads\\\/2020\\\/11\\\/Logo-PJ-New-1.png\",\"contentUrl\":\"https:\\\/\\\/static.purejewels.com\\\/wp-content\\\/uploads\\\/2020\\\/11\\\/Logo-PJ-New-1.png\",\"width\":150,\"height\":80,\"caption\":\"PureJewels UK\"},\"image\":{\"@id\":\"https:\\\/\\\/www.purejewels.com\\\/#\\\/schema\\\/logo\\\/image\\\/\"}}]}<\/script>\n<!-- \/ Yoast SEO plugin. -->","yoast_head_json":{"title":"22 Ayar G\u00fcndo\u011fumu Alt\u0131n Kulak Damlal\u0131klar\u0131 | PureJewels.com","description":"22 Ayar Alt\u0131n Rozet Kulak Damlal\u0131\u011f\u0131 \u00e7iftinizi sipari\u015f etmek i\u00e7in hemen bug\u00fcn online sipari\u015f verin. Farkl\u0131 uzunluklarda ve tasar\u0131mlarda mevcuttur. \u0130ngiltere genelinde \u00fccretsiz teslimat.","robots":{"index":"index","follow":"follow","max-snippet":"max-snippet:-1","max-image-preview":"max-image-preview:large","max-video-preview":"max-video-preview:-1"},"canonical":"https:\/\/www.purejewels.com\/tr\/urun\/22-ayar-altin-kulak-damlaliklari-49809\/","og_locale":"tr_TR","og_type":"article","og_title":"22ct Sunrise Gold Ear Droppers | PureJewels.com","og_description":"22ct Dropper online today to order your pair of 22ct Gold Rosette Ear Droppers . Available in different lengths and design. Free delivery across UK.","og_url":"https:\/\/www.purejewels.com\/tr\/urun\/22-ayar-altin-kulak-damlaliklari-49809\/","og_site_name":"PureJewels UK","article_modified_time":"2026-03-23T05:50:52+00:00","og_image":[{"width":1000,"height":1000,"url":"https:\/\/static.purejewels.com\/wp-content\/uploads\/2023\/08\/45552.jpg","type":"image\/jpeg"}],"twitter_card":"summary_large_image","twitter_misc":{"Tahmini okuma s\u00fcresi":"1 dakika"},"schema":{"@context":"https:\/\/schema.org","@graph":[{"@type":["WebPage","ItemPage"],"@id":"https:\/\/www.purejewels.com\/product\/22ct-gold-ear-droppers-49809\/","url":"https:\/\/www.purejewels.com\/product\/22ct-gold-ear-droppers-49809\/","name":"22 Ayar G\u00fcndo\u011fumu Alt\u0131n Kulak Damlal\u0131klar\u0131 | PureJewels.com","isPartOf":{"@id":"https:\/\/www.purejewels.com\/#website"},"primaryImageOfPage":{"@id":"https:\/\/www.purejewels.com\/product\/22ct-gold-ear-droppers-49809\/#primaryimage"},"image":{"@id":"https:\/\/www.purejewels.com\/product\/22ct-gold-ear-droppers-49809\/#primaryimage"},"thumbnailUrl":"https:\/\/static.purejewels.com\/wp-content\/uploads\/2023\/08\/45552.jpg","datePublished":"2023-09-04T12:29:18+00:00","dateModified":"2026-03-23T05:50:52+00:00","description":"22 Ayar Alt\u0131n Rozet Kulak Damlal\u0131\u011f\u0131 \u00e7iftinizi sipari\u015f etmek i\u00e7in hemen bug\u00fcn online sipari\u015f verin. Farkl\u0131 uzunluklarda ve tasar\u0131mlarda mevcuttur. \u0130ngiltere genelinde \u00fccretsiz teslimat.","breadcrumb":{"@id":"https:\/\/www.purejewels.com\/product\/22ct-gold-ear-droppers-49809\/#breadcrumb"},"inLanguage":"tr","potentialAction":[{"@type":"ReadAction","target":["https:\/\/www.purejewels.com\/product\/22ct-gold-ear-droppers-49809\/"]}]},{"@type":"ImageObject","inLanguage":"tr","@id":"https:\/\/www.purejewels.com\/product\/22ct-gold-ear-droppers-49809\/#primaryimage","url":"https:\/\/static.purejewels.com\/wp-content\/uploads\/2023\/08\/45552.jpg","contentUrl":"https:\/\/static.purejewels.com\/wp-content\/uploads\/2023\/08\/45552.jpg","width":1000,"height":1000,"caption":"Rosette 22ct Gold Flower Dropper with Chain"},{"@type":"BreadcrumbList","@id":"https:\/\/www.purejewels.com\/product\/22ct-gold-ear-droppers-49809\/#breadcrumb","itemListElement":[{"@type":"ListItem","position":1,"name":"Home","item":"https:\/\/www.purejewels.com\/"},{"@type":"ListItem","position":2,"name":"Shop","item":"https:\/\/www.purejewels.com\/shop\/"},{"@type":"ListItem","position":3,"name":"22ct Sunrise Gold Ear Dropper | Rosette Collection | 5mm"}]},{"@type":"WebSite","@id":"https:\/\/www.purejewels.com\/#website","url":"https:\/\/www.purejewels.com\/","name":"PureJewels \u0130ngiltere","description":"Sevgiyi Payla\u015f\u0131n","publisher":{"@id":"https:\/\/www.purejewels.com\/#organization"},"potentialAction":[{"@type":"SearchAction","target":{"@type":"EntryPoint","urlTemplate":"https:\/\/www.purejewels.com\/?s={search_term_string}"},"query-input":{"@type":"PropertyValueSpecification","valueRequired":true,"valueName":"search_term_string"}}],"inLanguage":"tr"},{"@type":"Organization","@id":"https:\/\/www.purejewels.com\/#organization","name":"PureJewels \u0130ngiltere","url":"https:\/\/www.purejewels.com\/","logo":{"@type":"ImageObject","inLanguage":"tr","@id":"https:\/\/www.purejewels.com\/#\/schema\/logo\/image\/","url":"https:\/\/static.purejewels.com\/wp-content\/uploads\/2020\/11\/Logo-PJ-New-1.png","contentUrl":"https:\/\/static.purejewels.com\/wp-content\/uploads\/2020\/11\/Logo-PJ-New-1.png","width":150,"height":80,"caption":"PureJewels UK"},"image":{"@id":"https:\/\/www.purejewels.com\/#\/schema\/logo\/image\/"}}]}},"_links":{"self":[{"href":"https:\/\/www.purejewels.com\/tr\/wp-json\/wp\/v2\/product\/350813","targetHints":{"allow":["GET"]}}],"collection":[{"href":"https:\/\/www.purejewels.com\/tr\/wp-json\/wp\/v2\/product"}],"about":[{"href":"https:\/\/www.purejewels.com\/tr\/wp-json\/wp\/v2\/types\/product"}],"replies":[{"embeddable":true,"href":"https:\/\/www.purejewels.com\/tr\/wp-json\/wp\/v2\/comments?post=350813"}],"version-history":[{"count":5,"href":"https:\/\/www.purejewels.com\/tr\/wp-json\/wp\/v2\/product\/350813\/revisions"}],"predecessor-version":[{"id":427444,"href":"https:\/\/www.purejewels.com\/tr\/wp-json\/wp\/v2\/product\/350813\/revisions\/427444"}],"wp:featuredmedia":[{"embeddable":true,"href":"https:\/\/www.purejewels.com\/tr\/wp-json\/wp\/v2\/media\/350783"}],"wp:attachment":[{"href":"https:\/\/www.purejewels.com\/tr\/wp-json\/wp\/v2\/media?parent=350813"}],"wp:term":[{"taxonomy":"product_brand","embeddable":true,"href":"https:\/\/www.purejewels.com\/tr\/wp-json\/wp\/v2\/product_brand?post=350813"},{"taxonomy":"product_cat","embeddable":true,"href":"https:\/\/www.purejewels.com\/tr\/wp-json\/wp\/v2\/product_cat?post=350813"},{"taxonomy":"product_tag","embeddable":true,"href":"https:\/\/www.purejewels.com\/tr\/wp-json\/wp\/v2\/product_tag?post=350813"}],"curies":[{"name":"wp","href":"https:\/\/api.w.org\/{rel}","templated":true}]}}