{"id":350893,"date":"2023-09-07T05:13:49","date_gmt":"2023-09-07T04:13:49","guid":{"rendered":"https:\/\/www.purejewels.com\/?post_type=product&#038;p=350893"},"modified":"2026-02-20T09:36:29","modified_gmt":"2026-02-20T09:36:29","slug":"beyaz-altin-sonsuzluk-pirlanta-bant-uk-45860","status":"publish","type":"product","link":"https:\/\/www.purejewels.com\/tr\/product\/white-gold-eternity-diamond-band-uk-45860\/","title":{"rendered":"18 ayar beyaz alt\u0131n yar\u0131m sonsuzluk p\u0131rlanta y\u00fcz\u00fck"},"content":{"rendered":"<p>&nbsp;<\/p>\n<p data-start=\"625\" data-end=\"954\"><strong data-start=\"625\" data-end=\"643\">Tasar\u0131m Konsepti<\/strong><br data-start=\"643\" data-end=\"646\" \/>18 ayar beyaz alt\u0131n Half Eternity P\u0131rlanta Y\u00fcz\u00fck, sadeli\u011fi kal\u0131c\u0131 sembolizmle harmanl\u0131yor. M\u00fckemmel bir \u015fekilde hizalanm\u0131\u015f bir s\u0131ra parlak kesim p\u0131rlanta ile tasarlanan bu y\u00fcz\u00fck, sonsuz ba\u011f\u0131n \u00f6z\u00fcn\u00fc yans\u0131t\u0131yor. Yar\u0131m set stili, \u00f6nden parlakl\u0131k sa\u011flarken, alt\u0131ndan p\u00fcr\u00fczs\u00fcz bir rahatl\u0131k sunuyor.<\/p>\n<p data-start=\"956\" data-end=\"1274\"><strong data-start=\"956\" data-end=\"973\"><a href=\"https:\/\/www.purejewels.com\/tr\/a-guide-to-die-stamping\/\">Zanaatkarl\u0131k<\/a><\/strong><br data-start=\"973\" data-end=\"976\" \/>18 ayar beyaz alt\u0131ndan \u00fcretilen bu y\u00fcz\u00fck, \u0130ngiltere damgal\u0131d\u0131r ve parlak bir cilaya sahiptir. Her bir elmas, \u0131\u015f\u0131k yans\u0131may\u0131 ve parlakl\u0131\u011f\u0131 en \u00fcst d\u00fczeye \u00e7\u0131karmak i\u00e7in ayr\u0131 ayr\u0131 g\u00fcvenli bir pen\u00e7e ayar\u0131na yerle\u015ftirilmi\u015ftir. \u0130nce profili, ni\u015fan y\u00fcz\u00fckleriyle birlikte takmak veya tek ba\u015f\u0131na takmak i\u00e7in m\u00fckemmeldir.<\/p>\n<p data-start=\"1276\" data-end=\"1552\"><strong data-start=\"1276\" data-end=\"1293\">Stil Fikirleri<\/strong><br data-start=\"1293\" data-end=\"1296\" \/>Tek ba\u015f\u0131na ya da gelin tak\u0131m\u0131 olarak tak\u0131ld\u0131\u011f\u0131nda zarif bir g\u00f6r\u00fcn\u00fcm sunan bu y\u00fcz\u00fck, \u00e7ok \u00e7e\u015fitli ni\u015fan y\u00fcz\u00fc\u011f\u00fc stillerini tamamlar. Alyans, y\u0131ld\u00f6n\u00fcm\u00fc hediyesi veya s\u00f6z y\u00fcz\u00fc\u011f\u00fc olarak da ayn\u0131 derecede anlaml\u0131d\u0131r \u2014 g\u00fcnl\u00fck \u015f\u0131kl\u0131k veya \u00f6zel g\u00fcnler i\u00e7in \u00e7ok y\u00f6nl\u00fc bir par\u00e7ad\u0131r.<\/p>","protected":false},"excerpt":{"rendered":"<table>\n<tbody>\n<tr>\n<td>Y\u00fcz\u00fck Tipi<\/td>\n<td>Elmas Bant<\/td>\n<\/tr>\n<tr>\n<td>SKU<\/td>\n<td>45860<\/td>\n<\/tr>\n<tr>\n<td>A\u011f\u0131rl\u0131k<\/td>\n<td>2,8 gms<\/td>\n<\/tr>\n<tr>\n<td>Y\u00fcz\u00fck \u00d6l\u00e7\u00fcs\u00fc<\/td>\n<td>H<\/td>\n<\/tr>\n<tr>\n<td>Metal<\/td>\n<td>18 Ayar Alt\u0131n<\/td>\n<\/tr>\n<tr>\n<td>Elmas A\u011f\u0131rl\u0131\u011f\u0131.<\/td>\n<td>0.25ct<\/td>\n<\/tr>\n<tr>\n<td>\u00dccretler<\/td>\n<td>Teslimat ve KDV Dahil<\/td>\n<\/tr>\n<tr>\n<td>Paketleme<\/td>\n<td>Sunum Kutusu ile Birlikte Gelir<\/td>\n<\/tr>\n<tr>\n<td>Daha Fazla Bilgi<\/td>\n<td>M\u00fcsaitlik durumu ve daha fazla resim i\u00e7in bizimle canl\u0131 sohbet edin<\/td>\n<\/tr>\n<\/tbody>\n<\/table>","protected":false},"featured_media":351068,"comment_status":"closed","ping_status":"closed","template":"","meta":{"_eb_attr":"","_crsspst_to_jayantr4sg-hostcom":false},"product_brand":[],"product_cat":[5679,6085,1794,5457,5460,5931,5348,1574],"product_tag":[],"class_list":{"0":"post-350893","1":"product","2":"type-product","3":"status-publish","4":"has-post-thumbnail","6":"product_cat-18ct-gold-jewellery","7":"product_cat-18ct-gold-ring","8":"product_cat-christmas-gifts","9":"product_cat-diamond-jewellery","10":"product_cat-diamond-ring","11":"product_cat-eternity-ring","12":"product_cat-white-gold-jewellery","13":"product_cat-womens-jewellery","15":"first","16":"instock","17":"taxable","18":"shipping-taxable","19":"purchasable","20":"product-type-simple","21":"add-to-wishlist-before_image"},"yoast_head":"<!-- This site is optimized with the Yoast SEO plugin v27.6 - https:\/\/yoast.com\/product\/yoast-seo-wordpress\/ -->\n<title>White Gold Eternity Diamond Ring UK | PureJewels UK<\/title>\n<meta name=\"description\" content=\"This stunning 18ct white gold eternity diamond ring is the perfect way to show your love and commitment on your wedding day. Buy this band online today!\" \/>\n<meta name=\"robots\" content=\"index, follow, max-snippet:-1, max-image-preview:large, max-video-preview:-1\" \/>\n<link rel=\"canonical\" href=\"https:\/\/www.purejewels.com\/tr\/urun\/beyaz-altin-sonsuzluk-pirlanta-bant-uk-45860\/\" \/>\n<meta property=\"og:locale\" content=\"tr_TR\" \/>\n<meta property=\"og:type\" content=\"article\" \/>\n<meta property=\"og:title\" content=\"White Gold Eternity Diamond Ring UK | PureJewels UK\" \/>\n<meta property=\"og:description\" content=\"This stunning 18ct white gold eternity diamond ring is the perfect way to show your love and commitment on your wedding day. Buy this band online today!\" \/>\n<meta property=\"og:url\" content=\"https:\/\/www.purejewels.com\/tr\/urun\/beyaz-altin-sonsuzluk-pirlanta-bant-uk-45860\/\" \/>\n<meta property=\"og:site_name\" content=\"PureJewels UK\" \/>\n<meta property=\"article:modified_time\" content=\"2026-02-20T09:36:29+00:00\" \/>\n<meta property=\"og:image\" content=\"https:\/\/static.purejewels.com\/wp-content\/uploads\/2023\/09\/SKU-45860.jpg\" \/>\n\t<meta property=\"og:image:width\" content=\"1000\" \/>\n\t<meta property=\"og:image:height\" content=\"1000\" \/>\n\t<meta property=\"og:image:type\" content=\"image\/jpeg\" \/>\n<meta name=\"twitter:card\" content=\"summary_large_image\" \/>\n<meta name=\"twitter:label1\" content=\"Tahmini okuma s\u00fcresi\" \/>\n\t<meta name=\"twitter:data1\" content=\"1 dakika\" \/>\n<script type=\"application\/ld+json\" class=\"yoast-schema-graph\">{\"@context\":\"https:\\\/\\\/schema.org\",\"@graph\":[{\"@type\":[\"WebPage\",\"ItemPage\"],\"@id\":\"https:\\\/\\\/www.purejewels.com\\\/product\\\/white-gold-eternity-diamond-band-uk-45860\\\/\",\"url\":\"https:\\\/\\\/www.purejewels.com\\\/product\\\/white-gold-eternity-diamond-band-uk-45860\\\/\",\"name\":\"White Gold Eternity Diamond Ring UK | PureJewels UK\",\"isPartOf\":{\"@id\":\"https:\\\/\\\/www.purejewels.com\\\/#website\"},\"primaryImageOfPage\":{\"@id\":\"https:\\\/\\\/www.purejewels.com\\\/product\\\/white-gold-eternity-diamond-band-uk-45860\\\/#primaryimage\"},\"image\":{\"@id\":\"https:\\\/\\\/www.purejewels.com\\\/product\\\/white-gold-eternity-diamond-band-uk-45860\\\/#primaryimage\"},\"thumbnailUrl\":\"https:\\\/\\\/static.purejewels.com\\\/wp-content\\\/uploads\\\/2023\\\/09\\\/SKU-45860.jpg\",\"datePublished\":\"2023-09-07T04:13:49+00:00\",\"dateModified\":\"2026-02-20T09:36:29+00:00\",\"description\":\"This stunning 18ct white gold eternity diamond ring is the perfect way to show your love and commitment on your wedding day. Buy this band online today!\",\"breadcrumb\":{\"@id\":\"https:\\\/\\\/www.purejewels.com\\\/product\\\/white-gold-eternity-diamond-band-uk-45860\\\/#breadcrumb\"},\"inLanguage\":\"tr\",\"potentialAction\":[{\"@type\":\"ReadAction\",\"target\":[\"https:\\\/\\\/www.purejewels.com\\\/product\\\/white-gold-eternity-diamond-band-uk-45860\\\/\"]}]},{\"@type\":\"ImageObject\",\"inLanguage\":\"tr\",\"@id\":\"https:\\\/\\\/www.purejewels.com\\\/product\\\/white-gold-eternity-diamond-band-uk-45860\\\/#primaryimage\",\"url\":\"https:\\\/\\\/static.purejewels.com\\\/wp-content\\\/uploads\\\/2023\\\/09\\\/SKU-45860.jpg\",\"contentUrl\":\"https:\\\/\\\/static.purejewels.com\\\/wp-content\\\/uploads\\\/2023\\\/09\\\/SKU-45860.jpg\",\"width\":1000,\"height\":1000,\"caption\":\"White Gold Eternity Diamond Ring UK\"},{\"@type\":\"BreadcrumbList\",\"@id\":\"https:\\\/\\\/www.purejewels.com\\\/product\\\/white-gold-eternity-diamond-band-uk-45860\\\/#breadcrumb\",\"itemListElement\":[{\"@type\":\"ListItem\",\"position\":1,\"name\":\"Home\",\"item\":\"https:\\\/\\\/www.purejewels.com\\\/\"},{\"@type\":\"ListItem\",\"position\":2,\"name\":\"Shop\",\"item\":\"https:\\\/\\\/www.purejewels.com\\\/shop\\\/\"},{\"@type\":\"ListItem\",\"position\":3,\"name\":\"Half Eternity Diamond Ring in 18ct White Gold\"}]},{\"@type\":\"WebSite\",\"@id\":\"https:\\\/\\\/www.purejewels.com\\\/#website\",\"url\":\"https:\\\/\\\/www.purejewels.com\\\/\",\"name\":\"PureJewels UK\",\"description\":\"Share the Love\",\"publisher\":{\"@id\":\"https:\\\/\\\/www.purejewels.com\\\/#organization\"},\"potentialAction\":[{\"@type\":\"SearchAction\",\"target\":{\"@type\":\"EntryPoint\",\"urlTemplate\":\"https:\\\/\\\/www.purejewels.com\\\/?s={search_term_string}\"},\"query-input\":{\"@type\":\"PropertyValueSpecification\",\"valueRequired\":true,\"valueName\":\"search_term_string\"}}],\"inLanguage\":\"tr\"},{\"@type\":\"Organization\",\"@id\":\"https:\\\/\\\/www.purejewels.com\\\/#organization\",\"name\":\"PureJewels UK\",\"url\":\"https:\\\/\\\/www.purejewels.com\\\/\",\"logo\":{\"@type\":\"ImageObject\",\"inLanguage\":\"tr\",\"@id\":\"https:\\\/\\\/www.purejewels.com\\\/#\\\/schema\\\/logo\\\/image\\\/\",\"url\":\"https:\\\/\\\/static.purejewels.com\\\/wp-content\\\/uploads\\\/2020\\\/11\\\/Logo-PJ-New-1.png\",\"contentUrl\":\"https:\\\/\\\/static.purejewels.com\\\/wp-content\\\/uploads\\\/2020\\\/11\\\/Logo-PJ-New-1.png\",\"width\":150,\"height\":80,\"caption\":\"PureJewels UK\"},\"image\":{\"@id\":\"https:\\\/\\\/www.purejewels.com\\\/#\\\/schema\\\/logo\\\/image\\\/\"}}]}<\/script>\n<!-- \/ Yoast SEO plugin. -->","yoast_head_json":{"title":"Beyaz Alt\u0131n Sonsuzluk P\u0131rlanta Y\u00fcz\u00fck \u0130ngiltere | PureJewels \u0130ngiltere","description":"Bu \u00e7arp\u0131c\u0131 18 ayar beyaz alt\u0131n sonsuzluk p\u0131rlanta y\u00fcz\u00fck, d\u00fc\u011f\u00fcn g\u00fcn\u00fcn\u00fczde a\u015fk\u0131n\u0131z\u0131 ve ba\u011fl\u0131l\u0131\u011f\u0131n\u0131z\u0131 g\u00f6stermenin m\u00fckemmel bir yoludur. Bu y\u00fcz\u00fc\u011f\u00fc bug\u00fcn online sat\u0131n al\u0131n!","robots":{"index":"index","follow":"follow","max-snippet":"max-snippet:-1","max-image-preview":"max-image-preview:large","max-video-preview":"max-video-preview:-1"},"canonical":"https:\/\/www.purejewels.com\/tr\/urun\/beyaz-altin-sonsuzluk-pirlanta-bant-uk-45860\/","og_locale":"tr_TR","og_type":"article","og_title":"White Gold Eternity Diamond Ring UK | PureJewels UK","og_description":"This stunning 18ct white gold eternity diamond ring is the perfect way to show your love and commitment on your wedding day. Buy this band online today!","og_url":"https:\/\/www.purejewels.com\/tr\/urun\/beyaz-altin-sonsuzluk-pirlanta-bant-uk-45860\/","og_site_name":"PureJewels UK","article_modified_time":"2026-02-20T09:36:29+00:00","og_image":[{"width":1000,"height":1000,"url":"https:\/\/static.purejewels.com\/wp-content\/uploads\/2023\/09\/SKU-45860.jpg","type":"image\/jpeg"}],"twitter_card":"summary_large_image","twitter_misc":{"Tahmini okuma s\u00fcresi":"1 dakika"},"schema":{"@context":"https:\/\/schema.org","@graph":[{"@type":["WebPage","ItemPage"],"@id":"https:\/\/www.purejewels.com\/product\/white-gold-eternity-diamond-band-uk-45860\/","url":"https:\/\/www.purejewels.com\/product\/white-gold-eternity-diamond-band-uk-45860\/","name":"Beyaz Alt\u0131n Sonsuzluk P\u0131rlanta Y\u00fcz\u00fck \u0130ngiltere | PureJewels \u0130ngiltere","isPartOf":{"@id":"https:\/\/www.purejewels.com\/#website"},"primaryImageOfPage":{"@id":"https:\/\/www.purejewels.com\/product\/white-gold-eternity-diamond-band-uk-45860\/#primaryimage"},"image":{"@id":"https:\/\/www.purejewels.com\/product\/white-gold-eternity-diamond-band-uk-45860\/#primaryimage"},"thumbnailUrl":"https:\/\/static.purejewels.com\/wp-content\/uploads\/2023\/09\/SKU-45860.jpg","datePublished":"2023-09-07T04:13:49+00:00","dateModified":"2026-02-20T09:36:29+00:00","description":"Bu \u00e7arp\u0131c\u0131 18 ayar beyaz alt\u0131n sonsuzluk p\u0131rlanta y\u00fcz\u00fck, d\u00fc\u011f\u00fcn g\u00fcn\u00fcn\u00fczde a\u015fk\u0131n\u0131z\u0131 ve ba\u011fl\u0131l\u0131\u011f\u0131n\u0131z\u0131 g\u00f6stermenin m\u00fckemmel bir yoludur. Bu y\u00fcz\u00fc\u011f\u00fc bug\u00fcn online sat\u0131n al\u0131n!","breadcrumb":{"@id":"https:\/\/www.purejewels.com\/product\/white-gold-eternity-diamond-band-uk-45860\/#breadcrumb"},"inLanguage":"tr","potentialAction":[{"@type":"ReadAction","target":["https:\/\/www.purejewels.com\/product\/white-gold-eternity-diamond-band-uk-45860\/"]}]},{"@type":"ImageObject","inLanguage":"tr","@id":"https:\/\/www.purejewels.com\/product\/white-gold-eternity-diamond-band-uk-45860\/#primaryimage","url":"https:\/\/static.purejewels.com\/wp-content\/uploads\/2023\/09\/SKU-45860.jpg","contentUrl":"https:\/\/static.purejewels.com\/wp-content\/uploads\/2023\/09\/SKU-45860.jpg","width":1000,"height":1000,"caption":"White Gold Eternity Diamond Ring UK"},{"@type":"BreadcrumbList","@id":"https:\/\/www.purejewels.com\/product\/white-gold-eternity-diamond-band-uk-45860\/#breadcrumb","itemListElement":[{"@type":"ListItem","position":1,"name":"Home","item":"https:\/\/www.purejewels.com\/"},{"@type":"ListItem","position":2,"name":"Shop","item":"https:\/\/www.purejewels.com\/shop\/"},{"@type":"ListItem","position":3,"name":"Half Eternity Diamond Ring in 18ct White Gold"}]},{"@type":"WebSite","@id":"https:\/\/www.purejewels.com\/#website","url":"https:\/\/www.purejewels.com\/","name":"PureJewels \u0130ngiltere","description":"Sevgiyi Payla\u015f\u0131n","publisher":{"@id":"https:\/\/www.purejewels.com\/#organization"},"potentialAction":[{"@type":"SearchAction","target":{"@type":"EntryPoint","urlTemplate":"https:\/\/www.purejewels.com\/?s={search_term_string}"},"query-input":{"@type":"PropertyValueSpecification","valueRequired":true,"valueName":"search_term_string"}}],"inLanguage":"tr"},{"@type":"Organization","@id":"https:\/\/www.purejewels.com\/#organization","name":"PureJewels \u0130ngiltere","url":"https:\/\/www.purejewels.com\/","logo":{"@type":"ImageObject","inLanguage":"tr","@id":"https:\/\/www.purejewels.com\/#\/schema\/logo\/image\/","url":"https:\/\/static.purejewels.com\/wp-content\/uploads\/2020\/11\/Logo-PJ-New-1.png","contentUrl":"https:\/\/static.purejewels.com\/wp-content\/uploads\/2020\/11\/Logo-PJ-New-1.png","width":150,"height":80,"caption":"PureJewels UK"},"image":{"@id":"https:\/\/www.purejewels.com\/#\/schema\/logo\/image\/"}}]}},"_links":{"self":[{"href":"https:\/\/www.purejewels.com\/tr\/wp-json\/wp\/v2\/product\/350893","targetHints":{"allow":["GET"]}}],"collection":[{"href":"https:\/\/www.purejewels.com\/tr\/wp-json\/wp\/v2\/product"}],"about":[{"href":"https:\/\/www.purejewels.com\/tr\/wp-json\/wp\/v2\/types\/product"}],"replies":[{"embeddable":true,"href":"https:\/\/www.purejewels.com\/tr\/wp-json\/wp\/v2\/comments?post=350893"}],"version-history":[{"count":3,"href":"https:\/\/www.purejewels.com\/tr\/wp-json\/wp\/v2\/product\/350893\/revisions"}],"predecessor-version":[{"id":422842,"href":"https:\/\/www.purejewels.com\/tr\/wp-json\/wp\/v2\/product\/350893\/revisions\/422842"}],"wp:featuredmedia":[{"embeddable":true,"href":"https:\/\/www.purejewels.com\/tr\/wp-json\/wp\/v2\/media\/351068"}],"wp:attachment":[{"href":"https:\/\/www.purejewels.com\/tr\/wp-json\/wp\/v2\/media?parent=350893"}],"wp:term":[{"taxonomy":"product_brand","embeddable":true,"href":"https:\/\/www.purejewels.com\/tr\/wp-json\/wp\/v2\/product_brand?post=350893"},{"taxonomy":"product_cat","embeddable":true,"href":"https:\/\/www.purejewels.com\/tr\/wp-json\/wp\/v2\/product_cat?post=350893"},{"taxonomy":"product_tag","embeddable":true,"href":"https:\/\/www.purejewels.com\/tr\/wp-json\/wp\/v2\/product_tag?post=350893"}],"curies":[{"name":"wp","href":"https:\/\/api.w.org\/{rel}","templated":true}]}}