{"id":3510,"date":"2017-07-19T13:14:18","date_gmt":"2017-07-19T12:14:18","guid":{"rendered":"http:\/\/new.purejewels.com\/product\/rado-ceramica-r21711022\/"},"modified":"2022-05-20T13:54:32","modified_gmt":"2022-05-20T12:54:32","slug":"rado-ceramica-r21711022","status":"publish","type":"product","link":"https:\/\/www.purejewels.com\/tr\/product\/rado-ceramica-r21711022\/","title":{"rendered":"Rado Ceramica Bayan Saat"},"content":{"rendered":"<p>Rado Ceramica Bayan Saat<\/p>\n<p>&nbsp;<\/p>\n<p>&nbsp;<\/p>\n<p>&nbsp;<\/p>\n<ul>\n<li style=\"list-style-type: none;\"><\/li>\n<\/ul>\n<h2><\/h2>\n<p>&nbsp;<\/p>\n<p>&nbsp;<\/p>\n<h2><\/h2>\n<p>&nbsp;<\/p>\n<p>&nbsp;<\/p>","protected":false},"excerpt":{"rendered":"<p>Rado Ceramica'y\u0131 bile\u011finize takt\u0131\u011f\u0131n\u0131zda iltifatlara haz\u0131r olun. Bu \u00e7arp\u0131c\u0131 saat onlarca y\u0131ld\u0131r piyasada olmas\u0131na ra\u011fmen her zaman fark yarat\u0131yor. Rado Ceramica, 1990 y\u0131l\u0131nda bir yenilik s\u0131\u00e7ramas\u0131yla piyasaya s\u00fcr\u00fclen bir tasar\u0131m ikonudur.  Y\u00fcksek teknolojili seramikten \u00fcretilen diki\u015fsiz kasa ve bilezik son derece sa\u011flamd\u0131r ve neredeyse tamamen \u00e7izilmezdir.  Minimalist g\u00f6r\u00fcn\u00fcm zarif, g\u00fcvenilir bir saat kadran\u0131 ile tamamlan\u0131r: Rado Ceramica size zaman\u0131 inan\u0131lmaz bir tarzda g\u00f6sterir.<\/p>\n<h2>Hareket:<\/h2>\n<p>Kuvars<br \/>\nBilezik: Y\u00fcksek teknoloji seramik<br \/>\nKadran: I\u015f\u0131k<br \/>\nKristal: Safir Kristal<br \/>\nSu ge\u00e7irmezlik: 3bar (30m)<br \/>\nModel Numaras\u0131: R21711022<br \/>\nReferans Numaras\u0131: 01.152.0711.3.002<\/p>\n<p>En yeni Rado Ceramica saat koleksiyonumuzu ke\u015ffetmek i\u00e7in bizimle ileti\u015fime ge\u00e7in \/ whatsapp \u00fczerinden sohbet edin.<\/p>\n<h2><strong>Rado Ceramica'y\u0131 deneyin...<br \/>\n<\/strong><\/h2>\n<p>\u00dcnl\u00fc bir mirasa sahip bir tasar\u0131m ikonudur.  Rado Ceramica, saat koleksiyoncular\u0131 ve moday\u0131 yak\u0131ndan takip edenler taraf\u0131ndan \u00e7ok sevilir.  Arad\u0131\u011f\u0131n\u0131z saat bu olabilir mi?  Gelin ve Rado Ceramica'y\u0131 kendiniz ke\u015ffedin.  PureJewels'te onlarca y\u0131ld\u0131r Rado saatleri sat\u0131yoruz - bu nedenle size bu saat hakk\u0131nda d\u00fcr\u00fcst bir de\u011ferlendirme yapabilir ve se\u00e7enekleri de\u011ferlendirmenize yard\u0131mc\u0131 olabiliriz.<\/p>\n<p>Peki bu saatin nesini seviyoruz?  Rado'nun kusursuz saat yap\u0131mc\u0131l\u0131\u011f\u0131 referanslar\u0131, bu saatin uzun ve g\u00fcvenilir bir \u00f6mre sahip olaca\u011f\u0131n\u0131n garantisini verir.  \u0130svi\u00e7re mekanizmas\u0131, art\u0131k efsanele\u015fmi\u015f bir saat tasar\u0131m\u0131n\u0131n i\u00e7ine yerle\u015ftirilmi\u015ftir.  Kusursuz ve \u015f\u0131k Rado Ceramica, 1980'lerde havac\u0131l\u0131kta kullan\u0131lan y\u00fcksek teknolojili serami\u011fi g\u00f6stermek i\u00e7in tasarland\u0131.  Rado'nun \u00e7izilmez bir saat elde etme aray\u0131\u015f\u0131ndaki en son yenilikti ve i\u015fe yarad\u0131.   Bu \u00e7arp\u0131c\u0131, ince saat, \u00e7izilmelere kar\u015f\u0131 g\u00fc\u00e7l\u00fc ve parlamaya kar\u015f\u0131 korumal\u0131 safir kristal bir y\u00fczle tamamlanm\u0131\u015ft\u0131r.  Bu, g\u00fcvenmeyi sevece\u011finiz, tatmin edici derecede g\u00fczel ve i\u015flevsel bir saattir.<\/p>\n<h2><strong>Rado Ceramica Alt\u0131n<\/strong><\/h2>\n<p>Rado Ceramica Gold da y\u00fcksek teknolojili seramikten \u00fcretilmi\u015ftir.  Y\u00fcksek s\u0131cakl\u0131ktaki f\u0131r\u0131nlama, saate som alt\u0131n g\u00f6r\u00fcn\u00fcm\u00fc veren parlak bir metalik \u0131\u015f\u0131lt\u0131 \u00fcretir.  PureJewels'ten sipari\u015f edilebilir - Rado Ceramica Gold hakk\u0131nda bilgi almak i\u00e7in l\u00fctfen Canl\u0131 Sohbet'i a\u00e7\u0131n.<\/p>\n<p>&nbsp;<\/p>","protected":false},"featured_media":3511,"comment_status":"closed","ping_status":"closed","template":"","meta":{"_eb_attr":"","_crsspst_to_jayantr4sg-hostcom":false},"product_brand":[],"product_cat":[1788],"product_tag":[],"class_list":{"0":"post-3510","1":"product","2":"type-product","3":"status-publish","4":"has-post-thumbnail","6":"product_cat-ladies-watches","8":"first","9":"outofstock","10":"sale","11":"taxable","12":"shipping-taxable","13":"product-type-simple","14":"add-to-wishlist-before_image"},"yoast_head":"<!-- This site is optimized with the Yoast SEO plugin v27.3 - https:\/\/yoast.com\/product\/yoast-seo-wordpress\/ -->\n<title>Rado Ceramica Ladies Watch - PureJewels UK<\/title>\n<meta name=\"robots\" content=\"noindex, follow\" \/>\n<meta property=\"og:locale\" content=\"tr_TR\" \/>\n<meta property=\"og:type\" content=\"article\" \/>\n<meta property=\"og:title\" content=\"Rado Ceramica Ladies Watch - PureJewels UK\" \/>\n<meta property=\"og:description\" content=\"Prepare for compliments when you wear the Rado Ceramica on your wrist. This arresting watch has been around for decades, but always makes a statement. It\u2019s a design icon that launched in 1990 in a splash of innovation.\u00a0 Cast in high-tech ceramic, the seamless case and bracelet are immensely robust and almost completely scratchproof.\u00a0 The minimalist look is completed with an elegant, dependable watch dial: the Rado Ceramica tells you the time in incredible style. Movement: Quartz Bracelet: High-tech ceramic Dial: Light Crystal: Sapphire Crystal Water Resistance: 3bar (30m) Model Number: R21711022 Reference Number: 01.152.0711.3.002  Contact us \/ chat with us on whatsapp to explore our latest collection of Rado Ceramica watches. Try on the Rado Ceramica\u2026  It\u2019s a design icon with illustrious heritage.\u00a0 The Rado Ceramica is coveted by watch collectors and fashion insiders.\u00a0 Could it be the watch you\u2019re looking for?\u00a0 Come in and discover the Rado Ceramica yourself.\u00a0 At PureJewels we\u2019ve been selling Rado watches for decades \u2013 so we can give you an honest appraisal of this watch, and help you to weigh up the options.  So what do we love about this watch?\u00a0 Rado\u2019s impeccable watchmaking credentials give you an assurance of this watch\u2019s long, reliable life.\u00a0 The Swiss movement is encased inside a now-legendary watch design.\u00a0 Seamless and slick, the Rado Ceramica was conceived in the 1980s to show off aeronautic high-tech ceramic.\u00a0 It was the latest innovation in Rado\u2019s quest to achieve a scratchproof watch, and it worked.\u00a0\u00a0 This striking, slender watch is finished with a sapphire crystal face \u2013 strong against scratches and protected against glare.\u00a0 It\u2019s a satisfyingly beautiful and functional watch that you\u2019ll love to depend on. Rado Ceramica Gold The Rado Ceramica Gold is also cast in high-tech ceramic.\u00a0 The high temperature of firing produces a lustrous metallic gleam, giving the watch the look of solid gold.\u00a0 It\u2019s available to order from PureJewels \u2013 please open Live Chat to enquire about the Rado Ceramica Gold.  &nbsp;\" \/>\n<meta property=\"og:url\" content=\"https:\/\/www.purejewels.com\/tr\/urun\/rado-ceramica-r21711022\/\" \/>\n<meta property=\"og:site_name\" content=\"PureJewels UK\" \/>\n<meta property=\"article:modified_time\" content=\"2022-05-20T12:54:32+00:00\" \/>\n<meta property=\"og:image\" content=\"https:\/\/www.purejewels.com\/wp-content\/uploads\/2017\/07\/r21711022.png\" \/>\n\t<meta property=\"og:image:width\" content=\"1100\" \/>\n\t<meta property=\"og:image:height\" content=\"1100\" \/>\n\t<meta property=\"og:image:type\" content=\"image\/png\" \/>\n<meta name=\"twitter:card\" content=\"summary_large_image\" \/>\n<meta name=\"twitter:label1\" content=\"Tahmini okuma s\u00fcresi\" \/>\n\t<meta name=\"twitter:data1\" content=\"1 dakika\" \/>\n<script type=\"application\/ld+json\" class=\"yoast-schema-graph\">{\"@context\":\"https:\\\/\\\/schema.org\",\"@graph\":[{\"@type\":[\"WebPage\",\"ItemPage\"],\"@id\":\"https:\\\/\\\/www.purejewels.com\\\/product\\\/rado-ceramica-r21711022\\\/\",\"url\":\"https:\\\/\\\/www.purejewels.com\\\/product\\\/rado-ceramica-r21711022\\\/\",\"name\":\"Rado Ceramica Ladies Watch - PureJewels UK\",\"isPartOf\":{\"@id\":\"https:\\\/\\\/www.purejewels.com\\\/#website\"},\"primaryImageOfPage\":{\"@id\":\"https:\\\/\\\/www.purejewels.com\\\/product\\\/rado-ceramica-r21711022\\\/#primaryimage\"},\"image\":{\"@id\":\"https:\\\/\\\/www.purejewels.com\\\/product\\\/rado-ceramica-r21711022\\\/#primaryimage\"},\"thumbnailUrl\":\"https:\\\/\\\/static.purejewels.com\\\/wp-content\\\/uploads\\\/2017\\\/07\\\/r21711022.png\",\"datePublished\":\"2017-07-19T12:14:18+00:00\",\"dateModified\":\"2022-05-20T12:54:32+00:00\",\"breadcrumb\":{\"@id\":\"https:\\\/\\\/www.purejewels.com\\\/product\\\/rado-ceramica-r21711022\\\/#breadcrumb\"},\"inLanguage\":\"tr\",\"potentialAction\":[{\"@type\":\"ReadAction\",\"target\":[\"https:\\\/\\\/www.purejewels.com\\\/product\\\/rado-ceramica-r21711022\\\/\"]}]},{\"@type\":\"ImageObject\",\"inLanguage\":\"tr\",\"@id\":\"https:\\\/\\\/www.purejewels.com\\\/product\\\/rado-ceramica-r21711022\\\/#primaryimage\",\"url\":\"https:\\\/\\\/static.purejewels.com\\\/wp-content\\\/uploads\\\/2017\\\/07\\\/r21711022.png\",\"contentUrl\":\"https:\\\/\\\/static.purejewels.com\\\/wp-content\\\/uploads\\\/2017\\\/07\\\/r21711022.png\",\"width\":1100,\"height\":1100,\"caption\":\"r21711022.png\"},{\"@type\":\"BreadcrumbList\",\"@id\":\"https:\\\/\\\/www.purejewels.com\\\/product\\\/rado-ceramica-r21711022\\\/#breadcrumb\",\"itemListElement\":[{\"@type\":\"ListItem\",\"position\":1,\"name\":\"Home\",\"item\":\"https:\\\/\\\/www.purejewels.com\\\/\"},{\"@type\":\"ListItem\",\"position\":2,\"name\":\"Shop\",\"item\":\"https:\\\/\\\/www.purejewels.com\\\/shop\\\/\"},{\"@type\":\"ListItem\",\"position\":3,\"name\":\"Rado Ceramica Ladies Watch\"}]},{\"@type\":\"WebSite\",\"@id\":\"https:\\\/\\\/www.purejewels.com\\\/#website\",\"url\":\"https:\\\/\\\/www.purejewels.com\\\/\",\"name\":\"PureJewels UK\",\"description\":\"Share the Love\",\"publisher\":{\"@id\":\"https:\\\/\\\/www.purejewels.com\\\/#organization\"},\"potentialAction\":[{\"@type\":\"SearchAction\",\"target\":{\"@type\":\"EntryPoint\",\"urlTemplate\":\"https:\\\/\\\/www.purejewels.com\\\/?s={search_term_string}\"},\"query-input\":{\"@type\":\"PropertyValueSpecification\",\"valueRequired\":true,\"valueName\":\"search_term_string\"}}],\"inLanguage\":\"tr\"},{\"@type\":\"Organization\",\"@id\":\"https:\\\/\\\/www.purejewels.com\\\/#organization\",\"name\":\"PureJewels UK\",\"url\":\"https:\\\/\\\/www.purejewels.com\\\/\",\"logo\":{\"@type\":\"ImageObject\",\"inLanguage\":\"tr\",\"@id\":\"https:\\\/\\\/www.purejewels.com\\\/#\\\/schema\\\/logo\\\/image\\\/\",\"url\":\"https:\\\/\\\/static.purejewels.com\\\/wp-content\\\/uploads\\\/2020\\\/11\\\/Logo-PJ-New-1.png\",\"contentUrl\":\"https:\\\/\\\/static.purejewels.com\\\/wp-content\\\/uploads\\\/2020\\\/11\\\/Logo-PJ-New-1.png\",\"width\":150,\"height\":80,\"caption\":\"PureJewels UK\"},\"image\":{\"@id\":\"https:\\\/\\\/www.purejewels.com\\\/#\\\/schema\\\/logo\\\/image\\\/\"}}]}<\/script>\n<!-- \/ Yoast SEO plugin. -->","yoast_head_json":{"title":"Rado Ceramica Bayan Saat - PureJewels UK","robots":{"index":"noindex","follow":"follow"},"og_locale":"tr_TR","og_type":"article","og_title":"Rado Ceramica Ladies Watch - PureJewels UK","og_description":"Prepare for compliments when you wear the Rado Ceramica on your wrist. This arresting watch has been around for decades, but always makes a statement. It\u2019s a design icon that launched in 1990 in a splash of innovation.\u00a0 Cast in high-tech ceramic, the seamless case and bracelet are immensely robust and almost completely scratchproof.\u00a0 The minimalist look is completed with an elegant, dependable watch dial: the Rado Ceramica tells you the time in incredible style. Movement: Quartz Bracelet: High-tech ceramic Dial: Light Crystal: Sapphire Crystal Water Resistance: 3bar (30m) Model Number: R21711022 Reference Number: 01.152.0711.3.002  Contact us \/ chat with us on whatsapp to explore our latest collection of Rado Ceramica watches. Try on the Rado Ceramica\u2026  It\u2019s a design icon with illustrious heritage.\u00a0 The Rado Ceramica is coveted by watch collectors and fashion insiders.\u00a0 Could it be the watch you\u2019re looking for?\u00a0 Come in and discover the Rado Ceramica yourself.\u00a0 At PureJewels we\u2019ve been selling Rado watches for decades \u2013 so we can give you an honest appraisal of this watch, and help you to weigh up the options.  So what do we love about this watch?\u00a0 Rado\u2019s impeccable watchmaking credentials give you an assurance of this watch\u2019s long, reliable life.\u00a0 The Swiss movement is encased inside a now-legendary watch design.\u00a0 Seamless and slick, the Rado Ceramica was conceived in the 1980s to show off aeronautic high-tech ceramic.\u00a0 It was the latest innovation in Rado\u2019s quest to achieve a scratchproof watch, and it worked.\u00a0\u00a0 This striking, slender watch is finished with a sapphire crystal face \u2013 strong against scratches and protected against glare.\u00a0 It\u2019s a satisfyingly beautiful and functional watch that you\u2019ll love to depend on. Rado Ceramica Gold The Rado Ceramica Gold is also cast in high-tech ceramic.\u00a0 The high temperature of firing produces a lustrous metallic gleam, giving the watch the look of solid gold.\u00a0 It\u2019s available to order from PureJewels \u2013 please open Live Chat to enquire about the Rado Ceramica Gold.  &nbsp;","og_url":"https:\/\/www.purejewels.com\/tr\/urun\/rado-ceramica-r21711022\/","og_site_name":"PureJewels UK","article_modified_time":"2022-05-20T12:54:32+00:00","og_image":[{"width":1100,"height":1100,"url":"https:\/\/www.purejewels.com\/wp-content\/uploads\/2017\/07\/r21711022.png","type":"image\/png"}],"twitter_card":"summary_large_image","twitter_misc":{"Tahmini okuma s\u00fcresi":"1 dakika"},"schema":{"@context":"https:\/\/schema.org","@graph":[{"@type":["WebPage","ItemPage"],"@id":"https:\/\/www.purejewels.com\/product\/rado-ceramica-r21711022\/","url":"https:\/\/www.purejewels.com\/product\/rado-ceramica-r21711022\/","name":"Rado Ceramica Bayan Saat - PureJewels UK","isPartOf":{"@id":"https:\/\/www.purejewels.com\/#website"},"primaryImageOfPage":{"@id":"https:\/\/www.purejewels.com\/product\/rado-ceramica-r21711022\/#primaryimage"},"image":{"@id":"https:\/\/www.purejewels.com\/product\/rado-ceramica-r21711022\/#primaryimage"},"thumbnailUrl":"https:\/\/static.purejewels.com\/wp-content\/uploads\/2017\/07\/r21711022.png","datePublished":"2017-07-19T12:14:18+00:00","dateModified":"2022-05-20T12:54:32+00:00","breadcrumb":{"@id":"https:\/\/www.purejewels.com\/product\/rado-ceramica-r21711022\/#breadcrumb"},"inLanguage":"tr","potentialAction":[{"@type":"ReadAction","target":["https:\/\/www.purejewels.com\/product\/rado-ceramica-r21711022\/"]}]},{"@type":"ImageObject","inLanguage":"tr","@id":"https:\/\/www.purejewels.com\/product\/rado-ceramica-r21711022\/#primaryimage","url":"https:\/\/static.purejewels.com\/wp-content\/uploads\/2017\/07\/r21711022.png","contentUrl":"https:\/\/static.purejewels.com\/wp-content\/uploads\/2017\/07\/r21711022.png","width":1100,"height":1100,"caption":"r21711022.png"},{"@type":"BreadcrumbList","@id":"https:\/\/www.purejewels.com\/product\/rado-ceramica-r21711022\/#breadcrumb","itemListElement":[{"@type":"ListItem","position":1,"name":"Home","item":"https:\/\/www.purejewels.com\/"},{"@type":"ListItem","position":2,"name":"Shop","item":"https:\/\/www.purejewels.com\/shop\/"},{"@type":"ListItem","position":3,"name":"Rado Ceramica Ladies Watch"}]},{"@type":"WebSite","@id":"https:\/\/www.purejewels.com\/#website","url":"https:\/\/www.purejewels.com\/","name":"PureJewels \u0130ngiltere","description":"Sevgiyi Payla\u015f\u0131n","publisher":{"@id":"https:\/\/www.purejewels.com\/#organization"},"potentialAction":[{"@type":"SearchAction","target":{"@type":"EntryPoint","urlTemplate":"https:\/\/www.purejewels.com\/?s={search_term_string}"},"query-input":{"@type":"PropertyValueSpecification","valueRequired":true,"valueName":"search_term_string"}}],"inLanguage":"tr"},{"@type":"Organization","@id":"https:\/\/www.purejewels.com\/#organization","name":"PureJewels \u0130ngiltere","url":"https:\/\/www.purejewels.com\/","logo":{"@type":"ImageObject","inLanguage":"tr","@id":"https:\/\/www.purejewels.com\/#\/schema\/logo\/image\/","url":"https:\/\/static.purejewels.com\/wp-content\/uploads\/2020\/11\/Logo-PJ-New-1.png","contentUrl":"https:\/\/static.purejewels.com\/wp-content\/uploads\/2020\/11\/Logo-PJ-New-1.png","width":150,"height":80,"caption":"PureJewels UK"},"image":{"@id":"https:\/\/www.purejewels.com\/#\/schema\/logo\/image\/"}}]}},"_links":{"self":[{"href":"https:\/\/www.purejewels.com\/tr\/wp-json\/wp\/v2\/product\/3510","targetHints":{"allow":["GET"]}}],"collection":[{"href":"https:\/\/www.purejewels.com\/tr\/wp-json\/wp\/v2\/product"}],"about":[{"href":"https:\/\/www.purejewels.com\/tr\/wp-json\/wp\/v2\/types\/product"}],"replies":[{"embeddable":true,"href":"https:\/\/www.purejewels.com\/tr\/wp-json\/wp\/v2\/comments?post=3510"}],"version-history":[{"count":0,"href":"https:\/\/www.purejewels.com\/tr\/wp-json\/wp\/v2\/product\/3510\/revisions"}],"wp:featuredmedia":[{"embeddable":true,"href":"https:\/\/www.purejewels.com\/tr\/wp-json\/wp\/v2\/media\/3511"}],"wp:attachment":[{"href":"https:\/\/www.purejewels.com\/tr\/wp-json\/wp\/v2\/media?parent=3510"}],"wp:term":[{"taxonomy":"product_brand","embeddable":true,"href":"https:\/\/www.purejewels.com\/tr\/wp-json\/wp\/v2\/product_brand?post=3510"},{"taxonomy":"product_cat","embeddable":true,"href":"https:\/\/www.purejewels.com\/tr\/wp-json\/wp\/v2\/product_cat?post=3510"},{"taxonomy":"product_tag","embeddable":true,"href":"https:\/\/www.purejewels.com\/tr\/wp-json\/wp\/v2\/product_tag?post=3510"}],"curies":[{"name":"wp","href":"https:\/\/api.w.org\/{rel}","templated":true}]}}